{"id":14097,"date":"2024-07-03T10:47:14","date_gmt":"2024-07-03T10:47:14","guid":{"rendered":"https:\/\/anivet.lt\/elparduotuve\/?post_type=product&#038;p=14097"},"modified":"2025-08-18T18:55:58","modified_gmt":"2025-08-18T18:55:58","slug":"iams-sausas-maistas-kastruotoms-katems-su-vistiena-2kg","status":"publish","type":"product","link":"https:\/\/anivet.lt\/elparduotuve\/produktas\/iams-sausas-maistas-kastruotoms-katems-su-vistiena-2kg\/","title":{"rendered":"IAMS sausas maistas kastruotoms kat\u0117ms su vi\u0161tiena 2kg"},"content":{"rendered":"<ul>\n<li style=\"font-weight: 400\"><span style=\"font-weight: 400\">Svorio kontrol\u0117: Sud\u0117tyje esantis L-karnitinas (100 mg\/kg) padeda reguliuoti svor\u012f, skatinant riebal\u0173 deginim\u0105.<\/span><\/li>\n<li style=\"font-weight: 400\"><span style=\"font-weight: 400\">Auk\u0161tos kokyb\u0117s baltymai: 84% gyvulini\u0173 baltym\u0173 i\u0161 bendro baltym\u0173 kiekio palaiko raumen\u0173 tonus\u0105 ir energij\u0105.<\/span><\/li>\n<li style=\"font-weight: 400\"><span style=\"font-weight: 400\">Sveika vir\u0161kinimo sistema: D\u017eiovintas runkeli\u0173 mink\u0161timas ir miel\u0117s palaiko ger\u0105 vir\u0161kinim\u0105 ir \u017earnyno sveikat\u0105.<\/span><\/li>\n<li style=\"font-weight: 400\"><span style=\"font-weight: 400\">Sveiki dantys ir kaulai: Kalcio ir fosforo balansas prisideda prie tvirt\u0173 kaul\u0173 ir dant\u0173 sveikatos.<\/span><\/li>\n<li style=\"font-weight: 400\"><span style=\"font-weight: 400\">Nat\u016bral\u016bs ingredientai: Be dirbtini\u0173 da\u017eikli\u0173 ir konservant\u0173, praturtintas vitaminais A, D ir E, kurie stiprina imunin\u0119 sistem\u0105.<\/span><\/li>\n<\/ul>\n<p><span style=\"font-weight: 400\">Tai gardus ir maistingas pa\u0161aras, u\u017etikrinantis, kad sterilizuotos kat\u0117s i\u0161likt\u0173 sveikos, energingos ir gyvybingos kiekvien\u0105 dien\u0105. Puikiai tinkantis kasdieniam naudojimui.<\/span><\/p>\n","protected":false},"excerpt":{"rendered":"<p><span style=\"font-weight: 400\">Subalansuotas sausas pa\u0161aras, specialiai sukurtas sterilizuotoms kat\u0117ms ir kat\u0117ms, linkusioms priaugti svorio. \u0160is pa\u0161aras su \u0161vie\u017eia vi\u0161tiena padeda valdyti svor\u012f, tuo pa\u010diu palaikant bendr\u0105 kat\u0117s sveikat\u0105 ir gyvybingum\u0105.<\/span><\/p>\n","protected":false},"featured_media":17757,"template":"","meta":[],"product_brand":[],"product_cat":[114,115,102,442],"product_tag":[],"class_list":{"0":"post-14097","1":"product","2":"type-product","3":"status-publish","4":"has-post-thumbnail","6":"product_cat-kaciu-maistas","7":"product_cat-sausas-maistas-ir-skanestai-katems","8":"product_cat-katems","9":"product_cat-iams-kaciu-maistas","10":"pa_prekinis-zenklas-iams","12":"first","13":"instock","14":"taxable","15":"shipping-taxable","16":"purchasable","17":"product-type-simple"},"yoast_head":"<!-- This site is optimized with the Yoast SEO Premium plugin v27.1 (Yoast SEO v27.5) - https:\/\/yoast.com\/product\/yoast-seo-premium-wordpress\/ -->\n<title>IAMS sausas maistas kastruotoms kat\u0117ms su vi\u0161tiena 2kg - anivet.lt<\/title>\n<meta name=\"description\" content=\"Subalansuotas sausas pa\u0161aras, specialiai sukurtas sterilizuotoms kat\u0117ms ir kat\u0117ms, linkusioms priaugti svorio. \u0160is pa\u0161aras su \u0161vie\u017eia vi\u0161tiena padeda valdyti svor\u012f, tuo pa\u010diu palaikant bendr\u0105 kat\u0117s sveikat\u0105 ir gyvybingum\u0105.\" \/>\n<meta name=\"robots\" content=\"index, follow, max-snippet:-1, max-image-preview:large, max-video-preview:-1\" \/>\n<link rel=\"canonical\" href=\"https:\/\/anivet.lt\/elparduotuve\/produktas\/iams-sausas-maistas-kastruotoms-katems-su-vistiena-2kg\/\" \/>\n<meta property=\"og:locale\" content=\"lt_LT\" \/>\n<meta property=\"og:type\" content=\"article\" \/>\n<meta property=\"og:title\" content=\"IAMS sausas maistas kastruotoms kat\u0117ms su vi\u0161tiena 2kg\" \/>\n<meta property=\"og:description\" content=\"Subalansuotas sausas pa\u0161aras, specialiai sukurtas sterilizuotoms kat\u0117ms ir kat\u0117ms, linkusioms priaugti svorio. \u0160is pa\u0161aras su \u0161vie\u017eia vi\u0161tiena padeda valdyti svor\u012f, tuo pa\u010diu palaikant bendr\u0105 kat\u0117s sveikat\u0105 ir gyvybingum\u0105.\" \/>\n<meta property=\"og:url\" content=\"https:\/\/anivet.lt\/elparduotuve\/produktas\/iams-sausas-maistas-kastruotoms-katems-su-vistiena-2kg\/\" \/>\n<meta property=\"og:site_name\" content=\"anivet.lt\" \/>\n<meta property=\"article:modified_time\" content=\"2025-08-18T18:55:58+00:00\" \/>\n<meta property=\"og:image\" content=\"https:\/\/anivet.lt\/elparduotuve\/wp-content\/uploads\/2024\/07\/IAMS-sausas-maistas-kastruotoms-katems-su-vistiena-2kg.jpg\" \/>\n\t<meta property=\"og:image:width\" content=\"650\" \/>\n\t<meta property=\"og:image:height\" content=\"650\" \/>\n\t<meta property=\"og:image:type\" content=\"image\/jpeg\" \/>\n<meta name=\"twitter:card\" content=\"summary_large_image\" \/>\n<meta name=\"twitter:label1\" content=\"Est. reading time\" \/>\n\t<meta name=\"twitter:data1\" content=\"1 minut\u0117\" \/>\n<script type=\"application\/ld+json\" class=\"yoast-schema-graph\">{\"@context\":\"https:\\\/\\\/schema.org\",\"@graph\":[{\"@type\":\"WebPage\",\"@id\":\"https:\\\/\\\/anivet.lt\\\/elparduotuve\\\/produktas\\\/iams-sausas-maistas-kastruotoms-katems-su-vistiena-2kg\\\/\",\"url\":\"https:\\\/\\\/anivet.lt\\\/elparduotuve\\\/produktas\\\/iams-sausas-maistas-kastruotoms-katems-su-vistiena-2kg\\\/\",\"name\":\"IAMS sausas maistas kastruotoms kat\u0117ms su vi\u0161tiena 2kg - anivet.lt\",\"isPartOf\":{\"@id\":\"https:\\\/\\\/anivet.lt\\\/elparduotuve\\\/#website\"},\"primaryImageOfPage\":{\"@id\":\"https:\\\/\\\/anivet.lt\\\/elparduotuve\\\/produktas\\\/iams-sausas-maistas-kastruotoms-katems-su-vistiena-2kg\\\/#primaryimage\"},\"image\":{\"@id\":\"https:\\\/\\\/anivet.lt\\\/elparduotuve\\\/produktas\\\/iams-sausas-maistas-kastruotoms-katems-su-vistiena-2kg\\\/#primaryimage\"},\"thumbnailUrl\":\"https:\\\/\\\/anivet.lt\\\/elparduotuve\\\/wp-content\\\/uploads\\\/2024\\\/07\\\/IAMS-sausas-maistas-kastruotoms-katems-su-vistiena-2kg.jpg\",\"datePublished\":\"2024-07-03T10:47:14+00:00\",\"dateModified\":\"2025-08-18T18:55:58+00:00\",\"description\":\"Subalansuotas sausas pa\u0161aras, specialiai sukurtas sterilizuotoms kat\u0117ms ir kat\u0117ms, linkusioms priaugti svorio. \u0160is pa\u0161aras su \u0161vie\u017eia vi\u0161tiena padeda valdyti svor\u012f, tuo pa\u010diu palaikant bendr\u0105 kat\u0117s sveikat\u0105 ir gyvybingum\u0105.\",\"breadcrumb\":{\"@id\":\"https:\\\/\\\/anivet.lt\\\/elparduotuve\\\/produktas\\\/iams-sausas-maistas-kastruotoms-katems-su-vistiena-2kg\\\/#breadcrumb\"},\"inLanguage\":\"lt-LT\",\"potentialAction\":[{\"@type\":\"ReadAction\",\"target\":[\"https:\\\/\\\/anivet.lt\\\/elparduotuve\\\/produktas\\\/iams-sausas-maistas-kastruotoms-katems-su-vistiena-2kg\\\/\"]}]},{\"@type\":\"ImageObject\",\"inLanguage\":\"lt-LT\",\"@id\":\"https:\\\/\\\/anivet.lt\\\/elparduotuve\\\/produktas\\\/iams-sausas-maistas-kastruotoms-katems-su-vistiena-2kg\\\/#primaryimage\",\"url\":\"https:\\\/\\\/anivet.lt\\\/elparduotuve\\\/wp-content\\\/uploads\\\/2024\\\/07\\\/IAMS-sausas-maistas-kastruotoms-katems-su-vistiena-2kg.jpg\",\"contentUrl\":\"https:\\\/\\\/anivet.lt\\\/elparduotuve\\\/wp-content\\\/uploads\\\/2024\\\/07\\\/IAMS-sausas-maistas-kastruotoms-katems-su-vistiena-2kg.jpg\",\"width\":650,\"height\":650,\"caption\":\"IAMS sausas maistas kastruotoms kat\u0117ms su vi\u0161tiena 2kg\"},{\"@type\":\"BreadcrumbList\",\"@id\":\"https:\\\/\\\/anivet.lt\\\/elparduotuve\\\/produktas\\\/iams-sausas-maistas-kastruotoms-katems-su-vistiena-2kg\\\/#breadcrumb\",\"itemListElement\":[{\"@type\":\"ListItem\",\"position\":1,\"name\":\"Home\",\"item\":\"https:\\\/\\\/anivet.lt\\\/elparduotuve\\\/\"},{\"@type\":\"ListItem\",\"position\":2,\"name\":\"Produktai\",\"item\":\"https:\\\/\\\/anivet.lt\\\/elparduotuve\\\/produktai\\\/\"},{\"@type\":\"ListItem\",\"position\":3,\"name\":\"IAMS sausas maistas kastruotoms kat\u0117ms su vi\u0161tiena 2kg\"}]},{\"@type\":\"WebSite\",\"@id\":\"https:\\\/\\\/anivet.lt\\\/elparduotuve\\\/#website\",\"url\":\"https:\\\/\\\/anivet.lt\\\/elparduotuve\\\/\",\"name\":\"anivet.lt\",\"description\":\"Viskas J\u016bs\u0173 \u0161uns, kat\u0117s prie\u017ei\u016brai\",\"publisher\":{\"@id\":\"https:\\\/\\\/anivet.lt\\\/elparduotuve\\\/#organization\"},\"alternateName\":\"Viskas J\u016bs\u0173 \u0161uns, kat\u0117s prie\u017ei\u016brai\",\"potentialAction\":[{\"@type\":\"SearchAction\",\"target\":{\"@type\":\"EntryPoint\",\"urlTemplate\":\"https:\\\/\\\/anivet.lt\\\/elparduotuve\\\/?s={search_term_string}\"},\"query-input\":{\"@type\":\"PropertyValueSpecification\",\"valueRequired\":true,\"valueName\":\"search_term_string\"}}],\"inLanguage\":\"lt-LT\"},{\"@type\":\"Organization\",\"@id\":\"https:\\\/\\\/anivet.lt\\\/elparduotuve\\\/#organization\",\"name\":\"Viskas J\u016bs\u0173 \u0161uns, kat\u0117s prie\u017ei\u016brai\",\"url\":\"https:\\\/\\\/anivet.lt\\\/elparduotuve\\\/\",\"logo\":{\"@type\":\"ImageObject\",\"inLanguage\":\"lt-LT\",\"@id\":\"https:\\\/\\\/anivet.lt\\\/elparduotuve\\\/#\\\/schema\\\/logo\\\/image\\\/\",\"url\":\"https:\\\/\\\/anivet.lt\\\/elparduotuve\\\/wp-content\\\/uploads\\\/2023\\\/06\\\/logo2.jpg\",\"contentUrl\":\"https:\\\/\\\/anivet.lt\\\/elparduotuve\\\/wp-content\\\/uploads\\\/2023\\\/06\\\/logo2.jpg\",\"width\":655,\"height\":194,\"caption\":\"Viskas J\u016bs\u0173 \u0161uns, kat\u0117s prie\u017ei\u016brai\"},\"image\":{\"@id\":\"https:\\\/\\\/anivet.lt\\\/elparduotuve\\\/#\\\/schema\\\/logo\\\/image\\\/\"}}]}<\/script>\n<!-- \/ Yoast SEO Premium plugin. -->","yoast_head_json":{"title":"IAMS sausas maistas kastruotoms kat\u0117ms su vi\u0161tiena 2kg - anivet.lt","description":"Subalansuotas sausas pa\u0161aras, specialiai sukurtas sterilizuotoms kat\u0117ms ir kat\u0117ms, linkusioms priaugti svorio. \u0160is pa\u0161aras su \u0161vie\u017eia vi\u0161tiena padeda valdyti svor\u012f, tuo pa\u010diu palaikant bendr\u0105 kat\u0117s sveikat\u0105 ir gyvybingum\u0105.","robots":{"index":"index","follow":"follow","max-snippet":"max-snippet:-1","max-image-preview":"max-image-preview:large","max-video-preview":"max-video-preview:-1"},"canonical":"https:\/\/anivet.lt\/elparduotuve\/produktas\/iams-sausas-maistas-kastruotoms-katems-su-vistiena-2kg\/","og_locale":"lt_LT","og_type":"article","og_title":"IAMS sausas maistas kastruotoms kat\u0117ms su vi\u0161tiena 2kg","og_description":"Subalansuotas sausas pa\u0161aras, specialiai sukurtas sterilizuotoms kat\u0117ms ir kat\u0117ms, linkusioms priaugti svorio. \u0160is pa\u0161aras su \u0161vie\u017eia vi\u0161tiena padeda valdyti svor\u012f, tuo pa\u010diu palaikant bendr\u0105 kat\u0117s sveikat\u0105 ir gyvybingum\u0105.","og_url":"https:\/\/anivet.lt\/elparduotuve\/produktas\/iams-sausas-maistas-kastruotoms-katems-su-vistiena-2kg\/","og_site_name":"anivet.lt","article_modified_time":"2025-08-18T18:55:58+00:00","og_image":[{"width":650,"height":650,"url":"https:\/\/anivet.lt\/elparduotuve\/wp-content\/uploads\/2024\/07\/IAMS-sausas-maistas-kastruotoms-katems-su-vistiena-2kg.jpg","type":"image\/jpeg"}],"twitter_card":"summary_large_image","twitter_misc":{"Est. reading time":"1 minut\u0117"},"schema":{"@context":"https:\/\/schema.org","@graph":[{"@type":"WebPage","@id":"https:\/\/anivet.lt\/elparduotuve\/produktas\/iams-sausas-maistas-kastruotoms-katems-su-vistiena-2kg\/","url":"https:\/\/anivet.lt\/elparduotuve\/produktas\/iams-sausas-maistas-kastruotoms-katems-su-vistiena-2kg\/","name":"IAMS sausas maistas kastruotoms kat\u0117ms su vi\u0161tiena 2kg - anivet.lt","isPartOf":{"@id":"https:\/\/anivet.lt\/elparduotuve\/#website"},"primaryImageOfPage":{"@id":"https:\/\/anivet.lt\/elparduotuve\/produktas\/iams-sausas-maistas-kastruotoms-katems-su-vistiena-2kg\/#primaryimage"},"image":{"@id":"https:\/\/anivet.lt\/elparduotuve\/produktas\/iams-sausas-maistas-kastruotoms-katems-su-vistiena-2kg\/#primaryimage"},"thumbnailUrl":"https:\/\/anivet.lt\/elparduotuve\/wp-content\/uploads\/2024\/07\/IAMS-sausas-maistas-kastruotoms-katems-su-vistiena-2kg.jpg","datePublished":"2024-07-03T10:47:14+00:00","dateModified":"2025-08-18T18:55:58+00:00","description":"Subalansuotas sausas pa\u0161aras, specialiai sukurtas sterilizuotoms kat\u0117ms ir kat\u0117ms, linkusioms priaugti svorio. \u0160is pa\u0161aras su \u0161vie\u017eia vi\u0161tiena padeda valdyti svor\u012f, tuo pa\u010diu palaikant bendr\u0105 kat\u0117s sveikat\u0105 ir gyvybingum\u0105.","breadcrumb":{"@id":"https:\/\/anivet.lt\/elparduotuve\/produktas\/iams-sausas-maistas-kastruotoms-katems-su-vistiena-2kg\/#breadcrumb"},"inLanguage":"lt-LT","potentialAction":[{"@type":"ReadAction","target":["https:\/\/anivet.lt\/elparduotuve\/produktas\/iams-sausas-maistas-kastruotoms-katems-su-vistiena-2kg\/"]}]},{"@type":"ImageObject","inLanguage":"lt-LT","@id":"https:\/\/anivet.lt\/elparduotuve\/produktas\/iams-sausas-maistas-kastruotoms-katems-su-vistiena-2kg\/#primaryimage","url":"https:\/\/anivet.lt\/elparduotuve\/wp-content\/uploads\/2024\/07\/IAMS-sausas-maistas-kastruotoms-katems-su-vistiena-2kg.jpg","contentUrl":"https:\/\/anivet.lt\/elparduotuve\/wp-content\/uploads\/2024\/07\/IAMS-sausas-maistas-kastruotoms-katems-su-vistiena-2kg.jpg","width":650,"height":650,"caption":"IAMS sausas maistas kastruotoms kat\u0117ms su vi\u0161tiena 2kg"},{"@type":"BreadcrumbList","@id":"https:\/\/anivet.lt\/elparduotuve\/produktas\/iams-sausas-maistas-kastruotoms-katems-su-vistiena-2kg\/#breadcrumb","itemListElement":[{"@type":"ListItem","position":1,"name":"Home","item":"https:\/\/anivet.lt\/elparduotuve\/"},{"@type":"ListItem","position":2,"name":"Produktai","item":"https:\/\/anivet.lt\/elparduotuve\/produktai\/"},{"@type":"ListItem","position":3,"name":"IAMS sausas maistas kastruotoms kat\u0117ms su vi\u0161tiena 2kg"}]},{"@type":"WebSite","@id":"https:\/\/anivet.lt\/elparduotuve\/#website","url":"https:\/\/anivet.lt\/elparduotuve\/","name":"anivet.lt","description":"Viskas J\u016bs\u0173 \u0161uns, kat\u0117s prie\u017ei\u016brai","publisher":{"@id":"https:\/\/anivet.lt\/elparduotuve\/#organization"},"alternateName":"Viskas J\u016bs\u0173 \u0161uns, kat\u0117s prie\u017ei\u016brai","potentialAction":[{"@type":"SearchAction","target":{"@type":"EntryPoint","urlTemplate":"https:\/\/anivet.lt\/elparduotuve\/?s={search_term_string}"},"query-input":{"@type":"PropertyValueSpecification","valueRequired":true,"valueName":"search_term_string"}}],"inLanguage":"lt-LT"},{"@type":"Organization","@id":"https:\/\/anivet.lt\/elparduotuve\/#organization","name":"Viskas J\u016bs\u0173 \u0161uns, kat\u0117s prie\u017ei\u016brai","url":"https:\/\/anivet.lt\/elparduotuve\/","logo":{"@type":"ImageObject","inLanguage":"lt-LT","@id":"https:\/\/anivet.lt\/elparduotuve\/#\/schema\/logo\/image\/","url":"https:\/\/anivet.lt\/elparduotuve\/wp-content\/uploads\/2023\/06\/logo2.jpg","contentUrl":"https:\/\/anivet.lt\/elparduotuve\/wp-content\/uploads\/2023\/06\/logo2.jpg","width":655,"height":194,"caption":"Viskas J\u016bs\u0173 \u0161uns, kat\u0117s prie\u017ei\u016brai"},"image":{"@id":"https:\/\/anivet.lt\/elparduotuve\/#\/schema\/logo\/image\/"}}]}},"_links":{"self":[{"href":"https:\/\/anivet.lt\/elparduotuve\/wp-json\/wp\/v2\/product\/14097","targetHints":{"allow":["GET"]}}],"collection":[{"href":"https:\/\/anivet.lt\/elparduotuve\/wp-json\/wp\/v2\/product"}],"about":[{"href":"https:\/\/anivet.lt\/elparduotuve\/wp-json\/wp\/v2\/types\/product"}],"wp:featuredmedia":[{"embeddable":true,"href":"https:\/\/anivet.lt\/elparduotuve\/wp-json\/wp\/v2\/media\/17757"}],"wp:attachment":[{"href":"https:\/\/anivet.lt\/elparduotuve\/wp-json\/wp\/v2\/media?parent=14097"}],"wp:term":[{"taxonomy":"product_brand","embeddable":true,"href":"https:\/\/anivet.lt\/elparduotuve\/wp-json\/wp\/v2\/product_brand?post=14097"},{"taxonomy":"product_cat","embeddable":true,"href":"https:\/\/anivet.lt\/elparduotuve\/wp-json\/wp\/v2\/product_cat?post=14097"},{"taxonomy":"product_tag","embeddable":true,"href":"https:\/\/anivet.lt\/elparduotuve\/wp-json\/wp\/v2\/product_tag?post=14097"}],"curies":[{"name":"wp","href":"https:\/\/api.w.org\/{rel}","templated":true}]}}