{"id":14099,"date":"2024-07-03T10:53:35","date_gmt":"2024-07-03T10:53:35","guid":{"rendered":"https:\/\/anivet.lt\/elparduotuve\/?post_type=product&#038;p=14099"},"modified":"2026-01-08T21:02:09","modified_gmt":"2026-01-08T21:02:09","slug":"iams-sausas-maistas-kastruotoms-katems-su-vistiena-10kg","status":"publish","type":"product","link":"https:\/\/anivet.lt\/elparduotuve\/produktas\/iams-sausas-maistas-kastruotoms-katems-su-vistiena-10kg\/","title":{"rendered":"IAMS sausas maistas kastruotoms kat\u0117ms su vi\u0161tiena 10kg"},"content":{"rendered":"<ul>\n<li style=\"font-weight: 400;\" aria-level=\"1\"><span style=\"font-weight: 400;\">Valdomas svoris: Subalansuota sud\u0117tis padeda palaikyti sveik\u0105 svor\u012f sterilizuotoms kat\u0117ms.<\/span><\/li>\n<li style=\"font-weight: 400;\" aria-level=\"1\"><span style=\"font-weight: 400;\">Auk\u0161tos kokyb\u0117s baltymai: Sud\u0117tyje yra 84% gyvulini\u0173 baltym\u0173 (i\u0161 bendro baltym\u0173), kurie palaiko raumen\u0173 mas\u0119.<\/span><\/li>\n<li style=\"font-weight: 400;\" aria-level=\"1\"><span style=\"font-weight: 400;\">Sveikam vir\u0161kinimui: D\u017eiovintas runkeli\u0173 mink\u0161timas u\u017etikrina tinkam\u0105 vir\u0161kinimo sistemos veikl\u0105.<\/span><\/li>\n<li style=\"font-weight: 400;\" aria-level=\"1\"><span style=\"font-weight: 400;\">Sveikai odai ir kailiui: \u017duv\u0173 taukai praturtinti omega riebal\u0173 r\u016bg\u0161timis, kurios palaiko odos ir kailio sveikat\u0105.<\/span><\/li>\n<li style=\"font-weight: 400;\" aria-level=\"1\"><span style=\"font-weight: 400;\">Sustiprintas imunitetas: Papildytas vitaminais A, D ir E, kurie padeda stiprinti nat\u016brali\u0105 organizmo apsaug\u0105.<\/span><\/li>\n<li style=\"font-weight: 400;\" aria-level=\"1\"><span style=\"font-weight: 400;\">Be dirbtini\u0173 pried\u0173: Sud\u0117tyje n\u0117ra da\u017eikli\u0173 ir konservant\u0173.<\/span><\/li>\n<\/ul>\n<p><span style=\"font-weight: 400;\">\u201eIAMS\u201d sausas maistas kastruotoms kat\u0117ms yra puikus pasirinkimas norint u\u017etikrinti subalansuot\u0105 ir sveik\u0105 mityb\u0105. D\u0117l auk\u0161tos kokyb\u0117s baltym\u0173 ir vitamin\u0173 \u0161is maistas padeda palaikyti J\u016bs\u0173 kat\u0117s gyvybingum\u0105, sveikat\u0105 ir ideal\u0173 k\u016bno svor\u012f.<\/span><\/p>\n","protected":false},"excerpt":{"rendered":"<p><span style=\"font-weight: 400;\">\u0160is sausas maistas, praturtintas \u0161vie\u017eia vi\u0161tiena, yra specialiai sukurtas sterilizuotoms arba linkusioms priaugti svorio kat\u0117ms. Jis padeda palaikyti kat\u0117s sveikat\u0105 ir energij\u0105, kartu u\u017etikrinant optimal\u0173 k\u016bno svor\u012f.<\/span><\/p>\n","protected":false},"featured_media":14100,"template":"","meta":[],"product_brand":[],"product_cat":[114,115,102,442],"product_tag":[],"class_list":{"0":"post-14099","1":"product","2":"type-product","3":"status-publish","4":"has-post-thumbnail","6":"product_cat-kaciu-maistas","7":"product_cat-sausas-maistas-ir-skanestai-katems","8":"product_cat-katems","9":"product_cat-iams-kaciu-maistas","10":"pa_prekinis-zenklas-iams","12":"first","13":"instock","14":"taxable","15":"shipping-taxable","16":"purchasable","17":"product-type-simple"},"yoast_head":"<!-- This site is optimized with the Yoast SEO Premium plugin v27.1 (Yoast SEO v27.5) - https:\/\/yoast.com\/product\/yoast-seo-premium-wordpress\/ -->\n<title>IAMS sausas maistas kastruotoms kat\u0117ms su vi\u0161tiena 10kg - anivet.lt<\/title>\n<meta name=\"description\" content=\"\u0160is sausas maistas, praturtintas \u0161vie\u017eia vi\u0161tiena, yra specialiai sukurtas sterilizuotoms arba linkusioms priaugti svorio kat\u0117ms. Jis padeda palaikyti kat\u0117s sveikat\u0105 ir energij\u0105, kartu u\u017etikrinant optimal\u0173 k\u016bno svor\u012f.\" \/>\n<meta name=\"robots\" content=\"index, follow, max-snippet:-1, max-image-preview:large, max-video-preview:-1\" \/>\n<link rel=\"canonical\" href=\"https:\/\/anivet.lt\/elparduotuve\/produktas\/iams-sausas-maistas-kastruotoms-katems-su-vistiena-10kg\/\" \/>\n<meta property=\"og:locale\" content=\"lt_LT\" \/>\n<meta property=\"og:type\" content=\"article\" \/>\n<meta property=\"og:title\" content=\"IAMS sausas maistas kastruotoms kat\u0117ms su vi\u0161tiena 10kg\" \/>\n<meta property=\"og:description\" content=\"\u0160is sausas maistas, praturtintas \u0161vie\u017eia vi\u0161tiena, yra specialiai sukurtas sterilizuotoms arba linkusioms priaugti svorio kat\u0117ms. Jis padeda palaikyti kat\u0117s sveikat\u0105 ir energij\u0105, kartu u\u017etikrinant optimal\u0173 k\u016bno svor\u012f.\" \/>\n<meta property=\"og:url\" content=\"https:\/\/anivet.lt\/elparduotuve\/produktas\/iams-sausas-maistas-kastruotoms-katems-su-vistiena-10kg\/\" \/>\n<meta property=\"og:site_name\" content=\"anivet.lt\" \/>\n<meta property=\"article:modified_time\" content=\"2026-01-08T21:02:09+00:00\" \/>\n<meta property=\"og:image\" content=\"https:\/\/anivet.lt\/elparduotuve\/wp-content\/uploads\/2024\/07\/IAMS-Sterilised-10kg.jpg\" \/>\n\t<meta property=\"og:image:width\" content=\"650\" \/>\n\t<meta property=\"og:image:height\" content=\"999\" \/>\n\t<meta property=\"og:image:type\" content=\"image\/jpeg\" \/>\n<meta name=\"twitter:card\" content=\"summary_large_image\" \/>\n<meta name=\"twitter:label1\" content=\"Est. reading time\" \/>\n\t<meta name=\"twitter:data1\" content=\"1 minut\u0117\" \/>\n<script type=\"application\/ld+json\" class=\"yoast-schema-graph\">{\"@context\":\"https:\\\/\\\/schema.org\",\"@graph\":[{\"@type\":\"WebPage\",\"@id\":\"https:\\\/\\\/anivet.lt\\\/elparduotuve\\\/produktas\\\/iams-sausas-maistas-kastruotoms-katems-su-vistiena-10kg\\\/\",\"url\":\"https:\\\/\\\/anivet.lt\\\/elparduotuve\\\/produktas\\\/iams-sausas-maistas-kastruotoms-katems-su-vistiena-10kg\\\/\",\"name\":\"IAMS sausas maistas kastruotoms kat\u0117ms su vi\u0161tiena 10kg - anivet.lt\",\"isPartOf\":{\"@id\":\"https:\\\/\\\/anivet.lt\\\/elparduotuve\\\/#website\"},\"primaryImageOfPage\":{\"@id\":\"https:\\\/\\\/anivet.lt\\\/elparduotuve\\\/produktas\\\/iams-sausas-maistas-kastruotoms-katems-su-vistiena-10kg\\\/#primaryimage\"},\"image\":{\"@id\":\"https:\\\/\\\/anivet.lt\\\/elparduotuve\\\/produktas\\\/iams-sausas-maistas-kastruotoms-katems-su-vistiena-10kg\\\/#primaryimage\"},\"thumbnailUrl\":\"https:\\\/\\\/anivet.lt\\\/elparduotuve\\\/wp-content\\\/uploads\\\/2024\\\/07\\\/IAMS-Sterilised-10kg.jpg\",\"datePublished\":\"2024-07-03T10:53:35+00:00\",\"dateModified\":\"2026-01-08T21:02:09+00:00\",\"description\":\"\u0160is sausas maistas, praturtintas \u0161vie\u017eia vi\u0161tiena, yra specialiai sukurtas sterilizuotoms arba linkusioms priaugti svorio kat\u0117ms. Jis padeda palaikyti kat\u0117s sveikat\u0105 ir energij\u0105, kartu u\u017etikrinant optimal\u0173 k\u016bno svor\u012f.\",\"breadcrumb\":{\"@id\":\"https:\\\/\\\/anivet.lt\\\/elparduotuve\\\/produktas\\\/iams-sausas-maistas-kastruotoms-katems-su-vistiena-10kg\\\/#breadcrumb\"},\"inLanguage\":\"lt-LT\",\"potentialAction\":[{\"@type\":\"ReadAction\",\"target\":[\"https:\\\/\\\/anivet.lt\\\/elparduotuve\\\/produktas\\\/iams-sausas-maistas-kastruotoms-katems-su-vistiena-10kg\\\/\"]}]},{\"@type\":\"ImageObject\",\"inLanguage\":\"lt-LT\",\"@id\":\"https:\\\/\\\/anivet.lt\\\/elparduotuve\\\/produktas\\\/iams-sausas-maistas-kastruotoms-katems-su-vistiena-10kg\\\/#primaryimage\",\"url\":\"https:\\\/\\\/anivet.lt\\\/elparduotuve\\\/wp-content\\\/uploads\\\/2024\\\/07\\\/IAMS-Sterilised-10kg.jpg\",\"contentUrl\":\"https:\\\/\\\/anivet.lt\\\/elparduotuve\\\/wp-content\\\/uploads\\\/2024\\\/07\\\/IAMS-Sterilised-10kg.jpg\",\"width\":650,\"height\":999,\"caption\":\"IAMS sausas maistas kastruotoms kat\u0117ms su vi\u0161tiena 10kg\"},{\"@type\":\"BreadcrumbList\",\"@id\":\"https:\\\/\\\/anivet.lt\\\/elparduotuve\\\/produktas\\\/iams-sausas-maistas-kastruotoms-katems-su-vistiena-10kg\\\/#breadcrumb\",\"itemListElement\":[{\"@type\":\"ListItem\",\"position\":1,\"name\":\"Home\",\"item\":\"https:\\\/\\\/anivet.lt\\\/elparduotuve\\\/\"},{\"@type\":\"ListItem\",\"position\":2,\"name\":\"Produktai\",\"item\":\"https:\\\/\\\/anivet.lt\\\/elparduotuve\\\/produktai\\\/\"},{\"@type\":\"ListItem\",\"position\":3,\"name\":\"IAMS sausas maistas kastruotoms kat\u0117ms su vi\u0161tiena 10kg\"}]},{\"@type\":\"WebSite\",\"@id\":\"https:\\\/\\\/anivet.lt\\\/elparduotuve\\\/#website\",\"url\":\"https:\\\/\\\/anivet.lt\\\/elparduotuve\\\/\",\"name\":\"anivet.lt\",\"description\":\"Viskas J\u016bs\u0173 \u0161uns, kat\u0117s prie\u017ei\u016brai\",\"publisher\":{\"@id\":\"https:\\\/\\\/anivet.lt\\\/elparduotuve\\\/#organization\"},\"alternateName\":\"Viskas J\u016bs\u0173 \u0161uns, kat\u0117s prie\u017ei\u016brai\",\"potentialAction\":[{\"@type\":\"SearchAction\",\"target\":{\"@type\":\"EntryPoint\",\"urlTemplate\":\"https:\\\/\\\/anivet.lt\\\/elparduotuve\\\/?s={search_term_string}\"},\"query-input\":{\"@type\":\"PropertyValueSpecification\",\"valueRequired\":true,\"valueName\":\"search_term_string\"}}],\"inLanguage\":\"lt-LT\"},{\"@type\":\"Organization\",\"@id\":\"https:\\\/\\\/anivet.lt\\\/elparduotuve\\\/#organization\",\"name\":\"Viskas J\u016bs\u0173 \u0161uns, kat\u0117s prie\u017ei\u016brai\",\"url\":\"https:\\\/\\\/anivet.lt\\\/elparduotuve\\\/\",\"logo\":{\"@type\":\"ImageObject\",\"inLanguage\":\"lt-LT\",\"@id\":\"https:\\\/\\\/anivet.lt\\\/elparduotuve\\\/#\\\/schema\\\/logo\\\/image\\\/\",\"url\":\"https:\\\/\\\/anivet.lt\\\/elparduotuve\\\/wp-content\\\/uploads\\\/2023\\\/06\\\/logo2.jpg\",\"contentUrl\":\"https:\\\/\\\/anivet.lt\\\/elparduotuve\\\/wp-content\\\/uploads\\\/2023\\\/06\\\/logo2.jpg\",\"width\":655,\"height\":194,\"caption\":\"Viskas J\u016bs\u0173 \u0161uns, kat\u0117s prie\u017ei\u016brai\"},\"image\":{\"@id\":\"https:\\\/\\\/anivet.lt\\\/elparduotuve\\\/#\\\/schema\\\/logo\\\/image\\\/\"}}]}<\/script>\n<!-- \/ Yoast SEO Premium plugin. -->","yoast_head_json":{"title":"IAMS sausas maistas kastruotoms kat\u0117ms su vi\u0161tiena 10kg - anivet.lt","description":"\u0160is sausas maistas, praturtintas \u0161vie\u017eia vi\u0161tiena, yra specialiai sukurtas sterilizuotoms arba linkusioms priaugti svorio kat\u0117ms. Jis padeda palaikyti kat\u0117s sveikat\u0105 ir energij\u0105, kartu u\u017etikrinant optimal\u0173 k\u016bno svor\u012f.","robots":{"index":"index","follow":"follow","max-snippet":"max-snippet:-1","max-image-preview":"max-image-preview:large","max-video-preview":"max-video-preview:-1"},"canonical":"https:\/\/anivet.lt\/elparduotuve\/produktas\/iams-sausas-maistas-kastruotoms-katems-su-vistiena-10kg\/","og_locale":"lt_LT","og_type":"article","og_title":"IAMS sausas maistas kastruotoms kat\u0117ms su vi\u0161tiena 10kg","og_description":"\u0160is sausas maistas, praturtintas \u0161vie\u017eia vi\u0161tiena, yra specialiai sukurtas sterilizuotoms arba linkusioms priaugti svorio kat\u0117ms. Jis padeda palaikyti kat\u0117s sveikat\u0105 ir energij\u0105, kartu u\u017etikrinant optimal\u0173 k\u016bno svor\u012f.","og_url":"https:\/\/anivet.lt\/elparduotuve\/produktas\/iams-sausas-maistas-kastruotoms-katems-su-vistiena-10kg\/","og_site_name":"anivet.lt","article_modified_time":"2026-01-08T21:02:09+00:00","og_image":[{"width":650,"height":999,"url":"https:\/\/anivet.lt\/elparduotuve\/wp-content\/uploads\/2024\/07\/IAMS-Sterilised-10kg.jpg","type":"image\/jpeg"}],"twitter_card":"summary_large_image","twitter_misc":{"Est. reading time":"1 minut\u0117"},"schema":{"@context":"https:\/\/schema.org","@graph":[{"@type":"WebPage","@id":"https:\/\/anivet.lt\/elparduotuve\/produktas\/iams-sausas-maistas-kastruotoms-katems-su-vistiena-10kg\/","url":"https:\/\/anivet.lt\/elparduotuve\/produktas\/iams-sausas-maistas-kastruotoms-katems-su-vistiena-10kg\/","name":"IAMS sausas maistas kastruotoms kat\u0117ms su vi\u0161tiena 10kg - anivet.lt","isPartOf":{"@id":"https:\/\/anivet.lt\/elparduotuve\/#website"},"primaryImageOfPage":{"@id":"https:\/\/anivet.lt\/elparduotuve\/produktas\/iams-sausas-maistas-kastruotoms-katems-su-vistiena-10kg\/#primaryimage"},"image":{"@id":"https:\/\/anivet.lt\/elparduotuve\/produktas\/iams-sausas-maistas-kastruotoms-katems-su-vistiena-10kg\/#primaryimage"},"thumbnailUrl":"https:\/\/anivet.lt\/elparduotuve\/wp-content\/uploads\/2024\/07\/IAMS-Sterilised-10kg.jpg","datePublished":"2024-07-03T10:53:35+00:00","dateModified":"2026-01-08T21:02:09+00:00","description":"\u0160is sausas maistas, praturtintas \u0161vie\u017eia vi\u0161tiena, yra specialiai sukurtas sterilizuotoms arba linkusioms priaugti svorio kat\u0117ms. Jis padeda palaikyti kat\u0117s sveikat\u0105 ir energij\u0105, kartu u\u017etikrinant optimal\u0173 k\u016bno svor\u012f.","breadcrumb":{"@id":"https:\/\/anivet.lt\/elparduotuve\/produktas\/iams-sausas-maistas-kastruotoms-katems-su-vistiena-10kg\/#breadcrumb"},"inLanguage":"lt-LT","potentialAction":[{"@type":"ReadAction","target":["https:\/\/anivet.lt\/elparduotuve\/produktas\/iams-sausas-maistas-kastruotoms-katems-su-vistiena-10kg\/"]}]},{"@type":"ImageObject","inLanguage":"lt-LT","@id":"https:\/\/anivet.lt\/elparduotuve\/produktas\/iams-sausas-maistas-kastruotoms-katems-su-vistiena-10kg\/#primaryimage","url":"https:\/\/anivet.lt\/elparduotuve\/wp-content\/uploads\/2024\/07\/IAMS-Sterilised-10kg.jpg","contentUrl":"https:\/\/anivet.lt\/elparduotuve\/wp-content\/uploads\/2024\/07\/IAMS-Sterilised-10kg.jpg","width":650,"height":999,"caption":"IAMS sausas maistas kastruotoms kat\u0117ms su vi\u0161tiena 10kg"},{"@type":"BreadcrumbList","@id":"https:\/\/anivet.lt\/elparduotuve\/produktas\/iams-sausas-maistas-kastruotoms-katems-su-vistiena-10kg\/#breadcrumb","itemListElement":[{"@type":"ListItem","position":1,"name":"Home","item":"https:\/\/anivet.lt\/elparduotuve\/"},{"@type":"ListItem","position":2,"name":"Produktai","item":"https:\/\/anivet.lt\/elparduotuve\/produktai\/"},{"@type":"ListItem","position":3,"name":"IAMS sausas maistas kastruotoms kat\u0117ms su vi\u0161tiena 10kg"}]},{"@type":"WebSite","@id":"https:\/\/anivet.lt\/elparduotuve\/#website","url":"https:\/\/anivet.lt\/elparduotuve\/","name":"anivet.lt","description":"Viskas J\u016bs\u0173 \u0161uns, kat\u0117s prie\u017ei\u016brai","publisher":{"@id":"https:\/\/anivet.lt\/elparduotuve\/#organization"},"alternateName":"Viskas J\u016bs\u0173 \u0161uns, kat\u0117s prie\u017ei\u016brai","potentialAction":[{"@type":"SearchAction","target":{"@type":"EntryPoint","urlTemplate":"https:\/\/anivet.lt\/elparduotuve\/?s={search_term_string}"},"query-input":{"@type":"PropertyValueSpecification","valueRequired":true,"valueName":"search_term_string"}}],"inLanguage":"lt-LT"},{"@type":"Organization","@id":"https:\/\/anivet.lt\/elparduotuve\/#organization","name":"Viskas J\u016bs\u0173 \u0161uns, kat\u0117s prie\u017ei\u016brai","url":"https:\/\/anivet.lt\/elparduotuve\/","logo":{"@type":"ImageObject","inLanguage":"lt-LT","@id":"https:\/\/anivet.lt\/elparduotuve\/#\/schema\/logo\/image\/","url":"https:\/\/anivet.lt\/elparduotuve\/wp-content\/uploads\/2023\/06\/logo2.jpg","contentUrl":"https:\/\/anivet.lt\/elparduotuve\/wp-content\/uploads\/2023\/06\/logo2.jpg","width":655,"height":194,"caption":"Viskas J\u016bs\u0173 \u0161uns, kat\u0117s prie\u017ei\u016brai"},"image":{"@id":"https:\/\/anivet.lt\/elparduotuve\/#\/schema\/logo\/image\/"}}]}},"_links":{"self":[{"href":"https:\/\/anivet.lt\/elparduotuve\/wp-json\/wp\/v2\/product\/14099","targetHints":{"allow":["GET"]}}],"collection":[{"href":"https:\/\/anivet.lt\/elparduotuve\/wp-json\/wp\/v2\/product"}],"about":[{"href":"https:\/\/anivet.lt\/elparduotuve\/wp-json\/wp\/v2\/types\/product"}],"wp:featuredmedia":[{"embeddable":true,"href":"https:\/\/anivet.lt\/elparduotuve\/wp-json\/wp\/v2\/media\/14100"}],"wp:attachment":[{"href":"https:\/\/anivet.lt\/elparduotuve\/wp-json\/wp\/v2\/media?parent=14099"}],"wp:term":[{"taxonomy":"product_brand","embeddable":true,"href":"https:\/\/anivet.lt\/elparduotuve\/wp-json\/wp\/v2\/product_brand?post=14099"},{"taxonomy":"product_cat","embeddable":true,"href":"https:\/\/anivet.lt\/elparduotuve\/wp-json\/wp\/v2\/product_cat?post=14099"},{"taxonomy":"product_tag","embeddable":true,"href":"https:\/\/anivet.lt\/elparduotuve\/wp-json\/wp\/v2\/product_tag?post=14099"}],"curies":[{"name":"wp","href":"https:\/\/api.w.org\/{rel}","templated":true}]}}