{"id":14166,"date":"2024-07-11T07:54:39","date_gmt":"2024-07-11T07:54:39","guid":{"rendered":"https:\/\/anivet.lt\/elparduotuve\/?post_type=product&#038;p=14166"},"modified":"2026-05-14T09:30:18","modified_gmt":"2026-05-14T09:30:18","slug":"platinum-vetactive-hipoalerginis-pasaras-sunims-su-kiauliena","status":"publish","type":"product","link":"https:\/\/anivet.lt\/elparduotuve\/produktas\/platinum-vetactive-hipoalerginis-pasaras-sunims-su-kiauliena\/","title":{"rendered":"Platinum VetActive hipoalerginis pa\u0161aras \u0161unims su kiauliena"},"content":{"rendered":"<ul>\n<li style=\"font-weight: 400;\" aria-level=\"1\"><span style=\"font-weight: 400;\">Hipoalergin\u0117 formul\u0117: Tinka \u0161unims, kuriems pasirei\u0161kia alergin\u0117s reakcijos.<\/span><\/li>\n<li style=\"font-weight: 400;\" aria-level=\"1\"><span style=\"font-weight: 400;\">Vienos r\u016b\u0161ies gyv\u016bnin\u0117s kilm\u0117s baltymai: Pa\u0161are naudojama tik Iberijos kiauliena.<\/span><\/li>\n<li style=\"font-weight: 400;\" aria-level=\"1\"><span style=\"font-weight: 400;\">Unikalus gamybos b\u016bdas: \u201eGarinimo sl\u0117giu\u201c technologija i\u0161saugo maistines med\u017eiagas ir skon\u012f.<\/span><\/li>\n<li style=\"font-weight: 400;\" aria-level=\"1\"><span style=\"font-weight: 400;\">Be glitimo, kvie\u010di\u0173 ir soj\u0173: Tinka \u0161unims, turintiems jautrum\u0105 \u0161iems ingredientams.<\/span><\/li>\n<li style=\"font-weight: 400;\" aria-level=\"1\"><span style=\"font-weight: 400;\">Puikus vir\u0161kinamumas: Lengvai vir\u0161kinamas ir u\u017etikrina ger\u0105 \u0161uns savijaut\u0105.<\/span><\/li>\n<li style=\"font-weight: 400;\" aria-level=\"1\"><span style=\"font-weight: 400;\">Saugumas ir kokyb\u0117: Ingredientai tinkami vartoti \u017emon\u0117ms.<\/span><\/li>\n<\/ul>\n<p><span style=\"font-weight: 400;\">\u0160is pa\u0161aras yra puikus pasirinkimas \u0161unims, turintiems specialius mitybos poreikius. Jo sud\u0117tyje esanti Iberijos kiauliena u\u017etikrina auk\u0161tos kokyb\u0117s baltymus, reikalingus sveikam \u0161uns vystymuisi ir energijai. Tinka \u0161eimininkams, ie\u0161kantiems sveikos ir auk\u0161tos kokyb\u0117s mitybos sprendimo savo augintiniui.<\/span><\/p>\n","protected":false},"excerpt":{"rendered":"<p><span style=\"font-weight: 400;\">\u0160is unikalus pa\u0161aras idealiai tinka \u0161unims, turintiems alergij\u0173 ar jautri\u0105 skrand\u017eio sistem\u0105. Sud\u0117tyje esantis Iberijos kiaulienos kiekis siekia net 70%, o i\u0161skirtinis gamybos b\u016bdas u\u017etikrina nat\u016brali\u0173 maistini\u0173 med\u017eiag\u0173 i\u0161saugojim\u0105 ir i\u0161skirtin\u012f skon\u012f.<\/span><\/p>\n","protected":false},"featured_media":14167,"template":"","meta":[],"product_brand":[],"product_cat":[101,103,107,319],"product_tag":[],"class_list":{"0":"post-14166","1":"product","2":"type-product","3":"status-publish","4":"has-post-thumbnail","6":"product_cat-sunims","7":"product_cat-sunu-maistas","8":"product_cat-veterinarine-dieta","9":"product_cat-platinum-sunu-maistas","10":"pa_prekinis-zenklas-platinum","12":"first","13":"instock","14":"sale","15":"taxable","16":"shipping-taxable","17":"purchasable","18":"product-type-variable"},"yoast_head":"<!-- This site is optimized with the Yoast SEO Premium plugin v27.1 (Yoast SEO v27.5) - https:\/\/yoast.com\/product\/yoast-seo-premium-wordpress\/ -->\n<title>Platinum VetActive hipoalerginis pa\u0161aras \u0161unims su kiauliena - anivet.lt<\/title>\n<meta name=\"description\" content=\"\u0160is unikalus pa\u0161aras idealiai tinka \u0161unims, turintiems alergij\u0173 ar jautri\u0105 skrand\u017eio sistem\u0105. Sud\u0117tyje esantis Iberijos kiaulienos kiekis siekia net 70%, o i\u0161skirtinis gamybos b\u016bdas u\u017etikrina nat\u016brali\u0173 maistini\u0173 med\u017eiag\u0173 i\u0161saugojim\u0105 ir i\u0161skirtin\u012f skon\u012f.\" \/>\n<meta name=\"robots\" content=\"index, follow, max-snippet:-1, max-image-preview:large, max-video-preview:-1\" \/>\n<link rel=\"canonical\" href=\"https:\/\/anivet.lt\/elparduotuve\/produktas\/platinum-vetactive-hipoalerginis-pasaras-sunims-su-kiauliena\/\" \/>\n<meta property=\"og:locale\" content=\"lt_LT\" \/>\n<meta property=\"og:type\" content=\"article\" \/>\n<meta property=\"og:title\" content=\"Platinum VetActive hipoalerginis pa\u0161aras \u0161unims su kiauliena\" \/>\n<meta property=\"og:description\" content=\"\u0160is unikalus pa\u0161aras idealiai tinka \u0161unims, turintiems alergij\u0173 ar jautri\u0105 skrand\u017eio sistem\u0105. Sud\u0117tyje esantis Iberijos kiaulienos kiekis siekia net 70%, o i\u0161skirtinis gamybos b\u016bdas u\u017etikrina nat\u016brali\u0173 maistini\u0173 med\u017eiag\u0173 i\u0161saugojim\u0105 ir i\u0161skirtin\u012f skon\u012f.\" \/>\n<meta property=\"og:url\" content=\"https:\/\/anivet.lt\/elparduotuve\/produktas\/platinum-vetactive-hipoalerginis-pasaras-sunims-su-kiauliena\/\" \/>\n<meta property=\"og:site_name\" content=\"anivet.lt\" \/>\n<meta property=\"article:modified_time\" content=\"2026-05-14T09:30:18+00:00\" \/>\n<meta property=\"og:image\" content=\"https:\/\/anivet.lt\/elparduotuve\/wp-content\/uploads\/2024\/07\/platinum-hypoalerginis.webp\" \/>\n\t<meta property=\"og:image:width\" content=\"600\" \/>\n\t<meta property=\"og:image:height\" content=\"600\" \/>\n\t<meta property=\"og:image:type\" content=\"image\/webp\" \/>\n<meta name=\"twitter:card\" content=\"summary_large_image\" \/>\n<meta name=\"twitter:label1\" content=\"Est. reading time\" \/>\n\t<meta name=\"twitter:data1\" content=\"1 minut\u0117\" \/>\n<script type=\"application\/ld+json\" class=\"yoast-schema-graph\">{\"@context\":\"https:\\\/\\\/schema.org\",\"@graph\":[{\"@type\":\"WebPage\",\"@id\":\"https:\\\/\\\/anivet.lt\\\/elparduotuve\\\/produktas\\\/platinum-vetactive-hipoalerginis-pasaras-sunims-su-kiauliena\\\/\",\"url\":\"https:\\\/\\\/anivet.lt\\\/elparduotuve\\\/produktas\\\/platinum-vetactive-hipoalerginis-pasaras-sunims-su-kiauliena\\\/\",\"name\":\"Platinum VetActive hipoalerginis pa\u0161aras \u0161unims su kiauliena - anivet.lt\",\"isPartOf\":{\"@id\":\"https:\\\/\\\/anivet.lt\\\/elparduotuve\\\/#website\"},\"primaryImageOfPage\":{\"@id\":\"https:\\\/\\\/anivet.lt\\\/elparduotuve\\\/produktas\\\/platinum-vetactive-hipoalerginis-pasaras-sunims-su-kiauliena\\\/#primaryimage\"},\"image\":{\"@id\":\"https:\\\/\\\/anivet.lt\\\/elparduotuve\\\/produktas\\\/platinum-vetactive-hipoalerginis-pasaras-sunims-su-kiauliena\\\/#primaryimage\"},\"thumbnailUrl\":\"https:\\\/\\\/anivet.lt\\\/elparduotuve\\\/wp-content\\\/uploads\\\/2024\\\/07\\\/platinum-hypoalerginis.webp\",\"datePublished\":\"2024-07-11T07:54:39+00:00\",\"dateModified\":\"2026-05-14T09:30:18+00:00\",\"description\":\"\u0160is unikalus pa\u0161aras idealiai tinka \u0161unims, turintiems alergij\u0173 ar jautri\u0105 skrand\u017eio sistem\u0105. Sud\u0117tyje esantis Iberijos kiaulienos kiekis siekia net 70%, o i\u0161skirtinis gamybos b\u016bdas u\u017etikrina nat\u016brali\u0173 maistini\u0173 med\u017eiag\u0173 i\u0161saugojim\u0105 ir i\u0161skirtin\u012f skon\u012f.\",\"breadcrumb\":{\"@id\":\"https:\\\/\\\/anivet.lt\\\/elparduotuve\\\/produktas\\\/platinum-vetactive-hipoalerginis-pasaras-sunims-su-kiauliena\\\/#breadcrumb\"},\"inLanguage\":\"lt-LT\",\"potentialAction\":[{\"@type\":\"ReadAction\",\"target\":[\"https:\\\/\\\/anivet.lt\\\/elparduotuve\\\/produktas\\\/platinum-vetactive-hipoalerginis-pasaras-sunims-su-kiauliena\\\/\"]}]},{\"@type\":\"ImageObject\",\"inLanguage\":\"lt-LT\",\"@id\":\"https:\\\/\\\/anivet.lt\\\/elparduotuve\\\/produktas\\\/platinum-vetactive-hipoalerginis-pasaras-sunims-su-kiauliena\\\/#primaryimage\",\"url\":\"https:\\\/\\\/anivet.lt\\\/elparduotuve\\\/wp-content\\\/uploads\\\/2024\\\/07\\\/platinum-hypoalerginis.webp\",\"contentUrl\":\"https:\\\/\\\/anivet.lt\\\/elparduotuve\\\/wp-content\\\/uploads\\\/2024\\\/07\\\/platinum-hypoalerginis.webp\",\"width\":600,\"height\":600,\"caption\":\"Platinum VetActive hipoalerginis pa\u0161aras \u0161unims su kiauliena\"},{\"@type\":\"BreadcrumbList\",\"@id\":\"https:\\\/\\\/anivet.lt\\\/elparduotuve\\\/produktas\\\/platinum-vetactive-hipoalerginis-pasaras-sunims-su-kiauliena\\\/#breadcrumb\",\"itemListElement\":[{\"@type\":\"ListItem\",\"position\":1,\"name\":\"Home\",\"item\":\"https:\\\/\\\/anivet.lt\\\/elparduotuve\\\/\"},{\"@type\":\"ListItem\",\"position\":2,\"name\":\"Produktai\",\"item\":\"https:\\\/\\\/anivet.lt\\\/elparduotuve\\\/produktai\\\/\"},{\"@type\":\"ListItem\",\"position\":3,\"name\":\"Platinum VetActive hipoalerginis pa\u0161aras \u0161unims su kiauliena\"}]},{\"@type\":\"WebSite\",\"@id\":\"https:\\\/\\\/anivet.lt\\\/elparduotuve\\\/#website\",\"url\":\"https:\\\/\\\/anivet.lt\\\/elparduotuve\\\/\",\"name\":\"anivet.lt\",\"description\":\"Viskas J\u016bs\u0173 \u0161uns, kat\u0117s prie\u017ei\u016brai\",\"publisher\":{\"@id\":\"https:\\\/\\\/anivet.lt\\\/elparduotuve\\\/#organization\"},\"alternateName\":\"Viskas J\u016bs\u0173 \u0161uns, kat\u0117s prie\u017ei\u016brai\",\"potentialAction\":[{\"@type\":\"SearchAction\",\"target\":{\"@type\":\"EntryPoint\",\"urlTemplate\":\"https:\\\/\\\/anivet.lt\\\/elparduotuve\\\/?s={search_term_string}\"},\"query-input\":{\"@type\":\"PropertyValueSpecification\",\"valueRequired\":true,\"valueName\":\"search_term_string\"}}],\"inLanguage\":\"lt-LT\"},{\"@type\":\"Organization\",\"@id\":\"https:\\\/\\\/anivet.lt\\\/elparduotuve\\\/#organization\",\"name\":\"Viskas J\u016bs\u0173 \u0161uns, kat\u0117s prie\u017ei\u016brai\",\"url\":\"https:\\\/\\\/anivet.lt\\\/elparduotuve\\\/\",\"logo\":{\"@type\":\"ImageObject\",\"inLanguage\":\"lt-LT\",\"@id\":\"https:\\\/\\\/anivet.lt\\\/elparduotuve\\\/#\\\/schema\\\/logo\\\/image\\\/\",\"url\":\"https:\\\/\\\/anivet.lt\\\/elparduotuve\\\/wp-content\\\/uploads\\\/2023\\\/06\\\/logo2.jpg\",\"contentUrl\":\"https:\\\/\\\/anivet.lt\\\/elparduotuve\\\/wp-content\\\/uploads\\\/2023\\\/06\\\/logo2.jpg\",\"width\":655,\"height\":194,\"caption\":\"Viskas J\u016bs\u0173 \u0161uns, kat\u0117s prie\u017ei\u016brai\"},\"image\":{\"@id\":\"https:\\\/\\\/anivet.lt\\\/elparduotuve\\\/#\\\/schema\\\/logo\\\/image\\\/\"}}]}<\/script>\n<!-- \/ Yoast SEO Premium plugin. -->","yoast_head_json":{"title":"Platinum VetActive hipoalerginis pa\u0161aras \u0161unims su kiauliena - anivet.lt","description":"\u0160is unikalus pa\u0161aras idealiai tinka \u0161unims, turintiems alergij\u0173 ar jautri\u0105 skrand\u017eio sistem\u0105. Sud\u0117tyje esantis Iberijos kiaulienos kiekis siekia net 70%, o i\u0161skirtinis gamybos b\u016bdas u\u017etikrina nat\u016brali\u0173 maistini\u0173 med\u017eiag\u0173 i\u0161saugojim\u0105 ir i\u0161skirtin\u012f skon\u012f.","robots":{"index":"index","follow":"follow","max-snippet":"max-snippet:-1","max-image-preview":"max-image-preview:large","max-video-preview":"max-video-preview:-1"},"canonical":"https:\/\/anivet.lt\/elparduotuve\/produktas\/platinum-vetactive-hipoalerginis-pasaras-sunims-su-kiauliena\/","og_locale":"lt_LT","og_type":"article","og_title":"Platinum VetActive hipoalerginis pa\u0161aras \u0161unims su kiauliena","og_description":"\u0160is unikalus pa\u0161aras idealiai tinka \u0161unims, turintiems alergij\u0173 ar jautri\u0105 skrand\u017eio sistem\u0105. Sud\u0117tyje esantis Iberijos kiaulienos kiekis siekia net 70%, o i\u0161skirtinis gamybos b\u016bdas u\u017etikrina nat\u016brali\u0173 maistini\u0173 med\u017eiag\u0173 i\u0161saugojim\u0105 ir i\u0161skirtin\u012f skon\u012f.","og_url":"https:\/\/anivet.lt\/elparduotuve\/produktas\/platinum-vetactive-hipoalerginis-pasaras-sunims-su-kiauliena\/","og_site_name":"anivet.lt","article_modified_time":"2026-05-14T09:30:18+00:00","og_image":[{"width":600,"height":600,"url":"https:\/\/anivet.lt\/elparduotuve\/wp-content\/uploads\/2024\/07\/platinum-hypoalerginis.webp","type":"image\/webp"}],"twitter_card":"summary_large_image","twitter_misc":{"Est. reading time":"1 minut\u0117"},"schema":{"@context":"https:\/\/schema.org","@graph":[{"@type":"WebPage","@id":"https:\/\/anivet.lt\/elparduotuve\/produktas\/platinum-vetactive-hipoalerginis-pasaras-sunims-su-kiauliena\/","url":"https:\/\/anivet.lt\/elparduotuve\/produktas\/platinum-vetactive-hipoalerginis-pasaras-sunims-su-kiauliena\/","name":"Platinum VetActive hipoalerginis pa\u0161aras \u0161unims su kiauliena - anivet.lt","isPartOf":{"@id":"https:\/\/anivet.lt\/elparduotuve\/#website"},"primaryImageOfPage":{"@id":"https:\/\/anivet.lt\/elparduotuve\/produktas\/platinum-vetactive-hipoalerginis-pasaras-sunims-su-kiauliena\/#primaryimage"},"image":{"@id":"https:\/\/anivet.lt\/elparduotuve\/produktas\/platinum-vetactive-hipoalerginis-pasaras-sunims-su-kiauliena\/#primaryimage"},"thumbnailUrl":"https:\/\/anivet.lt\/elparduotuve\/wp-content\/uploads\/2024\/07\/platinum-hypoalerginis.webp","datePublished":"2024-07-11T07:54:39+00:00","dateModified":"2026-05-14T09:30:18+00:00","description":"\u0160is unikalus pa\u0161aras idealiai tinka \u0161unims, turintiems alergij\u0173 ar jautri\u0105 skrand\u017eio sistem\u0105. Sud\u0117tyje esantis Iberijos kiaulienos kiekis siekia net 70%, o i\u0161skirtinis gamybos b\u016bdas u\u017etikrina nat\u016brali\u0173 maistini\u0173 med\u017eiag\u0173 i\u0161saugojim\u0105 ir i\u0161skirtin\u012f skon\u012f.","breadcrumb":{"@id":"https:\/\/anivet.lt\/elparduotuve\/produktas\/platinum-vetactive-hipoalerginis-pasaras-sunims-su-kiauliena\/#breadcrumb"},"inLanguage":"lt-LT","potentialAction":[{"@type":"ReadAction","target":["https:\/\/anivet.lt\/elparduotuve\/produktas\/platinum-vetactive-hipoalerginis-pasaras-sunims-su-kiauliena\/"]}]},{"@type":"ImageObject","inLanguage":"lt-LT","@id":"https:\/\/anivet.lt\/elparduotuve\/produktas\/platinum-vetactive-hipoalerginis-pasaras-sunims-su-kiauliena\/#primaryimage","url":"https:\/\/anivet.lt\/elparduotuve\/wp-content\/uploads\/2024\/07\/platinum-hypoalerginis.webp","contentUrl":"https:\/\/anivet.lt\/elparduotuve\/wp-content\/uploads\/2024\/07\/platinum-hypoalerginis.webp","width":600,"height":600,"caption":"Platinum VetActive hipoalerginis pa\u0161aras \u0161unims su kiauliena"},{"@type":"BreadcrumbList","@id":"https:\/\/anivet.lt\/elparduotuve\/produktas\/platinum-vetactive-hipoalerginis-pasaras-sunims-su-kiauliena\/#breadcrumb","itemListElement":[{"@type":"ListItem","position":1,"name":"Home","item":"https:\/\/anivet.lt\/elparduotuve\/"},{"@type":"ListItem","position":2,"name":"Produktai","item":"https:\/\/anivet.lt\/elparduotuve\/produktai\/"},{"@type":"ListItem","position":3,"name":"Platinum VetActive hipoalerginis pa\u0161aras \u0161unims su kiauliena"}]},{"@type":"WebSite","@id":"https:\/\/anivet.lt\/elparduotuve\/#website","url":"https:\/\/anivet.lt\/elparduotuve\/","name":"anivet.lt","description":"Viskas J\u016bs\u0173 \u0161uns, kat\u0117s prie\u017ei\u016brai","publisher":{"@id":"https:\/\/anivet.lt\/elparduotuve\/#organization"},"alternateName":"Viskas J\u016bs\u0173 \u0161uns, kat\u0117s prie\u017ei\u016brai","potentialAction":[{"@type":"SearchAction","target":{"@type":"EntryPoint","urlTemplate":"https:\/\/anivet.lt\/elparduotuve\/?s={search_term_string}"},"query-input":{"@type":"PropertyValueSpecification","valueRequired":true,"valueName":"search_term_string"}}],"inLanguage":"lt-LT"},{"@type":"Organization","@id":"https:\/\/anivet.lt\/elparduotuve\/#organization","name":"Viskas J\u016bs\u0173 \u0161uns, kat\u0117s prie\u017ei\u016brai","url":"https:\/\/anivet.lt\/elparduotuve\/","logo":{"@type":"ImageObject","inLanguage":"lt-LT","@id":"https:\/\/anivet.lt\/elparduotuve\/#\/schema\/logo\/image\/","url":"https:\/\/anivet.lt\/elparduotuve\/wp-content\/uploads\/2023\/06\/logo2.jpg","contentUrl":"https:\/\/anivet.lt\/elparduotuve\/wp-content\/uploads\/2023\/06\/logo2.jpg","width":655,"height":194,"caption":"Viskas J\u016bs\u0173 \u0161uns, kat\u0117s prie\u017ei\u016brai"},"image":{"@id":"https:\/\/anivet.lt\/elparduotuve\/#\/schema\/logo\/image\/"}}]}},"_links":{"self":[{"href":"https:\/\/anivet.lt\/elparduotuve\/wp-json\/wp\/v2\/product\/14166","targetHints":{"allow":["GET"]}}],"collection":[{"href":"https:\/\/anivet.lt\/elparduotuve\/wp-json\/wp\/v2\/product"}],"about":[{"href":"https:\/\/anivet.lt\/elparduotuve\/wp-json\/wp\/v2\/types\/product"}],"wp:featuredmedia":[{"embeddable":true,"href":"https:\/\/anivet.lt\/elparduotuve\/wp-json\/wp\/v2\/media\/14167"}],"wp:attachment":[{"href":"https:\/\/anivet.lt\/elparduotuve\/wp-json\/wp\/v2\/media?parent=14166"}],"wp:term":[{"taxonomy":"product_brand","embeddable":true,"href":"https:\/\/anivet.lt\/elparduotuve\/wp-json\/wp\/v2\/product_brand?post=14166"},{"taxonomy":"product_cat","embeddable":true,"href":"https:\/\/anivet.lt\/elparduotuve\/wp-json\/wp\/v2\/product_cat?post=14166"},{"taxonomy":"product_tag","embeddable":true,"href":"https:\/\/anivet.lt\/elparduotuve\/wp-json\/wp\/v2\/product_tag?post=14166"}],"curies":[{"name":"wp","href":"https:\/\/api.w.org\/{rel}","templated":true}]}}