{"id":14171,"date":"2024-07-11T08:29:05","date_gmt":"2024-07-11T08:29:05","guid":{"rendered":"https:\/\/anivet.lt\/elparduotuve\/?post_type=product&#038;p=14171"},"modified":"2026-05-08T13:50:06","modified_gmt":"2026-05-08T13:50:06","slug":"platinum-vetactive-pasaras-sunims-turintiems-virssvorio-su-vistiena","status":"publish","type":"product","link":"https:\/\/anivet.lt\/elparduotuve\/produktas\/platinum-vetactive-pasaras-sunims-turintiems-virssvorio-su-vistiena\/","title":{"rendered":"Platinum VetActive pa\u0161aras \u0161unims turintiems vir\u0161svorio su vi\u0161tiena"},"content":{"rendered":"<ul>\n<li style=\"font-weight: 400;\" aria-level=\"1\"><span style=\"font-weight: 400;\">70% \u0161vie\u017eios vi\u0161tienos: Didelis kokybi\u0161k\u0173 baltym\u0173 kiekis padeda palaikyti raumen\u0173 mas\u0119.<\/span><\/li>\n<li style=\"font-weight: 400;\" aria-level=\"1\"><span style=\"font-weight: 400;\">Be kvie\u010di\u0173, soj\u0173, glitimo: Tinka \u0161unims su jautria vir\u0161kinimo sistema ar alergijomis.<\/span><\/li>\n<li style=\"font-weight: 400;\" aria-level=\"1\"><span style=\"font-weight: 400;\">19% m\u0117sos sul\u010di\u0173: Suteikia pa\u0161arui sultingumo, kuris skatina apetit\u0105.<\/span><\/li>\n<li style=\"font-weight: 400;\" aria-level=\"1\"><span style=\"font-weight: 400;\">Nat\u016bral\u016bs ingredientai: Ry\u017eiai, \u017eirniai, l\u0119\u0161iai ir obuoli\u0173 mink\u0161timas u\u017etikrina balans\u0105 tarp baltym\u0173 ir angliavandeni\u0173.<\/span><\/li>\n<li style=\"font-weight: 400;\" aria-level=\"1\"><span style=\"font-weight: 400;\">\u0160alto spaudimo aliejai: Kokos\u0173, lin\u0173 s\u0117men\u0173 ir la\u0161i\u0161\u0173 aliejai palaiko sveik\u0105 od\u0105 ir blizgant\u012f kail\u012f.<\/span><\/li>\n<li style=\"font-weight: 400;\" aria-level=\"1\"><span style=\"font-weight: 400;\">Suma\u017eintas riebal\u0173 kiekis: Puikiai tinka \u0161unims, turintiems polink\u012f \u012f nutukim\u0105.<\/span><\/li>\n<\/ul>\n<p><span style=\"font-weight: 400;\">\u0160is pa\u0161aras yra ne tik sveikas, bet ir labai skanus \u2013 j\u016bs\u0173 augintinis d\u017eiaugsis kiekvienu k\u0105sniu. D\u0117l \u0161velnaus gamybos proceso \u0161is pa\u0161aras padeda i\u0161saugoti visas svarbias maistines med\u017eiagas ir vitaminus, u\u017etikrinant j\u016bs\u0173 \u0161uns gyvybingum\u0105 ir sveikat\u0105 kasdien.<\/span><\/p>\n","protected":false},"excerpt":{"rendered":"<p><span style=\"font-weight: 400;\">Auk\u0161\u010diausios kokyb\u0117s pasirinkimas j\u016bs\u0173 \u0161uniui, kuris ne tik padeda kontroliuoti svor\u012f, bet ir u\u017etikrina visapusi\u0161k\u0105 sveikatos palaikym\u0105. \u0160io pa\u0161aro unikali gamybos technologija leid\u017eia i\u0161saugoti maistines med\u017eiagas, u\u017etikrinant puik\u0173 skon\u012f ir lengv\u0105 vir\u0161kinim\u0105.<\/span><\/p>\n","protected":false},"featured_media":14172,"template":"","meta":[],"product_brand":[],"product_cat":[101,103,107,319],"product_tag":[],"class_list":{"0":"post-14171","1":"product","2":"type-product","3":"status-publish","4":"has-post-thumbnail","6":"product_cat-sunims","7":"product_cat-sunu-maistas","8":"product_cat-veterinarine-dieta","9":"product_cat-platinum-sunu-maistas","10":"pa_prekinis-zenklas-platinum","12":"first","13":"outofstock","14":"taxable","15":"shipping-taxable","16":"purchasable","17":"product-type-variable"},"yoast_head":"<!-- This site is optimized with the Yoast SEO Premium plugin v27.1 (Yoast SEO v27.5) - https:\/\/yoast.com\/product\/yoast-seo-premium-wordpress\/ -->\n<title>Platinum VetActive pa\u0161aras \u0161unims turintiems vir\u0161svorio su vi\u0161tiena - anivet.lt<\/title>\n<meta name=\"description\" content=\"Auk\u0161\u010diausios kokyb\u0117s pasirinkimas j\u016bs\u0173 \u0161uniui, kuris ne tik padeda kontroliuoti svor\u012f, bet ir u\u017etikrina visapusi\u0161k\u0105 sveikatos palaikym\u0105. \u0160io pa\u0161aro unikali gamybos technologija leid\u017eia i\u0161saugoti maistines med\u017eiagas, u\u017etikrinant puik\u0173 skon\u012f ir lengv\u0105 vir\u0161kinim\u0105.\" \/>\n<meta name=\"robots\" content=\"index, follow, max-snippet:-1, max-image-preview:large, max-video-preview:-1\" \/>\n<link rel=\"canonical\" href=\"https:\/\/anivet.lt\/elparduotuve\/produktas\/platinum-vetactive-pasaras-sunims-turintiems-virssvorio-su-vistiena\/\" \/>\n<meta property=\"og:locale\" content=\"lt_LT\" \/>\n<meta property=\"og:type\" content=\"article\" \/>\n<meta property=\"og:title\" content=\"Platinum VetActive pa\u0161aras \u0161unims turintiems vir\u0161svorio su vi\u0161tiena\" \/>\n<meta property=\"og:description\" content=\"Auk\u0161\u010diausios kokyb\u0117s pasirinkimas j\u016bs\u0173 \u0161uniui, kuris ne tik padeda kontroliuoti svor\u012f, bet ir u\u017etikrina visapusi\u0161k\u0105 sveikatos palaikym\u0105. \u0160io pa\u0161aro unikali gamybos technologija leid\u017eia i\u0161saugoti maistines med\u017eiagas, u\u017etikrinant puik\u0173 skon\u012f ir lengv\u0105 vir\u0161kinim\u0105.\" \/>\n<meta property=\"og:url\" content=\"https:\/\/anivet.lt\/elparduotuve\/produktas\/platinum-vetactive-pasaras-sunims-turintiems-virssvorio-su-vistiena\/\" \/>\n<meta property=\"og:site_name\" content=\"anivet.lt\" \/>\n<meta property=\"article:modified_time\" content=\"2026-05-08T13:50:06+00:00\" \/>\n<meta property=\"og:image\" content=\"https:\/\/anivet.lt\/elparduotuve\/wp-content\/uploads\/2024\/07\/platinum-mazo-kaloringumo.webp\" \/>\n\t<meta property=\"og:image:width\" content=\"800\" \/>\n\t<meta property=\"og:image:height\" content=\"800\" \/>\n\t<meta property=\"og:image:type\" content=\"image\/webp\" \/>\n<meta name=\"twitter:card\" content=\"summary_large_image\" \/>\n<meta name=\"twitter:label1\" content=\"Est. reading time\" \/>\n\t<meta name=\"twitter:data1\" content=\"1 minut\u0117\" \/>\n<script type=\"application\/ld+json\" class=\"yoast-schema-graph\">{\"@context\":\"https:\\\/\\\/schema.org\",\"@graph\":[{\"@type\":\"WebPage\",\"@id\":\"https:\\\/\\\/anivet.lt\\\/elparduotuve\\\/produktas\\\/platinum-vetactive-pasaras-sunims-turintiems-virssvorio-su-vistiena\\\/\",\"url\":\"https:\\\/\\\/anivet.lt\\\/elparduotuve\\\/produktas\\\/platinum-vetactive-pasaras-sunims-turintiems-virssvorio-su-vistiena\\\/\",\"name\":\"Platinum VetActive pa\u0161aras \u0161unims turintiems vir\u0161svorio su vi\u0161tiena - anivet.lt\",\"isPartOf\":{\"@id\":\"https:\\\/\\\/anivet.lt\\\/elparduotuve\\\/#website\"},\"primaryImageOfPage\":{\"@id\":\"https:\\\/\\\/anivet.lt\\\/elparduotuve\\\/produktas\\\/platinum-vetactive-pasaras-sunims-turintiems-virssvorio-su-vistiena\\\/#primaryimage\"},\"image\":{\"@id\":\"https:\\\/\\\/anivet.lt\\\/elparduotuve\\\/produktas\\\/platinum-vetactive-pasaras-sunims-turintiems-virssvorio-su-vistiena\\\/#primaryimage\"},\"thumbnailUrl\":\"https:\\\/\\\/anivet.lt\\\/elparduotuve\\\/wp-content\\\/uploads\\\/2024\\\/07\\\/platinum-mazo-kaloringumo.webp\",\"datePublished\":\"2024-07-11T08:29:05+00:00\",\"dateModified\":\"2026-05-08T13:50:06+00:00\",\"description\":\"Auk\u0161\u010diausios kokyb\u0117s pasirinkimas j\u016bs\u0173 \u0161uniui, kuris ne tik padeda kontroliuoti svor\u012f, bet ir u\u017etikrina visapusi\u0161k\u0105 sveikatos palaikym\u0105. \u0160io pa\u0161aro unikali gamybos technologija leid\u017eia i\u0161saugoti maistines med\u017eiagas, u\u017etikrinant puik\u0173 skon\u012f ir lengv\u0105 vir\u0161kinim\u0105.\",\"breadcrumb\":{\"@id\":\"https:\\\/\\\/anivet.lt\\\/elparduotuve\\\/produktas\\\/platinum-vetactive-pasaras-sunims-turintiems-virssvorio-su-vistiena\\\/#breadcrumb\"},\"inLanguage\":\"lt-LT\",\"potentialAction\":[{\"@type\":\"ReadAction\",\"target\":[\"https:\\\/\\\/anivet.lt\\\/elparduotuve\\\/produktas\\\/platinum-vetactive-pasaras-sunims-turintiems-virssvorio-su-vistiena\\\/\"]}]},{\"@type\":\"ImageObject\",\"inLanguage\":\"lt-LT\",\"@id\":\"https:\\\/\\\/anivet.lt\\\/elparduotuve\\\/produktas\\\/platinum-vetactive-pasaras-sunims-turintiems-virssvorio-su-vistiena\\\/#primaryimage\",\"url\":\"https:\\\/\\\/anivet.lt\\\/elparduotuve\\\/wp-content\\\/uploads\\\/2024\\\/07\\\/platinum-mazo-kaloringumo.webp\",\"contentUrl\":\"https:\\\/\\\/anivet.lt\\\/elparduotuve\\\/wp-content\\\/uploads\\\/2024\\\/07\\\/platinum-mazo-kaloringumo.webp\",\"width\":800,\"height\":800,\"caption\":\"Platinum VetActive pa\u0161aras \u0161unims turintiems vir\u0161svorio su vi\u0161tiena\"},{\"@type\":\"BreadcrumbList\",\"@id\":\"https:\\\/\\\/anivet.lt\\\/elparduotuve\\\/produktas\\\/platinum-vetactive-pasaras-sunims-turintiems-virssvorio-su-vistiena\\\/#breadcrumb\",\"itemListElement\":[{\"@type\":\"ListItem\",\"position\":1,\"name\":\"Home\",\"item\":\"https:\\\/\\\/anivet.lt\\\/elparduotuve\\\/\"},{\"@type\":\"ListItem\",\"position\":2,\"name\":\"Produktai\",\"item\":\"https:\\\/\\\/anivet.lt\\\/elparduotuve\\\/produktai\\\/\"},{\"@type\":\"ListItem\",\"position\":3,\"name\":\"Platinum VetActive pa\u0161aras \u0161unims turintiems vir\u0161svorio su vi\u0161tiena\"}]},{\"@type\":\"WebSite\",\"@id\":\"https:\\\/\\\/anivet.lt\\\/elparduotuve\\\/#website\",\"url\":\"https:\\\/\\\/anivet.lt\\\/elparduotuve\\\/\",\"name\":\"anivet.lt\",\"description\":\"Viskas J\u016bs\u0173 \u0161uns, kat\u0117s prie\u017ei\u016brai\",\"publisher\":{\"@id\":\"https:\\\/\\\/anivet.lt\\\/elparduotuve\\\/#organization\"},\"alternateName\":\"Viskas J\u016bs\u0173 \u0161uns, kat\u0117s prie\u017ei\u016brai\",\"potentialAction\":[{\"@type\":\"SearchAction\",\"target\":{\"@type\":\"EntryPoint\",\"urlTemplate\":\"https:\\\/\\\/anivet.lt\\\/elparduotuve\\\/?s={search_term_string}\"},\"query-input\":{\"@type\":\"PropertyValueSpecification\",\"valueRequired\":true,\"valueName\":\"search_term_string\"}}],\"inLanguage\":\"lt-LT\"},{\"@type\":\"Organization\",\"@id\":\"https:\\\/\\\/anivet.lt\\\/elparduotuve\\\/#organization\",\"name\":\"Viskas J\u016bs\u0173 \u0161uns, kat\u0117s prie\u017ei\u016brai\",\"url\":\"https:\\\/\\\/anivet.lt\\\/elparduotuve\\\/\",\"logo\":{\"@type\":\"ImageObject\",\"inLanguage\":\"lt-LT\",\"@id\":\"https:\\\/\\\/anivet.lt\\\/elparduotuve\\\/#\\\/schema\\\/logo\\\/image\\\/\",\"url\":\"https:\\\/\\\/anivet.lt\\\/elparduotuve\\\/wp-content\\\/uploads\\\/2023\\\/06\\\/logo2.jpg\",\"contentUrl\":\"https:\\\/\\\/anivet.lt\\\/elparduotuve\\\/wp-content\\\/uploads\\\/2023\\\/06\\\/logo2.jpg\",\"width\":655,\"height\":194,\"caption\":\"Viskas J\u016bs\u0173 \u0161uns, kat\u0117s prie\u017ei\u016brai\"},\"image\":{\"@id\":\"https:\\\/\\\/anivet.lt\\\/elparduotuve\\\/#\\\/schema\\\/logo\\\/image\\\/\"}}]}<\/script>\n<!-- \/ Yoast SEO Premium plugin. -->","yoast_head_json":{"title":"Platinum VetActive pa\u0161aras \u0161unims turintiems vir\u0161svorio su vi\u0161tiena - anivet.lt","description":"Auk\u0161\u010diausios kokyb\u0117s pasirinkimas j\u016bs\u0173 \u0161uniui, kuris ne tik padeda kontroliuoti svor\u012f, bet ir u\u017etikrina visapusi\u0161k\u0105 sveikatos palaikym\u0105. \u0160io pa\u0161aro unikali gamybos technologija leid\u017eia i\u0161saugoti maistines med\u017eiagas, u\u017etikrinant puik\u0173 skon\u012f ir lengv\u0105 vir\u0161kinim\u0105.","robots":{"index":"index","follow":"follow","max-snippet":"max-snippet:-1","max-image-preview":"max-image-preview:large","max-video-preview":"max-video-preview:-1"},"canonical":"https:\/\/anivet.lt\/elparduotuve\/produktas\/platinum-vetactive-pasaras-sunims-turintiems-virssvorio-su-vistiena\/","og_locale":"lt_LT","og_type":"article","og_title":"Platinum VetActive pa\u0161aras \u0161unims turintiems vir\u0161svorio su vi\u0161tiena","og_description":"Auk\u0161\u010diausios kokyb\u0117s pasirinkimas j\u016bs\u0173 \u0161uniui, kuris ne tik padeda kontroliuoti svor\u012f, bet ir u\u017etikrina visapusi\u0161k\u0105 sveikatos palaikym\u0105. \u0160io pa\u0161aro unikali gamybos technologija leid\u017eia i\u0161saugoti maistines med\u017eiagas, u\u017etikrinant puik\u0173 skon\u012f ir lengv\u0105 vir\u0161kinim\u0105.","og_url":"https:\/\/anivet.lt\/elparduotuve\/produktas\/platinum-vetactive-pasaras-sunims-turintiems-virssvorio-su-vistiena\/","og_site_name":"anivet.lt","article_modified_time":"2026-05-08T13:50:06+00:00","og_image":[{"width":800,"height":800,"url":"https:\/\/anivet.lt\/elparduotuve\/wp-content\/uploads\/2024\/07\/platinum-mazo-kaloringumo.webp","type":"image\/webp"}],"twitter_card":"summary_large_image","twitter_misc":{"Est. reading time":"1 minut\u0117"},"schema":{"@context":"https:\/\/schema.org","@graph":[{"@type":"WebPage","@id":"https:\/\/anivet.lt\/elparduotuve\/produktas\/platinum-vetactive-pasaras-sunims-turintiems-virssvorio-su-vistiena\/","url":"https:\/\/anivet.lt\/elparduotuve\/produktas\/platinum-vetactive-pasaras-sunims-turintiems-virssvorio-su-vistiena\/","name":"Platinum VetActive pa\u0161aras \u0161unims turintiems vir\u0161svorio su vi\u0161tiena - anivet.lt","isPartOf":{"@id":"https:\/\/anivet.lt\/elparduotuve\/#website"},"primaryImageOfPage":{"@id":"https:\/\/anivet.lt\/elparduotuve\/produktas\/platinum-vetactive-pasaras-sunims-turintiems-virssvorio-su-vistiena\/#primaryimage"},"image":{"@id":"https:\/\/anivet.lt\/elparduotuve\/produktas\/platinum-vetactive-pasaras-sunims-turintiems-virssvorio-su-vistiena\/#primaryimage"},"thumbnailUrl":"https:\/\/anivet.lt\/elparduotuve\/wp-content\/uploads\/2024\/07\/platinum-mazo-kaloringumo.webp","datePublished":"2024-07-11T08:29:05+00:00","dateModified":"2026-05-08T13:50:06+00:00","description":"Auk\u0161\u010diausios kokyb\u0117s pasirinkimas j\u016bs\u0173 \u0161uniui, kuris ne tik padeda kontroliuoti svor\u012f, bet ir u\u017etikrina visapusi\u0161k\u0105 sveikatos palaikym\u0105. \u0160io pa\u0161aro unikali gamybos technologija leid\u017eia i\u0161saugoti maistines med\u017eiagas, u\u017etikrinant puik\u0173 skon\u012f ir lengv\u0105 vir\u0161kinim\u0105.","breadcrumb":{"@id":"https:\/\/anivet.lt\/elparduotuve\/produktas\/platinum-vetactive-pasaras-sunims-turintiems-virssvorio-su-vistiena\/#breadcrumb"},"inLanguage":"lt-LT","potentialAction":[{"@type":"ReadAction","target":["https:\/\/anivet.lt\/elparduotuve\/produktas\/platinum-vetactive-pasaras-sunims-turintiems-virssvorio-su-vistiena\/"]}]},{"@type":"ImageObject","inLanguage":"lt-LT","@id":"https:\/\/anivet.lt\/elparduotuve\/produktas\/platinum-vetactive-pasaras-sunims-turintiems-virssvorio-su-vistiena\/#primaryimage","url":"https:\/\/anivet.lt\/elparduotuve\/wp-content\/uploads\/2024\/07\/platinum-mazo-kaloringumo.webp","contentUrl":"https:\/\/anivet.lt\/elparduotuve\/wp-content\/uploads\/2024\/07\/platinum-mazo-kaloringumo.webp","width":800,"height":800,"caption":"Platinum VetActive pa\u0161aras \u0161unims turintiems vir\u0161svorio su vi\u0161tiena"},{"@type":"BreadcrumbList","@id":"https:\/\/anivet.lt\/elparduotuve\/produktas\/platinum-vetactive-pasaras-sunims-turintiems-virssvorio-su-vistiena\/#breadcrumb","itemListElement":[{"@type":"ListItem","position":1,"name":"Home","item":"https:\/\/anivet.lt\/elparduotuve\/"},{"@type":"ListItem","position":2,"name":"Produktai","item":"https:\/\/anivet.lt\/elparduotuve\/produktai\/"},{"@type":"ListItem","position":3,"name":"Platinum VetActive pa\u0161aras \u0161unims turintiems vir\u0161svorio su vi\u0161tiena"}]},{"@type":"WebSite","@id":"https:\/\/anivet.lt\/elparduotuve\/#website","url":"https:\/\/anivet.lt\/elparduotuve\/","name":"anivet.lt","description":"Viskas J\u016bs\u0173 \u0161uns, kat\u0117s prie\u017ei\u016brai","publisher":{"@id":"https:\/\/anivet.lt\/elparduotuve\/#organization"},"alternateName":"Viskas J\u016bs\u0173 \u0161uns, kat\u0117s prie\u017ei\u016brai","potentialAction":[{"@type":"SearchAction","target":{"@type":"EntryPoint","urlTemplate":"https:\/\/anivet.lt\/elparduotuve\/?s={search_term_string}"},"query-input":{"@type":"PropertyValueSpecification","valueRequired":true,"valueName":"search_term_string"}}],"inLanguage":"lt-LT"},{"@type":"Organization","@id":"https:\/\/anivet.lt\/elparduotuve\/#organization","name":"Viskas J\u016bs\u0173 \u0161uns, kat\u0117s prie\u017ei\u016brai","url":"https:\/\/anivet.lt\/elparduotuve\/","logo":{"@type":"ImageObject","inLanguage":"lt-LT","@id":"https:\/\/anivet.lt\/elparduotuve\/#\/schema\/logo\/image\/","url":"https:\/\/anivet.lt\/elparduotuve\/wp-content\/uploads\/2023\/06\/logo2.jpg","contentUrl":"https:\/\/anivet.lt\/elparduotuve\/wp-content\/uploads\/2023\/06\/logo2.jpg","width":655,"height":194,"caption":"Viskas J\u016bs\u0173 \u0161uns, kat\u0117s prie\u017ei\u016brai"},"image":{"@id":"https:\/\/anivet.lt\/elparduotuve\/#\/schema\/logo\/image\/"}}]}},"_links":{"self":[{"href":"https:\/\/anivet.lt\/elparduotuve\/wp-json\/wp\/v2\/product\/14171","targetHints":{"allow":["GET"]}}],"collection":[{"href":"https:\/\/anivet.lt\/elparduotuve\/wp-json\/wp\/v2\/product"}],"about":[{"href":"https:\/\/anivet.lt\/elparduotuve\/wp-json\/wp\/v2\/types\/product"}],"wp:featuredmedia":[{"embeddable":true,"href":"https:\/\/anivet.lt\/elparduotuve\/wp-json\/wp\/v2\/media\/14172"}],"wp:attachment":[{"href":"https:\/\/anivet.lt\/elparduotuve\/wp-json\/wp\/v2\/media?parent=14171"}],"wp:term":[{"taxonomy":"product_brand","embeddable":true,"href":"https:\/\/anivet.lt\/elparduotuve\/wp-json\/wp\/v2\/product_brand?post=14171"},{"taxonomy":"product_cat","embeddable":true,"href":"https:\/\/anivet.lt\/elparduotuve\/wp-json\/wp\/v2\/product_cat?post=14171"},{"taxonomy":"product_tag","embeddable":true,"href":"https:\/\/anivet.lt\/elparduotuve\/wp-json\/wp\/v2\/product_tag?post=14171"}],"curies":[{"name":"wp","href":"https:\/\/api.w.org\/{rel}","templated":true}]}}