{"id":14183,"date":"2024-07-11T19:04:11","date_gmt":"2024-07-11T19:04:11","guid":{"rendered":"https:\/\/anivet.lt\/elparduotuve\/?post_type=product&#038;p=14183"},"modified":"2025-07-15T07:23:44","modified_gmt":"2025-07-15T07:23:44","slug":"josera-help-liver-dog-dry-sausas-maistas-sunims-900g","status":"publish","type":"product","link":"https:\/\/anivet.lt\/elparduotuve\/produktas\/josera-help-liver-dog-dry-sausas-maistas-sunims-900g\/","title":{"rendered":"Josera Help Liver Dog Dry sausas maistas \u0161unims 900g"},"content":{"rendered":"<ul>\n<li style=\"font-weight: 400;\" aria-level=\"1\"><span style=\"font-weight: 400;\">Ma\u017eesnis vario kiekis: Padeda suma\u017einti vario kaupim\u0105si kepenyse.<\/span><\/li>\n<li style=\"font-weight: 400;\" aria-level=\"1\"><span style=\"font-weight: 400;\">Fitogen\u0173 kompleksas: Margainis tradici\u0161kai naudojamas kepen\u0173 funkcijos stiprinimui.<\/span><\/li>\n<li style=\"font-weight: 400;\" aria-level=\"1\"><span style=\"font-weight: 400;\">Suma\u017eintas baltym\u0173 kiekis: Palengvina kepen\u0173 metabolinius procesus.<\/span><\/li>\n<li style=\"font-weight: 400;\" aria-level=\"1\"><span style=\"font-weight: 400;\">Papildomas palaikymas: L-karnitinas ir vitaminas C padeda palaikyti kepen\u0173 veikl\u0105.<\/span><\/li>\n<li style=\"font-weight: 400;\" aria-level=\"1\"><span style=\"font-weight: 400;\">Pilnai subalansuota sud\u0117tis: U\u017etikrina visus b\u016btinuosius elementus kasdieninei mitybai ir sveikatai.<\/span><\/li>\n<\/ul>\n<p><span style=\"font-weight: 400;\">Specializuotas sprendimas \u0161unims, kuriems reikia paramos kepen\u0173 funkcijai palaikyti. Jo i\u0161skirtin\u0117 formul\u0117 su margainiu, suma\u017eintu vario ir baltym\u0173 kiekiu bei palaikantys ingredientai, tokie kaip L-karnitinas ir vitaminas C, prisideda prie efektyvesn\u0117s kepen\u0173 veiklos ir bendros \u0161uns gerov\u0117s.<\/span><\/p>\n","protected":false},"excerpt":{"rendered":"<p><span style=\"color: #000000;\"><strong><span style=\"color: #ff0000;\">D\u0117l u\u017esakymo teirautis tel. +370 671 55300 arba fizin\u0117je parduotuv\u0117je.<\/span><\/strong> <\/span><\/p>\n<p><span style=\"font-weight: 400;\">\u0160is dietinis pa\u0161aras skirtas palaikyti kepen\u0173 funkcij\u0105 suaugusiems \u0161unims, sergantiems l\u0117tiniu kepen\u0173 nepakankamumu ar turintiems vario kaupimosi problem\u0173. Speciali sud\u0117tis su ma\u017eesniu baltym\u0173 ir vario kiekiu palengvina kepen\u0173 darb\u0105 ir palaiko organ\u0173 sveikat\u0105.<\/span><\/p>\n","protected":false},"featured_media":14184,"template":"","meta":[],"product_brand":[],"product_cat":[101,103,107,334],"product_tag":[],"class_list":{"0":"post-14183","1":"product","2":"type-product","3":"status-publish","4":"has-post-thumbnail","6":"product_cat-sunims","7":"product_cat-sunu-maistas","8":"product_cat-veterinarine-dieta","9":"product_cat-josera-sunu-maistas","10":"pa_prekinis-zenklas-josera-help","12":"first","13":"instock","14":"taxable","15":"shipping-taxable","16":"product-type-simple"},"yoast_head":"<!-- This site is optimized with the Yoast SEO Premium plugin v27.1 (Yoast SEO v27.5) - https:\/\/yoast.com\/product\/yoast-seo-premium-wordpress\/ -->\n<title>Josera Help Liver Dog Dry sausas maistas \u0161unims 900g - anivet.lt<\/title>\n<meta name=\"description\" content=\"D\u0117l u\u017esakymo teirautis tel. +370 671 55300 arba fizin\u0117je parduotuv\u0117je.   \u0160is dietinis pa\u0161aras skirtas palaikyti kepen\u0173 funkcij\u0105 suaugusiems \u0161unims, sergantiems l\u0117tiniu kepen\u0173 nepakankamumu ar turintiems vario kaupimosi problem\u0173. Speciali sud\u0117tis su ma\u017eesniu baltym\u0173 ir vario kiekiu palengvina kepen\u0173 darb\u0105 ir palaiko organ\u0173 sveikat\u0105.\" \/>\n<meta name=\"robots\" content=\"index, follow, max-snippet:-1, max-image-preview:large, max-video-preview:-1\" \/>\n<link rel=\"canonical\" href=\"https:\/\/anivet.lt\/elparduotuve\/produktas\/josera-help-liver-dog-dry-sausas-maistas-sunims-900g\/\" \/>\n<meta property=\"og:locale\" content=\"lt_LT\" \/>\n<meta property=\"og:type\" content=\"article\" \/>\n<meta property=\"og:title\" content=\"Josera Help Liver Dog Dry sausas maistas \u0161unims 900g\" \/>\n<meta property=\"og:description\" content=\"D\u0117l u\u017esakymo teirautis tel. +370 671 55300 arba fizin\u0117je parduotuv\u0117je.   \u0160is dietinis pa\u0161aras skirtas palaikyti kepen\u0173 funkcij\u0105 suaugusiems \u0161unims, sergantiems l\u0117tiniu kepen\u0173 nepakankamumu ar turintiems vario kaupimosi problem\u0173. Speciali sud\u0117tis su ma\u017eesniu baltym\u0173 ir vario kiekiu palengvina kepen\u0173 darb\u0105 ir palaiko organ\u0173 sveikat\u0105.\" \/>\n<meta property=\"og:url\" content=\"https:\/\/anivet.lt\/elparduotuve\/produktas\/josera-help-liver-dog-dry-sausas-maistas-sunims-900g\/\" \/>\n<meta property=\"og:site_name\" content=\"anivet.lt\" \/>\n<meta property=\"article:modified_time\" content=\"2025-07-15T07:23:44+00:00\" \/>\n<meta property=\"og:image\" content=\"https:\/\/anivet.lt\/elparduotuve\/wp-content\/uploads\/2024\/07\/josera-help-liver-900g.png\" \/>\n\t<meta property=\"og:image:width\" content=\"390\" \/>\n\t<meta property=\"og:image:height\" content=\"600\" \/>\n\t<meta property=\"og:image:type\" content=\"image\/png\" \/>\n<meta name=\"twitter:card\" content=\"summary_large_image\" \/>\n<meta name=\"twitter:label1\" content=\"Est. reading time\" \/>\n\t<meta name=\"twitter:data1\" content=\"1 minut\u0117\" \/>\n<script type=\"application\/ld+json\" class=\"yoast-schema-graph\">{\"@context\":\"https:\\\/\\\/schema.org\",\"@graph\":[{\"@type\":\"WebPage\",\"@id\":\"https:\\\/\\\/anivet.lt\\\/elparduotuve\\\/produktas\\\/josera-help-liver-dog-dry-sausas-maistas-sunims-900g\\\/\",\"url\":\"https:\\\/\\\/anivet.lt\\\/elparduotuve\\\/produktas\\\/josera-help-liver-dog-dry-sausas-maistas-sunims-900g\\\/\",\"name\":\"Josera Help Liver Dog Dry sausas maistas \u0161unims 900g - anivet.lt\",\"isPartOf\":{\"@id\":\"https:\\\/\\\/anivet.lt\\\/elparduotuve\\\/#website\"},\"primaryImageOfPage\":{\"@id\":\"https:\\\/\\\/anivet.lt\\\/elparduotuve\\\/produktas\\\/josera-help-liver-dog-dry-sausas-maistas-sunims-900g\\\/#primaryimage\"},\"image\":{\"@id\":\"https:\\\/\\\/anivet.lt\\\/elparduotuve\\\/produktas\\\/josera-help-liver-dog-dry-sausas-maistas-sunims-900g\\\/#primaryimage\"},\"thumbnailUrl\":\"https:\\\/\\\/anivet.lt\\\/elparduotuve\\\/wp-content\\\/uploads\\\/2024\\\/07\\\/josera-help-liver-900g.png\",\"datePublished\":\"2024-07-11T19:04:11+00:00\",\"dateModified\":\"2025-07-15T07:23:44+00:00\",\"description\":\"D\u0117l u\u017esakymo teirautis tel. +370 671 55300 arba fizin\u0117je parduotuv\u0117je. \u0160is dietinis pa\u0161aras skirtas palaikyti kepen\u0173 funkcij\u0105 suaugusiems \u0161unims, sergantiems l\u0117tiniu kepen\u0173 nepakankamumu ar turintiems vario kaupimosi problem\u0173. Speciali sud\u0117tis su ma\u017eesniu baltym\u0173 ir vario kiekiu palengvina kepen\u0173 darb\u0105 ir palaiko organ\u0173 sveikat\u0105.\",\"breadcrumb\":{\"@id\":\"https:\\\/\\\/anivet.lt\\\/elparduotuve\\\/produktas\\\/josera-help-liver-dog-dry-sausas-maistas-sunims-900g\\\/#breadcrumb\"},\"inLanguage\":\"lt-LT\",\"potentialAction\":[{\"@type\":\"ReadAction\",\"target\":[\"https:\\\/\\\/anivet.lt\\\/elparduotuve\\\/produktas\\\/josera-help-liver-dog-dry-sausas-maistas-sunims-900g\\\/\"]}]},{\"@type\":\"ImageObject\",\"inLanguage\":\"lt-LT\",\"@id\":\"https:\\\/\\\/anivet.lt\\\/elparduotuve\\\/produktas\\\/josera-help-liver-dog-dry-sausas-maistas-sunims-900g\\\/#primaryimage\",\"url\":\"https:\\\/\\\/anivet.lt\\\/elparduotuve\\\/wp-content\\\/uploads\\\/2024\\\/07\\\/josera-help-liver-900g.png\",\"contentUrl\":\"https:\\\/\\\/anivet.lt\\\/elparduotuve\\\/wp-content\\\/uploads\\\/2024\\\/07\\\/josera-help-liver-900g.png\",\"width\":390,\"height\":600,\"caption\":\"Josera Help Liver Dog Dry sausas maistas \u0161unims 900g\"},{\"@type\":\"BreadcrumbList\",\"@id\":\"https:\\\/\\\/anivet.lt\\\/elparduotuve\\\/produktas\\\/josera-help-liver-dog-dry-sausas-maistas-sunims-900g\\\/#breadcrumb\",\"itemListElement\":[{\"@type\":\"ListItem\",\"position\":1,\"name\":\"Home\",\"item\":\"https:\\\/\\\/anivet.lt\\\/elparduotuve\\\/\"},{\"@type\":\"ListItem\",\"position\":2,\"name\":\"Produktai\",\"item\":\"https:\\\/\\\/anivet.lt\\\/elparduotuve\\\/produktai\\\/\"},{\"@type\":\"ListItem\",\"position\":3,\"name\":\"Josera Help Liver Dog Dry sausas maistas \u0161unims 900g\"}]},{\"@type\":\"WebSite\",\"@id\":\"https:\\\/\\\/anivet.lt\\\/elparduotuve\\\/#website\",\"url\":\"https:\\\/\\\/anivet.lt\\\/elparduotuve\\\/\",\"name\":\"anivet.lt\",\"description\":\"Viskas J\u016bs\u0173 \u0161uns, kat\u0117s prie\u017ei\u016brai\",\"publisher\":{\"@id\":\"https:\\\/\\\/anivet.lt\\\/elparduotuve\\\/#organization\"},\"alternateName\":\"Viskas J\u016bs\u0173 \u0161uns, kat\u0117s prie\u017ei\u016brai\",\"potentialAction\":[{\"@type\":\"SearchAction\",\"target\":{\"@type\":\"EntryPoint\",\"urlTemplate\":\"https:\\\/\\\/anivet.lt\\\/elparduotuve\\\/?s={search_term_string}\"},\"query-input\":{\"@type\":\"PropertyValueSpecification\",\"valueRequired\":true,\"valueName\":\"search_term_string\"}}],\"inLanguage\":\"lt-LT\"},{\"@type\":\"Organization\",\"@id\":\"https:\\\/\\\/anivet.lt\\\/elparduotuve\\\/#organization\",\"name\":\"Viskas J\u016bs\u0173 \u0161uns, kat\u0117s prie\u017ei\u016brai\",\"url\":\"https:\\\/\\\/anivet.lt\\\/elparduotuve\\\/\",\"logo\":{\"@type\":\"ImageObject\",\"inLanguage\":\"lt-LT\",\"@id\":\"https:\\\/\\\/anivet.lt\\\/elparduotuve\\\/#\\\/schema\\\/logo\\\/image\\\/\",\"url\":\"https:\\\/\\\/anivet.lt\\\/elparduotuve\\\/wp-content\\\/uploads\\\/2023\\\/06\\\/logo2.jpg\",\"contentUrl\":\"https:\\\/\\\/anivet.lt\\\/elparduotuve\\\/wp-content\\\/uploads\\\/2023\\\/06\\\/logo2.jpg\",\"width\":655,\"height\":194,\"caption\":\"Viskas J\u016bs\u0173 \u0161uns, kat\u0117s prie\u017ei\u016brai\"},\"image\":{\"@id\":\"https:\\\/\\\/anivet.lt\\\/elparduotuve\\\/#\\\/schema\\\/logo\\\/image\\\/\"}}]}<\/script>\n<!-- \/ Yoast SEO Premium plugin. -->","yoast_head_json":{"title":"Josera Help Liver Dog Dry sausas maistas \u0161unims 900g - anivet.lt","description":"D\u0117l u\u017esakymo teirautis tel. +370 671 55300 arba fizin\u0117je parduotuv\u0117je.   \u0160is dietinis pa\u0161aras skirtas palaikyti kepen\u0173 funkcij\u0105 suaugusiems \u0161unims, sergantiems l\u0117tiniu kepen\u0173 nepakankamumu ar turintiems vario kaupimosi problem\u0173. Speciali sud\u0117tis su ma\u017eesniu baltym\u0173 ir vario kiekiu palengvina kepen\u0173 darb\u0105 ir palaiko organ\u0173 sveikat\u0105.","robots":{"index":"index","follow":"follow","max-snippet":"max-snippet:-1","max-image-preview":"max-image-preview:large","max-video-preview":"max-video-preview:-1"},"canonical":"https:\/\/anivet.lt\/elparduotuve\/produktas\/josera-help-liver-dog-dry-sausas-maistas-sunims-900g\/","og_locale":"lt_LT","og_type":"article","og_title":"Josera Help Liver Dog Dry sausas maistas \u0161unims 900g","og_description":"D\u0117l u\u017esakymo teirautis tel. +370 671 55300 arba fizin\u0117je parduotuv\u0117je.   \u0160is dietinis pa\u0161aras skirtas palaikyti kepen\u0173 funkcij\u0105 suaugusiems \u0161unims, sergantiems l\u0117tiniu kepen\u0173 nepakankamumu ar turintiems vario kaupimosi problem\u0173. Speciali sud\u0117tis su ma\u017eesniu baltym\u0173 ir vario kiekiu palengvina kepen\u0173 darb\u0105 ir palaiko organ\u0173 sveikat\u0105.","og_url":"https:\/\/anivet.lt\/elparduotuve\/produktas\/josera-help-liver-dog-dry-sausas-maistas-sunims-900g\/","og_site_name":"anivet.lt","article_modified_time":"2025-07-15T07:23:44+00:00","og_image":[{"width":390,"height":600,"url":"https:\/\/anivet.lt\/elparduotuve\/wp-content\/uploads\/2024\/07\/josera-help-liver-900g.png","type":"image\/png"}],"twitter_card":"summary_large_image","twitter_misc":{"Est. reading time":"1 minut\u0117"},"schema":{"@context":"https:\/\/schema.org","@graph":[{"@type":"WebPage","@id":"https:\/\/anivet.lt\/elparduotuve\/produktas\/josera-help-liver-dog-dry-sausas-maistas-sunims-900g\/","url":"https:\/\/anivet.lt\/elparduotuve\/produktas\/josera-help-liver-dog-dry-sausas-maistas-sunims-900g\/","name":"Josera Help Liver Dog Dry sausas maistas \u0161unims 900g - anivet.lt","isPartOf":{"@id":"https:\/\/anivet.lt\/elparduotuve\/#website"},"primaryImageOfPage":{"@id":"https:\/\/anivet.lt\/elparduotuve\/produktas\/josera-help-liver-dog-dry-sausas-maistas-sunims-900g\/#primaryimage"},"image":{"@id":"https:\/\/anivet.lt\/elparduotuve\/produktas\/josera-help-liver-dog-dry-sausas-maistas-sunims-900g\/#primaryimage"},"thumbnailUrl":"https:\/\/anivet.lt\/elparduotuve\/wp-content\/uploads\/2024\/07\/josera-help-liver-900g.png","datePublished":"2024-07-11T19:04:11+00:00","dateModified":"2025-07-15T07:23:44+00:00","description":"D\u0117l u\u017esakymo teirautis tel. +370 671 55300 arba fizin\u0117je parduotuv\u0117je. \u0160is dietinis pa\u0161aras skirtas palaikyti kepen\u0173 funkcij\u0105 suaugusiems \u0161unims, sergantiems l\u0117tiniu kepen\u0173 nepakankamumu ar turintiems vario kaupimosi problem\u0173. Speciali sud\u0117tis su ma\u017eesniu baltym\u0173 ir vario kiekiu palengvina kepen\u0173 darb\u0105 ir palaiko organ\u0173 sveikat\u0105.","breadcrumb":{"@id":"https:\/\/anivet.lt\/elparduotuve\/produktas\/josera-help-liver-dog-dry-sausas-maistas-sunims-900g\/#breadcrumb"},"inLanguage":"lt-LT","potentialAction":[{"@type":"ReadAction","target":["https:\/\/anivet.lt\/elparduotuve\/produktas\/josera-help-liver-dog-dry-sausas-maistas-sunims-900g\/"]}]},{"@type":"ImageObject","inLanguage":"lt-LT","@id":"https:\/\/anivet.lt\/elparduotuve\/produktas\/josera-help-liver-dog-dry-sausas-maistas-sunims-900g\/#primaryimage","url":"https:\/\/anivet.lt\/elparduotuve\/wp-content\/uploads\/2024\/07\/josera-help-liver-900g.png","contentUrl":"https:\/\/anivet.lt\/elparduotuve\/wp-content\/uploads\/2024\/07\/josera-help-liver-900g.png","width":390,"height":600,"caption":"Josera Help Liver Dog Dry sausas maistas \u0161unims 900g"},{"@type":"BreadcrumbList","@id":"https:\/\/anivet.lt\/elparduotuve\/produktas\/josera-help-liver-dog-dry-sausas-maistas-sunims-900g\/#breadcrumb","itemListElement":[{"@type":"ListItem","position":1,"name":"Home","item":"https:\/\/anivet.lt\/elparduotuve\/"},{"@type":"ListItem","position":2,"name":"Produktai","item":"https:\/\/anivet.lt\/elparduotuve\/produktai\/"},{"@type":"ListItem","position":3,"name":"Josera Help Liver Dog Dry sausas maistas \u0161unims 900g"}]},{"@type":"WebSite","@id":"https:\/\/anivet.lt\/elparduotuve\/#website","url":"https:\/\/anivet.lt\/elparduotuve\/","name":"anivet.lt","description":"Viskas J\u016bs\u0173 \u0161uns, kat\u0117s prie\u017ei\u016brai","publisher":{"@id":"https:\/\/anivet.lt\/elparduotuve\/#organization"},"alternateName":"Viskas J\u016bs\u0173 \u0161uns, kat\u0117s prie\u017ei\u016brai","potentialAction":[{"@type":"SearchAction","target":{"@type":"EntryPoint","urlTemplate":"https:\/\/anivet.lt\/elparduotuve\/?s={search_term_string}"},"query-input":{"@type":"PropertyValueSpecification","valueRequired":true,"valueName":"search_term_string"}}],"inLanguage":"lt-LT"},{"@type":"Organization","@id":"https:\/\/anivet.lt\/elparduotuve\/#organization","name":"Viskas J\u016bs\u0173 \u0161uns, kat\u0117s prie\u017ei\u016brai","url":"https:\/\/anivet.lt\/elparduotuve\/","logo":{"@type":"ImageObject","inLanguage":"lt-LT","@id":"https:\/\/anivet.lt\/elparduotuve\/#\/schema\/logo\/image\/","url":"https:\/\/anivet.lt\/elparduotuve\/wp-content\/uploads\/2023\/06\/logo2.jpg","contentUrl":"https:\/\/anivet.lt\/elparduotuve\/wp-content\/uploads\/2023\/06\/logo2.jpg","width":655,"height":194,"caption":"Viskas J\u016bs\u0173 \u0161uns, kat\u0117s prie\u017ei\u016brai"},"image":{"@id":"https:\/\/anivet.lt\/elparduotuve\/#\/schema\/logo\/image\/"}}]}},"_links":{"self":[{"href":"https:\/\/anivet.lt\/elparduotuve\/wp-json\/wp\/v2\/product\/14183","targetHints":{"allow":["GET"]}}],"collection":[{"href":"https:\/\/anivet.lt\/elparduotuve\/wp-json\/wp\/v2\/product"}],"about":[{"href":"https:\/\/anivet.lt\/elparduotuve\/wp-json\/wp\/v2\/types\/product"}],"wp:featuredmedia":[{"embeddable":true,"href":"https:\/\/anivet.lt\/elparduotuve\/wp-json\/wp\/v2\/media\/14184"}],"wp:attachment":[{"href":"https:\/\/anivet.lt\/elparduotuve\/wp-json\/wp\/v2\/media?parent=14183"}],"wp:term":[{"taxonomy":"product_brand","embeddable":true,"href":"https:\/\/anivet.lt\/elparduotuve\/wp-json\/wp\/v2\/product_brand?post=14183"},{"taxonomy":"product_cat","embeddable":true,"href":"https:\/\/anivet.lt\/elparduotuve\/wp-json\/wp\/v2\/product_cat?post=14183"},{"taxonomy":"product_tag","embeddable":true,"href":"https:\/\/anivet.lt\/elparduotuve\/wp-json\/wp\/v2\/product_tag?post=14183"}],"curies":[{"name":"wp","href":"https:\/\/api.w.org\/{rel}","templated":true}]}}