{"id":14234,"date":"2024-07-18T11:02:26","date_gmt":"2024-07-18T11:02:26","guid":{"rendered":"https:\/\/anivet.lt\/elparduotuve\/?post_type=product&#038;p=14234"},"modified":"2026-04-21T08:34:30","modified_gmt":"2026-04-21T08:34:30","slug":"meowing-heads-paw-lickin-katems-su-vistiena-zuvimi-4kg","status":"publish","type":"product","link":"https:\/\/anivet.lt\/elparduotuve\/produktas\/meowing-heads-paw-lickin-katems-su-vistiena-zuvimi-4kg\/","title":{"rendered":"MEOWING HEADS Paw Lickin kat\u0117ms su vi\u0161tiena\/\u017euvimi 4kg"},"content":{"rendered":"<ul>\n<li style=\"font-weight: 400;\" aria-level=\"1\"><span style=\"font-weight: 400;\">32% vi\u0161tienos ir \u017euvies: Vi\u0161tiena, d\u017eiovinta \u017euvis (la\u0161i\u0161a, tunas, \u0161iaurinis \u017eydrasis merlangas) ir kiau\u0161iniai u\u017etikrina auk\u0161tos kokyb\u0117s baltym\u0173 tiekim\u0105.<\/span><\/li>\n<li style=\"font-weight: 400;\" aria-level=\"1\"><span style=\"font-weight: 400;\">Omega riebal\u0173 r\u016bg\u0161tys: Omega-6 (3.5%) ir Omega-3 (0.8%) riebal\u0173 r\u016bg\u0161tys palaiko sveik\u0105 od\u0105 ir blizgant\u012f kail\u012f.<\/span><\/li>\n<li style=\"font-weight: 400;\" aria-level=\"1\"><span style=\"font-weight: 400;\">Subalansuoti ingredientai: Sud\u0117tyje yra rudieji ry\u017eiai, morkos, spanguol\u0117s ir j\u016bros dumbli\u0173 milteliai, kurie padeda u\u017etikrinti vir\u0161kinimo sveikat\u0105 ir imunin\u0119 sistem\u0105.<\/span><\/li>\n<li style=\"font-weight: 400;\" aria-level=\"1\"><span style=\"font-weight: 400;\">Didelis baltym\u0173 kiekis: 38% \u017eali\u0173 baltym\u0173 padeda palaikyti raumen\u0173 sveikat\u0105 ir energijos lyg\u012f.<\/span><\/li>\n<li style=\"font-weight: 400;\" aria-level=\"1\"><span style=\"font-weight: 400;\">Maistiniai priedai: Taurinas, vitaminai A, D3, E, cinkas, manganas ir varis palaiko bendr\u0105 sveikat\u0105 ir energij\u0105.<\/span><\/li>\n<\/ul>\n<p><span style=\"font-weight: 400;\">\u201eMEOWING HEADS Paw Lickin\u2019\u201c pa\u0161aras su vi\u0161tiena, \u017euvimi ir kiau\u0161iniais yra idealiai subalansuotas j\u016bs\u0173 katei, kad ji gaut\u0173 visus reikalingus maisto elementus. \u0160is pa\u0161aras u\u017etikrina j\u016bs\u0173 augintinio sveik\u0105 kail\u012f, od\u0105 ir bendr\u0105 gerov\u0119.<\/span><\/p>\n","protected":false},"excerpt":{"rendered":"<p><span style=\"font-weight: 400;\">Pa\u0161aras kat\u0117ms su vi\u0161tiena, \u017euvimi ir kiau\u0161iniais \u2013 subalansuotas ir pilnavertis maistas suaugusioms kat\u0117ms. \u0160is pa\u0161aras sukurtas naudojant auk\u0161\u010diausios kokyb\u0117s ingredientus, kad u\u017etikrint\u0173 j\u016bs\u0173 katei pilnavert\u0119 mityb\u0105, suteikiant reikalingus baltymus ir maistines med\u017eiagas.<\/span><\/p>\n","protected":false},"featured_media":14235,"template":"","meta":[],"product_brand":[],"product_cat":[114,115,102,443],"product_tag":[],"class_list":{"0":"post-14234","1":"product","2":"type-product","3":"status-publish","4":"has-post-thumbnail","6":"product_cat-kaciu-maistas","7":"product_cat-sausas-maistas-ir-skanestai-katems","8":"product_cat-katems","9":"product_cat-meowing-heads-kaciu-maistas","10":"pa_prekinis-zenklas-meowing-heads","12":"first","13":"instock","14":"taxable","15":"shipping-taxable","16":"purchasable","17":"product-type-simple"},"yoast_head":"<!-- This site is optimized with the Yoast SEO Premium plugin v27.1 (Yoast SEO v27.5) - https:\/\/yoast.com\/product\/yoast-seo-premium-wordpress\/ -->\n<title>MEOWING HEADS Paw Lickin kat\u0117ms su vi\u0161tiena\/\u017euvimi 4kg - anivet.lt<\/title>\n<meta name=\"description\" content=\"Pa\u0161aras kat\u0117ms su vi\u0161tiena, \u017euvimi ir kiau\u0161iniais \u2013 subalansuotas ir pilnavertis maistas suaugusioms kat\u0117ms. \u0160is pa\u0161aras sukurtas naudojant auk\u0161\u010diausios kokyb\u0117s ingredientus, kad u\u017etikrint\u0173 j\u016bs\u0173 katei pilnavert\u0119 mityb\u0105, suteikiant reikalingus baltymus ir maistines med\u017eiagas.\" \/>\n<meta name=\"robots\" content=\"index, follow, max-snippet:-1, max-image-preview:large, max-video-preview:-1\" \/>\n<link rel=\"canonical\" href=\"https:\/\/anivet.lt\/elparduotuve\/produktas\/meowing-heads-paw-lickin-katems-su-vistiena-zuvimi-4kg\/\" \/>\n<meta property=\"og:locale\" content=\"lt_LT\" \/>\n<meta property=\"og:type\" content=\"article\" \/>\n<meta property=\"og:title\" content=\"MEOWING HEADS Paw Lickin kat\u0117ms su vi\u0161tiena\/\u017euvimi 4kg\" \/>\n<meta property=\"og:description\" content=\"Pa\u0161aras kat\u0117ms su vi\u0161tiena, \u017euvimi ir kiau\u0161iniais \u2013 subalansuotas ir pilnavertis maistas suaugusioms kat\u0117ms. \u0160is pa\u0161aras sukurtas naudojant auk\u0161\u010diausios kokyb\u0117s ingredientus, kad u\u017etikrint\u0173 j\u016bs\u0173 katei pilnavert\u0119 mityb\u0105, suteikiant reikalingus baltymus ir maistines med\u017eiagas.\" \/>\n<meta property=\"og:url\" content=\"https:\/\/anivet.lt\/elparduotuve\/produktas\/meowing-heads-paw-lickin-katems-su-vistiena-zuvimi-4kg\/\" \/>\n<meta property=\"og:site_name\" content=\"anivet.lt\" \/>\n<meta property=\"article:modified_time\" content=\"2026-04-21T08:34:30+00:00\" \/>\n<meta property=\"og:image\" content=\"https:\/\/anivet.lt\/elparduotuve\/wp-content\/uploads\/2024\/07\/MCK_4kg1.jpg\" \/>\n\t<meta property=\"og:image:width\" content=\"800\" \/>\n\t<meta property=\"og:image:height\" content=\"800\" \/>\n\t<meta property=\"og:image:type\" content=\"image\/jpeg\" \/>\n<meta name=\"twitter:card\" content=\"summary_large_image\" \/>\n<meta name=\"twitter:label1\" content=\"Est. reading time\" \/>\n\t<meta name=\"twitter:data1\" content=\"1 minut\u0117\" \/>\n<script type=\"application\/ld+json\" class=\"yoast-schema-graph\">{\"@context\":\"https:\\\/\\\/schema.org\",\"@graph\":[{\"@type\":\"WebPage\",\"@id\":\"https:\\\/\\\/anivet.lt\\\/elparduotuve\\\/produktas\\\/meowing-heads-paw-lickin-katems-su-vistiena-zuvimi-4kg\\\/\",\"url\":\"https:\\\/\\\/anivet.lt\\\/elparduotuve\\\/produktas\\\/meowing-heads-paw-lickin-katems-su-vistiena-zuvimi-4kg\\\/\",\"name\":\"MEOWING HEADS Paw Lickin kat\u0117ms su vi\u0161tiena\\\/\u017euvimi 4kg - anivet.lt\",\"isPartOf\":{\"@id\":\"https:\\\/\\\/anivet.lt\\\/elparduotuve\\\/#website\"},\"primaryImageOfPage\":{\"@id\":\"https:\\\/\\\/anivet.lt\\\/elparduotuve\\\/produktas\\\/meowing-heads-paw-lickin-katems-su-vistiena-zuvimi-4kg\\\/#primaryimage\"},\"image\":{\"@id\":\"https:\\\/\\\/anivet.lt\\\/elparduotuve\\\/produktas\\\/meowing-heads-paw-lickin-katems-su-vistiena-zuvimi-4kg\\\/#primaryimage\"},\"thumbnailUrl\":\"https:\\\/\\\/anivet.lt\\\/elparduotuve\\\/wp-content\\\/uploads\\\/2024\\\/07\\\/MCK_4kg1.jpg\",\"datePublished\":\"2024-07-18T11:02:26+00:00\",\"dateModified\":\"2026-04-21T08:34:30+00:00\",\"description\":\"Pa\u0161aras kat\u0117ms su vi\u0161tiena, \u017euvimi ir kiau\u0161iniais \u2013 subalansuotas ir pilnavertis maistas suaugusioms kat\u0117ms. \u0160is pa\u0161aras sukurtas naudojant auk\u0161\u010diausios kokyb\u0117s ingredientus, kad u\u017etikrint\u0173 j\u016bs\u0173 katei pilnavert\u0119 mityb\u0105, suteikiant reikalingus baltymus ir maistines med\u017eiagas.\",\"breadcrumb\":{\"@id\":\"https:\\\/\\\/anivet.lt\\\/elparduotuve\\\/produktas\\\/meowing-heads-paw-lickin-katems-su-vistiena-zuvimi-4kg\\\/#breadcrumb\"},\"inLanguage\":\"lt-LT\",\"potentialAction\":[{\"@type\":\"ReadAction\",\"target\":[\"https:\\\/\\\/anivet.lt\\\/elparduotuve\\\/produktas\\\/meowing-heads-paw-lickin-katems-su-vistiena-zuvimi-4kg\\\/\"]}]},{\"@type\":\"ImageObject\",\"inLanguage\":\"lt-LT\",\"@id\":\"https:\\\/\\\/anivet.lt\\\/elparduotuve\\\/produktas\\\/meowing-heads-paw-lickin-katems-su-vistiena-zuvimi-4kg\\\/#primaryimage\",\"url\":\"https:\\\/\\\/anivet.lt\\\/elparduotuve\\\/wp-content\\\/uploads\\\/2024\\\/07\\\/MCK_4kg1.jpg\",\"contentUrl\":\"https:\\\/\\\/anivet.lt\\\/elparduotuve\\\/wp-content\\\/uploads\\\/2024\\\/07\\\/MCK_4kg1.jpg\",\"width\":800,\"height\":800,\"caption\":\"MEOWING HEADS Paw Lickin kat\u0117ms su vi\u0161tiena\\\/\u017euvimi 4kg\"},{\"@type\":\"BreadcrumbList\",\"@id\":\"https:\\\/\\\/anivet.lt\\\/elparduotuve\\\/produktas\\\/meowing-heads-paw-lickin-katems-su-vistiena-zuvimi-4kg\\\/#breadcrumb\",\"itemListElement\":[{\"@type\":\"ListItem\",\"position\":1,\"name\":\"Home\",\"item\":\"https:\\\/\\\/anivet.lt\\\/elparduotuve\\\/\"},{\"@type\":\"ListItem\",\"position\":2,\"name\":\"Produktai\",\"item\":\"https:\\\/\\\/anivet.lt\\\/elparduotuve\\\/produktai\\\/\"},{\"@type\":\"ListItem\",\"position\":3,\"name\":\"MEOWING HEADS Paw Lickin kat\u0117ms su vi\u0161tiena\\\/\u017euvimi 4kg\"}]},{\"@type\":\"WebSite\",\"@id\":\"https:\\\/\\\/anivet.lt\\\/elparduotuve\\\/#website\",\"url\":\"https:\\\/\\\/anivet.lt\\\/elparduotuve\\\/\",\"name\":\"anivet.lt\",\"description\":\"Viskas J\u016bs\u0173 \u0161uns, kat\u0117s prie\u017ei\u016brai\",\"publisher\":{\"@id\":\"https:\\\/\\\/anivet.lt\\\/elparduotuve\\\/#organization\"},\"alternateName\":\"Viskas J\u016bs\u0173 \u0161uns, kat\u0117s prie\u017ei\u016brai\",\"potentialAction\":[{\"@type\":\"SearchAction\",\"target\":{\"@type\":\"EntryPoint\",\"urlTemplate\":\"https:\\\/\\\/anivet.lt\\\/elparduotuve\\\/?s={search_term_string}\"},\"query-input\":{\"@type\":\"PropertyValueSpecification\",\"valueRequired\":true,\"valueName\":\"search_term_string\"}}],\"inLanguage\":\"lt-LT\"},{\"@type\":\"Organization\",\"@id\":\"https:\\\/\\\/anivet.lt\\\/elparduotuve\\\/#organization\",\"name\":\"Viskas J\u016bs\u0173 \u0161uns, kat\u0117s prie\u017ei\u016brai\",\"url\":\"https:\\\/\\\/anivet.lt\\\/elparduotuve\\\/\",\"logo\":{\"@type\":\"ImageObject\",\"inLanguage\":\"lt-LT\",\"@id\":\"https:\\\/\\\/anivet.lt\\\/elparduotuve\\\/#\\\/schema\\\/logo\\\/image\\\/\",\"url\":\"https:\\\/\\\/anivet.lt\\\/elparduotuve\\\/wp-content\\\/uploads\\\/2023\\\/06\\\/logo2.jpg\",\"contentUrl\":\"https:\\\/\\\/anivet.lt\\\/elparduotuve\\\/wp-content\\\/uploads\\\/2023\\\/06\\\/logo2.jpg\",\"width\":655,\"height\":194,\"caption\":\"Viskas J\u016bs\u0173 \u0161uns, kat\u0117s prie\u017ei\u016brai\"},\"image\":{\"@id\":\"https:\\\/\\\/anivet.lt\\\/elparduotuve\\\/#\\\/schema\\\/logo\\\/image\\\/\"}}]}<\/script>\n<!-- \/ Yoast SEO Premium plugin. -->","yoast_head_json":{"title":"MEOWING HEADS Paw Lickin kat\u0117ms su vi\u0161tiena\/\u017euvimi 4kg - anivet.lt","description":"Pa\u0161aras kat\u0117ms su vi\u0161tiena, \u017euvimi ir kiau\u0161iniais \u2013 subalansuotas ir pilnavertis maistas suaugusioms kat\u0117ms. \u0160is pa\u0161aras sukurtas naudojant auk\u0161\u010diausios kokyb\u0117s ingredientus, kad u\u017etikrint\u0173 j\u016bs\u0173 katei pilnavert\u0119 mityb\u0105, suteikiant reikalingus baltymus ir maistines med\u017eiagas.","robots":{"index":"index","follow":"follow","max-snippet":"max-snippet:-1","max-image-preview":"max-image-preview:large","max-video-preview":"max-video-preview:-1"},"canonical":"https:\/\/anivet.lt\/elparduotuve\/produktas\/meowing-heads-paw-lickin-katems-su-vistiena-zuvimi-4kg\/","og_locale":"lt_LT","og_type":"article","og_title":"MEOWING HEADS Paw Lickin kat\u0117ms su vi\u0161tiena\/\u017euvimi 4kg","og_description":"Pa\u0161aras kat\u0117ms su vi\u0161tiena, \u017euvimi ir kiau\u0161iniais \u2013 subalansuotas ir pilnavertis maistas suaugusioms kat\u0117ms. \u0160is pa\u0161aras sukurtas naudojant auk\u0161\u010diausios kokyb\u0117s ingredientus, kad u\u017etikrint\u0173 j\u016bs\u0173 katei pilnavert\u0119 mityb\u0105, suteikiant reikalingus baltymus ir maistines med\u017eiagas.","og_url":"https:\/\/anivet.lt\/elparduotuve\/produktas\/meowing-heads-paw-lickin-katems-su-vistiena-zuvimi-4kg\/","og_site_name":"anivet.lt","article_modified_time":"2026-04-21T08:34:30+00:00","og_image":[{"width":800,"height":800,"url":"https:\/\/anivet.lt\/elparduotuve\/wp-content\/uploads\/2024\/07\/MCK_4kg1.jpg","type":"image\/jpeg"}],"twitter_card":"summary_large_image","twitter_misc":{"Est. reading time":"1 minut\u0117"},"schema":{"@context":"https:\/\/schema.org","@graph":[{"@type":"WebPage","@id":"https:\/\/anivet.lt\/elparduotuve\/produktas\/meowing-heads-paw-lickin-katems-su-vistiena-zuvimi-4kg\/","url":"https:\/\/anivet.lt\/elparduotuve\/produktas\/meowing-heads-paw-lickin-katems-su-vistiena-zuvimi-4kg\/","name":"MEOWING HEADS Paw Lickin kat\u0117ms su vi\u0161tiena\/\u017euvimi 4kg - anivet.lt","isPartOf":{"@id":"https:\/\/anivet.lt\/elparduotuve\/#website"},"primaryImageOfPage":{"@id":"https:\/\/anivet.lt\/elparduotuve\/produktas\/meowing-heads-paw-lickin-katems-su-vistiena-zuvimi-4kg\/#primaryimage"},"image":{"@id":"https:\/\/anivet.lt\/elparduotuve\/produktas\/meowing-heads-paw-lickin-katems-su-vistiena-zuvimi-4kg\/#primaryimage"},"thumbnailUrl":"https:\/\/anivet.lt\/elparduotuve\/wp-content\/uploads\/2024\/07\/MCK_4kg1.jpg","datePublished":"2024-07-18T11:02:26+00:00","dateModified":"2026-04-21T08:34:30+00:00","description":"Pa\u0161aras kat\u0117ms su vi\u0161tiena, \u017euvimi ir kiau\u0161iniais \u2013 subalansuotas ir pilnavertis maistas suaugusioms kat\u0117ms. \u0160is pa\u0161aras sukurtas naudojant auk\u0161\u010diausios kokyb\u0117s ingredientus, kad u\u017etikrint\u0173 j\u016bs\u0173 katei pilnavert\u0119 mityb\u0105, suteikiant reikalingus baltymus ir maistines med\u017eiagas.","breadcrumb":{"@id":"https:\/\/anivet.lt\/elparduotuve\/produktas\/meowing-heads-paw-lickin-katems-su-vistiena-zuvimi-4kg\/#breadcrumb"},"inLanguage":"lt-LT","potentialAction":[{"@type":"ReadAction","target":["https:\/\/anivet.lt\/elparduotuve\/produktas\/meowing-heads-paw-lickin-katems-su-vistiena-zuvimi-4kg\/"]}]},{"@type":"ImageObject","inLanguage":"lt-LT","@id":"https:\/\/anivet.lt\/elparduotuve\/produktas\/meowing-heads-paw-lickin-katems-su-vistiena-zuvimi-4kg\/#primaryimage","url":"https:\/\/anivet.lt\/elparduotuve\/wp-content\/uploads\/2024\/07\/MCK_4kg1.jpg","contentUrl":"https:\/\/anivet.lt\/elparduotuve\/wp-content\/uploads\/2024\/07\/MCK_4kg1.jpg","width":800,"height":800,"caption":"MEOWING HEADS Paw Lickin kat\u0117ms su vi\u0161tiena\/\u017euvimi 4kg"},{"@type":"BreadcrumbList","@id":"https:\/\/anivet.lt\/elparduotuve\/produktas\/meowing-heads-paw-lickin-katems-su-vistiena-zuvimi-4kg\/#breadcrumb","itemListElement":[{"@type":"ListItem","position":1,"name":"Home","item":"https:\/\/anivet.lt\/elparduotuve\/"},{"@type":"ListItem","position":2,"name":"Produktai","item":"https:\/\/anivet.lt\/elparduotuve\/produktai\/"},{"@type":"ListItem","position":3,"name":"MEOWING HEADS Paw Lickin kat\u0117ms su vi\u0161tiena\/\u017euvimi 4kg"}]},{"@type":"WebSite","@id":"https:\/\/anivet.lt\/elparduotuve\/#website","url":"https:\/\/anivet.lt\/elparduotuve\/","name":"anivet.lt","description":"Viskas J\u016bs\u0173 \u0161uns, kat\u0117s prie\u017ei\u016brai","publisher":{"@id":"https:\/\/anivet.lt\/elparduotuve\/#organization"},"alternateName":"Viskas J\u016bs\u0173 \u0161uns, kat\u0117s prie\u017ei\u016brai","potentialAction":[{"@type":"SearchAction","target":{"@type":"EntryPoint","urlTemplate":"https:\/\/anivet.lt\/elparduotuve\/?s={search_term_string}"},"query-input":{"@type":"PropertyValueSpecification","valueRequired":true,"valueName":"search_term_string"}}],"inLanguage":"lt-LT"},{"@type":"Organization","@id":"https:\/\/anivet.lt\/elparduotuve\/#organization","name":"Viskas J\u016bs\u0173 \u0161uns, kat\u0117s prie\u017ei\u016brai","url":"https:\/\/anivet.lt\/elparduotuve\/","logo":{"@type":"ImageObject","inLanguage":"lt-LT","@id":"https:\/\/anivet.lt\/elparduotuve\/#\/schema\/logo\/image\/","url":"https:\/\/anivet.lt\/elparduotuve\/wp-content\/uploads\/2023\/06\/logo2.jpg","contentUrl":"https:\/\/anivet.lt\/elparduotuve\/wp-content\/uploads\/2023\/06\/logo2.jpg","width":655,"height":194,"caption":"Viskas J\u016bs\u0173 \u0161uns, kat\u0117s prie\u017ei\u016brai"},"image":{"@id":"https:\/\/anivet.lt\/elparduotuve\/#\/schema\/logo\/image\/"}}]}},"_links":{"self":[{"href":"https:\/\/anivet.lt\/elparduotuve\/wp-json\/wp\/v2\/product\/14234","targetHints":{"allow":["GET"]}}],"collection":[{"href":"https:\/\/anivet.lt\/elparduotuve\/wp-json\/wp\/v2\/product"}],"about":[{"href":"https:\/\/anivet.lt\/elparduotuve\/wp-json\/wp\/v2\/types\/product"}],"wp:featuredmedia":[{"embeddable":true,"href":"https:\/\/anivet.lt\/elparduotuve\/wp-json\/wp\/v2\/media\/14235"}],"wp:attachment":[{"href":"https:\/\/anivet.lt\/elparduotuve\/wp-json\/wp\/v2\/media?parent=14234"}],"wp:term":[{"taxonomy":"product_brand","embeddable":true,"href":"https:\/\/anivet.lt\/elparduotuve\/wp-json\/wp\/v2\/product_brand?post=14234"},{"taxonomy":"product_cat","embeddable":true,"href":"https:\/\/anivet.lt\/elparduotuve\/wp-json\/wp\/v2\/product_cat?post=14234"},{"taxonomy":"product_tag","embeddable":true,"href":"https:\/\/anivet.lt\/elparduotuve\/wp-json\/wp\/v2\/product_tag?post=14234"}],"curies":[{"name":"wp","href":"https:\/\/api.w.org\/{rel}","templated":true}]}}