{"id":14242,"date":"2024-07-18T11:42:24","date_gmt":"2024-07-18T11:42:24","guid":{"rendered":"https:\/\/anivet.lt\/elparduotuve\/?post_type=product&#038;p=14242"},"modified":"2026-05-06T08:16:11","modified_gmt":"2026-05-06T08:16:11","slug":"meowing-heads-so-fish-ticated-konservai-katems-su-lasisa-vistiena-jautiena-10x100g","status":"publish","type":"product","link":"https:\/\/anivet.lt\/elparduotuve\/produktas\/meowing-heads-so-fish-ticated-konservai-katems-su-lasisa-vistiena-jautiena-10x100g\/","title":{"rendered":"MEOWING HEADS So-Fish-Ticated konservai kat\u0117ms su la\u0161i\u0161a\/vi\u0161tiena\/jautiena) 10x100g"},"content":{"rendered":"<ul>\n<li style=\"font-weight: 400;\" aria-level=\"1\"><span style=\"font-weight: 400;\">28% \u0161vie\u017eios la\u0161i\u0161os ir 25% vi\u0161tienos: Auk\u0161tos kokyb\u0117s baltym\u0173 \u0161altiniai, palaikantys energij\u0105 ir raumen\u0173 sveikat\u0105.<\/span><\/li>\n<li style=\"font-weight: 400;\" aria-level=\"1\"><span style=\"font-weight: 400;\">La\u0161i\u0161os sultinys ir Omega-3: La\u0161i\u0161os sultinys ir la\u0161i\u0161\u0173 taukai suteikia papildom\u0173 nauding\u0173 riebal\u0173 r\u016bg\u0161\u010di\u0173, kurios palaiko sveik\u0105 od\u0105 ir kail\u012f.<\/span><\/li>\n<li style=\"font-weight: 400;\" aria-level=\"1\"><span style=\"font-weight: 400;\">Nat\u016bral\u016bs ingredientai: Sud\u0117tyje n\u0117ra gr\u016bd\u0173, tod\u0117l konservas tinka kat\u0117ms su jautriu vir\u0161kinimu.<\/span><\/li>\n<li style=\"font-weight: 400;\" aria-level=\"1\"><span style=\"font-weight: 400;\">Subalansuoti vitaminai ir mineralai: Taurinas, vitaminai D3, E ir C, cinkas, manganas ir varis palaiko bendr\u0105 sveikat\u0105 ir energij\u0105.<\/span><\/li>\n<li style=\"font-weight: 400;\" aria-level=\"1\"><span style=\"font-weight: 400;\">L\u0117to virimo recept\u016bra: Ingredientai paruo\u0161ti l\u0117tu virimo procesu, kad i\u0161laikyt\u0173 visas nat\u016bralias maistines savybes.<\/span><\/li>\n<\/ul>\n<p><span style=\"font-weight: 400;\">\u201eMEOWING HEADS So-Fish-Ticated\u201c konservai su la\u0161i\u0161a, vi\u0161tiena ir jautiena yra idealus pasirinkimas j\u016bs\u0173 katei. \u0160ie konservai suteikia visus reikalingus maisto elementus, kad j\u016bs\u0173 kat\u0117 i\u0161likt\u0173 sveika ir energinga, su gra\u017eiu kailiu ir gerai veikian\u010diu vir\u0161kinimu.<\/span><\/p>\n","protected":false},"excerpt":{"rendered":"<p><span style=\"font-weight: 400;\">Konservai kat\u0117ms su la\u0161i\u0161a, vi\u0161tiena ir jautiena \u2013 subalansuotas ir maistingas pasirinkimas j\u016bs\u0173 katei. \u0160is konservas pagamintas naudojant tik nat\u016bralius ingredientus, \u012fskaitant \u0161vie\u017ei\u0105 la\u0161i\u0161\u0105, vi\u0161tien\u0105 ir jautien\u0105, kad u\u017etikrint\u0173 pilnavert\u0119 mityb\u0105 ir sveikat\u0105.<\/span><\/p>\n","protected":false},"featured_media":14243,"template":"","meta":[],"product_brand":[],"product_cat":[114,102,116,443],"product_tag":[],"class_list":{"0":"post-14242","1":"product","2":"type-product","3":"status-publish","4":"has-post-thumbnail","6":"product_cat-kaciu-maistas","7":"product_cat-katems","8":"product_cat-konservai-katems","9":"product_cat-meowing-heads-kaciu-maistas","10":"pa_prekinis-zenklas-meowing-heads","12":"first","13":"outofstock","14":"taxable","15":"shipping-taxable","16":"purchasable","17":"product-type-simple"},"yoast_head":"<!-- This site is optimized with the Yoast SEO Premium plugin v27.1 (Yoast SEO v27.5) - https:\/\/yoast.com\/product\/yoast-seo-premium-wordpress\/ -->\n<title>MEOWING HEADS So-Fish-Ticated konservai kat\u0117ms su la\u0161i\u0161a\/vi\u0161tiena\/jautiena) 10x100g - anivet.lt<\/title>\n<meta name=\"description\" content=\"Konservai kat\u0117ms su la\u0161i\u0161a, vi\u0161tiena ir jautiena \u2013 subalansuotas ir maistingas pasirinkimas j\u016bs\u0173 katei. \u0160is konservas pagamintas naudojant tik nat\u016bralius ingredientus, \u012fskaitant \u0161vie\u017ei\u0105 la\u0161i\u0161\u0105, vi\u0161tien\u0105 ir jautien\u0105, kad u\u017etikrint\u0173 pilnavert\u0119 mityb\u0105 ir sveikat\u0105.\" \/>\n<meta name=\"robots\" content=\"index, follow, max-snippet:-1, max-image-preview:large, max-video-preview:-1\" \/>\n<link rel=\"canonical\" href=\"https:\/\/anivet.lt\/elparduotuve\/produktas\/meowing-heads-so-fish-ticated-konservai-katems-su-lasisa-vistiena-jautiena-10x100g\/\" \/>\n<meta property=\"og:locale\" content=\"lt_LT\" \/>\n<meta property=\"og:type\" content=\"article\" \/>\n<meta property=\"og:title\" content=\"MEOWING HEADS So-Fish-Ticated konservai kat\u0117ms su la\u0161i\u0161a\/vi\u0161tiena\/jautiena) 10x100g\" \/>\n<meta property=\"og:description\" content=\"Konservai kat\u0117ms su la\u0161i\u0161a, vi\u0161tiena ir jautiena \u2013 subalansuotas ir maistingas pasirinkimas j\u016bs\u0173 katei. \u0160is konservas pagamintas naudojant tik nat\u016bralius ingredientus, \u012fskaitant \u0161vie\u017ei\u0105 la\u0161i\u0161\u0105, vi\u0161tien\u0105 ir jautien\u0105, kad u\u017etikrint\u0173 pilnavert\u0119 mityb\u0105 ir sveikat\u0105.\" \/>\n<meta property=\"og:url\" content=\"https:\/\/anivet.lt\/elparduotuve\/produktas\/meowing-heads-so-fish-ticated-konservai-katems-su-lasisa-vistiena-jautiena-10x100g\/\" \/>\n<meta property=\"og:site_name\" content=\"anivet.lt\" \/>\n<meta property=\"article:modified_time\" content=\"2026-05-06T08:16:11+00:00\" \/>\n<meta property=\"og:image\" content=\"https:\/\/anivet.lt\/elparduotuve\/wp-content\/uploads\/2024\/07\/MWSL100-salmon.jpg\" \/>\n\t<meta property=\"og:image:width\" content=\"800\" \/>\n\t<meta property=\"og:image:height\" content=\"800\" \/>\n\t<meta property=\"og:image:type\" content=\"image\/jpeg\" \/>\n<meta name=\"twitter:card\" content=\"summary_large_image\" \/>\n<meta name=\"twitter:label1\" content=\"Est. reading time\" \/>\n\t<meta name=\"twitter:data1\" content=\"1 minut\u0117\" \/>\n<script type=\"application\/ld+json\" class=\"yoast-schema-graph\">{\"@context\":\"https:\\\/\\\/schema.org\",\"@graph\":[{\"@type\":\"WebPage\",\"@id\":\"https:\\\/\\\/anivet.lt\\\/elparduotuve\\\/produktas\\\/meowing-heads-so-fish-ticated-konservai-katems-su-lasisa-vistiena-jautiena-10x100g\\\/\",\"url\":\"https:\\\/\\\/anivet.lt\\\/elparduotuve\\\/produktas\\\/meowing-heads-so-fish-ticated-konservai-katems-su-lasisa-vistiena-jautiena-10x100g\\\/\",\"name\":\"MEOWING HEADS So-Fish-Ticated konservai kat\u0117ms su la\u0161i\u0161a\\\/vi\u0161tiena\\\/jautiena) 10x100g - anivet.lt\",\"isPartOf\":{\"@id\":\"https:\\\/\\\/anivet.lt\\\/elparduotuve\\\/#website\"},\"primaryImageOfPage\":{\"@id\":\"https:\\\/\\\/anivet.lt\\\/elparduotuve\\\/produktas\\\/meowing-heads-so-fish-ticated-konservai-katems-su-lasisa-vistiena-jautiena-10x100g\\\/#primaryimage\"},\"image\":{\"@id\":\"https:\\\/\\\/anivet.lt\\\/elparduotuve\\\/produktas\\\/meowing-heads-so-fish-ticated-konservai-katems-su-lasisa-vistiena-jautiena-10x100g\\\/#primaryimage\"},\"thumbnailUrl\":\"https:\\\/\\\/anivet.lt\\\/elparduotuve\\\/wp-content\\\/uploads\\\/2024\\\/07\\\/MWSL100-salmon.jpg\",\"datePublished\":\"2024-07-18T11:42:24+00:00\",\"dateModified\":\"2026-05-06T08:16:11+00:00\",\"description\":\"Konservai kat\u0117ms su la\u0161i\u0161a, vi\u0161tiena ir jautiena \u2013 subalansuotas ir maistingas pasirinkimas j\u016bs\u0173 katei. \u0160is konservas pagamintas naudojant tik nat\u016bralius ingredientus, \u012fskaitant \u0161vie\u017ei\u0105 la\u0161i\u0161\u0105, vi\u0161tien\u0105 ir jautien\u0105, kad u\u017etikrint\u0173 pilnavert\u0119 mityb\u0105 ir sveikat\u0105.\",\"breadcrumb\":{\"@id\":\"https:\\\/\\\/anivet.lt\\\/elparduotuve\\\/produktas\\\/meowing-heads-so-fish-ticated-konservai-katems-su-lasisa-vistiena-jautiena-10x100g\\\/#breadcrumb\"},\"inLanguage\":\"lt-LT\",\"potentialAction\":[{\"@type\":\"ReadAction\",\"target\":[\"https:\\\/\\\/anivet.lt\\\/elparduotuve\\\/produktas\\\/meowing-heads-so-fish-ticated-konservai-katems-su-lasisa-vistiena-jautiena-10x100g\\\/\"]}]},{\"@type\":\"ImageObject\",\"inLanguage\":\"lt-LT\",\"@id\":\"https:\\\/\\\/anivet.lt\\\/elparduotuve\\\/produktas\\\/meowing-heads-so-fish-ticated-konservai-katems-su-lasisa-vistiena-jautiena-10x100g\\\/#primaryimage\",\"url\":\"https:\\\/\\\/anivet.lt\\\/elparduotuve\\\/wp-content\\\/uploads\\\/2024\\\/07\\\/MWSL100-salmon.jpg\",\"contentUrl\":\"https:\\\/\\\/anivet.lt\\\/elparduotuve\\\/wp-content\\\/uploads\\\/2024\\\/07\\\/MWSL100-salmon.jpg\",\"width\":800,\"height\":800,\"caption\":\"MEOWING HEADS So-Fish-Ticated konservai kat\u0117ms su la\u0161i\u0161a\\\/vi\u0161tiena\\\/jautiena) 10x100g\"},{\"@type\":\"BreadcrumbList\",\"@id\":\"https:\\\/\\\/anivet.lt\\\/elparduotuve\\\/produktas\\\/meowing-heads-so-fish-ticated-konservai-katems-su-lasisa-vistiena-jautiena-10x100g\\\/#breadcrumb\",\"itemListElement\":[{\"@type\":\"ListItem\",\"position\":1,\"name\":\"Home\",\"item\":\"https:\\\/\\\/anivet.lt\\\/elparduotuve\\\/\"},{\"@type\":\"ListItem\",\"position\":2,\"name\":\"Produktai\",\"item\":\"https:\\\/\\\/anivet.lt\\\/elparduotuve\\\/produktai\\\/\"},{\"@type\":\"ListItem\",\"position\":3,\"name\":\"MEOWING HEADS So-Fish-Ticated konservai kat\u0117ms su la\u0161i\u0161a\\\/vi\u0161tiena\\\/jautiena) 10x100g\"}]},{\"@type\":\"WebSite\",\"@id\":\"https:\\\/\\\/anivet.lt\\\/elparduotuve\\\/#website\",\"url\":\"https:\\\/\\\/anivet.lt\\\/elparduotuve\\\/\",\"name\":\"anivet.lt\",\"description\":\"Viskas J\u016bs\u0173 \u0161uns, kat\u0117s prie\u017ei\u016brai\",\"publisher\":{\"@id\":\"https:\\\/\\\/anivet.lt\\\/elparduotuve\\\/#organization\"},\"alternateName\":\"Viskas J\u016bs\u0173 \u0161uns, kat\u0117s prie\u017ei\u016brai\",\"potentialAction\":[{\"@type\":\"SearchAction\",\"target\":{\"@type\":\"EntryPoint\",\"urlTemplate\":\"https:\\\/\\\/anivet.lt\\\/elparduotuve\\\/?s={search_term_string}\"},\"query-input\":{\"@type\":\"PropertyValueSpecification\",\"valueRequired\":true,\"valueName\":\"search_term_string\"}}],\"inLanguage\":\"lt-LT\"},{\"@type\":\"Organization\",\"@id\":\"https:\\\/\\\/anivet.lt\\\/elparduotuve\\\/#organization\",\"name\":\"Viskas J\u016bs\u0173 \u0161uns, kat\u0117s prie\u017ei\u016brai\",\"url\":\"https:\\\/\\\/anivet.lt\\\/elparduotuve\\\/\",\"logo\":{\"@type\":\"ImageObject\",\"inLanguage\":\"lt-LT\",\"@id\":\"https:\\\/\\\/anivet.lt\\\/elparduotuve\\\/#\\\/schema\\\/logo\\\/image\\\/\",\"url\":\"https:\\\/\\\/anivet.lt\\\/elparduotuve\\\/wp-content\\\/uploads\\\/2023\\\/06\\\/logo2.jpg\",\"contentUrl\":\"https:\\\/\\\/anivet.lt\\\/elparduotuve\\\/wp-content\\\/uploads\\\/2023\\\/06\\\/logo2.jpg\",\"width\":655,\"height\":194,\"caption\":\"Viskas J\u016bs\u0173 \u0161uns, kat\u0117s prie\u017ei\u016brai\"},\"image\":{\"@id\":\"https:\\\/\\\/anivet.lt\\\/elparduotuve\\\/#\\\/schema\\\/logo\\\/image\\\/\"}}]}<\/script>\n<!-- \/ Yoast SEO Premium plugin. -->","yoast_head_json":{"title":"MEOWING HEADS So-Fish-Ticated konservai kat\u0117ms su la\u0161i\u0161a\/vi\u0161tiena\/jautiena) 10x100g - anivet.lt","description":"Konservai kat\u0117ms su la\u0161i\u0161a, vi\u0161tiena ir jautiena \u2013 subalansuotas ir maistingas pasirinkimas j\u016bs\u0173 katei. \u0160is konservas pagamintas naudojant tik nat\u016bralius ingredientus, \u012fskaitant \u0161vie\u017ei\u0105 la\u0161i\u0161\u0105, vi\u0161tien\u0105 ir jautien\u0105, kad u\u017etikrint\u0173 pilnavert\u0119 mityb\u0105 ir sveikat\u0105.","robots":{"index":"index","follow":"follow","max-snippet":"max-snippet:-1","max-image-preview":"max-image-preview:large","max-video-preview":"max-video-preview:-1"},"canonical":"https:\/\/anivet.lt\/elparduotuve\/produktas\/meowing-heads-so-fish-ticated-konservai-katems-su-lasisa-vistiena-jautiena-10x100g\/","og_locale":"lt_LT","og_type":"article","og_title":"MEOWING HEADS So-Fish-Ticated konservai kat\u0117ms su la\u0161i\u0161a\/vi\u0161tiena\/jautiena) 10x100g","og_description":"Konservai kat\u0117ms su la\u0161i\u0161a, vi\u0161tiena ir jautiena \u2013 subalansuotas ir maistingas pasirinkimas j\u016bs\u0173 katei. \u0160is konservas pagamintas naudojant tik nat\u016bralius ingredientus, \u012fskaitant \u0161vie\u017ei\u0105 la\u0161i\u0161\u0105, vi\u0161tien\u0105 ir jautien\u0105, kad u\u017etikrint\u0173 pilnavert\u0119 mityb\u0105 ir sveikat\u0105.","og_url":"https:\/\/anivet.lt\/elparduotuve\/produktas\/meowing-heads-so-fish-ticated-konservai-katems-su-lasisa-vistiena-jautiena-10x100g\/","og_site_name":"anivet.lt","article_modified_time":"2026-05-06T08:16:11+00:00","og_image":[{"width":800,"height":800,"url":"https:\/\/anivet.lt\/elparduotuve\/wp-content\/uploads\/2024\/07\/MWSL100-salmon.jpg","type":"image\/jpeg"}],"twitter_card":"summary_large_image","twitter_misc":{"Est. reading time":"1 minut\u0117"},"schema":{"@context":"https:\/\/schema.org","@graph":[{"@type":"WebPage","@id":"https:\/\/anivet.lt\/elparduotuve\/produktas\/meowing-heads-so-fish-ticated-konservai-katems-su-lasisa-vistiena-jautiena-10x100g\/","url":"https:\/\/anivet.lt\/elparduotuve\/produktas\/meowing-heads-so-fish-ticated-konservai-katems-su-lasisa-vistiena-jautiena-10x100g\/","name":"MEOWING HEADS So-Fish-Ticated konservai kat\u0117ms su la\u0161i\u0161a\/vi\u0161tiena\/jautiena) 10x100g - anivet.lt","isPartOf":{"@id":"https:\/\/anivet.lt\/elparduotuve\/#website"},"primaryImageOfPage":{"@id":"https:\/\/anivet.lt\/elparduotuve\/produktas\/meowing-heads-so-fish-ticated-konservai-katems-su-lasisa-vistiena-jautiena-10x100g\/#primaryimage"},"image":{"@id":"https:\/\/anivet.lt\/elparduotuve\/produktas\/meowing-heads-so-fish-ticated-konservai-katems-su-lasisa-vistiena-jautiena-10x100g\/#primaryimage"},"thumbnailUrl":"https:\/\/anivet.lt\/elparduotuve\/wp-content\/uploads\/2024\/07\/MWSL100-salmon.jpg","datePublished":"2024-07-18T11:42:24+00:00","dateModified":"2026-05-06T08:16:11+00:00","description":"Konservai kat\u0117ms su la\u0161i\u0161a, vi\u0161tiena ir jautiena \u2013 subalansuotas ir maistingas pasirinkimas j\u016bs\u0173 katei. \u0160is konservas pagamintas naudojant tik nat\u016bralius ingredientus, \u012fskaitant \u0161vie\u017ei\u0105 la\u0161i\u0161\u0105, vi\u0161tien\u0105 ir jautien\u0105, kad u\u017etikrint\u0173 pilnavert\u0119 mityb\u0105 ir sveikat\u0105.","breadcrumb":{"@id":"https:\/\/anivet.lt\/elparduotuve\/produktas\/meowing-heads-so-fish-ticated-konservai-katems-su-lasisa-vistiena-jautiena-10x100g\/#breadcrumb"},"inLanguage":"lt-LT","potentialAction":[{"@type":"ReadAction","target":["https:\/\/anivet.lt\/elparduotuve\/produktas\/meowing-heads-so-fish-ticated-konservai-katems-su-lasisa-vistiena-jautiena-10x100g\/"]}]},{"@type":"ImageObject","inLanguage":"lt-LT","@id":"https:\/\/anivet.lt\/elparduotuve\/produktas\/meowing-heads-so-fish-ticated-konservai-katems-su-lasisa-vistiena-jautiena-10x100g\/#primaryimage","url":"https:\/\/anivet.lt\/elparduotuve\/wp-content\/uploads\/2024\/07\/MWSL100-salmon.jpg","contentUrl":"https:\/\/anivet.lt\/elparduotuve\/wp-content\/uploads\/2024\/07\/MWSL100-salmon.jpg","width":800,"height":800,"caption":"MEOWING HEADS So-Fish-Ticated konservai kat\u0117ms su la\u0161i\u0161a\/vi\u0161tiena\/jautiena) 10x100g"},{"@type":"BreadcrumbList","@id":"https:\/\/anivet.lt\/elparduotuve\/produktas\/meowing-heads-so-fish-ticated-konservai-katems-su-lasisa-vistiena-jautiena-10x100g\/#breadcrumb","itemListElement":[{"@type":"ListItem","position":1,"name":"Home","item":"https:\/\/anivet.lt\/elparduotuve\/"},{"@type":"ListItem","position":2,"name":"Produktai","item":"https:\/\/anivet.lt\/elparduotuve\/produktai\/"},{"@type":"ListItem","position":3,"name":"MEOWING HEADS So-Fish-Ticated konservai kat\u0117ms su la\u0161i\u0161a\/vi\u0161tiena\/jautiena) 10x100g"}]},{"@type":"WebSite","@id":"https:\/\/anivet.lt\/elparduotuve\/#website","url":"https:\/\/anivet.lt\/elparduotuve\/","name":"anivet.lt","description":"Viskas J\u016bs\u0173 \u0161uns, kat\u0117s prie\u017ei\u016brai","publisher":{"@id":"https:\/\/anivet.lt\/elparduotuve\/#organization"},"alternateName":"Viskas J\u016bs\u0173 \u0161uns, kat\u0117s prie\u017ei\u016brai","potentialAction":[{"@type":"SearchAction","target":{"@type":"EntryPoint","urlTemplate":"https:\/\/anivet.lt\/elparduotuve\/?s={search_term_string}"},"query-input":{"@type":"PropertyValueSpecification","valueRequired":true,"valueName":"search_term_string"}}],"inLanguage":"lt-LT"},{"@type":"Organization","@id":"https:\/\/anivet.lt\/elparduotuve\/#organization","name":"Viskas J\u016bs\u0173 \u0161uns, kat\u0117s prie\u017ei\u016brai","url":"https:\/\/anivet.lt\/elparduotuve\/","logo":{"@type":"ImageObject","inLanguage":"lt-LT","@id":"https:\/\/anivet.lt\/elparduotuve\/#\/schema\/logo\/image\/","url":"https:\/\/anivet.lt\/elparduotuve\/wp-content\/uploads\/2023\/06\/logo2.jpg","contentUrl":"https:\/\/anivet.lt\/elparduotuve\/wp-content\/uploads\/2023\/06\/logo2.jpg","width":655,"height":194,"caption":"Viskas J\u016bs\u0173 \u0161uns, kat\u0117s prie\u017ei\u016brai"},"image":{"@id":"https:\/\/anivet.lt\/elparduotuve\/#\/schema\/logo\/image\/"}}]}},"_links":{"self":[{"href":"https:\/\/anivet.lt\/elparduotuve\/wp-json\/wp\/v2\/product\/14242","targetHints":{"allow":["GET"]}}],"collection":[{"href":"https:\/\/anivet.lt\/elparduotuve\/wp-json\/wp\/v2\/product"}],"about":[{"href":"https:\/\/anivet.lt\/elparduotuve\/wp-json\/wp\/v2\/types\/product"}],"wp:featuredmedia":[{"embeddable":true,"href":"https:\/\/anivet.lt\/elparduotuve\/wp-json\/wp\/v2\/media\/14243"}],"wp:attachment":[{"href":"https:\/\/anivet.lt\/elparduotuve\/wp-json\/wp\/v2\/media?parent=14242"}],"wp:term":[{"taxonomy":"product_brand","embeddable":true,"href":"https:\/\/anivet.lt\/elparduotuve\/wp-json\/wp\/v2\/product_brand?post=14242"},{"taxonomy":"product_cat","embeddable":true,"href":"https:\/\/anivet.lt\/elparduotuve\/wp-json\/wp\/v2\/product_cat?post=14242"},{"taxonomy":"product_tag","embeddable":true,"href":"https:\/\/anivet.lt\/elparduotuve\/wp-json\/wp\/v2\/product_tag?post=14242"}],"curies":[{"name":"wp","href":"https:\/\/api.w.org\/{rel}","templated":true}]}}