{"id":14250,"date":"2024-07-18T16:01:28","date_gmt":"2024-07-18T16:01:28","guid":{"rendered":"https:\/\/anivet.lt\/elparduotuve\/?post_type=product&#038;p=14250"},"modified":"2026-04-21T08:31:47","modified_gmt":"2026-04-21T08:31:47","slug":"barking-heads-bowl-lickin-goodness-pasaras-sunims-su-eriena-2kg","status":"publish","type":"product","link":"https:\/\/anivet.lt\/elparduotuve\/produktas\/barking-heads-bowl-lickin-goodness-pasaras-sunims-su-eriena-2kg\/","title":{"rendered":"BARKING HEADS Bowl Lickin Goodness Pa\u0161aras \u0160unims Su \u0116riena 2kg"},"content":{"rendered":"<p><span style=\"font-weight: 400;\">Pilnavertis sausas maistas, skirtas ma\u017e\u0173 ir vidutini\u0173 veisli\u0173 suaugusiems \u0161unims. 50% sud\u0117ties sudaro \u0117riena, praturtinta sveikais gr\u016bdais, dar\u017eov\u0117mis ir aromatingomis \u017eolel\u0117mis. \u0160is pa\u0161aras ne tik apr\u016bpina \u0161un\u012f reikalingomis maistin\u0117mis med\u017eiagomis, bet ir palaiko jo s\u0105nari\u0173, odos bei kailio sveikat\u0105.<\/span><\/p>\n<ul>\n<li style=\"font-weight: 400;\" aria-level=\"1\"><span style=\"font-weight: 400;\">Auk\u0161tas \u0117rienos kiekis (50%): Nat\u016bralus ir auk\u0161tos kokyb\u0117s gyvulin\u0117s kilm\u0117s baltym\u0173 \u0161altinis.<\/span><\/li>\n<li style=\"font-weight: 400;\" aria-level=\"1\"><span style=\"font-weight: 400;\">Sveiki gr\u016bdai ir dar\u017eov\u0117s: Ry\u017eiai, avi\u017eos, \u017eirniai ir morkos \u2013 lengvai vir\u0161kinami ingredientai.<\/span><\/li>\n<li style=\"font-weight: 400;\" aria-level=\"1\"><span style=\"font-weight: 400;\">S\u0105nari\u0173 prie\u017ei\u016bra: Papildytas gliukozaminu, chondroitinu ir MSM, kurie padeda i\u0161laikyti s\u0105nari\u0173 sveikat\u0105.<\/span><\/li>\n<li style=\"font-weight: 400;\" aria-level=\"1\"><span style=\"font-weight: 400;\">Sveikas kailis: La\u0161i\u0161\u0173 taukai ir lin\u0173 s\u0117menys \u2013 omega-3 ir omega-6 riebi\u0173j\u0173 r\u016bg\u0161\u010di\u0173 \u0161altiniai.<\/span><\/li>\n<li style=\"font-weight: 400;\" aria-level=\"1\"><span style=\"font-weight: 400;\">Vir\u0161kinimo sistema: Cikorijos \u0161aknys (FOS) ir j\u016bros dumbliai palaiko sveik\u0105 vir\u0161kinim\u0105.<\/span><\/li>\n<li style=\"font-weight: 400;\" aria-level=\"1\"><span style=\"font-weight: 400;\">Nat\u016bral\u016bs skoniai: Praturtintas pipirm\u0117t\u0117mis, rozmarinais, \u010diobreliais ir raudon\u0117liais.<\/span><\/li>\n<\/ul>\n<p><span style=\"font-weight: 400;\">\u0160is pa\u0161aras su \u0117riena yra idealus pasirinkimas ma\u017e\u0173 ir vidutini\u0173 veisli\u0173 suaugusiems \u0161unims, ie\u0161kantiems nat\u016bralaus ir subalansuoto mitybos sprendimo. D\u0117l auk\u0161tos kokyb\u0117s baltym\u0173, sveik\u0173 gr\u016bd\u0173 ir papild\u0173, palaikan\u010di\u0173 s\u0105narius, od\u0105 ir kail\u012f, pa\u0161aras u\u017etikrina tiek \u0161uns sveikat\u0105, tiek jo energij\u0105 kasdieniame gyvenime.<\/span><\/p>\n","protected":false},"excerpt":{"rendered":"<p>Pilnavertis sausas maistas, skirtas ma\u017e\u0173 ir vidutini\u0173 veisli\u0173 suaugusiems \u0161unims. 50% sud\u0117ties sudaro \u0117riena, praturtinta sveikais gr\u016bdais, dar\u017eov\u0117mis ir aromatingomis<\/p>\n","protected":false},"featured_media":14251,"template":"","meta":[],"product_brand":[],"product_cat":[101,103,104,439],"product_tag":[],"class_list":{"0":"post-14250","1":"product","2":"type-product","3":"status-publish","4":"has-post-thumbnail","6":"product_cat-sunims","7":"product_cat-sunu-maistas","8":"product_cat-sausas-maistas","9":"product_cat-barking-heads-sunu-maistas","10":"pa_prekinis-zenklas-barking-heads","12":"first","13":"instock","14":"taxable","15":"shipping-taxable","16":"purchasable","17":"product-type-simple"},"yoast_head":"<!-- This site is optimized with the Yoast SEO Premium plugin v27.1 (Yoast SEO v27.5) - https:\/\/yoast.com\/product\/yoast-seo-premium-wordpress\/ -->\n<title>BARKING HEADS Bowl Lickin Goodness Pa\u0161aras \u0160unims Su \u0116riena 2kg - anivet.lt<\/title>\n<meta name=\"description\" content=\"Pilnavertis sausas maistas, skirtas ma\u017e\u0173 ir vidutini\u0173 veisli\u0173 suaugusiems \u0161unims. 50% sud\u0117ties sudaro \u0117riena, praturtinta sveikais gr\u016bdais, dar\u017eov\u0117mis ir\" \/>\n<meta name=\"robots\" content=\"index, follow, max-snippet:-1, max-image-preview:large, max-video-preview:-1\" \/>\n<link rel=\"canonical\" href=\"https:\/\/anivet.lt\/elparduotuve\/produktas\/barking-heads-bowl-lickin-goodness-pasaras-sunims-su-eriena-2kg\/\" \/>\n<meta property=\"og:locale\" content=\"lt_LT\" \/>\n<meta property=\"og:type\" content=\"article\" \/>\n<meta property=\"og:title\" content=\"BARKING HEADS Bowl Lickin Goodness Pa\u0161aras \u0160unims Su \u0116riena 2kg\" \/>\n<meta property=\"og:description\" content=\"Pilnavertis sausas maistas, skirtas ma\u017e\u0173 ir vidutini\u0173 veisli\u0173 suaugusiems \u0161unims. 50% sud\u0117ties sudaro \u0117riena, praturtinta sveikais gr\u016bdais, dar\u017eov\u0117mis ir\" \/>\n<meta property=\"og:url\" content=\"https:\/\/anivet.lt\/elparduotuve\/produktas\/barking-heads-bowl-lickin-goodness-pasaras-sunims-su-eriena-2kg\/\" \/>\n<meta property=\"og:site_name\" content=\"anivet.lt\" \/>\n<meta property=\"article:modified_time\" content=\"2026-04-21T08:31:47+00:00\" \/>\n<meta property=\"og:image\" content=\"https:\/\/anivet.lt\/elparduotuve\/wp-content\/uploads\/2024\/07\/Barking-Heads-Lamb-2kg.jpg\" \/>\n\t<meta property=\"og:image:width\" content=\"800\" \/>\n\t<meta property=\"og:image:height\" content=\"800\" \/>\n\t<meta property=\"og:image:type\" content=\"image\/jpeg\" \/>\n<meta name=\"twitter:card\" content=\"summary_large_image\" \/>\n<meta name=\"twitter:label1\" content=\"Est. reading time\" \/>\n\t<meta name=\"twitter:data1\" content=\"2 minut\u0117s\" \/>\n<script type=\"application\/ld+json\" class=\"yoast-schema-graph\">{\"@context\":\"https:\\\/\\\/schema.org\",\"@graph\":[{\"@type\":\"WebPage\",\"@id\":\"https:\\\/\\\/anivet.lt\\\/elparduotuve\\\/produktas\\\/barking-heads-bowl-lickin-goodness-pasaras-sunims-su-eriena-2kg\\\/\",\"url\":\"https:\\\/\\\/anivet.lt\\\/elparduotuve\\\/produktas\\\/barking-heads-bowl-lickin-goodness-pasaras-sunims-su-eriena-2kg\\\/\",\"name\":\"BARKING HEADS Bowl Lickin Goodness Pa\u0161aras \u0160unims Su \u0116riena 2kg - anivet.lt\",\"isPartOf\":{\"@id\":\"https:\\\/\\\/anivet.lt\\\/elparduotuve\\\/#website\"},\"primaryImageOfPage\":{\"@id\":\"https:\\\/\\\/anivet.lt\\\/elparduotuve\\\/produktas\\\/barking-heads-bowl-lickin-goodness-pasaras-sunims-su-eriena-2kg\\\/#primaryimage\"},\"image\":{\"@id\":\"https:\\\/\\\/anivet.lt\\\/elparduotuve\\\/produktas\\\/barking-heads-bowl-lickin-goodness-pasaras-sunims-su-eriena-2kg\\\/#primaryimage\"},\"thumbnailUrl\":\"https:\\\/\\\/anivet.lt\\\/elparduotuve\\\/wp-content\\\/uploads\\\/2024\\\/07\\\/Barking-Heads-Lamb-2kg.jpg\",\"datePublished\":\"2024-07-18T16:01:28+00:00\",\"dateModified\":\"2026-04-21T08:31:47+00:00\",\"description\":\"Pilnavertis sausas maistas, skirtas ma\u017e\u0173 ir vidutini\u0173 veisli\u0173 suaugusiems \u0161unims. 50% sud\u0117ties sudaro \u0117riena, praturtinta sveikais gr\u016bdais, dar\u017eov\u0117mis ir\",\"breadcrumb\":{\"@id\":\"https:\\\/\\\/anivet.lt\\\/elparduotuve\\\/produktas\\\/barking-heads-bowl-lickin-goodness-pasaras-sunims-su-eriena-2kg\\\/#breadcrumb\"},\"inLanguage\":\"lt-LT\",\"potentialAction\":[{\"@type\":\"ReadAction\",\"target\":[\"https:\\\/\\\/anivet.lt\\\/elparduotuve\\\/produktas\\\/barking-heads-bowl-lickin-goodness-pasaras-sunims-su-eriena-2kg\\\/\"]}]},{\"@type\":\"ImageObject\",\"inLanguage\":\"lt-LT\",\"@id\":\"https:\\\/\\\/anivet.lt\\\/elparduotuve\\\/produktas\\\/barking-heads-bowl-lickin-goodness-pasaras-sunims-su-eriena-2kg\\\/#primaryimage\",\"url\":\"https:\\\/\\\/anivet.lt\\\/elparduotuve\\\/wp-content\\\/uploads\\\/2024\\\/07\\\/Barking-Heads-Lamb-2kg.jpg\",\"contentUrl\":\"https:\\\/\\\/anivet.lt\\\/elparduotuve\\\/wp-content\\\/uploads\\\/2024\\\/07\\\/Barking-Heads-Lamb-2kg.jpg\",\"width\":800,\"height\":800,\"caption\":\"BARKING HEADS Bowl Lickin Goodness Pa\u0161aras \u0160unims Su \u0116riena 2kg\"},{\"@type\":\"BreadcrumbList\",\"@id\":\"https:\\\/\\\/anivet.lt\\\/elparduotuve\\\/produktas\\\/barking-heads-bowl-lickin-goodness-pasaras-sunims-su-eriena-2kg\\\/#breadcrumb\",\"itemListElement\":[{\"@type\":\"ListItem\",\"position\":1,\"name\":\"Home\",\"item\":\"https:\\\/\\\/anivet.lt\\\/elparduotuve\\\/\"},{\"@type\":\"ListItem\",\"position\":2,\"name\":\"Produktai\",\"item\":\"https:\\\/\\\/anivet.lt\\\/elparduotuve\\\/produktai\\\/\"},{\"@type\":\"ListItem\",\"position\":3,\"name\":\"BARKING HEADS Bowl Lickin Goodness Pa\u0161aras \u0160unims Su \u0116riena 2kg\"}]},{\"@type\":\"WebSite\",\"@id\":\"https:\\\/\\\/anivet.lt\\\/elparduotuve\\\/#website\",\"url\":\"https:\\\/\\\/anivet.lt\\\/elparduotuve\\\/\",\"name\":\"anivet.lt\",\"description\":\"Viskas J\u016bs\u0173 \u0161uns, kat\u0117s prie\u017ei\u016brai\",\"publisher\":{\"@id\":\"https:\\\/\\\/anivet.lt\\\/elparduotuve\\\/#organization\"},\"alternateName\":\"Viskas J\u016bs\u0173 \u0161uns, kat\u0117s prie\u017ei\u016brai\",\"potentialAction\":[{\"@type\":\"SearchAction\",\"target\":{\"@type\":\"EntryPoint\",\"urlTemplate\":\"https:\\\/\\\/anivet.lt\\\/elparduotuve\\\/?s={search_term_string}\"},\"query-input\":{\"@type\":\"PropertyValueSpecification\",\"valueRequired\":true,\"valueName\":\"search_term_string\"}}],\"inLanguage\":\"lt-LT\"},{\"@type\":\"Organization\",\"@id\":\"https:\\\/\\\/anivet.lt\\\/elparduotuve\\\/#organization\",\"name\":\"Viskas J\u016bs\u0173 \u0161uns, kat\u0117s prie\u017ei\u016brai\",\"url\":\"https:\\\/\\\/anivet.lt\\\/elparduotuve\\\/\",\"logo\":{\"@type\":\"ImageObject\",\"inLanguage\":\"lt-LT\",\"@id\":\"https:\\\/\\\/anivet.lt\\\/elparduotuve\\\/#\\\/schema\\\/logo\\\/image\\\/\",\"url\":\"https:\\\/\\\/anivet.lt\\\/elparduotuve\\\/wp-content\\\/uploads\\\/2023\\\/06\\\/logo2.jpg\",\"contentUrl\":\"https:\\\/\\\/anivet.lt\\\/elparduotuve\\\/wp-content\\\/uploads\\\/2023\\\/06\\\/logo2.jpg\",\"width\":655,\"height\":194,\"caption\":\"Viskas J\u016bs\u0173 \u0161uns, kat\u0117s prie\u017ei\u016brai\"},\"image\":{\"@id\":\"https:\\\/\\\/anivet.lt\\\/elparduotuve\\\/#\\\/schema\\\/logo\\\/image\\\/\"}}]}<\/script>\n<!-- \/ Yoast SEO Premium plugin. -->","yoast_head_json":{"title":"BARKING HEADS Bowl Lickin Goodness Pa\u0161aras \u0160unims Su \u0116riena 2kg - anivet.lt","description":"Pilnavertis sausas maistas, skirtas ma\u017e\u0173 ir vidutini\u0173 veisli\u0173 suaugusiems \u0161unims. 50% sud\u0117ties sudaro \u0117riena, praturtinta sveikais gr\u016bdais, dar\u017eov\u0117mis ir","robots":{"index":"index","follow":"follow","max-snippet":"max-snippet:-1","max-image-preview":"max-image-preview:large","max-video-preview":"max-video-preview:-1"},"canonical":"https:\/\/anivet.lt\/elparduotuve\/produktas\/barking-heads-bowl-lickin-goodness-pasaras-sunims-su-eriena-2kg\/","og_locale":"lt_LT","og_type":"article","og_title":"BARKING HEADS Bowl Lickin Goodness Pa\u0161aras \u0160unims Su \u0116riena 2kg","og_description":"Pilnavertis sausas maistas, skirtas ma\u017e\u0173 ir vidutini\u0173 veisli\u0173 suaugusiems \u0161unims. 50% sud\u0117ties sudaro \u0117riena, praturtinta sveikais gr\u016bdais, dar\u017eov\u0117mis ir","og_url":"https:\/\/anivet.lt\/elparduotuve\/produktas\/barking-heads-bowl-lickin-goodness-pasaras-sunims-su-eriena-2kg\/","og_site_name":"anivet.lt","article_modified_time":"2026-04-21T08:31:47+00:00","og_image":[{"width":800,"height":800,"url":"https:\/\/anivet.lt\/elparduotuve\/wp-content\/uploads\/2024\/07\/Barking-Heads-Lamb-2kg.jpg","type":"image\/jpeg"}],"twitter_card":"summary_large_image","twitter_misc":{"Est. reading time":"2 minut\u0117s"},"schema":{"@context":"https:\/\/schema.org","@graph":[{"@type":"WebPage","@id":"https:\/\/anivet.lt\/elparduotuve\/produktas\/barking-heads-bowl-lickin-goodness-pasaras-sunims-su-eriena-2kg\/","url":"https:\/\/anivet.lt\/elparduotuve\/produktas\/barking-heads-bowl-lickin-goodness-pasaras-sunims-su-eriena-2kg\/","name":"BARKING HEADS Bowl Lickin Goodness Pa\u0161aras \u0160unims Su \u0116riena 2kg - anivet.lt","isPartOf":{"@id":"https:\/\/anivet.lt\/elparduotuve\/#website"},"primaryImageOfPage":{"@id":"https:\/\/anivet.lt\/elparduotuve\/produktas\/barking-heads-bowl-lickin-goodness-pasaras-sunims-su-eriena-2kg\/#primaryimage"},"image":{"@id":"https:\/\/anivet.lt\/elparduotuve\/produktas\/barking-heads-bowl-lickin-goodness-pasaras-sunims-su-eriena-2kg\/#primaryimage"},"thumbnailUrl":"https:\/\/anivet.lt\/elparduotuve\/wp-content\/uploads\/2024\/07\/Barking-Heads-Lamb-2kg.jpg","datePublished":"2024-07-18T16:01:28+00:00","dateModified":"2026-04-21T08:31:47+00:00","description":"Pilnavertis sausas maistas, skirtas ma\u017e\u0173 ir vidutini\u0173 veisli\u0173 suaugusiems \u0161unims. 50% sud\u0117ties sudaro \u0117riena, praturtinta sveikais gr\u016bdais, dar\u017eov\u0117mis ir","breadcrumb":{"@id":"https:\/\/anivet.lt\/elparduotuve\/produktas\/barking-heads-bowl-lickin-goodness-pasaras-sunims-su-eriena-2kg\/#breadcrumb"},"inLanguage":"lt-LT","potentialAction":[{"@type":"ReadAction","target":["https:\/\/anivet.lt\/elparduotuve\/produktas\/barking-heads-bowl-lickin-goodness-pasaras-sunims-su-eriena-2kg\/"]}]},{"@type":"ImageObject","inLanguage":"lt-LT","@id":"https:\/\/anivet.lt\/elparduotuve\/produktas\/barking-heads-bowl-lickin-goodness-pasaras-sunims-su-eriena-2kg\/#primaryimage","url":"https:\/\/anivet.lt\/elparduotuve\/wp-content\/uploads\/2024\/07\/Barking-Heads-Lamb-2kg.jpg","contentUrl":"https:\/\/anivet.lt\/elparduotuve\/wp-content\/uploads\/2024\/07\/Barking-Heads-Lamb-2kg.jpg","width":800,"height":800,"caption":"BARKING HEADS Bowl Lickin Goodness Pa\u0161aras \u0160unims Su \u0116riena 2kg"},{"@type":"BreadcrumbList","@id":"https:\/\/anivet.lt\/elparduotuve\/produktas\/barking-heads-bowl-lickin-goodness-pasaras-sunims-su-eriena-2kg\/#breadcrumb","itemListElement":[{"@type":"ListItem","position":1,"name":"Home","item":"https:\/\/anivet.lt\/elparduotuve\/"},{"@type":"ListItem","position":2,"name":"Produktai","item":"https:\/\/anivet.lt\/elparduotuve\/produktai\/"},{"@type":"ListItem","position":3,"name":"BARKING HEADS Bowl Lickin Goodness Pa\u0161aras \u0160unims Su \u0116riena 2kg"}]},{"@type":"WebSite","@id":"https:\/\/anivet.lt\/elparduotuve\/#website","url":"https:\/\/anivet.lt\/elparduotuve\/","name":"anivet.lt","description":"Viskas J\u016bs\u0173 \u0161uns, kat\u0117s prie\u017ei\u016brai","publisher":{"@id":"https:\/\/anivet.lt\/elparduotuve\/#organization"},"alternateName":"Viskas J\u016bs\u0173 \u0161uns, kat\u0117s prie\u017ei\u016brai","potentialAction":[{"@type":"SearchAction","target":{"@type":"EntryPoint","urlTemplate":"https:\/\/anivet.lt\/elparduotuve\/?s={search_term_string}"},"query-input":{"@type":"PropertyValueSpecification","valueRequired":true,"valueName":"search_term_string"}}],"inLanguage":"lt-LT"},{"@type":"Organization","@id":"https:\/\/anivet.lt\/elparduotuve\/#organization","name":"Viskas J\u016bs\u0173 \u0161uns, kat\u0117s prie\u017ei\u016brai","url":"https:\/\/anivet.lt\/elparduotuve\/","logo":{"@type":"ImageObject","inLanguage":"lt-LT","@id":"https:\/\/anivet.lt\/elparduotuve\/#\/schema\/logo\/image\/","url":"https:\/\/anivet.lt\/elparduotuve\/wp-content\/uploads\/2023\/06\/logo2.jpg","contentUrl":"https:\/\/anivet.lt\/elparduotuve\/wp-content\/uploads\/2023\/06\/logo2.jpg","width":655,"height":194,"caption":"Viskas J\u016bs\u0173 \u0161uns, kat\u0117s prie\u017ei\u016brai"},"image":{"@id":"https:\/\/anivet.lt\/elparduotuve\/#\/schema\/logo\/image\/"}}]}},"_links":{"self":[{"href":"https:\/\/anivet.lt\/elparduotuve\/wp-json\/wp\/v2\/product\/14250","targetHints":{"allow":["GET"]}}],"collection":[{"href":"https:\/\/anivet.lt\/elparduotuve\/wp-json\/wp\/v2\/product"}],"about":[{"href":"https:\/\/anivet.lt\/elparduotuve\/wp-json\/wp\/v2\/types\/product"}],"wp:featuredmedia":[{"embeddable":true,"href":"https:\/\/anivet.lt\/elparduotuve\/wp-json\/wp\/v2\/media\/14251"}],"wp:attachment":[{"href":"https:\/\/anivet.lt\/elparduotuve\/wp-json\/wp\/v2\/media?parent=14250"}],"wp:term":[{"taxonomy":"product_brand","embeddable":true,"href":"https:\/\/anivet.lt\/elparduotuve\/wp-json\/wp\/v2\/product_brand?post=14250"},{"taxonomy":"product_cat","embeddable":true,"href":"https:\/\/anivet.lt\/elparduotuve\/wp-json\/wp\/v2\/product_cat?post=14250"},{"taxonomy":"product_tag","embeddable":true,"href":"https:\/\/anivet.lt\/elparduotuve\/wp-json\/wp\/v2\/product_tag?post=14250"}],"curies":[{"name":"wp","href":"https:\/\/api.w.org\/{rel}","templated":true}]}}