{"id":14254,"date":"2024-07-18T16:47:16","date_gmt":"2024-07-18T16:47:16","guid":{"rendered":"https:\/\/anivet.lt\/elparduotuve\/?post_type=product&#038;p=14254"},"modified":"2026-05-02T11:38:49","modified_gmt":"2026-05-02T11:38:49","slug":"barking-heads-puppy-days-turkey-suniukams-su-kalakutiena-2kg","status":"publish","type":"product","link":"https:\/\/anivet.lt\/elparduotuve\/produktas\/barking-heads-puppy-days-turkey-suniukams-su-kalakutiena-2kg\/","title":{"rendered":"BARKING HEADS Puppy Days Turkey \u0160uniukams su Kalakutiena 2kg"},"content":{"rendered":"<ul>\n<li style=\"font-weight: 400;\"><span style=\"font-weight: 400;\">Auk\u0161tas kalakutienos kiekis (60%): Puikus lengvai vir\u0161kinam\u0173 baltym\u0173 \u0161altinis, skatinantis sveik\u0105 augim\u0105.<\/span><\/li>\n<li style=\"font-weight: 400;\"><span style=\"font-weight: 400;\">Batatai ir bulv\u0117s: Energijos \u0161altinis be gr\u016bd\u0173, tinkamas jautriems skrand\u017eiams.<\/span><\/li>\n<li style=\"font-weight: 400;\"><span style=\"font-weight: 400;\">Praturtintas Omega-3 i\u0161 la\u0161i\u0161\u0173 tauk\u0173: Padeda palaikyti sveik\u0105 kail\u012f, od\u0105 ir smegen\u0173 vystym\u0105si.<\/span><\/li>\n<li style=\"font-weight: 400;\"><span style=\"font-weight: 400;\">S\u0105nari\u0173 apsauga: Gliukozaminas ir chondroitino sulfatas palaiko sveikus s\u0105narius.<\/span><\/li>\n<li style=\"font-weight: 400;\"><span style=\"font-weight: 400;\">Prebiotikai (MOS ir FOS): U\u017etikrina ger\u0105 vir\u0161kinim\u0105 ir sveik\u0105 \u017earnyno mikroflor\u0105.<\/span><\/li>\n<li style=\"font-weight: 400;\"><span style=\"font-weight: 400;\">J\u016bros dumbliai ir prieskoniai: Nat\u016bralus vitamin\u0173 ir mineral\u0173 \u0161altinis, stiprinantis imunitet\u0105.<\/span><\/li>\n<li style=\"font-weight: 400;\"><span style=\"font-weight: 400;\">Maistiniai priedai: Sud\u0117tyje yra vitamin\u0173 ir mineral\u0173, b\u016btin\u0173 sveikam augimui ir vystymuisi.<\/span><\/li>\n<\/ul>\n<p><span style=\"font-weight: 400;\">\u201eBarking Heads Puppy Days\u201c u\u017etikrina, kad j\u016bs\u0173 augantis \u0161uniukas gaut\u0173 visas b\u016btinas maistines med\u017eiagas, skatinan\u010dias sveik\u0105 augim\u0105, ger\u0105 imunitet\u0105 ir puiki\u0105 bendr\u0105 savijaut\u0105. Tai idealus pasirinkimas jauniems \u0161uniukams, ie\u0161kantiems nat\u016bralios ir kokybi\u0161kos mitybos.<\/span><\/p>\n","protected":false},"excerpt":{"rendered":"<p><span style=\"font-weight: 400;\">Visavertis pa\u0161aras, specialiai sukurtas ma\u017e\u0173 ir vidutini\u0173 veisli\u0173 \u0161uniukams, patenkina visus augan\u010dio \u0161uniuko mitybos poreikius. \u0160is skanus receptas, praturtintas kalakutiena, u\u017etikrina auk\u0161tos kokyb\u0117s ir nat\u016brali\u0173 ingredient\u0173 naudojim\u0105.<\/span><\/p>\n","protected":false},"featured_media":14255,"template":"","meta":[],"product_brand":[],"product_cat":[101,103,104,439],"product_tag":[],"class_list":{"0":"post-14254","1":"product","2":"type-product","3":"status-publish","4":"has-post-thumbnail","6":"product_cat-sunims","7":"product_cat-sunu-maistas","8":"product_cat-sausas-maistas","9":"product_cat-barking-heads-sunu-maistas","10":"pa_prekinis-zenklas-barking-heads","12":"first","13":"instock","14":"taxable","15":"shipping-taxable","16":"purchasable","17":"product-type-simple"},"yoast_head":"<!-- This site is optimized with the Yoast SEO Premium plugin v27.1 (Yoast SEO v27.5) - https:\/\/yoast.com\/product\/yoast-seo-premium-wordpress\/ -->\n<title>BARKING HEADS Puppy Days Turkey \u0160uniukams su Kalakutiena 2kg - anivet.lt<\/title>\n<meta name=\"description\" content=\"Visavertis pa\u0161aras, specialiai sukurtas ma\u017e\u0173 ir vidutini\u0173 veisli\u0173 \u0161uniukams, patenkina visus augan\u010dio \u0161uniuko mitybos poreikius. \u0160is skanus receptas, praturtintas kalakutiena, u\u017etikrina auk\u0161tos kokyb\u0117s ir nat\u016brali\u0173 ingredient\u0173 naudojim\u0105.\" \/>\n<meta name=\"robots\" content=\"index, follow, max-snippet:-1, max-image-preview:large, max-video-preview:-1\" \/>\n<link rel=\"canonical\" href=\"https:\/\/anivet.lt\/elparduotuve\/produktas\/barking-heads-puppy-days-turkey-suniukams-su-kalakutiena-2kg\/\" \/>\n<meta property=\"og:locale\" content=\"lt_LT\" \/>\n<meta property=\"og:type\" content=\"article\" \/>\n<meta property=\"og:title\" content=\"BARKING HEADS Puppy Days Turkey \u0160uniukams su Kalakutiena 2kg\" \/>\n<meta property=\"og:description\" content=\"Visavertis pa\u0161aras, specialiai sukurtas ma\u017e\u0173 ir vidutini\u0173 veisli\u0173 \u0161uniukams, patenkina visus augan\u010dio \u0161uniuko mitybos poreikius. \u0160is skanus receptas, praturtintas kalakutiena, u\u017etikrina auk\u0161tos kokyb\u0117s ir nat\u016brali\u0173 ingredient\u0173 naudojim\u0105.\" \/>\n<meta property=\"og:url\" content=\"https:\/\/anivet.lt\/elparduotuve\/produktas\/barking-heads-puppy-days-turkey-suniukams-su-kalakutiena-2kg\/\" \/>\n<meta property=\"og:site_name\" content=\"anivet.lt\" \/>\n<meta property=\"article:modified_time\" content=\"2026-05-02T11:38:49+00:00\" \/>\n<meta property=\"og:image\" content=\"https:\/\/anivet.lt\/elparduotuve\/wp-content\/uploads\/2024\/07\/BARKING-HEADS-Puppy-Days-Turkey-2kg.jpg\" \/>\n\t<meta property=\"og:image:width\" content=\"800\" \/>\n\t<meta property=\"og:image:height\" content=\"800\" \/>\n\t<meta property=\"og:image:type\" content=\"image\/jpeg\" \/>\n<meta name=\"twitter:card\" content=\"summary_large_image\" \/>\n<meta name=\"twitter:label1\" content=\"Est. reading time\" \/>\n\t<meta name=\"twitter:data1\" content=\"1 minut\u0117\" \/>\n<script type=\"application\/ld+json\" class=\"yoast-schema-graph\">{\"@context\":\"https:\\\/\\\/schema.org\",\"@graph\":[{\"@type\":\"WebPage\",\"@id\":\"https:\\\/\\\/anivet.lt\\\/elparduotuve\\\/produktas\\\/barking-heads-puppy-days-turkey-suniukams-su-kalakutiena-2kg\\\/\",\"url\":\"https:\\\/\\\/anivet.lt\\\/elparduotuve\\\/produktas\\\/barking-heads-puppy-days-turkey-suniukams-su-kalakutiena-2kg\\\/\",\"name\":\"BARKING HEADS Puppy Days Turkey \u0160uniukams su Kalakutiena 2kg - anivet.lt\",\"isPartOf\":{\"@id\":\"https:\\\/\\\/anivet.lt\\\/elparduotuve\\\/#website\"},\"primaryImageOfPage\":{\"@id\":\"https:\\\/\\\/anivet.lt\\\/elparduotuve\\\/produktas\\\/barking-heads-puppy-days-turkey-suniukams-su-kalakutiena-2kg\\\/#primaryimage\"},\"image\":{\"@id\":\"https:\\\/\\\/anivet.lt\\\/elparduotuve\\\/produktas\\\/barking-heads-puppy-days-turkey-suniukams-su-kalakutiena-2kg\\\/#primaryimage\"},\"thumbnailUrl\":\"https:\\\/\\\/anivet.lt\\\/elparduotuve\\\/wp-content\\\/uploads\\\/2024\\\/07\\\/BARKING-HEADS-Puppy-Days-Turkey-2kg.jpg\",\"datePublished\":\"2024-07-18T16:47:16+00:00\",\"dateModified\":\"2026-05-02T11:38:49+00:00\",\"description\":\"Visavertis pa\u0161aras, specialiai sukurtas ma\u017e\u0173 ir vidutini\u0173 veisli\u0173 \u0161uniukams, patenkina visus augan\u010dio \u0161uniuko mitybos poreikius. \u0160is skanus receptas, praturtintas kalakutiena, u\u017etikrina auk\u0161tos kokyb\u0117s ir nat\u016brali\u0173 ingredient\u0173 naudojim\u0105.\",\"breadcrumb\":{\"@id\":\"https:\\\/\\\/anivet.lt\\\/elparduotuve\\\/produktas\\\/barking-heads-puppy-days-turkey-suniukams-su-kalakutiena-2kg\\\/#breadcrumb\"},\"inLanguage\":\"lt-LT\",\"potentialAction\":[{\"@type\":\"ReadAction\",\"target\":[\"https:\\\/\\\/anivet.lt\\\/elparduotuve\\\/produktas\\\/barking-heads-puppy-days-turkey-suniukams-su-kalakutiena-2kg\\\/\"]}]},{\"@type\":\"ImageObject\",\"inLanguage\":\"lt-LT\",\"@id\":\"https:\\\/\\\/anivet.lt\\\/elparduotuve\\\/produktas\\\/barking-heads-puppy-days-turkey-suniukams-su-kalakutiena-2kg\\\/#primaryimage\",\"url\":\"https:\\\/\\\/anivet.lt\\\/elparduotuve\\\/wp-content\\\/uploads\\\/2024\\\/07\\\/BARKING-HEADS-Puppy-Days-Turkey-2kg.jpg\",\"contentUrl\":\"https:\\\/\\\/anivet.lt\\\/elparduotuve\\\/wp-content\\\/uploads\\\/2024\\\/07\\\/BARKING-HEADS-Puppy-Days-Turkey-2kg.jpg\",\"width\":800,\"height\":800,\"caption\":\"BARKING HEADS Puppy Days Turkey \u0160uniukams su Kalakutiena 2kg\"},{\"@type\":\"BreadcrumbList\",\"@id\":\"https:\\\/\\\/anivet.lt\\\/elparduotuve\\\/produktas\\\/barking-heads-puppy-days-turkey-suniukams-su-kalakutiena-2kg\\\/#breadcrumb\",\"itemListElement\":[{\"@type\":\"ListItem\",\"position\":1,\"name\":\"Home\",\"item\":\"https:\\\/\\\/anivet.lt\\\/elparduotuve\\\/\"},{\"@type\":\"ListItem\",\"position\":2,\"name\":\"Produktai\",\"item\":\"https:\\\/\\\/anivet.lt\\\/elparduotuve\\\/produktai\\\/\"},{\"@type\":\"ListItem\",\"position\":3,\"name\":\"BARKING HEADS Puppy Days Turkey \u0160uniukams su Kalakutiena 2kg\"}]},{\"@type\":\"WebSite\",\"@id\":\"https:\\\/\\\/anivet.lt\\\/elparduotuve\\\/#website\",\"url\":\"https:\\\/\\\/anivet.lt\\\/elparduotuve\\\/\",\"name\":\"anivet.lt\",\"description\":\"Viskas J\u016bs\u0173 \u0161uns, kat\u0117s prie\u017ei\u016brai\",\"publisher\":{\"@id\":\"https:\\\/\\\/anivet.lt\\\/elparduotuve\\\/#organization\"},\"alternateName\":\"Viskas J\u016bs\u0173 \u0161uns, kat\u0117s prie\u017ei\u016brai\",\"potentialAction\":[{\"@type\":\"SearchAction\",\"target\":{\"@type\":\"EntryPoint\",\"urlTemplate\":\"https:\\\/\\\/anivet.lt\\\/elparduotuve\\\/?s={search_term_string}\"},\"query-input\":{\"@type\":\"PropertyValueSpecification\",\"valueRequired\":true,\"valueName\":\"search_term_string\"}}],\"inLanguage\":\"lt-LT\"},{\"@type\":\"Organization\",\"@id\":\"https:\\\/\\\/anivet.lt\\\/elparduotuve\\\/#organization\",\"name\":\"Viskas J\u016bs\u0173 \u0161uns, kat\u0117s prie\u017ei\u016brai\",\"url\":\"https:\\\/\\\/anivet.lt\\\/elparduotuve\\\/\",\"logo\":{\"@type\":\"ImageObject\",\"inLanguage\":\"lt-LT\",\"@id\":\"https:\\\/\\\/anivet.lt\\\/elparduotuve\\\/#\\\/schema\\\/logo\\\/image\\\/\",\"url\":\"https:\\\/\\\/anivet.lt\\\/elparduotuve\\\/wp-content\\\/uploads\\\/2023\\\/06\\\/logo2.jpg\",\"contentUrl\":\"https:\\\/\\\/anivet.lt\\\/elparduotuve\\\/wp-content\\\/uploads\\\/2023\\\/06\\\/logo2.jpg\",\"width\":655,\"height\":194,\"caption\":\"Viskas J\u016bs\u0173 \u0161uns, kat\u0117s prie\u017ei\u016brai\"},\"image\":{\"@id\":\"https:\\\/\\\/anivet.lt\\\/elparduotuve\\\/#\\\/schema\\\/logo\\\/image\\\/\"}}]}<\/script>\n<!-- \/ Yoast SEO Premium plugin. -->","yoast_head_json":{"title":"BARKING HEADS Puppy Days Turkey \u0160uniukams su Kalakutiena 2kg - anivet.lt","description":"Visavertis pa\u0161aras, specialiai sukurtas ma\u017e\u0173 ir vidutini\u0173 veisli\u0173 \u0161uniukams, patenkina visus augan\u010dio \u0161uniuko mitybos poreikius. \u0160is skanus receptas, praturtintas kalakutiena, u\u017etikrina auk\u0161tos kokyb\u0117s ir nat\u016brali\u0173 ingredient\u0173 naudojim\u0105.","robots":{"index":"index","follow":"follow","max-snippet":"max-snippet:-1","max-image-preview":"max-image-preview:large","max-video-preview":"max-video-preview:-1"},"canonical":"https:\/\/anivet.lt\/elparduotuve\/produktas\/barking-heads-puppy-days-turkey-suniukams-su-kalakutiena-2kg\/","og_locale":"lt_LT","og_type":"article","og_title":"BARKING HEADS Puppy Days Turkey \u0160uniukams su Kalakutiena 2kg","og_description":"Visavertis pa\u0161aras, specialiai sukurtas ma\u017e\u0173 ir vidutini\u0173 veisli\u0173 \u0161uniukams, patenkina visus augan\u010dio \u0161uniuko mitybos poreikius. \u0160is skanus receptas, praturtintas kalakutiena, u\u017etikrina auk\u0161tos kokyb\u0117s ir nat\u016brali\u0173 ingredient\u0173 naudojim\u0105.","og_url":"https:\/\/anivet.lt\/elparduotuve\/produktas\/barking-heads-puppy-days-turkey-suniukams-su-kalakutiena-2kg\/","og_site_name":"anivet.lt","article_modified_time":"2026-05-02T11:38:49+00:00","og_image":[{"width":800,"height":800,"url":"https:\/\/anivet.lt\/elparduotuve\/wp-content\/uploads\/2024\/07\/BARKING-HEADS-Puppy-Days-Turkey-2kg.jpg","type":"image\/jpeg"}],"twitter_card":"summary_large_image","twitter_misc":{"Est. reading time":"1 minut\u0117"},"schema":{"@context":"https:\/\/schema.org","@graph":[{"@type":"WebPage","@id":"https:\/\/anivet.lt\/elparduotuve\/produktas\/barking-heads-puppy-days-turkey-suniukams-su-kalakutiena-2kg\/","url":"https:\/\/anivet.lt\/elparduotuve\/produktas\/barking-heads-puppy-days-turkey-suniukams-su-kalakutiena-2kg\/","name":"BARKING HEADS Puppy Days Turkey \u0160uniukams su Kalakutiena 2kg - anivet.lt","isPartOf":{"@id":"https:\/\/anivet.lt\/elparduotuve\/#website"},"primaryImageOfPage":{"@id":"https:\/\/anivet.lt\/elparduotuve\/produktas\/barking-heads-puppy-days-turkey-suniukams-su-kalakutiena-2kg\/#primaryimage"},"image":{"@id":"https:\/\/anivet.lt\/elparduotuve\/produktas\/barking-heads-puppy-days-turkey-suniukams-su-kalakutiena-2kg\/#primaryimage"},"thumbnailUrl":"https:\/\/anivet.lt\/elparduotuve\/wp-content\/uploads\/2024\/07\/BARKING-HEADS-Puppy-Days-Turkey-2kg.jpg","datePublished":"2024-07-18T16:47:16+00:00","dateModified":"2026-05-02T11:38:49+00:00","description":"Visavertis pa\u0161aras, specialiai sukurtas ma\u017e\u0173 ir vidutini\u0173 veisli\u0173 \u0161uniukams, patenkina visus augan\u010dio \u0161uniuko mitybos poreikius. \u0160is skanus receptas, praturtintas kalakutiena, u\u017etikrina auk\u0161tos kokyb\u0117s ir nat\u016brali\u0173 ingredient\u0173 naudojim\u0105.","breadcrumb":{"@id":"https:\/\/anivet.lt\/elparduotuve\/produktas\/barking-heads-puppy-days-turkey-suniukams-su-kalakutiena-2kg\/#breadcrumb"},"inLanguage":"lt-LT","potentialAction":[{"@type":"ReadAction","target":["https:\/\/anivet.lt\/elparduotuve\/produktas\/barking-heads-puppy-days-turkey-suniukams-su-kalakutiena-2kg\/"]}]},{"@type":"ImageObject","inLanguage":"lt-LT","@id":"https:\/\/anivet.lt\/elparduotuve\/produktas\/barking-heads-puppy-days-turkey-suniukams-su-kalakutiena-2kg\/#primaryimage","url":"https:\/\/anivet.lt\/elparduotuve\/wp-content\/uploads\/2024\/07\/BARKING-HEADS-Puppy-Days-Turkey-2kg.jpg","contentUrl":"https:\/\/anivet.lt\/elparduotuve\/wp-content\/uploads\/2024\/07\/BARKING-HEADS-Puppy-Days-Turkey-2kg.jpg","width":800,"height":800,"caption":"BARKING HEADS Puppy Days Turkey \u0160uniukams su Kalakutiena 2kg"},{"@type":"BreadcrumbList","@id":"https:\/\/anivet.lt\/elparduotuve\/produktas\/barking-heads-puppy-days-turkey-suniukams-su-kalakutiena-2kg\/#breadcrumb","itemListElement":[{"@type":"ListItem","position":1,"name":"Home","item":"https:\/\/anivet.lt\/elparduotuve\/"},{"@type":"ListItem","position":2,"name":"Produktai","item":"https:\/\/anivet.lt\/elparduotuve\/produktai\/"},{"@type":"ListItem","position":3,"name":"BARKING HEADS Puppy Days Turkey \u0160uniukams su Kalakutiena 2kg"}]},{"@type":"WebSite","@id":"https:\/\/anivet.lt\/elparduotuve\/#website","url":"https:\/\/anivet.lt\/elparduotuve\/","name":"anivet.lt","description":"Viskas J\u016bs\u0173 \u0161uns, kat\u0117s prie\u017ei\u016brai","publisher":{"@id":"https:\/\/anivet.lt\/elparduotuve\/#organization"},"alternateName":"Viskas J\u016bs\u0173 \u0161uns, kat\u0117s prie\u017ei\u016brai","potentialAction":[{"@type":"SearchAction","target":{"@type":"EntryPoint","urlTemplate":"https:\/\/anivet.lt\/elparduotuve\/?s={search_term_string}"},"query-input":{"@type":"PropertyValueSpecification","valueRequired":true,"valueName":"search_term_string"}}],"inLanguage":"lt-LT"},{"@type":"Organization","@id":"https:\/\/anivet.lt\/elparduotuve\/#organization","name":"Viskas J\u016bs\u0173 \u0161uns, kat\u0117s prie\u017ei\u016brai","url":"https:\/\/anivet.lt\/elparduotuve\/","logo":{"@type":"ImageObject","inLanguage":"lt-LT","@id":"https:\/\/anivet.lt\/elparduotuve\/#\/schema\/logo\/image\/","url":"https:\/\/anivet.lt\/elparduotuve\/wp-content\/uploads\/2023\/06\/logo2.jpg","contentUrl":"https:\/\/anivet.lt\/elparduotuve\/wp-content\/uploads\/2023\/06\/logo2.jpg","width":655,"height":194,"caption":"Viskas J\u016bs\u0173 \u0161uns, kat\u0117s prie\u017ei\u016brai"},"image":{"@id":"https:\/\/anivet.lt\/elparduotuve\/#\/schema\/logo\/image\/"}}]}},"_links":{"self":[{"href":"https:\/\/anivet.lt\/elparduotuve\/wp-json\/wp\/v2\/product\/14254","targetHints":{"allow":["GET"]}}],"collection":[{"href":"https:\/\/anivet.lt\/elparduotuve\/wp-json\/wp\/v2\/product"}],"about":[{"href":"https:\/\/anivet.lt\/elparduotuve\/wp-json\/wp\/v2\/types\/product"}],"wp:featuredmedia":[{"embeddable":true,"href":"https:\/\/anivet.lt\/elparduotuve\/wp-json\/wp\/v2\/media\/14255"}],"wp:attachment":[{"href":"https:\/\/anivet.lt\/elparduotuve\/wp-json\/wp\/v2\/media?parent=14254"}],"wp:term":[{"taxonomy":"product_brand","embeddable":true,"href":"https:\/\/anivet.lt\/elparduotuve\/wp-json\/wp\/v2\/product_brand?post=14254"},{"taxonomy":"product_cat","embeddable":true,"href":"https:\/\/anivet.lt\/elparduotuve\/wp-json\/wp\/v2\/product_cat?post=14254"},{"taxonomy":"product_tag","embeddable":true,"href":"https:\/\/anivet.lt\/elparduotuve\/wp-json\/wp\/v2\/product_tag?post=14254"}],"curies":[{"name":"wp","href":"https:\/\/api.w.org\/{rel}","templated":true}]}}