{"id":14256,"date":"2024-07-18T16:54:38","date_gmt":"2024-07-18T16:54:38","guid":{"rendered":"https:\/\/anivet.lt\/elparduotuve\/?post_type=product&#038;p=14256"},"modified":"2026-05-02T11:39:14","modified_gmt":"2026-05-02T11:39:14","slug":"barking-heads-puppy-days-turkey-suniukams-su-kalakutiena-6kg","status":"publish","type":"product","link":"https:\/\/anivet.lt\/elparduotuve\/produktas\/barking-heads-puppy-days-turkey-suniukams-su-kalakutiena-6kg\/","title":{"rendered":"BARKING HEADS Puppy Days Turkey \u0160uniukams su Kalakutiena 6kg"},"content":{"rendered":"<ul>\n<li style=\"font-weight: 400;\"><span style=\"font-weight: 400;\">Didelis kalakutienos kiekis: Sud\u0117tyje 60% kalakutienos (\u0161vie\u017eia, d\u017eiovinta ir sultinio pavidalu) \u2013 puikus auk\u0161tos kokyb\u0117s baltym\u0173 \u0161altinis.<\/span><\/li>\n<li style=\"font-weight: 400;\"><span style=\"font-weight: 400;\">Augimui b\u016btini papildai: Gliukozaminas ir chondroitinas stiprina s\u0105narius ir u\u017etikrina sveik\u0105 kaul\u0173 vystym\u0105si.<\/span><\/li>\n<li style=\"font-weight: 400;\"><span style=\"font-weight: 400;\">Nat\u016bral\u016bs angliavandeni\u0173 \u0161altiniai: Batatai ir bulv\u0117s suteikia ilgalaik\u0117s energijos, reikalingos aktyviam \u0161uniuko gyvenimui.<\/span><\/li>\n<li style=\"font-weight: 400;\"><span style=\"font-weight: 400;\">Sveikai odai ir kailiui: La\u0161i\u0161\u0173 taukai apr\u016bpina Omega-3 riebal\u0173 r\u016bg\u0161timis, palaikan\u010diomis blizgant\u012f kail\u012f ir sveik\u0105 od\u0105.<\/span><\/li>\n<li style=\"font-weight: 400;\"><span style=\"font-weight: 400;\">Vir\u0161kinimo palaikymas: Cikorijos \u0161aknys (FOS) ir miel\u0117s (MOS) padeda palaikyti ger\u0105 vir\u0161kinim\u0105 ir stiprina imunin\u0119 sistem\u0105.<\/span><\/li>\n<\/ul>\n<p><span style=\"font-weight: 400;\">Puikus pasirinkimas, atitinkantis visus augan\u010di\u0173 \u0161uniuk\u0173 poreikius. Sveikas, maistingas ir skanus \u2013 padeda u\u017etikrinti, kad j\u016bs\u0173 \u0161uniukas b\u016bt\u0173 laimingas ir energingas kiekvien\u0105 dien\u0105.<\/span><\/p>\n","protected":false},"excerpt":{"rendered":"<p><span style=\"font-weight: 400;\">Visavertis pa\u0161aras, sukurtas specialiai ma\u017e\u0173 ir vidutini\u0173 veisli\u0173 jauniems \u0161uniukams. \u0160is nat\u016bralus ir skanus receptas, praturtintas 60% kalakutienos, u\u017etikrina sveik\u0105 \u0161uniuko augim\u0105 ir vystym\u0105si.<\/span><\/p>\n","protected":false},"featured_media":14257,"template":"","meta":[],"product_brand":[],"product_cat":[101,103,104,439],"product_tag":[],"class_list":{"0":"post-14256","1":"product","2":"type-product","3":"status-publish","4":"has-post-thumbnail","6":"product_cat-sunims","7":"product_cat-sunu-maistas","8":"product_cat-sausas-maistas","9":"product_cat-barking-heads-sunu-maistas","10":"pa_prekinis-zenklas-barking-heads","12":"first","13":"instock","14":"taxable","15":"shipping-taxable","16":"purchasable","17":"product-type-simple"},"yoast_head":"<!-- This site is optimized with the Yoast SEO Premium plugin v27.1 (Yoast SEO v27.5) - https:\/\/yoast.com\/product\/yoast-seo-premium-wordpress\/ -->\n<title>BARKING HEADS Puppy Days Turkey \u0160uniukams su Kalakutiena 6kg - anivet.lt<\/title>\n<meta name=\"description\" content=\"Visavertis pa\u0161aras, sukurtas specialiai ma\u017e\u0173 ir vidutini\u0173 veisli\u0173 jauniems \u0161uniukams. \u0160is nat\u016bralus ir skanus receptas, praturtintas 60% kalakutienos, u\u017etikrina sveik\u0105 \u0161uniuko augim\u0105 ir vystym\u0105si.\" \/>\n<meta name=\"robots\" content=\"index, follow, max-snippet:-1, max-image-preview:large, max-video-preview:-1\" \/>\n<link rel=\"canonical\" href=\"https:\/\/anivet.lt\/elparduotuve\/produktas\/barking-heads-puppy-days-turkey-suniukams-su-kalakutiena-6kg\/\" \/>\n<meta property=\"og:locale\" content=\"lt_LT\" \/>\n<meta property=\"og:type\" content=\"article\" \/>\n<meta property=\"og:title\" content=\"BARKING HEADS Puppy Days Turkey \u0160uniukams su Kalakutiena 6kg\" \/>\n<meta property=\"og:description\" content=\"Visavertis pa\u0161aras, sukurtas specialiai ma\u017e\u0173 ir vidutini\u0173 veisli\u0173 jauniems \u0161uniukams. \u0160is nat\u016bralus ir skanus receptas, praturtintas 60% kalakutienos, u\u017etikrina sveik\u0105 \u0161uniuko augim\u0105 ir vystym\u0105si.\" \/>\n<meta property=\"og:url\" content=\"https:\/\/anivet.lt\/elparduotuve\/produktas\/barking-heads-puppy-days-turkey-suniukams-su-kalakutiena-6kg\/\" \/>\n<meta property=\"og:site_name\" content=\"anivet.lt\" \/>\n<meta property=\"article:modified_time\" content=\"2026-05-02T11:39:14+00:00\" \/>\n<meta property=\"og:image\" content=\"https:\/\/anivet.lt\/elparduotuve\/wp-content\/uploads\/2024\/07\/BARKING-HEADS-Puppy-Days-Turkey-6kg.jpg\" \/>\n\t<meta property=\"og:image:width\" content=\"800\" \/>\n\t<meta property=\"og:image:height\" content=\"800\" \/>\n\t<meta property=\"og:image:type\" content=\"image\/jpeg\" \/>\n<meta name=\"twitter:card\" content=\"summary_large_image\" \/>\n<meta name=\"twitter:label1\" content=\"Est. reading time\" \/>\n\t<meta name=\"twitter:data1\" content=\"1 minut\u0117\" \/>\n<script type=\"application\/ld+json\" class=\"yoast-schema-graph\">{\"@context\":\"https:\\\/\\\/schema.org\",\"@graph\":[{\"@type\":\"WebPage\",\"@id\":\"https:\\\/\\\/anivet.lt\\\/elparduotuve\\\/produktas\\\/barking-heads-puppy-days-turkey-suniukams-su-kalakutiena-6kg\\\/\",\"url\":\"https:\\\/\\\/anivet.lt\\\/elparduotuve\\\/produktas\\\/barking-heads-puppy-days-turkey-suniukams-su-kalakutiena-6kg\\\/\",\"name\":\"BARKING HEADS Puppy Days Turkey \u0160uniukams su Kalakutiena 6kg - anivet.lt\",\"isPartOf\":{\"@id\":\"https:\\\/\\\/anivet.lt\\\/elparduotuve\\\/#website\"},\"primaryImageOfPage\":{\"@id\":\"https:\\\/\\\/anivet.lt\\\/elparduotuve\\\/produktas\\\/barking-heads-puppy-days-turkey-suniukams-su-kalakutiena-6kg\\\/#primaryimage\"},\"image\":{\"@id\":\"https:\\\/\\\/anivet.lt\\\/elparduotuve\\\/produktas\\\/barking-heads-puppy-days-turkey-suniukams-su-kalakutiena-6kg\\\/#primaryimage\"},\"thumbnailUrl\":\"https:\\\/\\\/anivet.lt\\\/elparduotuve\\\/wp-content\\\/uploads\\\/2024\\\/07\\\/BARKING-HEADS-Puppy-Days-Turkey-6kg.jpg\",\"datePublished\":\"2024-07-18T16:54:38+00:00\",\"dateModified\":\"2026-05-02T11:39:14+00:00\",\"description\":\"Visavertis pa\u0161aras, sukurtas specialiai ma\u017e\u0173 ir vidutini\u0173 veisli\u0173 jauniems \u0161uniukams. \u0160is nat\u016bralus ir skanus receptas, praturtintas 60% kalakutienos, u\u017etikrina sveik\u0105 \u0161uniuko augim\u0105 ir vystym\u0105si.\",\"breadcrumb\":{\"@id\":\"https:\\\/\\\/anivet.lt\\\/elparduotuve\\\/produktas\\\/barking-heads-puppy-days-turkey-suniukams-su-kalakutiena-6kg\\\/#breadcrumb\"},\"inLanguage\":\"lt-LT\",\"potentialAction\":[{\"@type\":\"ReadAction\",\"target\":[\"https:\\\/\\\/anivet.lt\\\/elparduotuve\\\/produktas\\\/barking-heads-puppy-days-turkey-suniukams-su-kalakutiena-6kg\\\/\"]}]},{\"@type\":\"ImageObject\",\"inLanguage\":\"lt-LT\",\"@id\":\"https:\\\/\\\/anivet.lt\\\/elparduotuve\\\/produktas\\\/barking-heads-puppy-days-turkey-suniukams-su-kalakutiena-6kg\\\/#primaryimage\",\"url\":\"https:\\\/\\\/anivet.lt\\\/elparduotuve\\\/wp-content\\\/uploads\\\/2024\\\/07\\\/BARKING-HEADS-Puppy-Days-Turkey-6kg.jpg\",\"contentUrl\":\"https:\\\/\\\/anivet.lt\\\/elparduotuve\\\/wp-content\\\/uploads\\\/2024\\\/07\\\/BARKING-HEADS-Puppy-Days-Turkey-6kg.jpg\",\"width\":800,\"height\":800,\"caption\":\"BARKING HEADS Puppy Days Turkey \u0160uniukams su Kalakutiena 6kg\"},{\"@type\":\"BreadcrumbList\",\"@id\":\"https:\\\/\\\/anivet.lt\\\/elparduotuve\\\/produktas\\\/barking-heads-puppy-days-turkey-suniukams-su-kalakutiena-6kg\\\/#breadcrumb\",\"itemListElement\":[{\"@type\":\"ListItem\",\"position\":1,\"name\":\"Home\",\"item\":\"https:\\\/\\\/anivet.lt\\\/elparduotuve\\\/\"},{\"@type\":\"ListItem\",\"position\":2,\"name\":\"Produktai\",\"item\":\"https:\\\/\\\/anivet.lt\\\/elparduotuve\\\/produktai\\\/\"},{\"@type\":\"ListItem\",\"position\":3,\"name\":\"BARKING HEADS Puppy Days Turkey \u0160uniukams su Kalakutiena 6kg\"}]},{\"@type\":\"WebSite\",\"@id\":\"https:\\\/\\\/anivet.lt\\\/elparduotuve\\\/#website\",\"url\":\"https:\\\/\\\/anivet.lt\\\/elparduotuve\\\/\",\"name\":\"anivet.lt\",\"description\":\"Viskas J\u016bs\u0173 \u0161uns, kat\u0117s prie\u017ei\u016brai\",\"publisher\":{\"@id\":\"https:\\\/\\\/anivet.lt\\\/elparduotuve\\\/#organization\"},\"alternateName\":\"Viskas J\u016bs\u0173 \u0161uns, kat\u0117s prie\u017ei\u016brai\",\"potentialAction\":[{\"@type\":\"SearchAction\",\"target\":{\"@type\":\"EntryPoint\",\"urlTemplate\":\"https:\\\/\\\/anivet.lt\\\/elparduotuve\\\/?s={search_term_string}\"},\"query-input\":{\"@type\":\"PropertyValueSpecification\",\"valueRequired\":true,\"valueName\":\"search_term_string\"}}],\"inLanguage\":\"lt-LT\"},{\"@type\":\"Organization\",\"@id\":\"https:\\\/\\\/anivet.lt\\\/elparduotuve\\\/#organization\",\"name\":\"Viskas J\u016bs\u0173 \u0161uns, kat\u0117s prie\u017ei\u016brai\",\"url\":\"https:\\\/\\\/anivet.lt\\\/elparduotuve\\\/\",\"logo\":{\"@type\":\"ImageObject\",\"inLanguage\":\"lt-LT\",\"@id\":\"https:\\\/\\\/anivet.lt\\\/elparduotuve\\\/#\\\/schema\\\/logo\\\/image\\\/\",\"url\":\"https:\\\/\\\/anivet.lt\\\/elparduotuve\\\/wp-content\\\/uploads\\\/2023\\\/06\\\/logo2.jpg\",\"contentUrl\":\"https:\\\/\\\/anivet.lt\\\/elparduotuve\\\/wp-content\\\/uploads\\\/2023\\\/06\\\/logo2.jpg\",\"width\":655,\"height\":194,\"caption\":\"Viskas J\u016bs\u0173 \u0161uns, kat\u0117s prie\u017ei\u016brai\"},\"image\":{\"@id\":\"https:\\\/\\\/anivet.lt\\\/elparduotuve\\\/#\\\/schema\\\/logo\\\/image\\\/\"}}]}<\/script>\n<!-- \/ Yoast SEO Premium plugin. -->","yoast_head_json":{"title":"BARKING HEADS Puppy Days Turkey \u0160uniukams su Kalakutiena 6kg - anivet.lt","description":"Visavertis pa\u0161aras, sukurtas specialiai ma\u017e\u0173 ir vidutini\u0173 veisli\u0173 jauniems \u0161uniukams. \u0160is nat\u016bralus ir skanus receptas, praturtintas 60% kalakutienos, u\u017etikrina sveik\u0105 \u0161uniuko augim\u0105 ir vystym\u0105si.","robots":{"index":"index","follow":"follow","max-snippet":"max-snippet:-1","max-image-preview":"max-image-preview:large","max-video-preview":"max-video-preview:-1"},"canonical":"https:\/\/anivet.lt\/elparduotuve\/produktas\/barking-heads-puppy-days-turkey-suniukams-su-kalakutiena-6kg\/","og_locale":"lt_LT","og_type":"article","og_title":"BARKING HEADS Puppy Days Turkey \u0160uniukams su Kalakutiena 6kg","og_description":"Visavertis pa\u0161aras, sukurtas specialiai ma\u017e\u0173 ir vidutini\u0173 veisli\u0173 jauniems \u0161uniukams. \u0160is nat\u016bralus ir skanus receptas, praturtintas 60% kalakutienos, u\u017etikrina sveik\u0105 \u0161uniuko augim\u0105 ir vystym\u0105si.","og_url":"https:\/\/anivet.lt\/elparduotuve\/produktas\/barking-heads-puppy-days-turkey-suniukams-su-kalakutiena-6kg\/","og_site_name":"anivet.lt","article_modified_time":"2026-05-02T11:39:14+00:00","og_image":[{"width":800,"height":800,"url":"https:\/\/anivet.lt\/elparduotuve\/wp-content\/uploads\/2024\/07\/BARKING-HEADS-Puppy-Days-Turkey-6kg.jpg","type":"image\/jpeg"}],"twitter_card":"summary_large_image","twitter_misc":{"Est. reading time":"1 minut\u0117"},"schema":{"@context":"https:\/\/schema.org","@graph":[{"@type":"WebPage","@id":"https:\/\/anivet.lt\/elparduotuve\/produktas\/barking-heads-puppy-days-turkey-suniukams-su-kalakutiena-6kg\/","url":"https:\/\/anivet.lt\/elparduotuve\/produktas\/barking-heads-puppy-days-turkey-suniukams-su-kalakutiena-6kg\/","name":"BARKING HEADS Puppy Days Turkey \u0160uniukams su Kalakutiena 6kg - anivet.lt","isPartOf":{"@id":"https:\/\/anivet.lt\/elparduotuve\/#website"},"primaryImageOfPage":{"@id":"https:\/\/anivet.lt\/elparduotuve\/produktas\/barking-heads-puppy-days-turkey-suniukams-su-kalakutiena-6kg\/#primaryimage"},"image":{"@id":"https:\/\/anivet.lt\/elparduotuve\/produktas\/barking-heads-puppy-days-turkey-suniukams-su-kalakutiena-6kg\/#primaryimage"},"thumbnailUrl":"https:\/\/anivet.lt\/elparduotuve\/wp-content\/uploads\/2024\/07\/BARKING-HEADS-Puppy-Days-Turkey-6kg.jpg","datePublished":"2024-07-18T16:54:38+00:00","dateModified":"2026-05-02T11:39:14+00:00","description":"Visavertis pa\u0161aras, sukurtas specialiai ma\u017e\u0173 ir vidutini\u0173 veisli\u0173 jauniems \u0161uniukams. \u0160is nat\u016bralus ir skanus receptas, praturtintas 60% kalakutienos, u\u017etikrina sveik\u0105 \u0161uniuko augim\u0105 ir vystym\u0105si.","breadcrumb":{"@id":"https:\/\/anivet.lt\/elparduotuve\/produktas\/barking-heads-puppy-days-turkey-suniukams-su-kalakutiena-6kg\/#breadcrumb"},"inLanguage":"lt-LT","potentialAction":[{"@type":"ReadAction","target":["https:\/\/anivet.lt\/elparduotuve\/produktas\/barking-heads-puppy-days-turkey-suniukams-su-kalakutiena-6kg\/"]}]},{"@type":"ImageObject","inLanguage":"lt-LT","@id":"https:\/\/anivet.lt\/elparduotuve\/produktas\/barking-heads-puppy-days-turkey-suniukams-su-kalakutiena-6kg\/#primaryimage","url":"https:\/\/anivet.lt\/elparduotuve\/wp-content\/uploads\/2024\/07\/BARKING-HEADS-Puppy-Days-Turkey-6kg.jpg","contentUrl":"https:\/\/anivet.lt\/elparduotuve\/wp-content\/uploads\/2024\/07\/BARKING-HEADS-Puppy-Days-Turkey-6kg.jpg","width":800,"height":800,"caption":"BARKING HEADS Puppy Days Turkey \u0160uniukams su Kalakutiena 6kg"},{"@type":"BreadcrumbList","@id":"https:\/\/anivet.lt\/elparduotuve\/produktas\/barking-heads-puppy-days-turkey-suniukams-su-kalakutiena-6kg\/#breadcrumb","itemListElement":[{"@type":"ListItem","position":1,"name":"Home","item":"https:\/\/anivet.lt\/elparduotuve\/"},{"@type":"ListItem","position":2,"name":"Produktai","item":"https:\/\/anivet.lt\/elparduotuve\/produktai\/"},{"@type":"ListItem","position":3,"name":"BARKING HEADS Puppy Days Turkey \u0160uniukams su Kalakutiena 6kg"}]},{"@type":"WebSite","@id":"https:\/\/anivet.lt\/elparduotuve\/#website","url":"https:\/\/anivet.lt\/elparduotuve\/","name":"anivet.lt","description":"Viskas J\u016bs\u0173 \u0161uns, kat\u0117s prie\u017ei\u016brai","publisher":{"@id":"https:\/\/anivet.lt\/elparduotuve\/#organization"},"alternateName":"Viskas J\u016bs\u0173 \u0161uns, kat\u0117s prie\u017ei\u016brai","potentialAction":[{"@type":"SearchAction","target":{"@type":"EntryPoint","urlTemplate":"https:\/\/anivet.lt\/elparduotuve\/?s={search_term_string}"},"query-input":{"@type":"PropertyValueSpecification","valueRequired":true,"valueName":"search_term_string"}}],"inLanguage":"lt-LT"},{"@type":"Organization","@id":"https:\/\/anivet.lt\/elparduotuve\/#organization","name":"Viskas J\u016bs\u0173 \u0161uns, kat\u0117s prie\u017ei\u016brai","url":"https:\/\/anivet.lt\/elparduotuve\/","logo":{"@type":"ImageObject","inLanguage":"lt-LT","@id":"https:\/\/anivet.lt\/elparduotuve\/#\/schema\/logo\/image\/","url":"https:\/\/anivet.lt\/elparduotuve\/wp-content\/uploads\/2023\/06\/logo2.jpg","contentUrl":"https:\/\/anivet.lt\/elparduotuve\/wp-content\/uploads\/2023\/06\/logo2.jpg","width":655,"height":194,"caption":"Viskas J\u016bs\u0173 \u0161uns, kat\u0117s prie\u017ei\u016brai"},"image":{"@id":"https:\/\/anivet.lt\/elparduotuve\/#\/schema\/logo\/image\/"}}]}},"_links":{"self":[{"href":"https:\/\/anivet.lt\/elparduotuve\/wp-json\/wp\/v2\/product\/14256","targetHints":{"allow":["GET"]}}],"collection":[{"href":"https:\/\/anivet.lt\/elparduotuve\/wp-json\/wp\/v2\/product"}],"about":[{"href":"https:\/\/anivet.lt\/elparduotuve\/wp-json\/wp\/v2\/types\/product"}],"wp:featuredmedia":[{"embeddable":true,"href":"https:\/\/anivet.lt\/elparduotuve\/wp-json\/wp\/v2\/media\/14257"}],"wp:attachment":[{"href":"https:\/\/anivet.lt\/elparduotuve\/wp-json\/wp\/v2\/media?parent=14256"}],"wp:term":[{"taxonomy":"product_brand","embeddable":true,"href":"https:\/\/anivet.lt\/elparduotuve\/wp-json\/wp\/v2\/product_brand?post=14256"},{"taxonomy":"product_cat","embeddable":true,"href":"https:\/\/anivet.lt\/elparduotuve\/wp-json\/wp\/v2\/product_cat?post=14256"},{"taxonomy":"product_tag","embeddable":true,"href":"https:\/\/anivet.lt\/elparduotuve\/wp-json\/wp\/v2\/product_tag?post=14256"}],"curies":[{"name":"wp","href":"https:\/\/api.w.org\/{rel}","templated":true}]}}