{"id":14263,"date":"2024-07-18T18:48:36","date_gmt":"2024-07-18T18:48:36","guid":{"rendered":"https:\/\/anivet.lt\/elparduotuve\/?post_type=product&#038;p=14263"},"modified":"2026-04-21T08:30:05","modified_gmt":"2026-04-21T08:30:05","slug":"barking-heads-paws-fuss-pot-small-mazu-veisliu-sunims-su-antiena-1-5kg","status":"publish","type":"product","link":"https:\/\/anivet.lt\/elparduotuve\/produktas\/barking-heads-paws-fuss-pot-small-mazu-veisliu-sunims-su-antiena-1-5kg\/","title":{"rendered":"BARKING HEADS Paws Fuss Pot Small ma\u017e\u0173 veisli\u0173 \u0161unims su Antiena 1.5kg"},"content":{"rendered":"<p><span style=\"font-weight: 400;\">Auk\u0161\u010diausios kokyb\u0117s pa\u0161aras, pagamintas i\u0161 nat\u016brali\u0173 ingredient\u0173, su 50 % laisvai auginam\u0173 an\u010di\u0173 m\u0117sos. Specialiai sukurtas ma\u017e\u0173 veisli\u0173 suaugusiems \u0161unims, u\u017etikrina subalansuot\u0105 mityb\u0105 ir puik\u0173 skon\u012f.<\/span><\/p>\n<ul>\n<li style=\"font-weight: 400;\"><span style=\"font-weight: 400;\">50 % antiena: Laisvai auginam\u0173 an\u010di\u0173 m\u0117sa u\u017etikrina auk\u0161t\u0105 baltym\u0173 kokyb\u0119.<\/span><\/li>\n<li style=\"font-weight: 400;\"><span style=\"font-weight: 400;\">Nat\u016bral\u016bs ingredientai: Be dirbtini\u0173 pried\u0173, skonio stiprikli\u0173 ar da\u017eikli\u0173.<\/span><\/li>\n<li style=\"font-weight: 400;\"><span style=\"font-weight: 400;\">Batatai ir \u017eirniai: Suteikia lengvai vir\u0161kinam\u0173 angliavandeni\u0173 \u0161altin\u012f.<\/span><\/li>\n<li style=\"font-weight: 400;\"><span style=\"font-weight: 400;\">Praturtintas j\u016bros dumbliais ir cikorij\u0173 \u0161aknimis: Palaiko vir\u0161kinim\u0105 ir sveik\u0105 \u017earnyno mikroflor\u0105.<\/span><\/li>\n<li style=\"font-weight: 400;\"><span style=\"font-weight: 400;\">Omega riebal\u0173 r\u016bg\u0161tys i\u0161 s\u0117men\u0173: U\u017etikrina sveik\u0105 od\u0105 ir blizgant\u012f kail\u012f.<\/span><\/li>\n<li style=\"font-weight: 400;\"><span style=\"font-weight: 400;\">Veterinar\u0173 patvirtintas: Mitybos sprendimas, kur\u012f rekomenduoja profesionalai.<\/span><\/li>\n<\/ul>\n<p><span style=\"font-weight: 400;\">\u201eBarking Heads Paws Fuss Pot\u201c su antiena yra puikus pasirinkimas j\u016bs\u0173 ma\u017e\u0173 veisli\u0173 \u0161uniui. Jame derinama auk\u0161tos kokyb\u0117s m\u0117sa, nat\u016bral\u016bs ingredientai ir funkcional\u016bs priedai, skirti palaikyti sveik\u0105 vir\u0161kinim\u0105, od\u0105 bei bendr\u0105 \u0161uns savijaut\u0105.<\/span><\/p>\n","protected":false},"excerpt":{"rendered":"<p>Auk\u0161\u010diausios kokyb\u0117s pa\u0161aras, pagamintas i\u0161 nat\u016brali\u0173 ingredient\u0173, su 50 % laisvai auginam\u0173 an\u010di\u0173 m\u0117sos. Specialiai sukurtas ma\u017e\u0173 veisli\u0173 suaugusiems \u0161unims,<\/p>\n","protected":false},"featured_media":14264,"template":"","meta":[],"product_brand":[],"product_cat":[101,103,104,439],"product_tag":[],"class_list":{"0":"post-14263","1":"product","2":"type-product","3":"status-publish","4":"has-post-thumbnail","6":"product_cat-sunims","7":"product_cat-sunu-maistas","8":"product_cat-sausas-maistas","9":"product_cat-barking-heads-sunu-maistas","10":"pa_prekinis-zenklas-barking-heads","12":"first","13":"instock","14":"taxable","15":"shipping-taxable","16":"purchasable","17":"product-type-simple"},"yoast_head":"<!-- This site is optimized with the Yoast SEO Premium plugin v27.1 (Yoast SEO v27.5) - https:\/\/yoast.com\/product\/yoast-seo-premium-wordpress\/ -->\n<title>BARKING HEADS Paws Fuss Pot Small ma\u017e\u0173 veisli\u0173 \u0161unims su Antiena 1.5kg - anivet.lt<\/title>\n<meta name=\"description\" content=\"Auk\u0161\u010diausios kokyb\u0117s pa\u0161aras, pagamintas i\u0161 nat\u016brali\u0173 ingredient\u0173, su 50 % laisvai auginam\u0173 an\u010di\u0173 m\u0117sos. Specialiai sukurtas ma\u017e\u0173 veisli\u0173 suaugusiems\" \/>\n<meta name=\"robots\" content=\"index, follow, max-snippet:-1, max-image-preview:large, max-video-preview:-1\" \/>\n<link rel=\"canonical\" href=\"https:\/\/anivet.lt\/elparduotuve\/produktas\/barking-heads-paws-fuss-pot-small-mazu-veisliu-sunims-su-antiena-1-5kg\/\" \/>\n<meta property=\"og:locale\" content=\"lt_LT\" \/>\n<meta property=\"og:type\" content=\"article\" \/>\n<meta property=\"og:title\" content=\"BARKING HEADS Paws Fuss Pot Small ma\u017e\u0173 veisli\u0173 \u0161unims su Antiena 1.5kg\" \/>\n<meta property=\"og:description\" content=\"Auk\u0161\u010diausios kokyb\u0117s pa\u0161aras, pagamintas i\u0161 nat\u016brali\u0173 ingredient\u0173, su 50 % laisvai auginam\u0173 an\u010di\u0173 m\u0117sos. Specialiai sukurtas ma\u017e\u0173 veisli\u0173 suaugusiems\" \/>\n<meta property=\"og:url\" content=\"https:\/\/anivet.lt\/elparduotuve\/produktas\/barking-heads-paws-fuss-pot-small-mazu-veisliu-sunims-su-antiena-1-5kg\/\" \/>\n<meta property=\"og:site_name\" content=\"anivet.lt\" \/>\n<meta property=\"article:modified_time\" content=\"2026-04-21T08:30:05+00:00\" \/>\n<meta property=\"og:image\" content=\"https:\/\/anivet.lt\/elparduotuve\/wp-content\/uploads\/2024\/07\/BARKING-HEADS-Paws-Fuss-Pot-Small-1.5kg.jpg\" \/>\n\t<meta property=\"og:image:width\" content=\"800\" \/>\n\t<meta property=\"og:image:height\" content=\"800\" \/>\n\t<meta property=\"og:image:type\" content=\"image\/jpeg\" \/>\n<meta name=\"twitter:card\" content=\"summary_large_image\" \/>\n<meta name=\"twitter:label1\" content=\"Est. reading time\" \/>\n\t<meta name=\"twitter:data1\" content=\"1 minut\u0117\" \/>\n<script type=\"application\/ld+json\" class=\"yoast-schema-graph\">{\"@context\":\"https:\\\/\\\/schema.org\",\"@graph\":[{\"@type\":\"WebPage\",\"@id\":\"https:\\\/\\\/anivet.lt\\\/elparduotuve\\\/produktas\\\/barking-heads-paws-fuss-pot-small-mazu-veisliu-sunims-su-antiena-1-5kg\\\/\",\"url\":\"https:\\\/\\\/anivet.lt\\\/elparduotuve\\\/produktas\\\/barking-heads-paws-fuss-pot-small-mazu-veisliu-sunims-su-antiena-1-5kg\\\/\",\"name\":\"BARKING HEADS Paws Fuss Pot Small ma\u017e\u0173 veisli\u0173 \u0161unims su Antiena 1.5kg - anivet.lt\",\"isPartOf\":{\"@id\":\"https:\\\/\\\/anivet.lt\\\/elparduotuve\\\/#website\"},\"primaryImageOfPage\":{\"@id\":\"https:\\\/\\\/anivet.lt\\\/elparduotuve\\\/produktas\\\/barking-heads-paws-fuss-pot-small-mazu-veisliu-sunims-su-antiena-1-5kg\\\/#primaryimage\"},\"image\":{\"@id\":\"https:\\\/\\\/anivet.lt\\\/elparduotuve\\\/produktas\\\/barking-heads-paws-fuss-pot-small-mazu-veisliu-sunims-su-antiena-1-5kg\\\/#primaryimage\"},\"thumbnailUrl\":\"https:\\\/\\\/anivet.lt\\\/elparduotuve\\\/wp-content\\\/uploads\\\/2024\\\/07\\\/BARKING-HEADS-Paws-Fuss-Pot-Small-1.5kg.jpg\",\"datePublished\":\"2024-07-18T18:48:36+00:00\",\"dateModified\":\"2026-04-21T08:30:05+00:00\",\"description\":\"Auk\u0161\u010diausios kokyb\u0117s pa\u0161aras, pagamintas i\u0161 nat\u016brali\u0173 ingredient\u0173, su 50 % laisvai auginam\u0173 an\u010di\u0173 m\u0117sos. Specialiai sukurtas ma\u017e\u0173 veisli\u0173 suaugusiems\",\"breadcrumb\":{\"@id\":\"https:\\\/\\\/anivet.lt\\\/elparduotuve\\\/produktas\\\/barking-heads-paws-fuss-pot-small-mazu-veisliu-sunims-su-antiena-1-5kg\\\/#breadcrumb\"},\"inLanguage\":\"lt-LT\",\"potentialAction\":[{\"@type\":\"ReadAction\",\"target\":[\"https:\\\/\\\/anivet.lt\\\/elparduotuve\\\/produktas\\\/barking-heads-paws-fuss-pot-small-mazu-veisliu-sunims-su-antiena-1-5kg\\\/\"]}]},{\"@type\":\"ImageObject\",\"inLanguage\":\"lt-LT\",\"@id\":\"https:\\\/\\\/anivet.lt\\\/elparduotuve\\\/produktas\\\/barking-heads-paws-fuss-pot-small-mazu-veisliu-sunims-su-antiena-1-5kg\\\/#primaryimage\",\"url\":\"https:\\\/\\\/anivet.lt\\\/elparduotuve\\\/wp-content\\\/uploads\\\/2024\\\/07\\\/BARKING-HEADS-Paws-Fuss-Pot-Small-1.5kg.jpg\",\"contentUrl\":\"https:\\\/\\\/anivet.lt\\\/elparduotuve\\\/wp-content\\\/uploads\\\/2024\\\/07\\\/BARKING-HEADS-Paws-Fuss-Pot-Small-1.5kg.jpg\",\"width\":800,\"height\":800,\"caption\":\"BARKING HEADS Paws Fuss Pot Small ma\u017e\u0173 veisli\u0173 \u0161unims su Antiena 1.5kg\"},{\"@type\":\"BreadcrumbList\",\"@id\":\"https:\\\/\\\/anivet.lt\\\/elparduotuve\\\/produktas\\\/barking-heads-paws-fuss-pot-small-mazu-veisliu-sunims-su-antiena-1-5kg\\\/#breadcrumb\",\"itemListElement\":[{\"@type\":\"ListItem\",\"position\":1,\"name\":\"Home\",\"item\":\"https:\\\/\\\/anivet.lt\\\/elparduotuve\\\/\"},{\"@type\":\"ListItem\",\"position\":2,\"name\":\"Produktai\",\"item\":\"https:\\\/\\\/anivet.lt\\\/elparduotuve\\\/produktai\\\/\"},{\"@type\":\"ListItem\",\"position\":3,\"name\":\"BARKING HEADS Paws Fuss Pot Small ma\u017e\u0173 veisli\u0173 \u0161unims su Antiena 1.5kg\"}]},{\"@type\":\"WebSite\",\"@id\":\"https:\\\/\\\/anivet.lt\\\/elparduotuve\\\/#website\",\"url\":\"https:\\\/\\\/anivet.lt\\\/elparduotuve\\\/\",\"name\":\"anivet.lt\",\"description\":\"Viskas J\u016bs\u0173 \u0161uns, kat\u0117s prie\u017ei\u016brai\",\"publisher\":{\"@id\":\"https:\\\/\\\/anivet.lt\\\/elparduotuve\\\/#organization\"},\"alternateName\":\"Viskas J\u016bs\u0173 \u0161uns, kat\u0117s prie\u017ei\u016brai\",\"potentialAction\":[{\"@type\":\"SearchAction\",\"target\":{\"@type\":\"EntryPoint\",\"urlTemplate\":\"https:\\\/\\\/anivet.lt\\\/elparduotuve\\\/?s={search_term_string}\"},\"query-input\":{\"@type\":\"PropertyValueSpecification\",\"valueRequired\":true,\"valueName\":\"search_term_string\"}}],\"inLanguage\":\"lt-LT\"},{\"@type\":\"Organization\",\"@id\":\"https:\\\/\\\/anivet.lt\\\/elparduotuve\\\/#organization\",\"name\":\"Viskas J\u016bs\u0173 \u0161uns, kat\u0117s prie\u017ei\u016brai\",\"url\":\"https:\\\/\\\/anivet.lt\\\/elparduotuve\\\/\",\"logo\":{\"@type\":\"ImageObject\",\"inLanguage\":\"lt-LT\",\"@id\":\"https:\\\/\\\/anivet.lt\\\/elparduotuve\\\/#\\\/schema\\\/logo\\\/image\\\/\",\"url\":\"https:\\\/\\\/anivet.lt\\\/elparduotuve\\\/wp-content\\\/uploads\\\/2023\\\/06\\\/logo2.jpg\",\"contentUrl\":\"https:\\\/\\\/anivet.lt\\\/elparduotuve\\\/wp-content\\\/uploads\\\/2023\\\/06\\\/logo2.jpg\",\"width\":655,\"height\":194,\"caption\":\"Viskas J\u016bs\u0173 \u0161uns, kat\u0117s prie\u017ei\u016brai\"},\"image\":{\"@id\":\"https:\\\/\\\/anivet.lt\\\/elparduotuve\\\/#\\\/schema\\\/logo\\\/image\\\/\"}}]}<\/script>\n<!-- \/ Yoast SEO Premium plugin. -->","yoast_head_json":{"title":"BARKING HEADS Paws Fuss Pot Small ma\u017e\u0173 veisli\u0173 \u0161unims su Antiena 1.5kg - anivet.lt","description":"Auk\u0161\u010diausios kokyb\u0117s pa\u0161aras, pagamintas i\u0161 nat\u016brali\u0173 ingredient\u0173, su 50 % laisvai auginam\u0173 an\u010di\u0173 m\u0117sos. Specialiai sukurtas ma\u017e\u0173 veisli\u0173 suaugusiems","robots":{"index":"index","follow":"follow","max-snippet":"max-snippet:-1","max-image-preview":"max-image-preview:large","max-video-preview":"max-video-preview:-1"},"canonical":"https:\/\/anivet.lt\/elparduotuve\/produktas\/barking-heads-paws-fuss-pot-small-mazu-veisliu-sunims-su-antiena-1-5kg\/","og_locale":"lt_LT","og_type":"article","og_title":"BARKING HEADS Paws Fuss Pot Small ma\u017e\u0173 veisli\u0173 \u0161unims su Antiena 1.5kg","og_description":"Auk\u0161\u010diausios kokyb\u0117s pa\u0161aras, pagamintas i\u0161 nat\u016brali\u0173 ingredient\u0173, su 50 % laisvai auginam\u0173 an\u010di\u0173 m\u0117sos. Specialiai sukurtas ma\u017e\u0173 veisli\u0173 suaugusiems","og_url":"https:\/\/anivet.lt\/elparduotuve\/produktas\/barking-heads-paws-fuss-pot-small-mazu-veisliu-sunims-su-antiena-1-5kg\/","og_site_name":"anivet.lt","article_modified_time":"2026-04-21T08:30:05+00:00","og_image":[{"width":800,"height":800,"url":"https:\/\/anivet.lt\/elparduotuve\/wp-content\/uploads\/2024\/07\/BARKING-HEADS-Paws-Fuss-Pot-Small-1.5kg.jpg","type":"image\/jpeg"}],"twitter_card":"summary_large_image","twitter_misc":{"Est. reading time":"1 minut\u0117"},"schema":{"@context":"https:\/\/schema.org","@graph":[{"@type":"WebPage","@id":"https:\/\/anivet.lt\/elparduotuve\/produktas\/barking-heads-paws-fuss-pot-small-mazu-veisliu-sunims-su-antiena-1-5kg\/","url":"https:\/\/anivet.lt\/elparduotuve\/produktas\/barking-heads-paws-fuss-pot-small-mazu-veisliu-sunims-su-antiena-1-5kg\/","name":"BARKING HEADS Paws Fuss Pot Small ma\u017e\u0173 veisli\u0173 \u0161unims su Antiena 1.5kg - anivet.lt","isPartOf":{"@id":"https:\/\/anivet.lt\/elparduotuve\/#website"},"primaryImageOfPage":{"@id":"https:\/\/anivet.lt\/elparduotuve\/produktas\/barking-heads-paws-fuss-pot-small-mazu-veisliu-sunims-su-antiena-1-5kg\/#primaryimage"},"image":{"@id":"https:\/\/anivet.lt\/elparduotuve\/produktas\/barking-heads-paws-fuss-pot-small-mazu-veisliu-sunims-su-antiena-1-5kg\/#primaryimage"},"thumbnailUrl":"https:\/\/anivet.lt\/elparduotuve\/wp-content\/uploads\/2024\/07\/BARKING-HEADS-Paws-Fuss-Pot-Small-1.5kg.jpg","datePublished":"2024-07-18T18:48:36+00:00","dateModified":"2026-04-21T08:30:05+00:00","description":"Auk\u0161\u010diausios kokyb\u0117s pa\u0161aras, pagamintas i\u0161 nat\u016brali\u0173 ingredient\u0173, su 50 % laisvai auginam\u0173 an\u010di\u0173 m\u0117sos. Specialiai sukurtas ma\u017e\u0173 veisli\u0173 suaugusiems","breadcrumb":{"@id":"https:\/\/anivet.lt\/elparduotuve\/produktas\/barking-heads-paws-fuss-pot-small-mazu-veisliu-sunims-su-antiena-1-5kg\/#breadcrumb"},"inLanguage":"lt-LT","potentialAction":[{"@type":"ReadAction","target":["https:\/\/anivet.lt\/elparduotuve\/produktas\/barking-heads-paws-fuss-pot-small-mazu-veisliu-sunims-su-antiena-1-5kg\/"]}]},{"@type":"ImageObject","inLanguage":"lt-LT","@id":"https:\/\/anivet.lt\/elparduotuve\/produktas\/barking-heads-paws-fuss-pot-small-mazu-veisliu-sunims-su-antiena-1-5kg\/#primaryimage","url":"https:\/\/anivet.lt\/elparduotuve\/wp-content\/uploads\/2024\/07\/BARKING-HEADS-Paws-Fuss-Pot-Small-1.5kg.jpg","contentUrl":"https:\/\/anivet.lt\/elparduotuve\/wp-content\/uploads\/2024\/07\/BARKING-HEADS-Paws-Fuss-Pot-Small-1.5kg.jpg","width":800,"height":800,"caption":"BARKING HEADS Paws Fuss Pot Small ma\u017e\u0173 veisli\u0173 \u0161unims su Antiena 1.5kg"},{"@type":"BreadcrumbList","@id":"https:\/\/anivet.lt\/elparduotuve\/produktas\/barking-heads-paws-fuss-pot-small-mazu-veisliu-sunims-su-antiena-1-5kg\/#breadcrumb","itemListElement":[{"@type":"ListItem","position":1,"name":"Home","item":"https:\/\/anivet.lt\/elparduotuve\/"},{"@type":"ListItem","position":2,"name":"Produktai","item":"https:\/\/anivet.lt\/elparduotuve\/produktai\/"},{"@type":"ListItem","position":3,"name":"BARKING HEADS Paws Fuss Pot Small ma\u017e\u0173 veisli\u0173 \u0161unims su Antiena 1.5kg"}]},{"@type":"WebSite","@id":"https:\/\/anivet.lt\/elparduotuve\/#website","url":"https:\/\/anivet.lt\/elparduotuve\/","name":"anivet.lt","description":"Viskas J\u016bs\u0173 \u0161uns, kat\u0117s prie\u017ei\u016brai","publisher":{"@id":"https:\/\/anivet.lt\/elparduotuve\/#organization"},"alternateName":"Viskas J\u016bs\u0173 \u0161uns, kat\u0117s prie\u017ei\u016brai","potentialAction":[{"@type":"SearchAction","target":{"@type":"EntryPoint","urlTemplate":"https:\/\/anivet.lt\/elparduotuve\/?s={search_term_string}"},"query-input":{"@type":"PropertyValueSpecification","valueRequired":true,"valueName":"search_term_string"}}],"inLanguage":"lt-LT"},{"@type":"Organization","@id":"https:\/\/anivet.lt\/elparduotuve\/#organization","name":"Viskas J\u016bs\u0173 \u0161uns, kat\u0117s prie\u017ei\u016brai","url":"https:\/\/anivet.lt\/elparduotuve\/","logo":{"@type":"ImageObject","inLanguage":"lt-LT","@id":"https:\/\/anivet.lt\/elparduotuve\/#\/schema\/logo\/image\/","url":"https:\/\/anivet.lt\/elparduotuve\/wp-content\/uploads\/2023\/06\/logo2.jpg","contentUrl":"https:\/\/anivet.lt\/elparduotuve\/wp-content\/uploads\/2023\/06\/logo2.jpg","width":655,"height":194,"caption":"Viskas J\u016bs\u0173 \u0161uns, kat\u0117s prie\u017ei\u016brai"},"image":{"@id":"https:\/\/anivet.lt\/elparduotuve\/#\/schema\/logo\/image\/"}}]}},"_links":{"self":[{"href":"https:\/\/anivet.lt\/elparduotuve\/wp-json\/wp\/v2\/product\/14263","targetHints":{"allow":["GET"]}}],"collection":[{"href":"https:\/\/anivet.lt\/elparduotuve\/wp-json\/wp\/v2\/product"}],"about":[{"href":"https:\/\/anivet.lt\/elparduotuve\/wp-json\/wp\/v2\/types\/product"}],"wp:featuredmedia":[{"embeddable":true,"href":"https:\/\/anivet.lt\/elparduotuve\/wp-json\/wp\/v2\/media\/14264"}],"wp:attachment":[{"href":"https:\/\/anivet.lt\/elparduotuve\/wp-json\/wp\/v2\/media?parent=14263"}],"wp:term":[{"taxonomy":"product_brand","embeddable":true,"href":"https:\/\/anivet.lt\/elparduotuve\/wp-json\/wp\/v2\/product_brand?post=14263"},{"taxonomy":"product_cat","embeddable":true,"href":"https:\/\/anivet.lt\/elparduotuve\/wp-json\/wp\/v2\/product_cat?post=14263"},{"taxonomy":"product_tag","embeddable":true,"href":"https:\/\/anivet.lt\/elparduotuve\/wp-json\/wp\/v2\/product_tag?post=14263"}],"curies":[{"name":"wp","href":"https:\/\/api.w.org\/{rel}","templated":true}]}}