{"id":14265,"date":"2024-07-18T19:05:57","date_gmt":"2024-07-18T19:05:57","guid":{"rendered":"https:\/\/anivet.lt\/elparduotuve\/?post_type=product&#038;p=14265"},"modified":"2025-08-06T19:03:45","modified_gmt":"2025-08-06T19:03:45","slug":"barking-heads-bowl-lickin-goodness-pasaras-su-vistiena-12kg","status":"publish","type":"product","link":"https:\/\/anivet.lt\/elparduotuve\/produktas\/barking-heads-bowl-lickin-goodness-pasaras-su-vistiena-12kg\/","title":{"rendered":"BARKING HEADS Bowl Lickin Goodness Pa\u0161aras Su Vi\u0161tiena 12kg"},"content":{"rendered":"<ul>\n<li style=\"font-weight: 400\"><span style=\"font-weight: 400\">Didelis vi\u0161tienos kiekis: Sud\u0117tyje 50% vi\u0161tienos (laisvai auginam\u0173 vi\u0161t\u0173 m\u0117sa, d\u017eiovinta vi\u0161tiena ir vi\u0161tienos sultinys), kuri yra auk\u0161tos kokyb\u0117s baltym\u0173 \u0161altinis.<\/span><\/li>\n<li style=\"font-weight: 400\"><span style=\"font-weight: 400\">Nat\u016bral\u016bs ingredientai: Papildyta ry\u017eiais, avi\u017eomis ir \u017eirniais, kurie suteikia energijos ir palaiko ger\u0105 vir\u0161kinim\u0105.<\/span><\/li>\n<li style=\"font-weight: 400\"><span style=\"font-weight: 400\">Omega-3 ir -6 riebal\u0173 r\u016bg\u0161tys: La\u0161i\u0161\u0173 taukai padeda i\u0161laikyti blizgant\u012f kail\u012f ir sveik\u0105 od\u0105.<\/span><\/li>\n<li style=\"font-weight: 400\"><span style=\"font-weight: 400\">Papildytas augaliniais ekstraktais: Sud\u0117tyje yra cikorijos \u0161akn\u0173, j\u016bros dumbli\u0173 ir \u017eoleli\u0173, kaip pipirm\u0117t\u0117, rozmarinas bei raudon\u0117lis, kurie palaiko imunin\u0119 sistem\u0105 ir ger\u0105 vir\u0161kinim\u0105.<\/span><\/li>\n<li style=\"font-weight: 400\"><span style=\"font-weight: 400\">Patvirtintas veterinarijos specialist\u0173: Formul\u0117 patvirtinta veterinar\u0173 Jungtin\u0117je Karalyst\u0117je, tod\u0117l galite b\u016bti tikri d\u0117l produkto kokyb\u0117s.<\/span><\/li>\n<\/ul>\n<p><span style=\"font-weight: 400\">\u0160is maistas yra puikus pasirinkimas norint u\u017etikrinti sveik\u0105 ir subalansuot\u0105 j\u016bs\u0173 \u0161uns mityb\u0105. \u201eBarking Heads Bowl Lickin&#8217; Goodness\u201d \u2013 tai nat\u016bralumas, skonis ir \u0161uns sveikata viename duben\u0117lyje.<\/span><\/p>\n","protected":false},"excerpt":{"rendered":"<p><span style=\"font-weight: 400\">Visavertis pa\u0161aras, specialiai sukurtas suaugusiems \u0161unims. Pagamintas i\u0161 auk\u0161tos kokyb\u0117s nat\u016brali\u0173 ingredient\u0173, \u0161is pa\u0161aras u\u017etikrina pilnavert\u0119 ir subalansuot\u0105 mityb\u0105. Sud\u0117tyje net 50% vi\u0161tienos, \u012fskaitant laisvai auginam\u0173 vi\u0161t\u0173 m\u0117s\u0105.<\/span><\/p>\n","protected":false},"featured_media":14266,"template":"","meta":[],"product_brand":[],"product_cat":[101,103,104,439],"product_tag":[],"class_list":{"0":"post-14265","1":"product","2":"type-product","3":"status-publish","4":"has-post-thumbnail","6":"product_cat-sunims","7":"product_cat-sunu-maistas","8":"product_cat-sausas-maistas","9":"product_cat-barking-heads-sunu-maistas","10":"pa_prekinis-zenklas-barking-heads","12":"first","13":"outofstock","14":"taxable","15":"shipping-taxable","16":"purchasable","17":"product-type-simple"},"yoast_head":"<!-- This site is optimized with the Yoast SEO Premium plugin v27.1 (Yoast SEO v27.5) - https:\/\/yoast.com\/product\/yoast-seo-premium-wordpress\/ -->\n<title>BARKING HEADS Bowl Lickin Goodness Pa\u0161aras Su Vi\u0161tiena 12kg - anivet.lt<\/title>\n<meta name=\"description\" content=\"Visavertis pa\u0161aras, specialiai sukurtas suaugusiems \u0161unims. Pagamintas i\u0161 auk\u0161tos kokyb\u0117s nat\u016brali\u0173 ingredient\u0173, \u0161is pa\u0161aras u\u017etikrina pilnavert\u0119 ir subalansuot\u0105 mityb\u0105. Sud\u0117tyje net 50% vi\u0161tienos, \u012fskaitant laisvai auginam\u0173 vi\u0161t\u0173 m\u0117s\u0105.\" \/>\n<meta name=\"robots\" content=\"index, follow, max-snippet:-1, max-image-preview:large, max-video-preview:-1\" \/>\n<link rel=\"canonical\" href=\"https:\/\/anivet.lt\/elparduotuve\/produktas\/barking-heads-bowl-lickin-goodness-pasaras-su-vistiena-12kg\/\" \/>\n<meta property=\"og:locale\" content=\"lt_LT\" \/>\n<meta property=\"og:type\" content=\"article\" \/>\n<meta property=\"og:title\" content=\"BARKING HEADS Bowl Lickin Goodness Pa\u0161aras Su Vi\u0161tiena 12kg\" \/>\n<meta property=\"og:description\" content=\"Visavertis pa\u0161aras, specialiai sukurtas suaugusiems \u0161unims. Pagamintas i\u0161 auk\u0161tos kokyb\u0117s nat\u016brali\u0173 ingredient\u0173, \u0161is pa\u0161aras u\u017etikrina pilnavert\u0119 ir subalansuot\u0105 mityb\u0105. Sud\u0117tyje net 50% vi\u0161tienos, \u012fskaitant laisvai auginam\u0173 vi\u0161t\u0173 m\u0117s\u0105.\" \/>\n<meta property=\"og:url\" content=\"https:\/\/anivet.lt\/elparduotuve\/produktas\/barking-heads-bowl-lickin-goodness-pasaras-su-vistiena-12kg\/\" \/>\n<meta property=\"og:site_name\" content=\"anivet.lt\" \/>\n<meta property=\"article:modified_time\" content=\"2025-08-06T19:03:45+00:00\" \/>\n<meta property=\"og:image\" content=\"https:\/\/anivet.lt\/elparduotuve\/wp-content\/uploads\/2024\/07\/BARKING-HEADS-Bowl-Lickin-Goodness-12kg.jpg\" \/>\n\t<meta property=\"og:image:width\" content=\"800\" \/>\n\t<meta property=\"og:image:height\" content=\"800\" \/>\n\t<meta property=\"og:image:type\" content=\"image\/jpeg\" \/>\n<meta name=\"twitter:card\" content=\"summary_large_image\" \/>\n<meta name=\"twitter:label1\" content=\"Est. reading time\" \/>\n\t<meta name=\"twitter:data1\" content=\"1 minut\u0117\" \/>\n<script type=\"application\/ld+json\" class=\"yoast-schema-graph\">{\"@context\":\"https:\\\/\\\/schema.org\",\"@graph\":[{\"@type\":\"WebPage\",\"@id\":\"https:\\\/\\\/anivet.lt\\\/elparduotuve\\\/produktas\\\/barking-heads-bowl-lickin-goodness-pasaras-su-vistiena-12kg\\\/\",\"url\":\"https:\\\/\\\/anivet.lt\\\/elparduotuve\\\/produktas\\\/barking-heads-bowl-lickin-goodness-pasaras-su-vistiena-12kg\\\/\",\"name\":\"BARKING HEADS Bowl Lickin Goodness Pa\u0161aras Su Vi\u0161tiena 12kg - anivet.lt\",\"isPartOf\":{\"@id\":\"https:\\\/\\\/anivet.lt\\\/elparduotuve\\\/#website\"},\"primaryImageOfPage\":{\"@id\":\"https:\\\/\\\/anivet.lt\\\/elparduotuve\\\/produktas\\\/barking-heads-bowl-lickin-goodness-pasaras-su-vistiena-12kg\\\/#primaryimage\"},\"image\":{\"@id\":\"https:\\\/\\\/anivet.lt\\\/elparduotuve\\\/produktas\\\/barking-heads-bowl-lickin-goodness-pasaras-su-vistiena-12kg\\\/#primaryimage\"},\"thumbnailUrl\":\"https:\\\/\\\/anivet.lt\\\/elparduotuve\\\/wp-content\\\/uploads\\\/2024\\\/07\\\/BARKING-HEADS-Bowl-Lickin-Goodness-12kg.jpg\",\"datePublished\":\"2024-07-18T19:05:57+00:00\",\"dateModified\":\"2025-08-06T19:03:45+00:00\",\"description\":\"Visavertis pa\u0161aras, specialiai sukurtas suaugusiems \u0161unims. Pagamintas i\u0161 auk\u0161tos kokyb\u0117s nat\u016brali\u0173 ingredient\u0173, \u0161is pa\u0161aras u\u017etikrina pilnavert\u0119 ir subalansuot\u0105 mityb\u0105. Sud\u0117tyje net 50% vi\u0161tienos, \u012fskaitant laisvai auginam\u0173 vi\u0161t\u0173 m\u0117s\u0105.\",\"breadcrumb\":{\"@id\":\"https:\\\/\\\/anivet.lt\\\/elparduotuve\\\/produktas\\\/barking-heads-bowl-lickin-goodness-pasaras-su-vistiena-12kg\\\/#breadcrumb\"},\"inLanguage\":\"lt-LT\",\"potentialAction\":[{\"@type\":\"ReadAction\",\"target\":[\"https:\\\/\\\/anivet.lt\\\/elparduotuve\\\/produktas\\\/barking-heads-bowl-lickin-goodness-pasaras-su-vistiena-12kg\\\/\"]}]},{\"@type\":\"ImageObject\",\"inLanguage\":\"lt-LT\",\"@id\":\"https:\\\/\\\/anivet.lt\\\/elparduotuve\\\/produktas\\\/barking-heads-bowl-lickin-goodness-pasaras-su-vistiena-12kg\\\/#primaryimage\",\"url\":\"https:\\\/\\\/anivet.lt\\\/elparduotuve\\\/wp-content\\\/uploads\\\/2024\\\/07\\\/BARKING-HEADS-Bowl-Lickin-Goodness-12kg.jpg\",\"contentUrl\":\"https:\\\/\\\/anivet.lt\\\/elparduotuve\\\/wp-content\\\/uploads\\\/2024\\\/07\\\/BARKING-HEADS-Bowl-Lickin-Goodness-12kg.jpg\",\"width\":800,\"height\":800,\"caption\":\"BARKING HEADS Bowl Lickin Goodness Pa\u0161aras Su Vi\u0161tiena 12kg\"},{\"@type\":\"BreadcrumbList\",\"@id\":\"https:\\\/\\\/anivet.lt\\\/elparduotuve\\\/produktas\\\/barking-heads-bowl-lickin-goodness-pasaras-su-vistiena-12kg\\\/#breadcrumb\",\"itemListElement\":[{\"@type\":\"ListItem\",\"position\":1,\"name\":\"Home\",\"item\":\"https:\\\/\\\/anivet.lt\\\/elparduotuve\\\/\"},{\"@type\":\"ListItem\",\"position\":2,\"name\":\"Produktai\",\"item\":\"https:\\\/\\\/anivet.lt\\\/elparduotuve\\\/produktai\\\/\"},{\"@type\":\"ListItem\",\"position\":3,\"name\":\"BARKING HEADS Bowl Lickin Goodness Pa\u0161aras Su Vi\u0161tiena 12kg\"}]},{\"@type\":\"WebSite\",\"@id\":\"https:\\\/\\\/anivet.lt\\\/elparduotuve\\\/#website\",\"url\":\"https:\\\/\\\/anivet.lt\\\/elparduotuve\\\/\",\"name\":\"anivet.lt\",\"description\":\"Viskas J\u016bs\u0173 \u0161uns, kat\u0117s prie\u017ei\u016brai\",\"publisher\":{\"@id\":\"https:\\\/\\\/anivet.lt\\\/elparduotuve\\\/#organization\"},\"alternateName\":\"Viskas J\u016bs\u0173 \u0161uns, kat\u0117s prie\u017ei\u016brai\",\"potentialAction\":[{\"@type\":\"SearchAction\",\"target\":{\"@type\":\"EntryPoint\",\"urlTemplate\":\"https:\\\/\\\/anivet.lt\\\/elparduotuve\\\/?s={search_term_string}\"},\"query-input\":{\"@type\":\"PropertyValueSpecification\",\"valueRequired\":true,\"valueName\":\"search_term_string\"}}],\"inLanguage\":\"lt-LT\"},{\"@type\":\"Organization\",\"@id\":\"https:\\\/\\\/anivet.lt\\\/elparduotuve\\\/#organization\",\"name\":\"Viskas J\u016bs\u0173 \u0161uns, kat\u0117s prie\u017ei\u016brai\",\"url\":\"https:\\\/\\\/anivet.lt\\\/elparduotuve\\\/\",\"logo\":{\"@type\":\"ImageObject\",\"inLanguage\":\"lt-LT\",\"@id\":\"https:\\\/\\\/anivet.lt\\\/elparduotuve\\\/#\\\/schema\\\/logo\\\/image\\\/\",\"url\":\"https:\\\/\\\/anivet.lt\\\/elparduotuve\\\/wp-content\\\/uploads\\\/2023\\\/06\\\/logo2.jpg\",\"contentUrl\":\"https:\\\/\\\/anivet.lt\\\/elparduotuve\\\/wp-content\\\/uploads\\\/2023\\\/06\\\/logo2.jpg\",\"width\":655,\"height\":194,\"caption\":\"Viskas J\u016bs\u0173 \u0161uns, kat\u0117s prie\u017ei\u016brai\"},\"image\":{\"@id\":\"https:\\\/\\\/anivet.lt\\\/elparduotuve\\\/#\\\/schema\\\/logo\\\/image\\\/\"}}]}<\/script>\n<!-- \/ Yoast SEO Premium plugin. -->","yoast_head_json":{"title":"BARKING HEADS Bowl Lickin Goodness Pa\u0161aras Su Vi\u0161tiena 12kg - anivet.lt","description":"Visavertis pa\u0161aras, specialiai sukurtas suaugusiems \u0161unims. Pagamintas i\u0161 auk\u0161tos kokyb\u0117s nat\u016brali\u0173 ingredient\u0173, \u0161is pa\u0161aras u\u017etikrina pilnavert\u0119 ir subalansuot\u0105 mityb\u0105. Sud\u0117tyje net 50% vi\u0161tienos, \u012fskaitant laisvai auginam\u0173 vi\u0161t\u0173 m\u0117s\u0105.","robots":{"index":"index","follow":"follow","max-snippet":"max-snippet:-1","max-image-preview":"max-image-preview:large","max-video-preview":"max-video-preview:-1"},"canonical":"https:\/\/anivet.lt\/elparduotuve\/produktas\/barking-heads-bowl-lickin-goodness-pasaras-su-vistiena-12kg\/","og_locale":"lt_LT","og_type":"article","og_title":"BARKING HEADS Bowl Lickin Goodness Pa\u0161aras Su Vi\u0161tiena 12kg","og_description":"Visavertis pa\u0161aras, specialiai sukurtas suaugusiems \u0161unims. Pagamintas i\u0161 auk\u0161tos kokyb\u0117s nat\u016brali\u0173 ingredient\u0173, \u0161is pa\u0161aras u\u017etikrina pilnavert\u0119 ir subalansuot\u0105 mityb\u0105. Sud\u0117tyje net 50% vi\u0161tienos, \u012fskaitant laisvai auginam\u0173 vi\u0161t\u0173 m\u0117s\u0105.","og_url":"https:\/\/anivet.lt\/elparduotuve\/produktas\/barking-heads-bowl-lickin-goodness-pasaras-su-vistiena-12kg\/","og_site_name":"anivet.lt","article_modified_time":"2025-08-06T19:03:45+00:00","og_image":[{"width":800,"height":800,"url":"https:\/\/anivet.lt\/elparduotuve\/wp-content\/uploads\/2024\/07\/BARKING-HEADS-Bowl-Lickin-Goodness-12kg.jpg","type":"image\/jpeg"}],"twitter_card":"summary_large_image","twitter_misc":{"Est. reading time":"1 minut\u0117"},"schema":{"@context":"https:\/\/schema.org","@graph":[{"@type":"WebPage","@id":"https:\/\/anivet.lt\/elparduotuve\/produktas\/barking-heads-bowl-lickin-goodness-pasaras-su-vistiena-12kg\/","url":"https:\/\/anivet.lt\/elparduotuve\/produktas\/barking-heads-bowl-lickin-goodness-pasaras-su-vistiena-12kg\/","name":"BARKING HEADS Bowl Lickin Goodness Pa\u0161aras Su Vi\u0161tiena 12kg - anivet.lt","isPartOf":{"@id":"https:\/\/anivet.lt\/elparduotuve\/#website"},"primaryImageOfPage":{"@id":"https:\/\/anivet.lt\/elparduotuve\/produktas\/barking-heads-bowl-lickin-goodness-pasaras-su-vistiena-12kg\/#primaryimage"},"image":{"@id":"https:\/\/anivet.lt\/elparduotuve\/produktas\/barking-heads-bowl-lickin-goodness-pasaras-su-vistiena-12kg\/#primaryimage"},"thumbnailUrl":"https:\/\/anivet.lt\/elparduotuve\/wp-content\/uploads\/2024\/07\/BARKING-HEADS-Bowl-Lickin-Goodness-12kg.jpg","datePublished":"2024-07-18T19:05:57+00:00","dateModified":"2025-08-06T19:03:45+00:00","description":"Visavertis pa\u0161aras, specialiai sukurtas suaugusiems \u0161unims. Pagamintas i\u0161 auk\u0161tos kokyb\u0117s nat\u016brali\u0173 ingredient\u0173, \u0161is pa\u0161aras u\u017etikrina pilnavert\u0119 ir subalansuot\u0105 mityb\u0105. Sud\u0117tyje net 50% vi\u0161tienos, \u012fskaitant laisvai auginam\u0173 vi\u0161t\u0173 m\u0117s\u0105.","breadcrumb":{"@id":"https:\/\/anivet.lt\/elparduotuve\/produktas\/barking-heads-bowl-lickin-goodness-pasaras-su-vistiena-12kg\/#breadcrumb"},"inLanguage":"lt-LT","potentialAction":[{"@type":"ReadAction","target":["https:\/\/anivet.lt\/elparduotuve\/produktas\/barking-heads-bowl-lickin-goodness-pasaras-su-vistiena-12kg\/"]}]},{"@type":"ImageObject","inLanguage":"lt-LT","@id":"https:\/\/anivet.lt\/elparduotuve\/produktas\/barking-heads-bowl-lickin-goodness-pasaras-su-vistiena-12kg\/#primaryimage","url":"https:\/\/anivet.lt\/elparduotuve\/wp-content\/uploads\/2024\/07\/BARKING-HEADS-Bowl-Lickin-Goodness-12kg.jpg","contentUrl":"https:\/\/anivet.lt\/elparduotuve\/wp-content\/uploads\/2024\/07\/BARKING-HEADS-Bowl-Lickin-Goodness-12kg.jpg","width":800,"height":800,"caption":"BARKING HEADS Bowl Lickin Goodness Pa\u0161aras Su Vi\u0161tiena 12kg"},{"@type":"BreadcrumbList","@id":"https:\/\/anivet.lt\/elparduotuve\/produktas\/barking-heads-bowl-lickin-goodness-pasaras-su-vistiena-12kg\/#breadcrumb","itemListElement":[{"@type":"ListItem","position":1,"name":"Home","item":"https:\/\/anivet.lt\/elparduotuve\/"},{"@type":"ListItem","position":2,"name":"Produktai","item":"https:\/\/anivet.lt\/elparduotuve\/produktai\/"},{"@type":"ListItem","position":3,"name":"BARKING HEADS Bowl Lickin Goodness Pa\u0161aras Su Vi\u0161tiena 12kg"}]},{"@type":"WebSite","@id":"https:\/\/anivet.lt\/elparduotuve\/#website","url":"https:\/\/anivet.lt\/elparduotuve\/","name":"anivet.lt","description":"Viskas J\u016bs\u0173 \u0161uns, kat\u0117s prie\u017ei\u016brai","publisher":{"@id":"https:\/\/anivet.lt\/elparduotuve\/#organization"},"alternateName":"Viskas J\u016bs\u0173 \u0161uns, kat\u0117s prie\u017ei\u016brai","potentialAction":[{"@type":"SearchAction","target":{"@type":"EntryPoint","urlTemplate":"https:\/\/anivet.lt\/elparduotuve\/?s={search_term_string}"},"query-input":{"@type":"PropertyValueSpecification","valueRequired":true,"valueName":"search_term_string"}}],"inLanguage":"lt-LT"},{"@type":"Organization","@id":"https:\/\/anivet.lt\/elparduotuve\/#organization","name":"Viskas J\u016bs\u0173 \u0161uns, kat\u0117s prie\u017ei\u016brai","url":"https:\/\/anivet.lt\/elparduotuve\/","logo":{"@type":"ImageObject","inLanguage":"lt-LT","@id":"https:\/\/anivet.lt\/elparduotuve\/#\/schema\/logo\/image\/","url":"https:\/\/anivet.lt\/elparduotuve\/wp-content\/uploads\/2023\/06\/logo2.jpg","contentUrl":"https:\/\/anivet.lt\/elparduotuve\/wp-content\/uploads\/2023\/06\/logo2.jpg","width":655,"height":194,"caption":"Viskas J\u016bs\u0173 \u0161uns, kat\u0117s prie\u017ei\u016brai"},"image":{"@id":"https:\/\/anivet.lt\/elparduotuve\/#\/schema\/logo\/image\/"}}]}},"_links":{"self":[{"href":"https:\/\/anivet.lt\/elparduotuve\/wp-json\/wp\/v2\/product\/14265","targetHints":{"allow":["GET"]}}],"collection":[{"href":"https:\/\/anivet.lt\/elparduotuve\/wp-json\/wp\/v2\/product"}],"about":[{"href":"https:\/\/anivet.lt\/elparduotuve\/wp-json\/wp\/v2\/types\/product"}],"wp:featuredmedia":[{"embeddable":true,"href":"https:\/\/anivet.lt\/elparduotuve\/wp-json\/wp\/v2\/media\/14266"}],"wp:attachment":[{"href":"https:\/\/anivet.lt\/elparduotuve\/wp-json\/wp\/v2\/media?parent=14265"}],"wp:term":[{"taxonomy":"product_brand","embeddable":true,"href":"https:\/\/anivet.lt\/elparduotuve\/wp-json\/wp\/v2\/product_brand?post=14265"},{"taxonomy":"product_cat","embeddable":true,"href":"https:\/\/anivet.lt\/elparduotuve\/wp-json\/wp\/v2\/product_cat?post=14265"},{"taxonomy":"product_tag","embeddable":true,"href":"https:\/\/anivet.lt\/elparduotuve\/wp-json\/wp\/v2\/product_tag?post=14265"}],"curies":[{"name":"wp","href":"https:\/\/api.w.org\/{rel}","templated":true}]}}