{"id":14267,"date":"2024-07-18T19:29:28","date_gmt":"2024-07-18T19:29:28","guid":{"rendered":"https:\/\/anivet.lt\/elparduotuve\/?post_type=product&#038;p=14267"},"modified":"2026-04-21T08:29:21","modified_gmt":"2026-04-21T08:29:21","slug":"barking-heads-fuss-pot-duck-pasaras-sunims-su-antiena-2kg","status":"publish","type":"product","link":"https:\/\/anivet.lt\/elparduotuve\/produktas\/barking-heads-fuss-pot-duck-pasaras-sunims-su-antiena-2kg\/","title":{"rendered":"BARKING HEADS Fuss Pot Duck Pa\u0161aras \u0160unims Su Antiena 2kg"},"content":{"rendered":"<ul>\n<li style=\"font-weight: 400;\"><span style=\"font-weight: 400;\">Auk\u0161tos kokyb\u0117s baltymai: 50% antienos sud\u0117tis u\u017etikrina sveik\u0105 raumen\u0173 vystym\u0105si ir energij\u0105.<\/span><\/li>\n<li style=\"font-weight: 400;\"><span style=\"font-weight: 400;\">Nat\u016bral\u016bs angliavandeniai: Batatai, \u017eirniai ir bulv\u0117s suteikia lengvai pasisavinamos energijos bei palaiko vir\u0161kinim\u0105.<\/span><\/li>\n<li style=\"font-weight: 400;\"><span style=\"font-weight: 400;\">Sveika oda ir kailis: Antienos riebalai ir s\u0117menys padeda palaikyti blizgant\u012f kail\u012f ir sveik\u0105 od\u0105.<\/span><\/li>\n<li style=\"font-weight: 400;\"><span style=\"font-weight: 400;\">Jautriems pilvukams: Cikorijos \u0161akn\u0173 ekstraktas (FOS) ir beta gliukanas skatina sveik\u0105 vir\u0161kinim\u0105 bei imunitet\u0105.<\/span><\/li>\n<li style=\"font-weight: 400;\"><span style=\"font-weight: 400;\">Nat\u016bral\u016bs ingredientai: Prieskoniai (raudon\u0117lis, rozmarinas, \u010diobrelis) ir j\u016briniai dumbliai praturtina pa\u0161ar\u0105 nat\u016braliais mikroelementais.<\/span><\/li>\n<\/ul>\n<p><span style=\"font-weight: 400;\">\u0160is pa\u0161aras yra puikus pasirinkimas \u0161unims, ie\u0161kantiems nat\u016bralios, subalansuotos mitybos. D\u0117l auk\u0161tos kokyb\u0117s ingredient\u0173 ir \u0161velnios sud\u0117ties \u201eFuss Pot Duck\u201c u\u017etikrina ne tik ger\u0105 sveikat\u0105, bet ir patenkina i\u0161rankiausi\u0173 \u0161un\u0173 poreikius.<\/span><\/p>\n","protected":false},"excerpt":{"rendered":"<p><span style=\"font-weight: 400;\">Visavertis pa\u0161aras ma\u017e\u0173 ir vidutini\u0173 veisli\u0173 suaugusiems \u0161unims. \u0160is receptas, kuriame gausu \u0161vie\u017eiai paruo\u0161tos antienos, praturtintas dar\u017eov\u0117mis, yra ne tik maistingas, bet ir puikiai tinkantis jautriems \u0161unims.<\/span><\/p>\n","protected":false},"featured_media":14268,"template":"","meta":[],"product_brand":[],"product_cat":[101,103,104,439],"product_tag":[],"class_list":{"0":"post-14267","1":"product","2":"type-product","3":"status-publish","4":"has-post-thumbnail","6":"product_cat-sunims","7":"product_cat-sunu-maistas","8":"product_cat-sausas-maistas","9":"product_cat-barking-heads-sunu-maistas","10":"pa_prekinis-zenklas-barking-heads","12":"first","13":"instock","14":"taxable","15":"shipping-taxable","16":"purchasable","17":"product-type-simple"},"yoast_head":"<!-- This site is optimized with the Yoast SEO Premium plugin v27.1 (Yoast SEO v27.5) - https:\/\/yoast.com\/product\/yoast-seo-premium-wordpress\/ -->\n<title>BARKING HEADS Fuss Pot Duck Pa\u0161aras \u0160unims Su Antiena 2kg - anivet.lt<\/title>\n<meta name=\"description\" content=\"Visavertis pa\u0161aras ma\u017e\u0173 ir vidutini\u0173 veisli\u0173 suaugusiems \u0161unims. \u0160is receptas, kuriame gausu \u0161vie\u017eiai paruo\u0161tos antienos, praturtintas dar\u017eov\u0117mis, yra ne tik maistingas, bet ir puikiai tinkantis jautriems \u0161unims.\" \/>\n<meta name=\"robots\" content=\"index, follow, max-snippet:-1, max-image-preview:large, max-video-preview:-1\" \/>\n<link rel=\"canonical\" href=\"https:\/\/anivet.lt\/elparduotuve\/produktas\/barking-heads-fuss-pot-duck-pasaras-sunims-su-antiena-2kg\/\" \/>\n<meta property=\"og:locale\" content=\"lt_LT\" \/>\n<meta property=\"og:type\" content=\"article\" \/>\n<meta property=\"og:title\" content=\"BARKING HEADS Fuss Pot Duck Pa\u0161aras \u0160unims Su Antiena 2kg\" \/>\n<meta property=\"og:description\" content=\"Visavertis pa\u0161aras ma\u017e\u0173 ir vidutini\u0173 veisli\u0173 suaugusiems \u0161unims. \u0160is receptas, kuriame gausu \u0161vie\u017eiai paruo\u0161tos antienos, praturtintas dar\u017eov\u0117mis, yra ne tik maistingas, bet ir puikiai tinkantis jautriems \u0161unims.\" \/>\n<meta property=\"og:url\" content=\"https:\/\/anivet.lt\/elparduotuve\/produktas\/barking-heads-fuss-pot-duck-pasaras-sunims-su-antiena-2kg\/\" \/>\n<meta property=\"og:site_name\" content=\"anivet.lt\" \/>\n<meta property=\"article:modified_time\" content=\"2026-04-21T08:29:21+00:00\" \/>\n<meta property=\"og:image\" content=\"https:\/\/anivet.lt\/elparduotuve\/wp-content\/uploads\/2024\/07\/BARKING-HEADS-Fuss-Pot-Duck-2kg.jpg\" \/>\n\t<meta property=\"og:image:width\" content=\"800\" \/>\n\t<meta property=\"og:image:height\" content=\"800\" \/>\n\t<meta property=\"og:image:type\" content=\"image\/jpeg\" \/>\n<meta name=\"twitter:card\" content=\"summary_large_image\" \/>\n<meta name=\"twitter:label1\" content=\"Est. reading time\" \/>\n\t<meta name=\"twitter:data1\" content=\"1 minut\u0117\" \/>\n<script type=\"application\/ld+json\" class=\"yoast-schema-graph\">{\"@context\":\"https:\\\/\\\/schema.org\",\"@graph\":[{\"@type\":\"WebPage\",\"@id\":\"https:\\\/\\\/anivet.lt\\\/elparduotuve\\\/produktas\\\/barking-heads-fuss-pot-duck-pasaras-sunims-su-antiena-2kg\\\/\",\"url\":\"https:\\\/\\\/anivet.lt\\\/elparduotuve\\\/produktas\\\/barking-heads-fuss-pot-duck-pasaras-sunims-su-antiena-2kg\\\/\",\"name\":\"BARKING HEADS Fuss Pot Duck Pa\u0161aras \u0160unims Su Antiena 2kg - anivet.lt\",\"isPartOf\":{\"@id\":\"https:\\\/\\\/anivet.lt\\\/elparduotuve\\\/#website\"},\"primaryImageOfPage\":{\"@id\":\"https:\\\/\\\/anivet.lt\\\/elparduotuve\\\/produktas\\\/barking-heads-fuss-pot-duck-pasaras-sunims-su-antiena-2kg\\\/#primaryimage\"},\"image\":{\"@id\":\"https:\\\/\\\/anivet.lt\\\/elparduotuve\\\/produktas\\\/barking-heads-fuss-pot-duck-pasaras-sunims-su-antiena-2kg\\\/#primaryimage\"},\"thumbnailUrl\":\"https:\\\/\\\/anivet.lt\\\/elparduotuve\\\/wp-content\\\/uploads\\\/2024\\\/07\\\/BARKING-HEADS-Fuss-Pot-Duck-2kg.jpg\",\"datePublished\":\"2024-07-18T19:29:28+00:00\",\"dateModified\":\"2026-04-21T08:29:21+00:00\",\"description\":\"Visavertis pa\u0161aras ma\u017e\u0173 ir vidutini\u0173 veisli\u0173 suaugusiems \u0161unims. \u0160is receptas, kuriame gausu \u0161vie\u017eiai paruo\u0161tos antienos, praturtintas dar\u017eov\u0117mis, yra ne tik maistingas, bet ir puikiai tinkantis jautriems \u0161unims.\",\"breadcrumb\":{\"@id\":\"https:\\\/\\\/anivet.lt\\\/elparduotuve\\\/produktas\\\/barking-heads-fuss-pot-duck-pasaras-sunims-su-antiena-2kg\\\/#breadcrumb\"},\"inLanguage\":\"lt-LT\",\"potentialAction\":[{\"@type\":\"ReadAction\",\"target\":[\"https:\\\/\\\/anivet.lt\\\/elparduotuve\\\/produktas\\\/barking-heads-fuss-pot-duck-pasaras-sunims-su-antiena-2kg\\\/\"]}]},{\"@type\":\"ImageObject\",\"inLanguage\":\"lt-LT\",\"@id\":\"https:\\\/\\\/anivet.lt\\\/elparduotuve\\\/produktas\\\/barking-heads-fuss-pot-duck-pasaras-sunims-su-antiena-2kg\\\/#primaryimage\",\"url\":\"https:\\\/\\\/anivet.lt\\\/elparduotuve\\\/wp-content\\\/uploads\\\/2024\\\/07\\\/BARKING-HEADS-Fuss-Pot-Duck-2kg.jpg\",\"contentUrl\":\"https:\\\/\\\/anivet.lt\\\/elparduotuve\\\/wp-content\\\/uploads\\\/2024\\\/07\\\/BARKING-HEADS-Fuss-Pot-Duck-2kg.jpg\",\"width\":800,\"height\":800,\"caption\":\"BARKING HEADS Fuss Pot Duck Pa\u0161aras \u0160unims Su Antiena 2kg\"},{\"@type\":\"BreadcrumbList\",\"@id\":\"https:\\\/\\\/anivet.lt\\\/elparduotuve\\\/produktas\\\/barking-heads-fuss-pot-duck-pasaras-sunims-su-antiena-2kg\\\/#breadcrumb\",\"itemListElement\":[{\"@type\":\"ListItem\",\"position\":1,\"name\":\"Home\",\"item\":\"https:\\\/\\\/anivet.lt\\\/elparduotuve\\\/\"},{\"@type\":\"ListItem\",\"position\":2,\"name\":\"Produktai\",\"item\":\"https:\\\/\\\/anivet.lt\\\/elparduotuve\\\/produktai\\\/\"},{\"@type\":\"ListItem\",\"position\":3,\"name\":\"BARKING HEADS Fuss Pot Duck Pa\u0161aras \u0160unims Su Antiena 2kg\"}]},{\"@type\":\"WebSite\",\"@id\":\"https:\\\/\\\/anivet.lt\\\/elparduotuve\\\/#website\",\"url\":\"https:\\\/\\\/anivet.lt\\\/elparduotuve\\\/\",\"name\":\"anivet.lt\",\"description\":\"Viskas J\u016bs\u0173 \u0161uns, kat\u0117s prie\u017ei\u016brai\",\"publisher\":{\"@id\":\"https:\\\/\\\/anivet.lt\\\/elparduotuve\\\/#organization\"},\"alternateName\":\"Viskas J\u016bs\u0173 \u0161uns, kat\u0117s prie\u017ei\u016brai\",\"potentialAction\":[{\"@type\":\"SearchAction\",\"target\":{\"@type\":\"EntryPoint\",\"urlTemplate\":\"https:\\\/\\\/anivet.lt\\\/elparduotuve\\\/?s={search_term_string}\"},\"query-input\":{\"@type\":\"PropertyValueSpecification\",\"valueRequired\":true,\"valueName\":\"search_term_string\"}}],\"inLanguage\":\"lt-LT\"},{\"@type\":\"Organization\",\"@id\":\"https:\\\/\\\/anivet.lt\\\/elparduotuve\\\/#organization\",\"name\":\"Viskas J\u016bs\u0173 \u0161uns, kat\u0117s prie\u017ei\u016brai\",\"url\":\"https:\\\/\\\/anivet.lt\\\/elparduotuve\\\/\",\"logo\":{\"@type\":\"ImageObject\",\"inLanguage\":\"lt-LT\",\"@id\":\"https:\\\/\\\/anivet.lt\\\/elparduotuve\\\/#\\\/schema\\\/logo\\\/image\\\/\",\"url\":\"https:\\\/\\\/anivet.lt\\\/elparduotuve\\\/wp-content\\\/uploads\\\/2023\\\/06\\\/logo2.jpg\",\"contentUrl\":\"https:\\\/\\\/anivet.lt\\\/elparduotuve\\\/wp-content\\\/uploads\\\/2023\\\/06\\\/logo2.jpg\",\"width\":655,\"height\":194,\"caption\":\"Viskas J\u016bs\u0173 \u0161uns, kat\u0117s prie\u017ei\u016brai\"},\"image\":{\"@id\":\"https:\\\/\\\/anivet.lt\\\/elparduotuve\\\/#\\\/schema\\\/logo\\\/image\\\/\"}}]}<\/script>\n<!-- \/ Yoast SEO Premium plugin. -->","yoast_head_json":{"title":"BARKING HEADS Fuss Pot Duck Pa\u0161aras \u0160unims Su Antiena 2kg - anivet.lt","description":"Visavertis pa\u0161aras ma\u017e\u0173 ir vidutini\u0173 veisli\u0173 suaugusiems \u0161unims. \u0160is receptas, kuriame gausu \u0161vie\u017eiai paruo\u0161tos antienos, praturtintas dar\u017eov\u0117mis, yra ne tik maistingas, bet ir puikiai tinkantis jautriems \u0161unims.","robots":{"index":"index","follow":"follow","max-snippet":"max-snippet:-1","max-image-preview":"max-image-preview:large","max-video-preview":"max-video-preview:-1"},"canonical":"https:\/\/anivet.lt\/elparduotuve\/produktas\/barking-heads-fuss-pot-duck-pasaras-sunims-su-antiena-2kg\/","og_locale":"lt_LT","og_type":"article","og_title":"BARKING HEADS Fuss Pot Duck Pa\u0161aras \u0160unims Su Antiena 2kg","og_description":"Visavertis pa\u0161aras ma\u017e\u0173 ir vidutini\u0173 veisli\u0173 suaugusiems \u0161unims. \u0160is receptas, kuriame gausu \u0161vie\u017eiai paruo\u0161tos antienos, praturtintas dar\u017eov\u0117mis, yra ne tik maistingas, bet ir puikiai tinkantis jautriems \u0161unims.","og_url":"https:\/\/anivet.lt\/elparduotuve\/produktas\/barking-heads-fuss-pot-duck-pasaras-sunims-su-antiena-2kg\/","og_site_name":"anivet.lt","article_modified_time":"2026-04-21T08:29:21+00:00","og_image":[{"width":800,"height":800,"url":"https:\/\/anivet.lt\/elparduotuve\/wp-content\/uploads\/2024\/07\/BARKING-HEADS-Fuss-Pot-Duck-2kg.jpg","type":"image\/jpeg"}],"twitter_card":"summary_large_image","twitter_misc":{"Est. reading time":"1 minut\u0117"},"schema":{"@context":"https:\/\/schema.org","@graph":[{"@type":"WebPage","@id":"https:\/\/anivet.lt\/elparduotuve\/produktas\/barking-heads-fuss-pot-duck-pasaras-sunims-su-antiena-2kg\/","url":"https:\/\/anivet.lt\/elparduotuve\/produktas\/barking-heads-fuss-pot-duck-pasaras-sunims-su-antiena-2kg\/","name":"BARKING HEADS Fuss Pot Duck Pa\u0161aras \u0160unims Su Antiena 2kg - anivet.lt","isPartOf":{"@id":"https:\/\/anivet.lt\/elparduotuve\/#website"},"primaryImageOfPage":{"@id":"https:\/\/anivet.lt\/elparduotuve\/produktas\/barking-heads-fuss-pot-duck-pasaras-sunims-su-antiena-2kg\/#primaryimage"},"image":{"@id":"https:\/\/anivet.lt\/elparduotuve\/produktas\/barking-heads-fuss-pot-duck-pasaras-sunims-su-antiena-2kg\/#primaryimage"},"thumbnailUrl":"https:\/\/anivet.lt\/elparduotuve\/wp-content\/uploads\/2024\/07\/BARKING-HEADS-Fuss-Pot-Duck-2kg.jpg","datePublished":"2024-07-18T19:29:28+00:00","dateModified":"2026-04-21T08:29:21+00:00","description":"Visavertis pa\u0161aras ma\u017e\u0173 ir vidutini\u0173 veisli\u0173 suaugusiems \u0161unims. \u0160is receptas, kuriame gausu \u0161vie\u017eiai paruo\u0161tos antienos, praturtintas dar\u017eov\u0117mis, yra ne tik maistingas, bet ir puikiai tinkantis jautriems \u0161unims.","breadcrumb":{"@id":"https:\/\/anivet.lt\/elparduotuve\/produktas\/barking-heads-fuss-pot-duck-pasaras-sunims-su-antiena-2kg\/#breadcrumb"},"inLanguage":"lt-LT","potentialAction":[{"@type":"ReadAction","target":["https:\/\/anivet.lt\/elparduotuve\/produktas\/barking-heads-fuss-pot-duck-pasaras-sunims-su-antiena-2kg\/"]}]},{"@type":"ImageObject","inLanguage":"lt-LT","@id":"https:\/\/anivet.lt\/elparduotuve\/produktas\/barking-heads-fuss-pot-duck-pasaras-sunims-su-antiena-2kg\/#primaryimage","url":"https:\/\/anivet.lt\/elparduotuve\/wp-content\/uploads\/2024\/07\/BARKING-HEADS-Fuss-Pot-Duck-2kg.jpg","contentUrl":"https:\/\/anivet.lt\/elparduotuve\/wp-content\/uploads\/2024\/07\/BARKING-HEADS-Fuss-Pot-Duck-2kg.jpg","width":800,"height":800,"caption":"BARKING HEADS Fuss Pot Duck Pa\u0161aras \u0160unims Su Antiena 2kg"},{"@type":"BreadcrumbList","@id":"https:\/\/anivet.lt\/elparduotuve\/produktas\/barking-heads-fuss-pot-duck-pasaras-sunims-su-antiena-2kg\/#breadcrumb","itemListElement":[{"@type":"ListItem","position":1,"name":"Home","item":"https:\/\/anivet.lt\/elparduotuve\/"},{"@type":"ListItem","position":2,"name":"Produktai","item":"https:\/\/anivet.lt\/elparduotuve\/produktai\/"},{"@type":"ListItem","position":3,"name":"BARKING HEADS Fuss Pot Duck Pa\u0161aras \u0160unims Su Antiena 2kg"}]},{"@type":"WebSite","@id":"https:\/\/anivet.lt\/elparduotuve\/#website","url":"https:\/\/anivet.lt\/elparduotuve\/","name":"anivet.lt","description":"Viskas J\u016bs\u0173 \u0161uns, kat\u0117s prie\u017ei\u016brai","publisher":{"@id":"https:\/\/anivet.lt\/elparduotuve\/#organization"},"alternateName":"Viskas J\u016bs\u0173 \u0161uns, kat\u0117s prie\u017ei\u016brai","potentialAction":[{"@type":"SearchAction","target":{"@type":"EntryPoint","urlTemplate":"https:\/\/anivet.lt\/elparduotuve\/?s={search_term_string}"},"query-input":{"@type":"PropertyValueSpecification","valueRequired":true,"valueName":"search_term_string"}}],"inLanguage":"lt-LT"},{"@type":"Organization","@id":"https:\/\/anivet.lt\/elparduotuve\/#organization","name":"Viskas J\u016bs\u0173 \u0161uns, kat\u0117s prie\u017ei\u016brai","url":"https:\/\/anivet.lt\/elparduotuve\/","logo":{"@type":"ImageObject","inLanguage":"lt-LT","@id":"https:\/\/anivet.lt\/elparduotuve\/#\/schema\/logo\/image\/","url":"https:\/\/anivet.lt\/elparduotuve\/wp-content\/uploads\/2023\/06\/logo2.jpg","contentUrl":"https:\/\/anivet.lt\/elparduotuve\/wp-content\/uploads\/2023\/06\/logo2.jpg","width":655,"height":194,"caption":"Viskas J\u016bs\u0173 \u0161uns, kat\u0117s prie\u017ei\u016brai"},"image":{"@id":"https:\/\/anivet.lt\/elparduotuve\/#\/schema\/logo\/image\/"}}]}},"_links":{"self":[{"href":"https:\/\/anivet.lt\/elparduotuve\/wp-json\/wp\/v2\/product\/14267","targetHints":{"allow":["GET"]}}],"collection":[{"href":"https:\/\/anivet.lt\/elparduotuve\/wp-json\/wp\/v2\/product"}],"about":[{"href":"https:\/\/anivet.lt\/elparduotuve\/wp-json\/wp\/v2\/types\/product"}],"wp:featuredmedia":[{"embeddable":true,"href":"https:\/\/anivet.lt\/elparduotuve\/wp-json\/wp\/v2\/media\/14268"}],"wp:attachment":[{"href":"https:\/\/anivet.lt\/elparduotuve\/wp-json\/wp\/v2\/media?parent=14267"}],"wp:term":[{"taxonomy":"product_brand","embeddable":true,"href":"https:\/\/anivet.lt\/elparduotuve\/wp-json\/wp\/v2\/product_brand?post=14267"},{"taxonomy":"product_cat","embeddable":true,"href":"https:\/\/anivet.lt\/elparduotuve\/wp-json\/wp\/v2\/product_cat?post=14267"},{"taxonomy":"product_tag","embeddable":true,"href":"https:\/\/anivet.lt\/elparduotuve\/wp-json\/wp\/v2\/product_tag?post=14267"}],"curies":[{"name":"wp","href":"https:\/\/api.w.org\/{rel}","templated":true}]}}