{"id":14269,"date":"2024-07-18T19:34:59","date_gmt":"2024-07-18T19:34:59","guid":{"rendered":"https:\/\/anivet.lt\/elparduotuve\/?post_type=product&#038;p=14269"},"modified":"2026-04-21T08:28:49","modified_gmt":"2026-04-21T08:28:49","slug":"barking-heads-fuss-pot-duck-pasaras-sunims-su-antiena-12kg","status":"publish","type":"product","link":"https:\/\/anivet.lt\/elparduotuve\/produktas\/barking-heads-fuss-pot-duck-pasaras-sunims-su-antiena-12kg\/","title":{"rendered":"BARKING HEADS Fuss Pot Duck Pa\u0161aras \u0160unims Su Antiena 12kg"},"content":{"rendered":"<ul>\n<li style=\"font-weight: 400;\"><span style=\"font-weight: 400;\">Nat\u016bral\u016bs ingredientai: Receptas sukurtas tik i\u0161 auk\u0161\u010diausios kokyb\u0117s nat\u016brali\u0173 ingredient\u0173, u\u017etikrinan\u010di\u0173 sveik\u0105 mityb\u0105.<\/span><\/li>\n<li style=\"font-weight: 400;\"><span style=\"font-weight: 400;\">I\u0161rankiems valgytojams: Pa\u0161aro skonis ir sud\u0117tis patiks net ir patiems i\u0161rankiausiems \u0161unims.<\/span><\/li>\n<li style=\"font-weight: 400;\"><span style=\"font-weight: 400;\">Skirta jautriems skrand\u017eiams: \u0160velni formul\u0117 puikiai tinka jautriems pilvukams.<\/span><\/li>\n<li style=\"font-weight: 400;\"><span style=\"font-weight: 400;\">Sveika oda ir blizgus kailis: Sud\u0117tyje esantys antienos riebalai ir s\u0117menys padeda palaikyti odos ir kailio sveikat\u0105.<\/span><\/li>\n<li style=\"font-weight: 400;\"><span style=\"font-weight: 400;\">Subalansuota mityba: Gausu dar\u017eovi\u0173, toki\u0173 kaip batatai, \u017eirniai ir morkos, kurios suteikia b\u016btin\u0173 vitamin\u0173 ir mineral\u0173.<\/span><\/li>\n<\/ul>\n<p><span style=\"font-weight: 400;\">\u0160is pa\u0161aras sukurtas suaugusiems \u0161unims, kurie vertina nat\u016bralaus skonio ir maistingumo derin\u012f. \u201eBarking Heads Fuss Pot Duck\u201c ne tik patenkins \u0161uns mitybinius poreikius, bet ir pad\u0117s palaikyti jo odos ir kailio sveikat\u0105, o nat\u016brali formul\u0117 tinka net jautriausiems augintiniams. Puikus pasirinkimas sveikai ir skaniai mitybai!<\/span><\/p>\n","protected":false},"excerpt":{"rendered":"<p><span style=\"font-weight: 400;\">Visavertis sausas pa\u0161aras, pagamintas i\u0161 \u0161vie\u017eios ir skanios laisvai laikom\u0173 an\u010di\u0173 m\u0117sos, praturtintas dar\u017eov\u0117mis, tokiomis kaip batatai, \u017eirniai ir morkos. Idealiai tinka ma\u017e\u0173 ir vidutini\u0173 veisli\u0173 suaugusiems \u0161unims, \u012fskaitant ir tuos, kurie yra i\u0161rank\u016bs ar turi jautri\u0105 vir\u0161kinimo sistem\u0105.<\/span><\/p>\n","protected":false},"featured_media":14270,"template":"","meta":[],"product_brand":[],"product_cat":[101,103,104,439],"product_tag":[],"class_list":{"0":"post-14269","1":"product","2":"type-product","3":"status-publish","4":"has-post-thumbnail","6":"product_cat-sunims","7":"product_cat-sunu-maistas","8":"product_cat-sausas-maistas","9":"product_cat-barking-heads-sunu-maistas","10":"pa_prekinis-zenklas-barking-heads","12":"first","13":"outofstock","14":"taxable","15":"shipping-taxable","16":"purchasable","17":"product-type-simple"},"yoast_head":"<!-- This site is optimized with the Yoast SEO Premium plugin v27.1 (Yoast SEO v27.5) - https:\/\/yoast.com\/product\/yoast-seo-premium-wordpress\/ -->\n<title>BARKING HEADS Fuss Pot Duck Pa\u0161aras \u0160unims Su Antiena 12kg - anivet.lt<\/title>\n<meta name=\"description\" content=\"Visavertis sausas pa\u0161aras, pagamintas i\u0161 \u0161vie\u017eios ir skanios laisvai laikom\u0173 an\u010di\u0173 m\u0117sos, praturtintas dar\u017eov\u0117mis, tokiomis kaip batatai, \u017eirniai ir morkos. Idealiai tinka ma\u017e\u0173 ir vidutini\u0173 veisli\u0173 suaugusiems \u0161unims, \u012fskaitant ir tuos, kurie yra i\u0161rank\u016bs ar turi jautri\u0105 vir\u0161kinimo sistem\u0105.\" \/>\n<meta name=\"robots\" content=\"index, follow, max-snippet:-1, max-image-preview:large, max-video-preview:-1\" \/>\n<link rel=\"canonical\" href=\"https:\/\/anivet.lt\/elparduotuve\/produktas\/barking-heads-fuss-pot-duck-pasaras-sunims-su-antiena-12kg\/\" \/>\n<meta property=\"og:locale\" content=\"lt_LT\" \/>\n<meta property=\"og:type\" content=\"article\" \/>\n<meta property=\"og:title\" content=\"BARKING HEADS Fuss Pot Duck Pa\u0161aras \u0160unims Su Antiena 12kg\" \/>\n<meta property=\"og:description\" content=\"Visavertis sausas pa\u0161aras, pagamintas i\u0161 \u0161vie\u017eios ir skanios laisvai laikom\u0173 an\u010di\u0173 m\u0117sos, praturtintas dar\u017eov\u0117mis, tokiomis kaip batatai, \u017eirniai ir morkos. Idealiai tinka ma\u017e\u0173 ir vidutini\u0173 veisli\u0173 suaugusiems \u0161unims, \u012fskaitant ir tuos, kurie yra i\u0161rank\u016bs ar turi jautri\u0105 vir\u0161kinimo sistem\u0105.\" \/>\n<meta property=\"og:url\" content=\"https:\/\/anivet.lt\/elparduotuve\/produktas\/barking-heads-fuss-pot-duck-pasaras-sunims-su-antiena-12kg\/\" \/>\n<meta property=\"og:site_name\" content=\"anivet.lt\" \/>\n<meta property=\"article:modified_time\" content=\"2026-04-21T08:28:49+00:00\" \/>\n<meta property=\"og:image\" content=\"https:\/\/anivet.lt\/elparduotuve\/wp-content\/uploads\/2024\/07\/BARKING-HEADS-Fuss-Pot-Duck-12kg.jpg\" \/>\n\t<meta property=\"og:image:width\" content=\"800\" \/>\n\t<meta property=\"og:image:height\" content=\"800\" \/>\n\t<meta property=\"og:image:type\" content=\"image\/jpeg\" \/>\n<meta name=\"twitter:card\" content=\"summary_large_image\" \/>\n<meta name=\"twitter:label1\" content=\"Est. reading time\" \/>\n\t<meta name=\"twitter:data1\" content=\"1 minut\u0117\" \/>\n<script type=\"application\/ld+json\" class=\"yoast-schema-graph\">{\"@context\":\"https:\\\/\\\/schema.org\",\"@graph\":[{\"@type\":\"WebPage\",\"@id\":\"https:\\\/\\\/anivet.lt\\\/elparduotuve\\\/produktas\\\/barking-heads-fuss-pot-duck-pasaras-sunims-su-antiena-12kg\\\/\",\"url\":\"https:\\\/\\\/anivet.lt\\\/elparduotuve\\\/produktas\\\/barking-heads-fuss-pot-duck-pasaras-sunims-su-antiena-12kg\\\/\",\"name\":\"BARKING HEADS Fuss Pot Duck Pa\u0161aras \u0160unims Su Antiena 12kg - anivet.lt\",\"isPartOf\":{\"@id\":\"https:\\\/\\\/anivet.lt\\\/elparduotuve\\\/#website\"},\"primaryImageOfPage\":{\"@id\":\"https:\\\/\\\/anivet.lt\\\/elparduotuve\\\/produktas\\\/barking-heads-fuss-pot-duck-pasaras-sunims-su-antiena-12kg\\\/#primaryimage\"},\"image\":{\"@id\":\"https:\\\/\\\/anivet.lt\\\/elparduotuve\\\/produktas\\\/barking-heads-fuss-pot-duck-pasaras-sunims-su-antiena-12kg\\\/#primaryimage\"},\"thumbnailUrl\":\"https:\\\/\\\/anivet.lt\\\/elparduotuve\\\/wp-content\\\/uploads\\\/2024\\\/07\\\/BARKING-HEADS-Fuss-Pot-Duck-12kg.jpg\",\"datePublished\":\"2024-07-18T19:34:59+00:00\",\"dateModified\":\"2026-04-21T08:28:49+00:00\",\"description\":\"Visavertis sausas pa\u0161aras, pagamintas i\u0161 \u0161vie\u017eios ir skanios laisvai laikom\u0173 an\u010di\u0173 m\u0117sos, praturtintas dar\u017eov\u0117mis, tokiomis kaip batatai, \u017eirniai ir morkos. Idealiai tinka ma\u017e\u0173 ir vidutini\u0173 veisli\u0173 suaugusiems \u0161unims, \u012fskaitant ir tuos, kurie yra i\u0161rank\u016bs ar turi jautri\u0105 vir\u0161kinimo sistem\u0105.\",\"breadcrumb\":{\"@id\":\"https:\\\/\\\/anivet.lt\\\/elparduotuve\\\/produktas\\\/barking-heads-fuss-pot-duck-pasaras-sunims-su-antiena-12kg\\\/#breadcrumb\"},\"inLanguage\":\"lt-LT\",\"potentialAction\":[{\"@type\":\"ReadAction\",\"target\":[\"https:\\\/\\\/anivet.lt\\\/elparduotuve\\\/produktas\\\/barking-heads-fuss-pot-duck-pasaras-sunims-su-antiena-12kg\\\/\"]}]},{\"@type\":\"ImageObject\",\"inLanguage\":\"lt-LT\",\"@id\":\"https:\\\/\\\/anivet.lt\\\/elparduotuve\\\/produktas\\\/barking-heads-fuss-pot-duck-pasaras-sunims-su-antiena-12kg\\\/#primaryimage\",\"url\":\"https:\\\/\\\/anivet.lt\\\/elparduotuve\\\/wp-content\\\/uploads\\\/2024\\\/07\\\/BARKING-HEADS-Fuss-Pot-Duck-12kg.jpg\",\"contentUrl\":\"https:\\\/\\\/anivet.lt\\\/elparduotuve\\\/wp-content\\\/uploads\\\/2024\\\/07\\\/BARKING-HEADS-Fuss-Pot-Duck-12kg.jpg\",\"width\":800,\"height\":800,\"caption\":\"BARKING HEADS Fuss Pot Duck Pa\u0161aras \u0160unims Su Antiena 12kg\"},{\"@type\":\"BreadcrumbList\",\"@id\":\"https:\\\/\\\/anivet.lt\\\/elparduotuve\\\/produktas\\\/barking-heads-fuss-pot-duck-pasaras-sunims-su-antiena-12kg\\\/#breadcrumb\",\"itemListElement\":[{\"@type\":\"ListItem\",\"position\":1,\"name\":\"Home\",\"item\":\"https:\\\/\\\/anivet.lt\\\/elparduotuve\\\/\"},{\"@type\":\"ListItem\",\"position\":2,\"name\":\"Produktai\",\"item\":\"https:\\\/\\\/anivet.lt\\\/elparduotuve\\\/produktai\\\/\"},{\"@type\":\"ListItem\",\"position\":3,\"name\":\"BARKING HEADS Fuss Pot Duck Pa\u0161aras \u0160unims Su Antiena 12kg\"}]},{\"@type\":\"WebSite\",\"@id\":\"https:\\\/\\\/anivet.lt\\\/elparduotuve\\\/#website\",\"url\":\"https:\\\/\\\/anivet.lt\\\/elparduotuve\\\/\",\"name\":\"anivet.lt\",\"description\":\"Viskas J\u016bs\u0173 \u0161uns, kat\u0117s prie\u017ei\u016brai\",\"publisher\":{\"@id\":\"https:\\\/\\\/anivet.lt\\\/elparduotuve\\\/#organization\"},\"alternateName\":\"Viskas J\u016bs\u0173 \u0161uns, kat\u0117s prie\u017ei\u016brai\",\"potentialAction\":[{\"@type\":\"SearchAction\",\"target\":{\"@type\":\"EntryPoint\",\"urlTemplate\":\"https:\\\/\\\/anivet.lt\\\/elparduotuve\\\/?s={search_term_string}\"},\"query-input\":{\"@type\":\"PropertyValueSpecification\",\"valueRequired\":true,\"valueName\":\"search_term_string\"}}],\"inLanguage\":\"lt-LT\"},{\"@type\":\"Organization\",\"@id\":\"https:\\\/\\\/anivet.lt\\\/elparduotuve\\\/#organization\",\"name\":\"Viskas J\u016bs\u0173 \u0161uns, kat\u0117s prie\u017ei\u016brai\",\"url\":\"https:\\\/\\\/anivet.lt\\\/elparduotuve\\\/\",\"logo\":{\"@type\":\"ImageObject\",\"inLanguage\":\"lt-LT\",\"@id\":\"https:\\\/\\\/anivet.lt\\\/elparduotuve\\\/#\\\/schema\\\/logo\\\/image\\\/\",\"url\":\"https:\\\/\\\/anivet.lt\\\/elparduotuve\\\/wp-content\\\/uploads\\\/2023\\\/06\\\/logo2.jpg\",\"contentUrl\":\"https:\\\/\\\/anivet.lt\\\/elparduotuve\\\/wp-content\\\/uploads\\\/2023\\\/06\\\/logo2.jpg\",\"width\":655,\"height\":194,\"caption\":\"Viskas J\u016bs\u0173 \u0161uns, kat\u0117s prie\u017ei\u016brai\"},\"image\":{\"@id\":\"https:\\\/\\\/anivet.lt\\\/elparduotuve\\\/#\\\/schema\\\/logo\\\/image\\\/\"}}]}<\/script>\n<!-- \/ Yoast SEO Premium plugin. -->","yoast_head_json":{"title":"BARKING HEADS Fuss Pot Duck Pa\u0161aras \u0160unims Su Antiena 12kg - anivet.lt","description":"Visavertis sausas pa\u0161aras, pagamintas i\u0161 \u0161vie\u017eios ir skanios laisvai laikom\u0173 an\u010di\u0173 m\u0117sos, praturtintas dar\u017eov\u0117mis, tokiomis kaip batatai, \u017eirniai ir morkos. Idealiai tinka ma\u017e\u0173 ir vidutini\u0173 veisli\u0173 suaugusiems \u0161unims, \u012fskaitant ir tuos, kurie yra i\u0161rank\u016bs ar turi jautri\u0105 vir\u0161kinimo sistem\u0105.","robots":{"index":"index","follow":"follow","max-snippet":"max-snippet:-1","max-image-preview":"max-image-preview:large","max-video-preview":"max-video-preview:-1"},"canonical":"https:\/\/anivet.lt\/elparduotuve\/produktas\/barking-heads-fuss-pot-duck-pasaras-sunims-su-antiena-12kg\/","og_locale":"lt_LT","og_type":"article","og_title":"BARKING HEADS Fuss Pot Duck Pa\u0161aras \u0160unims Su Antiena 12kg","og_description":"Visavertis sausas pa\u0161aras, pagamintas i\u0161 \u0161vie\u017eios ir skanios laisvai laikom\u0173 an\u010di\u0173 m\u0117sos, praturtintas dar\u017eov\u0117mis, tokiomis kaip batatai, \u017eirniai ir morkos. Idealiai tinka ma\u017e\u0173 ir vidutini\u0173 veisli\u0173 suaugusiems \u0161unims, \u012fskaitant ir tuos, kurie yra i\u0161rank\u016bs ar turi jautri\u0105 vir\u0161kinimo sistem\u0105.","og_url":"https:\/\/anivet.lt\/elparduotuve\/produktas\/barking-heads-fuss-pot-duck-pasaras-sunims-su-antiena-12kg\/","og_site_name":"anivet.lt","article_modified_time":"2026-04-21T08:28:49+00:00","og_image":[{"width":800,"height":800,"url":"https:\/\/anivet.lt\/elparduotuve\/wp-content\/uploads\/2024\/07\/BARKING-HEADS-Fuss-Pot-Duck-12kg.jpg","type":"image\/jpeg"}],"twitter_card":"summary_large_image","twitter_misc":{"Est. reading time":"1 minut\u0117"},"schema":{"@context":"https:\/\/schema.org","@graph":[{"@type":"WebPage","@id":"https:\/\/anivet.lt\/elparduotuve\/produktas\/barking-heads-fuss-pot-duck-pasaras-sunims-su-antiena-12kg\/","url":"https:\/\/anivet.lt\/elparduotuve\/produktas\/barking-heads-fuss-pot-duck-pasaras-sunims-su-antiena-12kg\/","name":"BARKING HEADS Fuss Pot Duck Pa\u0161aras \u0160unims Su Antiena 12kg - anivet.lt","isPartOf":{"@id":"https:\/\/anivet.lt\/elparduotuve\/#website"},"primaryImageOfPage":{"@id":"https:\/\/anivet.lt\/elparduotuve\/produktas\/barking-heads-fuss-pot-duck-pasaras-sunims-su-antiena-12kg\/#primaryimage"},"image":{"@id":"https:\/\/anivet.lt\/elparduotuve\/produktas\/barking-heads-fuss-pot-duck-pasaras-sunims-su-antiena-12kg\/#primaryimage"},"thumbnailUrl":"https:\/\/anivet.lt\/elparduotuve\/wp-content\/uploads\/2024\/07\/BARKING-HEADS-Fuss-Pot-Duck-12kg.jpg","datePublished":"2024-07-18T19:34:59+00:00","dateModified":"2026-04-21T08:28:49+00:00","description":"Visavertis sausas pa\u0161aras, pagamintas i\u0161 \u0161vie\u017eios ir skanios laisvai laikom\u0173 an\u010di\u0173 m\u0117sos, praturtintas dar\u017eov\u0117mis, tokiomis kaip batatai, \u017eirniai ir morkos. Idealiai tinka ma\u017e\u0173 ir vidutini\u0173 veisli\u0173 suaugusiems \u0161unims, \u012fskaitant ir tuos, kurie yra i\u0161rank\u016bs ar turi jautri\u0105 vir\u0161kinimo sistem\u0105.","breadcrumb":{"@id":"https:\/\/anivet.lt\/elparduotuve\/produktas\/barking-heads-fuss-pot-duck-pasaras-sunims-su-antiena-12kg\/#breadcrumb"},"inLanguage":"lt-LT","potentialAction":[{"@type":"ReadAction","target":["https:\/\/anivet.lt\/elparduotuve\/produktas\/barking-heads-fuss-pot-duck-pasaras-sunims-su-antiena-12kg\/"]}]},{"@type":"ImageObject","inLanguage":"lt-LT","@id":"https:\/\/anivet.lt\/elparduotuve\/produktas\/barking-heads-fuss-pot-duck-pasaras-sunims-su-antiena-12kg\/#primaryimage","url":"https:\/\/anivet.lt\/elparduotuve\/wp-content\/uploads\/2024\/07\/BARKING-HEADS-Fuss-Pot-Duck-12kg.jpg","contentUrl":"https:\/\/anivet.lt\/elparduotuve\/wp-content\/uploads\/2024\/07\/BARKING-HEADS-Fuss-Pot-Duck-12kg.jpg","width":800,"height":800,"caption":"BARKING HEADS Fuss Pot Duck Pa\u0161aras \u0160unims Su Antiena 12kg"},{"@type":"BreadcrumbList","@id":"https:\/\/anivet.lt\/elparduotuve\/produktas\/barking-heads-fuss-pot-duck-pasaras-sunims-su-antiena-12kg\/#breadcrumb","itemListElement":[{"@type":"ListItem","position":1,"name":"Home","item":"https:\/\/anivet.lt\/elparduotuve\/"},{"@type":"ListItem","position":2,"name":"Produktai","item":"https:\/\/anivet.lt\/elparduotuve\/produktai\/"},{"@type":"ListItem","position":3,"name":"BARKING HEADS Fuss Pot Duck Pa\u0161aras \u0160unims Su Antiena 12kg"}]},{"@type":"WebSite","@id":"https:\/\/anivet.lt\/elparduotuve\/#website","url":"https:\/\/anivet.lt\/elparduotuve\/","name":"anivet.lt","description":"Viskas J\u016bs\u0173 \u0161uns, kat\u0117s prie\u017ei\u016brai","publisher":{"@id":"https:\/\/anivet.lt\/elparduotuve\/#organization"},"alternateName":"Viskas J\u016bs\u0173 \u0161uns, kat\u0117s prie\u017ei\u016brai","potentialAction":[{"@type":"SearchAction","target":{"@type":"EntryPoint","urlTemplate":"https:\/\/anivet.lt\/elparduotuve\/?s={search_term_string}"},"query-input":{"@type":"PropertyValueSpecification","valueRequired":true,"valueName":"search_term_string"}}],"inLanguage":"lt-LT"},{"@type":"Organization","@id":"https:\/\/anivet.lt\/elparduotuve\/#organization","name":"Viskas J\u016bs\u0173 \u0161uns, kat\u0117s prie\u017ei\u016brai","url":"https:\/\/anivet.lt\/elparduotuve\/","logo":{"@type":"ImageObject","inLanguage":"lt-LT","@id":"https:\/\/anivet.lt\/elparduotuve\/#\/schema\/logo\/image\/","url":"https:\/\/anivet.lt\/elparduotuve\/wp-content\/uploads\/2023\/06\/logo2.jpg","contentUrl":"https:\/\/anivet.lt\/elparduotuve\/wp-content\/uploads\/2023\/06\/logo2.jpg","width":655,"height":194,"caption":"Viskas J\u016bs\u0173 \u0161uns, kat\u0117s prie\u017ei\u016brai"},"image":{"@id":"https:\/\/anivet.lt\/elparduotuve\/#\/schema\/logo\/image\/"}}]}},"_links":{"self":[{"href":"https:\/\/anivet.lt\/elparduotuve\/wp-json\/wp\/v2\/product\/14269","targetHints":{"allow":["GET"]}}],"collection":[{"href":"https:\/\/anivet.lt\/elparduotuve\/wp-json\/wp\/v2\/product"}],"about":[{"href":"https:\/\/anivet.lt\/elparduotuve\/wp-json\/wp\/v2\/types\/product"}],"wp:featuredmedia":[{"embeddable":true,"href":"https:\/\/anivet.lt\/elparduotuve\/wp-json\/wp\/v2\/media\/14270"}],"wp:attachment":[{"href":"https:\/\/anivet.lt\/elparduotuve\/wp-json\/wp\/v2\/media?parent=14269"}],"wp:term":[{"taxonomy":"product_brand","embeddable":true,"href":"https:\/\/anivet.lt\/elparduotuve\/wp-json\/wp\/v2\/product_brand?post=14269"},{"taxonomy":"product_cat","embeddable":true,"href":"https:\/\/anivet.lt\/elparduotuve\/wp-json\/wp\/v2\/product_cat?post=14269"},{"taxonomy":"product_tag","embeddable":true,"href":"https:\/\/anivet.lt\/elparduotuve\/wp-json\/wp\/v2\/product_tag?post=14269"}],"curies":[{"name":"wp","href":"https:\/\/api.w.org\/{rel}","templated":true}]}}