{"id":14273,"date":"2024-07-18T19:55:41","date_gmt":"2024-07-18T19:55:41","guid":{"rendered":"https:\/\/anivet.lt\/elparduotuve\/?post_type=product&#038;p=14273"},"modified":"2026-05-06T08:09:58","modified_gmt":"2026-05-06T08:09:58","slug":"barking-heads-tummy-lovin-care-fish-sunims-su-zuvimi-12kg","status":"publish","type":"product","link":"https:\/\/anivet.lt\/elparduotuve\/produktas\/barking-heads-tummy-lovin-care-fish-sunims-su-zuvimi-12kg\/","title":{"rendered":"BARKING HEADS Tummy Lovin Care Fish \u0160unims Su \u017duvimi 12kg"},"content":{"rendered":"<ul>\n<li style=\"font-weight: 400;\"><span style=\"font-weight: 400;\">Auk\u0161tos kokyb\u0117s \u017euvis: Sud\u0117tyje 50% \u017euvies (\u0161vie\u017eia balta \u017euvis, d\u017eiovinta \u017euvis, la\u0161i\u0161\u0173 aliejus ir pada\u017eas), suteikian\u010dios lengvai vir\u0161kinamus baltymus ir Omega-3 riebal\u0173 r\u016bg\u0161tis.<\/span><\/li>\n<li style=\"font-weight: 400;\"><span style=\"font-weight: 400;\">Vir\u0161kinimo palaikymas: Cikorijos \u0161aknys (FOS), beta gliukanas ir j\u016briniai dumbliai skatina sveik\u0105 vir\u0161kinim\u0105 ir \u017earnyno mikrofloros balans\u0105.<\/span><\/li>\n<li style=\"font-weight: 400;\"><span style=\"font-weight: 400;\">Nat\u016bral\u016bs energijos \u0161altiniai: Batatai, bulv\u0117s ir \u017eirniai u\u017etikrina ilgalaik\u0119 energij\u0105 ir palaiko sotumo jausm\u0105.<\/span><\/li>\n<li style=\"font-weight: 400;\"><span style=\"font-weight: 400;\">Sveika oda ir kailis: La\u0161i\u0161\u0173 aliejus ir s\u0117menys palaiko odos sveikat\u0105 bei kailio blizges\u012f.<\/span><\/li>\n<li style=\"font-weight: 400;\"><span style=\"font-weight: 400;\">Papildomi vitaminai ir mineralai: Sud\u0117tyje yra vitamino A, biotino, cinko ir kit\u0173 mineral\u0173, u\u017etikrinan\u010di\u0173 bendr\u0105 augintinio gerov\u0119.<\/span><\/li>\n<\/ul>\n<p><span style=\"font-weight: 400;\">\u201eBarking Heads Tummy Lovin&#8217; Care\u201d su \u017euvimi yra puikus pasirinkimas \u0161unims, turintiems jautr\u0173 vir\u0161kinim\u0105. \u0160is maistingas ir skanus pa\u0161aras u\u017etikrina sveik\u0105, subalansuot\u0105 mityb\u0105 ir energij\u0105 kasdieniam gyvenimui.<\/span><\/p>\n","protected":false},"excerpt":{"rendered":"<p><span style=\"font-weight: 400;\">Visavertis pa\u0161aras, skirtas ma\u017e\u0173 ir vidutini\u0173 veisli\u0173 suaugusiems \u0161unims. \u0160is nat\u016bralus receptas, praturtintas 50% baltos \u017euvies, idealiai tinka augintiniams, kuri\u0173 vir\u0161kinimas yra jautresnis.<\/span><\/p>\n","protected":false},"featured_media":14274,"template":"","meta":[],"product_brand":[],"product_cat":[101,103,104,439],"product_tag":[],"class_list":{"0":"post-14273","1":"product","2":"type-product","3":"status-publish","4":"has-post-thumbnail","6":"product_cat-sunims","7":"product_cat-sunu-maistas","8":"product_cat-sausas-maistas","9":"product_cat-barking-heads-sunu-maistas","10":"pa_prekinis-zenklas-barking-heads","12":"first","13":"outofstock","14":"taxable","15":"shipping-taxable","16":"purchasable","17":"product-type-simple"},"yoast_head":"<!-- This site is optimized with the Yoast SEO Premium plugin v27.1 (Yoast SEO v27.5) - https:\/\/yoast.com\/product\/yoast-seo-premium-wordpress\/ -->\n<title>BARKING HEADS Tummy Lovin Care Fish \u0160unims Su \u017duvimi 12kg - anivet.lt<\/title>\n<meta name=\"description\" content=\"Visavertis pa\u0161aras, skirtas ma\u017e\u0173 ir vidutini\u0173 veisli\u0173 suaugusiems \u0161unims. \u0160is nat\u016bralus receptas, praturtintas 50% baltos \u017euvies, idealiai tinka augintiniams, kuri\u0173 vir\u0161kinimas yra jautresnis.\" \/>\n<meta name=\"robots\" content=\"index, follow, max-snippet:-1, max-image-preview:large, max-video-preview:-1\" \/>\n<link rel=\"canonical\" href=\"https:\/\/anivet.lt\/elparduotuve\/produktas\/barking-heads-tummy-lovin-care-fish-sunims-su-zuvimi-12kg\/\" \/>\n<meta property=\"og:locale\" content=\"lt_LT\" \/>\n<meta property=\"og:type\" content=\"article\" \/>\n<meta property=\"og:title\" content=\"BARKING HEADS Tummy Lovin Care Fish \u0160unims Su \u017duvimi 12kg\" \/>\n<meta property=\"og:description\" content=\"Visavertis pa\u0161aras, skirtas ma\u017e\u0173 ir vidutini\u0173 veisli\u0173 suaugusiems \u0161unims. \u0160is nat\u016bralus receptas, praturtintas 50% baltos \u017euvies, idealiai tinka augintiniams, kuri\u0173 vir\u0161kinimas yra jautresnis.\" \/>\n<meta property=\"og:url\" content=\"https:\/\/anivet.lt\/elparduotuve\/produktas\/barking-heads-tummy-lovin-care-fish-sunims-su-zuvimi-12kg\/\" \/>\n<meta property=\"og:site_name\" content=\"anivet.lt\" \/>\n<meta property=\"article:modified_time\" content=\"2026-05-06T08:09:58+00:00\" \/>\n<meta property=\"og:image\" content=\"https:\/\/anivet.lt\/elparduotuve\/wp-content\/uploads\/2024\/07\/BARKING-HEADS-Tummy-Lovin-Care-Fish-12kg.jpg\" \/>\n\t<meta property=\"og:image:width\" content=\"800\" \/>\n\t<meta property=\"og:image:height\" content=\"800\" \/>\n\t<meta property=\"og:image:type\" content=\"image\/jpeg\" \/>\n<meta name=\"twitter:card\" content=\"summary_large_image\" \/>\n<meta name=\"twitter:label1\" content=\"Est. reading time\" \/>\n\t<meta name=\"twitter:data1\" content=\"1 minut\u0117\" \/>\n<script type=\"application\/ld+json\" class=\"yoast-schema-graph\">{\"@context\":\"https:\\\/\\\/schema.org\",\"@graph\":[{\"@type\":\"WebPage\",\"@id\":\"https:\\\/\\\/anivet.lt\\\/elparduotuve\\\/produktas\\\/barking-heads-tummy-lovin-care-fish-sunims-su-zuvimi-12kg\\\/\",\"url\":\"https:\\\/\\\/anivet.lt\\\/elparduotuve\\\/produktas\\\/barking-heads-tummy-lovin-care-fish-sunims-su-zuvimi-12kg\\\/\",\"name\":\"BARKING HEADS Tummy Lovin Care Fish \u0160unims Su \u017duvimi 12kg - anivet.lt\",\"isPartOf\":{\"@id\":\"https:\\\/\\\/anivet.lt\\\/elparduotuve\\\/#website\"},\"primaryImageOfPage\":{\"@id\":\"https:\\\/\\\/anivet.lt\\\/elparduotuve\\\/produktas\\\/barking-heads-tummy-lovin-care-fish-sunims-su-zuvimi-12kg\\\/#primaryimage\"},\"image\":{\"@id\":\"https:\\\/\\\/anivet.lt\\\/elparduotuve\\\/produktas\\\/barking-heads-tummy-lovin-care-fish-sunims-su-zuvimi-12kg\\\/#primaryimage\"},\"thumbnailUrl\":\"https:\\\/\\\/anivet.lt\\\/elparduotuve\\\/wp-content\\\/uploads\\\/2024\\\/07\\\/BARKING-HEADS-Tummy-Lovin-Care-Fish-12kg.jpg\",\"datePublished\":\"2024-07-18T19:55:41+00:00\",\"dateModified\":\"2026-05-06T08:09:58+00:00\",\"description\":\"Visavertis pa\u0161aras, skirtas ma\u017e\u0173 ir vidutini\u0173 veisli\u0173 suaugusiems \u0161unims. \u0160is nat\u016bralus receptas, praturtintas 50% baltos \u017euvies, idealiai tinka augintiniams, kuri\u0173 vir\u0161kinimas yra jautresnis.\",\"breadcrumb\":{\"@id\":\"https:\\\/\\\/anivet.lt\\\/elparduotuve\\\/produktas\\\/barking-heads-tummy-lovin-care-fish-sunims-su-zuvimi-12kg\\\/#breadcrumb\"},\"inLanguage\":\"lt-LT\",\"potentialAction\":[{\"@type\":\"ReadAction\",\"target\":[\"https:\\\/\\\/anivet.lt\\\/elparduotuve\\\/produktas\\\/barking-heads-tummy-lovin-care-fish-sunims-su-zuvimi-12kg\\\/\"]}]},{\"@type\":\"ImageObject\",\"inLanguage\":\"lt-LT\",\"@id\":\"https:\\\/\\\/anivet.lt\\\/elparduotuve\\\/produktas\\\/barking-heads-tummy-lovin-care-fish-sunims-su-zuvimi-12kg\\\/#primaryimage\",\"url\":\"https:\\\/\\\/anivet.lt\\\/elparduotuve\\\/wp-content\\\/uploads\\\/2024\\\/07\\\/BARKING-HEADS-Tummy-Lovin-Care-Fish-12kg.jpg\",\"contentUrl\":\"https:\\\/\\\/anivet.lt\\\/elparduotuve\\\/wp-content\\\/uploads\\\/2024\\\/07\\\/BARKING-HEADS-Tummy-Lovin-Care-Fish-12kg.jpg\",\"width\":800,\"height\":800,\"caption\":\"BARKING HEADS Tummy Lovin Care Fish \u0160unims Su \u017duvimi 12kg\"},{\"@type\":\"BreadcrumbList\",\"@id\":\"https:\\\/\\\/anivet.lt\\\/elparduotuve\\\/produktas\\\/barking-heads-tummy-lovin-care-fish-sunims-su-zuvimi-12kg\\\/#breadcrumb\",\"itemListElement\":[{\"@type\":\"ListItem\",\"position\":1,\"name\":\"Home\",\"item\":\"https:\\\/\\\/anivet.lt\\\/elparduotuve\\\/\"},{\"@type\":\"ListItem\",\"position\":2,\"name\":\"Produktai\",\"item\":\"https:\\\/\\\/anivet.lt\\\/elparduotuve\\\/produktai\\\/\"},{\"@type\":\"ListItem\",\"position\":3,\"name\":\"BARKING HEADS Tummy Lovin Care Fish \u0160unims Su \u017duvimi 12kg\"}]},{\"@type\":\"WebSite\",\"@id\":\"https:\\\/\\\/anivet.lt\\\/elparduotuve\\\/#website\",\"url\":\"https:\\\/\\\/anivet.lt\\\/elparduotuve\\\/\",\"name\":\"anivet.lt\",\"description\":\"Viskas J\u016bs\u0173 \u0161uns, kat\u0117s prie\u017ei\u016brai\",\"publisher\":{\"@id\":\"https:\\\/\\\/anivet.lt\\\/elparduotuve\\\/#organization\"},\"alternateName\":\"Viskas J\u016bs\u0173 \u0161uns, kat\u0117s prie\u017ei\u016brai\",\"potentialAction\":[{\"@type\":\"SearchAction\",\"target\":{\"@type\":\"EntryPoint\",\"urlTemplate\":\"https:\\\/\\\/anivet.lt\\\/elparduotuve\\\/?s={search_term_string}\"},\"query-input\":{\"@type\":\"PropertyValueSpecification\",\"valueRequired\":true,\"valueName\":\"search_term_string\"}}],\"inLanguage\":\"lt-LT\"},{\"@type\":\"Organization\",\"@id\":\"https:\\\/\\\/anivet.lt\\\/elparduotuve\\\/#organization\",\"name\":\"Viskas J\u016bs\u0173 \u0161uns, kat\u0117s prie\u017ei\u016brai\",\"url\":\"https:\\\/\\\/anivet.lt\\\/elparduotuve\\\/\",\"logo\":{\"@type\":\"ImageObject\",\"inLanguage\":\"lt-LT\",\"@id\":\"https:\\\/\\\/anivet.lt\\\/elparduotuve\\\/#\\\/schema\\\/logo\\\/image\\\/\",\"url\":\"https:\\\/\\\/anivet.lt\\\/elparduotuve\\\/wp-content\\\/uploads\\\/2023\\\/06\\\/logo2.jpg\",\"contentUrl\":\"https:\\\/\\\/anivet.lt\\\/elparduotuve\\\/wp-content\\\/uploads\\\/2023\\\/06\\\/logo2.jpg\",\"width\":655,\"height\":194,\"caption\":\"Viskas J\u016bs\u0173 \u0161uns, kat\u0117s prie\u017ei\u016brai\"},\"image\":{\"@id\":\"https:\\\/\\\/anivet.lt\\\/elparduotuve\\\/#\\\/schema\\\/logo\\\/image\\\/\"}}]}<\/script>\n<!-- \/ Yoast SEO Premium plugin. -->","yoast_head_json":{"title":"BARKING HEADS Tummy Lovin Care Fish \u0160unims Su \u017duvimi 12kg - anivet.lt","description":"Visavertis pa\u0161aras, skirtas ma\u017e\u0173 ir vidutini\u0173 veisli\u0173 suaugusiems \u0161unims. \u0160is nat\u016bralus receptas, praturtintas 50% baltos \u017euvies, idealiai tinka augintiniams, kuri\u0173 vir\u0161kinimas yra jautresnis.","robots":{"index":"index","follow":"follow","max-snippet":"max-snippet:-1","max-image-preview":"max-image-preview:large","max-video-preview":"max-video-preview:-1"},"canonical":"https:\/\/anivet.lt\/elparduotuve\/produktas\/barking-heads-tummy-lovin-care-fish-sunims-su-zuvimi-12kg\/","og_locale":"lt_LT","og_type":"article","og_title":"BARKING HEADS Tummy Lovin Care Fish \u0160unims Su \u017duvimi 12kg","og_description":"Visavertis pa\u0161aras, skirtas ma\u017e\u0173 ir vidutini\u0173 veisli\u0173 suaugusiems \u0161unims. \u0160is nat\u016bralus receptas, praturtintas 50% baltos \u017euvies, idealiai tinka augintiniams, kuri\u0173 vir\u0161kinimas yra jautresnis.","og_url":"https:\/\/anivet.lt\/elparduotuve\/produktas\/barking-heads-tummy-lovin-care-fish-sunims-su-zuvimi-12kg\/","og_site_name":"anivet.lt","article_modified_time":"2026-05-06T08:09:58+00:00","og_image":[{"width":800,"height":800,"url":"https:\/\/anivet.lt\/elparduotuve\/wp-content\/uploads\/2024\/07\/BARKING-HEADS-Tummy-Lovin-Care-Fish-12kg.jpg","type":"image\/jpeg"}],"twitter_card":"summary_large_image","twitter_misc":{"Est. reading time":"1 minut\u0117"},"schema":{"@context":"https:\/\/schema.org","@graph":[{"@type":"WebPage","@id":"https:\/\/anivet.lt\/elparduotuve\/produktas\/barking-heads-tummy-lovin-care-fish-sunims-su-zuvimi-12kg\/","url":"https:\/\/anivet.lt\/elparduotuve\/produktas\/barking-heads-tummy-lovin-care-fish-sunims-su-zuvimi-12kg\/","name":"BARKING HEADS Tummy Lovin Care Fish \u0160unims Su \u017duvimi 12kg - anivet.lt","isPartOf":{"@id":"https:\/\/anivet.lt\/elparduotuve\/#website"},"primaryImageOfPage":{"@id":"https:\/\/anivet.lt\/elparduotuve\/produktas\/barking-heads-tummy-lovin-care-fish-sunims-su-zuvimi-12kg\/#primaryimage"},"image":{"@id":"https:\/\/anivet.lt\/elparduotuve\/produktas\/barking-heads-tummy-lovin-care-fish-sunims-su-zuvimi-12kg\/#primaryimage"},"thumbnailUrl":"https:\/\/anivet.lt\/elparduotuve\/wp-content\/uploads\/2024\/07\/BARKING-HEADS-Tummy-Lovin-Care-Fish-12kg.jpg","datePublished":"2024-07-18T19:55:41+00:00","dateModified":"2026-05-06T08:09:58+00:00","description":"Visavertis pa\u0161aras, skirtas ma\u017e\u0173 ir vidutini\u0173 veisli\u0173 suaugusiems \u0161unims. \u0160is nat\u016bralus receptas, praturtintas 50% baltos \u017euvies, idealiai tinka augintiniams, kuri\u0173 vir\u0161kinimas yra jautresnis.","breadcrumb":{"@id":"https:\/\/anivet.lt\/elparduotuve\/produktas\/barking-heads-tummy-lovin-care-fish-sunims-su-zuvimi-12kg\/#breadcrumb"},"inLanguage":"lt-LT","potentialAction":[{"@type":"ReadAction","target":["https:\/\/anivet.lt\/elparduotuve\/produktas\/barking-heads-tummy-lovin-care-fish-sunims-su-zuvimi-12kg\/"]}]},{"@type":"ImageObject","inLanguage":"lt-LT","@id":"https:\/\/anivet.lt\/elparduotuve\/produktas\/barking-heads-tummy-lovin-care-fish-sunims-su-zuvimi-12kg\/#primaryimage","url":"https:\/\/anivet.lt\/elparduotuve\/wp-content\/uploads\/2024\/07\/BARKING-HEADS-Tummy-Lovin-Care-Fish-12kg.jpg","contentUrl":"https:\/\/anivet.lt\/elparduotuve\/wp-content\/uploads\/2024\/07\/BARKING-HEADS-Tummy-Lovin-Care-Fish-12kg.jpg","width":800,"height":800,"caption":"BARKING HEADS Tummy Lovin Care Fish \u0160unims Su \u017duvimi 12kg"},{"@type":"BreadcrumbList","@id":"https:\/\/anivet.lt\/elparduotuve\/produktas\/barking-heads-tummy-lovin-care-fish-sunims-su-zuvimi-12kg\/#breadcrumb","itemListElement":[{"@type":"ListItem","position":1,"name":"Home","item":"https:\/\/anivet.lt\/elparduotuve\/"},{"@type":"ListItem","position":2,"name":"Produktai","item":"https:\/\/anivet.lt\/elparduotuve\/produktai\/"},{"@type":"ListItem","position":3,"name":"BARKING HEADS Tummy Lovin Care Fish \u0160unims Su \u017duvimi 12kg"}]},{"@type":"WebSite","@id":"https:\/\/anivet.lt\/elparduotuve\/#website","url":"https:\/\/anivet.lt\/elparduotuve\/","name":"anivet.lt","description":"Viskas J\u016bs\u0173 \u0161uns, kat\u0117s prie\u017ei\u016brai","publisher":{"@id":"https:\/\/anivet.lt\/elparduotuve\/#organization"},"alternateName":"Viskas J\u016bs\u0173 \u0161uns, kat\u0117s prie\u017ei\u016brai","potentialAction":[{"@type":"SearchAction","target":{"@type":"EntryPoint","urlTemplate":"https:\/\/anivet.lt\/elparduotuve\/?s={search_term_string}"},"query-input":{"@type":"PropertyValueSpecification","valueRequired":true,"valueName":"search_term_string"}}],"inLanguage":"lt-LT"},{"@type":"Organization","@id":"https:\/\/anivet.lt\/elparduotuve\/#organization","name":"Viskas J\u016bs\u0173 \u0161uns, kat\u0117s prie\u017ei\u016brai","url":"https:\/\/anivet.lt\/elparduotuve\/","logo":{"@type":"ImageObject","inLanguage":"lt-LT","@id":"https:\/\/anivet.lt\/elparduotuve\/#\/schema\/logo\/image\/","url":"https:\/\/anivet.lt\/elparduotuve\/wp-content\/uploads\/2023\/06\/logo2.jpg","contentUrl":"https:\/\/anivet.lt\/elparduotuve\/wp-content\/uploads\/2023\/06\/logo2.jpg","width":655,"height":194,"caption":"Viskas J\u016bs\u0173 \u0161uns, kat\u0117s prie\u017ei\u016brai"},"image":{"@id":"https:\/\/anivet.lt\/elparduotuve\/#\/schema\/logo\/image\/"}}]}},"_links":{"self":[{"href":"https:\/\/anivet.lt\/elparduotuve\/wp-json\/wp\/v2\/product\/14273","targetHints":{"allow":["GET"]}}],"collection":[{"href":"https:\/\/anivet.lt\/elparduotuve\/wp-json\/wp\/v2\/product"}],"about":[{"href":"https:\/\/anivet.lt\/elparduotuve\/wp-json\/wp\/v2\/types\/product"}],"wp:featuredmedia":[{"embeddable":true,"href":"https:\/\/anivet.lt\/elparduotuve\/wp-json\/wp\/v2\/media\/14274"}],"wp:attachment":[{"href":"https:\/\/anivet.lt\/elparduotuve\/wp-json\/wp\/v2\/media?parent=14273"}],"wp:term":[{"taxonomy":"product_brand","embeddable":true,"href":"https:\/\/anivet.lt\/elparduotuve\/wp-json\/wp\/v2\/product_brand?post=14273"},{"taxonomy":"product_cat","embeddable":true,"href":"https:\/\/anivet.lt\/elparduotuve\/wp-json\/wp\/v2\/product_cat?post=14273"},{"taxonomy":"product_tag","embeddable":true,"href":"https:\/\/anivet.lt\/elparduotuve\/wp-json\/wp\/v2\/product_tag?post=14273"}],"curies":[{"name":"wp","href":"https:\/\/api.w.org\/{rel}","templated":true}]}}