{"id":14277,"date":"2024-07-18T20:24:57","date_gmt":"2024-07-18T20:24:57","guid":{"rendered":"https:\/\/anivet.lt\/elparduotuve\/?post_type=product&#038;p=14277"},"modified":"2026-04-21T08:26:38","modified_gmt":"2026-04-21T08:26:38","slug":"barking-heads-hair-necessities-salmon-sunims-su-lasisa-12kg","status":"publish","type":"product","link":"https:\/\/anivet.lt\/elparduotuve\/produktas\/barking-heads-hair-necessities-salmon-sunims-su-lasisa-12kg\/","title":{"rendered":"BARKING HEADS Hair Necessities Salmon \u0160unims su La\u0161i\u0161a 12kg"},"content":{"rendered":"<ul>\n<li style=\"font-weight: 400;\"><span style=\"font-weight: 400;\">Be gr\u016bd\u0173: Tinka \u0161unims su jautria vir\u0161kinimo sistema.<\/span><\/li>\n<li style=\"font-weight: 400;\"><span style=\"font-weight: 400;\">Auk\u0161tos kokyb\u0117s la\u0161i\u0161a: 50% la\u0161i\u0161os (\u0161vie\u017eia 26%, d\u017eiovinta 20%, la\u0161i\u0161\u0173 taukai 4%).<\/span><\/li>\n<li style=\"font-weight: 400;\"><span style=\"font-weight: 400;\">Odos ir kailio prie\u017ei\u016bra: Sud\u0117tyje esan\u010dios omega-3 ir omega-6 riebiosios r\u016bg\u0161tys palaiko sveik\u0105 od\u0105 ir kail\u012f.<\/span><\/li>\n<li style=\"font-weight: 400;\"><span style=\"font-weight: 400;\">Sveiki s\u0105nariai: Papildyta MSM, gliukozaminu ir chondroitinu.<\/span><\/li>\n<li style=\"font-weight: 400;\"><span style=\"font-weight: 400;\">Nat\u016bral\u016bs ingredientai: Sald\u017eiosios bulv\u0117s, \u017eirniai ir \u017eolel\u0117s (raudon\u0117lis, rozmarinas, \u010diobreliai).<\/span><\/li>\n<li style=\"font-weight: 400;\"><span style=\"font-weight: 400;\">Veterinar\u0173 patvirtinta: Maistas sukurtas ir patvirtintas specialist\u0173.<\/span><\/li>\n<\/ul>\n<p><span style=\"font-weight: 400;\">Nat\u016bralus, sveikas ir itin gardus pa\u0161aras j\u016bs\u0173 \u0161uniui. Jo kruop\u0161\u010diai atrinkti ingredientai padeda palaikyti kailio \u017evilges\u012f, sveik\u0105 vir\u0161kinim\u0105 ir s\u0105nari\u0173 judrum\u0105. \u0160is pa\u0161aras be gr\u016bd\u0173 idealiai tinka \u0161unims su jautriu skrand\u017eiu, tod\u0117l jis yra visapusi\u0161kas pasirinkimas tiek sveikatai, tiek skoniui.<\/span><\/p>\n","protected":false},"excerpt":{"rendered":"<p><span style=\"font-weight: 400;\">\u0160is visavertis pa\u0161aras yra puikus pasirinkimas suaugusiems \u0161unims, norintiems palaikyti sveik\u0105 od\u0105, \u017evilgant\u012f kail\u012f ir ger\u0105 s\u0105nari\u0173 b\u016bkl\u0119. Pagamintas i\u0161 100% nat\u016bralios la\u0161i\u0161os ir auk\u0161tos kokyb\u0117s dar\u017eovi\u0173, jis tinka ir jautr\u0173 vir\u0161kinim\u0105 turintiems augintiniams.<\/span><\/p>\n","protected":false},"featured_media":14278,"template":"","meta":[],"product_brand":[],"product_cat":[101,103,104,439],"product_tag":[],"class_list":{"0":"post-14277","1":"product","2":"type-product","3":"status-publish","4":"has-post-thumbnail","6":"product_cat-sunims","7":"product_cat-sunu-maistas","8":"product_cat-sausas-maistas","9":"product_cat-barking-heads-sunu-maistas","10":"pa_prekinis-zenklas-barking-heads","12":"first","13":"outofstock","14":"taxable","15":"shipping-taxable","16":"purchasable","17":"product-type-simple"},"yoast_head":"<!-- This site is optimized with the Yoast SEO Premium plugin v27.1 (Yoast SEO v27.5) - https:\/\/yoast.com\/product\/yoast-seo-premium-wordpress\/ -->\n<title>BARKING HEADS Hair Necessities Salmon \u0160unims su La\u0161i\u0161a 12kg - anivet.lt<\/title>\n<meta name=\"description\" content=\"\u0160is visavertis pa\u0161aras yra puikus pasirinkimas suaugusiems \u0161unims, norintiems palaikyti sveik\u0105 od\u0105, \u017evilgant\u012f kail\u012f ir ger\u0105 s\u0105nari\u0173 b\u016bkl\u0119. Pagamintas i\u0161 100% nat\u016bralios la\u0161i\u0161os ir auk\u0161tos kokyb\u0117s dar\u017eovi\u0173, jis tinka ir jautr\u0173 vir\u0161kinim\u0105 turintiems augintiniams.\" \/>\n<meta name=\"robots\" content=\"index, follow, max-snippet:-1, max-image-preview:large, max-video-preview:-1\" \/>\n<link rel=\"canonical\" href=\"https:\/\/anivet.lt\/elparduotuve\/produktas\/barking-heads-hair-necessities-salmon-sunims-su-lasisa-12kg\/\" \/>\n<meta property=\"og:locale\" content=\"lt_LT\" \/>\n<meta property=\"og:type\" content=\"article\" \/>\n<meta property=\"og:title\" content=\"BARKING HEADS Hair Necessities Salmon \u0160unims su La\u0161i\u0161a 12kg\" \/>\n<meta property=\"og:description\" content=\"\u0160is visavertis pa\u0161aras yra puikus pasirinkimas suaugusiems \u0161unims, norintiems palaikyti sveik\u0105 od\u0105, \u017evilgant\u012f kail\u012f ir ger\u0105 s\u0105nari\u0173 b\u016bkl\u0119. Pagamintas i\u0161 100% nat\u016bralios la\u0161i\u0161os ir auk\u0161tos kokyb\u0117s dar\u017eovi\u0173, jis tinka ir jautr\u0173 vir\u0161kinim\u0105 turintiems augintiniams.\" \/>\n<meta property=\"og:url\" content=\"https:\/\/anivet.lt\/elparduotuve\/produktas\/barking-heads-hair-necessities-salmon-sunims-su-lasisa-12kg\/\" \/>\n<meta property=\"og:site_name\" content=\"anivet.lt\" \/>\n<meta property=\"article:modified_time\" content=\"2026-04-21T08:26:38+00:00\" \/>\n<meta property=\"og:image\" content=\"https:\/\/anivet.lt\/elparduotuve\/wp-content\/uploads\/2024\/07\/BARKING-HEADS-Hair-Necessities-Salmon-12kg.jpg\" \/>\n\t<meta property=\"og:image:width\" content=\"800\" \/>\n\t<meta property=\"og:image:height\" content=\"800\" \/>\n\t<meta property=\"og:image:type\" content=\"image\/jpeg\" \/>\n<meta name=\"twitter:card\" content=\"summary_large_image\" \/>\n<meta name=\"twitter:label1\" content=\"Est. reading time\" \/>\n\t<meta name=\"twitter:data1\" content=\"1 minut\u0117\" \/>\n<script type=\"application\/ld+json\" class=\"yoast-schema-graph\">{\"@context\":\"https:\\\/\\\/schema.org\",\"@graph\":[{\"@type\":\"WebPage\",\"@id\":\"https:\\\/\\\/anivet.lt\\\/elparduotuve\\\/produktas\\\/barking-heads-hair-necessities-salmon-sunims-su-lasisa-12kg\\\/\",\"url\":\"https:\\\/\\\/anivet.lt\\\/elparduotuve\\\/produktas\\\/barking-heads-hair-necessities-salmon-sunims-su-lasisa-12kg\\\/\",\"name\":\"BARKING HEADS Hair Necessities Salmon \u0160unims su La\u0161i\u0161a 12kg - anivet.lt\",\"isPartOf\":{\"@id\":\"https:\\\/\\\/anivet.lt\\\/elparduotuve\\\/#website\"},\"primaryImageOfPage\":{\"@id\":\"https:\\\/\\\/anivet.lt\\\/elparduotuve\\\/produktas\\\/barking-heads-hair-necessities-salmon-sunims-su-lasisa-12kg\\\/#primaryimage\"},\"image\":{\"@id\":\"https:\\\/\\\/anivet.lt\\\/elparduotuve\\\/produktas\\\/barking-heads-hair-necessities-salmon-sunims-su-lasisa-12kg\\\/#primaryimage\"},\"thumbnailUrl\":\"https:\\\/\\\/anivet.lt\\\/elparduotuve\\\/wp-content\\\/uploads\\\/2024\\\/07\\\/BARKING-HEADS-Hair-Necessities-Salmon-12kg.jpg\",\"datePublished\":\"2024-07-18T20:24:57+00:00\",\"dateModified\":\"2026-04-21T08:26:38+00:00\",\"description\":\"\u0160is visavertis pa\u0161aras yra puikus pasirinkimas suaugusiems \u0161unims, norintiems palaikyti sveik\u0105 od\u0105, \u017evilgant\u012f kail\u012f ir ger\u0105 s\u0105nari\u0173 b\u016bkl\u0119. Pagamintas i\u0161 100% nat\u016bralios la\u0161i\u0161os ir auk\u0161tos kokyb\u0117s dar\u017eovi\u0173, jis tinka ir jautr\u0173 vir\u0161kinim\u0105 turintiems augintiniams.\",\"breadcrumb\":{\"@id\":\"https:\\\/\\\/anivet.lt\\\/elparduotuve\\\/produktas\\\/barking-heads-hair-necessities-salmon-sunims-su-lasisa-12kg\\\/#breadcrumb\"},\"inLanguage\":\"lt-LT\",\"potentialAction\":[{\"@type\":\"ReadAction\",\"target\":[\"https:\\\/\\\/anivet.lt\\\/elparduotuve\\\/produktas\\\/barking-heads-hair-necessities-salmon-sunims-su-lasisa-12kg\\\/\"]}]},{\"@type\":\"ImageObject\",\"inLanguage\":\"lt-LT\",\"@id\":\"https:\\\/\\\/anivet.lt\\\/elparduotuve\\\/produktas\\\/barking-heads-hair-necessities-salmon-sunims-su-lasisa-12kg\\\/#primaryimage\",\"url\":\"https:\\\/\\\/anivet.lt\\\/elparduotuve\\\/wp-content\\\/uploads\\\/2024\\\/07\\\/BARKING-HEADS-Hair-Necessities-Salmon-12kg.jpg\",\"contentUrl\":\"https:\\\/\\\/anivet.lt\\\/elparduotuve\\\/wp-content\\\/uploads\\\/2024\\\/07\\\/BARKING-HEADS-Hair-Necessities-Salmon-12kg.jpg\",\"width\":800,\"height\":800,\"caption\":\"BARKING HEADS Hair Necessities Salmon \u0160unims su La\u0161i\u0161a 12kg\"},{\"@type\":\"BreadcrumbList\",\"@id\":\"https:\\\/\\\/anivet.lt\\\/elparduotuve\\\/produktas\\\/barking-heads-hair-necessities-salmon-sunims-su-lasisa-12kg\\\/#breadcrumb\",\"itemListElement\":[{\"@type\":\"ListItem\",\"position\":1,\"name\":\"Home\",\"item\":\"https:\\\/\\\/anivet.lt\\\/elparduotuve\\\/\"},{\"@type\":\"ListItem\",\"position\":2,\"name\":\"Produktai\",\"item\":\"https:\\\/\\\/anivet.lt\\\/elparduotuve\\\/produktai\\\/\"},{\"@type\":\"ListItem\",\"position\":3,\"name\":\"BARKING HEADS Hair Necessities Salmon \u0160unims su La\u0161i\u0161a 12kg\"}]},{\"@type\":\"WebSite\",\"@id\":\"https:\\\/\\\/anivet.lt\\\/elparduotuve\\\/#website\",\"url\":\"https:\\\/\\\/anivet.lt\\\/elparduotuve\\\/\",\"name\":\"anivet.lt\",\"description\":\"Viskas J\u016bs\u0173 \u0161uns, kat\u0117s prie\u017ei\u016brai\",\"publisher\":{\"@id\":\"https:\\\/\\\/anivet.lt\\\/elparduotuve\\\/#organization\"},\"alternateName\":\"Viskas J\u016bs\u0173 \u0161uns, kat\u0117s prie\u017ei\u016brai\",\"potentialAction\":[{\"@type\":\"SearchAction\",\"target\":{\"@type\":\"EntryPoint\",\"urlTemplate\":\"https:\\\/\\\/anivet.lt\\\/elparduotuve\\\/?s={search_term_string}\"},\"query-input\":{\"@type\":\"PropertyValueSpecification\",\"valueRequired\":true,\"valueName\":\"search_term_string\"}}],\"inLanguage\":\"lt-LT\"},{\"@type\":\"Organization\",\"@id\":\"https:\\\/\\\/anivet.lt\\\/elparduotuve\\\/#organization\",\"name\":\"Viskas J\u016bs\u0173 \u0161uns, kat\u0117s prie\u017ei\u016brai\",\"url\":\"https:\\\/\\\/anivet.lt\\\/elparduotuve\\\/\",\"logo\":{\"@type\":\"ImageObject\",\"inLanguage\":\"lt-LT\",\"@id\":\"https:\\\/\\\/anivet.lt\\\/elparduotuve\\\/#\\\/schema\\\/logo\\\/image\\\/\",\"url\":\"https:\\\/\\\/anivet.lt\\\/elparduotuve\\\/wp-content\\\/uploads\\\/2023\\\/06\\\/logo2.jpg\",\"contentUrl\":\"https:\\\/\\\/anivet.lt\\\/elparduotuve\\\/wp-content\\\/uploads\\\/2023\\\/06\\\/logo2.jpg\",\"width\":655,\"height\":194,\"caption\":\"Viskas J\u016bs\u0173 \u0161uns, kat\u0117s prie\u017ei\u016brai\"},\"image\":{\"@id\":\"https:\\\/\\\/anivet.lt\\\/elparduotuve\\\/#\\\/schema\\\/logo\\\/image\\\/\"}}]}<\/script>\n<!-- \/ Yoast SEO Premium plugin. -->","yoast_head_json":{"title":"BARKING HEADS Hair Necessities Salmon \u0160unims su La\u0161i\u0161a 12kg - anivet.lt","description":"\u0160is visavertis pa\u0161aras yra puikus pasirinkimas suaugusiems \u0161unims, norintiems palaikyti sveik\u0105 od\u0105, \u017evilgant\u012f kail\u012f ir ger\u0105 s\u0105nari\u0173 b\u016bkl\u0119. Pagamintas i\u0161 100% nat\u016bralios la\u0161i\u0161os ir auk\u0161tos kokyb\u0117s dar\u017eovi\u0173, jis tinka ir jautr\u0173 vir\u0161kinim\u0105 turintiems augintiniams.","robots":{"index":"index","follow":"follow","max-snippet":"max-snippet:-1","max-image-preview":"max-image-preview:large","max-video-preview":"max-video-preview:-1"},"canonical":"https:\/\/anivet.lt\/elparduotuve\/produktas\/barking-heads-hair-necessities-salmon-sunims-su-lasisa-12kg\/","og_locale":"lt_LT","og_type":"article","og_title":"BARKING HEADS Hair Necessities Salmon \u0160unims su La\u0161i\u0161a 12kg","og_description":"\u0160is visavertis pa\u0161aras yra puikus pasirinkimas suaugusiems \u0161unims, norintiems palaikyti sveik\u0105 od\u0105, \u017evilgant\u012f kail\u012f ir ger\u0105 s\u0105nari\u0173 b\u016bkl\u0119. Pagamintas i\u0161 100% nat\u016bralios la\u0161i\u0161os ir auk\u0161tos kokyb\u0117s dar\u017eovi\u0173, jis tinka ir jautr\u0173 vir\u0161kinim\u0105 turintiems augintiniams.","og_url":"https:\/\/anivet.lt\/elparduotuve\/produktas\/barking-heads-hair-necessities-salmon-sunims-su-lasisa-12kg\/","og_site_name":"anivet.lt","article_modified_time":"2026-04-21T08:26:38+00:00","og_image":[{"width":800,"height":800,"url":"https:\/\/anivet.lt\/elparduotuve\/wp-content\/uploads\/2024\/07\/BARKING-HEADS-Hair-Necessities-Salmon-12kg.jpg","type":"image\/jpeg"}],"twitter_card":"summary_large_image","twitter_misc":{"Est. reading time":"1 minut\u0117"},"schema":{"@context":"https:\/\/schema.org","@graph":[{"@type":"WebPage","@id":"https:\/\/anivet.lt\/elparduotuve\/produktas\/barking-heads-hair-necessities-salmon-sunims-su-lasisa-12kg\/","url":"https:\/\/anivet.lt\/elparduotuve\/produktas\/barking-heads-hair-necessities-salmon-sunims-su-lasisa-12kg\/","name":"BARKING HEADS Hair Necessities Salmon \u0160unims su La\u0161i\u0161a 12kg - anivet.lt","isPartOf":{"@id":"https:\/\/anivet.lt\/elparduotuve\/#website"},"primaryImageOfPage":{"@id":"https:\/\/anivet.lt\/elparduotuve\/produktas\/barking-heads-hair-necessities-salmon-sunims-su-lasisa-12kg\/#primaryimage"},"image":{"@id":"https:\/\/anivet.lt\/elparduotuve\/produktas\/barking-heads-hair-necessities-salmon-sunims-su-lasisa-12kg\/#primaryimage"},"thumbnailUrl":"https:\/\/anivet.lt\/elparduotuve\/wp-content\/uploads\/2024\/07\/BARKING-HEADS-Hair-Necessities-Salmon-12kg.jpg","datePublished":"2024-07-18T20:24:57+00:00","dateModified":"2026-04-21T08:26:38+00:00","description":"\u0160is visavertis pa\u0161aras yra puikus pasirinkimas suaugusiems \u0161unims, norintiems palaikyti sveik\u0105 od\u0105, \u017evilgant\u012f kail\u012f ir ger\u0105 s\u0105nari\u0173 b\u016bkl\u0119. Pagamintas i\u0161 100% nat\u016bralios la\u0161i\u0161os ir auk\u0161tos kokyb\u0117s dar\u017eovi\u0173, jis tinka ir jautr\u0173 vir\u0161kinim\u0105 turintiems augintiniams.","breadcrumb":{"@id":"https:\/\/anivet.lt\/elparduotuve\/produktas\/barking-heads-hair-necessities-salmon-sunims-su-lasisa-12kg\/#breadcrumb"},"inLanguage":"lt-LT","potentialAction":[{"@type":"ReadAction","target":["https:\/\/anivet.lt\/elparduotuve\/produktas\/barking-heads-hair-necessities-salmon-sunims-su-lasisa-12kg\/"]}]},{"@type":"ImageObject","inLanguage":"lt-LT","@id":"https:\/\/anivet.lt\/elparduotuve\/produktas\/barking-heads-hair-necessities-salmon-sunims-su-lasisa-12kg\/#primaryimage","url":"https:\/\/anivet.lt\/elparduotuve\/wp-content\/uploads\/2024\/07\/BARKING-HEADS-Hair-Necessities-Salmon-12kg.jpg","contentUrl":"https:\/\/anivet.lt\/elparduotuve\/wp-content\/uploads\/2024\/07\/BARKING-HEADS-Hair-Necessities-Salmon-12kg.jpg","width":800,"height":800,"caption":"BARKING HEADS Hair Necessities Salmon \u0160unims su La\u0161i\u0161a 12kg"},{"@type":"BreadcrumbList","@id":"https:\/\/anivet.lt\/elparduotuve\/produktas\/barking-heads-hair-necessities-salmon-sunims-su-lasisa-12kg\/#breadcrumb","itemListElement":[{"@type":"ListItem","position":1,"name":"Home","item":"https:\/\/anivet.lt\/elparduotuve\/"},{"@type":"ListItem","position":2,"name":"Produktai","item":"https:\/\/anivet.lt\/elparduotuve\/produktai\/"},{"@type":"ListItem","position":3,"name":"BARKING HEADS Hair Necessities Salmon \u0160unims su La\u0161i\u0161a 12kg"}]},{"@type":"WebSite","@id":"https:\/\/anivet.lt\/elparduotuve\/#website","url":"https:\/\/anivet.lt\/elparduotuve\/","name":"anivet.lt","description":"Viskas J\u016bs\u0173 \u0161uns, kat\u0117s prie\u017ei\u016brai","publisher":{"@id":"https:\/\/anivet.lt\/elparduotuve\/#organization"},"alternateName":"Viskas J\u016bs\u0173 \u0161uns, kat\u0117s prie\u017ei\u016brai","potentialAction":[{"@type":"SearchAction","target":{"@type":"EntryPoint","urlTemplate":"https:\/\/anivet.lt\/elparduotuve\/?s={search_term_string}"},"query-input":{"@type":"PropertyValueSpecification","valueRequired":true,"valueName":"search_term_string"}}],"inLanguage":"lt-LT"},{"@type":"Organization","@id":"https:\/\/anivet.lt\/elparduotuve\/#organization","name":"Viskas J\u016bs\u0173 \u0161uns, kat\u0117s prie\u017ei\u016brai","url":"https:\/\/anivet.lt\/elparduotuve\/","logo":{"@type":"ImageObject","inLanguage":"lt-LT","@id":"https:\/\/anivet.lt\/elparduotuve\/#\/schema\/logo\/image\/","url":"https:\/\/anivet.lt\/elparduotuve\/wp-content\/uploads\/2023\/06\/logo2.jpg","contentUrl":"https:\/\/anivet.lt\/elparduotuve\/wp-content\/uploads\/2023\/06\/logo2.jpg","width":655,"height":194,"caption":"Viskas J\u016bs\u0173 \u0161uns, kat\u0117s prie\u017ei\u016brai"},"image":{"@id":"https:\/\/anivet.lt\/elparduotuve\/#\/schema\/logo\/image\/"}}]}},"_links":{"self":[{"href":"https:\/\/anivet.lt\/elparduotuve\/wp-json\/wp\/v2\/product\/14277","targetHints":{"allow":["GET"]}}],"collection":[{"href":"https:\/\/anivet.lt\/elparduotuve\/wp-json\/wp\/v2\/product"}],"about":[{"href":"https:\/\/anivet.lt\/elparduotuve\/wp-json\/wp\/v2\/types\/product"}],"wp:featuredmedia":[{"embeddable":true,"href":"https:\/\/anivet.lt\/elparduotuve\/wp-json\/wp\/v2\/media\/14278"}],"wp:attachment":[{"href":"https:\/\/anivet.lt\/elparduotuve\/wp-json\/wp\/v2\/media?parent=14277"}],"wp:term":[{"taxonomy":"product_brand","embeddable":true,"href":"https:\/\/anivet.lt\/elparduotuve\/wp-json\/wp\/v2\/product_brand?post=14277"},{"taxonomy":"product_cat","embeddable":true,"href":"https:\/\/anivet.lt\/elparduotuve\/wp-json\/wp\/v2\/product_cat?post=14277"},{"taxonomy":"product_tag","embeddable":true,"href":"https:\/\/anivet.lt\/elparduotuve\/wp-json\/wp\/v2\/product_tag?post=14277"}],"curies":[{"name":"wp","href":"https:\/\/api.w.org\/{rel}","templated":true}]}}