{"id":14401,"date":"2024-08-25T12:53:45","date_gmt":"2024-08-25T12:53:45","guid":{"rendered":"https:\/\/anivet.lt\/elparduotuve\/?post_type=product&#038;p=14401"},"modified":"2025-12-09T21:08:46","modified_gmt":"2025-12-09T21:08:46","slug":"reavet-omega-3-lasisu-aliejus-sunims-ir-katems","status":"publish","type":"product","link":"https:\/\/anivet.lt\/elparduotuve\/produktas\/reavet-omega-3-lasisu-aliejus-sunims-ir-katems\/","title":{"rendered":"Reavet omega-3 la\u0161i\u0161\u0173 aliejus \u0161unims ir kat\u0117ms"},"content":{"rendered":"<ul>\n<li><span style=\"font-weight: 400;\">S\u0105nari\u0173 sveikata: Padeda palaikyti normalias s\u0105nari\u0173 funkcijas ir judrum\u0105.<\/span><\/li>\n<li style=\"font-weight: 400;\"><span style=\"font-weight: 400;\">Oda ir kailis: Skatina sveik\u0105 od\u0105 ir blizgant\u012f kail\u012f, ma\u017eina sausum\u0105 ir pleiskanas.<\/span><\/li>\n<li style=\"font-weight: 400;\"><span style=\"font-weight: 400;\">\u0160irdies ir kraujotakos sistema: Palaiko normalias \u0161irdies ir kraujagysli\u0173 funkcijas.<\/span><\/li>\n<li style=\"font-weight: 400;\"><span style=\"font-weight: 400;\">Nat\u016brali sud\u0117tis: Be GMO, chemini\u0173 pried\u0173, sunki\u0173j\u0173 metal\u0173 ir pesticid\u0173.<\/span><\/li>\n<li style=\"font-weight: 400;\"><span style=\"font-weight: 400;\">Ma\u017eas oksidacijos TOTOX balas (3\u20135): U\u017etikrina auk\u0161t\u0105 aliejaus kokyb\u0119 ir \u0161vie\u017eum\u0105.<\/span><\/li>\n<\/ul>\n<p><span style=\"font-weight: 400;\">\u201eReavet Omega-3\u201c la\u0161i\u0161\u0173 aliejus yra idealus papildas kasdieniam naudojimui, siekiant u\u017etikrinti j\u016bs\u0173 augintinio bendr\u0105 sveikat\u0105. Jis yra \u0161velnaus skonio ir kvapo, tod\u0117l lengvai priimtinas tiek \u0161unims, tiek kat\u0117ms, u\u017etikrinant efektyv\u0173 ir nat\u016bral\u0173 b\u016bd\u0105 palaikyti j\u0173 gerov\u0119.<\/span><\/p>\n","protected":false},"excerpt":{"rendered":"<p><span style=\"font-weight: 400;\">Auk\u0161\u010diausios kokyb\u0117s la\u0161i\u0161\u0173 aliejus yra puikus maisto papildas \u0161unims ir kat\u0117ms, praturtintas dideliu omega-3 riebal\u0173 r\u016bg\u0161\u010di\u0173 kiekiu. \u0160is aliejus ne tik palaiko sveik\u0105 od\u0105 ir kail\u012f, bet ir prisideda prie s\u0105nari\u0173, \u0161irdies ir kraujotakos sistemos sveikatos.<\/span><\/p>\n","protected":false},"featured_media":14402,"template":"","meta":[],"product_brand":[],"product_cat":[101,102,113,124],"product_tag":[],"class_list":{"0":"post-14401","1":"product","2":"type-product","3":"status-publish","4":"has-post-thumbnail","6":"product_cat-sunims","7":"product_cat-katems","8":"product_cat-vitaminai-ir-papildai","9":"product_cat-vitaminai-ir-papildai-katems","10":"pa_prekinis-zenklas-reavet","12":"first","13":"instock","14":"taxable","15":"shipping-taxable","16":"purchasable","17":"product-type-variable"},"yoast_head":"<!-- This site is optimized with the Yoast SEO Premium plugin v27.1 (Yoast SEO v27.5) - https:\/\/yoast.com\/product\/yoast-seo-premium-wordpress\/ -->\n<title>Reavet omega-3 la\u0161i\u0161\u0173 aliejus \u0161unims ir kat\u0117ms - anivet.lt<\/title>\n<meta name=\"description\" content=\"Auk\u0161\u010diausios kokyb\u0117s la\u0161i\u0161\u0173 aliejus yra puikus maisto papildas \u0161unims ir kat\u0117ms, praturtintas dideliu omega-3 riebal\u0173 r\u016bg\u0161\u010di\u0173 kiekiu. \u0160is aliejus ne tik palaiko sveik\u0105 od\u0105 ir kail\u012f, bet ir prisideda prie s\u0105nari\u0173, \u0161irdies ir kraujotakos sistemos sveikatos.\" \/>\n<meta name=\"robots\" content=\"index, follow, max-snippet:-1, max-image-preview:large, max-video-preview:-1\" \/>\n<link rel=\"canonical\" href=\"https:\/\/anivet.lt\/elparduotuve\/produktas\/reavet-omega-3-lasisu-aliejus-sunims-ir-katems\/\" \/>\n<meta property=\"og:locale\" content=\"lt_LT\" \/>\n<meta property=\"og:type\" content=\"article\" \/>\n<meta property=\"og:title\" content=\"Reavet omega-3 la\u0161i\u0161\u0173 aliejus \u0161unims ir kat\u0117ms\" \/>\n<meta property=\"og:description\" content=\"Auk\u0161\u010diausios kokyb\u0117s la\u0161i\u0161\u0173 aliejus yra puikus maisto papildas \u0161unims ir kat\u0117ms, praturtintas dideliu omega-3 riebal\u0173 r\u016bg\u0161\u010di\u0173 kiekiu. \u0160is aliejus ne tik palaiko sveik\u0105 od\u0105 ir kail\u012f, bet ir prisideda prie s\u0105nari\u0173, \u0161irdies ir kraujotakos sistemos sveikatos.\" \/>\n<meta property=\"og:url\" content=\"https:\/\/anivet.lt\/elparduotuve\/produktas\/reavet-omega-3-lasisu-aliejus-sunims-ir-katems\/\" \/>\n<meta property=\"og:site_name\" content=\"anivet.lt\" \/>\n<meta property=\"article:modified_time\" content=\"2025-12-09T21:08:46+00:00\" \/>\n<meta property=\"og:image\" content=\"https:\/\/anivet.lt\/elparduotuve\/wp-content\/uploads\/2024\/08\/Omega-3_Lachsol.jpg\" \/>\n\t<meta property=\"og:image:width\" content=\"600\" \/>\n\t<meta property=\"og:image:height\" content=\"600\" \/>\n\t<meta property=\"og:image:type\" content=\"image\/jpeg\" \/>\n<meta name=\"twitter:card\" content=\"summary_large_image\" \/>\n<meta name=\"twitter:label1\" content=\"Est. reading time\" \/>\n\t<meta name=\"twitter:data1\" content=\"1 minut\u0117\" \/>\n<script type=\"application\/ld+json\" class=\"yoast-schema-graph\">{\"@context\":\"https:\\\/\\\/schema.org\",\"@graph\":[{\"@type\":\"WebPage\",\"@id\":\"https:\\\/\\\/anivet.lt\\\/elparduotuve\\\/produktas\\\/reavet-omega-3-lasisu-aliejus-sunims-ir-katems\\\/\",\"url\":\"https:\\\/\\\/anivet.lt\\\/elparduotuve\\\/produktas\\\/reavet-omega-3-lasisu-aliejus-sunims-ir-katems\\\/\",\"name\":\"Reavet omega-3 la\u0161i\u0161\u0173 aliejus \u0161unims ir kat\u0117ms - anivet.lt\",\"isPartOf\":{\"@id\":\"https:\\\/\\\/anivet.lt\\\/elparduotuve\\\/#website\"},\"primaryImageOfPage\":{\"@id\":\"https:\\\/\\\/anivet.lt\\\/elparduotuve\\\/produktas\\\/reavet-omega-3-lasisu-aliejus-sunims-ir-katems\\\/#primaryimage\"},\"image\":{\"@id\":\"https:\\\/\\\/anivet.lt\\\/elparduotuve\\\/produktas\\\/reavet-omega-3-lasisu-aliejus-sunims-ir-katems\\\/#primaryimage\"},\"thumbnailUrl\":\"https:\\\/\\\/anivet.lt\\\/elparduotuve\\\/wp-content\\\/uploads\\\/2024\\\/08\\\/Omega-3_Lachsol.jpg\",\"datePublished\":\"2024-08-25T12:53:45+00:00\",\"dateModified\":\"2025-12-09T21:08:46+00:00\",\"description\":\"Auk\u0161\u010diausios kokyb\u0117s la\u0161i\u0161\u0173 aliejus yra puikus maisto papildas \u0161unims ir kat\u0117ms, praturtintas dideliu omega-3 riebal\u0173 r\u016bg\u0161\u010di\u0173 kiekiu. \u0160is aliejus ne tik palaiko sveik\u0105 od\u0105 ir kail\u012f, bet ir prisideda prie s\u0105nari\u0173, \u0161irdies ir kraujotakos sistemos sveikatos.\",\"breadcrumb\":{\"@id\":\"https:\\\/\\\/anivet.lt\\\/elparduotuve\\\/produktas\\\/reavet-omega-3-lasisu-aliejus-sunims-ir-katems\\\/#breadcrumb\"},\"inLanguage\":\"lt-LT\",\"potentialAction\":[{\"@type\":\"ReadAction\",\"target\":[\"https:\\\/\\\/anivet.lt\\\/elparduotuve\\\/produktas\\\/reavet-omega-3-lasisu-aliejus-sunims-ir-katems\\\/\"]}]},{\"@type\":\"ImageObject\",\"inLanguage\":\"lt-LT\",\"@id\":\"https:\\\/\\\/anivet.lt\\\/elparduotuve\\\/produktas\\\/reavet-omega-3-lasisu-aliejus-sunims-ir-katems\\\/#primaryimage\",\"url\":\"https:\\\/\\\/anivet.lt\\\/elparduotuve\\\/wp-content\\\/uploads\\\/2024\\\/08\\\/Omega-3_Lachsol.jpg\",\"contentUrl\":\"https:\\\/\\\/anivet.lt\\\/elparduotuve\\\/wp-content\\\/uploads\\\/2024\\\/08\\\/Omega-3_Lachsol.jpg\",\"width\":600,\"height\":600,\"caption\":\"Reavet omega-3 la\u0161i\u0161\u0173 aliejus \u0161unims ir kat\u0117ms\"},{\"@type\":\"BreadcrumbList\",\"@id\":\"https:\\\/\\\/anivet.lt\\\/elparduotuve\\\/produktas\\\/reavet-omega-3-lasisu-aliejus-sunims-ir-katems\\\/#breadcrumb\",\"itemListElement\":[{\"@type\":\"ListItem\",\"position\":1,\"name\":\"Home\",\"item\":\"https:\\\/\\\/anivet.lt\\\/elparduotuve\\\/\"},{\"@type\":\"ListItem\",\"position\":2,\"name\":\"Produktai\",\"item\":\"https:\\\/\\\/anivet.lt\\\/elparduotuve\\\/produktai\\\/\"},{\"@type\":\"ListItem\",\"position\":3,\"name\":\"Reavet omega-3 la\u0161i\u0161\u0173 aliejus \u0161unims ir kat\u0117ms\"}]},{\"@type\":\"WebSite\",\"@id\":\"https:\\\/\\\/anivet.lt\\\/elparduotuve\\\/#website\",\"url\":\"https:\\\/\\\/anivet.lt\\\/elparduotuve\\\/\",\"name\":\"anivet.lt\",\"description\":\"Viskas J\u016bs\u0173 \u0161uns, kat\u0117s prie\u017ei\u016brai\",\"publisher\":{\"@id\":\"https:\\\/\\\/anivet.lt\\\/elparduotuve\\\/#organization\"},\"alternateName\":\"Viskas J\u016bs\u0173 \u0161uns, kat\u0117s prie\u017ei\u016brai\",\"potentialAction\":[{\"@type\":\"SearchAction\",\"target\":{\"@type\":\"EntryPoint\",\"urlTemplate\":\"https:\\\/\\\/anivet.lt\\\/elparduotuve\\\/?s={search_term_string}\"},\"query-input\":{\"@type\":\"PropertyValueSpecification\",\"valueRequired\":true,\"valueName\":\"search_term_string\"}}],\"inLanguage\":\"lt-LT\"},{\"@type\":\"Organization\",\"@id\":\"https:\\\/\\\/anivet.lt\\\/elparduotuve\\\/#organization\",\"name\":\"Viskas J\u016bs\u0173 \u0161uns, kat\u0117s prie\u017ei\u016brai\",\"url\":\"https:\\\/\\\/anivet.lt\\\/elparduotuve\\\/\",\"logo\":{\"@type\":\"ImageObject\",\"inLanguage\":\"lt-LT\",\"@id\":\"https:\\\/\\\/anivet.lt\\\/elparduotuve\\\/#\\\/schema\\\/logo\\\/image\\\/\",\"url\":\"https:\\\/\\\/anivet.lt\\\/elparduotuve\\\/wp-content\\\/uploads\\\/2023\\\/06\\\/logo2.jpg\",\"contentUrl\":\"https:\\\/\\\/anivet.lt\\\/elparduotuve\\\/wp-content\\\/uploads\\\/2023\\\/06\\\/logo2.jpg\",\"width\":655,\"height\":194,\"caption\":\"Viskas J\u016bs\u0173 \u0161uns, kat\u0117s prie\u017ei\u016brai\"},\"image\":{\"@id\":\"https:\\\/\\\/anivet.lt\\\/elparduotuve\\\/#\\\/schema\\\/logo\\\/image\\\/\"}}]}<\/script>\n<!-- \/ Yoast SEO Premium plugin. -->","yoast_head_json":{"title":"Reavet omega-3 la\u0161i\u0161\u0173 aliejus \u0161unims ir kat\u0117ms - anivet.lt","description":"Auk\u0161\u010diausios kokyb\u0117s la\u0161i\u0161\u0173 aliejus yra puikus maisto papildas \u0161unims ir kat\u0117ms, praturtintas dideliu omega-3 riebal\u0173 r\u016bg\u0161\u010di\u0173 kiekiu. \u0160is aliejus ne tik palaiko sveik\u0105 od\u0105 ir kail\u012f, bet ir prisideda prie s\u0105nari\u0173, \u0161irdies ir kraujotakos sistemos sveikatos.","robots":{"index":"index","follow":"follow","max-snippet":"max-snippet:-1","max-image-preview":"max-image-preview:large","max-video-preview":"max-video-preview:-1"},"canonical":"https:\/\/anivet.lt\/elparduotuve\/produktas\/reavet-omega-3-lasisu-aliejus-sunims-ir-katems\/","og_locale":"lt_LT","og_type":"article","og_title":"Reavet omega-3 la\u0161i\u0161\u0173 aliejus \u0161unims ir kat\u0117ms","og_description":"Auk\u0161\u010diausios kokyb\u0117s la\u0161i\u0161\u0173 aliejus yra puikus maisto papildas \u0161unims ir kat\u0117ms, praturtintas dideliu omega-3 riebal\u0173 r\u016bg\u0161\u010di\u0173 kiekiu. \u0160is aliejus ne tik palaiko sveik\u0105 od\u0105 ir kail\u012f, bet ir prisideda prie s\u0105nari\u0173, \u0161irdies ir kraujotakos sistemos sveikatos.","og_url":"https:\/\/anivet.lt\/elparduotuve\/produktas\/reavet-omega-3-lasisu-aliejus-sunims-ir-katems\/","og_site_name":"anivet.lt","article_modified_time":"2025-12-09T21:08:46+00:00","og_image":[{"width":600,"height":600,"url":"https:\/\/anivet.lt\/elparduotuve\/wp-content\/uploads\/2024\/08\/Omega-3_Lachsol.jpg","type":"image\/jpeg"}],"twitter_card":"summary_large_image","twitter_misc":{"Est. reading time":"1 minut\u0117"},"schema":{"@context":"https:\/\/schema.org","@graph":[{"@type":"WebPage","@id":"https:\/\/anivet.lt\/elparduotuve\/produktas\/reavet-omega-3-lasisu-aliejus-sunims-ir-katems\/","url":"https:\/\/anivet.lt\/elparduotuve\/produktas\/reavet-omega-3-lasisu-aliejus-sunims-ir-katems\/","name":"Reavet omega-3 la\u0161i\u0161\u0173 aliejus \u0161unims ir kat\u0117ms - anivet.lt","isPartOf":{"@id":"https:\/\/anivet.lt\/elparduotuve\/#website"},"primaryImageOfPage":{"@id":"https:\/\/anivet.lt\/elparduotuve\/produktas\/reavet-omega-3-lasisu-aliejus-sunims-ir-katems\/#primaryimage"},"image":{"@id":"https:\/\/anivet.lt\/elparduotuve\/produktas\/reavet-omega-3-lasisu-aliejus-sunims-ir-katems\/#primaryimage"},"thumbnailUrl":"https:\/\/anivet.lt\/elparduotuve\/wp-content\/uploads\/2024\/08\/Omega-3_Lachsol.jpg","datePublished":"2024-08-25T12:53:45+00:00","dateModified":"2025-12-09T21:08:46+00:00","description":"Auk\u0161\u010diausios kokyb\u0117s la\u0161i\u0161\u0173 aliejus yra puikus maisto papildas \u0161unims ir kat\u0117ms, praturtintas dideliu omega-3 riebal\u0173 r\u016bg\u0161\u010di\u0173 kiekiu. \u0160is aliejus ne tik palaiko sveik\u0105 od\u0105 ir kail\u012f, bet ir prisideda prie s\u0105nari\u0173, \u0161irdies ir kraujotakos sistemos sveikatos.","breadcrumb":{"@id":"https:\/\/anivet.lt\/elparduotuve\/produktas\/reavet-omega-3-lasisu-aliejus-sunims-ir-katems\/#breadcrumb"},"inLanguage":"lt-LT","potentialAction":[{"@type":"ReadAction","target":["https:\/\/anivet.lt\/elparduotuve\/produktas\/reavet-omega-3-lasisu-aliejus-sunims-ir-katems\/"]}]},{"@type":"ImageObject","inLanguage":"lt-LT","@id":"https:\/\/anivet.lt\/elparduotuve\/produktas\/reavet-omega-3-lasisu-aliejus-sunims-ir-katems\/#primaryimage","url":"https:\/\/anivet.lt\/elparduotuve\/wp-content\/uploads\/2024\/08\/Omega-3_Lachsol.jpg","contentUrl":"https:\/\/anivet.lt\/elparduotuve\/wp-content\/uploads\/2024\/08\/Omega-3_Lachsol.jpg","width":600,"height":600,"caption":"Reavet omega-3 la\u0161i\u0161\u0173 aliejus \u0161unims ir kat\u0117ms"},{"@type":"BreadcrumbList","@id":"https:\/\/anivet.lt\/elparduotuve\/produktas\/reavet-omega-3-lasisu-aliejus-sunims-ir-katems\/#breadcrumb","itemListElement":[{"@type":"ListItem","position":1,"name":"Home","item":"https:\/\/anivet.lt\/elparduotuve\/"},{"@type":"ListItem","position":2,"name":"Produktai","item":"https:\/\/anivet.lt\/elparduotuve\/produktai\/"},{"@type":"ListItem","position":3,"name":"Reavet omega-3 la\u0161i\u0161\u0173 aliejus \u0161unims ir kat\u0117ms"}]},{"@type":"WebSite","@id":"https:\/\/anivet.lt\/elparduotuve\/#website","url":"https:\/\/anivet.lt\/elparduotuve\/","name":"anivet.lt","description":"Viskas J\u016bs\u0173 \u0161uns, kat\u0117s prie\u017ei\u016brai","publisher":{"@id":"https:\/\/anivet.lt\/elparduotuve\/#organization"},"alternateName":"Viskas J\u016bs\u0173 \u0161uns, kat\u0117s prie\u017ei\u016brai","potentialAction":[{"@type":"SearchAction","target":{"@type":"EntryPoint","urlTemplate":"https:\/\/anivet.lt\/elparduotuve\/?s={search_term_string}"},"query-input":{"@type":"PropertyValueSpecification","valueRequired":true,"valueName":"search_term_string"}}],"inLanguage":"lt-LT"},{"@type":"Organization","@id":"https:\/\/anivet.lt\/elparduotuve\/#organization","name":"Viskas J\u016bs\u0173 \u0161uns, kat\u0117s prie\u017ei\u016brai","url":"https:\/\/anivet.lt\/elparduotuve\/","logo":{"@type":"ImageObject","inLanguage":"lt-LT","@id":"https:\/\/anivet.lt\/elparduotuve\/#\/schema\/logo\/image\/","url":"https:\/\/anivet.lt\/elparduotuve\/wp-content\/uploads\/2023\/06\/logo2.jpg","contentUrl":"https:\/\/anivet.lt\/elparduotuve\/wp-content\/uploads\/2023\/06\/logo2.jpg","width":655,"height":194,"caption":"Viskas J\u016bs\u0173 \u0161uns, kat\u0117s prie\u017ei\u016brai"},"image":{"@id":"https:\/\/anivet.lt\/elparduotuve\/#\/schema\/logo\/image\/"}}]}},"_links":{"self":[{"href":"https:\/\/anivet.lt\/elparduotuve\/wp-json\/wp\/v2\/product\/14401","targetHints":{"allow":["GET"]}}],"collection":[{"href":"https:\/\/anivet.lt\/elparduotuve\/wp-json\/wp\/v2\/product"}],"about":[{"href":"https:\/\/anivet.lt\/elparduotuve\/wp-json\/wp\/v2\/types\/product"}],"wp:featuredmedia":[{"embeddable":true,"href":"https:\/\/anivet.lt\/elparduotuve\/wp-json\/wp\/v2\/media\/14402"}],"wp:attachment":[{"href":"https:\/\/anivet.lt\/elparduotuve\/wp-json\/wp\/v2\/media?parent=14401"}],"wp:term":[{"taxonomy":"product_brand","embeddable":true,"href":"https:\/\/anivet.lt\/elparduotuve\/wp-json\/wp\/v2\/product_brand?post=14401"},{"taxonomy":"product_cat","embeddable":true,"href":"https:\/\/anivet.lt\/elparduotuve\/wp-json\/wp\/v2\/product_cat?post=14401"},{"taxonomy":"product_tag","embeddable":true,"href":"https:\/\/anivet.lt\/elparduotuve\/wp-json\/wp\/v2\/product_tag?post=14401"}],"curies":[{"name":"wp","href":"https:\/\/api.w.org\/{rel}","templated":true}]}}