{"id":14420,"date":"2024-08-27T06:39:48","date_gmt":"2024-08-27T06:39:48","guid":{"rendered":"https:\/\/anivet.lt\/elparduotuve\/?post_type=product&#038;p=14420"},"modified":"2025-12-09T21:04:23","modified_gmt":"2025-12-09T21:04:23","slug":"reavet-barf-premium-aliejus-sunims","status":"publish","type":"product","link":"https:\/\/anivet.lt\/elparduotuve\/produktas\/reavet-barf-premium-aliejus-sunims\/","title":{"rendered":"Reavet BARF premium aliejus \u0161unims"},"content":{"rendered":"<ul>\n<li style=\"font-weight: 400;\"><span style=\"font-weight: 400;\">Omega-3 ir Omega-6 riebal\u0173 r\u016bg\u0161tys: Palaiko sveik\u0105 l\u0105steli\u0173 metabolizm\u0105 ir stiprina imunin\u0119 sistem\u0105.<\/span><\/li>\n<li style=\"font-weight: 400;\"><span style=\"font-weight: 400;\">Subalansuotas aliej\u0173 mi\u0161inys: Lin\u0173 s\u0117men\u0173, kanapi\u0173, juod\u0173j\u0173 kmyn\u0173, tikrojo margainio ir la\u0161i\u0161\u0173 aliejai.<\/span><\/li>\n<li style=\"font-weight: 400;\"><span style=\"font-weight: 400;\">Sveikai odai ir kailiui: Padeda i\u0161laikyti nat\u016bral\u0173 odos dr\u0117gm\u0117s balans\u0105 ir blizgant\u012f kail\u012f.<\/span><\/li>\n<li style=\"font-weight: 400;\"><span style=\"font-weight: 400;\">Universalus naudojimas: Puikiai tinka BARF dietai, taip pat kaip priedas prie sauso ar \u0161lapio maisto.<\/span><\/li>\n<li style=\"font-weight: 400;\"><span style=\"font-weight: 400;\">Nat\u016bralus ir efektyvus: Sud\u0117tyje n\u0117ra chemini\u0173 pried\u0173 ar sintetini\u0173 ingredient\u0173.<\/span><\/li>\n<\/ul>\n<p><span style=\"font-weight: 400;\">Tai sveikas ir nat\u016bralus pasirinkimas, u\u017etikrinantis j\u016bs\u0173 augintinio visapusi\u0161k\u0105 gerov\u0119. Subalansuotas aliej\u0173 mi\u0161inys ne tik stiprina imunin\u0119 sistem\u0105, bet ir palaiko sveik\u0105 od\u0105 bei kail\u012f. \u0160is aliejus yra tinkamas kasdieniniam naudojimui su bet kokio tipo pa\u0161aru.<\/span><\/p>\n","protected":false},"excerpt":{"rendered":"<p><span style=\"font-weight: 400;\">Auk\u0161tos kokyb\u0117s maisto papildas, skirtas \u0161un\u0173 subalansuotai mitybai palaikyti. Penki\u0173 skirting\u0173 aliej\u0173 derinys suteikia augintiniui reikiam\u0173 maistini\u0173 med\u017eiag\u0173, padedan\u010di\u0173 palaikyti sveik\u0105 od\u0105, blizgant\u012f kail\u012f ir stipri\u0105 imunin\u0119 sistem\u0105.<\/span><\/p>\n","protected":false},"featured_media":14423,"template":"","meta":[],"product_brand":[],"product_cat":[101,113],"product_tag":[],"class_list":{"0":"post-14420","1":"product","2":"type-product","3":"status-publish","4":"has-post-thumbnail","6":"product_cat-sunims","7":"product_cat-vitaminai-ir-papildai","8":"pa_prekinis-zenklas-reavet","10":"first","11":"instock","12":"taxable","13":"shipping-taxable","14":"purchasable","15":"product-type-variable"},"yoast_head":"<!-- This site is optimized with the Yoast SEO Premium plugin v27.1 (Yoast SEO v27.5) - https:\/\/yoast.com\/product\/yoast-seo-premium-wordpress\/ -->\n<title>Reavet BARF premium aliejus \u0161unims - anivet.lt<\/title>\n<meta name=\"description\" content=\"Auk\u0161tos kokyb\u0117s maisto papildas, skirtas \u0161un\u0173 subalansuotai mitybai palaikyti. Penki\u0173 skirting\u0173 aliej\u0173 derinys suteikia augintiniui reikiam\u0173 maistini\u0173 med\u017eiag\u0173, padedan\u010di\u0173 palaikyti sveik\u0105 od\u0105, blizgant\u012f kail\u012f ir stipri\u0105 imunin\u0119 sistem\u0105.\" \/>\n<meta name=\"robots\" content=\"index, follow, max-snippet:-1, max-image-preview:large, max-video-preview:-1\" \/>\n<link rel=\"canonical\" href=\"https:\/\/anivet.lt\/elparduotuve\/produktas\/reavet-barf-premium-aliejus-sunims\/\" \/>\n<meta property=\"og:locale\" content=\"lt_LT\" \/>\n<meta property=\"og:type\" content=\"article\" \/>\n<meta property=\"og:title\" content=\"Reavet BARF premium aliejus \u0161unims\" \/>\n<meta property=\"og:description\" content=\"Auk\u0161tos kokyb\u0117s maisto papildas, skirtas \u0161un\u0173 subalansuotai mitybai palaikyti. Penki\u0173 skirting\u0173 aliej\u0173 derinys suteikia augintiniui reikiam\u0173 maistini\u0173 med\u017eiag\u0173, padedan\u010di\u0173 palaikyti sveik\u0105 od\u0105, blizgant\u012f kail\u012f ir stipri\u0105 imunin\u0119 sistem\u0105.\" \/>\n<meta property=\"og:url\" content=\"https:\/\/anivet.lt\/elparduotuve\/produktas\/reavet-barf-premium-aliejus-sunims\/\" \/>\n<meta property=\"og:site_name\" content=\"anivet.lt\" \/>\n<meta property=\"article:modified_time\" content=\"2025-12-09T21:04:23+00:00\" \/>\n<meta property=\"og:image\" content=\"https:\/\/anivet.lt\/elparduotuve\/wp-content\/uploads\/2024\/08\/premium-aliejus.jpg\" \/>\n\t<meta property=\"og:image:width\" content=\"1200\" \/>\n\t<meta property=\"og:image:height\" content=\"1200\" \/>\n\t<meta property=\"og:image:type\" content=\"image\/jpeg\" \/>\n<meta name=\"twitter:card\" content=\"summary_large_image\" \/>\n<meta name=\"twitter:label1\" content=\"Est. reading time\" \/>\n\t<meta name=\"twitter:data1\" content=\"1 minut\u0117\" \/>\n<script type=\"application\/ld+json\" class=\"yoast-schema-graph\">{\"@context\":\"https:\\\/\\\/schema.org\",\"@graph\":[{\"@type\":\"WebPage\",\"@id\":\"https:\\\/\\\/anivet.lt\\\/elparduotuve\\\/produktas\\\/reavet-barf-premium-aliejus-sunims\\\/\",\"url\":\"https:\\\/\\\/anivet.lt\\\/elparduotuve\\\/produktas\\\/reavet-barf-premium-aliejus-sunims\\\/\",\"name\":\"Reavet BARF premium aliejus \u0161unims - anivet.lt\",\"isPartOf\":{\"@id\":\"https:\\\/\\\/anivet.lt\\\/elparduotuve\\\/#website\"},\"primaryImageOfPage\":{\"@id\":\"https:\\\/\\\/anivet.lt\\\/elparduotuve\\\/produktas\\\/reavet-barf-premium-aliejus-sunims\\\/#primaryimage\"},\"image\":{\"@id\":\"https:\\\/\\\/anivet.lt\\\/elparduotuve\\\/produktas\\\/reavet-barf-premium-aliejus-sunims\\\/#primaryimage\"},\"thumbnailUrl\":\"https:\\\/\\\/anivet.lt\\\/elparduotuve\\\/wp-content\\\/uploads\\\/2024\\\/08\\\/premium-aliejus.jpg\",\"datePublished\":\"2024-08-27T06:39:48+00:00\",\"dateModified\":\"2025-12-09T21:04:23+00:00\",\"description\":\"Auk\u0161tos kokyb\u0117s maisto papildas, skirtas \u0161un\u0173 subalansuotai mitybai palaikyti. Penki\u0173 skirting\u0173 aliej\u0173 derinys suteikia augintiniui reikiam\u0173 maistini\u0173 med\u017eiag\u0173, padedan\u010di\u0173 palaikyti sveik\u0105 od\u0105, blizgant\u012f kail\u012f ir stipri\u0105 imunin\u0119 sistem\u0105.\",\"breadcrumb\":{\"@id\":\"https:\\\/\\\/anivet.lt\\\/elparduotuve\\\/produktas\\\/reavet-barf-premium-aliejus-sunims\\\/#breadcrumb\"},\"inLanguage\":\"lt-LT\",\"potentialAction\":[{\"@type\":\"ReadAction\",\"target\":[\"https:\\\/\\\/anivet.lt\\\/elparduotuve\\\/produktas\\\/reavet-barf-premium-aliejus-sunims\\\/\"]}]},{\"@type\":\"ImageObject\",\"inLanguage\":\"lt-LT\",\"@id\":\"https:\\\/\\\/anivet.lt\\\/elparduotuve\\\/produktas\\\/reavet-barf-premium-aliejus-sunims\\\/#primaryimage\",\"url\":\"https:\\\/\\\/anivet.lt\\\/elparduotuve\\\/wp-content\\\/uploads\\\/2024\\\/08\\\/premium-aliejus.jpg\",\"contentUrl\":\"https:\\\/\\\/anivet.lt\\\/elparduotuve\\\/wp-content\\\/uploads\\\/2024\\\/08\\\/premium-aliejus.jpg\",\"width\":1200,\"height\":1200,\"caption\":\"Reavet BARF premium aliejus \u0161unims\"},{\"@type\":\"BreadcrumbList\",\"@id\":\"https:\\\/\\\/anivet.lt\\\/elparduotuve\\\/produktas\\\/reavet-barf-premium-aliejus-sunims\\\/#breadcrumb\",\"itemListElement\":[{\"@type\":\"ListItem\",\"position\":1,\"name\":\"Home\",\"item\":\"https:\\\/\\\/anivet.lt\\\/elparduotuve\\\/\"},{\"@type\":\"ListItem\",\"position\":2,\"name\":\"Produktai\",\"item\":\"https:\\\/\\\/anivet.lt\\\/elparduotuve\\\/produktai\\\/\"},{\"@type\":\"ListItem\",\"position\":3,\"name\":\"Reavet BARF premium aliejus \u0161unims\"}]},{\"@type\":\"WebSite\",\"@id\":\"https:\\\/\\\/anivet.lt\\\/elparduotuve\\\/#website\",\"url\":\"https:\\\/\\\/anivet.lt\\\/elparduotuve\\\/\",\"name\":\"anivet.lt\",\"description\":\"Viskas J\u016bs\u0173 \u0161uns, kat\u0117s prie\u017ei\u016brai\",\"publisher\":{\"@id\":\"https:\\\/\\\/anivet.lt\\\/elparduotuve\\\/#organization\"},\"alternateName\":\"Viskas J\u016bs\u0173 \u0161uns, kat\u0117s prie\u017ei\u016brai\",\"potentialAction\":[{\"@type\":\"SearchAction\",\"target\":{\"@type\":\"EntryPoint\",\"urlTemplate\":\"https:\\\/\\\/anivet.lt\\\/elparduotuve\\\/?s={search_term_string}\"},\"query-input\":{\"@type\":\"PropertyValueSpecification\",\"valueRequired\":true,\"valueName\":\"search_term_string\"}}],\"inLanguage\":\"lt-LT\"},{\"@type\":\"Organization\",\"@id\":\"https:\\\/\\\/anivet.lt\\\/elparduotuve\\\/#organization\",\"name\":\"Viskas J\u016bs\u0173 \u0161uns, kat\u0117s prie\u017ei\u016brai\",\"url\":\"https:\\\/\\\/anivet.lt\\\/elparduotuve\\\/\",\"logo\":{\"@type\":\"ImageObject\",\"inLanguage\":\"lt-LT\",\"@id\":\"https:\\\/\\\/anivet.lt\\\/elparduotuve\\\/#\\\/schema\\\/logo\\\/image\\\/\",\"url\":\"https:\\\/\\\/anivet.lt\\\/elparduotuve\\\/wp-content\\\/uploads\\\/2023\\\/06\\\/logo2.jpg\",\"contentUrl\":\"https:\\\/\\\/anivet.lt\\\/elparduotuve\\\/wp-content\\\/uploads\\\/2023\\\/06\\\/logo2.jpg\",\"width\":655,\"height\":194,\"caption\":\"Viskas J\u016bs\u0173 \u0161uns, kat\u0117s prie\u017ei\u016brai\"},\"image\":{\"@id\":\"https:\\\/\\\/anivet.lt\\\/elparduotuve\\\/#\\\/schema\\\/logo\\\/image\\\/\"}}]}<\/script>\n<!-- \/ Yoast SEO Premium plugin. -->","yoast_head_json":{"title":"Reavet BARF premium aliejus \u0161unims - anivet.lt","description":"Auk\u0161tos kokyb\u0117s maisto papildas, skirtas \u0161un\u0173 subalansuotai mitybai palaikyti. Penki\u0173 skirting\u0173 aliej\u0173 derinys suteikia augintiniui reikiam\u0173 maistini\u0173 med\u017eiag\u0173, padedan\u010di\u0173 palaikyti sveik\u0105 od\u0105, blizgant\u012f kail\u012f ir stipri\u0105 imunin\u0119 sistem\u0105.","robots":{"index":"index","follow":"follow","max-snippet":"max-snippet:-1","max-image-preview":"max-image-preview:large","max-video-preview":"max-video-preview:-1"},"canonical":"https:\/\/anivet.lt\/elparduotuve\/produktas\/reavet-barf-premium-aliejus-sunims\/","og_locale":"lt_LT","og_type":"article","og_title":"Reavet BARF premium aliejus \u0161unims","og_description":"Auk\u0161tos kokyb\u0117s maisto papildas, skirtas \u0161un\u0173 subalansuotai mitybai palaikyti. Penki\u0173 skirting\u0173 aliej\u0173 derinys suteikia augintiniui reikiam\u0173 maistini\u0173 med\u017eiag\u0173, padedan\u010di\u0173 palaikyti sveik\u0105 od\u0105, blizgant\u012f kail\u012f ir stipri\u0105 imunin\u0119 sistem\u0105.","og_url":"https:\/\/anivet.lt\/elparduotuve\/produktas\/reavet-barf-premium-aliejus-sunims\/","og_site_name":"anivet.lt","article_modified_time":"2025-12-09T21:04:23+00:00","og_image":[{"width":1200,"height":1200,"url":"https:\/\/anivet.lt\/elparduotuve\/wp-content\/uploads\/2024\/08\/premium-aliejus.jpg","type":"image\/jpeg"}],"twitter_card":"summary_large_image","twitter_misc":{"Est. reading time":"1 minut\u0117"},"schema":{"@context":"https:\/\/schema.org","@graph":[{"@type":"WebPage","@id":"https:\/\/anivet.lt\/elparduotuve\/produktas\/reavet-barf-premium-aliejus-sunims\/","url":"https:\/\/anivet.lt\/elparduotuve\/produktas\/reavet-barf-premium-aliejus-sunims\/","name":"Reavet BARF premium aliejus \u0161unims - anivet.lt","isPartOf":{"@id":"https:\/\/anivet.lt\/elparduotuve\/#website"},"primaryImageOfPage":{"@id":"https:\/\/anivet.lt\/elparduotuve\/produktas\/reavet-barf-premium-aliejus-sunims\/#primaryimage"},"image":{"@id":"https:\/\/anivet.lt\/elparduotuve\/produktas\/reavet-barf-premium-aliejus-sunims\/#primaryimage"},"thumbnailUrl":"https:\/\/anivet.lt\/elparduotuve\/wp-content\/uploads\/2024\/08\/premium-aliejus.jpg","datePublished":"2024-08-27T06:39:48+00:00","dateModified":"2025-12-09T21:04:23+00:00","description":"Auk\u0161tos kokyb\u0117s maisto papildas, skirtas \u0161un\u0173 subalansuotai mitybai palaikyti. Penki\u0173 skirting\u0173 aliej\u0173 derinys suteikia augintiniui reikiam\u0173 maistini\u0173 med\u017eiag\u0173, padedan\u010di\u0173 palaikyti sveik\u0105 od\u0105, blizgant\u012f kail\u012f ir stipri\u0105 imunin\u0119 sistem\u0105.","breadcrumb":{"@id":"https:\/\/anivet.lt\/elparduotuve\/produktas\/reavet-barf-premium-aliejus-sunims\/#breadcrumb"},"inLanguage":"lt-LT","potentialAction":[{"@type":"ReadAction","target":["https:\/\/anivet.lt\/elparduotuve\/produktas\/reavet-barf-premium-aliejus-sunims\/"]}]},{"@type":"ImageObject","inLanguage":"lt-LT","@id":"https:\/\/anivet.lt\/elparduotuve\/produktas\/reavet-barf-premium-aliejus-sunims\/#primaryimage","url":"https:\/\/anivet.lt\/elparduotuve\/wp-content\/uploads\/2024\/08\/premium-aliejus.jpg","contentUrl":"https:\/\/anivet.lt\/elparduotuve\/wp-content\/uploads\/2024\/08\/premium-aliejus.jpg","width":1200,"height":1200,"caption":"Reavet BARF premium aliejus \u0161unims"},{"@type":"BreadcrumbList","@id":"https:\/\/anivet.lt\/elparduotuve\/produktas\/reavet-barf-premium-aliejus-sunims\/#breadcrumb","itemListElement":[{"@type":"ListItem","position":1,"name":"Home","item":"https:\/\/anivet.lt\/elparduotuve\/"},{"@type":"ListItem","position":2,"name":"Produktai","item":"https:\/\/anivet.lt\/elparduotuve\/produktai\/"},{"@type":"ListItem","position":3,"name":"Reavet BARF premium aliejus \u0161unims"}]},{"@type":"WebSite","@id":"https:\/\/anivet.lt\/elparduotuve\/#website","url":"https:\/\/anivet.lt\/elparduotuve\/","name":"anivet.lt","description":"Viskas J\u016bs\u0173 \u0161uns, kat\u0117s prie\u017ei\u016brai","publisher":{"@id":"https:\/\/anivet.lt\/elparduotuve\/#organization"},"alternateName":"Viskas J\u016bs\u0173 \u0161uns, kat\u0117s prie\u017ei\u016brai","potentialAction":[{"@type":"SearchAction","target":{"@type":"EntryPoint","urlTemplate":"https:\/\/anivet.lt\/elparduotuve\/?s={search_term_string}"},"query-input":{"@type":"PropertyValueSpecification","valueRequired":true,"valueName":"search_term_string"}}],"inLanguage":"lt-LT"},{"@type":"Organization","@id":"https:\/\/anivet.lt\/elparduotuve\/#organization","name":"Viskas J\u016bs\u0173 \u0161uns, kat\u0117s prie\u017ei\u016brai","url":"https:\/\/anivet.lt\/elparduotuve\/","logo":{"@type":"ImageObject","inLanguage":"lt-LT","@id":"https:\/\/anivet.lt\/elparduotuve\/#\/schema\/logo\/image\/","url":"https:\/\/anivet.lt\/elparduotuve\/wp-content\/uploads\/2023\/06\/logo2.jpg","contentUrl":"https:\/\/anivet.lt\/elparduotuve\/wp-content\/uploads\/2023\/06\/logo2.jpg","width":655,"height":194,"caption":"Viskas J\u016bs\u0173 \u0161uns, kat\u0117s prie\u017ei\u016brai"},"image":{"@id":"https:\/\/anivet.lt\/elparduotuve\/#\/schema\/logo\/image\/"}}]}},"_links":{"self":[{"href":"https:\/\/anivet.lt\/elparduotuve\/wp-json\/wp\/v2\/product\/14420","targetHints":{"allow":["GET"]}}],"collection":[{"href":"https:\/\/anivet.lt\/elparduotuve\/wp-json\/wp\/v2\/product"}],"about":[{"href":"https:\/\/anivet.lt\/elparduotuve\/wp-json\/wp\/v2\/types\/product"}],"wp:featuredmedia":[{"embeddable":true,"href":"https:\/\/anivet.lt\/elparduotuve\/wp-json\/wp\/v2\/media\/14423"}],"wp:attachment":[{"href":"https:\/\/anivet.lt\/elparduotuve\/wp-json\/wp\/v2\/media?parent=14420"}],"wp:term":[{"taxonomy":"product_brand","embeddable":true,"href":"https:\/\/anivet.lt\/elparduotuve\/wp-json\/wp\/v2\/product_brand?post=14420"},{"taxonomy":"product_cat","embeddable":true,"href":"https:\/\/anivet.lt\/elparduotuve\/wp-json\/wp\/v2\/product_cat?post=14420"},{"taxonomy":"product_tag","embeddable":true,"href":"https:\/\/anivet.lt\/elparduotuve\/wp-json\/wp\/v2\/product_tag?post=14420"}],"curies":[{"name":"wp","href":"https:\/\/api.w.org\/{rel}","templated":true}]}}