{"id":14569,"date":"2024-10-08T08:15:19","date_gmt":"2024-10-08T08:15:19","guid":{"rendered":"https:\/\/anivet.lt\/elparduotuve\/?post_type=product&#038;p=14569"},"modified":"2026-04-06T08:12:10","modified_gmt":"2026-04-06T08:12:10","slug":"dogslife-dantu-prieziuros-rinkinys-sunims-100g","status":"publish","type":"product","link":"https:\/\/anivet.lt\/elparduotuve\/produktas\/dogslife-dantu-prieziuros-rinkinys-sunims-100g\/","title":{"rendered":"DOGSLIFE dant\u0173 prie\u017ei\u016bros rinkinys \u0161unims 100g"},"content":{"rendered":"<ul>\n<li style=\"font-weight: 400;\"><span style=\"font-weight: 400;\">Trigubos galvut\u0117s \u0161epet\u0117lis: Efektyviai valo apna\u0161as i\u0161 vis\u0173 dant\u0173 pusi\u0173 vienu judesiu.<\/span><\/li>\n<li style=\"font-weight: 400;\"><span style=\"font-weight: 400;\">Nat\u016brali sud\u0117tis: Pasta praturtinta alaviju, nimbamed\u017eio aliejumi ir greipfrut\u0173 s\u0117kl\u0173 ekstraktu, kurie ramina ir saugo dantenas.<\/span><\/li>\n<li style=\"font-weight: 400;\"><span style=\"font-weight: 400;\">\u0160velni formul\u0117: Nedirgina burnos gleivin\u0117s ir yra saugi reguliariam naudojimui.<\/span><\/li>\n<li style=\"font-weight: 400;\"><span style=\"font-weight: 400;\">Balinimo savyb\u0117s: Kepimo soda nat\u016braliai padeda pa\u0161alinti d\u0117mes ir palaiko dant\u0173 baltum\u0105.<\/span><\/li>\n<li style=\"font-weight: 400;\"><span style=\"font-weight: 400;\">Gaivus kvapas: Nat\u016bral\u016bs skonio priedai u\u017etikrina malon\u0173 kvap\u0105 ir \u0161vie\u017eum\u0105.<\/span><\/li>\n<\/ul>\n<p><span style=\"font-weight: 400;\">\u0160is rinkinys yra idealus pasirinkimas r\u016bpestingiems \u0161un\u0173 savininkams, siekiantiems u\u017etikrinti ilgalaik\u0119 augintinio burnos higien\u0105. D\u0117l nat\u016bralios sud\u0117ties ir veiksmingo \u0161epet\u0117lio dizaino valymo procesas tampa paprastas, greitas ir efektyvus.<\/span><\/p>\n","protected":false},"excerpt":{"rendered":"<p><span style=\"font-weight: 400;\">Dant\u0173 prie\u017ei\u016bros rinkinys yra specialiai sukurtas \u0161un\u0173 dant\u0173 ir danten\u0173 sveikatos palaikymui. Komplekt\u0105 sudaro saugi, nat\u016brali dant\u0173 pasta ir trigubos galvut\u0117s \u0161epet\u0117lis, kuris u\u017etikrina efektyv\u0173 apna\u0161\u0173 \u0161alinim\u0105 net sunkiai pasiekiamose vietose. <\/span><\/p>\n","protected":false},"featured_media":14570,"template":"","meta":[],"product_brand":[],"product_cat":[101,108,112],"product_tag":[],"class_list":{"0":"post-14569","1":"product","2":"type-product","3":"status-publish","4":"has-post-thumbnail","6":"product_cat-sunims","7":"product_cat-prieziuros-priemones","8":"product_cat-dantu-ir-burnos-higiena","9":"pa_prekinis-zenklas-dogslife","11":"first","12":"instock","13":"sale","14":"taxable","15":"shipping-taxable","16":"purchasable","17":"product-type-simple"},"yoast_head":"<!-- This site is optimized with the Yoast SEO Premium plugin v27.1 (Yoast SEO v27.5) - https:\/\/yoast.com\/product\/yoast-seo-premium-wordpress\/ -->\n<title>DOGSLIFE dant\u0173 prie\u017ei\u016bros rinkinys \u0161unims 100g - anivet.lt<\/title>\n<meta name=\"description\" content=\"Dant\u0173 prie\u017ei\u016bros rinkinys yra specialiai sukurtas \u0161un\u0173 dant\u0173 ir danten\u0173 sveikatos palaikymui. Komplekt\u0105 sudaro saugi, nat\u016brali dant\u0173 pasta ir trigubos galvut\u0117s \u0161epet\u0117lis, kuris u\u017etikrina efektyv\u0173 apna\u0161\u0173 \u0161alinim\u0105 net sunkiai pasiekiamose vietose.\" \/>\n<meta name=\"robots\" content=\"index, follow, max-snippet:-1, max-image-preview:large, max-video-preview:-1\" \/>\n<link rel=\"canonical\" href=\"https:\/\/anivet.lt\/elparduotuve\/produktas\/dogslife-dantu-prieziuros-rinkinys-sunims-100g\/\" \/>\n<meta property=\"og:locale\" content=\"lt_LT\" \/>\n<meta property=\"og:type\" content=\"article\" \/>\n<meta property=\"og:title\" content=\"DOGSLIFE dant\u0173 prie\u017ei\u016bros rinkinys \u0161unims 100g\" \/>\n<meta property=\"og:description\" content=\"Dant\u0173 prie\u017ei\u016bros rinkinys yra specialiai sukurtas \u0161un\u0173 dant\u0173 ir danten\u0173 sveikatos palaikymui. Komplekt\u0105 sudaro saugi, nat\u016brali dant\u0173 pasta ir trigubos galvut\u0117s \u0161epet\u0117lis, kuris u\u017etikrina efektyv\u0173 apna\u0161\u0173 \u0161alinim\u0105 net sunkiai pasiekiamose vietose.\" \/>\n<meta property=\"og:url\" content=\"https:\/\/anivet.lt\/elparduotuve\/produktas\/dogslife-dantu-prieziuros-rinkinys-sunims-100g\/\" \/>\n<meta property=\"og:site_name\" content=\"anivet.lt\" \/>\n<meta property=\"article:modified_time\" content=\"2026-04-06T08:12:10+00:00\" \/>\n<meta property=\"og:image\" content=\"https:\/\/anivet.lt\/elparduotuve\/wp-content\/uploads\/2024\/10\/0008262_dogslife-dantu-prieziuros-rinkinys-sunims_600.png\" \/>\n\t<meta property=\"og:image:width\" content=\"600\" \/>\n\t<meta property=\"og:image:height\" content=\"600\" \/>\n\t<meta property=\"og:image:type\" content=\"image\/png\" \/>\n<meta name=\"twitter:card\" content=\"summary_large_image\" \/>\n<meta name=\"twitter:label1\" content=\"Est. reading time\" \/>\n\t<meta name=\"twitter:data1\" content=\"1 minut\u0117\" \/>\n<script type=\"application\/ld+json\" class=\"yoast-schema-graph\">{\"@context\":\"https:\\\/\\\/schema.org\",\"@graph\":[{\"@type\":\"WebPage\",\"@id\":\"https:\\\/\\\/anivet.lt\\\/elparduotuve\\\/produktas\\\/dogslife-dantu-prieziuros-rinkinys-sunims-100g\\\/\",\"url\":\"https:\\\/\\\/anivet.lt\\\/elparduotuve\\\/produktas\\\/dogslife-dantu-prieziuros-rinkinys-sunims-100g\\\/\",\"name\":\"DOGSLIFE dant\u0173 prie\u017ei\u016bros rinkinys \u0161unims 100g - anivet.lt\",\"isPartOf\":{\"@id\":\"https:\\\/\\\/anivet.lt\\\/elparduotuve\\\/#website\"},\"primaryImageOfPage\":{\"@id\":\"https:\\\/\\\/anivet.lt\\\/elparduotuve\\\/produktas\\\/dogslife-dantu-prieziuros-rinkinys-sunims-100g\\\/#primaryimage\"},\"image\":{\"@id\":\"https:\\\/\\\/anivet.lt\\\/elparduotuve\\\/produktas\\\/dogslife-dantu-prieziuros-rinkinys-sunims-100g\\\/#primaryimage\"},\"thumbnailUrl\":\"https:\\\/\\\/anivet.lt\\\/elparduotuve\\\/wp-content\\\/uploads\\\/2024\\\/10\\\/0008262_dogslife-dantu-prieziuros-rinkinys-sunims_600.png\",\"datePublished\":\"2024-10-08T08:15:19+00:00\",\"dateModified\":\"2026-04-06T08:12:10+00:00\",\"description\":\"Dant\u0173 prie\u017ei\u016bros rinkinys yra specialiai sukurtas \u0161un\u0173 dant\u0173 ir danten\u0173 sveikatos palaikymui. Komplekt\u0105 sudaro saugi, nat\u016brali dant\u0173 pasta ir trigubos galvut\u0117s \u0161epet\u0117lis, kuris u\u017etikrina efektyv\u0173 apna\u0161\u0173 \u0161alinim\u0105 net sunkiai pasiekiamose vietose.\",\"breadcrumb\":{\"@id\":\"https:\\\/\\\/anivet.lt\\\/elparduotuve\\\/produktas\\\/dogslife-dantu-prieziuros-rinkinys-sunims-100g\\\/#breadcrumb\"},\"inLanguage\":\"lt-LT\",\"potentialAction\":[{\"@type\":\"ReadAction\",\"target\":[\"https:\\\/\\\/anivet.lt\\\/elparduotuve\\\/produktas\\\/dogslife-dantu-prieziuros-rinkinys-sunims-100g\\\/\"]}]},{\"@type\":\"ImageObject\",\"inLanguage\":\"lt-LT\",\"@id\":\"https:\\\/\\\/anivet.lt\\\/elparduotuve\\\/produktas\\\/dogslife-dantu-prieziuros-rinkinys-sunims-100g\\\/#primaryimage\",\"url\":\"https:\\\/\\\/anivet.lt\\\/elparduotuve\\\/wp-content\\\/uploads\\\/2024\\\/10\\\/0008262_dogslife-dantu-prieziuros-rinkinys-sunims_600.png\",\"contentUrl\":\"https:\\\/\\\/anivet.lt\\\/elparduotuve\\\/wp-content\\\/uploads\\\/2024\\\/10\\\/0008262_dogslife-dantu-prieziuros-rinkinys-sunims_600.png\",\"width\":600,\"height\":600,\"caption\":\"DOGSLIFE dant\u0173 prie\u017ei\u016bros rinkinys \u0161unims 100g\"},{\"@type\":\"BreadcrumbList\",\"@id\":\"https:\\\/\\\/anivet.lt\\\/elparduotuve\\\/produktas\\\/dogslife-dantu-prieziuros-rinkinys-sunims-100g\\\/#breadcrumb\",\"itemListElement\":[{\"@type\":\"ListItem\",\"position\":1,\"name\":\"Home\",\"item\":\"https:\\\/\\\/anivet.lt\\\/elparduotuve\\\/\"},{\"@type\":\"ListItem\",\"position\":2,\"name\":\"Produktai\",\"item\":\"https:\\\/\\\/anivet.lt\\\/elparduotuve\\\/produktai\\\/\"},{\"@type\":\"ListItem\",\"position\":3,\"name\":\"DOGSLIFE dant\u0173 prie\u017ei\u016bros rinkinys \u0161unims 100g\"}]},{\"@type\":\"WebSite\",\"@id\":\"https:\\\/\\\/anivet.lt\\\/elparduotuve\\\/#website\",\"url\":\"https:\\\/\\\/anivet.lt\\\/elparduotuve\\\/\",\"name\":\"anivet.lt\",\"description\":\"Viskas J\u016bs\u0173 \u0161uns, kat\u0117s prie\u017ei\u016brai\",\"publisher\":{\"@id\":\"https:\\\/\\\/anivet.lt\\\/elparduotuve\\\/#organization\"},\"alternateName\":\"Viskas J\u016bs\u0173 \u0161uns, kat\u0117s prie\u017ei\u016brai\",\"potentialAction\":[{\"@type\":\"SearchAction\",\"target\":{\"@type\":\"EntryPoint\",\"urlTemplate\":\"https:\\\/\\\/anivet.lt\\\/elparduotuve\\\/?s={search_term_string}\"},\"query-input\":{\"@type\":\"PropertyValueSpecification\",\"valueRequired\":true,\"valueName\":\"search_term_string\"}}],\"inLanguage\":\"lt-LT\"},{\"@type\":\"Organization\",\"@id\":\"https:\\\/\\\/anivet.lt\\\/elparduotuve\\\/#organization\",\"name\":\"Viskas J\u016bs\u0173 \u0161uns, kat\u0117s prie\u017ei\u016brai\",\"url\":\"https:\\\/\\\/anivet.lt\\\/elparduotuve\\\/\",\"logo\":{\"@type\":\"ImageObject\",\"inLanguage\":\"lt-LT\",\"@id\":\"https:\\\/\\\/anivet.lt\\\/elparduotuve\\\/#\\\/schema\\\/logo\\\/image\\\/\",\"url\":\"https:\\\/\\\/anivet.lt\\\/elparduotuve\\\/wp-content\\\/uploads\\\/2023\\\/06\\\/logo2.jpg\",\"contentUrl\":\"https:\\\/\\\/anivet.lt\\\/elparduotuve\\\/wp-content\\\/uploads\\\/2023\\\/06\\\/logo2.jpg\",\"width\":655,\"height\":194,\"caption\":\"Viskas J\u016bs\u0173 \u0161uns, kat\u0117s prie\u017ei\u016brai\"},\"image\":{\"@id\":\"https:\\\/\\\/anivet.lt\\\/elparduotuve\\\/#\\\/schema\\\/logo\\\/image\\\/\"}}]}<\/script>\n<!-- \/ Yoast SEO Premium plugin. -->","yoast_head_json":{"title":"DOGSLIFE dant\u0173 prie\u017ei\u016bros rinkinys \u0161unims 100g - anivet.lt","description":"Dant\u0173 prie\u017ei\u016bros rinkinys yra specialiai sukurtas \u0161un\u0173 dant\u0173 ir danten\u0173 sveikatos palaikymui. Komplekt\u0105 sudaro saugi, nat\u016brali dant\u0173 pasta ir trigubos galvut\u0117s \u0161epet\u0117lis, kuris u\u017etikrina efektyv\u0173 apna\u0161\u0173 \u0161alinim\u0105 net sunkiai pasiekiamose vietose.","robots":{"index":"index","follow":"follow","max-snippet":"max-snippet:-1","max-image-preview":"max-image-preview:large","max-video-preview":"max-video-preview:-1"},"canonical":"https:\/\/anivet.lt\/elparduotuve\/produktas\/dogslife-dantu-prieziuros-rinkinys-sunims-100g\/","og_locale":"lt_LT","og_type":"article","og_title":"DOGSLIFE dant\u0173 prie\u017ei\u016bros rinkinys \u0161unims 100g","og_description":"Dant\u0173 prie\u017ei\u016bros rinkinys yra specialiai sukurtas \u0161un\u0173 dant\u0173 ir danten\u0173 sveikatos palaikymui. Komplekt\u0105 sudaro saugi, nat\u016brali dant\u0173 pasta ir trigubos galvut\u0117s \u0161epet\u0117lis, kuris u\u017etikrina efektyv\u0173 apna\u0161\u0173 \u0161alinim\u0105 net sunkiai pasiekiamose vietose.","og_url":"https:\/\/anivet.lt\/elparduotuve\/produktas\/dogslife-dantu-prieziuros-rinkinys-sunims-100g\/","og_site_name":"anivet.lt","article_modified_time":"2026-04-06T08:12:10+00:00","og_image":[{"width":600,"height":600,"url":"https:\/\/anivet.lt\/elparduotuve\/wp-content\/uploads\/2024\/10\/0008262_dogslife-dantu-prieziuros-rinkinys-sunims_600.png","type":"image\/png"}],"twitter_card":"summary_large_image","twitter_misc":{"Est. reading time":"1 minut\u0117"},"schema":{"@context":"https:\/\/schema.org","@graph":[{"@type":"WebPage","@id":"https:\/\/anivet.lt\/elparduotuve\/produktas\/dogslife-dantu-prieziuros-rinkinys-sunims-100g\/","url":"https:\/\/anivet.lt\/elparduotuve\/produktas\/dogslife-dantu-prieziuros-rinkinys-sunims-100g\/","name":"DOGSLIFE dant\u0173 prie\u017ei\u016bros rinkinys \u0161unims 100g - anivet.lt","isPartOf":{"@id":"https:\/\/anivet.lt\/elparduotuve\/#website"},"primaryImageOfPage":{"@id":"https:\/\/anivet.lt\/elparduotuve\/produktas\/dogslife-dantu-prieziuros-rinkinys-sunims-100g\/#primaryimage"},"image":{"@id":"https:\/\/anivet.lt\/elparduotuve\/produktas\/dogslife-dantu-prieziuros-rinkinys-sunims-100g\/#primaryimage"},"thumbnailUrl":"https:\/\/anivet.lt\/elparduotuve\/wp-content\/uploads\/2024\/10\/0008262_dogslife-dantu-prieziuros-rinkinys-sunims_600.png","datePublished":"2024-10-08T08:15:19+00:00","dateModified":"2026-04-06T08:12:10+00:00","description":"Dant\u0173 prie\u017ei\u016bros rinkinys yra specialiai sukurtas \u0161un\u0173 dant\u0173 ir danten\u0173 sveikatos palaikymui. Komplekt\u0105 sudaro saugi, nat\u016brali dant\u0173 pasta ir trigubos galvut\u0117s \u0161epet\u0117lis, kuris u\u017etikrina efektyv\u0173 apna\u0161\u0173 \u0161alinim\u0105 net sunkiai pasiekiamose vietose.","breadcrumb":{"@id":"https:\/\/anivet.lt\/elparduotuve\/produktas\/dogslife-dantu-prieziuros-rinkinys-sunims-100g\/#breadcrumb"},"inLanguage":"lt-LT","potentialAction":[{"@type":"ReadAction","target":["https:\/\/anivet.lt\/elparduotuve\/produktas\/dogslife-dantu-prieziuros-rinkinys-sunims-100g\/"]}]},{"@type":"ImageObject","inLanguage":"lt-LT","@id":"https:\/\/anivet.lt\/elparduotuve\/produktas\/dogslife-dantu-prieziuros-rinkinys-sunims-100g\/#primaryimage","url":"https:\/\/anivet.lt\/elparduotuve\/wp-content\/uploads\/2024\/10\/0008262_dogslife-dantu-prieziuros-rinkinys-sunims_600.png","contentUrl":"https:\/\/anivet.lt\/elparduotuve\/wp-content\/uploads\/2024\/10\/0008262_dogslife-dantu-prieziuros-rinkinys-sunims_600.png","width":600,"height":600,"caption":"DOGSLIFE dant\u0173 prie\u017ei\u016bros rinkinys \u0161unims 100g"},{"@type":"BreadcrumbList","@id":"https:\/\/anivet.lt\/elparduotuve\/produktas\/dogslife-dantu-prieziuros-rinkinys-sunims-100g\/#breadcrumb","itemListElement":[{"@type":"ListItem","position":1,"name":"Home","item":"https:\/\/anivet.lt\/elparduotuve\/"},{"@type":"ListItem","position":2,"name":"Produktai","item":"https:\/\/anivet.lt\/elparduotuve\/produktai\/"},{"@type":"ListItem","position":3,"name":"DOGSLIFE dant\u0173 prie\u017ei\u016bros rinkinys \u0161unims 100g"}]},{"@type":"WebSite","@id":"https:\/\/anivet.lt\/elparduotuve\/#website","url":"https:\/\/anivet.lt\/elparduotuve\/","name":"anivet.lt","description":"Viskas J\u016bs\u0173 \u0161uns, kat\u0117s prie\u017ei\u016brai","publisher":{"@id":"https:\/\/anivet.lt\/elparduotuve\/#organization"},"alternateName":"Viskas J\u016bs\u0173 \u0161uns, kat\u0117s prie\u017ei\u016brai","potentialAction":[{"@type":"SearchAction","target":{"@type":"EntryPoint","urlTemplate":"https:\/\/anivet.lt\/elparduotuve\/?s={search_term_string}"},"query-input":{"@type":"PropertyValueSpecification","valueRequired":true,"valueName":"search_term_string"}}],"inLanguage":"lt-LT"},{"@type":"Organization","@id":"https:\/\/anivet.lt\/elparduotuve\/#organization","name":"Viskas J\u016bs\u0173 \u0161uns, kat\u0117s prie\u017ei\u016brai","url":"https:\/\/anivet.lt\/elparduotuve\/","logo":{"@type":"ImageObject","inLanguage":"lt-LT","@id":"https:\/\/anivet.lt\/elparduotuve\/#\/schema\/logo\/image\/","url":"https:\/\/anivet.lt\/elparduotuve\/wp-content\/uploads\/2023\/06\/logo2.jpg","contentUrl":"https:\/\/anivet.lt\/elparduotuve\/wp-content\/uploads\/2023\/06\/logo2.jpg","width":655,"height":194,"caption":"Viskas J\u016bs\u0173 \u0161uns, kat\u0117s prie\u017ei\u016brai"},"image":{"@id":"https:\/\/anivet.lt\/elparduotuve\/#\/schema\/logo\/image\/"}}]}},"_links":{"self":[{"href":"https:\/\/anivet.lt\/elparduotuve\/wp-json\/wp\/v2\/product\/14569","targetHints":{"allow":["GET"]}}],"collection":[{"href":"https:\/\/anivet.lt\/elparduotuve\/wp-json\/wp\/v2\/product"}],"about":[{"href":"https:\/\/anivet.lt\/elparduotuve\/wp-json\/wp\/v2\/types\/product"}],"wp:featuredmedia":[{"embeddable":true,"href":"https:\/\/anivet.lt\/elparduotuve\/wp-json\/wp\/v2\/media\/14570"}],"wp:attachment":[{"href":"https:\/\/anivet.lt\/elparduotuve\/wp-json\/wp\/v2\/media?parent=14569"}],"wp:term":[{"taxonomy":"product_brand","embeddable":true,"href":"https:\/\/anivet.lt\/elparduotuve\/wp-json\/wp\/v2\/product_brand?post=14569"},{"taxonomy":"product_cat","embeddable":true,"href":"https:\/\/anivet.lt\/elparduotuve\/wp-json\/wp\/v2\/product_cat?post=14569"},{"taxonomy":"product_tag","embeddable":true,"href":"https:\/\/anivet.lt\/elparduotuve\/wp-json\/wp\/v2\/product_tag?post=14569"}],"curies":[{"name":"wp","href":"https:\/\/api.w.org\/{rel}","templated":true}]}}