{"id":14586,"date":"2024-10-09T08:56:47","date_gmt":"2024-10-09T08:56:47","guid":{"rendered":"https:\/\/anivet.lt\/elparduotuve\/?post_type=product&#038;p=14586"},"modified":"2026-02-09T14:28:46","modified_gmt":"2026-02-09T14:28:46","slug":"enteromicro-pasta-complex-15ml","status":"publish","type":"product","link":"https:\/\/anivet.lt\/elparduotuve\/produktas\/enteromicro-pasta-complex-15ml\/","title":{"rendered":"DRN Enteromicro Pasta Complex 15ml"},"content":{"rendered":"<ul>\n<li style=\"font-weight: 400\"><span style=\"font-weight: 400\">Nat\u016bral\u016bs prebiotikai ir probiotikai: Subalansuoja \u017earnyno mikroflor\u0105, skatina jos augim\u0105 ir atkuria normali\u0105 veikl\u0105.<\/span><\/li>\n<li style=\"font-weight: 400\"><span style=\"font-weight: 400\">Apsaugin\u0117 pl\u0117vel\u0117: Pektinai padeda apsaugoti \u017earn\u0173 gleivin\u0119 ir ma\u017eina skys\u010dio pertekli\u0173.<\/span><\/li>\n<li style=\"font-weight: 400\"><span style=\"font-weight: 400\">Greitas poveikis: Skirtas tiek \u016bmiems, tiek l\u0117tiniams vir\u0161kinimo sutrikimams gydyti.<\/span><\/li>\n<li style=\"font-weight: 400\"><span style=\"font-weight: 400\">Papildytas elektrolitais: U\u017etikrina skys\u010di\u0173 ir elektrolit\u0173 balans\u0105 organizme.<\/span><\/li>\n<li style=\"font-weight: 400\"><span style=\"font-weight: 400\">Maistini\u0173 med\u017eiag\u0173 kompleksas: Sud\u0117tyje esantys vitaminai (B grup\u0117s ir E) padeda atkurti sveikat\u0105 ir sustiprina bendr\u0105 gyv\u016bno b\u016bkl\u0119.<\/span><\/li>\n<\/ul>\n<p><span style=\"font-weight: 400\">\u0160is papildas yra puikus pasirinkimas, siekiant greitai ir efektyviai spr\u0119sti vir\u0161kinimo problemas j\u016bs\u0173 augintiniui. D\u0117l sud\u0117tyje esan\u010di\u0173 nat\u016brali\u0173 ingredient\u0173 ir subalansuot\u0173 med\u017eiag\u0173 kompleks\u0173, Enteromicro pasta ne tik ma\u017eina diar\u0117jos simptomus, bet ir u\u017etikrina ilgalaik\u012f \u017earnyno sveikatos palaikym\u0105. <\/span><\/p>\n","protected":false},"excerpt":{"rendered":"<p><span style=\"font-weight: 400\">Specialiai sukurta \u0161unims ir kat\u0117ms, siekiant suma\u017einti \u016bmius \u017earnyno absorbcijos sutrikimus ir pad\u0117ti atkurti sveik\u0105 \u017earnyno mikroflor\u0105. \u0160is papildas ypa\u010d naudingas esant diar\u0117jai, nes veikliosios med\u017eiagos apsaugo \u017earnyno gleivin\u0119, reguliuoja peristaltik\u0105 ir skatina formuot\u0173 i\u0161mat\u0173 susidarym\u0105.<\/span><\/p>\n","protected":false},"featured_media":14588,"template":"","meta":[],"product_brand":[],"product_cat":[101,102,113,124],"product_tag":[],"class_list":{"0":"post-14586","1":"product","2":"type-product","3":"status-publish","4":"has-post-thumbnail","6":"product_cat-sunims","7":"product_cat-katems","8":"product_cat-vitaminai-ir-papildai","9":"product_cat-vitaminai-ir-papildai-katems","10":"pa_prekinis-zenklas-drn","12":"first","13":"instock","14":"taxable","15":"shipping-taxable","16":"purchasable","17":"product-type-simple"},"yoast_head":"<!-- This site is optimized with the Yoast SEO Premium plugin v27.1 (Yoast SEO v27.5) - https:\/\/yoast.com\/product\/yoast-seo-premium-wordpress\/ -->\n<title>DRN Enteromicro Pasta Complex 15ml - anivet.lt<\/title>\n<meta name=\"description\" content=\"Specialiai sukurta \u0161unims ir kat\u0117ms, siekiant suma\u017einti \u016bmius \u017earnyno absorbcijos sutrikimus ir pad\u0117ti atkurti sveik\u0105 \u017earnyno mikroflor\u0105. \u0160is papildas ypa\u010d naudingas esant diar\u0117jai, nes veikliosios med\u017eiagos apsaugo \u017earnyno gleivin\u0119, reguliuoja peristaltik\u0105 ir skatina formuot\u0173 i\u0161mat\u0173 susidarym\u0105.\" \/>\n<meta name=\"robots\" content=\"index, follow, max-snippet:-1, max-image-preview:large, max-video-preview:-1\" \/>\n<link rel=\"canonical\" href=\"https:\/\/anivet.lt\/elparduotuve\/produktas\/enteromicro-pasta-complex-15ml\/\" \/>\n<meta property=\"og:locale\" content=\"lt_LT\" \/>\n<meta property=\"og:type\" content=\"article\" \/>\n<meta property=\"og:title\" content=\"DRN Enteromicro Pasta Complex 15ml\" \/>\n<meta property=\"og:description\" content=\"Specialiai sukurta \u0161unims ir kat\u0117ms, siekiant suma\u017einti \u016bmius \u017earnyno absorbcijos sutrikimus ir pad\u0117ti atkurti sveik\u0105 \u017earnyno mikroflor\u0105. \u0160is papildas ypa\u010d naudingas esant diar\u0117jai, nes veikliosios med\u017eiagos apsaugo \u017earnyno gleivin\u0119, reguliuoja peristaltik\u0105 ir skatina formuot\u0173 i\u0161mat\u0173 susidarym\u0105.\" \/>\n<meta property=\"og:url\" content=\"https:\/\/anivet.lt\/elparduotuve\/produktas\/enteromicro-pasta-complex-15ml\/\" \/>\n<meta property=\"og:site_name\" content=\"anivet.lt\" \/>\n<meta property=\"article:modified_time\" content=\"2026-02-09T14:28:46+00:00\" \/>\n<meta property=\"og:image\" content=\"https:\/\/anivet.lt\/elparduotuve\/wp-content\/uploads\/2024\/10\/enteromicro-pasta-15-ml-777060-9031.png\" \/>\n\t<meta property=\"og:image:width\" content=\"1772\" \/>\n\t<meta property=\"og:image:height\" content=\"905\" \/>\n\t<meta property=\"og:image:type\" content=\"image\/png\" \/>\n<meta name=\"twitter:card\" content=\"summary_large_image\" \/>\n<meta name=\"twitter:label1\" content=\"Est. reading time\" \/>\n\t<meta name=\"twitter:data1\" content=\"1 minut\u0117\" \/>\n<script type=\"application\/ld+json\" class=\"yoast-schema-graph\">{\"@context\":\"https:\\\/\\\/schema.org\",\"@graph\":[{\"@type\":\"WebPage\",\"@id\":\"https:\\\/\\\/anivet.lt\\\/elparduotuve\\\/produktas\\\/enteromicro-pasta-complex-15ml\\\/\",\"url\":\"https:\\\/\\\/anivet.lt\\\/elparduotuve\\\/produktas\\\/enteromicro-pasta-complex-15ml\\\/\",\"name\":\"DRN Enteromicro Pasta Complex 15ml - anivet.lt\",\"isPartOf\":{\"@id\":\"https:\\\/\\\/anivet.lt\\\/elparduotuve\\\/#website\"},\"primaryImageOfPage\":{\"@id\":\"https:\\\/\\\/anivet.lt\\\/elparduotuve\\\/produktas\\\/enteromicro-pasta-complex-15ml\\\/#primaryimage\"},\"image\":{\"@id\":\"https:\\\/\\\/anivet.lt\\\/elparduotuve\\\/produktas\\\/enteromicro-pasta-complex-15ml\\\/#primaryimage\"},\"thumbnailUrl\":\"https:\\\/\\\/anivet.lt\\\/elparduotuve\\\/wp-content\\\/uploads\\\/2024\\\/10\\\/enteromicro-pasta-15-ml-777060-9031.png\",\"datePublished\":\"2024-10-09T08:56:47+00:00\",\"dateModified\":\"2026-02-09T14:28:46+00:00\",\"description\":\"Specialiai sukurta \u0161unims ir kat\u0117ms, siekiant suma\u017einti \u016bmius \u017earnyno absorbcijos sutrikimus ir pad\u0117ti atkurti sveik\u0105 \u017earnyno mikroflor\u0105. \u0160is papildas ypa\u010d naudingas esant diar\u0117jai, nes veikliosios med\u017eiagos apsaugo \u017earnyno gleivin\u0119, reguliuoja peristaltik\u0105 ir skatina formuot\u0173 i\u0161mat\u0173 susidarym\u0105.\",\"breadcrumb\":{\"@id\":\"https:\\\/\\\/anivet.lt\\\/elparduotuve\\\/produktas\\\/enteromicro-pasta-complex-15ml\\\/#breadcrumb\"},\"inLanguage\":\"lt-LT\",\"potentialAction\":[{\"@type\":\"ReadAction\",\"target\":[\"https:\\\/\\\/anivet.lt\\\/elparduotuve\\\/produktas\\\/enteromicro-pasta-complex-15ml\\\/\"]}]},{\"@type\":\"ImageObject\",\"inLanguage\":\"lt-LT\",\"@id\":\"https:\\\/\\\/anivet.lt\\\/elparduotuve\\\/produktas\\\/enteromicro-pasta-complex-15ml\\\/#primaryimage\",\"url\":\"https:\\\/\\\/anivet.lt\\\/elparduotuve\\\/wp-content\\\/uploads\\\/2024\\\/10\\\/enteromicro-pasta-15-ml-777060-9031.png\",\"contentUrl\":\"https:\\\/\\\/anivet.lt\\\/elparduotuve\\\/wp-content\\\/uploads\\\/2024\\\/10\\\/enteromicro-pasta-15-ml-777060-9031.png\",\"width\":1772,\"height\":905,\"caption\":\"DRN Enteromicro Pasta Complex 15ml\"},{\"@type\":\"BreadcrumbList\",\"@id\":\"https:\\\/\\\/anivet.lt\\\/elparduotuve\\\/produktas\\\/enteromicro-pasta-complex-15ml\\\/#breadcrumb\",\"itemListElement\":[{\"@type\":\"ListItem\",\"position\":1,\"name\":\"Home\",\"item\":\"https:\\\/\\\/anivet.lt\\\/elparduotuve\\\/\"},{\"@type\":\"ListItem\",\"position\":2,\"name\":\"Produktai\",\"item\":\"https:\\\/\\\/anivet.lt\\\/elparduotuve\\\/produktai\\\/\"},{\"@type\":\"ListItem\",\"position\":3,\"name\":\"DRN Enteromicro Pasta Complex 15ml\"}]},{\"@type\":\"WebSite\",\"@id\":\"https:\\\/\\\/anivet.lt\\\/elparduotuve\\\/#website\",\"url\":\"https:\\\/\\\/anivet.lt\\\/elparduotuve\\\/\",\"name\":\"anivet.lt\",\"description\":\"Viskas J\u016bs\u0173 \u0161uns, kat\u0117s prie\u017ei\u016brai\",\"publisher\":{\"@id\":\"https:\\\/\\\/anivet.lt\\\/elparduotuve\\\/#organization\"},\"alternateName\":\"Viskas J\u016bs\u0173 \u0161uns, kat\u0117s prie\u017ei\u016brai\",\"potentialAction\":[{\"@type\":\"SearchAction\",\"target\":{\"@type\":\"EntryPoint\",\"urlTemplate\":\"https:\\\/\\\/anivet.lt\\\/elparduotuve\\\/?s={search_term_string}\"},\"query-input\":{\"@type\":\"PropertyValueSpecification\",\"valueRequired\":true,\"valueName\":\"search_term_string\"}}],\"inLanguage\":\"lt-LT\"},{\"@type\":\"Organization\",\"@id\":\"https:\\\/\\\/anivet.lt\\\/elparduotuve\\\/#organization\",\"name\":\"Viskas J\u016bs\u0173 \u0161uns, kat\u0117s prie\u017ei\u016brai\",\"url\":\"https:\\\/\\\/anivet.lt\\\/elparduotuve\\\/\",\"logo\":{\"@type\":\"ImageObject\",\"inLanguage\":\"lt-LT\",\"@id\":\"https:\\\/\\\/anivet.lt\\\/elparduotuve\\\/#\\\/schema\\\/logo\\\/image\\\/\",\"url\":\"https:\\\/\\\/anivet.lt\\\/elparduotuve\\\/wp-content\\\/uploads\\\/2023\\\/06\\\/logo2.jpg\",\"contentUrl\":\"https:\\\/\\\/anivet.lt\\\/elparduotuve\\\/wp-content\\\/uploads\\\/2023\\\/06\\\/logo2.jpg\",\"width\":655,\"height\":194,\"caption\":\"Viskas J\u016bs\u0173 \u0161uns, kat\u0117s prie\u017ei\u016brai\"},\"image\":{\"@id\":\"https:\\\/\\\/anivet.lt\\\/elparduotuve\\\/#\\\/schema\\\/logo\\\/image\\\/\"}}]}<\/script>\n<!-- \/ Yoast SEO Premium plugin. -->","yoast_head_json":{"title":"DRN Enteromicro Pasta Complex 15ml - anivet.lt","description":"Specialiai sukurta \u0161unims ir kat\u0117ms, siekiant suma\u017einti \u016bmius \u017earnyno absorbcijos sutrikimus ir pad\u0117ti atkurti sveik\u0105 \u017earnyno mikroflor\u0105. \u0160is papildas ypa\u010d naudingas esant diar\u0117jai, nes veikliosios med\u017eiagos apsaugo \u017earnyno gleivin\u0119, reguliuoja peristaltik\u0105 ir skatina formuot\u0173 i\u0161mat\u0173 susidarym\u0105.","robots":{"index":"index","follow":"follow","max-snippet":"max-snippet:-1","max-image-preview":"max-image-preview:large","max-video-preview":"max-video-preview:-1"},"canonical":"https:\/\/anivet.lt\/elparduotuve\/produktas\/enteromicro-pasta-complex-15ml\/","og_locale":"lt_LT","og_type":"article","og_title":"DRN Enteromicro Pasta Complex 15ml","og_description":"Specialiai sukurta \u0161unims ir kat\u0117ms, siekiant suma\u017einti \u016bmius \u017earnyno absorbcijos sutrikimus ir pad\u0117ti atkurti sveik\u0105 \u017earnyno mikroflor\u0105. \u0160is papildas ypa\u010d naudingas esant diar\u0117jai, nes veikliosios med\u017eiagos apsaugo \u017earnyno gleivin\u0119, reguliuoja peristaltik\u0105 ir skatina formuot\u0173 i\u0161mat\u0173 susidarym\u0105.","og_url":"https:\/\/anivet.lt\/elparduotuve\/produktas\/enteromicro-pasta-complex-15ml\/","og_site_name":"anivet.lt","article_modified_time":"2026-02-09T14:28:46+00:00","og_image":[{"width":1772,"height":905,"url":"https:\/\/anivet.lt\/elparduotuve\/wp-content\/uploads\/2024\/10\/enteromicro-pasta-15-ml-777060-9031.png","type":"image\/png"}],"twitter_card":"summary_large_image","twitter_misc":{"Est. reading time":"1 minut\u0117"},"schema":{"@context":"https:\/\/schema.org","@graph":[{"@type":"WebPage","@id":"https:\/\/anivet.lt\/elparduotuve\/produktas\/enteromicro-pasta-complex-15ml\/","url":"https:\/\/anivet.lt\/elparduotuve\/produktas\/enteromicro-pasta-complex-15ml\/","name":"DRN Enteromicro Pasta Complex 15ml - anivet.lt","isPartOf":{"@id":"https:\/\/anivet.lt\/elparduotuve\/#website"},"primaryImageOfPage":{"@id":"https:\/\/anivet.lt\/elparduotuve\/produktas\/enteromicro-pasta-complex-15ml\/#primaryimage"},"image":{"@id":"https:\/\/anivet.lt\/elparduotuve\/produktas\/enteromicro-pasta-complex-15ml\/#primaryimage"},"thumbnailUrl":"https:\/\/anivet.lt\/elparduotuve\/wp-content\/uploads\/2024\/10\/enteromicro-pasta-15-ml-777060-9031.png","datePublished":"2024-10-09T08:56:47+00:00","dateModified":"2026-02-09T14:28:46+00:00","description":"Specialiai sukurta \u0161unims ir kat\u0117ms, siekiant suma\u017einti \u016bmius \u017earnyno absorbcijos sutrikimus ir pad\u0117ti atkurti sveik\u0105 \u017earnyno mikroflor\u0105. \u0160is papildas ypa\u010d naudingas esant diar\u0117jai, nes veikliosios med\u017eiagos apsaugo \u017earnyno gleivin\u0119, reguliuoja peristaltik\u0105 ir skatina formuot\u0173 i\u0161mat\u0173 susidarym\u0105.","breadcrumb":{"@id":"https:\/\/anivet.lt\/elparduotuve\/produktas\/enteromicro-pasta-complex-15ml\/#breadcrumb"},"inLanguage":"lt-LT","potentialAction":[{"@type":"ReadAction","target":["https:\/\/anivet.lt\/elparduotuve\/produktas\/enteromicro-pasta-complex-15ml\/"]}]},{"@type":"ImageObject","inLanguage":"lt-LT","@id":"https:\/\/anivet.lt\/elparduotuve\/produktas\/enteromicro-pasta-complex-15ml\/#primaryimage","url":"https:\/\/anivet.lt\/elparduotuve\/wp-content\/uploads\/2024\/10\/enteromicro-pasta-15-ml-777060-9031.png","contentUrl":"https:\/\/anivet.lt\/elparduotuve\/wp-content\/uploads\/2024\/10\/enteromicro-pasta-15-ml-777060-9031.png","width":1772,"height":905,"caption":"DRN Enteromicro Pasta Complex 15ml"},{"@type":"BreadcrumbList","@id":"https:\/\/anivet.lt\/elparduotuve\/produktas\/enteromicro-pasta-complex-15ml\/#breadcrumb","itemListElement":[{"@type":"ListItem","position":1,"name":"Home","item":"https:\/\/anivet.lt\/elparduotuve\/"},{"@type":"ListItem","position":2,"name":"Produktai","item":"https:\/\/anivet.lt\/elparduotuve\/produktai\/"},{"@type":"ListItem","position":3,"name":"DRN Enteromicro Pasta Complex 15ml"}]},{"@type":"WebSite","@id":"https:\/\/anivet.lt\/elparduotuve\/#website","url":"https:\/\/anivet.lt\/elparduotuve\/","name":"anivet.lt","description":"Viskas J\u016bs\u0173 \u0161uns, kat\u0117s prie\u017ei\u016brai","publisher":{"@id":"https:\/\/anivet.lt\/elparduotuve\/#organization"},"alternateName":"Viskas J\u016bs\u0173 \u0161uns, kat\u0117s prie\u017ei\u016brai","potentialAction":[{"@type":"SearchAction","target":{"@type":"EntryPoint","urlTemplate":"https:\/\/anivet.lt\/elparduotuve\/?s={search_term_string}"},"query-input":{"@type":"PropertyValueSpecification","valueRequired":true,"valueName":"search_term_string"}}],"inLanguage":"lt-LT"},{"@type":"Organization","@id":"https:\/\/anivet.lt\/elparduotuve\/#organization","name":"Viskas J\u016bs\u0173 \u0161uns, kat\u0117s prie\u017ei\u016brai","url":"https:\/\/anivet.lt\/elparduotuve\/","logo":{"@type":"ImageObject","inLanguage":"lt-LT","@id":"https:\/\/anivet.lt\/elparduotuve\/#\/schema\/logo\/image\/","url":"https:\/\/anivet.lt\/elparduotuve\/wp-content\/uploads\/2023\/06\/logo2.jpg","contentUrl":"https:\/\/anivet.lt\/elparduotuve\/wp-content\/uploads\/2023\/06\/logo2.jpg","width":655,"height":194,"caption":"Viskas J\u016bs\u0173 \u0161uns, kat\u0117s prie\u017ei\u016brai"},"image":{"@id":"https:\/\/anivet.lt\/elparduotuve\/#\/schema\/logo\/image\/"}}]}},"_links":{"self":[{"href":"https:\/\/anivet.lt\/elparduotuve\/wp-json\/wp\/v2\/product\/14586","targetHints":{"allow":["GET"]}}],"collection":[{"href":"https:\/\/anivet.lt\/elparduotuve\/wp-json\/wp\/v2\/product"}],"about":[{"href":"https:\/\/anivet.lt\/elparduotuve\/wp-json\/wp\/v2\/types\/product"}],"wp:featuredmedia":[{"embeddable":true,"href":"https:\/\/anivet.lt\/elparduotuve\/wp-json\/wp\/v2\/media\/14588"}],"wp:attachment":[{"href":"https:\/\/anivet.lt\/elparduotuve\/wp-json\/wp\/v2\/media?parent=14586"}],"wp:term":[{"taxonomy":"product_brand","embeddable":true,"href":"https:\/\/anivet.lt\/elparduotuve\/wp-json\/wp\/v2\/product_brand?post=14586"},{"taxonomy":"product_cat","embeddable":true,"href":"https:\/\/anivet.lt\/elparduotuve\/wp-json\/wp\/v2\/product_cat?post=14586"},{"taxonomy":"product_tag","embeddable":true,"href":"https:\/\/anivet.lt\/elparduotuve\/wp-json\/wp\/v2\/product_tag?post=14586"}],"curies":[{"name":"wp","href":"https:\/\/api.w.org\/{rel}","templated":true}]}}