{"id":14589,"date":"2024-10-09T09:28:34","date_gmt":"2024-10-09T09:28:34","guid":{"rendered":"https:\/\/anivet.lt\/elparduotuve\/?post_type=product&#038;p=14589"},"modified":"2025-05-27T13:28:57","modified_gmt":"2025-05-27T13:28:57","slug":"oleoderm-kapsules-sunims-ir-katems-n60","status":"publish","type":"product","link":"https:\/\/anivet.lt\/elparduotuve\/produktas\/oleoderm-kapsules-sunims-ir-katems-n60\/","title":{"rendered":"OLEODERM kapsul\u0117s \u0161unims ir kat\u0117ms N60"},"content":{"rendered":"<ul>\n<li style=\"font-weight: 400;\" aria-level=\"1\"><span style=\"font-weight: 400;\">Omega-3 ir Omega-6 riebiosios r\u016bg\u0161tys: \u017duv\u0173 taukai ir vaistini\u0173 agurkli\u0173 aliejus praturtinti linolo ir gama-linoleno r\u016bg\u0161timis, kurios padeda palaikyti sveik\u0105 odos barjer\u0105 ir blizgant\u012f kail\u012f.<\/span><\/li>\n<li style=\"font-weight: 400;\" aria-level=\"1\"><span style=\"font-weight: 400;\">Vitamin\u0173 kompleksas: Sud\u0117tyje esantys B grup\u0117s vitaminai ir biotinas prisideda prie odos regeneracijos ir kailio augimo.<\/span><\/li>\n<li style=\"font-weight: 400;\" aria-level=\"1\"><span style=\"font-weight: 400;\">Cinkas: Padeda kovoti su u\u017edegimin\u0117mis odos reakcijomis ir gerina odos b\u016bkl\u0119.<\/span><\/li>\n<li style=\"font-weight: 400;\" aria-level=\"1\"><span style=\"font-weight: 400;\">Naudojamas esant \u012fvairioms dermatologin\u0117ms problemoms: Sebor\u0117jinis dermatitas, blus\u0173 sukeltas dermatitas ar kitos odos u\u017edegimin\u0117s reakcijos.<\/span><\/li>\n<\/ul>\n<p><span style=\"font-weight: 400;\">\u0160ios kapsul\u0117s ne tik pad\u0117s j\u016bs\u0173 augintiniui jaustis patogiai, bet ir prisid\u0117s prie ilgalaik\u0117s odos sveikatos palaikymo. Jos tinkamos tiek profilaktikai, tiek esant odos ir kailio problemoms. Puikus pasirinkimas r\u016bpinantis j\u016bs\u0173 augintinio i\u0161vaizda ir sveikata.<\/span><\/p>\n","protected":false},"excerpt":{"rendered":"<p><span style=\"font-weight: 400;\">Pa\u0161aro papildas, skirtas \u0161unims ir kat\u0117ms, padedantis palaikyti sveik\u0105 od\u0105 ir kail\u012f. \u0160is papildas ypa\u010d naudingas gyv\u016bnams, turintiems odos problem\u0173, toki\u0173 kaip nie\u017eulys, hiperkeratoz\u0117 ar intensyvus kailio slinkimas. Jis taip pat tinkamas naudoti esant atopijoms ar alergin\u0117ms reakcijoms \u012f pa\u0161ar\u0105.<\/span><\/p>\n","protected":false},"featured_media":14615,"template":"","meta":[],"product_brand":[],"product_cat":[101,102,124,113],"product_tag":[],"class_list":{"0":"post-14589","1":"product","2":"type-product","3":"status-publish","4":"has-post-thumbnail","6":"product_cat-sunims","7":"product_cat-katems","8":"product_cat-vitaminai-ir-papildai-katems","9":"product_cat-vitaminai-ir-papildai","10":"pa_prekinis-zenklas-opko","12":"first","13":"instock","14":"taxable","15":"shipping-taxable","16":"purchasable","17":"product-type-simple"},"yoast_head":"<!-- This site is optimized with the Yoast SEO Premium plugin v27.1 (Yoast SEO v27.5) - https:\/\/yoast.com\/product\/yoast-seo-premium-wordpress\/ -->\n<title>OLEODERM kapsul\u0117s \u0161unims ir kat\u0117ms N60 - anivet.lt<\/title>\n<meta name=\"description\" content=\"Pa\u0161aro papildas, skirtas \u0161unims ir kat\u0117ms, padedantis palaikyti sveik\u0105 od\u0105 ir kail\u012f. \u0160is papildas ypa\u010d naudingas gyv\u016bnams, turintiems odos problem\u0173, toki\u0173 kaip nie\u017eulys, hiperkeratoz\u0117 ar intensyvus kailio slinkimas. Jis taip pat tinkamas naudoti esant atopijoms ar alergin\u0117ms reakcijoms \u012f pa\u0161ar\u0105.\" \/>\n<meta name=\"robots\" content=\"index, follow, max-snippet:-1, max-image-preview:large, max-video-preview:-1\" \/>\n<link rel=\"canonical\" href=\"https:\/\/anivet.lt\/elparduotuve\/produktas\/oleoderm-kapsules-sunims-ir-katems-n60\/\" \/>\n<meta property=\"og:locale\" content=\"lt_LT\" \/>\n<meta property=\"og:type\" content=\"article\" \/>\n<meta property=\"og:title\" content=\"OLEODERM kapsul\u0117s \u0161unims ir kat\u0117ms N60\" \/>\n<meta property=\"og:description\" content=\"Pa\u0161aro papildas, skirtas \u0161unims ir kat\u0117ms, padedantis palaikyti sveik\u0105 od\u0105 ir kail\u012f. \u0160is papildas ypa\u010d naudingas gyv\u016bnams, turintiems odos problem\u0173, toki\u0173 kaip nie\u017eulys, hiperkeratoz\u0117 ar intensyvus kailio slinkimas. Jis taip pat tinkamas naudoti esant atopijoms ar alergin\u0117ms reakcijoms \u012f pa\u0161ar\u0105.\" \/>\n<meta property=\"og:url\" content=\"https:\/\/anivet.lt\/elparduotuve\/produktas\/oleoderm-kapsules-sunims-ir-katems-n60\/\" \/>\n<meta property=\"og:site_name\" content=\"anivet.lt\" \/>\n<meta property=\"article:modified_time\" content=\"2025-05-27T13:28:57+00:00\" \/>\n<meta property=\"og:image\" content=\"https:\/\/anivet.lt\/elparduotuve\/wp-content\/uploads\/2024\/10\/Oleoderm-N60.png\" \/>\n\t<meta property=\"og:image:width\" content=\"1000\" \/>\n\t<meta property=\"og:image:height\" content=\"1000\" \/>\n\t<meta property=\"og:image:type\" content=\"image\/png\" \/>\n<meta name=\"twitter:card\" content=\"summary_large_image\" \/>\n<meta name=\"twitter:label1\" content=\"Est. reading time\" \/>\n\t<meta name=\"twitter:data1\" content=\"1 minut\u0117\" \/>\n<script type=\"application\/ld+json\" class=\"yoast-schema-graph\">{\"@context\":\"https:\\\/\\\/schema.org\",\"@graph\":[{\"@type\":\"WebPage\",\"@id\":\"https:\\\/\\\/anivet.lt\\\/elparduotuve\\\/produktas\\\/oleoderm-kapsules-sunims-ir-katems-n60\\\/\",\"url\":\"https:\\\/\\\/anivet.lt\\\/elparduotuve\\\/produktas\\\/oleoderm-kapsules-sunims-ir-katems-n60\\\/\",\"name\":\"OLEODERM kapsul\u0117s \u0161unims ir kat\u0117ms N60 - anivet.lt\",\"isPartOf\":{\"@id\":\"https:\\\/\\\/anivet.lt\\\/elparduotuve\\\/#website\"},\"primaryImageOfPage\":{\"@id\":\"https:\\\/\\\/anivet.lt\\\/elparduotuve\\\/produktas\\\/oleoderm-kapsules-sunims-ir-katems-n60\\\/#primaryimage\"},\"image\":{\"@id\":\"https:\\\/\\\/anivet.lt\\\/elparduotuve\\\/produktas\\\/oleoderm-kapsules-sunims-ir-katems-n60\\\/#primaryimage\"},\"thumbnailUrl\":\"https:\\\/\\\/anivet.lt\\\/elparduotuve\\\/wp-content\\\/uploads\\\/2024\\\/10\\\/Oleoderm-N60.png\",\"datePublished\":\"2024-10-09T09:28:34+00:00\",\"dateModified\":\"2025-05-27T13:28:57+00:00\",\"description\":\"Pa\u0161aro papildas, skirtas \u0161unims ir kat\u0117ms, padedantis palaikyti sveik\u0105 od\u0105 ir kail\u012f. \u0160is papildas ypa\u010d naudingas gyv\u016bnams, turintiems odos problem\u0173, toki\u0173 kaip nie\u017eulys, hiperkeratoz\u0117 ar intensyvus kailio slinkimas. Jis taip pat tinkamas naudoti esant atopijoms ar alergin\u0117ms reakcijoms \u012f pa\u0161ar\u0105.\",\"breadcrumb\":{\"@id\":\"https:\\\/\\\/anivet.lt\\\/elparduotuve\\\/produktas\\\/oleoderm-kapsules-sunims-ir-katems-n60\\\/#breadcrumb\"},\"inLanguage\":\"lt-LT\",\"potentialAction\":[{\"@type\":\"ReadAction\",\"target\":[\"https:\\\/\\\/anivet.lt\\\/elparduotuve\\\/produktas\\\/oleoderm-kapsules-sunims-ir-katems-n60\\\/\"]}]},{\"@type\":\"ImageObject\",\"inLanguage\":\"lt-LT\",\"@id\":\"https:\\\/\\\/anivet.lt\\\/elparduotuve\\\/produktas\\\/oleoderm-kapsules-sunims-ir-katems-n60\\\/#primaryimage\",\"url\":\"https:\\\/\\\/anivet.lt\\\/elparduotuve\\\/wp-content\\\/uploads\\\/2024\\\/10\\\/Oleoderm-N60.png\",\"contentUrl\":\"https:\\\/\\\/anivet.lt\\\/elparduotuve\\\/wp-content\\\/uploads\\\/2024\\\/10\\\/Oleoderm-N60.png\",\"width\":1000,\"height\":1000,\"caption\":\"OLEODERM kapsul\u0117s \u0161unims ir kat\u0117ms N60\"},{\"@type\":\"BreadcrumbList\",\"@id\":\"https:\\\/\\\/anivet.lt\\\/elparduotuve\\\/produktas\\\/oleoderm-kapsules-sunims-ir-katems-n60\\\/#breadcrumb\",\"itemListElement\":[{\"@type\":\"ListItem\",\"position\":1,\"name\":\"Home\",\"item\":\"https:\\\/\\\/anivet.lt\\\/elparduotuve\\\/\"},{\"@type\":\"ListItem\",\"position\":2,\"name\":\"Produktai\",\"item\":\"https:\\\/\\\/anivet.lt\\\/elparduotuve\\\/produktai\\\/\"},{\"@type\":\"ListItem\",\"position\":3,\"name\":\"OLEODERM kapsul\u0117s \u0161unims ir kat\u0117ms N60\"}]},{\"@type\":\"WebSite\",\"@id\":\"https:\\\/\\\/anivet.lt\\\/elparduotuve\\\/#website\",\"url\":\"https:\\\/\\\/anivet.lt\\\/elparduotuve\\\/\",\"name\":\"anivet.lt\",\"description\":\"Viskas J\u016bs\u0173 \u0161uns, kat\u0117s prie\u017ei\u016brai\",\"publisher\":{\"@id\":\"https:\\\/\\\/anivet.lt\\\/elparduotuve\\\/#organization\"},\"alternateName\":\"Viskas J\u016bs\u0173 \u0161uns, kat\u0117s prie\u017ei\u016brai\",\"potentialAction\":[{\"@type\":\"SearchAction\",\"target\":{\"@type\":\"EntryPoint\",\"urlTemplate\":\"https:\\\/\\\/anivet.lt\\\/elparduotuve\\\/?s={search_term_string}\"},\"query-input\":{\"@type\":\"PropertyValueSpecification\",\"valueRequired\":true,\"valueName\":\"search_term_string\"}}],\"inLanguage\":\"lt-LT\"},{\"@type\":\"Organization\",\"@id\":\"https:\\\/\\\/anivet.lt\\\/elparduotuve\\\/#organization\",\"name\":\"Viskas J\u016bs\u0173 \u0161uns, kat\u0117s prie\u017ei\u016brai\",\"url\":\"https:\\\/\\\/anivet.lt\\\/elparduotuve\\\/\",\"logo\":{\"@type\":\"ImageObject\",\"inLanguage\":\"lt-LT\",\"@id\":\"https:\\\/\\\/anivet.lt\\\/elparduotuve\\\/#\\\/schema\\\/logo\\\/image\\\/\",\"url\":\"https:\\\/\\\/anivet.lt\\\/elparduotuve\\\/wp-content\\\/uploads\\\/2023\\\/06\\\/logo2.jpg\",\"contentUrl\":\"https:\\\/\\\/anivet.lt\\\/elparduotuve\\\/wp-content\\\/uploads\\\/2023\\\/06\\\/logo2.jpg\",\"width\":655,\"height\":194,\"caption\":\"Viskas J\u016bs\u0173 \u0161uns, kat\u0117s prie\u017ei\u016brai\"},\"image\":{\"@id\":\"https:\\\/\\\/anivet.lt\\\/elparduotuve\\\/#\\\/schema\\\/logo\\\/image\\\/\"}}]}<\/script>\n<!-- \/ Yoast SEO Premium plugin. -->","yoast_head_json":{"title":"OLEODERM kapsul\u0117s \u0161unims ir kat\u0117ms N60 - anivet.lt","description":"Pa\u0161aro papildas, skirtas \u0161unims ir kat\u0117ms, padedantis palaikyti sveik\u0105 od\u0105 ir kail\u012f. \u0160is papildas ypa\u010d naudingas gyv\u016bnams, turintiems odos problem\u0173, toki\u0173 kaip nie\u017eulys, hiperkeratoz\u0117 ar intensyvus kailio slinkimas. Jis taip pat tinkamas naudoti esant atopijoms ar alergin\u0117ms reakcijoms \u012f pa\u0161ar\u0105.","robots":{"index":"index","follow":"follow","max-snippet":"max-snippet:-1","max-image-preview":"max-image-preview:large","max-video-preview":"max-video-preview:-1"},"canonical":"https:\/\/anivet.lt\/elparduotuve\/produktas\/oleoderm-kapsules-sunims-ir-katems-n60\/","og_locale":"lt_LT","og_type":"article","og_title":"OLEODERM kapsul\u0117s \u0161unims ir kat\u0117ms N60","og_description":"Pa\u0161aro papildas, skirtas \u0161unims ir kat\u0117ms, padedantis palaikyti sveik\u0105 od\u0105 ir kail\u012f. \u0160is papildas ypa\u010d naudingas gyv\u016bnams, turintiems odos problem\u0173, toki\u0173 kaip nie\u017eulys, hiperkeratoz\u0117 ar intensyvus kailio slinkimas. Jis taip pat tinkamas naudoti esant atopijoms ar alergin\u0117ms reakcijoms \u012f pa\u0161ar\u0105.","og_url":"https:\/\/anivet.lt\/elparduotuve\/produktas\/oleoderm-kapsules-sunims-ir-katems-n60\/","og_site_name":"anivet.lt","article_modified_time":"2025-05-27T13:28:57+00:00","og_image":[{"width":1000,"height":1000,"url":"https:\/\/anivet.lt\/elparduotuve\/wp-content\/uploads\/2024\/10\/Oleoderm-N60.png","type":"image\/png"}],"twitter_card":"summary_large_image","twitter_misc":{"Est. reading time":"1 minut\u0117"},"schema":{"@context":"https:\/\/schema.org","@graph":[{"@type":"WebPage","@id":"https:\/\/anivet.lt\/elparduotuve\/produktas\/oleoderm-kapsules-sunims-ir-katems-n60\/","url":"https:\/\/anivet.lt\/elparduotuve\/produktas\/oleoderm-kapsules-sunims-ir-katems-n60\/","name":"OLEODERM kapsul\u0117s \u0161unims ir kat\u0117ms N60 - anivet.lt","isPartOf":{"@id":"https:\/\/anivet.lt\/elparduotuve\/#website"},"primaryImageOfPage":{"@id":"https:\/\/anivet.lt\/elparduotuve\/produktas\/oleoderm-kapsules-sunims-ir-katems-n60\/#primaryimage"},"image":{"@id":"https:\/\/anivet.lt\/elparduotuve\/produktas\/oleoderm-kapsules-sunims-ir-katems-n60\/#primaryimage"},"thumbnailUrl":"https:\/\/anivet.lt\/elparduotuve\/wp-content\/uploads\/2024\/10\/Oleoderm-N60.png","datePublished":"2024-10-09T09:28:34+00:00","dateModified":"2025-05-27T13:28:57+00:00","description":"Pa\u0161aro papildas, skirtas \u0161unims ir kat\u0117ms, padedantis palaikyti sveik\u0105 od\u0105 ir kail\u012f. \u0160is papildas ypa\u010d naudingas gyv\u016bnams, turintiems odos problem\u0173, toki\u0173 kaip nie\u017eulys, hiperkeratoz\u0117 ar intensyvus kailio slinkimas. Jis taip pat tinkamas naudoti esant atopijoms ar alergin\u0117ms reakcijoms \u012f pa\u0161ar\u0105.","breadcrumb":{"@id":"https:\/\/anivet.lt\/elparduotuve\/produktas\/oleoderm-kapsules-sunims-ir-katems-n60\/#breadcrumb"},"inLanguage":"lt-LT","potentialAction":[{"@type":"ReadAction","target":["https:\/\/anivet.lt\/elparduotuve\/produktas\/oleoderm-kapsules-sunims-ir-katems-n60\/"]}]},{"@type":"ImageObject","inLanguage":"lt-LT","@id":"https:\/\/anivet.lt\/elparduotuve\/produktas\/oleoderm-kapsules-sunims-ir-katems-n60\/#primaryimage","url":"https:\/\/anivet.lt\/elparduotuve\/wp-content\/uploads\/2024\/10\/Oleoderm-N60.png","contentUrl":"https:\/\/anivet.lt\/elparduotuve\/wp-content\/uploads\/2024\/10\/Oleoderm-N60.png","width":1000,"height":1000,"caption":"OLEODERM kapsul\u0117s \u0161unims ir kat\u0117ms N60"},{"@type":"BreadcrumbList","@id":"https:\/\/anivet.lt\/elparduotuve\/produktas\/oleoderm-kapsules-sunims-ir-katems-n60\/#breadcrumb","itemListElement":[{"@type":"ListItem","position":1,"name":"Home","item":"https:\/\/anivet.lt\/elparduotuve\/"},{"@type":"ListItem","position":2,"name":"Produktai","item":"https:\/\/anivet.lt\/elparduotuve\/produktai\/"},{"@type":"ListItem","position":3,"name":"OLEODERM kapsul\u0117s \u0161unims ir kat\u0117ms N60"}]},{"@type":"WebSite","@id":"https:\/\/anivet.lt\/elparduotuve\/#website","url":"https:\/\/anivet.lt\/elparduotuve\/","name":"anivet.lt","description":"Viskas J\u016bs\u0173 \u0161uns, kat\u0117s prie\u017ei\u016brai","publisher":{"@id":"https:\/\/anivet.lt\/elparduotuve\/#organization"},"alternateName":"Viskas J\u016bs\u0173 \u0161uns, kat\u0117s prie\u017ei\u016brai","potentialAction":[{"@type":"SearchAction","target":{"@type":"EntryPoint","urlTemplate":"https:\/\/anivet.lt\/elparduotuve\/?s={search_term_string}"},"query-input":{"@type":"PropertyValueSpecification","valueRequired":true,"valueName":"search_term_string"}}],"inLanguage":"lt-LT"},{"@type":"Organization","@id":"https:\/\/anivet.lt\/elparduotuve\/#organization","name":"Viskas J\u016bs\u0173 \u0161uns, kat\u0117s prie\u017ei\u016brai","url":"https:\/\/anivet.lt\/elparduotuve\/","logo":{"@type":"ImageObject","inLanguage":"lt-LT","@id":"https:\/\/anivet.lt\/elparduotuve\/#\/schema\/logo\/image\/","url":"https:\/\/anivet.lt\/elparduotuve\/wp-content\/uploads\/2023\/06\/logo2.jpg","contentUrl":"https:\/\/anivet.lt\/elparduotuve\/wp-content\/uploads\/2023\/06\/logo2.jpg","width":655,"height":194,"caption":"Viskas J\u016bs\u0173 \u0161uns, kat\u0117s prie\u017ei\u016brai"},"image":{"@id":"https:\/\/anivet.lt\/elparduotuve\/#\/schema\/logo\/image\/"}}]}},"_links":{"self":[{"href":"https:\/\/anivet.lt\/elparduotuve\/wp-json\/wp\/v2\/product\/14589","targetHints":{"allow":["GET"]}}],"collection":[{"href":"https:\/\/anivet.lt\/elparduotuve\/wp-json\/wp\/v2\/product"}],"about":[{"href":"https:\/\/anivet.lt\/elparduotuve\/wp-json\/wp\/v2\/types\/product"}],"wp:featuredmedia":[{"embeddable":true,"href":"https:\/\/anivet.lt\/elparduotuve\/wp-json\/wp\/v2\/media\/14615"}],"wp:attachment":[{"href":"https:\/\/anivet.lt\/elparduotuve\/wp-json\/wp\/v2\/media?parent=14589"}],"wp:term":[{"taxonomy":"product_brand","embeddable":true,"href":"https:\/\/anivet.lt\/elparduotuve\/wp-json\/wp\/v2\/product_brand?post=14589"},{"taxonomy":"product_cat","embeddable":true,"href":"https:\/\/anivet.lt\/elparduotuve\/wp-json\/wp\/v2\/product_cat?post=14589"},{"taxonomy":"product_tag","embeddable":true,"href":"https:\/\/anivet.lt\/elparduotuve\/wp-json\/wp\/v2\/product_tag?post=14589"}],"curies":[{"name":"wp","href":"https:\/\/api.w.org\/{rel}","templated":true}]}}