{"id":14591,"date":"2024-10-09T09:38:39","date_gmt":"2024-10-09T09:38:39","guid":{"rendered":"https:\/\/anivet.lt\/elparduotuve\/?post_type=product&#038;p=14591"},"modified":"2025-05-27T13:28:58","modified_gmt":"2025-05-27T13:28:58","slug":"dermadiet-sunims-n60","status":"publish","type":"product","link":"https:\/\/anivet.lt\/elparduotuve\/produktas\/dermadiet-sunims-n60\/","title":{"rendered":"Dermadiet odai bei kailiui \u0161unims N60"},"content":{"rendered":"<ul>\n<li style=\"font-weight: 400;\" aria-level=\"1\"><span style=\"font-weight: 400;\">Kolageno \u0161altinis: Fermentiniu b\u016bdu hidrolizuotas kiaul\u0117s kolagenas padeda stiprinti od\u0105 ir palaiko jos elastingum\u0105.<\/span><\/li>\n<li style=\"font-weight: 400;\" aria-level=\"1\"><span style=\"font-weight: 400;\">Omega-3 riebal\u0173 r\u016bg\u0161tys: \u017duv\u0173 taukai skatina sveik\u0105 odos b\u016bkl\u0119 ir suteikia kailiui blizgesio.<\/span><\/li>\n<li style=\"font-weight: 400;\" aria-level=\"1\"><span style=\"font-weight: 400;\">B grup\u0117s vitaminai: Biotinas, niacinas ir kiti vitaminai skatina odos regeneracij\u0105 ir kailio augim\u0105.<\/span><\/li>\n<li style=\"font-weight: 400;\" aria-level=\"1\"><span style=\"font-weight: 400;\">Cinkas: Gyvybi\u0161kai svarbus mikroelementas, padedantis spr\u0119sti cinko tr\u016bkumo problemas ir ma\u017einti kailio slinkim\u0105.<\/span><\/li>\n<li style=\"font-weight: 400;\" aria-level=\"1\"><span style=\"font-weight: 400;\">Nat\u016brali sud\u0117tis: Papildai praturtinti lengvai \u012fsisavinamais ingredientais, kurie optimaliai maitina \u0161uns od\u0105 ir kail\u012f.<\/span><\/li>\n<\/ul>\n<p><span style=\"font-weight: 400;\">Veiksmingas sprendimas, kai \u0161uns oda ir kailis reikalauja papildomos prie\u017ei\u016bros. \u0160ie papildai u\u017etikrina ne tik esteti\u0161kai gra\u017ei\u0105 i\u0161vaizd\u0105, bet ir j\u016bs\u0173 augintinio komfort\u0105 bei ger\u0105 savijaut\u0105.<\/span><\/p>\n","protected":false},"excerpt":{"rendered":"<p><span style=\"font-weight: 400;\">Specialiai sukurti papildai, apr\u016bpinantys \u0161unis svarbiausiomis maisto med\u017eiagomis, kurios padeda palaikyti sveik\u0105 od\u0105 ir blizgant\u012f kail\u012f. Ypa\u010d tinkamas \u0161iaurini\u0173 ir spar\u010diai augan\u010di\u0173 veisli\u0173 \u0161unims, kurie gali susidurti su cinko tr\u016bkumu ar per dideliu kailio netekimu.<\/span><\/p>\n","protected":false},"featured_media":14616,"template":"","meta":[],"product_brand":[],"product_cat":[101,113],"product_tag":[],"class_list":{"0":"post-14591","1":"product","2":"type-product","3":"status-publish","4":"has-post-thumbnail","6":"product_cat-sunims","7":"product_cat-vitaminai-ir-papildai","8":"pa_prekinis-zenklas-opko","10":"first","11":"instock","12":"taxable","13":"shipping-taxable","14":"purchasable","15":"product-type-simple"},"yoast_head":"<!-- This site is optimized with the Yoast SEO Premium plugin v27.1 (Yoast SEO v27.5) - https:\/\/yoast.com\/product\/yoast-seo-premium-wordpress\/ -->\n<title>Dermadiet odai bei kailiui \u0161unims N60 - anivet.lt<\/title>\n<meta name=\"description\" content=\"Specialiai sukurti papildai, apr\u016bpinantys \u0161unis svarbiausiomis maisto med\u017eiagomis, kurios padeda palaikyti sveik\u0105 od\u0105 ir blizgant\u012f kail\u012f. Ypa\u010d tinkamas \u0161iaurini\u0173 ir spar\u010diai augan\u010di\u0173 veisli\u0173 \u0161unims, kurie gali susidurti su cinko tr\u016bkumu ar per dideliu kailio netekimu.\" \/>\n<meta name=\"robots\" content=\"index, follow, max-snippet:-1, max-image-preview:large, max-video-preview:-1\" \/>\n<link rel=\"canonical\" href=\"https:\/\/anivet.lt\/elparduotuve\/produktas\/dermadiet-sunims-n60\/\" \/>\n<meta property=\"og:locale\" content=\"lt_LT\" \/>\n<meta property=\"og:type\" content=\"article\" \/>\n<meta property=\"og:title\" content=\"Dermadiet odai bei kailiui \u0161unims N60\" \/>\n<meta property=\"og:description\" content=\"Specialiai sukurti papildai, apr\u016bpinantys \u0161unis svarbiausiomis maisto med\u017eiagomis, kurios padeda palaikyti sveik\u0105 od\u0105 ir blizgant\u012f kail\u012f. Ypa\u010d tinkamas \u0161iaurini\u0173 ir spar\u010diai augan\u010di\u0173 veisli\u0173 \u0161unims, kurie gali susidurti su cinko tr\u016bkumu ar per dideliu kailio netekimu.\" \/>\n<meta property=\"og:url\" content=\"https:\/\/anivet.lt\/elparduotuve\/produktas\/dermadiet-sunims-n60\/\" \/>\n<meta property=\"og:site_name\" content=\"anivet.lt\" \/>\n<meta property=\"article:modified_time\" content=\"2025-05-27T13:28:58+00:00\" \/>\n<meta property=\"og:image\" content=\"https:\/\/anivet.lt\/elparduotuve\/wp-content\/uploads\/2024\/10\/Dermadiet-N60.png\" \/>\n\t<meta property=\"og:image:width\" content=\"650\" \/>\n\t<meta property=\"og:image:height\" content=\"650\" \/>\n\t<meta property=\"og:image:type\" content=\"image\/png\" \/>\n<meta name=\"twitter:card\" content=\"summary_large_image\" \/>\n<meta name=\"twitter:label1\" content=\"Est. reading time\" \/>\n\t<meta name=\"twitter:data1\" content=\"1 minut\u0117\" \/>\n<script type=\"application\/ld+json\" class=\"yoast-schema-graph\">{\"@context\":\"https:\\\/\\\/schema.org\",\"@graph\":[{\"@type\":\"WebPage\",\"@id\":\"https:\\\/\\\/anivet.lt\\\/elparduotuve\\\/produktas\\\/dermadiet-sunims-n60\\\/\",\"url\":\"https:\\\/\\\/anivet.lt\\\/elparduotuve\\\/produktas\\\/dermadiet-sunims-n60\\\/\",\"name\":\"Dermadiet odai bei kailiui \u0161unims N60 - anivet.lt\",\"isPartOf\":{\"@id\":\"https:\\\/\\\/anivet.lt\\\/elparduotuve\\\/#website\"},\"primaryImageOfPage\":{\"@id\":\"https:\\\/\\\/anivet.lt\\\/elparduotuve\\\/produktas\\\/dermadiet-sunims-n60\\\/#primaryimage\"},\"image\":{\"@id\":\"https:\\\/\\\/anivet.lt\\\/elparduotuve\\\/produktas\\\/dermadiet-sunims-n60\\\/#primaryimage\"},\"thumbnailUrl\":\"https:\\\/\\\/anivet.lt\\\/elparduotuve\\\/wp-content\\\/uploads\\\/2024\\\/10\\\/Dermadiet-N60.png\",\"datePublished\":\"2024-10-09T09:38:39+00:00\",\"dateModified\":\"2025-05-27T13:28:58+00:00\",\"description\":\"Specialiai sukurti papildai, apr\u016bpinantys \u0161unis svarbiausiomis maisto med\u017eiagomis, kurios padeda palaikyti sveik\u0105 od\u0105 ir blizgant\u012f kail\u012f. Ypa\u010d tinkamas \u0161iaurini\u0173 ir spar\u010diai augan\u010di\u0173 veisli\u0173 \u0161unims, kurie gali susidurti su cinko tr\u016bkumu ar per dideliu kailio netekimu.\",\"breadcrumb\":{\"@id\":\"https:\\\/\\\/anivet.lt\\\/elparduotuve\\\/produktas\\\/dermadiet-sunims-n60\\\/#breadcrumb\"},\"inLanguage\":\"lt-LT\",\"potentialAction\":[{\"@type\":\"ReadAction\",\"target\":[\"https:\\\/\\\/anivet.lt\\\/elparduotuve\\\/produktas\\\/dermadiet-sunims-n60\\\/\"]}]},{\"@type\":\"ImageObject\",\"inLanguage\":\"lt-LT\",\"@id\":\"https:\\\/\\\/anivet.lt\\\/elparduotuve\\\/produktas\\\/dermadiet-sunims-n60\\\/#primaryimage\",\"url\":\"https:\\\/\\\/anivet.lt\\\/elparduotuve\\\/wp-content\\\/uploads\\\/2024\\\/10\\\/Dermadiet-N60.png\",\"contentUrl\":\"https:\\\/\\\/anivet.lt\\\/elparduotuve\\\/wp-content\\\/uploads\\\/2024\\\/10\\\/Dermadiet-N60.png\",\"width\":650,\"height\":650,\"caption\":\"Dermadiet odai bei kailiui \u0161unims N60\"},{\"@type\":\"BreadcrumbList\",\"@id\":\"https:\\\/\\\/anivet.lt\\\/elparduotuve\\\/produktas\\\/dermadiet-sunims-n60\\\/#breadcrumb\",\"itemListElement\":[{\"@type\":\"ListItem\",\"position\":1,\"name\":\"Home\",\"item\":\"https:\\\/\\\/anivet.lt\\\/elparduotuve\\\/\"},{\"@type\":\"ListItem\",\"position\":2,\"name\":\"Produktai\",\"item\":\"https:\\\/\\\/anivet.lt\\\/elparduotuve\\\/produktai\\\/\"},{\"@type\":\"ListItem\",\"position\":3,\"name\":\"Dermadiet odai bei kailiui \u0161unims N60\"}]},{\"@type\":\"WebSite\",\"@id\":\"https:\\\/\\\/anivet.lt\\\/elparduotuve\\\/#website\",\"url\":\"https:\\\/\\\/anivet.lt\\\/elparduotuve\\\/\",\"name\":\"anivet.lt\",\"description\":\"Viskas J\u016bs\u0173 \u0161uns, kat\u0117s prie\u017ei\u016brai\",\"publisher\":{\"@id\":\"https:\\\/\\\/anivet.lt\\\/elparduotuve\\\/#organization\"},\"alternateName\":\"Viskas J\u016bs\u0173 \u0161uns, kat\u0117s prie\u017ei\u016brai\",\"potentialAction\":[{\"@type\":\"SearchAction\",\"target\":{\"@type\":\"EntryPoint\",\"urlTemplate\":\"https:\\\/\\\/anivet.lt\\\/elparduotuve\\\/?s={search_term_string}\"},\"query-input\":{\"@type\":\"PropertyValueSpecification\",\"valueRequired\":true,\"valueName\":\"search_term_string\"}}],\"inLanguage\":\"lt-LT\"},{\"@type\":\"Organization\",\"@id\":\"https:\\\/\\\/anivet.lt\\\/elparduotuve\\\/#organization\",\"name\":\"Viskas J\u016bs\u0173 \u0161uns, kat\u0117s prie\u017ei\u016brai\",\"url\":\"https:\\\/\\\/anivet.lt\\\/elparduotuve\\\/\",\"logo\":{\"@type\":\"ImageObject\",\"inLanguage\":\"lt-LT\",\"@id\":\"https:\\\/\\\/anivet.lt\\\/elparduotuve\\\/#\\\/schema\\\/logo\\\/image\\\/\",\"url\":\"https:\\\/\\\/anivet.lt\\\/elparduotuve\\\/wp-content\\\/uploads\\\/2023\\\/06\\\/logo2.jpg\",\"contentUrl\":\"https:\\\/\\\/anivet.lt\\\/elparduotuve\\\/wp-content\\\/uploads\\\/2023\\\/06\\\/logo2.jpg\",\"width\":655,\"height\":194,\"caption\":\"Viskas J\u016bs\u0173 \u0161uns, kat\u0117s prie\u017ei\u016brai\"},\"image\":{\"@id\":\"https:\\\/\\\/anivet.lt\\\/elparduotuve\\\/#\\\/schema\\\/logo\\\/image\\\/\"}}]}<\/script>\n<!-- \/ Yoast SEO Premium plugin. -->","yoast_head_json":{"title":"Dermadiet odai bei kailiui \u0161unims N60 - anivet.lt","description":"Specialiai sukurti papildai, apr\u016bpinantys \u0161unis svarbiausiomis maisto med\u017eiagomis, kurios padeda palaikyti sveik\u0105 od\u0105 ir blizgant\u012f kail\u012f. Ypa\u010d tinkamas \u0161iaurini\u0173 ir spar\u010diai augan\u010di\u0173 veisli\u0173 \u0161unims, kurie gali susidurti su cinko tr\u016bkumu ar per dideliu kailio netekimu.","robots":{"index":"index","follow":"follow","max-snippet":"max-snippet:-1","max-image-preview":"max-image-preview:large","max-video-preview":"max-video-preview:-1"},"canonical":"https:\/\/anivet.lt\/elparduotuve\/produktas\/dermadiet-sunims-n60\/","og_locale":"lt_LT","og_type":"article","og_title":"Dermadiet odai bei kailiui \u0161unims N60","og_description":"Specialiai sukurti papildai, apr\u016bpinantys \u0161unis svarbiausiomis maisto med\u017eiagomis, kurios padeda palaikyti sveik\u0105 od\u0105 ir blizgant\u012f kail\u012f. Ypa\u010d tinkamas \u0161iaurini\u0173 ir spar\u010diai augan\u010di\u0173 veisli\u0173 \u0161unims, kurie gali susidurti su cinko tr\u016bkumu ar per dideliu kailio netekimu.","og_url":"https:\/\/anivet.lt\/elparduotuve\/produktas\/dermadiet-sunims-n60\/","og_site_name":"anivet.lt","article_modified_time":"2025-05-27T13:28:58+00:00","og_image":[{"width":650,"height":650,"url":"https:\/\/anivet.lt\/elparduotuve\/wp-content\/uploads\/2024\/10\/Dermadiet-N60.png","type":"image\/png"}],"twitter_card":"summary_large_image","twitter_misc":{"Est. reading time":"1 minut\u0117"},"schema":{"@context":"https:\/\/schema.org","@graph":[{"@type":"WebPage","@id":"https:\/\/anivet.lt\/elparduotuve\/produktas\/dermadiet-sunims-n60\/","url":"https:\/\/anivet.lt\/elparduotuve\/produktas\/dermadiet-sunims-n60\/","name":"Dermadiet odai bei kailiui \u0161unims N60 - anivet.lt","isPartOf":{"@id":"https:\/\/anivet.lt\/elparduotuve\/#website"},"primaryImageOfPage":{"@id":"https:\/\/anivet.lt\/elparduotuve\/produktas\/dermadiet-sunims-n60\/#primaryimage"},"image":{"@id":"https:\/\/anivet.lt\/elparduotuve\/produktas\/dermadiet-sunims-n60\/#primaryimage"},"thumbnailUrl":"https:\/\/anivet.lt\/elparduotuve\/wp-content\/uploads\/2024\/10\/Dermadiet-N60.png","datePublished":"2024-10-09T09:38:39+00:00","dateModified":"2025-05-27T13:28:58+00:00","description":"Specialiai sukurti papildai, apr\u016bpinantys \u0161unis svarbiausiomis maisto med\u017eiagomis, kurios padeda palaikyti sveik\u0105 od\u0105 ir blizgant\u012f kail\u012f. Ypa\u010d tinkamas \u0161iaurini\u0173 ir spar\u010diai augan\u010di\u0173 veisli\u0173 \u0161unims, kurie gali susidurti su cinko tr\u016bkumu ar per dideliu kailio netekimu.","breadcrumb":{"@id":"https:\/\/anivet.lt\/elparduotuve\/produktas\/dermadiet-sunims-n60\/#breadcrumb"},"inLanguage":"lt-LT","potentialAction":[{"@type":"ReadAction","target":["https:\/\/anivet.lt\/elparduotuve\/produktas\/dermadiet-sunims-n60\/"]}]},{"@type":"ImageObject","inLanguage":"lt-LT","@id":"https:\/\/anivet.lt\/elparduotuve\/produktas\/dermadiet-sunims-n60\/#primaryimage","url":"https:\/\/anivet.lt\/elparduotuve\/wp-content\/uploads\/2024\/10\/Dermadiet-N60.png","contentUrl":"https:\/\/anivet.lt\/elparduotuve\/wp-content\/uploads\/2024\/10\/Dermadiet-N60.png","width":650,"height":650,"caption":"Dermadiet odai bei kailiui \u0161unims N60"},{"@type":"BreadcrumbList","@id":"https:\/\/anivet.lt\/elparduotuve\/produktas\/dermadiet-sunims-n60\/#breadcrumb","itemListElement":[{"@type":"ListItem","position":1,"name":"Home","item":"https:\/\/anivet.lt\/elparduotuve\/"},{"@type":"ListItem","position":2,"name":"Produktai","item":"https:\/\/anivet.lt\/elparduotuve\/produktai\/"},{"@type":"ListItem","position":3,"name":"Dermadiet odai bei kailiui \u0161unims N60"}]},{"@type":"WebSite","@id":"https:\/\/anivet.lt\/elparduotuve\/#website","url":"https:\/\/anivet.lt\/elparduotuve\/","name":"anivet.lt","description":"Viskas J\u016bs\u0173 \u0161uns, kat\u0117s prie\u017ei\u016brai","publisher":{"@id":"https:\/\/anivet.lt\/elparduotuve\/#organization"},"alternateName":"Viskas J\u016bs\u0173 \u0161uns, kat\u0117s prie\u017ei\u016brai","potentialAction":[{"@type":"SearchAction","target":{"@type":"EntryPoint","urlTemplate":"https:\/\/anivet.lt\/elparduotuve\/?s={search_term_string}"},"query-input":{"@type":"PropertyValueSpecification","valueRequired":true,"valueName":"search_term_string"}}],"inLanguage":"lt-LT"},{"@type":"Organization","@id":"https:\/\/anivet.lt\/elparduotuve\/#organization","name":"Viskas J\u016bs\u0173 \u0161uns, kat\u0117s prie\u017ei\u016brai","url":"https:\/\/anivet.lt\/elparduotuve\/","logo":{"@type":"ImageObject","inLanguage":"lt-LT","@id":"https:\/\/anivet.lt\/elparduotuve\/#\/schema\/logo\/image\/","url":"https:\/\/anivet.lt\/elparduotuve\/wp-content\/uploads\/2023\/06\/logo2.jpg","contentUrl":"https:\/\/anivet.lt\/elparduotuve\/wp-content\/uploads\/2023\/06\/logo2.jpg","width":655,"height":194,"caption":"Viskas J\u016bs\u0173 \u0161uns, kat\u0117s prie\u017ei\u016brai"},"image":{"@id":"https:\/\/anivet.lt\/elparduotuve\/#\/schema\/logo\/image\/"}}]}},"_links":{"self":[{"href":"https:\/\/anivet.lt\/elparduotuve\/wp-json\/wp\/v2\/product\/14591","targetHints":{"allow":["GET"]}}],"collection":[{"href":"https:\/\/anivet.lt\/elparduotuve\/wp-json\/wp\/v2\/product"}],"about":[{"href":"https:\/\/anivet.lt\/elparduotuve\/wp-json\/wp\/v2\/types\/product"}],"wp:featuredmedia":[{"embeddable":true,"href":"https:\/\/anivet.lt\/elparduotuve\/wp-json\/wp\/v2\/media\/14616"}],"wp:attachment":[{"href":"https:\/\/anivet.lt\/elparduotuve\/wp-json\/wp\/v2\/media?parent=14591"}],"wp:term":[{"taxonomy":"product_brand","embeddable":true,"href":"https:\/\/anivet.lt\/elparduotuve\/wp-json\/wp\/v2\/product_brand?post=14591"},{"taxonomy":"product_cat","embeddable":true,"href":"https:\/\/anivet.lt\/elparduotuve\/wp-json\/wp\/v2\/product_cat?post=14591"},{"taxonomy":"product_tag","embeddable":true,"href":"https:\/\/anivet.lt\/elparduotuve\/wp-json\/wp\/v2\/product_tag?post=14591"}],"curies":[{"name":"wp","href":"https:\/\/api.w.org\/{rel}","templated":true}]}}