{"id":14593,"date":"2024-10-09T10:00:33","date_gmt":"2024-10-09T10:00:33","guid":{"rendered":"https:\/\/anivet.lt\/elparduotuve\/?post_type=product&#038;p=14593"},"modified":"2026-04-03T17:32:44","modified_gmt":"2026-04-03T17:32:44","slug":"calci-delice-sunims-n30","status":"publish","type":"product","link":"https:\/\/anivet.lt\/elparduotuve\/produktas\/calci-delice-sunims-n30\/","title":{"rendered":"Calci Delice \u0161unims N30"},"content":{"rendered":"<ul>\n<li style=\"font-weight: 400\"><span style=\"font-weight: 400\">Optimalus mineral\u0173 santykis: Kalcio ir fosforo santykis (2:1) u\u017etikrina kaul\u0173 ir dant\u0173 sveikat\u0105.<\/span><\/li>\n<li style=\"font-weight: 400\"><span style=\"font-weight: 400\">Praturtintas vitaminu D3: Vitaminas D3 (49500 TV\/kg) padeda efektyviau \u012fsisavinti mineralus ir gerina j\u0173 apykait\u0105.<\/span><\/li>\n<li style=\"font-weight: 400\"><span style=\"font-weight: 400\">Tinka ypatingiems gyvenimo etapams: Rekomenduojamas augantiems \u0161uniukams bei \u017eindan\u010dioms kal\u0117ms, kai mineral\u0173 poreikis yra didesnis.<\/span><\/li>\n<li style=\"font-weight: 400\"><span style=\"font-weight: 400\">Nat\u016bral\u016bs ingredientai: Sud\u0117tyje yra dikalcio fosfatas, kalcio karbonatas, m\u0117sa (antiena), laktoz\u0117 ir sacharoz\u0117, kurie suteikia papildomo skonio ir maistin\u0117s vert\u0117s.<\/span><\/li>\n<li style=\"font-weight: 400\"><span style=\"font-weight: 400\">Papildomas fosforas ir kalcis: Fosforas (9,4%) ir kalcis (19,7%) padeda palaikyti sveikus kaulus, dantis ir raumen\u0173 funkcij\u0105.<\/span><\/li>\n<\/ul>\n<p><span style=\"font-weight: 400\">Lengvai naudojamas ir efektyvus b\u016bdas papildyti \u0161un\u0173 mityb\u0105 b\u016btiniausiais mineralais ir vitaminais, reikalingais sveikam augimui ir gerovei.\u00a0<\/span><\/p>\n","protected":false},"excerpt":{"rendered":"<p><span style=\"font-weight: 400\">Pa\u0161aro papildas, skirtas u\u017etikrinti optimal\u0173 kalcio ir fosforo balans\u0105 \u0161un\u0173 mityboje. Su idealiu \u0161i\u0173 mineral\u0173 santykiu (2:1) ir vitaminu D3, kuris skatina j\u0173 \u012fsisavinim\u0105, \u0161is papildas yra puikus pasirinkimas augantiems \u0161uniukams ir \u017eindan\u010dioms kal\u0117ms.<\/span><\/p>\n","protected":false},"featured_media":14594,"template":"","meta":[],"product_brand":[],"product_cat":[101,113],"product_tag":[],"class_list":{"0":"post-14593","1":"product","2":"type-product","3":"status-publish","4":"has-post-thumbnail","6":"product_cat-sunims","7":"product_cat-vitaminai-ir-papildai","8":"pa_prekinis-zenklas-virbac","10":"first","11":"outofstock","12":"taxable","13":"shipping-taxable","14":"purchasable","15":"product-type-simple"},"yoast_head":"<!-- This site is optimized with the Yoast SEO Premium plugin v27.1 (Yoast SEO v27.5) - https:\/\/yoast.com\/product\/yoast-seo-premium-wordpress\/ -->\n<title>Calci Delice \u0161unims N30 - anivet.lt<\/title>\n<meta name=\"description\" content=\"Pa\u0161aro papildas, skirtas u\u017etikrinti optimal\u0173 kalcio ir fosforo balans\u0105 \u0161un\u0173 mityboje. Su idealiu \u0161i\u0173 mineral\u0173 santykiu (2:1) ir vitaminu D3, kuris skatina j\u0173 \u012fsisavinim\u0105, \u0161is papildas yra puikus pasirinkimas augantiems \u0161uniukams ir \u017eindan\u010dioms kal\u0117ms.\" \/>\n<meta name=\"robots\" content=\"index, follow, max-snippet:-1, max-image-preview:large, max-video-preview:-1\" \/>\n<link rel=\"canonical\" href=\"https:\/\/anivet.lt\/elparduotuve\/produktas\/calci-delice-sunims-n30\/\" \/>\n<meta property=\"og:locale\" content=\"lt_LT\" \/>\n<meta property=\"og:type\" content=\"article\" \/>\n<meta property=\"og:title\" content=\"Calci Delice \u0161unims N30\" \/>\n<meta property=\"og:description\" content=\"Pa\u0161aro papildas, skirtas u\u017etikrinti optimal\u0173 kalcio ir fosforo balans\u0105 \u0161un\u0173 mityboje. Su idealiu \u0161i\u0173 mineral\u0173 santykiu (2:1) ir vitaminu D3, kuris skatina j\u0173 \u012fsisavinim\u0105, \u0161is papildas yra puikus pasirinkimas augantiems \u0161uniukams ir \u017eindan\u010dioms kal\u0117ms.\" \/>\n<meta property=\"og:url\" content=\"https:\/\/anivet.lt\/elparduotuve\/produktas\/calci-delice-sunims-n30\/\" \/>\n<meta property=\"og:site_name\" content=\"anivet.lt\" \/>\n<meta property=\"article:modified_time\" content=\"2026-04-03T17:32:44+00:00\" \/>\n<meta property=\"og:image\" content=\"https:\/\/anivet.lt\/elparduotuve\/wp-content\/uploads\/2024\/10\/calci-delice-n30-777309-2158.jpg\" \/>\n\t<meta property=\"og:image:width\" content=\"1000\" \/>\n\t<meta property=\"og:image:height\" content=\"1000\" \/>\n\t<meta property=\"og:image:type\" content=\"image\/jpeg\" \/>\n<meta name=\"twitter:card\" content=\"summary_large_image\" \/>\n<meta name=\"twitter:label1\" content=\"Est. reading time\" \/>\n\t<meta name=\"twitter:data1\" content=\"1 minut\u0117\" \/>\n<script type=\"application\/ld+json\" class=\"yoast-schema-graph\">{\"@context\":\"https:\\\/\\\/schema.org\",\"@graph\":[{\"@type\":\"WebPage\",\"@id\":\"https:\\\/\\\/anivet.lt\\\/elparduotuve\\\/produktas\\\/calci-delice-sunims-n30\\\/\",\"url\":\"https:\\\/\\\/anivet.lt\\\/elparduotuve\\\/produktas\\\/calci-delice-sunims-n30\\\/\",\"name\":\"Calci Delice \u0161unims N30 - anivet.lt\",\"isPartOf\":{\"@id\":\"https:\\\/\\\/anivet.lt\\\/elparduotuve\\\/#website\"},\"primaryImageOfPage\":{\"@id\":\"https:\\\/\\\/anivet.lt\\\/elparduotuve\\\/produktas\\\/calci-delice-sunims-n30\\\/#primaryimage\"},\"image\":{\"@id\":\"https:\\\/\\\/anivet.lt\\\/elparduotuve\\\/produktas\\\/calci-delice-sunims-n30\\\/#primaryimage\"},\"thumbnailUrl\":\"https:\\\/\\\/anivet.lt\\\/elparduotuve\\\/wp-content\\\/uploads\\\/2024\\\/10\\\/calci-delice-n30-777309-2158.jpg\",\"datePublished\":\"2024-10-09T10:00:33+00:00\",\"dateModified\":\"2026-04-03T17:32:44+00:00\",\"description\":\"Pa\u0161aro papildas, skirtas u\u017etikrinti optimal\u0173 kalcio ir fosforo balans\u0105 \u0161un\u0173 mityboje. Su idealiu \u0161i\u0173 mineral\u0173 santykiu (2:1) ir vitaminu D3, kuris skatina j\u0173 \u012fsisavinim\u0105, \u0161is papildas yra puikus pasirinkimas augantiems \u0161uniukams ir \u017eindan\u010dioms kal\u0117ms.\",\"breadcrumb\":{\"@id\":\"https:\\\/\\\/anivet.lt\\\/elparduotuve\\\/produktas\\\/calci-delice-sunims-n30\\\/#breadcrumb\"},\"inLanguage\":\"lt-LT\",\"potentialAction\":[{\"@type\":\"ReadAction\",\"target\":[\"https:\\\/\\\/anivet.lt\\\/elparduotuve\\\/produktas\\\/calci-delice-sunims-n30\\\/\"]}]},{\"@type\":\"ImageObject\",\"inLanguage\":\"lt-LT\",\"@id\":\"https:\\\/\\\/anivet.lt\\\/elparduotuve\\\/produktas\\\/calci-delice-sunims-n30\\\/#primaryimage\",\"url\":\"https:\\\/\\\/anivet.lt\\\/elparduotuve\\\/wp-content\\\/uploads\\\/2024\\\/10\\\/calci-delice-n30-777309-2158.jpg\",\"contentUrl\":\"https:\\\/\\\/anivet.lt\\\/elparduotuve\\\/wp-content\\\/uploads\\\/2024\\\/10\\\/calci-delice-n30-777309-2158.jpg\",\"width\":1000,\"height\":1000,\"caption\":\"Calci Delice \u0161unims N30\"},{\"@type\":\"BreadcrumbList\",\"@id\":\"https:\\\/\\\/anivet.lt\\\/elparduotuve\\\/produktas\\\/calci-delice-sunims-n30\\\/#breadcrumb\",\"itemListElement\":[{\"@type\":\"ListItem\",\"position\":1,\"name\":\"Home\",\"item\":\"https:\\\/\\\/anivet.lt\\\/elparduotuve\\\/\"},{\"@type\":\"ListItem\",\"position\":2,\"name\":\"Produktai\",\"item\":\"https:\\\/\\\/anivet.lt\\\/elparduotuve\\\/produktai\\\/\"},{\"@type\":\"ListItem\",\"position\":3,\"name\":\"Calci Delice \u0161unims N30\"}]},{\"@type\":\"WebSite\",\"@id\":\"https:\\\/\\\/anivet.lt\\\/elparduotuve\\\/#website\",\"url\":\"https:\\\/\\\/anivet.lt\\\/elparduotuve\\\/\",\"name\":\"anivet.lt\",\"description\":\"Viskas J\u016bs\u0173 \u0161uns, kat\u0117s prie\u017ei\u016brai\",\"publisher\":{\"@id\":\"https:\\\/\\\/anivet.lt\\\/elparduotuve\\\/#organization\"},\"alternateName\":\"Viskas J\u016bs\u0173 \u0161uns, kat\u0117s prie\u017ei\u016brai\",\"potentialAction\":[{\"@type\":\"SearchAction\",\"target\":{\"@type\":\"EntryPoint\",\"urlTemplate\":\"https:\\\/\\\/anivet.lt\\\/elparduotuve\\\/?s={search_term_string}\"},\"query-input\":{\"@type\":\"PropertyValueSpecification\",\"valueRequired\":true,\"valueName\":\"search_term_string\"}}],\"inLanguage\":\"lt-LT\"},{\"@type\":\"Organization\",\"@id\":\"https:\\\/\\\/anivet.lt\\\/elparduotuve\\\/#organization\",\"name\":\"Viskas J\u016bs\u0173 \u0161uns, kat\u0117s prie\u017ei\u016brai\",\"url\":\"https:\\\/\\\/anivet.lt\\\/elparduotuve\\\/\",\"logo\":{\"@type\":\"ImageObject\",\"inLanguage\":\"lt-LT\",\"@id\":\"https:\\\/\\\/anivet.lt\\\/elparduotuve\\\/#\\\/schema\\\/logo\\\/image\\\/\",\"url\":\"https:\\\/\\\/anivet.lt\\\/elparduotuve\\\/wp-content\\\/uploads\\\/2023\\\/06\\\/logo2.jpg\",\"contentUrl\":\"https:\\\/\\\/anivet.lt\\\/elparduotuve\\\/wp-content\\\/uploads\\\/2023\\\/06\\\/logo2.jpg\",\"width\":655,\"height\":194,\"caption\":\"Viskas J\u016bs\u0173 \u0161uns, kat\u0117s prie\u017ei\u016brai\"},\"image\":{\"@id\":\"https:\\\/\\\/anivet.lt\\\/elparduotuve\\\/#\\\/schema\\\/logo\\\/image\\\/\"}}]}<\/script>\n<!-- \/ Yoast SEO Premium plugin. -->","yoast_head_json":{"title":"Calci Delice \u0161unims N30 - anivet.lt","description":"Pa\u0161aro papildas, skirtas u\u017etikrinti optimal\u0173 kalcio ir fosforo balans\u0105 \u0161un\u0173 mityboje. Su idealiu \u0161i\u0173 mineral\u0173 santykiu (2:1) ir vitaminu D3, kuris skatina j\u0173 \u012fsisavinim\u0105, \u0161is papildas yra puikus pasirinkimas augantiems \u0161uniukams ir \u017eindan\u010dioms kal\u0117ms.","robots":{"index":"index","follow":"follow","max-snippet":"max-snippet:-1","max-image-preview":"max-image-preview:large","max-video-preview":"max-video-preview:-1"},"canonical":"https:\/\/anivet.lt\/elparduotuve\/produktas\/calci-delice-sunims-n30\/","og_locale":"lt_LT","og_type":"article","og_title":"Calci Delice \u0161unims N30","og_description":"Pa\u0161aro papildas, skirtas u\u017etikrinti optimal\u0173 kalcio ir fosforo balans\u0105 \u0161un\u0173 mityboje. Su idealiu \u0161i\u0173 mineral\u0173 santykiu (2:1) ir vitaminu D3, kuris skatina j\u0173 \u012fsisavinim\u0105, \u0161is papildas yra puikus pasirinkimas augantiems \u0161uniukams ir \u017eindan\u010dioms kal\u0117ms.","og_url":"https:\/\/anivet.lt\/elparduotuve\/produktas\/calci-delice-sunims-n30\/","og_site_name":"anivet.lt","article_modified_time":"2026-04-03T17:32:44+00:00","og_image":[{"width":1000,"height":1000,"url":"https:\/\/anivet.lt\/elparduotuve\/wp-content\/uploads\/2024\/10\/calci-delice-n30-777309-2158.jpg","type":"image\/jpeg"}],"twitter_card":"summary_large_image","twitter_misc":{"Est. reading time":"1 minut\u0117"},"schema":{"@context":"https:\/\/schema.org","@graph":[{"@type":"WebPage","@id":"https:\/\/anivet.lt\/elparduotuve\/produktas\/calci-delice-sunims-n30\/","url":"https:\/\/anivet.lt\/elparduotuve\/produktas\/calci-delice-sunims-n30\/","name":"Calci Delice \u0161unims N30 - anivet.lt","isPartOf":{"@id":"https:\/\/anivet.lt\/elparduotuve\/#website"},"primaryImageOfPage":{"@id":"https:\/\/anivet.lt\/elparduotuve\/produktas\/calci-delice-sunims-n30\/#primaryimage"},"image":{"@id":"https:\/\/anivet.lt\/elparduotuve\/produktas\/calci-delice-sunims-n30\/#primaryimage"},"thumbnailUrl":"https:\/\/anivet.lt\/elparduotuve\/wp-content\/uploads\/2024\/10\/calci-delice-n30-777309-2158.jpg","datePublished":"2024-10-09T10:00:33+00:00","dateModified":"2026-04-03T17:32:44+00:00","description":"Pa\u0161aro papildas, skirtas u\u017etikrinti optimal\u0173 kalcio ir fosforo balans\u0105 \u0161un\u0173 mityboje. Su idealiu \u0161i\u0173 mineral\u0173 santykiu (2:1) ir vitaminu D3, kuris skatina j\u0173 \u012fsisavinim\u0105, \u0161is papildas yra puikus pasirinkimas augantiems \u0161uniukams ir \u017eindan\u010dioms kal\u0117ms.","breadcrumb":{"@id":"https:\/\/anivet.lt\/elparduotuve\/produktas\/calci-delice-sunims-n30\/#breadcrumb"},"inLanguage":"lt-LT","potentialAction":[{"@type":"ReadAction","target":["https:\/\/anivet.lt\/elparduotuve\/produktas\/calci-delice-sunims-n30\/"]}]},{"@type":"ImageObject","inLanguage":"lt-LT","@id":"https:\/\/anivet.lt\/elparduotuve\/produktas\/calci-delice-sunims-n30\/#primaryimage","url":"https:\/\/anivet.lt\/elparduotuve\/wp-content\/uploads\/2024\/10\/calci-delice-n30-777309-2158.jpg","contentUrl":"https:\/\/anivet.lt\/elparduotuve\/wp-content\/uploads\/2024\/10\/calci-delice-n30-777309-2158.jpg","width":1000,"height":1000,"caption":"Calci Delice \u0161unims N30"},{"@type":"BreadcrumbList","@id":"https:\/\/anivet.lt\/elparduotuve\/produktas\/calci-delice-sunims-n30\/#breadcrumb","itemListElement":[{"@type":"ListItem","position":1,"name":"Home","item":"https:\/\/anivet.lt\/elparduotuve\/"},{"@type":"ListItem","position":2,"name":"Produktai","item":"https:\/\/anivet.lt\/elparduotuve\/produktai\/"},{"@type":"ListItem","position":3,"name":"Calci Delice \u0161unims N30"}]},{"@type":"WebSite","@id":"https:\/\/anivet.lt\/elparduotuve\/#website","url":"https:\/\/anivet.lt\/elparduotuve\/","name":"anivet.lt","description":"Viskas J\u016bs\u0173 \u0161uns, kat\u0117s prie\u017ei\u016brai","publisher":{"@id":"https:\/\/anivet.lt\/elparduotuve\/#organization"},"alternateName":"Viskas J\u016bs\u0173 \u0161uns, kat\u0117s prie\u017ei\u016brai","potentialAction":[{"@type":"SearchAction","target":{"@type":"EntryPoint","urlTemplate":"https:\/\/anivet.lt\/elparduotuve\/?s={search_term_string}"},"query-input":{"@type":"PropertyValueSpecification","valueRequired":true,"valueName":"search_term_string"}}],"inLanguage":"lt-LT"},{"@type":"Organization","@id":"https:\/\/anivet.lt\/elparduotuve\/#organization","name":"Viskas J\u016bs\u0173 \u0161uns, kat\u0117s prie\u017ei\u016brai","url":"https:\/\/anivet.lt\/elparduotuve\/","logo":{"@type":"ImageObject","inLanguage":"lt-LT","@id":"https:\/\/anivet.lt\/elparduotuve\/#\/schema\/logo\/image\/","url":"https:\/\/anivet.lt\/elparduotuve\/wp-content\/uploads\/2023\/06\/logo2.jpg","contentUrl":"https:\/\/anivet.lt\/elparduotuve\/wp-content\/uploads\/2023\/06\/logo2.jpg","width":655,"height":194,"caption":"Viskas J\u016bs\u0173 \u0161uns, kat\u0117s prie\u017ei\u016brai"},"image":{"@id":"https:\/\/anivet.lt\/elparduotuve\/#\/schema\/logo\/image\/"}}]}},"_links":{"self":[{"href":"https:\/\/anivet.lt\/elparduotuve\/wp-json\/wp\/v2\/product\/14593","targetHints":{"allow":["GET"]}}],"collection":[{"href":"https:\/\/anivet.lt\/elparduotuve\/wp-json\/wp\/v2\/product"}],"about":[{"href":"https:\/\/anivet.lt\/elparduotuve\/wp-json\/wp\/v2\/types\/product"}],"wp:featuredmedia":[{"embeddable":true,"href":"https:\/\/anivet.lt\/elparduotuve\/wp-json\/wp\/v2\/media\/14594"}],"wp:attachment":[{"href":"https:\/\/anivet.lt\/elparduotuve\/wp-json\/wp\/v2\/media?parent=14593"}],"wp:term":[{"taxonomy":"product_brand","embeddable":true,"href":"https:\/\/anivet.lt\/elparduotuve\/wp-json\/wp\/v2\/product_brand?post=14593"},{"taxonomy":"product_cat","embeddable":true,"href":"https:\/\/anivet.lt\/elparduotuve\/wp-json\/wp\/v2\/product_cat?post=14593"},{"taxonomy":"product_tag","embeddable":true,"href":"https:\/\/anivet.lt\/elparduotuve\/wp-json\/wp\/v2\/product_tag?post=14593"}],"curies":[{"name":"wp","href":"https:\/\/api.w.org\/{rel}","templated":true}]}}