{"id":14595,"date":"2024-10-09T10:11:05","date_gmt":"2024-10-09T10:11:05","guid":{"rendered":"https:\/\/anivet.lt\/elparduotuve\/?post_type=product&#038;p=14595"},"modified":"2026-01-26T14:52:17","modified_gmt":"2026-01-26T14:52:17","slug":"oscan-n60","status":"publish","type":"product","link":"https:\/\/anivet.lt\/elparduotuve\/produktas\/oscan-n60\/","title":{"rendered":"Oscan kaulams\/s\u0105nariams N60"},"content":{"rendered":"<ul>\n<li style=\"font-weight: 400;\" aria-level=\"1\"><span style=\"font-weight: 400;\">Tinkamas kaul\u0173 vystymuisi: Sud\u0117tyje esantis kalcio hidroksiapatitas ir vitaminas D3 u\u017etikrina tinkam\u0105 kaul\u0173 mineralizacij\u0105 ir stiprum\u0105.<\/span><\/li>\n<li style=\"font-weight: 400;\" aria-level=\"1\"><span style=\"font-weight: 400;\">Kremzli\u0173 ir s\u0105nari\u0173 prie\u017ei\u016bra: Fermenti\u0161kai hidrolizuotas kolagenas (Colatech\u00ae) palaiko sveik\u0105 kremzli\u0173 strukt\u016br\u0105 ir s\u0105nari\u0173 lankstum\u0105.<\/span><\/li>\n<li style=\"font-weight: 400;\" aria-level=\"1\"><span style=\"font-weight: 400;\">Dant\u0173 vystymuisi: Papildas u\u017etikrina tinkam\u0105 dant\u0173 formavim\u0105si ir stiprina dant\u0173 emal\u012f augimo metu.<\/span><\/li>\n<li style=\"font-weight: 400;\" aria-level=\"1\"><span style=\"font-weight: 400;\">Tinkamas \u012fvairioms r\u016b\u0161ims: Tinka \u0161unims, kat\u0117ms, ropliams ir pauk\u0161\u010diams, u\u017etikrinant j\u0173 skirtingus mitybos poreikius.<\/span><\/li>\n<\/ul>\n<ul>\n<li style=\"font-weight: 400;\" aria-level=\"1\"><span style=\"font-weight: 400;\">Pagerintas vitaminais: Papildytas vitaminu C ir folio r\u016bg\u0161timi, kurie prisideda prie bendros sveikatos ir imunini\u0173 funkcij\u0173 palaikymo.<\/span><\/li>\n<\/ul>\n<p><span style=\"font-weight: 400;\">Kruop\u0161\u010diai subalansuotas papildas, kuris padeda i\u0161spr\u0119sti daugel\u012f sveikatos problem\u0173, susijusi\u0173 su kaul\u0173, dant\u0173 ir kremzli\u0173 vystymusi. Jo sud\u0117tyje esantys auk\u0161tos kokyb\u0117s ingredientai ir aktyv\u016bs komponentai u\u017etikrina ilgalaik\u0119 j\u016bs\u0173 augintinio gerov\u0119.<\/span><\/p>\n","protected":false},"excerpt":{"rendered":"<p><span style=\"font-weight: 400;\">Daugiafunkcinis pa\u0161aro papildas, skirtas \u0161unims, kat\u0117ms, ropliams ir pauk\u0161\u010diams. \u0160is papildas yra idealus pasirinkimas esant kalcio tr\u016bkumui, n\u0117\u0161tumo ar pogimdyvinio laikotarpio metu, taip pat kaul\u0173 l\u016b\u017ei\u0173, rachito ar osteoporoz\u0117s atvejais. Be to, OSCAN stiprina aus\u0173 kremzles \u0161uniukams ir palaiko sveik\u0105 dant\u0173 vystym\u0105si.<\/span><\/p>\n","protected":false},"featured_media":14617,"template":"","meta":[],"product_brand":[],"product_cat":[101,102,113,124],"product_tag":[],"class_list":{"0":"post-14595","1":"product","2":"type-product","3":"status-publish","4":"has-post-thumbnail","6":"product_cat-sunims","7":"product_cat-katems","8":"product_cat-vitaminai-ir-papildai","9":"product_cat-vitaminai-ir-papildai-katems","10":"pa_prekinis-zenklas-opko","12":"first","13":"instock","14":"taxable","15":"shipping-taxable","16":"purchasable","17":"product-type-simple"},"yoast_head":"<!-- This site is optimized with the Yoast SEO Premium plugin v27.1 (Yoast SEO v27.5) - https:\/\/yoast.com\/product\/yoast-seo-premium-wordpress\/ -->\n<title>Oscan kaulams\/s\u0105nariams N60 - anivet.lt<\/title>\n<meta name=\"description\" content=\"Daugiafunkcinis pa\u0161aro papildas, skirtas \u0161unims, kat\u0117ms, ropliams ir pauk\u0161\u010diams. \u0160is papildas yra idealus pasirinkimas esant kalcio tr\u016bkumui, n\u0117\u0161tumo ar pogimdyvinio laikotarpio metu, taip pat kaul\u0173 l\u016b\u017ei\u0173, rachito ar osteoporoz\u0117s atvejais. Be to, OSCAN stiprina aus\u0173 kremzles \u0161uniukams ir palaiko sveik\u0105 dant\u0173 vystym\u0105si.\" \/>\n<meta name=\"robots\" content=\"index, follow, max-snippet:-1, max-image-preview:large, max-video-preview:-1\" \/>\n<link rel=\"canonical\" href=\"https:\/\/anivet.lt\/elparduotuve\/produktas\/oscan-n60\/\" \/>\n<meta property=\"og:locale\" content=\"lt_LT\" \/>\n<meta property=\"og:type\" content=\"article\" \/>\n<meta property=\"og:title\" content=\"Oscan kaulams\/s\u0105nariams N60\" \/>\n<meta property=\"og:description\" content=\"Daugiafunkcinis pa\u0161aro papildas, skirtas \u0161unims, kat\u0117ms, ropliams ir pauk\u0161\u010diams. \u0160is papildas yra idealus pasirinkimas esant kalcio tr\u016bkumui, n\u0117\u0161tumo ar pogimdyvinio laikotarpio metu, taip pat kaul\u0173 l\u016b\u017ei\u0173, rachito ar osteoporoz\u0117s atvejais. Be to, OSCAN stiprina aus\u0173 kremzles \u0161uniukams ir palaiko sveik\u0105 dant\u0173 vystym\u0105si.\" \/>\n<meta property=\"og:url\" content=\"https:\/\/anivet.lt\/elparduotuve\/produktas\/oscan-n60\/\" \/>\n<meta property=\"og:site_name\" content=\"anivet.lt\" \/>\n<meta property=\"article:modified_time\" content=\"2026-01-26T14:52:17+00:00\" \/>\n<meta property=\"og:image\" content=\"https:\/\/anivet.lt\/elparduotuve\/wp-content\/uploads\/2024\/10\/Oscan-N60.png\" \/>\n\t<meta property=\"og:image:width\" content=\"650\" \/>\n\t<meta property=\"og:image:height\" content=\"650\" \/>\n\t<meta property=\"og:image:type\" content=\"image\/png\" \/>\n<meta name=\"twitter:card\" content=\"summary_large_image\" \/>\n<meta name=\"twitter:label1\" content=\"Est. reading time\" \/>\n\t<meta name=\"twitter:data1\" content=\"1 minut\u0117\" \/>\n<script type=\"application\/ld+json\" class=\"yoast-schema-graph\">{\"@context\":\"https:\\\/\\\/schema.org\",\"@graph\":[{\"@type\":\"WebPage\",\"@id\":\"https:\\\/\\\/anivet.lt\\\/elparduotuve\\\/produktas\\\/oscan-n60\\\/\",\"url\":\"https:\\\/\\\/anivet.lt\\\/elparduotuve\\\/produktas\\\/oscan-n60\\\/\",\"name\":\"Oscan kaulams\\\/s\u0105nariams N60 - anivet.lt\",\"isPartOf\":{\"@id\":\"https:\\\/\\\/anivet.lt\\\/elparduotuve\\\/#website\"},\"primaryImageOfPage\":{\"@id\":\"https:\\\/\\\/anivet.lt\\\/elparduotuve\\\/produktas\\\/oscan-n60\\\/#primaryimage\"},\"image\":{\"@id\":\"https:\\\/\\\/anivet.lt\\\/elparduotuve\\\/produktas\\\/oscan-n60\\\/#primaryimage\"},\"thumbnailUrl\":\"https:\\\/\\\/anivet.lt\\\/elparduotuve\\\/wp-content\\\/uploads\\\/2024\\\/10\\\/Oscan-N60.png\",\"datePublished\":\"2024-10-09T10:11:05+00:00\",\"dateModified\":\"2026-01-26T14:52:17+00:00\",\"description\":\"Daugiafunkcinis pa\u0161aro papildas, skirtas \u0161unims, kat\u0117ms, ropliams ir pauk\u0161\u010diams. \u0160is papildas yra idealus pasirinkimas esant kalcio tr\u016bkumui, n\u0117\u0161tumo ar pogimdyvinio laikotarpio metu, taip pat kaul\u0173 l\u016b\u017ei\u0173, rachito ar osteoporoz\u0117s atvejais. Be to, OSCAN stiprina aus\u0173 kremzles \u0161uniukams ir palaiko sveik\u0105 dant\u0173 vystym\u0105si.\",\"breadcrumb\":{\"@id\":\"https:\\\/\\\/anivet.lt\\\/elparduotuve\\\/produktas\\\/oscan-n60\\\/#breadcrumb\"},\"inLanguage\":\"lt-LT\",\"potentialAction\":[{\"@type\":\"ReadAction\",\"target\":[\"https:\\\/\\\/anivet.lt\\\/elparduotuve\\\/produktas\\\/oscan-n60\\\/\"]}]},{\"@type\":\"ImageObject\",\"inLanguage\":\"lt-LT\",\"@id\":\"https:\\\/\\\/anivet.lt\\\/elparduotuve\\\/produktas\\\/oscan-n60\\\/#primaryimage\",\"url\":\"https:\\\/\\\/anivet.lt\\\/elparduotuve\\\/wp-content\\\/uploads\\\/2024\\\/10\\\/Oscan-N60.png\",\"contentUrl\":\"https:\\\/\\\/anivet.lt\\\/elparduotuve\\\/wp-content\\\/uploads\\\/2024\\\/10\\\/Oscan-N60.png\",\"width\":650,\"height\":650,\"caption\":\"Oscan kaulams\\\/s\u0105nariams N60\"},{\"@type\":\"BreadcrumbList\",\"@id\":\"https:\\\/\\\/anivet.lt\\\/elparduotuve\\\/produktas\\\/oscan-n60\\\/#breadcrumb\",\"itemListElement\":[{\"@type\":\"ListItem\",\"position\":1,\"name\":\"Home\",\"item\":\"https:\\\/\\\/anivet.lt\\\/elparduotuve\\\/\"},{\"@type\":\"ListItem\",\"position\":2,\"name\":\"Produktai\",\"item\":\"https:\\\/\\\/anivet.lt\\\/elparduotuve\\\/produktai\\\/\"},{\"@type\":\"ListItem\",\"position\":3,\"name\":\"Oscan kaulams\\\/s\u0105nariams N60\"}]},{\"@type\":\"WebSite\",\"@id\":\"https:\\\/\\\/anivet.lt\\\/elparduotuve\\\/#website\",\"url\":\"https:\\\/\\\/anivet.lt\\\/elparduotuve\\\/\",\"name\":\"anivet.lt\",\"description\":\"Viskas J\u016bs\u0173 \u0161uns, kat\u0117s prie\u017ei\u016brai\",\"publisher\":{\"@id\":\"https:\\\/\\\/anivet.lt\\\/elparduotuve\\\/#organization\"},\"alternateName\":\"Viskas J\u016bs\u0173 \u0161uns, kat\u0117s prie\u017ei\u016brai\",\"potentialAction\":[{\"@type\":\"SearchAction\",\"target\":{\"@type\":\"EntryPoint\",\"urlTemplate\":\"https:\\\/\\\/anivet.lt\\\/elparduotuve\\\/?s={search_term_string}\"},\"query-input\":{\"@type\":\"PropertyValueSpecification\",\"valueRequired\":true,\"valueName\":\"search_term_string\"}}],\"inLanguage\":\"lt-LT\"},{\"@type\":\"Organization\",\"@id\":\"https:\\\/\\\/anivet.lt\\\/elparduotuve\\\/#organization\",\"name\":\"Viskas J\u016bs\u0173 \u0161uns, kat\u0117s prie\u017ei\u016brai\",\"url\":\"https:\\\/\\\/anivet.lt\\\/elparduotuve\\\/\",\"logo\":{\"@type\":\"ImageObject\",\"inLanguage\":\"lt-LT\",\"@id\":\"https:\\\/\\\/anivet.lt\\\/elparduotuve\\\/#\\\/schema\\\/logo\\\/image\\\/\",\"url\":\"https:\\\/\\\/anivet.lt\\\/elparduotuve\\\/wp-content\\\/uploads\\\/2023\\\/06\\\/logo2.jpg\",\"contentUrl\":\"https:\\\/\\\/anivet.lt\\\/elparduotuve\\\/wp-content\\\/uploads\\\/2023\\\/06\\\/logo2.jpg\",\"width\":655,\"height\":194,\"caption\":\"Viskas J\u016bs\u0173 \u0161uns, kat\u0117s prie\u017ei\u016brai\"},\"image\":{\"@id\":\"https:\\\/\\\/anivet.lt\\\/elparduotuve\\\/#\\\/schema\\\/logo\\\/image\\\/\"}}]}<\/script>\n<!-- \/ Yoast SEO Premium plugin. -->","yoast_head_json":{"title":"Oscan kaulams\/s\u0105nariams N60 - anivet.lt","description":"Daugiafunkcinis pa\u0161aro papildas, skirtas \u0161unims, kat\u0117ms, ropliams ir pauk\u0161\u010diams. \u0160is papildas yra idealus pasirinkimas esant kalcio tr\u016bkumui, n\u0117\u0161tumo ar pogimdyvinio laikotarpio metu, taip pat kaul\u0173 l\u016b\u017ei\u0173, rachito ar osteoporoz\u0117s atvejais. Be to, OSCAN stiprina aus\u0173 kremzles \u0161uniukams ir palaiko sveik\u0105 dant\u0173 vystym\u0105si.","robots":{"index":"index","follow":"follow","max-snippet":"max-snippet:-1","max-image-preview":"max-image-preview:large","max-video-preview":"max-video-preview:-1"},"canonical":"https:\/\/anivet.lt\/elparduotuve\/produktas\/oscan-n60\/","og_locale":"lt_LT","og_type":"article","og_title":"Oscan kaulams\/s\u0105nariams N60","og_description":"Daugiafunkcinis pa\u0161aro papildas, skirtas \u0161unims, kat\u0117ms, ropliams ir pauk\u0161\u010diams. \u0160is papildas yra idealus pasirinkimas esant kalcio tr\u016bkumui, n\u0117\u0161tumo ar pogimdyvinio laikotarpio metu, taip pat kaul\u0173 l\u016b\u017ei\u0173, rachito ar osteoporoz\u0117s atvejais. Be to, OSCAN stiprina aus\u0173 kremzles \u0161uniukams ir palaiko sveik\u0105 dant\u0173 vystym\u0105si.","og_url":"https:\/\/anivet.lt\/elparduotuve\/produktas\/oscan-n60\/","og_site_name":"anivet.lt","article_modified_time":"2026-01-26T14:52:17+00:00","og_image":[{"width":650,"height":650,"url":"https:\/\/anivet.lt\/elparduotuve\/wp-content\/uploads\/2024\/10\/Oscan-N60.png","type":"image\/png"}],"twitter_card":"summary_large_image","twitter_misc":{"Est. reading time":"1 minut\u0117"},"schema":{"@context":"https:\/\/schema.org","@graph":[{"@type":"WebPage","@id":"https:\/\/anivet.lt\/elparduotuve\/produktas\/oscan-n60\/","url":"https:\/\/anivet.lt\/elparduotuve\/produktas\/oscan-n60\/","name":"Oscan kaulams\/s\u0105nariams N60 - anivet.lt","isPartOf":{"@id":"https:\/\/anivet.lt\/elparduotuve\/#website"},"primaryImageOfPage":{"@id":"https:\/\/anivet.lt\/elparduotuve\/produktas\/oscan-n60\/#primaryimage"},"image":{"@id":"https:\/\/anivet.lt\/elparduotuve\/produktas\/oscan-n60\/#primaryimage"},"thumbnailUrl":"https:\/\/anivet.lt\/elparduotuve\/wp-content\/uploads\/2024\/10\/Oscan-N60.png","datePublished":"2024-10-09T10:11:05+00:00","dateModified":"2026-01-26T14:52:17+00:00","description":"Daugiafunkcinis pa\u0161aro papildas, skirtas \u0161unims, kat\u0117ms, ropliams ir pauk\u0161\u010diams. \u0160is papildas yra idealus pasirinkimas esant kalcio tr\u016bkumui, n\u0117\u0161tumo ar pogimdyvinio laikotarpio metu, taip pat kaul\u0173 l\u016b\u017ei\u0173, rachito ar osteoporoz\u0117s atvejais. Be to, OSCAN stiprina aus\u0173 kremzles \u0161uniukams ir palaiko sveik\u0105 dant\u0173 vystym\u0105si.","breadcrumb":{"@id":"https:\/\/anivet.lt\/elparduotuve\/produktas\/oscan-n60\/#breadcrumb"},"inLanguage":"lt-LT","potentialAction":[{"@type":"ReadAction","target":["https:\/\/anivet.lt\/elparduotuve\/produktas\/oscan-n60\/"]}]},{"@type":"ImageObject","inLanguage":"lt-LT","@id":"https:\/\/anivet.lt\/elparduotuve\/produktas\/oscan-n60\/#primaryimage","url":"https:\/\/anivet.lt\/elparduotuve\/wp-content\/uploads\/2024\/10\/Oscan-N60.png","contentUrl":"https:\/\/anivet.lt\/elparduotuve\/wp-content\/uploads\/2024\/10\/Oscan-N60.png","width":650,"height":650,"caption":"Oscan kaulams\/s\u0105nariams N60"},{"@type":"BreadcrumbList","@id":"https:\/\/anivet.lt\/elparduotuve\/produktas\/oscan-n60\/#breadcrumb","itemListElement":[{"@type":"ListItem","position":1,"name":"Home","item":"https:\/\/anivet.lt\/elparduotuve\/"},{"@type":"ListItem","position":2,"name":"Produktai","item":"https:\/\/anivet.lt\/elparduotuve\/produktai\/"},{"@type":"ListItem","position":3,"name":"Oscan kaulams\/s\u0105nariams N60"}]},{"@type":"WebSite","@id":"https:\/\/anivet.lt\/elparduotuve\/#website","url":"https:\/\/anivet.lt\/elparduotuve\/","name":"anivet.lt","description":"Viskas J\u016bs\u0173 \u0161uns, kat\u0117s prie\u017ei\u016brai","publisher":{"@id":"https:\/\/anivet.lt\/elparduotuve\/#organization"},"alternateName":"Viskas J\u016bs\u0173 \u0161uns, kat\u0117s prie\u017ei\u016brai","potentialAction":[{"@type":"SearchAction","target":{"@type":"EntryPoint","urlTemplate":"https:\/\/anivet.lt\/elparduotuve\/?s={search_term_string}"},"query-input":{"@type":"PropertyValueSpecification","valueRequired":true,"valueName":"search_term_string"}}],"inLanguage":"lt-LT"},{"@type":"Organization","@id":"https:\/\/anivet.lt\/elparduotuve\/#organization","name":"Viskas J\u016bs\u0173 \u0161uns, kat\u0117s prie\u017ei\u016brai","url":"https:\/\/anivet.lt\/elparduotuve\/","logo":{"@type":"ImageObject","inLanguage":"lt-LT","@id":"https:\/\/anivet.lt\/elparduotuve\/#\/schema\/logo\/image\/","url":"https:\/\/anivet.lt\/elparduotuve\/wp-content\/uploads\/2023\/06\/logo2.jpg","contentUrl":"https:\/\/anivet.lt\/elparduotuve\/wp-content\/uploads\/2023\/06\/logo2.jpg","width":655,"height":194,"caption":"Viskas J\u016bs\u0173 \u0161uns, kat\u0117s prie\u017ei\u016brai"},"image":{"@id":"https:\/\/anivet.lt\/elparduotuve\/#\/schema\/logo\/image\/"}}]}},"_links":{"self":[{"href":"https:\/\/anivet.lt\/elparduotuve\/wp-json\/wp\/v2\/product\/14595","targetHints":{"allow":["GET"]}}],"collection":[{"href":"https:\/\/anivet.lt\/elparduotuve\/wp-json\/wp\/v2\/product"}],"about":[{"href":"https:\/\/anivet.lt\/elparduotuve\/wp-json\/wp\/v2\/types\/product"}],"wp:featuredmedia":[{"embeddable":true,"href":"https:\/\/anivet.lt\/elparduotuve\/wp-json\/wp\/v2\/media\/14617"}],"wp:attachment":[{"href":"https:\/\/anivet.lt\/elparduotuve\/wp-json\/wp\/v2\/media?parent=14595"}],"wp:term":[{"taxonomy":"product_brand","embeddable":true,"href":"https:\/\/anivet.lt\/elparduotuve\/wp-json\/wp\/v2\/product_brand?post=14595"},{"taxonomy":"product_cat","embeddable":true,"href":"https:\/\/anivet.lt\/elparduotuve\/wp-json\/wp\/v2\/product_cat?post=14595"},{"taxonomy":"product_tag","embeddable":true,"href":"https:\/\/anivet.lt\/elparduotuve\/wp-json\/wp\/v2\/product_tag?post=14595"}],"curies":[{"name":"wp","href":"https:\/\/api.w.org\/{rel}","templated":true}]}}