{"id":14597,"date":"2024-10-09T10:35:55","date_gmt":"2024-10-09T10:35:55","guid":{"rendered":"https:\/\/anivet.lt\/elparduotuve\/?post_type=product&#038;p=14597"},"modified":"2025-08-27T08:18:55","modified_gmt":"2025-08-27T08:18:55","slug":"uryvet-pasta-katems-15ml","status":"publish","type":"product","link":"https:\/\/anivet.lt\/elparduotuve\/produktas\/uryvet-pasta-katems-15ml\/","title":{"rendered":"Uryvet pasta kat\u0117ms \u0161lapimo sistemai 15ml"},"content":{"rendered":"<ul>\n<li style=\"font-weight: 400;\"><span style=\"font-weight: 400;\">Skatina \u0161lapimo tak\u0173 sveikat\u0105: Sud\u0117tyje esantys d\u017eiovinti Phyllanthus spp. ir Ononis spinosa milteliai padeda palaikyti sveik\u0105 \u0161lapimo tak\u0173 b\u016bkl\u0119.<\/span><\/li>\n<li style=\"font-weight: 400;\"><span style=\"font-weight: 400;\">Apsaugo nuo akmen\u0173 susidarymo: DL-metioninas ma\u017eina \u0161lapimo pH, suma\u017eindamas kristal\u0173 susidarymo rizik\u0105.<\/span><\/li>\n<li style=\"font-weight: 400;\"><span style=\"font-weight: 400;\">Gerina vir\u0161kinim\u0105: Enterococcus Faecium probiotikai palaiko sveik\u0105 \u017earnyno mikroflor\u0105, o tai teigiamai veikia bendr\u0105 organizmo b\u016bkl\u0119.<\/span><\/li>\n<li style=\"font-weight: 400;\"><span style=\"font-weight: 400;\">Nat\u016bral\u016bs ingredientai: Spanguol\u0117s ir \u017euv\u0173 taukai suteikia papildomos paramos \u0161lapimo sistemos sveikatai.<\/span><\/li>\n<li style=\"font-weight: 400;\"><span style=\"font-weight: 400;\">Lengva naudoti: Pasta lengvai dozuojama ir gali b\u016bti sumai\u0161oma su maistu arba pateikta tiesiogiai.<\/span><\/li>\n<\/ul>\n<p><span style=\"font-weight: 400;\">\u0160is papildas yra puikus pasirinkimas norint u\u017etikrinti j\u016bs\u0173 kat\u0117s \u0161lapimo sistemos sveikat\u0105 bei bendr\u0105 gerov\u0119. Reguliarus naudojimas padeda i\u0161vengti galim\u0173 \u0161lapimo tak\u0173 problem\u0173 ir palaiko j\u016bs\u0173 augintinio gyvenimo kokyb\u0119.<\/span><\/p>\n","protected":false},"excerpt":{"rendered":"<p><span style=\"font-weight: 400;\">Pa\u0161aro papildas, skirtas \u0161lapimo tak\u0173 funkcijoms palaikyti ir normaliam \u0161lapimo i\u0161siskyrimui u\u017etikrinti. \u0160is produktas idealiai tinka kat\u0117ms, kurioms reikalinga \u0161lapimo sistemos apsauga ar prevencija.<\/span><\/p>\n","protected":false},"featured_media":14598,"template":"","meta":[],"product_brand":[],"product_cat":[102,124],"product_tag":[],"class_list":{"0":"post-14597","1":"product","2":"type-product","3":"status-publish","4":"has-post-thumbnail","6":"product_cat-katems","7":"product_cat-vitaminai-ir-papildai-katems","8":"pa_prekinis-zenklas-drn","10":"first","11":"instock","12":"taxable","13":"shipping-taxable","14":"purchasable","15":"product-type-simple"},"yoast_head":"<!-- This site is optimized with the Yoast SEO Premium plugin v27.1 (Yoast SEO v27.5) - https:\/\/yoast.com\/product\/yoast-seo-premium-wordpress\/ -->\n<title>Uryvet pasta kat\u0117ms \u0161lapimo sistemai 15ml - anivet.lt<\/title>\n<meta name=\"description\" content=\"Pa\u0161aro papildas, skirtas \u0161lapimo tak\u0173 funkcijoms palaikyti ir normaliam \u0161lapimo i\u0161siskyrimui u\u017etikrinti. \u0160is produktas idealiai tinka kat\u0117ms, kurioms reikalinga \u0161lapimo sistemos apsauga ar prevencija.\" \/>\n<meta name=\"robots\" content=\"index, follow, max-snippet:-1, max-image-preview:large, max-video-preview:-1\" \/>\n<link rel=\"canonical\" href=\"https:\/\/anivet.lt\/elparduotuve\/produktas\/uryvet-pasta-katems-15ml\/\" \/>\n<meta property=\"og:locale\" content=\"lt_LT\" \/>\n<meta property=\"og:type\" content=\"article\" \/>\n<meta property=\"og:title\" content=\"Uryvet pasta kat\u0117ms \u0161lapimo sistemai 15ml\" \/>\n<meta property=\"og:description\" content=\"Pa\u0161aro papildas, skirtas \u0161lapimo tak\u0173 funkcijoms palaikyti ir normaliam \u0161lapimo i\u0161siskyrimui u\u017etikrinti. \u0160is produktas idealiai tinka kat\u0117ms, kurioms reikalinga \u0161lapimo sistemos apsauga ar prevencija.\" \/>\n<meta property=\"og:url\" content=\"https:\/\/anivet.lt\/elparduotuve\/produktas\/uryvet-pasta-katems-15ml\/\" \/>\n<meta property=\"og:site_name\" content=\"anivet.lt\" \/>\n<meta property=\"article:modified_time\" content=\"2025-08-27T08:18:55+00:00\" \/>\n<meta property=\"og:image\" content=\"https:\/\/anivet.lt\/elparduotuve\/wp-content\/uploads\/2024\/10\/1651402718-696-1.png\" \/>\n\t<meta property=\"og:image:width\" content=\"1000\" \/>\n\t<meta property=\"og:image:height\" content=\"1000\" \/>\n\t<meta property=\"og:image:type\" content=\"image\/png\" \/>\n<meta name=\"twitter:card\" content=\"summary_large_image\" \/>\n<meta name=\"twitter:label1\" content=\"Est. reading time\" \/>\n\t<meta name=\"twitter:data1\" content=\"1 minut\u0117\" \/>\n<script type=\"application\/ld+json\" class=\"yoast-schema-graph\">{\"@context\":\"https:\\\/\\\/schema.org\",\"@graph\":[{\"@type\":\"WebPage\",\"@id\":\"https:\\\/\\\/anivet.lt\\\/elparduotuve\\\/produktas\\\/uryvet-pasta-katems-15ml\\\/\",\"url\":\"https:\\\/\\\/anivet.lt\\\/elparduotuve\\\/produktas\\\/uryvet-pasta-katems-15ml\\\/\",\"name\":\"Uryvet pasta kat\u0117ms \u0161lapimo sistemai 15ml - anivet.lt\",\"isPartOf\":{\"@id\":\"https:\\\/\\\/anivet.lt\\\/elparduotuve\\\/#website\"},\"primaryImageOfPage\":{\"@id\":\"https:\\\/\\\/anivet.lt\\\/elparduotuve\\\/produktas\\\/uryvet-pasta-katems-15ml\\\/#primaryimage\"},\"image\":{\"@id\":\"https:\\\/\\\/anivet.lt\\\/elparduotuve\\\/produktas\\\/uryvet-pasta-katems-15ml\\\/#primaryimage\"},\"thumbnailUrl\":\"https:\\\/\\\/anivet.lt\\\/elparduotuve\\\/wp-content\\\/uploads\\\/2024\\\/10\\\/1651402718-696-1.png\",\"datePublished\":\"2024-10-09T10:35:55+00:00\",\"dateModified\":\"2025-08-27T08:18:55+00:00\",\"description\":\"Pa\u0161aro papildas, skirtas \u0161lapimo tak\u0173 funkcijoms palaikyti ir normaliam \u0161lapimo i\u0161siskyrimui u\u017etikrinti. \u0160is produktas idealiai tinka kat\u0117ms, kurioms reikalinga \u0161lapimo sistemos apsauga ar prevencija.\",\"breadcrumb\":{\"@id\":\"https:\\\/\\\/anivet.lt\\\/elparduotuve\\\/produktas\\\/uryvet-pasta-katems-15ml\\\/#breadcrumb\"},\"inLanguage\":\"lt-LT\",\"potentialAction\":[{\"@type\":\"ReadAction\",\"target\":[\"https:\\\/\\\/anivet.lt\\\/elparduotuve\\\/produktas\\\/uryvet-pasta-katems-15ml\\\/\"]}]},{\"@type\":\"ImageObject\",\"inLanguage\":\"lt-LT\",\"@id\":\"https:\\\/\\\/anivet.lt\\\/elparduotuve\\\/produktas\\\/uryvet-pasta-katems-15ml\\\/#primaryimage\",\"url\":\"https:\\\/\\\/anivet.lt\\\/elparduotuve\\\/wp-content\\\/uploads\\\/2024\\\/10\\\/1651402718-696-1.png\",\"contentUrl\":\"https:\\\/\\\/anivet.lt\\\/elparduotuve\\\/wp-content\\\/uploads\\\/2024\\\/10\\\/1651402718-696-1.png\",\"width\":1000,\"height\":1000,\"caption\":\"Uryvet pasta kat\u0117ms \u0161lapimo sistemai 15ml\"},{\"@type\":\"BreadcrumbList\",\"@id\":\"https:\\\/\\\/anivet.lt\\\/elparduotuve\\\/produktas\\\/uryvet-pasta-katems-15ml\\\/#breadcrumb\",\"itemListElement\":[{\"@type\":\"ListItem\",\"position\":1,\"name\":\"Home\",\"item\":\"https:\\\/\\\/anivet.lt\\\/elparduotuve\\\/\"},{\"@type\":\"ListItem\",\"position\":2,\"name\":\"Produktai\",\"item\":\"https:\\\/\\\/anivet.lt\\\/elparduotuve\\\/produktai\\\/\"},{\"@type\":\"ListItem\",\"position\":3,\"name\":\"Uryvet pasta kat\u0117ms \u0161lapimo sistemai 15ml\"}]},{\"@type\":\"WebSite\",\"@id\":\"https:\\\/\\\/anivet.lt\\\/elparduotuve\\\/#website\",\"url\":\"https:\\\/\\\/anivet.lt\\\/elparduotuve\\\/\",\"name\":\"anivet.lt\",\"description\":\"Viskas J\u016bs\u0173 \u0161uns, kat\u0117s prie\u017ei\u016brai\",\"publisher\":{\"@id\":\"https:\\\/\\\/anivet.lt\\\/elparduotuve\\\/#organization\"},\"alternateName\":\"Viskas J\u016bs\u0173 \u0161uns, kat\u0117s prie\u017ei\u016brai\",\"potentialAction\":[{\"@type\":\"SearchAction\",\"target\":{\"@type\":\"EntryPoint\",\"urlTemplate\":\"https:\\\/\\\/anivet.lt\\\/elparduotuve\\\/?s={search_term_string}\"},\"query-input\":{\"@type\":\"PropertyValueSpecification\",\"valueRequired\":true,\"valueName\":\"search_term_string\"}}],\"inLanguage\":\"lt-LT\"},{\"@type\":\"Organization\",\"@id\":\"https:\\\/\\\/anivet.lt\\\/elparduotuve\\\/#organization\",\"name\":\"Viskas J\u016bs\u0173 \u0161uns, kat\u0117s prie\u017ei\u016brai\",\"url\":\"https:\\\/\\\/anivet.lt\\\/elparduotuve\\\/\",\"logo\":{\"@type\":\"ImageObject\",\"inLanguage\":\"lt-LT\",\"@id\":\"https:\\\/\\\/anivet.lt\\\/elparduotuve\\\/#\\\/schema\\\/logo\\\/image\\\/\",\"url\":\"https:\\\/\\\/anivet.lt\\\/elparduotuve\\\/wp-content\\\/uploads\\\/2023\\\/06\\\/logo2.jpg\",\"contentUrl\":\"https:\\\/\\\/anivet.lt\\\/elparduotuve\\\/wp-content\\\/uploads\\\/2023\\\/06\\\/logo2.jpg\",\"width\":655,\"height\":194,\"caption\":\"Viskas J\u016bs\u0173 \u0161uns, kat\u0117s prie\u017ei\u016brai\"},\"image\":{\"@id\":\"https:\\\/\\\/anivet.lt\\\/elparduotuve\\\/#\\\/schema\\\/logo\\\/image\\\/\"}}]}<\/script>\n<!-- \/ Yoast SEO Premium plugin. -->","yoast_head_json":{"title":"Uryvet pasta kat\u0117ms \u0161lapimo sistemai 15ml - anivet.lt","description":"Pa\u0161aro papildas, skirtas \u0161lapimo tak\u0173 funkcijoms palaikyti ir normaliam \u0161lapimo i\u0161siskyrimui u\u017etikrinti. \u0160is produktas idealiai tinka kat\u0117ms, kurioms reikalinga \u0161lapimo sistemos apsauga ar prevencija.","robots":{"index":"index","follow":"follow","max-snippet":"max-snippet:-1","max-image-preview":"max-image-preview:large","max-video-preview":"max-video-preview:-1"},"canonical":"https:\/\/anivet.lt\/elparduotuve\/produktas\/uryvet-pasta-katems-15ml\/","og_locale":"lt_LT","og_type":"article","og_title":"Uryvet pasta kat\u0117ms \u0161lapimo sistemai 15ml","og_description":"Pa\u0161aro papildas, skirtas \u0161lapimo tak\u0173 funkcijoms palaikyti ir normaliam \u0161lapimo i\u0161siskyrimui u\u017etikrinti. \u0160is produktas idealiai tinka kat\u0117ms, kurioms reikalinga \u0161lapimo sistemos apsauga ar prevencija.","og_url":"https:\/\/anivet.lt\/elparduotuve\/produktas\/uryvet-pasta-katems-15ml\/","og_site_name":"anivet.lt","article_modified_time":"2025-08-27T08:18:55+00:00","og_image":[{"width":1000,"height":1000,"url":"https:\/\/anivet.lt\/elparduotuve\/wp-content\/uploads\/2024\/10\/1651402718-696-1.png","type":"image\/png"}],"twitter_card":"summary_large_image","twitter_misc":{"Est. reading time":"1 minut\u0117"},"schema":{"@context":"https:\/\/schema.org","@graph":[{"@type":"WebPage","@id":"https:\/\/anivet.lt\/elparduotuve\/produktas\/uryvet-pasta-katems-15ml\/","url":"https:\/\/anivet.lt\/elparduotuve\/produktas\/uryvet-pasta-katems-15ml\/","name":"Uryvet pasta kat\u0117ms \u0161lapimo sistemai 15ml - anivet.lt","isPartOf":{"@id":"https:\/\/anivet.lt\/elparduotuve\/#website"},"primaryImageOfPage":{"@id":"https:\/\/anivet.lt\/elparduotuve\/produktas\/uryvet-pasta-katems-15ml\/#primaryimage"},"image":{"@id":"https:\/\/anivet.lt\/elparduotuve\/produktas\/uryvet-pasta-katems-15ml\/#primaryimage"},"thumbnailUrl":"https:\/\/anivet.lt\/elparduotuve\/wp-content\/uploads\/2024\/10\/1651402718-696-1.png","datePublished":"2024-10-09T10:35:55+00:00","dateModified":"2025-08-27T08:18:55+00:00","description":"Pa\u0161aro papildas, skirtas \u0161lapimo tak\u0173 funkcijoms palaikyti ir normaliam \u0161lapimo i\u0161siskyrimui u\u017etikrinti. \u0160is produktas idealiai tinka kat\u0117ms, kurioms reikalinga \u0161lapimo sistemos apsauga ar prevencija.","breadcrumb":{"@id":"https:\/\/anivet.lt\/elparduotuve\/produktas\/uryvet-pasta-katems-15ml\/#breadcrumb"},"inLanguage":"lt-LT","potentialAction":[{"@type":"ReadAction","target":["https:\/\/anivet.lt\/elparduotuve\/produktas\/uryvet-pasta-katems-15ml\/"]}]},{"@type":"ImageObject","inLanguage":"lt-LT","@id":"https:\/\/anivet.lt\/elparduotuve\/produktas\/uryvet-pasta-katems-15ml\/#primaryimage","url":"https:\/\/anivet.lt\/elparduotuve\/wp-content\/uploads\/2024\/10\/1651402718-696-1.png","contentUrl":"https:\/\/anivet.lt\/elparduotuve\/wp-content\/uploads\/2024\/10\/1651402718-696-1.png","width":1000,"height":1000,"caption":"Uryvet pasta kat\u0117ms \u0161lapimo sistemai 15ml"},{"@type":"BreadcrumbList","@id":"https:\/\/anivet.lt\/elparduotuve\/produktas\/uryvet-pasta-katems-15ml\/#breadcrumb","itemListElement":[{"@type":"ListItem","position":1,"name":"Home","item":"https:\/\/anivet.lt\/elparduotuve\/"},{"@type":"ListItem","position":2,"name":"Produktai","item":"https:\/\/anivet.lt\/elparduotuve\/produktai\/"},{"@type":"ListItem","position":3,"name":"Uryvet pasta kat\u0117ms \u0161lapimo sistemai 15ml"}]},{"@type":"WebSite","@id":"https:\/\/anivet.lt\/elparduotuve\/#website","url":"https:\/\/anivet.lt\/elparduotuve\/","name":"anivet.lt","description":"Viskas J\u016bs\u0173 \u0161uns, kat\u0117s prie\u017ei\u016brai","publisher":{"@id":"https:\/\/anivet.lt\/elparduotuve\/#organization"},"alternateName":"Viskas J\u016bs\u0173 \u0161uns, kat\u0117s prie\u017ei\u016brai","potentialAction":[{"@type":"SearchAction","target":{"@type":"EntryPoint","urlTemplate":"https:\/\/anivet.lt\/elparduotuve\/?s={search_term_string}"},"query-input":{"@type":"PropertyValueSpecification","valueRequired":true,"valueName":"search_term_string"}}],"inLanguage":"lt-LT"},{"@type":"Organization","@id":"https:\/\/anivet.lt\/elparduotuve\/#organization","name":"Viskas J\u016bs\u0173 \u0161uns, kat\u0117s prie\u017ei\u016brai","url":"https:\/\/anivet.lt\/elparduotuve\/","logo":{"@type":"ImageObject","inLanguage":"lt-LT","@id":"https:\/\/anivet.lt\/elparduotuve\/#\/schema\/logo\/image\/","url":"https:\/\/anivet.lt\/elparduotuve\/wp-content\/uploads\/2023\/06\/logo2.jpg","contentUrl":"https:\/\/anivet.lt\/elparduotuve\/wp-content\/uploads\/2023\/06\/logo2.jpg","width":655,"height":194,"caption":"Viskas J\u016bs\u0173 \u0161uns, kat\u0117s prie\u017ei\u016brai"},"image":{"@id":"https:\/\/anivet.lt\/elparduotuve\/#\/schema\/logo\/image\/"}}]}},"_links":{"self":[{"href":"https:\/\/anivet.lt\/elparduotuve\/wp-json\/wp\/v2\/product\/14597","targetHints":{"allow":["GET"]}}],"collection":[{"href":"https:\/\/anivet.lt\/elparduotuve\/wp-json\/wp\/v2\/product"}],"about":[{"href":"https:\/\/anivet.lt\/elparduotuve\/wp-json\/wp\/v2\/types\/product"}],"wp:featuredmedia":[{"embeddable":true,"href":"https:\/\/anivet.lt\/elparduotuve\/wp-json\/wp\/v2\/media\/14598"}],"wp:attachment":[{"href":"https:\/\/anivet.lt\/elparduotuve\/wp-json\/wp\/v2\/media?parent=14597"}],"wp:term":[{"taxonomy":"product_brand","embeddable":true,"href":"https:\/\/anivet.lt\/elparduotuve\/wp-json\/wp\/v2\/product_brand?post=14597"},{"taxonomy":"product_cat","embeddable":true,"href":"https:\/\/anivet.lt\/elparduotuve\/wp-json\/wp\/v2\/product_cat?post=14597"},{"taxonomy":"product_tag","embeddable":true,"href":"https:\/\/anivet.lt\/elparduotuve\/wp-json\/wp\/v2\/product_tag?post=14597"}],"curies":[{"name":"wp","href":"https:\/\/api.w.org\/{rel}","templated":true}]}}