{"id":14599,"date":"2024-10-09T11:02:14","date_gmt":"2024-10-09T11:02:14","guid":{"rendered":"https:\/\/anivet.lt\/elparduotuve\/?post_type=product&#038;p=14599"},"modified":"2025-05-27T13:28:59","modified_gmt":"2025-05-27T13:28:59","slug":"irc-vet-gel-pasaro-papildas-letiniam-inkstu-nepakankamumui-palengvinti-50ml","status":"publish","type":"product","link":"https:\/\/anivet.lt\/elparduotuve\/produktas\/irc-vet-gel-pasaro-papildas-letiniam-inkstu-nepakankamumui-palengvinti-50ml\/","title":{"rendered":"Irc-Vet Gel pa\u0161aro papildas l\u0117tiniam inkst\u0173 nepakankamumui palengvinti 50ml"},"content":{"rendered":"<ul>\n<li style=\"font-weight: 400;\" aria-level=\"1\"><span style=\"font-weight: 400;\">Inkst\u0173 palaikymas: Praturtintas resveratroliu, folio r\u016bg\u0161timi ir vitaminu B6, kurie padeda palaikyti inkst\u0173 veikl\u0105 ir l\u0105steli\u0173 apsaug\u0105.<\/span><\/li>\n<li style=\"font-weight: 400;\" aria-level=\"1\"><span style=\"font-weight: 400;\">Omega-3 riebal\u0173 r\u016bg\u0161tys: La\u0161i\u0161\u0173 aliejuje esantys EPA ir DHA riebal\u0173 r\u016bg\u0161tys skatina sveik\u0105 organizmo funkcij\u0105.<\/span><\/li>\n<li style=\"font-weight: 400;\" aria-level=\"1\"><span style=\"font-weight: 400;\">Nat\u016bral\u016bs ekstraktai: Arti\u0161ok\u0173 ir tikr\u0173j\u0173 vynmed\u017ei\u0173 lap\u0173 ekstraktai prisideda prie organizmo detoksikacijos ir u\u017edegim\u0173 ma\u017einimo.<\/span><\/li>\n<li style=\"font-weight: 400;\" aria-level=\"1\"><span style=\"font-weight: 400;\">Lengva naudoti: Skyst\u0105 form\u0105 paprasta sumai\u0161yti su pa\u0161aru, u\u017etikrinant patog\u0173 kasdien\u012f naudojim\u0105.<\/span><\/li>\n<li style=\"font-weight: 400;\" aria-level=\"1\"><span style=\"font-weight: 400;\">Tinka \u012fvairiems gyv\u016bnams: Dozavimas pritaikytas \u0161unims, kat\u0117ms, \u0161e\u0161kams ir grau\u017eikams, atsi\u017evelgiant \u012f j\u0173 dyd\u012f ir poreikius.<\/span><\/li>\n<\/ul>\n<p><span style=\"font-weight: 400;\">\u201eIRC-Vet Gel\u201c \u2013 tai kokybi\u0161kas ir patogus papildas, kuris padeda suma\u017einti l\u0117tinio inkst\u0173 nepakankamumo poveik\u012f ir palaiko gyv\u016bn\u0173 sveikat\u0105 bei gyvenimo kokyb\u0119.\u00a0<\/span><\/p>\n","protected":false},"excerpt":{"rendered":"<p><span style=\"font-weight: 400;\">Efektyvus sprendimas, skirtas \u0161unims, kat\u0117ms, \u0161e\u0161kams ir grau\u017eikams. \u0160is papildas praturtintas maistin\u0117mis med\u017eiagomis, kurios palaiko inkst\u0173 l\u0105steli\u0173 funkcij\u0105 ir gerina gyv\u016bn\u0173 savijaut\u0105.<\/span><\/p>\n","protected":false},"featured_media":14618,"template":"","meta":[],"product_brand":[],"product_cat":[101,102,113,124],"product_tag":[],"class_list":{"0":"post-14599","1":"product","2":"type-product","3":"status-publish","4":"has-post-thumbnail","6":"product_cat-sunims","7":"product_cat-katems","8":"product_cat-vitaminai-ir-papildai","9":"product_cat-vitaminai-ir-papildai-katems","10":"pa_prekinis-zenklas-opko","12":"first","13":"instock","14":"taxable","15":"shipping-taxable","16":"purchasable","17":"product-type-simple"},"yoast_head":"<!-- This site is optimized with the Yoast SEO Premium plugin v27.1 (Yoast SEO v27.5) - https:\/\/yoast.com\/product\/yoast-seo-premium-wordpress\/ -->\n<title>Irc-Vet Gel pa\u0161aro papildas l\u0117tiniam inkst\u0173 nepakankamumui palengvinti 50ml - anivet.lt<\/title>\n<meta name=\"description\" content=\"Efektyvus sprendimas, skirtas \u0161unims, kat\u0117ms, \u0161e\u0161kams ir grau\u017eikams. \u0160is papildas praturtintas maistin\u0117mis med\u017eiagomis, kurios palaiko inkst\u0173 l\u0105steli\u0173 funkcij\u0105 ir gerina gyv\u016bn\u0173 savijaut\u0105.\" \/>\n<meta name=\"robots\" content=\"index, follow, max-snippet:-1, max-image-preview:large, max-video-preview:-1\" \/>\n<link rel=\"canonical\" href=\"https:\/\/anivet.lt\/elparduotuve\/produktas\/irc-vet-gel-pasaro-papildas-letiniam-inkstu-nepakankamumui-palengvinti-50ml\/\" \/>\n<meta property=\"og:locale\" content=\"lt_LT\" \/>\n<meta property=\"og:type\" content=\"article\" \/>\n<meta property=\"og:title\" content=\"Irc-Vet Gel pa\u0161aro papildas l\u0117tiniam inkst\u0173 nepakankamumui palengvinti 50ml\" \/>\n<meta property=\"og:description\" content=\"Efektyvus sprendimas, skirtas \u0161unims, kat\u0117ms, \u0161e\u0161kams ir grau\u017eikams. \u0160is papildas praturtintas maistin\u0117mis med\u017eiagomis, kurios palaiko inkst\u0173 l\u0105steli\u0173 funkcij\u0105 ir gerina gyv\u016bn\u0173 savijaut\u0105.\" \/>\n<meta property=\"og:url\" content=\"https:\/\/anivet.lt\/elparduotuve\/produktas\/irc-vet-gel-pasaro-papildas-letiniam-inkstu-nepakankamumui-palengvinti-50ml\/\" \/>\n<meta property=\"og:site_name\" content=\"anivet.lt\" \/>\n<meta property=\"article:modified_time\" content=\"2025-05-27T13:28:59+00:00\" \/>\n<meta property=\"og:image\" content=\"https:\/\/anivet.lt\/elparduotuve\/wp-content\/uploads\/2024\/10\/Irc-Vet-Gel-50-ml.jpg\" \/>\n\t<meta property=\"og:image:width\" content=\"650\" \/>\n\t<meta property=\"og:image:height\" content=\"650\" \/>\n\t<meta property=\"og:image:type\" content=\"image\/jpeg\" \/>\n<meta name=\"twitter:card\" content=\"summary_large_image\" \/>\n<meta name=\"twitter:label1\" content=\"Est. reading time\" \/>\n\t<meta name=\"twitter:data1\" content=\"1 minut\u0117\" \/>\n<script type=\"application\/ld+json\" class=\"yoast-schema-graph\">{\"@context\":\"https:\\\/\\\/schema.org\",\"@graph\":[{\"@type\":\"WebPage\",\"@id\":\"https:\\\/\\\/anivet.lt\\\/elparduotuve\\\/produktas\\\/irc-vet-gel-pasaro-papildas-letiniam-inkstu-nepakankamumui-palengvinti-50ml\\\/\",\"url\":\"https:\\\/\\\/anivet.lt\\\/elparduotuve\\\/produktas\\\/irc-vet-gel-pasaro-papildas-letiniam-inkstu-nepakankamumui-palengvinti-50ml\\\/\",\"name\":\"Irc-Vet Gel pa\u0161aro papildas l\u0117tiniam inkst\u0173 nepakankamumui palengvinti 50ml - anivet.lt\",\"isPartOf\":{\"@id\":\"https:\\\/\\\/anivet.lt\\\/elparduotuve\\\/#website\"},\"primaryImageOfPage\":{\"@id\":\"https:\\\/\\\/anivet.lt\\\/elparduotuve\\\/produktas\\\/irc-vet-gel-pasaro-papildas-letiniam-inkstu-nepakankamumui-palengvinti-50ml\\\/#primaryimage\"},\"image\":{\"@id\":\"https:\\\/\\\/anivet.lt\\\/elparduotuve\\\/produktas\\\/irc-vet-gel-pasaro-papildas-letiniam-inkstu-nepakankamumui-palengvinti-50ml\\\/#primaryimage\"},\"thumbnailUrl\":\"https:\\\/\\\/anivet.lt\\\/elparduotuve\\\/wp-content\\\/uploads\\\/2024\\\/10\\\/Irc-Vet-Gel-50-ml.jpg\",\"datePublished\":\"2024-10-09T11:02:14+00:00\",\"dateModified\":\"2025-05-27T13:28:59+00:00\",\"description\":\"Efektyvus sprendimas, skirtas \u0161unims, kat\u0117ms, \u0161e\u0161kams ir grau\u017eikams. \u0160is papildas praturtintas maistin\u0117mis med\u017eiagomis, kurios palaiko inkst\u0173 l\u0105steli\u0173 funkcij\u0105 ir gerina gyv\u016bn\u0173 savijaut\u0105.\",\"breadcrumb\":{\"@id\":\"https:\\\/\\\/anivet.lt\\\/elparduotuve\\\/produktas\\\/irc-vet-gel-pasaro-papildas-letiniam-inkstu-nepakankamumui-palengvinti-50ml\\\/#breadcrumb\"},\"inLanguage\":\"lt-LT\",\"potentialAction\":[{\"@type\":\"ReadAction\",\"target\":[\"https:\\\/\\\/anivet.lt\\\/elparduotuve\\\/produktas\\\/irc-vet-gel-pasaro-papildas-letiniam-inkstu-nepakankamumui-palengvinti-50ml\\\/\"]}]},{\"@type\":\"ImageObject\",\"inLanguage\":\"lt-LT\",\"@id\":\"https:\\\/\\\/anivet.lt\\\/elparduotuve\\\/produktas\\\/irc-vet-gel-pasaro-papildas-letiniam-inkstu-nepakankamumui-palengvinti-50ml\\\/#primaryimage\",\"url\":\"https:\\\/\\\/anivet.lt\\\/elparduotuve\\\/wp-content\\\/uploads\\\/2024\\\/10\\\/Irc-Vet-Gel-50-ml.jpg\",\"contentUrl\":\"https:\\\/\\\/anivet.lt\\\/elparduotuve\\\/wp-content\\\/uploads\\\/2024\\\/10\\\/Irc-Vet-Gel-50-ml.jpg\",\"width\":650,\"height\":650,\"caption\":\"Irc-Vet Gel pa\u0161aro papildas l\u0117tiniam inkst\u0173 nepakankamumui palengvinti 50ml\"},{\"@type\":\"BreadcrumbList\",\"@id\":\"https:\\\/\\\/anivet.lt\\\/elparduotuve\\\/produktas\\\/irc-vet-gel-pasaro-papildas-letiniam-inkstu-nepakankamumui-palengvinti-50ml\\\/#breadcrumb\",\"itemListElement\":[{\"@type\":\"ListItem\",\"position\":1,\"name\":\"Home\",\"item\":\"https:\\\/\\\/anivet.lt\\\/elparduotuve\\\/\"},{\"@type\":\"ListItem\",\"position\":2,\"name\":\"Produktai\",\"item\":\"https:\\\/\\\/anivet.lt\\\/elparduotuve\\\/produktai\\\/\"},{\"@type\":\"ListItem\",\"position\":3,\"name\":\"Irc-Vet Gel pa\u0161aro papildas l\u0117tiniam inkst\u0173 nepakankamumui palengvinti 50ml\"}]},{\"@type\":\"WebSite\",\"@id\":\"https:\\\/\\\/anivet.lt\\\/elparduotuve\\\/#website\",\"url\":\"https:\\\/\\\/anivet.lt\\\/elparduotuve\\\/\",\"name\":\"anivet.lt\",\"description\":\"Viskas J\u016bs\u0173 \u0161uns, kat\u0117s prie\u017ei\u016brai\",\"publisher\":{\"@id\":\"https:\\\/\\\/anivet.lt\\\/elparduotuve\\\/#organization\"},\"alternateName\":\"Viskas J\u016bs\u0173 \u0161uns, kat\u0117s prie\u017ei\u016brai\",\"potentialAction\":[{\"@type\":\"SearchAction\",\"target\":{\"@type\":\"EntryPoint\",\"urlTemplate\":\"https:\\\/\\\/anivet.lt\\\/elparduotuve\\\/?s={search_term_string}\"},\"query-input\":{\"@type\":\"PropertyValueSpecification\",\"valueRequired\":true,\"valueName\":\"search_term_string\"}}],\"inLanguage\":\"lt-LT\"},{\"@type\":\"Organization\",\"@id\":\"https:\\\/\\\/anivet.lt\\\/elparduotuve\\\/#organization\",\"name\":\"Viskas J\u016bs\u0173 \u0161uns, kat\u0117s prie\u017ei\u016brai\",\"url\":\"https:\\\/\\\/anivet.lt\\\/elparduotuve\\\/\",\"logo\":{\"@type\":\"ImageObject\",\"inLanguage\":\"lt-LT\",\"@id\":\"https:\\\/\\\/anivet.lt\\\/elparduotuve\\\/#\\\/schema\\\/logo\\\/image\\\/\",\"url\":\"https:\\\/\\\/anivet.lt\\\/elparduotuve\\\/wp-content\\\/uploads\\\/2023\\\/06\\\/logo2.jpg\",\"contentUrl\":\"https:\\\/\\\/anivet.lt\\\/elparduotuve\\\/wp-content\\\/uploads\\\/2023\\\/06\\\/logo2.jpg\",\"width\":655,\"height\":194,\"caption\":\"Viskas J\u016bs\u0173 \u0161uns, kat\u0117s prie\u017ei\u016brai\"},\"image\":{\"@id\":\"https:\\\/\\\/anivet.lt\\\/elparduotuve\\\/#\\\/schema\\\/logo\\\/image\\\/\"}}]}<\/script>\n<!-- \/ Yoast SEO Premium plugin. -->","yoast_head_json":{"title":"Irc-Vet Gel pa\u0161aro papildas l\u0117tiniam inkst\u0173 nepakankamumui palengvinti 50ml - anivet.lt","description":"Efektyvus sprendimas, skirtas \u0161unims, kat\u0117ms, \u0161e\u0161kams ir grau\u017eikams. \u0160is papildas praturtintas maistin\u0117mis med\u017eiagomis, kurios palaiko inkst\u0173 l\u0105steli\u0173 funkcij\u0105 ir gerina gyv\u016bn\u0173 savijaut\u0105.","robots":{"index":"index","follow":"follow","max-snippet":"max-snippet:-1","max-image-preview":"max-image-preview:large","max-video-preview":"max-video-preview:-1"},"canonical":"https:\/\/anivet.lt\/elparduotuve\/produktas\/irc-vet-gel-pasaro-papildas-letiniam-inkstu-nepakankamumui-palengvinti-50ml\/","og_locale":"lt_LT","og_type":"article","og_title":"Irc-Vet Gel pa\u0161aro papildas l\u0117tiniam inkst\u0173 nepakankamumui palengvinti 50ml","og_description":"Efektyvus sprendimas, skirtas \u0161unims, kat\u0117ms, \u0161e\u0161kams ir grau\u017eikams. \u0160is papildas praturtintas maistin\u0117mis med\u017eiagomis, kurios palaiko inkst\u0173 l\u0105steli\u0173 funkcij\u0105 ir gerina gyv\u016bn\u0173 savijaut\u0105.","og_url":"https:\/\/anivet.lt\/elparduotuve\/produktas\/irc-vet-gel-pasaro-papildas-letiniam-inkstu-nepakankamumui-palengvinti-50ml\/","og_site_name":"anivet.lt","article_modified_time":"2025-05-27T13:28:59+00:00","og_image":[{"width":650,"height":650,"url":"https:\/\/anivet.lt\/elparduotuve\/wp-content\/uploads\/2024\/10\/Irc-Vet-Gel-50-ml.jpg","type":"image\/jpeg"}],"twitter_card":"summary_large_image","twitter_misc":{"Est. reading time":"1 minut\u0117"},"schema":{"@context":"https:\/\/schema.org","@graph":[{"@type":"WebPage","@id":"https:\/\/anivet.lt\/elparduotuve\/produktas\/irc-vet-gel-pasaro-papildas-letiniam-inkstu-nepakankamumui-palengvinti-50ml\/","url":"https:\/\/anivet.lt\/elparduotuve\/produktas\/irc-vet-gel-pasaro-papildas-letiniam-inkstu-nepakankamumui-palengvinti-50ml\/","name":"Irc-Vet Gel pa\u0161aro papildas l\u0117tiniam inkst\u0173 nepakankamumui palengvinti 50ml - anivet.lt","isPartOf":{"@id":"https:\/\/anivet.lt\/elparduotuve\/#website"},"primaryImageOfPage":{"@id":"https:\/\/anivet.lt\/elparduotuve\/produktas\/irc-vet-gel-pasaro-papildas-letiniam-inkstu-nepakankamumui-palengvinti-50ml\/#primaryimage"},"image":{"@id":"https:\/\/anivet.lt\/elparduotuve\/produktas\/irc-vet-gel-pasaro-papildas-letiniam-inkstu-nepakankamumui-palengvinti-50ml\/#primaryimage"},"thumbnailUrl":"https:\/\/anivet.lt\/elparduotuve\/wp-content\/uploads\/2024\/10\/Irc-Vet-Gel-50-ml.jpg","datePublished":"2024-10-09T11:02:14+00:00","dateModified":"2025-05-27T13:28:59+00:00","description":"Efektyvus sprendimas, skirtas \u0161unims, kat\u0117ms, \u0161e\u0161kams ir grau\u017eikams. \u0160is papildas praturtintas maistin\u0117mis med\u017eiagomis, kurios palaiko inkst\u0173 l\u0105steli\u0173 funkcij\u0105 ir gerina gyv\u016bn\u0173 savijaut\u0105.","breadcrumb":{"@id":"https:\/\/anivet.lt\/elparduotuve\/produktas\/irc-vet-gel-pasaro-papildas-letiniam-inkstu-nepakankamumui-palengvinti-50ml\/#breadcrumb"},"inLanguage":"lt-LT","potentialAction":[{"@type":"ReadAction","target":["https:\/\/anivet.lt\/elparduotuve\/produktas\/irc-vet-gel-pasaro-papildas-letiniam-inkstu-nepakankamumui-palengvinti-50ml\/"]}]},{"@type":"ImageObject","inLanguage":"lt-LT","@id":"https:\/\/anivet.lt\/elparduotuve\/produktas\/irc-vet-gel-pasaro-papildas-letiniam-inkstu-nepakankamumui-palengvinti-50ml\/#primaryimage","url":"https:\/\/anivet.lt\/elparduotuve\/wp-content\/uploads\/2024\/10\/Irc-Vet-Gel-50-ml.jpg","contentUrl":"https:\/\/anivet.lt\/elparduotuve\/wp-content\/uploads\/2024\/10\/Irc-Vet-Gel-50-ml.jpg","width":650,"height":650,"caption":"Irc-Vet Gel pa\u0161aro papildas l\u0117tiniam inkst\u0173 nepakankamumui palengvinti 50ml"},{"@type":"BreadcrumbList","@id":"https:\/\/anivet.lt\/elparduotuve\/produktas\/irc-vet-gel-pasaro-papildas-letiniam-inkstu-nepakankamumui-palengvinti-50ml\/#breadcrumb","itemListElement":[{"@type":"ListItem","position":1,"name":"Home","item":"https:\/\/anivet.lt\/elparduotuve\/"},{"@type":"ListItem","position":2,"name":"Produktai","item":"https:\/\/anivet.lt\/elparduotuve\/produktai\/"},{"@type":"ListItem","position":3,"name":"Irc-Vet Gel pa\u0161aro papildas l\u0117tiniam inkst\u0173 nepakankamumui palengvinti 50ml"}]},{"@type":"WebSite","@id":"https:\/\/anivet.lt\/elparduotuve\/#website","url":"https:\/\/anivet.lt\/elparduotuve\/","name":"anivet.lt","description":"Viskas J\u016bs\u0173 \u0161uns, kat\u0117s prie\u017ei\u016brai","publisher":{"@id":"https:\/\/anivet.lt\/elparduotuve\/#organization"},"alternateName":"Viskas J\u016bs\u0173 \u0161uns, kat\u0117s prie\u017ei\u016brai","potentialAction":[{"@type":"SearchAction","target":{"@type":"EntryPoint","urlTemplate":"https:\/\/anivet.lt\/elparduotuve\/?s={search_term_string}"},"query-input":{"@type":"PropertyValueSpecification","valueRequired":true,"valueName":"search_term_string"}}],"inLanguage":"lt-LT"},{"@type":"Organization","@id":"https:\/\/anivet.lt\/elparduotuve\/#organization","name":"Viskas J\u016bs\u0173 \u0161uns, kat\u0117s prie\u017ei\u016brai","url":"https:\/\/anivet.lt\/elparduotuve\/","logo":{"@type":"ImageObject","inLanguage":"lt-LT","@id":"https:\/\/anivet.lt\/elparduotuve\/#\/schema\/logo\/image\/","url":"https:\/\/anivet.lt\/elparduotuve\/wp-content\/uploads\/2023\/06\/logo2.jpg","contentUrl":"https:\/\/anivet.lt\/elparduotuve\/wp-content\/uploads\/2023\/06\/logo2.jpg","width":655,"height":194,"caption":"Viskas J\u016bs\u0173 \u0161uns, kat\u0117s prie\u017ei\u016brai"},"image":{"@id":"https:\/\/anivet.lt\/elparduotuve\/#\/schema\/logo\/image\/"}}]}},"_links":{"self":[{"href":"https:\/\/anivet.lt\/elparduotuve\/wp-json\/wp\/v2\/product\/14599","targetHints":{"allow":["GET"]}}],"collection":[{"href":"https:\/\/anivet.lt\/elparduotuve\/wp-json\/wp\/v2\/product"}],"about":[{"href":"https:\/\/anivet.lt\/elparduotuve\/wp-json\/wp\/v2\/types\/product"}],"wp:featuredmedia":[{"embeddable":true,"href":"https:\/\/anivet.lt\/elparduotuve\/wp-json\/wp\/v2\/media\/14618"}],"wp:attachment":[{"href":"https:\/\/anivet.lt\/elparduotuve\/wp-json\/wp\/v2\/media?parent=14599"}],"wp:term":[{"taxonomy":"product_brand","embeddable":true,"href":"https:\/\/anivet.lt\/elparduotuve\/wp-json\/wp\/v2\/product_brand?post=14599"},{"taxonomy":"product_cat","embeddable":true,"href":"https:\/\/anivet.lt\/elparduotuve\/wp-json\/wp\/v2\/product_cat?post=14599"},{"taxonomy":"product_tag","embeddable":true,"href":"https:\/\/anivet.lt\/elparduotuve\/wp-json\/wp\/v2\/product_tag?post=14599"}],"curies":[{"name":"wp","href":"https:\/\/api.w.org\/{rel}","templated":true}]}}