{"id":14605,"date":"2024-10-09T11:21:46","date_gmt":"2024-10-09T11:21:46","guid":{"rendered":"https:\/\/anivet.lt\/elparduotuve\/?post_type=product&#038;p=14605"},"modified":"2026-04-28T17:33:18","modified_gmt":"2026-04-28T17:33:18","slug":"virbac-pronefra-pasaro-papildas-sunims-ir-katems-60ml","status":"publish","type":"product","link":"https:\/\/anivet.lt\/elparduotuve\/produktas\/virbac-pronefra-pasaro-papildas-sunims-ir-katems-60ml\/","title":{"rendered":"Virbac Pronefra Pa\u0161aro papildas \u0161unims ir kat\u0117ms 60ml"},"content":{"rendered":"<ul>\n<li style=\"font-weight: 400;\"><span style=\"font-weight: 400;\">Efektyv\u016bs fosforo suri\u0161\u0117jai: Kalcio ir magnio karbonatai ma\u017eina fosforo absorbcij\u0105 ir palaiko normal\u0173 jo kiek\u012f kraujyje.<\/span><\/li>\n<li style=\"font-weight: 400;\"><span style=\"font-weight: 400;\">Toksin\u0173 \u0161alinimas: Chitosanas suri\u0161a \u0161lapime esan\u010dius toksinus, ma\u017eindamas j\u0173 \u017eal\u0105.<\/span><\/li>\n<li style=\"font-weight: 400;\"><span style=\"font-weight: 400;\">Inkst\u0173 audini\u0173 apsauga: Astragilus polisacharidai palaiko sveik\u0173 inkst\u0173 strukt\u016br\u0105 ir turi prie\u0161u\u017edegimin\u012f poveik\u012f.<\/span><\/li>\n<li style=\"font-weight: 400;\"><span style=\"font-weight: 400;\">Kraujo spaudimo reguliavimas: Protenzinas padeda palaikyti normal\u0173 kraujosp\u016bd\u012f.<\/span><\/li>\n<li style=\"font-weight: 400;\"><span style=\"font-weight: 400;\">Suderinamumas: Tinkamas naudoti su dietiniu \u0117dalu ir vaistais, skirtais inkst\u0173 ligoms gydyti.<\/span><\/li>\n<\/ul>\n<p><span style=\"font-weight: 400;\">Kompleksinis sprendimas, suteikiantis keturis svarbiausius veikimo mechanizmus viename produkte. Jo nat\u016bral\u016bs ingredientai, tokie kaip chitosanas ir astragilus, veiksmingai ma\u017eina u\u017edegim\u0105 ir palaiko bendr\u0105 gyv\u016bno sveikat\u0105. Be to, Pronefra yra lengvai dozuojamas ir tinkamas ilgalaikiam naudojimui kartu su dietiniu \u0117dalu ar kitais gydymo b\u016bdais.<\/span><\/p>\n","protected":false},"excerpt":{"rendered":"<p><span style=\"font-weight: 400;\">Virbac Pronefra &#8211;\u00a0 Pa\u017eangus pa\u0161aro papildas, skirtas \u0161unims ir kat\u0117ms, ken\u010diantiems nuo l\u0117tinio inkst\u0173 nepakankamumo (CKD). Jis padeda palaikyti inkst\u0173 funkcij\u0105 ir gerinti gyvenimo kokyb\u0119.<\/span><\/p>\n","protected":false},"featured_media":14606,"template":"","meta":[],"product_brand":[],"product_cat":[101,102,113,124],"product_tag":[],"class_list":{"0":"post-14605","1":"product","2":"type-product","3":"status-publish","4":"has-post-thumbnail","6":"product_cat-sunims","7":"product_cat-katems","8":"product_cat-vitaminai-ir-papildai","9":"product_cat-vitaminai-ir-papildai-katems","10":"pa_prekinis-zenklas-virbac","12":"first","13":"instock","14":"taxable","15":"shipping-taxable","16":"purchasable","17":"product-type-simple"},"yoast_head":"<!-- This site is optimized with the Yoast SEO Premium plugin v27.1 (Yoast SEO v27.5) - https:\/\/yoast.com\/product\/yoast-seo-premium-wordpress\/ -->\n<title>Virbac Pronefra Pa\u0161aro papildas \u0161unims ir kat\u0117ms 60ml - anivet.lt<\/title>\n<meta name=\"description\" content=\"Virbac Pronefra -\u00a0 Pa\u017eangus pa\u0161aro papildas, skirtas \u0161unims ir kat\u0117ms, ken\u010diantiems nuo l\u0117tinio inkst\u0173 nepakankamumo (CKD). Jis padeda palaikyti inkst\u0173 funkcij\u0105 ir gerinti gyvenimo kokyb\u0119.\" \/>\n<meta name=\"robots\" content=\"index, follow, max-snippet:-1, max-image-preview:large, max-video-preview:-1\" \/>\n<link rel=\"canonical\" href=\"https:\/\/anivet.lt\/elparduotuve\/produktas\/virbac-pronefra-pasaro-papildas-sunims-ir-katems-60ml\/\" \/>\n<meta property=\"og:locale\" content=\"lt_LT\" \/>\n<meta property=\"og:type\" content=\"article\" \/>\n<meta property=\"og:title\" content=\"Virbac Pronefra Pa\u0161aro papildas \u0161unims ir kat\u0117ms 60ml\" \/>\n<meta property=\"og:description\" content=\"Virbac Pronefra -\u00a0 Pa\u017eangus pa\u0161aro papildas, skirtas \u0161unims ir kat\u0117ms, ken\u010diantiems nuo l\u0117tinio inkst\u0173 nepakankamumo (CKD). Jis padeda palaikyti inkst\u0173 funkcij\u0105 ir gerinti gyvenimo kokyb\u0119.\" \/>\n<meta property=\"og:url\" content=\"https:\/\/anivet.lt\/elparduotuve\/produktas\/virbac-pronefra-pasaro-papildas-sunims-ir-katems-60ml\/\" \/>\n<meta property=\"og:site_name\" content=\"anivet.lt\" \/>\n<meta property=\"article:modified_time\" content=\"2026-04-28T17:33:18+00:00\" \/>\n<meta property=\"og:image\" content=\"https:\/\/anivet.lt\/elparduotuve\/wp-content\/uploads\/2024\/10\/virbac-pronefra-pasaro-papildas-sunims-ir-katems-60ml.jpg\" \/>\n\t<meta property=\"og:image:width\" content=\"1200\" \/>\n\t<meta property=\"og:image:height\" content=\"800\" \/>\n\t<meta property=\"og:image:type\" content=\"image\/jpeg\" \/>\n<meta name=\"twitter:card\" content=\"summary_large_image\" \/>\n<meta name=\"twitter:label1\" content=\"Est. reading time\" \/>\n\t<meta name=\"twitter:data1\" content=\"1 minut\u0117\" \/>\n<script type=\"application\/ld+json\" class=\"yoast-schema-graph\">{\"@context\":\"https:\\\/\\\/schema.org\",\"@graph\":[{\"@type\":\"WebPage\",\"@id\":\"https:\\\/\\\/anivet.lt\\\/elparduotuve\\\/produktas\\\/virbac-pronefra-pasaro-papildas-sunims-ir-katems-60ml\\\/\",\"url\":\"https:\\\/\\\/anivet.lt\\\/elparduotuve\\\/produktas\\\/virbac-pronefra-pasaro-papildas-sunims-ir-katems-60ml\\\/\",\"name\":\"Virbac Pronefra Pa\u0161aro papildas \u0161unims ir kat\u0117ms 60ml - anivet.lt\",\"isPartOf\":{\"@id\":\"https:\\\/\\\/anivet.lt\\\/elparduotuve\\\/#website\"},\"primaryImageOfPage\":{\"@id\":\"https:\\\/\\\/anivet.lt\\\/elparduotuve\\\/produktas\\\/virbac-pronefra-pasaro-papildas-sunims-ir-katems-60ml\\\/#primaryimage\"},\"image\":{\"@id\":\"https:\\\/\\\/anivet.lt\\\/elparduotuve\\\/produktas\\\/virbac-pronefra-pasaro-papildas-sunims-ir-katems-60ml\\\/#primaryimage\"},\"thumbnailUrl\":\"https:\\\/\\\/anivet.lt\\\/elparduotuve\\\/wp-content\\\/uploads\\\/2024\\\/10\\\/virbac-pronefra-pasaro-papildas-sunims-ir-katems-60ml.jpg\",\"datePublished\":\"2024-10-09T11:21:46+00:00\",\"dateModified\":\"2026-04-28T17:33:18+00:00\",\"description\":\"Virbac Pronefra -\u00a0 Pa\u017eangus pa\u0161aro papildas, skirtas \u0161unims ir kat\u0117ms, ken\u010diantiems nuo l\u0117tinio inkst\u0173 nepakankamumo (CKD). Jis padeda palaikyti inkst\u0173 funkcij\u0105 ir gerinti gyvenimo kokyb\u0119.\",\"breadcrumb\":{\"@id\":\"https:\\\/\\\/anivet.lt\\\/elparduotuve\\\/produktas\\\/virbac-pronefra-pasaro-papildas-sunims-ir-katems-60ml\\\/#breadcrumb\"},\"inLanguage\":\"lt-LT\",\"potentialAction\":[{\"@type\":\"ReadAction\",\"target\":[\"https:\\\/\\\/anivet.lt\\\/elparduotuve\\\/produktas\\\/virbac-pronefra-pasaro-papildas-sunims-ir-katems-60ml\\\/\"]}]},{\"@type\":\"ImageObject\",\"inLanguage\":\"lt-LT\",\"@id\":\"https:\\\/\\\/anivet.lt\\\/elparduotuve\\\/produktas\\\/virbac-pronefra-pasaro-papildas-sunims-ir-katems-60ml\\\/#primaryimage\",\"url\":\"https:\\\/\\\/anivet.lt\\\/elparduotuve\\\/wp-content\\\/uploads\\\/2024\\\/10\\\/virbac-pronefra-pasaro-papildas-sunims-ir-katems-60ml.jpg\",\"contentUrl\":\"https:\\\/\\\/anivet.lt\\\/elparduotuve\\\/wp-content\\\/uploads\\\/2024\\\/10\\\/virbac-pronefra-pasaro-papildas-sunims-ir-katems-60ml.jpg\",\"width\":1200,\"height\":800,\"caption\":\"Virbac Pronefra Pa\u0161aro papildas \u0161unims ir kat\u0117ms 60ml\"},{\"@type\":\"BreadcrumbList\",\"@id\":\"https:\\\/\\\/anivet.lt\\\/elparduotuve\\\/produktas\\\/virbac-pronefra-pasaro-papildas-sunims-ir-katems-60ml\\\/#breadcrumb\",\"itemListElement\":[{\"@type\":\"ListItem\",\"position\":1,\"name\":\"Home\",\"item\":\"https:\\\/\\\/anivet.lt\\\/elparduotuve\\\/\"},{\"@type\":\"ListItem\",\"position\":2,\"name\":\"Produktai\",\"item\":\"https:\\\/\\\/anivet.lt\\\/elparduotuve\\\/produktai\\\/\"},{\"@type\":\"ListItem\",\"position\":3,\"name\":\"Virbac Pronefra Pa\u0161aro papildas \u0161unims ir kat\u0117ms 60ml\"}]},{\"@type\":\"WebSite\",\"@id\":\"https:\\\/\\\/anivet.lt\\\/elparduotuve\\\/#website\",\"url\":\"https:\\\/\\\/anivet.lt\\\/elparduotuve\\\/\",\"name\":\"anivet.lt\",\"description\":\"Viskas J\u016bs\u0173 \u0161uns, kat\u0117s prie\u017ei\u016brai\",\"publisher\":{\"@id\":\"https:\\\/\\\/anivet.lt\\\/elparduotuve\\\/#organization\"},\"alternateName\":\"Viskas J\u016bs\u0173 \u0161uns, kat\u0117s prie\u017ei\u016brai\",\"potentialAction\":[{\"@type\":\"SearchAction\",\"target\":{\"@type\":\"EntryPoint\",\"urlTemplate\":\"https:\\\/\\\/anivet.lt\\\/elparduotuve\\\/?s={search_term_string}\"},\"query-input\":{\"@type\":\"PropertyValueSpecification\",\"valueRequired\":true,\"valueName\":\"search_term_string\"}}],\"inLanguage\":\"lt-LT\"},{\"@type\":\"Organization\",\"@id\":\"https:\\\/\\\/anivet.lt\\\/elparduotuve\\\/#organization\",\"name\":\"Viskas J\u016bs\u0173 \u0161uns, kat\u0117s prie\u017ei\u016brai\",\"url\":\"https:\\\/\\\/anivet.lt\\\/elparduotuve\\\/\",\"logo\":{\"@type\":\"ImageObject\",\"inLanguage\":\"lt-LT\",\"@id\":\"https:\\\/\\\/anivet.lt\\\/elparduotuve\\\/#\\\/schema\\\/logo\\\/image\\\/\",\"url\":\"https:\\\/\\\/anivet.lt\\\/elparduotuve\\\/wp-content\\\/uploads\\\/2023\\\/06\\\/logo2.jpg\",\"contentUrl\":\"https:\\\/\\\/anivet.lt\\\/elparduotuve\\\/wp-content\\\/uploads\\\/2023\\\/06\\\/logo2.jpg\",\"width\":655,\"height\":194,\"caption\":\"Viskas J\u016bs\u0173 \u0161uns, kat\u0117s prie\u017ei\u016brai\"},\"image\":{\"@id\":\"https:\\\/\\\/anivet.lt\\\/elparduotuve\\\/#\\\/schema\\\/logo\\\/image\\\/\"}}]}<\/script>\n<!-- \/ Yoast SEO Premium plugin. -->","yoast_head_json":{"title":"Virbac Pronefra Pa\u0161aro papildas \u0161unims ir kat\u0117ms 60ml - anivet.lt","description":"Virbac Pronefra -\u00a0 Pa\u017eangus pa\u0161aro papildas, skirtas \u0161unims ir kat\u0117ms, ken\u010diantiems nuo l\u0117tinio inkst\u0173 nepakankamumo (CKD). Jis padeda palaikyti inkst\u0173 funkcij\u0105 ir gerinti gyvenimo kokyb\u0119.","robots":{"index":"index","follow":"follow","max-snippet":"max-snippet:-1","max-image-preview":"max-image-preview:large","max-video-preview":"max-video-preview:-1"},"canonical":"https:\/\/anivet.lt\/elparduotuve\/produktas\/virbac-pronefra-pasaro-papildas-sunims-ir-katems-60ml\/","og_locale":"lt_LT","og_type":"article","og_title":"Virbac Pronefra Pa\u0161aro papildas \u0161unims ir kat\u0117ms 60ml","og_description":"Virbac Pronefra -\u00a0 Pa\u017eangus pa\u0161aro papildas, skirtas \u0161unims ir kat\u0117ms, ken\u010diantiems nuo l\u0117tinio inkst\u0173 nepakankamumo (CKD). Jis padeda palaikyti inkst\u0173 funkcij\u0105 ir gerinti gyvenimo kokyb\u0119.","og_url":"https:\/\/anivet.lt\/elparduotuve\/produktas\/virbac-pronefra-pasaro-papildas-sunims-ir-katems-60ml\/","og_site_name":"anivet.lt","article_modified_time":"2026-04-28T17:33:18+00:00","og_image":[{"width":1200,"height":800,"url":"https:\/\/anivet.lt\/elparduotuve\/wp-content\/uploads\/2024\/10\/virbac-pronefra-pasaro-papildas-sunims-ir-katems-60ml.jpg","type":"image\/jpeg"}],"twitter_card":"summary_large_image","twitter_misc":{"Est. reading time":"1 minut\u0117"},"schema":{"@context":"https:\/\/schema.org","@graph":[{"@type":"WebPage","@id":"https:\/\/anivet.lt\/elparduotuve\/produktas\/virbac-pronefra-pasaro-papildas-sunims-ir-katems-60ml\/","url":"https:\/\/anivet.lt\/elparduotuve\/produktas\/virbac-pronefra-pasaro-papildas-sunims-ir-katems-60ml\/","name":"Virbac Pronefra Pa\u0161aro papildas \u0161unims ir kat\u0117ms 60ml - anivet.lt","isPartOf":{"@id":"https:\/\/anivet.lt\/elparduotuve\/#website"},"primaryImageOfPage":{"@id":"https:\/\/anivet.lt\/elparduotuve\/produktas\/virbac-pronefra-pasaro-papildas-sunims-ir-katems-60ml\/#primaryimage"},"image":{"@id":"https:\/\/anivet.lt\/elparduotuve\/produktas\/virbac-pronefra-pasaro-papildas-sunims-ir-katems-60ml\/#primaryimage"},"thumbnailUrl":"https:\/\/anivet.lt\/elparduotuve\/wp-content\/uploads\/2024\/10\/virbac-pronefra-pasaro-papildas-sunims-ir-katems-60ml.jpg","datePublished":"2024-10-09T11:21:46+00:00","dateModified":"2026-04-28T17:33:18+00:00","description":"Virbac Pronefra -\u00a0 Pa\u017eangus pa\u0161aro papildas, skirtas \u0161unims ir kat\u0117ms, ken\u010diantiems nuo l\u0117tinio inkst\u0173 nepakankamumo (CKD). Jis padeda palaikyti inkst\u0173 funkcij\u0105 ir gerinti gyvenimo kokyb\u0119.","breadcrumb":{"@id":"https:\/\/anivet.lt\/elparduotuve\/produktas\/virbac-pronefra-pasaro-papildas-sunims-ir-katems-60ml\/#breadcrumb"},"inLanguage":"lt-LT","potentialAction":[{"@type":"ReadAction","target":["https:\/\/anivet.lt\/elparduotuve\/produktas\/virbac-pronefra-pasaro-papildas-sunims-ir-katems-60ml\/"]}]},{"@type":"ImageObject","inLanguage":"lt-LT","@id":"https:\/\/anivet.lt\/elparduotuve\/produktas\/virbac-pronefra-pasaro-papildas-sunims-ir-katems-60ml\/#primaryimage","url":"https:\/\/anivet.lt\/elparduotuve\/wp-content\/uploads\/2024\/10\/virbac-pronefra-pasaro-papildas-sunims-ir-katems-60ml.jpg","contentUrl":"https:\/\/anivet.lt\/elparduotuve\/wp-content\/uploads\/2024\/10\/virbac-pronefra-pasaro-papildas-sunims-ir-katems-60ml.jpg","width":1200,"height":800,"caption":"Virbac Pronefra Pa\u0161aro papildas \u0161unims ir kat\u0117ms 60ml"},{"@type":"BreadcrumbList","@id":"https:\/\/anivet.lt\/elparduotuve\/produktas\/virbac-pronefra-pasaro-papildas-sunims-ir-katems-60ml\/#breadcrumb","itemListElement":[{"@type":"ListItem","position":1,"name":"Home","item":"https:\/\/anivet.lt\/elparduotuve\/"},{"@type":"ListItem","position":2,"name":"Produktai","item":"https:\/\/anivet.lt\/elparduotuve\/produktai\/"},{"@type":"ListItem","position":3,"name":"Virbac Pronefra Pa\u0161aro papildas \u0161unims ir kat\u0117ms 60ml"}]},{"@type":"WebSite","@id":"https:\/\/anivet.lt\/elparduotuve\/#website","url":"https:\/\/anivet.lt\/elparduotuve\/","name":"anivet.lt","description":"Viskas J\u016bs\u0173 \u0161uns, kat\u0117s prie\u017ei\u016brai","publisher":{"@id":"https:\/\/anivet.lt\/elparduotuve\/#organization"},"alternateName":"Viskas J\u016bs\u0173 \u0161uns, kat\u0117s prie\u017ei\u016brai","potentialAction":[{"@type":"SearchAction","target":{"@type":"EntryPoint","urlTemplate":"https:\/\/anivet.lt\/elparduotuve\/?s={search_term_string}"},"query-input":{"@type":"PropertyValueSpecification","valueRequired":true,"valueName":"search_term_string"}}],"inLanguage":"lt-LT"},{"@type":"Organization","@id":"https:\/\/anivet.lt\/elparduotuve\/#organization","name":"Viskas J\u016bs\u0173 \u0161uns, kat\u0117s prie\u017ei\u016brai","url":"https:\/\/anivet.lt\/elparduotuve\/","logo":{"@type":"ImageObject","inLanguage":"lt-LT","@id":"https:\/\/anivet.lt\/elparduotuve\/#\/schema\/logo\/image\/","url":"https:\/\/anivet.lt\/elparduotuve\/wp-content\/uploads\/2023\/06\/logo2.jpg","contentUrl":"https:\/\/anivet.lt\/elparduotuve\/wp-content\/uploads\/2023\/06\/logo2.jpg","width":655,"height":194,"caption":"Viskas J\u016bs\u0173 \u0161uns, kat\u0117s prie\u017ei\u016brai"},"image":{"@id":"https:\/\/anivet.lt\/elparduotuve\/#\/schema\/logo\/image\/"}}]}},"_links":{"self":[{"href":"https:\/\/anivet.lt\/elparduotuve\/wp-json\/wp\/v2\/product\/14605","targetHints":{"allow":["GET"]}}],"collection":[{"href":"https:\/\/anivet.lt\/elparduotuve\/wp-json\/wp\/v2\/product"}],"about":[{"href":"https:\/\/anivet.lt\/elparduotuve\/wp-json\/wp\/v2\/types\/product"}],"wp:featuredmedia":[{"embeddable":true,"href":"https:\/\/anivet.lt\/elparduotuve\/wp-json\/wp\/v2\/media\/14606"}],"wp:attachment":[{"href":"https:\/\/anivet.lt\/elparduotuve\/wp-json\/wp\/v2\/media?parent=14605"}],"wp:term":[{"taxonomy":"product_brand","embeddable":true,"href":"https:\/\/anivet.lt\/elparduotuve\/wp-json\/wp\/v2\/product_brand?post=14605"},{"taxonomy":"product_cat","embeddable":true,"href":"https:\/\/anivet.lt\/elparduotuve\/wp-json\/wp\/v2\/product_cat?post=14605"},{"taxonomy":"product_tag","embeddable":true,"href":"https:\/\/anivet.lt\/elparduotuve\/wp-json\/wp\/v2\/product_tag?post=14605"}],"curies":[{"name":"wp","href":"https:\/\/api.w.org\/{rel}","templated":true}]}}