{"id":14607,"date":"2024-10-09T13:25:16","date_gmt":"2024-10-09T13:25:16","guid":{"rendered":"https:\/\/anivet.lt\/elparduotuve\/?post_type=product&#038;p=14607"},"modified":"2025-08-06T20:01:36","modified_gmt":"2025-08-06T20:01:36","slug":"virbac-sebolytic-sampunas-250ml","status":"publish","type":"product","link":"https:\/\/anivet.lt\/elparduotuve\/produktas\/virbac-sebolytic-sampunas-250ml\/","title":{"rendered":"Virbac Sebolytic \u0161amp\u016bnas 250ml"},"content":{"rendered":"<ul>\n<li style=\"font-weight: 400;\"><span style=\"font-weight: 400;\">Pleiskan\u0173 \u0161alinimas: Skatina greit\u0105 surag\u0117jusio epidermio pa\u0161alinim\u0105 ir keratinizacijos proceso normalizavim\u0105.<\/span><\/li>\n<li style=\"font-weight: 400;\"><span style=\"font-weight: 400;\">Antiseptin\u0117 apsauga: Padeda i\u0161vengti antrini\u0173 infekcij\u0173, toki\u0173 kaip <\/span><i><span style=\"font-weight: 400;\">Staphylococcus intermedius<\/span><\/i><span style=\"font-weight: 400;\">.<\/span><\/li>\n<li style=\"font-weight: 400;\"><span style=\"font-weight: 400;\">Prie\u0161grybelinis poveikis: Veiksmingai apsaugo nuo grybelini\u0173 infekcij\u0173, pvz., <\/span><i><span style=\"font-weight: 400;\">Malassezia pachydermatis<\/span><\/i><span style=\"font-weight: 400;\">.<\/span><\/li>\n<li style=\"font-weight: 400;\"><span style=\"font-weight: 400;\">Dr\u0117kinimas ir apsauga: Chitozanas padengia od\u0105 apsaugine pl\u0117vele, dr\u0117kina ir palaiko odos b\u016bkl\u0119.<\/span><\/li>\n<li style=\"font-weight: 400;\"><span style=\"font-weight: 400;\">Sferulit\u0173 technologija: Veikliosios med\u017eiagos mikrokapsuli\u0173 pavidalu u\u017etikrina efektyvesn\u012f ir ilgesn\u012f veikim\u0105.<\/span><\/li>\n<\/ul>\n<p><span style=\"font-weight: 400;\">\u201eVirbac Sebolytic\u201c \u0161amp\u016bnas yra efektyvi priemon\u0117, skirta odos problem\u0173 sprendimui, pleiskan\u0173 \u0161alinimui ir ilgalaikei apsaugai nuo infekcij\u0173. Jo inovatyvi sud\u0117tis su sferulitais ir chitozanu u\u017etikrina gilesn\u012f veikli\u0173j\u0173 med\u017eiag\u0173 \u012fsisavinim\u0105, dr\u0117kinim\u0105 ir apsaug\u0105. Tai patikimas sprendimas j\u016bs\u0173 augintinio odos prie\u017ei\u016brai.<\/span><\/p>\n","protected":false},"excerpt":{"rendered":"<p><span style=\"font-weight: 400;\">\u0160is \u0161amp\u016bnas yra specialiai sukurtas normalizuoti odos keratinizacij\u0105, greitai pa\u0161alinti pleiskanas, apsaugoti nuo antrini\u0173 infekcij\u0173 ir palaikyti sveik\u0105 mikrobiologin\u012f odos balans\u0105. Tai puikus sprendimas augintiniams, turintiems sebor\u0117jos ar kit\u0173 odos problem\u0173.<\/span><\/p>\n","protected":false},"featured_media":14613,"template":"","meta":[],"product_brand":[],"product_cat":[101,109,120,102,108,119],"product_tag":[],"class_list":{"0":"post-14607","1":"product","2":"type-product","3":"status-publish","4":"has-post-thumbnail","6":"product_cat-sunims","7":"product_cat-sampunai-ir-kosmetika","8":"product_cat-sampunai-ir-kosmetika-prieziuros-priemones-katems","9":"product_cat-katems","10":"product_cat-prieziuros-priemones","11":"product_cat-prieziuros-priemones-katems","12":"pa_prekinis-zenklas-virbac","14":"first","15":"instock","16":"taxable","17":"shipping-taxable","18":"purchasable","19":"product-type-simple"},"yoast_head":"<!-- This site is optimized with the Yoast SEO Premium plugin v27.1 (Yoast SEO v27.5) - https:\/\/yoast.com\/product\/yoast-seo-premium-wordpress\/ -->\n<title>Virbac Sebolytic \u0161amp\u016bnas 250ml - anivet.lt<\/title>\n<meta name=\"description\" content=\"\u0160is \u0161amp\u016bnas yra specialiai sukurtas normalizuoti odos keratinizacij\u0105, greitai pa\u0161alinti pleiskanas, apsaugoti nuo antrini\u0173 infekcij\u0173 ir palaikyti sveik\u0105 mikrobiologin\u012f odos balans\u0105. Tai puikus sprendimas augintiniams, turintiems sebor\u0117jos ar kit\u0173 odos problem\u0173.\" \/>\n<meta name=\"robots\" content=\"index, follow, max-snippet:-1, max-image-preview:large, max-video-preview:-1\" \/>\n<link rel=\"canonical\" href=\"https:\/\/anivet.lt\/elparduotuve\/produktas\/virbac-sebolytic-sampunas-250ml\/\" \/>\n<meta property=\"og:locale\" content=\"lt_LT\" \/>\n<meta property=\"og:type\" content=\"article\" \/>\n<meta property=\"og:title\" content=\"Virbac Sebolytic \u0161amp\u016bnas 250ml\" \/>\n<meta property=\"og:description\" content=\"\u0160is \u0161amp\u016bnas yra specialiai sukurtas normalizuoti odos keratinizacij\u0105, greitai pa\u0161alinti pleiskanas, apsaugoti nuo antrini\u0173 infekcij\u0173 ir palaikyti sveik\u0105 mikrobiologin\u012f odos balans\u0105. Tai puikus sprendimas augintiniams, turintiems sebor\u0117jos ar kit\u0173 odos problem\u0173.\" \/>\n<meta property=\"og:url\" content=\"https:\/\/anivet.lt\/elparduotuve\/produktas\/virbac-sebolytic-sampunas-250ml\/\" \/>\n<meta property=\"og:site_name\" content=\"anivet.lt\" \/>\n<meta property=\"article:modified_time\" content=\"2025-08-06T20:01:36+00:00\" \/>\n<meta property=\"og:image\" content=\"https:\/\/anivet.lt\/elparduotuve\/wp-content\/uploads\/2024\/10\/Virbac-Sebolytic-250ml.png\" \/>\n\t<meta property=\"og:image:width\" content=\"600\" \/>\n\t<meta property=\"og:image:height\" content=\"600\" \/>\n\t<meta property=\"og:image:type\" content=\"image\/png\" \/>\n<meta name=\"twitter:card\" content=\"summary_large_image\" \/>\n<meta name=\"twitter:label1\" content=\"Est. reading time\" \/>\n\t<meta name=\"twitter:data1\" content=\"1 minut\u0117\" \/>\n<script type=\"application\/ld+json\" class=\"yoast-schema-graph\">{\"@context\":\"https:\\\/\\\/schema.org\",\"@graph\":[{\"@type\":\"WebPage\",\"@id\":\"https:\\\/\\\/anivet.lt\\\/elparduotuve\\\/produktas\\\/virbac-sebolytic-sampunas-250ml\\\/\",\"url\":\"https:\\\/\\\/anivet.lt\\\/elparduotuve\\\/produktas\\\/virbac-sebolytic-sampunas-250ml\\\/\",\"name\":\"Virbac Sebolytic \u0161amp\u016bnas 250ml - anivet.lt\",\"isPartOf\":{\"@id\":\"https:\\\/\\\/anivet.lt\\\/elparduotuve\\\/#website\"},\"primaryImageOfPage\":{\"@id\":\"https:\\\/\\\/anivet.lt\\\/elparduotuve\\\/produktas\\\/virbac-sebolytic-sampunas-250ml\\\/#primaryimage\"},\"image\":{\"@id\":\"https:\\\/\\\/anivet.lt\\\/elparduotuve\\\/produktas\\\/virbac-sebolytic-sampunas-250ml\\\/#primaryimage\"},\"thumbnailUrl\":\"https:\\\/\\\/anivet.lt\\\/elparduotuve\\\/wp-content\\\/uploads\\\/2024\\\/10\\\/Virbac-Sebolytic-250ml.png\",\"datePublished\":\"2024-10-09T13:25:16+00:00\",\"dateModified\":\"2025-08-06T20:01:36+00:00\",\"description\":\"\u0160is \u0161amp\u016bnas yra specialiai sukurtas normalizuoti odos keratinizacij\u0105, greitai pa\u0161alinti pleiskanas, apsaugoti nuo antrini\u0173 infekcij\u0173 ir palaikyti sveik\u0105 mikrobiologin\u012f odos balans\u0105. Tai puikus sprendimas augintiniams, turintiems sebor\u0117jos ar kit\u0173 odos problem\u0173.\",\"breadcrumb\":{\"@id\":\"https:\\\/\\\/anivet.lt\\\/elparduotuve\\\/produktas\\\/virbac-sebolytic-sampunas-250ml\\\/#breadcrumb\"},\"inLanguage\":\"lt-LT\",\"potentialAction\":[{\"@type\":\"ReadAction\",\"target\":[\"https:\\\/\\\/anivet.lt\\\/elparduotuve\\\/produktas\\\/virbac-sebolytic-sampunas-250ml\\\/\"]}]},{\"@type\":\"ImageObject\",\"inLanguage\":\"lt-LT\",\"@id\":\"https:\\\/\\\/anivet.lt\\\/elparduotuve\\\/produktas\\\/virbac-sebolytic-sampunas-250ml\\\/#primaryimage\",\"url\":\"https:\\\/\\\/anivet.lt\\\/elparduotuve\\\/wp-content\\\/uploads\\\/2024\\\/10\\\/Virbac-Sebolytic-250ml.png\",\"contentUrl\":\"https:\\\/\\\/anivet.lt\\\/elparduotuve\\\/wp-content\\\/uploads\\\/2024\\\/10\\\/Virbac-Sebolytic-250ml.png\",\"width\":600,\"height\":600,\"caption\":\"Virbac Sebolytic \u0161amp\u016bnas 250ml\"},{\"@type\":\"BreadcrumbList\",\"@id\":\"https:\\\/\\\/anivet.lt\\\/elparduotuve\\\/produktas\\\/virbac-sebolytic-sampunas-250ml\\\/#breadcrumb\",\"itemListElement\":[{\"@type\":\"ListItem\",\"position\":1,\"name\":\"Home\",\"item\":\"https:\\\/\\\/anivet.lt\\\/elparduotuve\\\/\"},{\"@type\":\"ListItem\",\"position\":2,\"name\":\"Produktai\",\"item\":\"https:\\\/\\\/anivet.lt\\\/elparduotuve\\\/produktai\\\/\"},{\"@type\":\"ListItem\",\"position\":3,\"name\":\"Virbac Sebolytic \u0161amp\u016bnas 250ml\"}]},{\"@type\":\"WebSite\",\"@id\":\"https:\\\/\\\/anivet.lt\\\/elparduotuve\\\/#website\",\"url\":\"https:\\\/\\\/anivet.lt\\\/elparduotuve\\\/\",\"name\":\"anivet.lt\",\"description\":\"Viskas J\u016bs\u0173 \u0161uns, kat\u0117s prie\u017ei\u016brai\",\"publisher\":{\"@id\":\"https:\\\/\\\/anivet.lt\\\/elparduotuve\\\/#organization\"},\"alternateName\":\"Viskas J\u016bs\u0173 \u0161uns, kat\u0117s prie\u017ei\u016brai\",\"potentialAction\":[{\"@type\":\"SearchAction\",\"target\":{\"@type\":\"EntryPoint\",\"urlTemplate\":\"https:\\\/\\\/anivet.lt\\\/elparduotuve\\\/?s={search_term_string}\"},\"query-input\":{\"@type\":\"PropertyValueSpecification\",\"valueRequired\":true,\"valueName\":\"search_term_string\"}}],\"inLanguage\":\"lt-LT\"},{\"@type\":\"Organization\",\"@id\":\"https:\\\/\\\/anivet.lt\\\/elparduotuve\\\/#organization\",\"name\":\"Viskas J\u016bs\u0173 \u0161uns, kat\u0117s prie\u017ei\u016brai\",\"url\":\"https:\\\/\\\/anivet.lt\\\/elparduotuve\\\/\",\"logo\":{\"@type\":\"ImageObject\",\"inLanguage\":\"lt-LT\",\"@id\":\"https:\\\/\\\/anivet.lt\\\/elparduotuve\\\/#\\\/schema\\\/logo\\\/image\\\/\",\"url\":\"https:\\\/\\\/anivet.lt\\\/elparduotuve\\\/wp-content\\\/uploads\\\/2023\\\/06\\\/logo2.jpg\",\"contentUrl\":\"https:\\\/\\\/anivet.lt\\\/elparduotuve\\\/wp-content\\\/uploads\\\/2023\\\/06\\\/logo2.jpg\",\"width\":655,\"height\":194,\"caption\":\"Viskas J\u016bs\u0173 \u0161uns, kat\u0117s prie\u017ei\u016brai\"},\"image\":{\"@id\":\"https:\\\/\\\/anivet.lt\\\/elparduotuve\\\/#\\\/schema\\\/logo\\\/image\\\/\"}}]}<\/script>\n<!-- \/ Yoast SEO Premium plugin. -->","yoast_head_json":{"title":"Virbac Sebolytic \u0161amp\u016bnas 250ml - anivet.lt","description":"\u0160is \u0161amp\u016bnas yra specialiai sukurtas normalizuoti odos keratinizacij\u0105, greitai pa\u0161alinti pleiskanas, apsaugoti nuo antrini\u0173 infekcij\u0173 ir palaikyti sveik\u0105 mikrobiologin\u012f odos balans\u0105. Tai puikus sprendimas augintiniams, turintiems sebor\u0117jos ar kit\u0173 odos problem\u0173.","robots":{"index":"index","follow":"follow","max-snippet":"max-snippet:-1","max-image-preview":"max-image-preview:large","max-video-preview":"max-video-preview:-1"},"canonical":"https:\/\/anivet.lt\/elparduotuve\/produktas\/virbac-sebolytic-sampunas-250ml\/","og_locale":"lt_LT","og_type":"article","og_title":"Virbac Sebolytic \u0161amp\u016bnas 250ml","og_description":"\u0160is \u0161amp\u016bnas yra specialiai sukurtas normalizuoti odos keratinizacij\u0105, greitai pa\u0161alinti pleiskanas, apsaugoti nuo antrini\u0173 infekcij\u0173 ir palaikyti sveik\u0105 mikrobiologin\u012f odos balans\u0105. Tai puikus sprendimas augintiniams, turintiems sebor\u0117jos ar kit\u0173 odos problem\u0173.","og_url":"https:\/\/anivet.lt\/elparduotuve\/produktas\/virbac-sebolytic-sampunas-250ml\/","og_site_name":"anivet.lt","article_modified_time":"2025-08-06T20:01:36+00:00","og_image":[{"width":600,"height":600,"url":"https:\/\/anivet.lt\/elparduotuve\/wp-content\/uploads\/2024\/10\/Virbac-Sebolytic-250ml.png","type":"image\/png"}],"twitter_card":"summary_large_image","twitter_misc":{"Est. reading time":"1 minut\u0117"},"schema":{"@context":"https:\/\/schema.org","@graph":[{"@type":"WebPage","@id":"https:\/\/anivet.lt\/elparduotuve\/produktas\/virbac-sebolytic-sampunas-250ml\/","url":"https:\/\/anivet.lt\/elparduotuve\/produktas\/virbac-sebolytic-sampunas-250ml\/","name":"Virbac Sebolytic \u0161amp\u016bnas 250ml - anivet.lt","isPartOf":{"@id":"https:\/\/anivet.lt\/elparduotuve\/#website"},"primaryImageOfPage":{"@id":"https:\/\/anivet.lt\/elparduotuve\/produktas\/virbac-sebolytic-sampunas-250ml\/#primaryimage"},"image":{"@id":"https:\/\/anivet.lt\/elparduotuve\/produktas\/virbac-sebolytic-sampunas-250ml\/#primaryimage"},"thumbnailUrl":"https:\/\/anivet.lt\/elparduotuve\/wp-content\/uploads\/2024\/10\/Virbac-Sebolytic-250ml.png","datePublished":"2024-10-09T13:25:16+00:00","dateModified":"2025-08-06T20:01:36+00:00","description":"\u0160is \u0161amp\u016bnas yra specialiai sukurtas normalizuoti odos keratinizacij\u0105, greitai pa\u0161alinti pleiskanas, apsaugoti nuo antrini\u0173 infekcij\u0173 ir palaikyti sveik\u0105 mikrobiologin\u012f odos balans\u0105. Tai puikus sprendimas augintiniams, turintiems sebor\u0117jos ar kit\u0173 odos problem\u0173.","breadcrumb":{"@id":"https:\/\/anivet.lt\/elparduotuve\/produktas\/virbac-sebolytic-sampunas-250ml\/#breadcrumb"},"inLanguage":"lt-LT","potentialAction":[{"@type":"ReadAction","target":["https:\/\/anivet.lt\/elparduotuve\/produktas\/virbac-sebolytic-sampunas-250ml\/"]}]},{"@type":"ImageObject","inLanguage":"lt-LT","@id":"https:\/\/anivet.lt\/elparduotuve\/produktas\/virbac-sebolytic-sampunas-250ml\/#primaryimage","url":"https:\/\/anivet.lt\/elparduotuve\/wp-content\/uploads\/2024\/10\/Virbac-Sebolytic-250ml.png","contentUrl":"https:\/\/anivet.lt\/elparduotuve\/wp-content\/uploads\/2024\/10\/Virbac-Sebolytic-250ml.png","width":600,"height":600,"caption":"Virbac Sebolytic \u0161amp\u016bnas 250ml"},{"@type":"BreadcrumbList","@id":"https:\/\/anivet.lt\/elparduotuve\/produktas\/virbac-sebolytic-sampunas-250ml\/#breadcrumb","itemListElement":[{"@type":"ListItem","position":1,"name":"Home","item":"https:\/\/anivet.lt\/elparduotuve\/"},{"@type":"ListItem","position":2,"name":"Produktai","item":"https:\/\/anivet.lt\/elparduotuve\/produktai\/"},{"@type":"ListItem","position":3,"name":"Virbac Sebolytic \u0161amp\u016bnas 250ml"}]},{"@type":"WebSite","@id":"https:\/\/anivet.lt\/elparduotuve\/#website","url":"https:\/\/anivet.lt\/elparduotuve\/","name":"anivet.lt","description":"Viskas J\u016bs\u0173 \u0161uns, kat\u0117s prie\u017ei\u016brai","publisher":{"@id":"https:\/\/anivet.lt\/elparduotuve\/#organization"},"alternateName":"Viskas J\u016bs\u0173 \u0161uns, kat\u0117s prie\u017ei\u016brai","potentialAction":[{"@type":"SearchAction","target":{"@type":"EntryPoint","urlTemplate":"https:\/\/anivet.lt\/elparduotuve\/?s={search_term_string}"},"query-input":{"@type":"PropertyValueSpecification","valueRequired":true,"valueName":"search_term_string"}}],"inLanguage":"lt-LT"},{"@type":"Organization","@id":"https:\/\/anivet.lt\/elparduotuve\/#organization","name":"Viskas J\u016bs\u0173 \u0161uns, kat\u0117s prie\u017ei\u016brai","url":"https:\/\/anivet.lt\/elparduotuve\/","logo":{"@type":"ImageObject","inLanguage":"lt-LT","@id":"https:\/\/anivet.lt\/elparduotuve\/#\/schema\/logo\/image\/","url":"https:\/\/anivet.lt\/elparduotuve\/wp-content\/uploads\/2023\/06\/logo2.jpg","contentUrl":"https:\/\/anivet.lt\/elparduotuve\/wp-content\/uploads\/2023\/06\/logo2.jpg","width":655,"height":194,"caption":"Viskas J\u016bs\u0173 \u0161uns, kat\u0117s prie\u017ei\u016brai"},"image":{"@id":"https:\/\/anivet.lt\/elparduotuve\/#\/schema\/logo\/image\/"}}]}},"_links":{"self":[{"href":"https:\/\/anivet.lt\/elparduotuve\/wp-json\/wp\/v2\/product\/14607","targetHints":{"allow":["GET"]}}],"collection":[{"href":"https:\/\/anivet.lt\/elparduotuve\/wp-json\/wp\/v2\/product"}],"about":[{"href":"https:\/\/anivet.lt\/elparduotuve\/wp-json\/wp\/v2\/types\/product"}],"wp:featuredmedia":[{"embeddable":true,"href":"https:\/\/anivet.lt\/elparduotuve\/wp-json\/wp\/v2\/media\/14613"}],"wp:attachment":[{"href":"https:\/\/anivet.lt\/elparduotuve\/wp-json\/wp\/v2\/media?parent=14607"}],"wp:term":[{"taxonomy":"product_brand","embeddable":true,"href":"https:\/\/anivet.lt\/elparduotuve\/wp-json\/wp\/v2\/product_brand?post=14607"},{"taxonomy":"product_cat","embeddable":true,"href":"https:\/\/anivet.lt\/elparduotuve\/wp-json\/wp\/v2\/product_cat?post=14607"},{"taxonomy":"product_tag","embeddable":true,"href":"https:\/\/anivet.lt\/elparduotuve\/wp-json\/wp\/v2\/product_tag?post=14607"}],"curies":[{"name":"wp","href":"https:\/\/api.w.org\/{rel}","templated":true}]}}