{"id":14609,"date":"2024-10-09T13:47:24","date_gmt":"2024-10-09T13:47:24","guid":{"rendered":"https:\/\/anivet.lt\/elparduotuve\/?post_type=product&#038;p=14609"},"modified":"2026-02-20T10:12:06","modified_gmt":"2026-02-20T10:12:06","slug":"dermoscent-bio-balm-sunims-50-ml","status":"publish","type":"product","link":"https:\/\/anivet.lt\/elparduotuve\/produktas\/dermoscent-bio-balm-sunims-50-ml\/","title":{"rendered":"Dermoscent Bio Balm \u0161unims 50 ml"},"content":{"rendered":"<ul>\n<li style=\"font-weight: 400;\"><span style=\"font-weight: 400;\">Nat\u016brali sud\u0117tis: Pagaminta i\u0161 augalini\u0173 aliej\u0173, alantoino ir smulkiosios mirten\u0117s aliejaus, tinka net jautriai odai.<\/span><\/li>\n<li style=\"font-weight: 400;\"><span style=\"font-weight: 400;\">Skatina gijim\u0105: Efektyvus esant pavir\u0161in\u0117ms \u017eaizdoms, ma\u017eina infekcijos rizik\u0105 ir ramina sudirgusi\u0105 od\u0105.<\/span><\/li>\n<li style=\"font-weight: 400;\"><span style=\"font-weight: 400;\">Mal\u0161ina skausm\u0105: Padeda po intensyvi\u0173 treniruo\u010di\u0173, med\u017eiokl\u0117s ar lenktyni\u0173, suteikdamas greit\u0105 komforto poj\u016bt\u012f.<\/span><\/li>\n<li style=\"font-weight: 400;\"><span style=\"font-weight: 400;\">Apsauga nuo sukiet\u0117jim\u0173: Saugo snuk\u012f, od\u0105 ir letenas nuo sausumo bei nuospaud\u0173.<\/span><\/li>\n<li style=\"font-weight: 400;\"><span style=\"font-weight: 400;\">Kasdienis naudojimas: Tinkamas naudoti reguliariai, norint i\u0161laikyti sveik\u0105 od\u0105 ir letenas.<\/span><\/li>\n<\/ul>\n<p><span style=\"font-weight: 400;\">\u0160is balzamas yra nepakei\u010diamas aktyvi\u0173 \u0161un\u0173 \u0161eimininkams, u\u017etikrinantis greit\u0105 pagalb\u0105 ir ilgalaik\u0119 apsaug\u0105. Jo nat\u016brali formul\u0117 saugiai r\u016bpinasi j\u016bs\u0173 augintinio oda net intensyvaus fizinio aktyvumo metu.<\/span><\/p>\n","protected":false},"excerpt":{"rendered":"<p><span style=\"font-weight: 400;\">100% nat\u016bralios sud\u0117ties produktas, specialiai sukurtas jautri\u0173 leten\u0173 ir pa\u017eeistos odos prie\u017ei\u016brai. Balzamas tinka \u012fvairioms situacijoms \u2013 nuo tarpupir\u0161\u010di\u0173 pa\u017eeidim\u0173 iki odos apsaugos nuo sukiet\u0117jim\u0173 ir nuospaud\u0173.<\/span><\/p>\n","protected":false},"featured_media":14612,"template":"","meta":[],"product_brand":[],"product_cat":[101,108,111],"product_tag":[],"class_list":{"0":"post-14609","1":"product","2":"type-product","3":"status-publish","4":"has-post-thumbnail","6":"product_cat-sunims","7":"product_cat-prieziuros-priemones","8":"product_cat-peduciu-prieziura","9":"pa_prekinis-zenklas-dermoscent","11":"first","12":"instock","13":"taxable","14":"shipping-taxable","15":"purchasable","16":"product-type-simple"},"yoast_head":"<!-- This site is optimized with the Yoast SEO Premium plugin v27.1 (Yoast SEO v27.5) - https:\/\/yoast.com\/product\/yoast-seo-premium-wordpress\/ -->\n<title>Dermoscent Bio Balm \u0161unims 50 ml - anivet.lt<\/title>\n<meta name=\"description\" content=\"100% nat\u016bralios sud\u0117ties produktas, specialiai sukurtas jautri\u0173 leten\u0173 ir pa\u017eeistos odos prie\u017ei\u016brai. Balzamas tinka \u012fvairioms situacijoms \u2013 nuo tarpupir\u0161\u010di\u0173 pa\u017eeidim\u0173 iki odos apsaugos nuo sukiet\u0117jim\u0173 ir nuospaud\u0173.\" \/>\n<meta name=\"robots\" content=\"index, follow, max-snippet:-1, max-image-preview:large, max-video-preview:-1\" \/>\n<link rel=\"canonical\" href=\"https:\/\/anivet.lt\/elparduotuve\/produktas\/dermoscent-bio-balm-sunims-50-ml\/\" \/>\n<meta property=\"og:locale\" content=\"lt_LT\" \/>\n<meta property=\"og:type\" content=\"article\" \/>\n<meta property=\"og:title\" content=\"Dermoscent Bio Balm \u0161unims 50 ml\" \/>\n<meta property=\"og:description\" content=\"100% nat\u016bralios sud\u0117ties produktas, specialiai sukurtas jautri\u0173 leten\u0173 ir pa\u017eeistos odos prie\u017ei\u016brai. Balzamas tinka \u012fvairioms situacijoms \u2013 nuo tarpupir\u0161\u010di\u0173 pa\u017eeidim\u0173 iki odos apsaugos nuo sukiet\u0117jim\u0173 ir nuospaud\u0173.\" \/>\n<meta property=\"og:url\" content=\"https:\/\/anivet.lt\/elparduotuve\/produktas\/dermoscent-bio-balm-sunims-50-ml\/\" \/>\n<meta property=\"og:site_name\" content=\"anivet.lt\" \/>\n<meta property=\"article:modified_time\" content=\"2026-02-20T10:12:06+00:00\" \/>\n<meta property=\"og:image\" content=\"https:\/\/anivet.lt\/elparduotuve\/wp-content\/uploads\/2024\/10\/bio-balm2.png\" \/>\n\t<meta property=\"og:image:width\" content=\"500\" \/>\n\t<meta property=\"og:image:height\" content=\"331\" \/>\n\t<meta property=\"og:image:type\" content=\"image\/png\" \/>\n<meta name=\"twitter:card\" content=\"summary_large_image\" \/>\n<meta name=\"twitter:label1\" content=\"Est. reading time\" \/>\n\t<meta name=\"twitter:data1\" content=\"1 minut\u0117\" \/>\n<script type=\"application\/ld+json\" class=\"yoast-schema-graph\">{\"@context\":\"https:\\\/\\\/schema.org\",\"@graph\":[{\"@type\":\"WebPage\",\"@id\":\"https:\\\/\\\/anivet.lt\\\/elparduotuve\\\/produktas\\\/dermoscent-bio-balm-sunims-50-ml\\\/\",\"url\":\"https:\\\/\\\/anivet.lt\\\/elparduotuve\\\/produktas\\\/dermoscent-bio-balm-sunims-50-ml\\\/\",\"name\":\"Dermoscent Bio Balm \u0161unims 50 ml - anivet.lt\",\"isPartOf\":{\"@id\":\"https:\\\/\\\/anivet.lt\\\/elparduotuve\\\/#website\"},\"primaryImageOfPage\":{\"@id\":\"https:\\\/\\\/anivet.lt\\\/elparduotuve\\\/produktas\\\/dermoscent-bio-balm-sunims-50-ml\\\/#primaryimage\"},\"image\":{\"@id\":\"https:\\\/\\\/anivet.lt\\\/elparduotuve\\\/produktas\\\/dermoscent-bio-balm-sunims-50-ml\\\/#primaryimage\"},\"thumbnailUrl\":\"https:\\\/\\\/anivet.lt\\\/elparduotuve\\\/wp-content\\\/uploads\\\/2024\\\/10\\\/bio-balm2.png\",\"datePublished\":\"2024-10-09T13:47:24+00:00\",\"dateModified\":\"2026-02-20T10:12:06+00:00\",\"description\":\"100% nat\u016bralios sud\u0117ties produktas, specialiai sukurtas jautri\u0173 leten\u0173 ir pa\u017eeistos odos prie\u017ei\u016brai. Balzamas tinka \u012fvairioms situacijoms \u2013 nuo tarpupir\u0161\u010di\u0173 pa\u017eeidim\u0173 iki odos apsaugos nuo sukiet\u0117jim\u0173 ir nuospaud\u0173.\",\"breadcrumb\":{\"@id\":\"https:\\\/\\\/anivet.lt\\\/elparduotuve\\\/produktas\\\/dermoscent-bio-balm-sunims-50-ml\\\/#breadcrumb\"},\"inLanguage\":\"lt-LT\",\"potentialAction\":[{\"@type\":\"ReadAction\",\"target\":[\"https:\\\/\\\/anivet.lt\\\/elparduotuve\\\/produktas\\\/dermoscent-bio-balm-sunims-50-ml\\\/\"]}]},{\"@type\":\"ImageObject\",\"inLanguage\":\"lt-LT\",\"@id\":\"https:\\\/\\\/anivet.lt\\\/elparduotuve\\\/produktas\\\/dermoscent-bio-balm-sunims-50-ml\\\/#primaryimage\",\"url\":\"https:\\\/\\\/anivet.lt\\\/elparduotuve\\\/wp-content\\\/uploads\\\/2024\\\/10\\\/bio-balm2.png\",\"contentUrl\":\"https:\\\/\\\/anivet.lt\\\/elparduotuve\\\/wp-content\\\/uploads\\\/2024\\\/10\\\/bio-balm2.png\",\"width\":500,\"height\":331,\"caption\":\"Dermoscent Bio Balm \u0161unims 50 ml\"},{\"@type\":\"BreadcrumbList\",\"@id\":\"https:\\\/\\\/anivet.lt\\\/elparduotuve\\\/produktas\\\/dermoscent-bio-balm-sunims-50-ml\\\/#breadcrumb\",\"itemListElement\":[{\"@type\":\"ListItem\",\"position\":1,\"name\":\"Home\",\"item\":\"https:\\\/\\\/anivet.lt\\\/elparduotuve\\\/\"},{\"@type\":\"ListItem\",\"position\":2,\"name\":\"Produktai\",\"item\":\"https:\\\/\\\/anivet.lt\\\/elparduotuve\\\/produktai\\\/\"},{\"@type\":\"ListItem\",\"position\":3,\"name\":\"Dermoscent Bio Balm \u0161unims 50 ml\"}]},{\"@type\":\"WebSite\",\"@id\":\"https:\\\/\\\/anivet.lt\\\/elparduotuve\\\/#website\",\"url\":\"https:\\\/\\\/anivet.lt\\\/elparduotuve\\\/\",\"name\":\"anivet.lt\",\"description\":\"Viskas J\u016bs\u0173 \u0161uns, kat\u0117s prie\u017ei\u016brai\",\"publisher\":{\"@id\":\"https:\\\/\\\/anivet.lt\\\/elparduotuve\\\/#organization\"},\"alternateName\":\"Viskas J\u016bs\u0173 \u0161uns, kat\u0117s prie\u017ei\u016brai\",\"potentialAction\":[{\"@type\":\"SearchAction\",\"target\":{\"@type\":\"EntryPoint\",\"urlTemplate\":\"https:\\\/\\\/anivet.lt\\\/elparduotuve\\\/?s={search_term_string}\"},\"query-input\":{\"@type\":\"PropertyValueSpecification\",\"valueRequired\":true,\"valueName\":\"search_term_string\"}}],\"inLanguage\":\"lt-LT\"},{\"@type\":\"Organization\",\"@id\":\"https:\\\/\\\/anivet.lt\\\/elparduotuve\\\/#organization\",\"name\":\"Viskas J\u016bs\u0173 \u0161uns, kat\u0117s prie\u017ei\u016brai\",\"url\":\"https:\\\/\\\/anivet.lt\\\/elparduotuve\\\/\",\"logo\":{\"@type\":\"ImageObject\",\"inLanguage\":\"lt-LT\",\"@id\":\"https:\\\/\\\/anivet.lt\\\/elparduotuve\\\/#\\\/schema\\\/logo\\\/image\\\/\",\"url\":\"https:\\\/\\\/anivet.lt\\\/elparduotuve\\\/wp-content\\\/uploads\\\/2023\\\/06\\\/logo2.jpg\",\"contentUrl\":\"https:\\\/\\\/anivet.lt\\\/elparduotuve\\\/wp-content\\\/uploads\\\/2023\\\/06\\\/logo2.jpg\",\"width\":655,\"height\":194,\"caption\":\"Viskas J\u016bs\u0173 \u0161uns, kat\u0117s prie\u017ei\u016brai\"},\"image\":{\"@id\":\"https:\\\/\\\/anivet.lt\\\/elparduotuve\\\/#\\\/schema\\\/logo\\\/image\\\/\"}}]}<\/script>\n<!-- \/ Yoast SEO Premium plugin. -->","yoast_head_json":{"title":"Dermoscent Bio Balm \u0161unims 50 ml - anivet.lt","description":"100% nat\u016bralios sud\u0117ties produktas, specialiai sukurtas jautri\u0173 leten\u0173 ir pa\u017eeistos odos prie\u017ei\u016brai. Balzamas tinka \u012fvairioms situacijoms \u2013 nuo tarpupir\u0161\u010di\u0173 pa\u017eeidim\u0173 iki odos apsaugos nuo sukiet\u0117jim\u0173 ir nuospaud\u0173.","robots":{"index":"index","follow":"follow","max-snippet":"max-snippet:-1","max-image-preview":"max-image-preview:large","max-video-preview":"max-video-preview:-1"},"canonical":"https:\/\/anivet.lt\/elparduotuve\/produktas\/dermoscent-bio-balm-sunims-50-ml\/","og_locale":"lt_LT","og_type":"article","og_title":"Dermoscent Bio Balm \u0161unims 50 ml","og_description":"100% nat\u016bralios sud\u0117ties produktas, specialiai sukurtas jautri\u0173 leten\u0173 ir pa\u017eeistos odos prie\u017ei\u016brai. Balzamas tinka \u012fvairioms situacijoms \u2013 nuo tarpupir\u0161\u010di\u0173 pa\u017eeidim\u0173 iki odos apsaugos nuo sukiet\u0117jim\u0173 ir nuospaud\u0173.","og_url":"https:\/\/anivet.lt\/elparduotuve\/produktas\/dermoscent-bio-balm-sunims-50-ml\/","og_site_name":"anivet.lt","article_modified_time":"2026-02-20T10:12:06+00:00","og_image":[{"width":500,"height":331,"url":"https:\/\/anivet.lt\/elparduotuve\/wp-content\/uploads\/2024\/10\/bio-balm2.png","type":"image\/png"}],"twitter_card":"summary_large_image","twitter_misc":{"Est. reading time":"1 minut\u0117"},"schema":{"@context":"https:\/\/schema.org","@graph":[{"@type":"WebPage","@id":"https:\/\/anivet.lt\/elparduotuve\/produktas\/dermoscent-bio-balm-sunims-50-ml\/","url":"https:\/\/anivet.lt\/elparduotuve\/produktas\/dermoscent-bio-balm-sunims-50-ml\/","name":"Dermoscent Bio Balm \u0161unims 50 ml - anivet.lt","isPartOf":{"@id":"https:\/\/anivet.lt\/elparduotuve\/#website"},"primaryImageOfPage":{"@id":"https:\/\/anivet.lt\/elparduotuve\/produktas\/dermoscent-bio-balm-sunims-50-ml\/#primaryimage"},"image":{"@id":"https:\/\/anivet.lt\/elparduotuve\/produktas\/dermoscent-bio-balm-sunims-50-ml\/#primaryimage"},"thumbnailUrl":"https:\/\/anivet.lt\/elparduotuve\/wp-content\/uploads\/2024\/10\/bio-balm2.png","datePublished":"2024-10-09T13:47:24+00:00","dateModified":"2026-02-20T10:12:06+00:00","description":"100% nat\u016bralios sud\u0117ties produktas, specialiai sukurtas jautri\u0173 leten\u0173 ir pa\u017eeistos odos prie\u017ei\u016brai. Balzamas tinka \u012fvairioms situacijoms \u2013 nuo tarpupir\u0161\u010di\u0173 pa\u017eeidim\u0173 iki odos apsaugos nuo sukiet\u0117jim\u0173 ir nuospaud\u0173.","breadcrumb":{"@id":"https:\/\/anivet.lt\/elparduotuve\/produktas\/dermoscent-bio-balm-sunims-50-ml\/#breadcrumb"},"inLanguage":"lt-LT","potentialAction":[{"@type":"ReadAction","target":["https:\/\/anivet.lt\/elparduotuve\/produktas\/dermoscent-bio-balm-sunims-50-ml\/"]}]},{"@type":"ImageObject","inLanguage":"lt-LT","@id":"https:\/\/anivet.lt\/elparduotuve\/produktas\/dermoscent-bio-balm-sunims-50-ml\/#primaryimage","url":"https:\/\/anivet.lt\/elparduotuve\/wp-content\/uploads\/2024\/10\/bio-balm2.png","contentUrl":"https:\/\/anivet.lt\/elparduotuve\/wp-content\/uploads\/2024\/10\/bio-balm2.png","width":500,"height":331,"caption":"Dermoscent Bio Balm \u0161unims 50 ml"},{"@type":"BreadcrumbList","@id":"https:\/\/anivet.lt\/elparduotuve\/produktas\/dermoscent-bio-balm-sunims-50-ml\/#breadcrumb","itemListElement":[{"@type":"ListItem","position":1,"name":"Home","item":"https:\/\/anivet.lt\/elparduotuve\/"},{"@type":"ListItem","position":2,"name":"Produktai","item":"https:\/\/anivet.lt\/elparduotuve\/produktai\/"},{"@type":"ListItem","position":3,"name":"Dermoscent Bio Balm \u0161unims 50 ml"}]},{"@type":"WebSite","@id":"https:\/\/anivet.lt\/elparduotuve\/#website","url":"https:\/\/anivet.lt\/elparduotuve\/","name":"anivet.lt","description":"Viskas J\u016bs\u0173 \u0161uns, kat\u0117s prie\u017ei\u016brai","publisher":{"@id":"https:\/\/anivet.lt\/elparduotuve\/#organization"},"alternateName":"Viskas J\u016bs\u0173 \u0161uns, kat\u0117s prie\u017ei\u016brai","potentialAction":[{"@type":"SearchAction","target":{"@type":"EntryPoint","urlTemplate":"https:\/\/anivet.lt\/elparduotuve\/?s={search_term_string}"},"query-input":{"@type":"PropertyValueSpecification","valueRequired":true,"valueName":"search_term_string"}}],"inLanguage":"lt-LT"},{"@type":"Organization","@id":"https:\/\/anivet.lt\/elparduotuve\/#organization","name":"Viskas J\u016bs\u0173 \u0161uns, kat\u0117s prie\u017ei\u016brai","url":"https:\/\/anivet.lt\/elparduotuve\/","logo":{"@type":"ImageObject","inLanguage":"lt-LT","@id":"https:\/\/anivet.lt\/elparduotuve\/#\/schema\/logo\/image\/","url":"https:\/\/anivet.lt\/elparduotuve\/wp-content\/uploads\/2023\/06\/logo2.jpg","contentUrl":"https:\/\/anivet.lt\/elparduotuve\/wp-content\/uploads\/2023\/06\/logo2.jpg","width":655,"height":194,"caption":"Viskas J\u016bs\u0173 \u0161uns, kat\u0117s prie\u017ei\u016brai"},"image":{"@id":"https:\/\/anivet.lt\/elparduotuve\/#\/schema\/logo\/image\/"}}]}},"_links":{"self":[{"href":"https:\/\/anivet.lt\/elparduotuve\/wp-json\/wp\/v2\/product\/14609","targetHints":{"allow":["GET"]}}],"collection":[{"href":"https:\/\/anivet.lt\/elparduotuve\/wp-json\/wp\/v2\/product"}],"about":[{"href":"https:\/\/anivet.lt\/elparduotuve\/wp-json\/wp\/v2\/types\/product"}],"wp:featuredmedia":[{"embeddable":true,"href":"https:\/\/anivet.lt\/elparduotuve\/wp-json\/wp\/v2\/media\/14612"}],"wp:attachment":[{"href":"https:\/\/anivet.lt\/elparduotuve\/wp-json\/wp\/v2\/media?parent=14609"}],"wp:term":[{"taxonomy":"product_brand","embeddable":true,"href":"https:\/\/anivet.lt\/elparduotuve\/wp-json\/wp\/v2\/product_brand?post=14609"},{"taxonomy":"product_cat","embeddable":true,"href":"https:\/\/anivet.lt\/elparduotuve\/wp-json\/wp\/v2\/product_cat?post=14609"},{"taxonomy":"product_tag","embeddable":true,"href":"https:\/\/anivet.lt\/elparduotuve\/wp-json\/wp\/v2\/product_tag?post=14609"}],"curies":[{"name":"wp","href":"https:\/\/api.w.org\/{rel}","templated":true}]}}