{"id":14625,"date":"2024-10-10T11:19:58","date_gmt":"2024-10-10T11:19:58","guid":{"rendered":"https:\/\/anivet.lt\/elparduotuve\/?post_type=product&#038;p=14625"},"modified":"2025-05-27T13:29:01","modified_gmt":"2025-05-27T13:29:01","slug":"trixie-cat-malt-pasta-katems-nuo-plauku-gumulu-100g","status":"publish","type":"product","link":"https:\/\/anivet.lt\/elparduotuve\/produktas\/trixie-cat-malt-pasta-katems-nuo-plauku-gumulu-100g\/","title":{"rendered":"TRIXIE Cat malt pasta kat\u0117ms nuo plauk\u0173 gumul\u0173 100g"},"content":{"rendered":"","protected":false},"excerpt":{"rendered":"<p>Pasta gerina vir\u0161kinim\u0105, apsaugo nuo praryt\u0173 plauk\u0173 kamuoliuk\u0173 sankaup\u0173.<\/p>\n","protected":false},"featured_media":14626,"template":"","meta":[],"product_brand":[],"product_cat":[102,124],"product_tag":[],"class_list":{"0":"post-14625","1":"product","2":"type-product","3":"status-publish","4":"has-post-thumbnail","6":"product_cat-katems","7":"product_cat-vitaminai-ir-papildai-katems","8":"pa_prekinis-zenklas-trixie","10":"first","11":"instock","12":"taxable","13":"shipping-taxable","14":"purchasable","15":"product-type-simple"},"yoast_head":"<!-- This site is optimized with the Yoast SEO Premium plugin v27.1 (Yoast SEO v27.5) - https:\/\/yoast.com\/product\/yoast-seo-premium-wordpress\/ -->\n<title>TRIXIE Cat malt pasta kat\u0117ms nuo plauk\u0173 gumul\u0173 100g - anivet.lt<\/title>\n<meta name=\"description\" content=\"Pasta gerina vir\u0161kinim\u0105, apsaugo nuo praryt\u0173 plauk\u0173 kamuoliuk\u0173 sankaup\u0173.\" \/>\n<meta name=\"robots\" content=\"index, follow, max-snippet:-1, max-image-preview:large, max-video-preview:-1\" \/>\n<link rel=\"canonical\" href=\"https:\/\/anivet.lt\/elparduotuve\/produktas\/trixie-cat-malt-pasta-katems-nuo-plauku-gumulu-100g\/\" \/>\n<meta property=\"og:locale\" content=\"lt_LT\" \/>\n<meta property=\"og:type\" content=\"article\" \/>\n<meta property=\"og:title\" content=\"TRIXIE Cat malt pasta kat\u0117ms nuo plauk\u0173 gumul\u0173 100g\" \/>\n<meta property=\"og:description\" content=\"Pasta gerina vir\u0161kinim\u0105, apsaugo nuo praryt\u0173 plauk\u0173 kamuoliuk\u0173 sankaup\u0173.\" \/>\n<meta property=\"og:url\" content=\"https:\/\/anivet.lt\/elparduotuve\/produktas\/trixie-cat-malt-pasta-katems-nuo-plauku-gumulu-100g\/\" \/>\n<meta property=\"og:site_name\" content=\"anivet.lt\" \/>\n<meta property=\"article:modified_time\" content=\"2025-05-27T13:29:01+00:00\" \/>\n<meta property=\"og:image\" content=\"https:\/\/anivet.lt\/elparduotuve\/wp-content\/uploads\/2024\/10\/0003738_34_4220-trixie-cat-malt-100-g-pak6_510-nauja.jpg\" \/>\n\t<meta property=\"og:image:width\" content=\"400\" \/>\n\t<meta property=\"og:image:height\" content=\"400\" \/>\n\t<meta property=\"og:image:type\" content=\"image\/jpeg\" \/>\n<meta name=\"twitter:card\" content=\"summary_large_image\" \/>\n<meta name=\"twitter:label1\" content=\"Est. reading time\" \/>\n\t<meta name=\"twitter:data1\" content=\"1 minut\u0117\" \/>\n<script type=\"application\/ld+json\" class=\"yoast-schema-graph\">{\"@context\":\"https:\\\/\\\/schema.org\",\"@graph\":[{\"@type\":\"WebPage\",\"@id\":\"https:\\\/\\\/anivet.lt\\\/elparduotuve\\\/produktas\\\/trixie-cat-malt-pasta-katems-nuo-plauku-gumulu-100g\\\/\",\"url\":\"https:\\\/\\\/anivet.lt\\\/elparduotuve\\\/produktas\\\/trixie-cat-malt-pasta-katems-nuo-plauku-gumulu-100g\\\/\",\"name\":\"TRIXIE Cat malt pasta kat\u0117ms nuo plauk\u0173 gumul\u0173 100g - anivet.lt\",\"isPartOf\":{\"@id\":\"https:\\\/\\\/anivet.lt\\\/elparduotuve\\\/#website\"},\"primaryImageOfPage\":{\"@id\":\"https:\\\/\\\/anivet.lt\\\/elparduotuve\\\/produktas\\\/trixie-cat-malt-pasta-katems-nuo-plauku-gumulu-100g\\\/#primaryimage\"},\"image\":{\"@id\":\"https:\\\/\\\/anivet.lt\\\/elparduotuve\\\/produktas\\\/trixie-cat-malt-pasta-katems-nuo-plauku-gumulu-100g\\\/#primaryimage\"},\"thumbnailUrl\":\"https:\\\/\\\/anivet.lt\\\/elparduotuve\\\/wp-content\\\/uploads\\\/2024\\\/10\\\/0003738_34_4220-trixie-cat-malt-100-g-pak6_510-nauja.jpg\",\"datePublished\":\"2024-10-10T11:19:58+00:00\",\"dateModified\":\"2025-05-27T13:29:01+00:00\",\"description\":\"Pasta gerina vir\u0161kinim\u0105, apsaugo nuo praryt\u0173 plauk\u0173 kamuoliuk\u0173 sankaup\u0173.\",\"breadcrumb\":{\"@id\":\"https:\\\/\\\/anivet.lt\\\/elparduotuve\\\/produktas\\\/trixie-cat-malt-pasta-katems-nuo-plauku-gumulu-100g\\\/#breadcrumb\"},\"inLanguage\":\"lt-LT\",\"potentialAction\":[{\"@type\":\"ReadAction\",\"target\":[\"https:\\\/\\\/anivet.lt\\\/elparduotuve\\\/produktas\\\/trixie-cat-malt-pasta-katems-nuo-plauku-gumulu-100g\\\/\"]}]},{\"@type\":\"ImageObject\",\"inLanguage\":\"lt-LT\",\"@id\":\"https:\\\/\\\/anivet.lt\\\/elparduotuve\\\/produktas\\\/trixie-cat-malt-pasta-katems-nuo-plauku-gumulu-100g\\\/#primaryimage\",\"url\":\"https:\\\/\\\/anivet.lt\\\/elparduotuve\\\/wp-content\\\/uploads\\\/2024\\\/10\\\/0003738_34_4220-trixie-cat-malt-100-g-pak6_510-nauja.jpg\",\"contentUrl\":\"https:\\\/\\\/anivet.lt\\\/elparduotuve\\\/wp-content\\\/uploads\\\/2024\\\/10\\\/0003738_34_4220-trixie-cat-malt-100-g-pak6_510-nauja.jpg\",\"width\":400,\"height\":400,\"caption\":\"TRIXIE Cat malt pasta kat\u0117ms nuo plauk\u0173 gumul\u0173 100g\"},{\"@type\":\"BreadcrumbList\",\"@id\":\"https:\\\/\\\/anivet.lt\\\/elparduotuve\\\/produktas\\\/trixie-cat-malt-pasta-katems-nuo-plauku-gumulu-100g\\\/#breadcrumb\",\"itemListElement\":[{\"@type\":\"ListItem\",\"position\":1,\"name\":\"Home\",\"item\":\"https:\\\/\\\/anivet.lt\\\/elparduotuve\\\/\"},{\"@type\":\"ListItem\",\"position\":2,\"name\":\"Produktai\",\"item\":\"https:\\\/\\\/anivet.lt\\\/elparduotuve\\\/produktai\\\/\"},{\"@type\":\"ListItem\",\"position\":3,\"name\":\"TRIXIE Cat malt pasta kat\u0117ms nuo plauk\u0173 gumul\u0173 100g\"}]},{\"@type\":\"WebSite\",\"@id\":\"https:\\\/\\\/anivet.lt\\\/elparduotuve\\\/#website\",\"url\":\"https:\\\/\\\/anivet.lt\\\/elparduotuve\\\/\",\"name\":\"anivet.lt\",\"description\":\"Viskas J\u016bs\u0173 \u0161uns, kat\u0117s prie\u017ei\u016brai\",\"publisher\":{\"@id\":\"https:\\\/\\\/anivet.lt\\\/elparduotuve\\\/#organization\"},\"alternateName\":\"Viskas J\u016bs\u0173 \u0161uns, kat\u0117s prie\u017ei\u016brai\",\"potentialAction\":[{\"@type\":\"SearchAction\",\"target\":{\"@type\":\"EntryPoint\",\"urlTemplate\":\"https:\\\/\\\/anivet.lt\\\/elparduotuve\\\/?s={search_term_string}\"},\"query-input\":{\"@type\":\"PropertyValueSpecification\",\"valueRequired\":true,\"valueName\":\"search_term_string\"}}],\"inLanguage\":\"lt-LT\"},{\"@type\":\"Organization\",\"@id\":\"https:\\\/\\\/anivet.lt\\\/elparduotuve\\\/#organization\",\"name\":\"Viskas J\u016bs\u0173 \u0161uns, kat\u0117s prie\u017ei\u016brai\",\"url\":\"https:\\\/\\\/anivet.lt\\\/elparduotuve\\\/\",\"logo\":{\"@type\":\"ImageObject\",\"inLanguage\":\"lt-LT\",\"@id\":\"https:\\\/\\\/anivet.lt\\\/elparduotuve\\\/#\\\/schema\\\/logo\\\/image\\\/\",\"url\":\"https:\\\/\\\/anivet.lt\\\/elparduotuve\\\/wp-content\\\/uploads\\\/2023\\\/06\\\/logo2.jpg\",\"contentUrl\":\"https:\\\/\\\/anivet.lt\\\/elparduotuve\\\/wp-content\\\/uploads\\\/2023\\\/06\\\/logo2.jpg\",\"width\":655,\"height\":194,\"caption\":\"Viskas J\u016bs\u0173 \u0161uns, kat\u0117s prie\u017ei\u016brai\"},\"image\":{\"@id\":\"https:\\\/\\\/anivet.lt\\\/elparduotuve\\\/#\\\/schema\\\/logo\\\/image\\\/\"}}]}<\/script>\n<!-- \/ Yoast SEO Premium plugin. -->","yoast_head_json":{"title":"TRIXIE Cat malt pasta kat\u0117ms nuo plauk\u0173 gumul\u0173 100g - anivet.lt","description":"Pasta gerina vir\u0161kinim\u0105, apsaugo nuo praryt\u0173 plauk\u0173 kamuoliuk\u0173 sankaup\u0173.","robots":{"index":"index","follow":"follow","max-snippet":"max-snippet:-1","max-image-preview":"max-image-preview:large","max-video-preview":"max-video-preview:-1"},"canonical":"https:\/\/anivet.lt\/elparduotuve\/produktas\/trixie-cat-malt-pasta-katems-nuo-plauku-gumulu-100g\/","og_locale":"lt_LT","og_type":"article","og_title":"TRIXIE Cat malt pasta kat\u0117ms nuo plauk\u0173 gumul\u0173 100g","og_description":"Pasta gerina vir\u0161kinim\u0105, apsaugo nuo praryt\u0173 plauk\u0173 kamuoliuk\u0173 sankaup\u0173.","og_url":"https:\/\/anivet.lt\/elparduotuve\/produktas\/trixie-cat-malt-pasta-katems-nuo-plauku-gumulu-100g\/","og_site_name":"anivet.lt","article_modified_time":"2025-05-27T13:29:01+00:00","og_image":[{"width":400,"height":400,"url":"https:\/\/anivet.lt\/elparduotuve\/wp-content\/uploads\/2024\/10\/0003738_34_4220-trixie-cat-malt-100-g-pak6_510-nauja.jpg","type":"image\/jpeg"}],"twitter_card":"summary_large_image","twitter_misc":{"Est. reading time":"1 minut\u0117"},"schema":{"@context":"https:\/\/schema.org","@graph":[{"@type":"WebPage","@id":"https:\/\/anivet.lt\/elparduotuve\/produktas\/trixie-cat-malt-pasta-katems-nuo-plauku-gumulu-100g\/","url":"https:\/\/anivet.lt\/elparduotuve\/produktas\/trixie-cat-malt-pasta-katems-nuo-plauku-gumulu-100g\/","name":"TRIXIE Cat malt pasta kat\u0117ms nuo plauk\u0173 gumul\u0173 100g - anivet.lt","isPartOf":{"@id":"https:\/\/anivet.lt\/elparduotuve\/#website"},"primaryImageOfPage":{"@id":"https:\/\/anivet.lt\/elparduotuve\/produktas\/trixie-cat-malt-pasta-katems-nuo-plauku-gumulu-100g\/#primaryimage"},"image":{"@id":"https:\/\/anivet.lt\/elparduotuve\/produktas\/trixie-cat-malt-pasta-katems-nuo-plauku-gumulu-100g\/#primaryimage"},"thumbnailUrl":"https:\/\/anivet.lt\/elparduotuve\/wp-content\/uploads\/2024\/10\/0003738_34_4220-trixie-cat-malt-100-g-pak6_510-nauja.jpg","datePublished":"2024-10-10T11:19:58+00:00","dateModified":"2025-05-27T13:29:01+00:00","description":"Pasta gerina vir\u0161kinim\u0105, apsaugo nuo praryt\u0173 plauk\u0173 kamuoliuk\u0173 sankaup\u0173.","breadcrumb":{"@id":"https:\/\/anivet.lt\/elparduotuve\/produktas\/trixie-cat-malt-pasta-katems-nuo-plauku-gumulu-100g\/#breadcrumb"},"inLanguage":"lt-LT","potentialAction":[{"@type":"ReadAction","target":["https:\/\/anivet.lt\/elparduotuve\/produktas\/trixie-cat-malt-pasta-katems-nuo-plauku-gumulu-100g\/"]}]},{"@type":"ImageObject","inLanguage":"lt-LT","@id":"https:\/\/anivet.lt\/elparduotuve\/produktas\/trixie-cat-malt-pasta-katems-nuo-plauku-gumulu-100g\/#primaryimage","url":"https:\/\/anivet.lt\/elparduotuve\/wp-content\/uploads\/2024\/10\/0003738_34_4220-trixie-cat-malt-100-g-pak6_510-nauja.jpg","contentUrl":"https:\/\/anivet.lt\/elparduotuve\/wp-content\/uploads\/2024\/10\/0003738_34_4220-trixie-cat-malt-100-g-pak6_510-nauja.jpg","width":400,"height":400,"caption":"TRIXIE Cat malt pasta kat\u0117ms nuo plauk\u0173 gumul\u0173 100g"},{"@type":"BreadcrumbList","@id":"https:\/\/anivet.lt\/elparduotuve\/produktas\/trixie-cat-malt-pasta-katems-nuo-plauku-gumulu-100g\/#breadcrumb","itemListElement":[{"@type":"ListItem","position":1,"name":"Home","item":"https:\/\/anivet.lt\/elparduotuve\/"},{"@type":"ListItem","position":2,"name":"Produktai","item":"https:\/\/anivet.lt\/elparduotuve\/produktai\/"},{"@type":"ListItem","position":3,"name":"TRIXIE Cat malt pasta kat\u0117ms nuo plauk\u0173 gumul\u0173 100g"}]},{"@type":"WebSite","@id":"https:\/\/anivet.lt\/elparduotuve\/#website","url":"https:\/\/anivet.lt\/elparduotuve\/","name":"anivet.lt","description":"Viskas J\u016bs\u0173 \u0161uns, kat\u0117s prie\u017ei\u016brai","publisher":{"@id":"https:\/\/anivet.lt\/elparduotuve\/#organization"},"alternateName":"Viskas J\u016bs\u0173 \u0161uns, kat\u0117s prie\u017ei\u016brai","potentialAction":[{"@type":"SearchAction","target":{"@type":"EntryPoint","urlTemplate":"https:\/\/anivet.lt\/elparduotuve\/?s={search_term_string}"},"query-input":{"@type":"PropertyValueSpecification","valueRequired":true,"valueName":"search_term_string"}}],"inLanguage":"lt-LT"},{"@type":"Organization","@id":"https:\/\/anivet.lt\/elparduotuve\/#organization","name":"Viskas J\u016bs\u0173 \u0161uns, kat\u0117s prie\u017ei\u016brai","url":"https:\/\/anivet.lt\/elparduotuve\/","logo":{"@type":"ImageObject","inLanguage":"lt-LT","@id":"https:\/\/anivet.lt\/elparduotuve\/#\/schema\/logo\/image\/","url":"https:\/\/anivet.lt\/elparduotuve\/wp-content\/uploads\/2023\/06\/logo2.jpg","contentUrl":"https:\/\/anivet.lt\/elparduotuve\/wp-content\/uploads\/2023\/06\/logo2.jpg","width":655,"height":194,"caption":"Viskas J\u016bs\u0173 \u0161uns, kat\u0117s prie\u017ei\u016brai"},"image":{"@id":"https:\/\/anivet.lt\/elparduotuve\/#\/schema\/logo\/image\/"}}]}},"_links":{"self":[{"href":"https:\/\/anivet.lt\/elparduotuve\/wp-json\/wp\/v2\/product\/14625","targetHints":{"allow":["GET"]}}],"collection":[{"href":"https:\/\/anivet.lt\/elparduotuve\/wp-json\/wp\/v2\/product"}],"about":[{"href":"https:\/\/anivet.lt\/elparduotuve\/wp-json\/wp\/v2\/types\/product"}],"wp:featuredmedia":[{"embeddable":true,"href":"https:\/\/anivet.lt\/elparduotuve\/wp-json\/wp\/v2\/media\/14626"}],"wp:attachment":[{"href":"https:\/\/anivet.lt\/elparduotuve\/wp-json\/wp\/v2\/media?parent=14625"}],"wp:term":[{"taxonomy":"product_brand","embeddable":true,"href":"https:\/\/anivet.lt\/elparduotuve\/wp-json\/wp\/v2\/product_brand?post=14625"},{"taxonomy":"product_cat","embeddable":true,"href":"https:\/\/anivet.lt\/elparduotuve\/wp-json\/wp\/v2\/product_cat?post=14625"},{"taxonomy":"product_tag","embeddable":true,"href":"https:\/\/anivet.lt\/elparduotuve\/wp-json\/wp\/v2\/product_tag?post=14625"}],"curies":[{"name":"wp","href":"https:\/\/api.w.org\/{rel}","templated":true}]}}