{"id":14629,"date":"2024-10-10T11:51:22","date_gmt":"2024-10-10T11:51:22","guid":{"rendered":"https:\/\/anivet.lt\/elparduotuve\/?post_type=product&#038;p=14629"},"modified":"2026-04-20T11:45:56","modified_gmt":"2026-04-20T11:45:56","slug":"gimcat-malt-soft-extra-professional-pasta-katems-nuo-plauku-gumuliuku-50g","status":"publish","type":"product","link":"https:\/\/anivet.lt\/elparduotuve\/produktas\/gimcat-malt-soft-extra-professional-pasta-katems-nuo-plauku-gumuliuku-50g\/","title":{"rendered":"GIMCAT MALT SOFT EXTRA PROFESSIONAL pasta kat\u0117ms nuo plauk\u0173 gumuliuk\u0173 50g"},"content":{"rendered":"<ul>\n<li style=\"font-weight: 400;\" aria-level=\"1\"><span style=\"font-weight: 400;\">Efektyviai pa\u0161alina prarytus plaukus: Skatina nat\u016bral\u0173 plauk\u0173 pa\u0161alinim\u0105 i\u0161 vir\u0161kinamojo trakto.<\/span><\/li>\n<li style=\"font-weight: 400;\" aria-level=\"1\"><span style=\"font-weight: 400;\">Ma\u017eina plauk\u0173 kamuoliuk\u0173 susidarym\u0105: Apsaugo nuo j\u0173 kaupimosi skrandyje, taip ma\u017einant poreik\u012f vemti.<\/span><\/li>\n<li style=\"font-weight: 400;\" aria-level=\"1\"><span style=\"font-weight: 400;\">Apsaugo vir\u0161kinimo trakt\u0105: Beta-gliukanas padeda i\u0161vengti dirginimo ir skatina sveik\u0105 \u017earnyno veikl\u0105.<\/span><\/li>\n<li style=\"font-weight: 400;\" aria-level=\"1\"><span style=\"font-weight: 400;\">Be prid\u0117tini\u0173 cukr\u0173 ir dirbtini\u0173 pried\u0173: Neturi dirbtini\u0173 da\u017eikli\u0173 ar konservant\u0173, tod\u0117l yra saugus kasdieniam naudojimui.<\/span><\/li>\n<li style=\"font-weight: 400;\" aria-level=\"1\"><span style=\"font-weight: 400;\">Patogi vartoti: Pasta lengvai dozuojama ir priimama net i\u0161rankiausi\u0173 ka\u010di\u0173.<\/span><\/li>\n<\/ul>\n<p><span style=\"font-weight: 400;\">\u0160is produktas yra b\u016btinas ka\u010di\u0173 savininkams, norintiems u\u017etikrinti j\u0173 augintini\u0173 sveik\u0105 vir\u0161kinim\u0105 ir komfort\u0105. Nat\u016brali sud\u0117tis, be nereikaling\u0173 pried\u0173, daro j\u012f saugiu net jautrioms kat\u0117ms. Tai patikima ir veiksminga priemon\u0117, padedanti spr\u0119sti da\u017en\u0105 problem\u0105 \u2013 plauk\u0173 gumuliuk\u0173 susidarym\u0105.<\/span><\/p>\n","protected":false},"excerpt":{"rendered":"<p><span style=\"font-weight: 400;\">Inovatyvi pasta yra specialiai sukurta kat\u0117ms, padedant suma\u017einti plauk\u0173 gumuliuk\u0173 susidarym\u0105 ir pagerinti j\u0173 nat\u016bral\u0173 pa\u0161alinim\u0105 i\u0161 organizmo. Salyklo, lin\u0173 s\u0117men\u0173 aliejaus ir beta-gliukano derinys skatina skland\u017ei\u0105 vir\u0161kinimo trakto veikl\u0105 ir u\u017etikrina ger\u0105 kat\u0117s savijaut\u0105.<\/span><\/p>\n","protected":false},"featured_media":14630,"template":"","meta":[],"product_brand":[],"product_cat":[102,124],"product_tag":[],"class_list":{"0":"post-14629","1":"product","2":"type-product","3":"status-publish","4":"has-post-thumbnail","6":"product_cat-katems","7":"product_cat-vitaminai-ir-papildai-katems","8":"pa_prekinis-zenklas-gimcat","10":"first","11":"instock","12":"taxable","13":"shipping-taxable","14":"purchasable","15":"product-type-simple"},"yoast_head":"<!-- This site is optimized with the Yoast SEO Premium plugin v27.1 (Yoast SEO v27.5) - https:\/\/yoast.com\/product\/yoast-seo-premium-wordpress\/ -->\n<title>GIMCAT MALT SOFT EXTRA PROFESSIONAL pasta kat\u0117ms nuo plauk\u0173 gumuliuk\u0173 50g - anivet.lt<\/title>\n<meta name=\"description\" content=\"Inovatyvi pasta yra specialiai sukurta kat\u0117ms, padedant suma\u017einti plauk\u0173 gumuliuk\u0173 susidarym\u0105 ir pagerinti j\u0173 nat\u016bral\u0173 pa\u0161alinim\u0105 i\u0161 organizmo. Salyklo, lin\u0173 s\u0117men\u0173 aliejaus ir beta-gliukano derinys skatina skland\u017ei\u0105 vir\u0161kinimo trakto veikl\u0105 ir u\u017etikrina ger\u0105 kat\u0117s savijaut\u0105.\" \/>\n<meta name=\"robots\" content=\"index, follow, max-snippet:-1, max-image-preview:large, max-video-preview:-1\" \/>\n<link rel=\"canonical\" href=\"https:\/\/anivet.lt\/elparduotuve\/produktas\/gimcat-malt-soft-extra-professional-pasta-katems-nuo-plauku-gumuliuku-50g\/\" \/>\n<meta property=\"og:locale\" content=\"lt_LT\" \/>\n<meta property=\"og:type\" content=\"article\" \/>\n<meta property=\"og:title\" content=\"GIMCAT MALT SOFT EXTRA PROFESSIONAL pasta kat\u0117ms nuo plauk\u0173 gumuliuk\u0173 50g\" \/>\n<meta property=\"og:description\" content=\"Inovatyvi pasta yra specialiai sukurta kat\u0117ms, padedant suma\u017einti plauk\u0173 gumuliuk\u0173 susidarym\u0105 ir pagerinti j\u0173 nat\u016bral\u0173 pa\u0161alinim\u0105 i\u0161 organizmo. Salyklo, lin\u0173 s\u0117men\u0173 aliejaus ir beta-gliukano derinys skatina skland\u017ei\u0105 vir\u0161kinimo trakto veikl\u0105 ir u\u017etikrina ger\u0105 kat\u0117s savijaut\u0105.\" \/>\n<meta property=\"og:url\" content=\"https:\/\/anivet.lt\/elparduotuve\/produktas\/gimcat-malt-soft-extra-professional-pasta-katems-nuo-plauku-gumuliuku-50g\/\" \/>\n<meta property=\"og:site_name\" content=\"anivet.lt\" \/>\n<meta property=\"article:modified_time\" content=\"2026-04-20T11:45:56+00:00\" \/>\n<meta property=\"og:image\" content=\"https:\/\/anivet.lt\/elparduotuve\/wp-content\/uploads\/2024\/10\/1522-GIMCAT-MALT-SOFT-EXTRA-PROFESSIONAL-pasta-katems-nuo-plauku-gumuliuku-20gr-nauja.jpg\" \/>\n\t<meta property=\"og:image:width\" content=\"400\" \/>\n\t<meta property=\"og:image:height\" content=\"400\" \/>\n\t<meta property=\"og:image:type\" content=\"image\/jpeg\" \/>\n<meta name=\"twitter:card\" content=\"summary_large_image\" \/>\n<meta name=\"twitter:label1\" content=\"Est. reading time\" \/>\n\t<meta name=\"twitter:data1\" content=\"1 minut\u0117\" \/>\n<script type=\"application\/ld+json\" class=\"yoast-schema-graph\">{\"@context\":\"https:\\\/\\\/schema.org\",\"@graph\":[{\"@type\":\"WebPage\",\"@id\":\"https:\\\/\\\/anivet.lt\\\/elparduotuve\\\/produktas\\\/gimcat-malt-soft-extra-professional-pasta-katems-nuo-plauku-gumuliuku-50g\\\/\",\"url\":\"https:\\\/\\\/anivet.lt\\\/elparduotuve\\\/produktas\\\/gimcat-malt-soft-extra-professional-pasta-katems-nuo-plauku-gumuliuku-50g\\\/\",\"name\":\"GIMCAT MALT SOFT EXTRA PROFESSIONAL pasta kat\u0117ms nuo plauk\u0173 gumuliuk\u0173 50g - anivet.lt\",\"isPartOf\":{\"@id\":\"https:\\\/\\\/anivet.lt\\\/elparduotuve\\\/#website\"},\"primaryImageOfPage\":{\"@id\":\"https:\\\/\\\/anivet.lt\\\/elparduotuve\\\/produktas\\\/gimcat-malt-soft-extra-professional-pasta-katems-nuo-plauku-gumuliuku-50g\\\/#primaryimage\"},\"image\":{\"@id\":\"https:\\\/\\\/anivet.lt\\\/elparduotuve\\\/produktas\\\/gimcat-malt-soft-extra-professional-pasta-katems-nuo-plauku-gumuliuku-50g\\\/#primaryimage\"},\"thumbnailUrl\":\"https:\\\/\\\/anivet.lt\\\/elparduotuve\\\/wp-content\\\/uploads\\\/2024\\\/10\\\/1522-GIMCAT-MALT-SOFT-EXTRA-PROFESSIONAL-pasta-katems-nuo-plauku-gumuliuku-20gr-nauja.jpg\",\"datePublished\":\"2024-10-10T11:51:22+00:00\",\"dateModified\":\"2026-04-20T11:45:56+00:00\",\"description\":\"Inovatyvi pasta yra specialiai sukurta kat\u0117ms, padedant suma\u017einti plauk\u0173 gumuliuk\u0173 susidarym\u0105 ir pagerinti j\u0173 nat\u016bral\u0173 pa\u0161alinim\u0105 i\u0161 organizmo. Salyklo, lin\u0173 s\u0117men\u0173 aliejaus ir beta-gliukano derinys skatina skland\u017ei\u0105 vir\u0161kinimo trakto veikl\u0105 ir u\u017etikrina ger\u0105 kat\u0117s savijaut\u0105.\",\"breadcrumb\":{\"@id\":\"https:\\\/\\\/anivet.lt\\\/elparduotuve\\\/produktas\\\/gimcat-malt-soft-extra-professional-pasta-katems-nuo-plauku-gumuliuku-50g\\\/#breadcrumb\"},\"inLanguage\":\"lt-LT\",\"potentialAction\":[{\"@type\":\"ReadAction\",\"target\":[\"https:\\\/\\\/anivet.lt\\\/elparduotuve\\\/produktas\\\/gimcat-malt-soft-extra-professional-pasta-katems-nuo-plauku-gumuliuku-50g\\\/\"]}]},{\"@type\":\"ImageObject\",\"inLanguage\":\"lt-LT\",\"@id\":\"https:\\\/\\\/anivet.lt\\\/elparduotuve\\\/produktas\\\/gimcat-malt-soft-extra-professional-pasta-katems-nuo-plauku-gumuliuku-50g\\\/#primaryimage\",\"url\":\"https:\\\/\\\/anivet.lt\\\/elparduotuve\\\/wp-content\\\/uploads\\\/2024\\\/10\\\/1522-GIMCAT-MALT-SOFT-EXTRA-PROFESSIONAL-pasta-katems-nuo-plauku-gumuliuku-20gr-nauja.jpg\",\"contentUrl\":\"https:\\\/\\\/anivet.lt\\\/elparduotuve\\\/wp-content\\\/uploads\\\/2024\\\/10\\\/1522-GIMCAT-MALT-SOFT-EXTRA-PROFESSIONAL-pasta-katems-nuo-plauku-gumuliuku-20gr-nauja.jpg\",\"width\":400,\"height\":400,\"caption\":\"GIMCAT MALT SOFT EXTRA PROFESSIONAL pasta kat\u0117ms nuo plauk\u0173 gumuliuk\u0173 50g\"},{\"@type\":\"BreadcrumbList\",\"@id\":\"https:\\\/\\\/anivet.lt\\\/elparduotuve\\\/produktas\\\/gimcat-malt-soft-extra-professional-pasta-katems-nuo-plauku-gumuliuku-50g\\\/#breadcrumb\",\"itemListElement\":[{\"@type\":\"ListItem\",\"position\":1,\"name\":\"Home\",\"item\":\"https:\\\/\\\/anivet.lt\\\/elparduotuve\\\/\"},{\"@type\":\"ListItem\",\"position\":2,\"name\":\"Produktai\",\"item\":\"https:\\\/\\\/anivet.lt\\\/elparduotuve\\\/produktai\\\/\"},{\"@type\":\"ListItem\",\"position\":3,\"name\":\"GIMCAT MALT SOFT EXTRA PROFESSIONAL pasta kat\u0117ms nuo plauk\u0173 gumuliuk\u0173 50g\"}]},{\"@type\":\"WebSite\",\"@id\":\"https:\\\/\\\/anivet.lt\\\/elparduotuve\\\/#website\",\"url\":\"https:\\\/\\\/anivet.lt\\\/elparduotuve\\\/\",\"name\":\"anivet.lt\",\"description\":\"Viskas J\u016bs\u0173 \u0161uns, kat\u0117s prie\u017ei\u016brai\",\"publisher\":{\"@id\":\"https:\\\/\\\/anivet.lt\\\/elparduotuve\\\/#organization\"},\"alternateName\":\"Viskas J\u016bs\u0173 \u0161uns, kat\u0117s prie\u017ei\u016brai\",\"potentialAction\":[{\"@type\":\"SearchAction\",\"target\":{\"@type\":\"EntryPoint\",\"urlTemplate\":\"https:\\\/\\\/anivet.lt\\\/elparduotuve\\\/?s={search_term_string}\"},\"query-input\":{\"@type\":\"PropertyValueSpecification\",\"valueRequired\":true,\"valueName\":\"search_term_string\"}}],\"inLanguage\":\"lt-LT\"},{\"@type\":\"Organization\",\"@id\":\"https:\\\/\\\/anivet.lt\\\/elparduotuve\\\/#organization\",\"name\":\"Viskas J\u016bs\u0173 \u0161uns, kat\u0117s prie\u017ei\u016brai\",\"url\":\"https:\\\/\\\/anivet.lt\\\/elparduotuve\\\/\",\"logo\":{\"@type\":\"ImageObject\",\"inLanguage\":\"lt-LT\",\"@id\":\"https:\\\/\\\/anivet.lt\\\/elparduotuve\\\/#\\\/schema\\\/logo\\\/image\\\/\",\"url\":\"https:\\\/\\\/anivet.lt\\\/elparduotuve\\\/wp-content\\\/uploads\\\/2023\\\/06\\\/logo2.jpg\",\"contentUrl\":\"https:\\\/\\\/anivet.lt\\\/elparduotuve\\\/wp-content\\\/uploads\\\/2023\\\/06\\\/logo2.jpg\",\"width\":655,\"height\":194,\"caption\":\"Viskas J\u016bs\u0173 \u0161uns, kat\u0117s prie\u017ei\u016brai\"},\"image\":{\"@id\":\"https:\\\/\\\/anivet.lt\\\/elparduotuve\\\/#\\\/schema\\\/logo\\\/image\\\/\"}}]}<\/script>\n<!-- \/ Yoast SEO Premium plugin. -->","yoast_head_json":{"title":"GIMCAT MALT SOFT EXTRA PROFESSIONAL pasta kat\u0117ms nuo plauk\u0173 gumuliuk\u0173 50g - anivet.lt","description":"Inovatyvi pasta yra specialiai sukurta kat\u0117ms, padedant suma\u017einti plauk\u0173 gumuliuk\u0173 susidarym\u0105 ir pagerinti j\u0173 nat\u016bral\u0173 pa\u0161alinim\u0105 i\u0161 organizmo. Salyklo, lin\u0173 s\u0117men\u0173 aliejaus ir beta-gliukano derinys skatina skland\u017ei\u0105 vir\u0161kinimo trakto veikl\u0105 ir u\u017etikrina ger\u0105 kat\u0117s savijaut\u0105.","robots":{"index":"index","follow":"follow","max-snippet":"max-snippet:-1","max-image-preview":"max-image-preview:large","max-video-preview":"max-video-preview:-1"},"canonical":"https:\/\/anivet.lt\/elparduotuve\/produktas\/gimcat-malt-soft-extra-professional-pasta-katems-nuo-plauku-gumuliuku-50g\/","og_locale":"lt_LT","og_type":"article","og_title":"GIMCAT MALT SOFT EXTRA PROFESSIONAL pasta kat\u0117ms nuo plauk\u0173 gumuliuk\u0173 50g","og_description":"Inovatyvi pasta yra specialiai sukurta kat\u0117ms, padedant suma\u017einti plauk\u0173 gumuliuk\u0173 susidarym\u0105 ir pagerinti j\u0173 nat\u016bral\u0173 pa\u0161alinim\u0105 i\u0161 organizmo. Salyklo, lin\u0173 s\u0117men\u0173 aliejaus ir beta-gliukano derinys skatina skland\u017ei\u0105 vir\u0161kinimo trakto veikl\u0105 ir u\u017etikrina ger\u0105 kat\u0117s savijaut\u0105.","og_url":"https:\/\/anivet.lt\/elparduotuve\/produktas\/gimcat-malt-soft-extra-professional-pasta-katems-nuo-plauku-gumuliuku-50g\/","og_site_name":"anivet.lt","article_modified_time":"2026-04-20T11:45:56+00:00","og_image":[{"width":400,"height":400,"url":"https:\/\/anivet.lt\/elparduotuve\/wp-content\/uploads\/2024\/10\/1522-GIMCAT-MALT-SOFT-EXTRA-PROFESSIONAL-pasta-katems-nuo-plauku-gumuliuku-20gr-nauja.jpg","type":"image\/jpeg"}],"twitter_card":"summary_large_image","twitter_misc":{"Est. reading time":"1 minut\u0117"},"schema":{"@context":"https:\/\/schema.org","@graph":[{"@type":"WebPage","@id":"https:\/\/anivet.lt\/elparduotuve\/produktas\/gimcat-malt-soft-extra-professional-pasta-katems-nuo-plauku-gumuliuku-50g\/","url":"https:\/\/anivet.lt\/elparduotuve\/produktas\/gimcat-malt-soft-extra-professional-pasta-katems-nuo-plauku-gumuliuku-50g\/","name":"GIMCAT MALT SOFT EXTRA PROFESSIONAL pasta kat\u0117ms nuo plauk\u0173 gumuliuk\u0173 50g - anivet.lt","isPartOf":{"@id":"https:\/\/anivet.lt\/elparduotuve\/#website"},"primaryImageOfPage":{"@id":"https:\/\/anivet.lt\/elparduotuve\/produktas\/gimcat-malt-soft-extra-professional-pasta-katems-nuo-plauku-gumuliuku-50g\/#primaryimage"},"image":{"@id":"https:\/\/anivet.lt\/elparduotuve\/produktas\/gimcat-malt-soft-extra-professional-pasta-katems-nuo-plauku-gumuliuku-50g\/#primaryimage"},"thumbnailUrl":"https:\/\/anivet.lt\/elparduotuve\/wp-content\/uploads\/2024\/10\/1522-GIMCAT-MALT-SOFT-EXTRA-PROFESSIONAL-pasta-katems-nuo-plauku-gumuliuku-20gr-nauja.jpg","datePublished":"2024-10-10T11:51:22+00:00","dateModified":"2026-04-20T11:45:56+00:00","description":"Inovatyvi pasta yra specialiai sukurta kat\u0117ms, padedant suma\u017einti plauk\u0173 gumuliuk\u0173 susidarym\u0105 ir pagerinti j\u0173 nat\u016bral\u0173 pa\u0161alinim\u0105 i\u0161 organizmo. Salyklo, lin\u0173 s\u0117men\u0173 aliejaus ir beta-gliukano derinys skatina skland\u017ei\u0105 vir\u0161kinimo trakto veikl\u0105 ir u\u017etikrina ger\u0105 kat\u0117s savijaut\u0105.","breadcrumb":{"@id":"https:\/\/anivet.lt\/elparduotuve\/produktas\/gimcat-malt-soft-extra-professional-pasta-katems-nuo-plauku-gumuliuku-50g\/#breadcrumb"},"inLanguage":"lt-LT","potentialAction":[{"@type":"ReadAction","target":["https:\/\/anivet.lt\/elparduotuve\/produktas\/gimcat-malt-soft-extra-professional-pasta-katems-nuo-plauku-gumuliuku-50g\/"]}]},{"@type":"ImageObject","inLanguage":"lt-LT","@id":"https:\/\/anivet.lt\/elparduotuve\/produktas\/gimcat-malt-soft-extra-professional-pasta-katems-nuo-plauku-gumuliuku-50g\/#primaryimage","url":"https:\/\/anivet.lt\/elparduotuve\/wp-content\/uploads\/2024\/10\/1522-GIMCAT-MALT-SOFT-EXTRA-PROFESSIONAL-pasta-katems-nuo-plauku-gumuliuku-20gr-nauja.jpg","contentUrl":"https:\/\/anivet.lt\/elparduotuve\/wp-content\/uploads\/2024\/10\/1522-GIMCAT-MALT-SOFT-EXTRA-PROFESSIONAL-pasta-katems-nuo-plauku-gumuliuku-20gr-nauja.jpg","width":400,"height":400,"caption":"GIMCAT MALT SOFT EXTRA PROFESSIONAL pasta kat\u0117ms nuo plauk\u0173 gumuliuk\u0173 50g"},{"@type":"BreadcrumbList","@id":"https:\/\/anivet.lt\/elparduotuve\/produktas\/gimcat-malt-soft-extra-professional-pasta-katems-nuo-plauku-gumuliuku-50g\/#breadcrumb","itemListElement":[{"@type":"ListItem","position":1,"name":"Home","item":"https:\/\/anivet.lt\/elparduotuve\/"},{"@type":"ListItem","position":2,"name":"Produktai","item":"https:\/\/anivet.lt\/elparduotuve\/produktai\/"},{"@type":"ListItem","position":3,"name":"GIMCAT MALT SOFT EXTRA PROFESSIONAL pasta kat\u0117ms nuo plauk\u0173 gumuliuk\u0173 50g"}]},{"@type":"WebSite","@id":"https:\/\/anivet.lt\/elparduotuve\/#website","url":"https:\/\/anivet.lt\/elparduotuve\/","name":"anivet.lt","description":"Viskas J\u016bs\u0173 \u0161uns, kat\u0117s prie\u017ei\u016brai","publisher":{"@id":"https:\/\/anivet.lt\/elparduotuve\/#organization"},"alternateName":"Viskas J\u016bs\u0173 \u0161uns, kat\u0117s prie\u017ei\u016brai","potentialAction":[{"@type":"SearchAction","target":{"@type":"EntryPoint","urlTemplate":"https:\/\/anivet.lt\/elparduotuve\/?s={search_term_string}"},"query-input":{"@type":"PropertyValueSpecification","valueRequired":true,"valueName":"search_term_string"}}],"inLanguage":"lt-LT"},{"@type":"Organization","@id":"https:\/\/anivet.lt\/elparduotuve\/#organization","name":"Viskas J\u016bs\u0173 \u0161uns, kat\u0117s prie\u017ei\u016brai","url":"https:\/\/anivet.lt\/elparduotuve\/","logo":{"@type":"ImageObject","inLanguage":"lt-LT","@id":"https:\/\/anivet.lt\/elparduotuve\/#\/schema\/logo\/image\/","url":"https:\/\/anivet.lt\/elparduotuve\/wp-content\/uploads\/2023\/06\/logo2.jpg","contentUrl":"https:\/\/anivet.lt\/elparduotuve\/wp-content\/uploads\/2023\/06\/logo2.jpg","width":655,"height":194,"caption":"Viskas J\u016bs\u0173 \u0161uns, kat\u0117s prie\u017ei\u016brai"},"image":{"@id":"https:\/\/anivet.lt\/elparduotuve\/#\/schema\/logo\/image\/"}}]}},"_links":{"self":[{"href":"https:\/\/anivet.lt\/elparduotuve\/wp-json\/wp\/v2\/product\/14629","targetHints":{"allow":["GET"]}}],"collection":[{"href":"https:\/\/anivet.lt\/elparduotuve\/wp-json\/wp\/v2\/product"}],"about":[{"href":"https:\/\/anivet.lt\/elparduotuve\/wp-json\/wp\/v2\/types\/product"}],"wp:featuredmedia":[{"embeddable":true,"href":"https:\/\/anivet.lt\/elparduotuve\/wp-json\/wp\/v2\/media\/14630"}],"wp:attachment":[{"href":"https:\/\/anivet.lt\/elparduotuve\/wp-json\/wp\/v2\/media?parent=14629"}],"wp:term":[{"taxonomy":"product_brand","embeddable":true,"href":"https:\/\/anivet.lt\/elparduotuve\/wp-json\/wp\/v2\/product_brand?post=14629"},{"taxonomy":"product_cat","embeddable":true,"href":"https:\/\/anivet.lt\/elparduotuve\/wp-json\/wp\/v2\/product_cat?post=14629"},{"taxonomy":"product_tag","embeddable":true,"href":"https:\/\/anivet.lt\/elparduotuve\/wp-json\/wp\/v2\/product_tag?post=14629"}],"curies":[{"name":"wp","href":"https:\/\/api.w.org\/{rel}","templated":true}]}}