{"id":14638,"date":"2024-10-12T09:20:15","date_gmt":"2024-10-12T09:20:15","guid":{"rendered":"https:\/\/anivet.lt\/elparduotuve\/?post_type=product&#038;p=14638"},"modified":"2025-08-27T07:09:20","modified_gmt":"2025-08-27T07:09:20","slug":"wonder-white-baby-kaciu-kraikas-59l-5kg","status":"publish","type":"product","link":"https:\/\/anivet.lt\/elparduotuve\/produktas\/wonder-white-baby-kaciu-kraikas-59l-5kg\/","title":{"rendered":"&#8222;Wonder White baby&#8221; ka\u010di\u0173 kraikas 5,9L\/5kg"},"content":{"rendered":"<ul>\n<li style=\"font-weight: 400;\" aria-level=\"1\"><span style=\"font-weight: 400;\">Auk\u0161tas dr\u0117gm\u0117s sug\u0117rimas: Bentonito molis sugeria iki 10 kart\u0173 daugiau skys\u010di\u0173 nei jo t\u016bris, u\u017etikrindamas efektyv\u0173 naudojim\u0105.<\/span><\/li>\n<li style=\"font-weight: 400;\" aria-level=\"1\"><span style=\"font-weight: 400;\">Kvap\u0173 kontrol\u0117: Sugeria ir neutralizuoja nemalonius kvapus, i\u0161laikant gaiv\u0105.<\/span><\/li>\n<li style=\"font-weight: 400;\" aria-level=\"1\"><span style=\"font-weight: 400;\">Ma\u017eas dulki\u0173 kiekis: Ma\u017eina netvark\u0105 ir dulk\u0117tum\u0105, tod\u0117l tinka naudoti jautrioje aplinkoje.<\/span><\/li>\n<li style=\"font-weight: 400;\" aria-level=\"1\"><span style=\"font-weight: 400;\">Lengvai pri\u017ei\u016brimas: Gumul\u0117liai lengvai pa\u0161alinami, lik\u0119s kraikas i\u0161lieka \u0161varus ir tinkamas tolesniam naudojimui.<\/span><\/li>\n<li style=\"font-weight: 400;\" aria-level=\"1\"><span style=\"font-weight: 400;\">Nat\u016brali sud\u0117tis: 100% nat\u016bralus molis be chemini\u0173 pried\u0173, kvapikli\u0173 ar da\u017eikli\u0173.<\/span><\/li>\n<\/ul>\n<p><span style=\"font-weight: 400;\">\u201eWonder White\u201c ka\u010di\u0173 kraikas yra nat\u016bralus ir veiksmingas pasirinkimas, u\u017etikrinantis j\u016bs\u0173 kat\u0117s komfort\u0105 ir j\u016bs\u0173 nam\u0173 \u0161var\u0105. Puikiai tinkantis kasdieniam naudojimui, jis sukuria patogi\u0105 ir higieni\u0161k\u0105 aplink\u0105 tiek katei, tiek \u0161eimininkui.<\/span><\/p>\n","protected":false},"excerpt":{"rendered":"<p><span style=\"font-weight: 400;\">\u0160is nat\u016bralus molio ka\u010di\u0173 kraikas yra puikus pasirinkimas kat\u0117ms, u\u017etikrinantis \u0161var\u0105 ir gaiv\u0173 kvap\u0105 namuose. Tinka \u012fvairaus am\u017eiaus ir veisli\u0173 kat\u0117ms, taip pat jautrioms kat\u0117ms, nes nesukelia alergini\u0173 reakcij\u0173.<\/span><\/p>\n","protected":false},"featured_media":14639,"template":"","meta":[],"product_brand":[],"product_cat":[102,119,228],"product_tag":[],"class_list":{"0":"post-14638","1":"product","2":"type-product","3":"status-publish","4":"has-post-thumbnail","6":"product_cat-katems","7":"product_cat-prieziuros-priemones-katems","8":"product_cat-kraikas","9":"pa_prekinis-zenklas-wonder-white","11":"first","12":"instock","13":"taxable","14":"shipping-taxable","15":"purchasable","16":"product-type-simple"},"yoast_head":"<!-- This site is optimized with the Yoast SEO Premium plugin v27.1 (Yoast SEO v27.3) - https:\/\/yoast.com\/product\/yoast-seo-premium-wordpress\/ -->\n<title>&quot;Wonder White baby&quot; ka\u010di\u0173 kraikas 5,9L\/5kg - anivet.lt<\/title>\n<meta name=\"description\" content=\"\u0160is nat\u016bralus molio ka\u010di\u0173 kraikas yra puikus pasirinkimas kat\u0117ms, u\u017etikrinantis \u0161var\u0105 ir gaiv\u0173 kvap\u0105 namuose. Tinka \u012fvairaus am\u017eiaus ir veisli\u0173 kat\u0117ms, taip pat jautrioms kat\u0117ms, nes nesukelia alergini\u0173 reakcij\u0173.\" \/>\n<meta name=\"robots\" content=\"index, follow, max-snippet:-1, max-image-preview:large, max-video-preview:-1\" \/>\n<link rel=\"canonical\" href=\"https:\/\/anivet.lt\/elparduotuve\/produktas\/wonder-white-baby-kaciu-kraikas-59l-5kg\/\" \/>\n<meta property=\"og:locale\" content=\"lt_LT\" \/>\n<meta property=\"og:type\" content=\"article\" \/>\n<meta property=\"og:title\" content=\"&quot;Wonder White baby&quot; ka\u010di\u0173 kraikas 5,9L\/5kg\" \/>\n<meta property=\"og:description\" content=\"\u0160is nat\u016bralus molio ka\u010di\u0173 kraikas yra puikus pasirinkimas kat\u0117ms, u\u017etikrinantis \u0161var\u0105 ir gaiv\u0173 kvap\u0105 namuose. Tinka \u012fvairaus am\u017eiaus ir veisli\u0173 kat\u0117ms, taip pat jautrioms kat\u0117ms, nes nesukelia alergini\u0173 reakcij\u0173.\" \/>\n<meta property=\"og:url\" content=\"https:\/\/anivet.lt\/elparduotuve\/produktas\/wonder-white-baby-kaciu-kraikas-59l-5kg\/\" \/>\n<meta property=\"og:site_name\" content=\"anivet.lt\" \/>\n<meta property=\"article:modified_time\" content=\"2025-08-27T07:09:20+00:00\" \/>\n<meta property=\"og:image\" content=\"https:\/\/anivet.lt\/elparduotuve\/wp-content\/uploads\/2024\/10\/kaciu-kraikas-wonder-white-5kg-naujas.jpg\" \/>\n\t<meta property=\"og:image:width\" content=\"400\" \/>\n\t<meta property=\"og:image:height\" content=\"400\" \/>\n\t<meta property=\"og:image:type\" content=\"image\/jpeg\" \/>\n<meta name=\"twitter:card\" content=\"summary_large_image\" \/>\n<meta name=\"twitter:label1\" content=\"Est. reading time\" \/>\n\t<meta name=\"twitter:data1\" content=\"1 minut\u0117\" \/>\n<script type=\"application\/ld+json\" class=\"yoast-schema-graph\">{\"@context\":\"https:\\\/\\\/schema.org\",\"@graph\":[{\"@type\":\"WebPage\",\"@id\":\"https:\\\/\\\/anivet.lt\\\/elparduotuve\\\/produktas\\\/wonder-white-baby-kaciu-kraikas-59l-5kg\\\/\",\"url\":\"https:\\\/\\\/anivet.lt\\\/elparduotuve\\\/produktas\\\/wonder-white-baby-kaciu-kraikas-59l-5kg\\\/\",\"name\":\"\\\"Wonder White baby\\\" ka\u010di\u0173 kraikas 5,9L\\\/5kg - anivet.lt\",\"isPartOf\":{\"@id\":\"https:\\\/\\\/anivet.lt\\\/elparduotuve\\\/#website\"},\"primaryImageOfPage\":{\"@id\":\"https:\\\/\\\/anivet.lt\\\/elparduotuve\\\/produktas\\\/wonder-white-baby-kaciu-kraikas-59l-5kg\\\/#primaryimage\"},\"image\":{\"@id\":\"https:\\\/\\\/anivet.lt\\\/elparduotuve\\\/produktas\\\/wonder-white-baby-kaciu-kraikas-59l-5kg\\\/#primaryimage\"},\"thumbnailUrl\":\"https:\\\/\\\/anivet.lt\\\/elparduotuve\\\/wp-content\\\/uploads\\\/2024\\\/10\\\/kaciu-kraikas-wonder-white-5kg-naujas.jpg\",\"datePublished\":\"2024-10-12T09:20:15+00:00\",\"dateModified\":\"2025-08-27T07:09:20+00:00\",\"description\":\"\u0160is nat\u016bralus molio ka\u010di\u0173 kraikas yra puikus pasirinkimas kat\u0117ms, u\u017etikrinantis \u0161var\u0105 ir gaiv\u0173 kvap\u0105 namuose. Tinka \u012fvairaus am\u017eiaus ir veisli\u0173 kat\u0117ms, taip pat jautrioms kat\u0117ms, nes nesukelia alergini\u0173 reakcij\u0173.\",\"breadcrumb\":{\"@id\":\"https:\\\/\\\/anivet.lt\\\/elparduotuve\\\/produktas\\\/wonder-white-baby-kaciu-kraikas-59l-5kg\\\/#breadcrumb\"},\"inLanguage\":\"lt-LT\",\"potentialAction\":[{\"@type\":\"ReadAction\",\"target\":[\"https:\\\/\\\/anivet.lt\\\/elparduotuve\\\/produktas\\\/wonder-white-baby-kaciu-kraikas-59l-5kg\\\/\"]}]},{\"@type\":\"ImageObject\",\"inLanguage\":\"lt-LT\",\"@id\":\"https:\\\/\\\/anivet.lt\\\/elparduotuve\\\/produktas\\\/wonder-white-baby-kaciu-kraikas-59l-5kg\\\/#primaryimage\",\"url\":\"https:\\\/\\\/anivet.lt\\\/elparduotuve\\\/wp-content\\\/uploads\\\/2024\\\/10\\\/kaciu-kraikas-wonder-white-5kg-naujas.jpg\",\"contentUrl\":\"https:\\\/\\\/anivet.lt\\\/elparduotuve\\\/wp-content\\\/uploads\\\/2024\\\/10\\\/kaciu-kraikas-wonder-white-5kg-naujas.jpg\",\"width\":400,\"height\":400,\"caption\":\"\\\"Wonder White baby\\\" ka\u010di\u0173 kraikas 5,9L\\\/5kg\"},{\"@type\":\"BreadcrumbList\",\"@id\":\"https:\\\/\\\/anivet.lt\\\/elparduotuve\\\/produktas\\\/wonder-white-baby-kaciu-kraikas-59l-5kg\\\/#breadcrumb\",\"itemListElement\":[{\"@type\":\"ListItem\",\"position\":1,\"name\":\"Home\",\"item\":\"https:\\\/\\\/anivet.lt\\\/elparduotuve\\\/\"},{\"@type\":\"ListItem\",\"position\":2,\"name\":\"Produktai\",\"item\":\"https:\\\/\\\/anivet.lt\\\/elparduotuve\\\/produktai\\\/\"},{\"@type\":\"ListItem\",\"position\":3,\"name\":\"&#8222;Wonder White baby&#8221; ka\u010di\u0173 kraikas 5,9L\\\/5kg\"}]},{\"@type\":\"WebSite\",\"@id\":\"https:\\\/\\\/anivet.lt\\\/elparduotuve\\\/#website\",\"url\":\"https:\\\/\\\/anivet.lt\\\/elparduotuve\\\/\",\"name\":\"anivet.lt\",\"description\":\"Viskas J\u016bs\u0173 \u0161uns, kat\u0117s prie\u017ei\u016brai\",\"publisher\":{\"@id\":\"https:\\\/\\\/anivet.lt\\\/elparduotuve\\\/#organization\"},\"alternateName\":\"Viskas J\u016bs\u0173 \u0161uns, kat\u0117s prie\u017ei\u016brai\",\"potentialAction\":[{\"@type\":\"SearchAction\",\"target\":{\"@type\":\"EntryPoint\",\"urlTemplate\":\"https:\\\/\\\/anivet.lt\\\/elparduotuve\\\/?s={search_term_string}\"},\"query-input\":{\"@type\":\"PropertyValueSpecification\",\"valueRequired\":true,\"valueName\":\"search_term_string\"}}],\"inLanguage\":\"lt-LT\"},{\"@type\":\"Organization\",\"@id\":\"https:\\\/\\\/anivet.lt\\\/elparduotuve\\\/#organization\",\"name\":\"Viskas J\u016bs\u0173 \u0161uns, kat\u0117s prie\u017ei\u016brai\",\"url\":\"https:\\\/\\\/anivet.lt\\\/elparduotuve\\\/\",\"logo\":{\"@type\":\"ImageObject\",\"inLanguage\":\"lt-LT\",\"@id\":\"https:\\\/\\\/anivet.lt\\\/elparduotuve\\\/#\\\/schema\\\/logo\\\/image\\\/\",\"url\":\"https:\\\/\\\/anivet.lt\\\/elparduotuve\\\/wp-content\\\/uploads\\\/2023\\\/06\\\/logo2.jpg\",\"contentUrl\":\"https:\\\/\\\/anivet.lt\\\/elparduotuve\\\/wp-content\\\/uploads\\\/2023\\\/06\\\/logo2.jpg\",\"width\":655,\"height\":194,\"caption\":\"Viskas J\u016bs\u0173 \u0161uns, kat\u0117s prie\u017ei\u016brai\"},\"image\":{\"@id\":\"https:\\\/\\\/anivet.lt\\\/elparduotuve\\\/#\\\/schema\\\/logo\\\/image\\\/\"}}]}<\/script>\n<!-- \/ Yoast SEO Premium plugin. -->","yoast_head_json":{"title":"\"Wonder White baby\" ka\u010di\u0173 kraikas 5,9L\/5kg - anivet.lt","description":"\u0160is nat\u016bralus molio ka\u010di\u0173 kraikas yra puikus pasirinkimas kat\u0117ms, u\u017etikrinantis \u0161var\u0105 ir gaiv\u0173 kvap\u0105 namuose. Tinka \u012fvairaus am\u017eiaus ir veisli\u0173 kat\u0117ms, taip pat jautrioms kat\u0117ms, nes nesukelia alergini\u0173 reakcij\u0173.","robots":{"index":"index","follow":"follow","max-snippet":"max-snippet:-1","max-image-preview":"max-image-preview:large","max-video-preview":"max-video-preview:-1"},"canonical":"https:\/\/anivet.lt\/elparduotuve\/produktas\/wonder-white-baby-kaciu-kraikas-59l-5kg\/","og_locale":"lt_LT","og_type":"article","og_title":"\"Wonder White baby\" ka\u010di\u0173 kraikas 5,9L\/5kg","og_description":"\u0160is nat\u016bralus molio ka\u010di\u0173 kraikas yra puikus pasirinkimas kat\u0117ms, u\u017etikrinantis \u0161var\u0105 ir gaiv\u0173 kvap\u0105 namuose. Tinka \u012fvairaus am\u017eiaus ir veisli\u0173 kat\u0117ms, taip pat jautrioms kat\u0117ms, nes nesukelia alergini\u0173 reakcij\u0173.","og_url":"https:\/\/anivet.lt\/elparduotuve\/produktas\/wonder-white-baby-kaciu-kraikas-59l-5kg\/","og_site_name":"anivet.lt","article_modified_time":"2025-08-27T07:09:20+00:00","og_image":[{"width":400,"height":400,"url":"https:\/\/anivet.lt\/elparduotuve\/wp-content\/uploads\/2024\/10\/kaciu-kraikas-wonder-white-5kg-naujas.jpg","type":"image\/jpeg"}],"twitter_card":"summary_large_image","twitter_misc":{"Est. reading time":"1 minut\u0117"},"schema":{"@context":"https:\/\/schema.org","@graph":[{"@type":"WebPage","@id":"https:\/\/anivet.lt\/elparduotuve\/produktas\/wonder-white-baby-kaciu-kraikas-59l-5kg\/","url":"https:\/\/anivet.lt\/elparduotuve\/produktas\/wonder-white-baby-kaciu-kraikas-59l-5kg\/","name":"\"Wonder White baby\" ka\u010di\u0173 kraikas 5,9L\/5kg - anivet.lt","isPartOf":{"@id":"https:\/\/anivet.lt\/elparduotuve\/#website"},"primaryImageOfPage":{"@id":"https:\/\/anivet.lt\/elparduotuve\/produktas\/wonder-white-baby-kaciu-kraikas-59l-5kg\/#primaryimage"},"image":{"@id":"https:\/\/anivet.lt\/elparduotuve\/produktas\/wonder-white-baby-kaciu-kraikas-59l-5kg\/#primaryimage"},"thumbnailUrl":"https:\/\/anivet.lt\/elparduotuve\/wp-content\/uploads\/2024\/10\/kaciu-kraikas-wonder-white-5kg-naujas.jpg","datePublished":"2024-10-12T09:20:15+00:00","dateModified":"2025-08-27T07:09:20+00:00","description":"\u0160is nat\u016bralus molio ka\u010di\u0173 kraikas yra puikus pasirinkimas kat\u0117ms, u\u017etikrinantis \u0161var\u0105 ir gaiv\u0173 kvap\u0105 namuose. Tinka \u012fvairaus am\u017eiaus ir veisli\u0173 kat\u0117ms, taip pat jautrioms kat\u0117ms, nes nesukelia alergini\u0173 reakcij\u0173.","breadcrumb":{"@id":"https:\/\/anivet.lt\/elparduotuve\/produktas\/wonder-white-baby-kaciu-kraikas-59l-5kg\/#breadcrumb"},"inLanguage":"lt-LT","potentialAction":[{"@type":"ReadAction","target":["https:\/\/anivet.lt\/elparduotuve\/produktas\/wonder-white-baby-kaciu-kraikas-59l-5kg\/"]}]},{"@type":"ImageObject","inLanguage":"lt-LT","@id":"https:\/\/anivet.lt\/elparduotuve\/produktas\/wonder-white-baby-kaciu-kraikas-59l-5kg\/#primaryimage","url":"https:\/\/anivet.lt\/elparduotuve\/wp-content\/uploads\/2024\/10\/kaciu-kraikas-wonder-white-5kg-naujas.jpg","contentUrl":"https:\/\/anivet.lt\/elparduotuve\/wp-content\/uploads\/2024\/10\/kaciu-kraikas-wonder-white-5kg-naujas.jpg","width":400,"height":400,"caption":"\"Wonder White baby\" ka\u010di\u0173 kraikas 5,9L\/5kg"},{"@type":"BreadcrumbList","@id":"https:\/\/anivet.lt\/elparduotuve\/produktas\/wonder-white-baby-kaciu-kraikas-59l-5kg\/#breadcrumb","itemListElement":[{"@type":"ListItem","position":1,"name":"Home","item":"https:\/\/anivet.lt\/elparduotuve\/"},{"@type":"ListItem","position":2,"name":"Produktai","item":"https:\/\/anivet.lt\/elparduotuve\/produktai\/"},{"@type":"ListItem","position":3,"name":"&#8222;Wonder White baby&#8221; ka\u010di\u0173 kraikas 5,9L\/5kg"}]},{"@type":"WebSite","@id":"https:\/\/anivet.lt\/elparduotuve\/#website","url":"https:\/\/anivet.lt\/elparduotuve\/","name":"anivet.lt","description":"Viskas J\u016bs\u0173 \u0161uns, kat\u0117s prie\u017ei\u016brai","publisher":{"@id":"https:\/\/anivet.lt\/elparduotuve\/#organization"},"alternateName":"Viskas J\u016bs\u0173 \u0161uns, kat\u0117s prie\u017ei\u016brai","potentialAction":[{"@type":"SearchAction","target":{"@type":"EntryPoint","urlTemplate":"https:\/\/anivet.lt\/elparduotuve\/?s={search_term_string}"},"query-input":{"@type":"PropertyValueSpecification","valueRequired":true,"valueName":"search_term_string"}}],"inLanguage":"lt-LT"},{"@type":"Organization","@id":"https:\/\/anivet.lt\/elparduotuve\/#organization","name":"Viskas J\u016bs\u0173 \u0161uns, kat\u0117s prie\u017ei\u016brai","url":"https:\/\/anivet.lt\/elparduotuve\/","logo":{"@type":"ImageObject","inLanguage":"lt-LT","@id":"https:\/\/anivet.lt\/elparduotuve\/#\/schema\/logo\/image\/","url":"https:\/\/anivet.lt\/elparduotuve\/wp-content\/uploads\/2023\/06\/logo2.jpg","contentUrl":"https:\/\/anivet.lt\/elparduotuve\/wp-content\/uploads\/2023\/06\/logo2.jpg","width":655,"height":194,"caption":"Viskas J\u016bs\u0173 \u0161uns, kat\u0117s prie\u017ei\u016brai"},"image":{"@id":"https:\/\/anivet.lt\/elparduotuve\/#\/schema\/logo\/image\/"}}]}},"_links":{"self":[{"href":"https:\/\/anivet.lt\/elparduotuve\/wp-json\/wp\/v2\/product\/14638","targetHints":{"allow":["GET"]}}],"collection":[{"href":"https:\/\/anivet.lt\/elparduotuve\/wp-json\/wp\/v2\/product"}],"about":[{"href":"https:\/\/anivet.lt\/elparduotuve\/wp-json\/wp\/v2\/types\/product"}],"wp:featuredmedia":[{"embeddable":true,"href":"https:\/\/anivet.lt\/elparduotuve\/wp-json\/wp\/v2\/media\/14639"}],"wp:attachment":[{"href":"https:\/\/anivet.lt\/elparduotuve\/wp-json\/wp\/v2\/media?parent=14638"}],"wp:term":[{"taxonomy":"product_brand","embeddable":true,"href":"https:\/\/anivet.lt\/elparduotuve\/wp-json\/wp\/v2\/product_brand?post=14638"},{"taxonomy":"product_cat","embeddable":true,"href":"https:\/\/anivet.lt\/elparduotuve\/wp-json\/wp\/v2\/product_cat?post=14638"},{"taxonomy":"product_tag","embeddable":true,"href":"https:\/\/anivet.lt\/elparduotuve\/wp-json\/wp\/v2\/product_tag?post=14638"}],"curies":[{"name":"wp","href":"https:\/\/api.w.org\/{rel}","templated":true}]}}