{"id":14640,"date":"2024-10-12T09:33:53","date_gmt":"2024-10-12T09:33:53","guid":{"rendered":"https:\/\/anivet.lt\/elparduotuve\/?post_type=product&#038;p=14640"},"modified":"2025-05-27T13:29:05","modified_gmt":"2025-05-27T13:29:05","slug":"wonder-white-levander-kraikas-katems-59l-5kg","status":"publish","type":"product","link":"https:\/\/anivet.lt\/elparduotuve\/produktas\/wonder-white-levander-kraikas-katems-59l-5kg\/","title":{"rendered":"\u201eWonder White Levander\u201d kraikas kat\u0117ms 5,9L\/5kg"},"content":{"rendered":"<ul>\n<li style=\"font-weight: 400;\" aria-level=\"1\"><span style=\"font-weight: 400;\">Be dulki\u0173: Sud\u0117tis suma\u017eina dulki\u0173 susidarym\u0105 iki 99,5 %, padedant i\u0161laikyti \u0161var\u0105.<\/span><\/li>\n<li style=\"font-weight: 400;\" aria-level=\"1\"><span style=\"font-weight: 400;\">Puikus sugeriamumas: Greitai su\u0161oka ir sugeria tiek dr\u0117gm\u0119, tiek nemalonius kvapus.<\/span><\/li>\n<li style=\"font-weight: 400;\" aria-level=\"1\"><span style=\"font-weight: 400;\">Nat\u016brali sud\u0117tis: Be kvapikli\u0173, da\u017eikli\u0173 ir chemini\u0173 pried\u0173, tod\u0117l tinka jautrioms kat\u0117ms ir \u0161eimininkams.<\/span><\/li>\n<li style=\"font-weight: 400;\" aria-level=\"1\"><span style=\"font-weight: 400;\">Nesukelia alergijos: Saugus net alergi\u0161kiems augintiniams ir \u017emon\u0117ms.<\/span><\/li>\n<li style=\"font-weight: 400;\" aria-level=\"1\"><span style=\"font-weight: 400;\">Neprilimpa prie leten\u0117li\u0173: U\u017etikrina \u0161var\u0105 kat\u0117s ir jos aplinkos.<\/span><\/li>\n<\/ul>\n<p><span style=\"font-weight: 400;\">\u201eWonder White Levander\u201c kraikas ne tik garantuoja nat\u016brali\u0105, be chemikal\u0173 aplink\u0105, bet ir padeda i\u0161laikyti kat\u0117s d\u0117\u017eut\u0119 \u0161vari\u0105 bei gaivi\u0105. Jis puikiai tinka jautriems augintiniams ir j\u0173 \u0161eimininkams, vertinantiems nat\u016bralum\u0105, higien\u0105 ir efektyvum\u0105.<\/span><\/p>\n","protected":false},"excerpt":{"rendered":"<p><span style=\"font-weight: 400;\">\u0160is kraikas, pagamintas i\u0161 100 % nat\u016bralaus molio, yra puikus pasirinkimas vis\u0173 veisli\u0173 ir am\u017eiaus kat\u0117ms, \u012fskaitant jautrias ar alergi\u0161kas kates. Kraikas efektyviai sugeria dr\u0117gm\u0119 ir kvapus, u\u017etikrina higien\u0105 bei \u0161var\u0105 tiek katei, tiek jos aplinkai.<\/span><\/p>\n","protected":false},"featured_media":14641,"template":"","meta":[],"product_brand":[],"product_cat":[102,119,228],"product_tag":[],"class_list":{"0":"post-14640","1":"product","2":"type-product","3":"status-publish","4":"has-post-thumbnail","6":"product_cat-katems","7":"product_cat-prieziuros-priemones-katems","8":"product_cat-kraikas","9":"pa_prekinis-zenklas-wonder-white","11":"first","12":"instock","13":"taxable","14":"shipping-taxable","15":"purchasable","16":"product-type-simple"},"yoast_head":"<!-- This site is optimized with the Yoast SEO Premium plugin v27.1 (Yoast SEO v27.3) - https:\/\/yoast.com\/product\/yoast-seo-premium-wordpress\/ -->\n<title>\u201eWonder White Levander\u201d kraikas kat\u0117ms 5,9L\/5kg - anivet.lt<\/title>\n<meta name=\"description\" content=\"\u0160is kraikas, pagamintas i\u0161 100 % nat\u016bralaus molio, yra puikus pasirinkimas vis\u0173 veisli\u0173 ir am\u017eiaus kat\u0117ms, \u012fskaitant jautrias ar alergi\u0161kas kates. Kraikas efektyviai sugeria dr\u0117gm\u0119 ir kvapus, u\u017etikrina higien\u0105 bei \u0161var\u0105 tiek katei, tiek jos aplinkai.\" \/>\n<meta name=\"robots\" content=\"index, follow, max-snippet:-1, max-image-preview:large, max-video-preview:-1\" \/>\n<link rel=\"canonical\" href=\"https:\/\/anivet.lt\/elparduotuve\/produktas\/wonder-white-levander-kraikas-katems-59l-5kg\/\" \/>\n<meta property=\"og:locale\" content=\"lt_LT\" \/>\n<meta property=\"og:type\" content=\"article\" \/>\n<meta property=\"og:title\" content=\"\u201eWonder White Levander\u201d kraikas kat\u0117ms 5,9L\/5kg\" \/>\n<meta property=\"og:description\" content=\"\u0160is kraikas, pagamintas i\u0161 100 % nat\u016bralaus molio, yra puikus pasirinkimas vis\u0173 veisli\u0173 ir am\u017eiaus kat\u0117ms, \u012fskaitant jautrias ar alergi\u0161kas kates. Kraikas efektyviai sugeria dr\u0117gm\u0119 ir kvapus, u\u017etikrina higien\u0105 bei \u0161var\u0105 tiek katei, tiek jos aplinkai.\" \/>\n<meta property=\"og:url\" content=\"https:\/\/anivet.lt\/elparduotuve\/produktas\/wonder-white-levander-kraikas-katems-59l-5kg\/\" \/>\n<meta property=\"og:site_name\" content=\"anivet.lt\" \/>\n<meta property=\"article:modified_time\" content=\"2025-05-27T13:29:05+00:00\" \/>\n<meta property=\"og:image\" content=\"https:\/\/anivet.lt\/elparduotuve\/wp-content\/uploads\/2024\/10\/21-naujas.jpg\" \/>\n\t<meta property=\"og:image:width\" content=\"400\" \/>\n\t<meta property=\"og:image:height\" content=\"488\" \/>\n\t<meta property=\"og:image:type\" content=\"image\/jpeg\" \/>\n<meta name=\"twitter:card\" content=\"summary_large_image\" \/>\n<meta name=\"twitter:label1\" content=\"Est. reading time\" \/>\n\t<meta name=\"twitter:data1\" content=\"1 minut\u0117\" \/>\n<script type=\"application\/ld+json\" class=\"yoast-schema-graph\">{\"@context\":\"https:\\\/\\\/schema.org\",\"@graph\":[{\"@type\":\"WebPage\",\"@id\":\"https:\\\/\\\/anivet.lt\\\/elparduotuve\\\/produktas\\\/wonder-white-levander-kraikas-katems-59l-5kg\\\/\",\"url\":\"https:\\\/\\\/anivet.lt\\\/elparduotuve\\\/produktas\\\/wonder-white-levander-kraikas-katems-59l-5kg\\\/\",\"name\":\"\u201eWonder White Levander\u201d kraikas kat\u0117ms 5,9L\\\/5kg - anivet.lt\",\"isPartOf\":{\"@id\":\"https:\\\/\\\/anivet.lt\\\/elparduotuve\\\/#website\"},\"primaryImageOfPage\":{\"@id\":\"https:\\\/\\\/anivet.lt\\\/elparduotuve\\\/produktas\\\/wonder-white-levander-kraikas-katems-59l-5kg\\\/#primaryimage\"},\"image\":{\"@id\":\"https:\\\/\\\/anivet.lt\\\/elparduotuve\\\/produktas\\\/wonder-white-levander-kraikas-katems-59l-5kg\\\/#primaryimage\"},\"thumbnailUrl\":\"https:\\\/\\\/anivet.lt\\\/elparduotuve\\\/wp-content\\\/uploads\\\/2024\\\/10\\\/21-naujas.jpg\",\"datePublished\":\"2024-10-12T09:33:53+00:00\",\"dateModified\":\"2025-05-27T13:29:05+00:00\",\"description\":\"\u0160is kraikas, pagamintas i\u0161 100 % nat\u016bralaus molio, yra puikus pasirinkimas vis\u0173 veisli\u0173 ir am\u017eiaus kat\u0117ms, \u012fskaitant jautrias ar alergi\u0161kas kates. Kraikas efektyviai sugeria dr\u0117gm\u0119 ir kvapus, u\u017etikrina higien\u0105 bei \u0161var\u0105 tiek katei, tiek jos aplinkai.\",\"breadcrumb\":{\"@id\":\"https:\\\/\\\/anivet.lt\\\/elparduotuve\\\/produktas\\\/wonder-white-levander-kraikas-katems-59l-5kg\\\/#breadcrumb\"},\"inLanguage\":\"lt-LT\",\"potentialAction\":[{\"@type\":\"ReadAction\",\"target\":[\"https:\\\/\\\/anivet.lt\\\/elparduotuve\\\/produktas\\\/wonder-white-levander-kraikas-katems-59l-5kg\\\/\"]}]},{\"@type\":\"ImageObject\",\"inLanguage\":\"lt-LT\",\"@id\":\"https:\\\/\\\/anivet.lt\\\/elparduotuve\\\/produktas\\\/wonder-white-levander-kraikas-katems-59l-5kg\\\/#primaryimage\",\"url\":\"https:\\\/\\\/anivet.lt\\\/elparduotuve\\\/wp-content\\\/uploads\\\/2024\\\/10\\\/21-naujas.jpg\",\"contentUrl\":\"https:\\\/\\\/anivet.lt\\\/elparduotuve\\\/wp-content\\\/uploads\\\/2024\\\/10\\\/21-naujas.jpg\",\"width\":400,\"height\":488,\"caption\":\"\u201eWonder White Levander\u201d kraikas kat\u0117ms 5,9L\\\/5kg\"},{\"@type\":\"BreadcrumbList\",\"@id\":\"https:\\\/\\\/anivet.lt\\\/elparduotuve\\\/produktas\\\/wonder-white-levander-kraikas-katems-59l-5kg\\\/#breadcrumb\",\"itemListElement\":[{\"@type\":\"ListItem\",\"position\":1,\"name\":\"Home\",\"item\":\"https:\\\/\\\/anivet.lt\\\/elparduotuve\\\/\"},{\"@type\":\"ListItem\",\"position\":2,\"name\":\"Produktai\",\"item\":\"https:\\\/\\\/anivet.lt\\\/elparduotuve\\\/produktai\\\/\"},{\"@type\":\"ListItem\",\"position\":3,\"name\":\"\u201eWonder White Levander\u201d kraikas kat\u0117ms 5,9L\\\/5kg\"}]},{\"@type\":\"WebSite\",\"@id\":\"https:\\\/\\\/anivet.lt\\\/elparduotuve\\\/#website\",\"url\":\"https:\\\/\\\/anivet.lt\\\/elparduotuve\\\/\",\"name\":\"anivet.lt\",\"description\":\"Viskas J\u016bs\u0173 \u0161uns, kat\u0117s prie\u017ei\u016brai\",\"publisher\":{\"@id\":\"https:\\\/\\\/anivet.lt\\\/elparduotuve\\\/#organization\"},\"alternateName\":\"Viskas J\u016bs\u0173 \u0161uns, kat\u0117s prie\u017ei\u016brai\",\"potentialAction\":[{\"@type\":\"SearchAction\",\"target\":{\"@type\":\"EntryPoint\",\"urlTemplate\":\"https:\\\/\\\/anivet.lt\\\/elparduotuve\\\/?s={search_term_string}\"},\"query-input\":{\"@type\":\"PropertyValueSpecification\",\"valueRequired\":true,\"valueName\":\"search_term_string\"}}],\"inLanguage\":\"lt-LT\"},{\"@type\":\"Organization\",\"@id\":\"https:\\\/\\\/anivet.lt\\\/elparduotuve\\\/#organization\",\"name\":\"Viskas J\u016bs\u0173 \u0161uns, kat\u0117s prie\u017ei\u016brai\",\"url\":\"https:\\\/\\\/anivet.lt\\\/elparduotuve\\\/\",\"logo\":{\"@type\":\"ImageObject\",\"inLanguage\":\"lt-LT\",\"@id\":\"https:\\\/\\\/anivet.lt\\\/elparduotuve\\\/#\\\/schema\\\/logo\\\/image\\\/\",\"url\":\"https:\\\/\\\/anivet.lt\\\/elparduotuve\\\/wp-content\\\/uploads\\\/2023\\\/06\\\/logo2.jpg\",\"contentUrl\":\"https:\\\/\\\/anivet.lt\\\/elparduotuve\\\/wp-content\\\/uploads\\\/2023\\\/06\\\/logo2.jpg\",\"width\":655,\"height\":194,\"caption\":\"Viskas J\u016bs\u0173 \u0161uns, kat\u0117s prie\u017ei\u016brai\"},\"image\":{\"@id\":\"https:\\\/\\\/anivet.lt\\\/elparduotuve\\\/#\\\/schema\\\/logo\\\/image\\\/\"}}]}<\/script>\n<!-- \/ Yoast SEO Premium plugin. -->","yoast_head_json":{"title":"\u201eWonder White Levander\u201d kraikas kat\u0117ms 5,9L\/5kg - anivet.lt","description":"\u0160is kraikas, pagamintas i\u0161 100 % nat\u016bralaus molio, yra puikus pasirinkimas vis\u0173 veisli\u0173 ir am\u017eiaus kat\u0117ms, \u012fskaitant jautrias ar alergi\u0161kas kates. Kraikas efektyviai sugeria dr\u0117gm\u0119 ir kvapus, u\u017etikrina higien\u0105 bei \u0161var\u0105 tiek katei, tiek jos aplinkai.","robots":{"index":"index","follow":"follow","max-snippet":"max-snippet:-1","max-image-preview":"max-image-preview:large","max-video-preview":"max-video-preview:-1"},"canonical":"https:\/\/anivet.lt\/elparduotuve\/produktas\/wonder-white-levander-kraikas-katems-59l-5kg\/","og_locale":"lt_LT","og_type":"article","og_title":"\u201eWonder White Levander\u201d kraikas kat\u0117ms 5,9L\/5kg","og_description":"\u0160is kraikas, pagamintas i\u0161 100 % nat\u016bralaus molio, yra puikus pasirinkimas vis\u0173 veisli\u0173 ir am\u017eiaus kat\u0117ms, \u012fskaitant jautrias ar alergi\u0161kas kates. Kraikas efektyviai sugeria dr\u0117gm\u0119 ir kvapus, u\u017etikrina higien\u0105 bei \u0161var\u0105 tiek katei, tiek jos aplinkai.","og_url":"https:\/\/anivet.lt\/elparduotuve\/produktas\/wonder-white-levander-kraikas-katems-59l-5kg\/","og_site_name":"anivet.lt","article_modified_time":"2025-05-27T13:29:05+00:00","og_image":[{"width":400,"height":488,"url":"https:\/\/anivet.lt\/elparduotuve\/wp-content\/uploads\/2024\/10\/21-naujas.jpg","type":"image\/jpeg"}],"twitter_card":"summary_large_image","twitter_misc":{"Est. reading time":"1 minut\u0117"},"schema":{"@context":"https:\/\/schema.org","@graph":[{"@type":"WebPage","@id":"https:\/\/anivet.lt\/elparduotuve\/produktas\/wonder-white-levander-kraikas-katems-59l-5kg\/","url":"https:\/\/anivet.lt\/elparduotuve\/produktas\/wonder-white-levander-kraikas-katems-59l-5kg\/","name":"\u201eWonder White Levander\u201d kraikas kat\u0117ms 5,9L\/5kg - anivet.lt","isPartOf":{"@id":"https:\/\/anivet.lt\/elparduotuve\/#website"},"primaryImageOfPage":{"@id":"https:\/\/anivet.lt\/elparduotuve\/produktas\/wonder-white-levander-kraikas-katems-59l-5kg\/#primaryimage"},"image":{"@id":"https:\/\/anivet.lt\/elparduotuve\/produktas\/wonder-white-levander-kraikas-katems-59l-5kg\/#primaryimage"},"thumbnailUrl":"https:\/\/anivet.lt\/elparduotuve\/wp-content\/uploads\/2024\/10\/21-naujas.jpg","datePublished":"2024-10-12T09:33:53+00:00","dateModified":"2025-05-27T13:29:05+00:00","description":"\u0160is kraikas, pagamintas i\u0161 100 % nat\u016bralaus molio, yra puikus pasirinkimas vis\u0173 veisli\u0173 ir am\u017eiaus kat\u0117ms, \u012fskaitant jautrias ar alergi\u0161kas kates. Kraikas efektyviai sugeria dr\u0117gm\u0119 ir kvapus, u\u017etikrina higien\u0105 bei \u0161var\u0105 tiek katei, tiek jos aplinkai.","breadcrumb":{"@id":"https:\/\/anivet.lt\/elparduotuve\/produktas\/wonder-white-levander-kraikas-katems-59l-5kg\/#breadcrumb"},"inLanguage":"lt-LT","potentialAction":[{"@type":"ReadAction","target":["https:\/\/anivet.lt\/elparduotuve\/produktas\/wonder-white-levander-kraikas-katems-59l-5kg\/"]}]},{"@type":"ImageObject","inLanguage":"lt-LT","@id":"https:\/\/anivet.lt\/elparduotuve\/produktas\/wonder-white-levander-kraikas-katems-59l-5kg\/#primaryimage","url":"https:\/\/anivet.lt\/elparduotuve\/wp-content\/uploads\/2024\/10\/21-naujas.jpg","contentUrl":"https:\/\/anivet.lt\/elparduotuve\/wp-content\/uploads\/2024\/10\/21-naujas.jpg","width":400,"height":488,"caption":"\u201eWonder White Levander\u201d kraikas kat\u0117ms 5,9L\/5kg"},{"@type":"BreadcrumbList","@id":"https:\/\/anivet.lt\/elparduotuve\/produktas\/wonder-white-levander-kraikas-katems-59l-5kg\/#breadcrumb","itemListElement":[{"@type":"ListItem","position":1,"name":"Home","item":"https:\/\/anivet.lt\/elparduotuve\/"},{"@type":"ListItem","position":2,"name":"Produktai","item":"https:\/\/anivet.lt\/elparduotuve\/produktai\/"},{"@type":"ListItem","position":3,"name":"\u201eWonder White Levander\u201d kraikas kat\u0117ms 5,9L\/5kg"}]},{"@type":"WebSite","@id":"https:\/\/anivet.lt\/elparduotuve\/#website","url":"https:\/\/anivet.lt\/elparduotuve\/","name":"anivet.lt","description":"Viskas J\u016bs\u0173 \u0161uns, kat\u0117s prie\u017ei\u016brai","publisher":{"@id":"https:\/\/anivet.lt\/elparduotuve\/#organization"},"alternateName":"Viskas J\u016bs\u0173 \u0161uns, kat\u0117s prie\u017ei\u016brai","potentialAction":[{"@type":"SearchAction","target":{"@type":"EntryPoint","urlTemplate":"https:\/\/anivet.lt\/elparduotuve\/?s={search_term_string}"},"query-input":{"@type":"PropertyValueSpecification","valueRequired":true,"valueName":"search_term_string"}}],"inLanguage":"lt-LT"},{"@type":"Organization","@id":"https:\/\/anivet.lt\/elparduotuve\/#organization","name":"Viskas J\u016bs\u0173 \u0161uns, kat\u0117s prie\u017ei\u016brai","url":"https:\/\/anivet.lt\/elparduotuve\/","logo":{"@type":"ImageObject","inLanguage":"lt-LT","@id":"https:\/\/anivet.lt\/elparduotuve\/#\/schema\/logo\/image\/","url":"https:\/\/anivet.lt\/elparduotuve\/wp-content\/uploads\/2023\/06\/logo2.jpg","contentUrl":"https:\/\/anivet.lt\/elparduotuve\/wp-content\/uploads\/2023\/06\/logo2.jpg","width":655,"height":194,"caption":"Viskas J\u016bs\u0173 \u0161uns, kat\u0117s prie\u017ei\u016brai"},"image":{"@id":"https:\/\/anivet.lt\/elparduotuve\/#\/schema\/logo\/image\/"}}]}},"_links":{"self":[{"href":"https:\/\/anivet.lt\/elparduotuve\/wp-json\/wp\/v2\/product\/14640","targetHints":{"allow":["GET"]}}],"collection":[{"href":"https:\/\/anivet.lt\/elparduotuve\/wp-json\/wp\/v2\/product"}],"about":[{"href":"https:\/\/anivet.lt\/elparduotuve\/wp-json\/wp\/v2\/types\/product"}],"wp:featuredmedia":[{"embeddable":true,"href":"https:\/\/anivet.lt\/elparduotuve\/wp-json\/wp\/v2\/media\/14641"}],"wp:attachment":[{"href":"https:\/\/anivet.lt\/elparduotuve\/wp-json\/wp\/v2\/media?parent=14640"}],"wp:term":[{"taxonomy":"product_brand","embeddable":true,"href":"https:\/\/anivet.lt\/elparduotuve\/wp-json\/wp\/v2\/product_brand?post=14640"},{"taxonomy":"product_cat","embeddable":true,"href":"https:\/\/anivet.lt\/elparduotuve\/wp-json\/wp\/v2\/product_cat?post=14640"},{"taxonomy":"product_tag","embeddable":true,"href":"https:\/\/anivet.lt\/elparduotuve\/wp-json\/wp\/v2\/product_tag?post=14640"}],"curies":[{"name":"wp","href":"https:\/\/api.w.org\/{rel}","templated":true}]}}