{"id":14658,"date":"2024-10-14T12:02:31","date_gmt":"2024-10-14T12:02:31","guid":{"rendered":"https:\/\/anivet.lt\/elparduotuve\/?post_type=product&#038;p=14658"},"modified":"2025-06-27T13:28:12","modified_gmt":"2025-06-27T13:28:12","slug":"belocat-silikoninis-kraikas-katems-10l-39kg","status":"publish","type":"product","link":"https:\/\/anivet.lt\/elparduotuve\/produktas\/belocat-silikoninis-kraikas-katems-10l-39kg\/","title":{"rendered":"BeloCat silikoninis kraikas kat\u0117ms 10L\/3,9kg"},"content":{"rendered":"<ul>\n<li style=\"font-weight: 400;\" aria-level=\"1\"><span style=\"font-weight: 400;\">Efektyvus kvap\u0173 sug\u0117rimas: Impregnuotas aktyviu silikonu, kuris greitai neutralizuoja nemalonius kvapus.<\/span><\/li>\n<li style=\"font-weight: 400;\" aria-level=\"1\"><span style=\"font-weight: 400;\">Antialerginis: Nekenkia jautrioms kat\u0117ms ir j\u0173 savininkams.<\/span><\/li>\n<li style=\"font-weight: 400;\" aria-level=\"1\"><span style=\"font-weight: 400;\">Antibakterin\u0117s savyb\u0117s: Padeda u\u017etikrinti \u0161var\u0105 ir apsaugoti nuo bakterij\u0173 plitimo.<\/span><\/li>\n<li style=\"font-weight: 400;\" aria-level=\"1\"><span style=\"font-weight: 400;\">Nedulka ir neprilimpa: Nesukuria dulki\u0173 ir nelimpa prie kat\u0117s leten\u0117li\u0173, tod\u0117l u\u017etikrina \u0161var\u0105 namuose.<\/span><\/li>\n<li style=\"font-weight: 400;\" aria-level=\"1\"><span style=\"font-weight: 400;\">Patogus naudoti: Greitai sugeria dr\u0117gm\u0119, suformuodamas lengvai pa\u0161alinamus grumstelius.<\/span><\/li>\n<\/ul>\n<p><span style=\"font-weight: 400;\">\u201eBeloCat\u201d silikoninis kraikas yra puikus pasirinkimas, jei siekiate savo katei suteikti higieni\u0161k\u0105, patogi\u0105 ir saugi\u0105 aplink\u0105. Jo nat\u016brali ir biologi\u0161kai skaidoma sud\u0117tis ne tik draugi\u0161ka aplinkai, bet ir u\u017etikrina maksimal\u0173 efektyvum\u0105, kvap\u0173 kontrol\u0119 bei lengv\u0105 prie\u017ei\u016br\u0105.<\/span><\/p>\n","protected":false},"excerpt":{"rendered":"<p><span style=\"font-weight: 400;\">Ekologi\u0161kas, nat\u016bralus ir 100 % biologi\u0161kai skaidomas produktas, sukurtas u\u017etikrinti j\u016bs\u0173 kat\u0117s higien\u0105 ir komfort\u0105. Tinka vis\u0173 am\u017eiaus grupi\u0173 kat\u0117ms ir yra itin patogus naudoti.<\/span><\/p>\n","protected":false},"featured_media":18242,"template":"","meta":[],"product_brand":[],"product_cat":[102,119,228],"product_tag":[],"class_list":{"0":"post-14658","1":"product","2":"type-product","3":"status-publish","4":"has-post-thumbnail","6":"product_cat-katems","7":"product_cat-prieziuros-priemones-katems","8":"product_cat-kraikas","9":"pa_prekinis-zenklas-belocat","11":"first","12":"instock","13":"taxable","14":"shipping-taxable","15":"purchasable","16":"product-type-simple"},"yoast_head":"<!-- This site is optimized with the Yoast SEO Premium plugin v27.1 (Yoast SEO v27.3) - https:\/\/yoast.com\/product\/yoast-seo-premium-wordpress\/ -->\n<title>BeloCat silikoninis kraikas kat\u0117ms 10L\/3,9kg - anivet.lt<\/title>\n<meta name=\"description\" content=\"Ekologi\u0161kas, nat\u016bralus ir 100 % biologi\u0161kai skaidomas produktas, sukurtas u\u017etikrinti j\u016bs\u0173 kat\u0117s higien\u0105 ir komfort\u0105. Tinka vis\u0173 am\u017eiaus grupi\u0173 kat\u0117ms ir yra itin patogus naudoti.\" \/>\n<meta name=\"robots\" content=\"index, follow, max-snippet:-1, max-image-preview:large, max-video-preview:-1\" \/>\n<link rel=\"canonical\" href=\"https:\/\/anivet.lt\/elparduotuve\/produktas\/belocat-silikoninis-kraikas-katems-10l-39kg\/\" \/>\n<meta property=\"og:locale\" content=\"lt_LT\" \/>\n<meta property=\"og:type\" content=\"article\" \/>\n<meta property=\"og:title\" content=\"BeloCat silikoninis kraikas kat\u0117ms 10L\/3,9kg\" \/>\n<meta property=\"og:description\" content=\"Ekologi\u0161kas, nat\u016bralus ir 100 % biologi\u0161kai skaidomas produktas, sukurtas u\u017etikrinti j\u016bs\u0173 kat\u0117s higien\u0105 ir komfort\u0105. Tinka vis\u0173 am\u017eiaus grupi\u0173 kat\u0117ms ir yra itin patogus naudoti.\" \/>\n<meta property=\"og:url\" content=\"https:\/\/anivet.lt\/elparduotuve\/produktas\/belocat-silikoninis-kraikas-katems-10l-39kg\/\" \/>\n<meta property=\"og:site_name\" content=\"anivet.lt\" \/>\n<meta property=\"article:modified_time\" content=\"2025-06-27T13:28:12+00:00\" \/>\n<meta property=\"og:image\" content=\"https:\/\/anivet.lt\/elparduotuve\/wp-content\/uploads\/2024\/10\/BeloCat-silikoninis-kraikas-katems-10L39kg.jpg\" \/>\n\t<meta property=\"og:image:width\" content=\"650\" \/>\n\t<meta property=\"og:image:height\" content=\"876\" \/>\n\t<meta property=\"og:image:type\" content=\"image\/jpeg\" \/>\n<meta name=\"twitter:card\" content=\"summary_large_image\" \/>\n<meta name=\"twitter:label1\" content=\"Est. reading time\" \/>\n\t<meta name=\"twitter:data1\" content=\"1 minut\u0117\" \/>\n<script type=\"application\/ld+json\" class=\"yoast-schema-graph\">{\"@context\":\"https:\\\/\\\/schema.org\",\"@graph\":[{\"@type\":\"WebPage\",\"@id\":\"https:\\\/\\\/anivet.lt\\\/elparduotuve\\\/produktas\\\/belocat-silikoninis-kraikas-katems-10l-39kg\\\/\",\"url\":\"https:\\\/\\\/anivet.lt\\\/elparduotuve\\\/produktas\\\/belocat-silikoninis-kraikas-katems-10l-39kg\\\/\",\"name\":\"BeloCat silikoninis kraikas kat\u0117ms 10L\\\/3,9kg - anivet.lt\",\"isPartOf\":{\"@id\":\"https:\\\/\\\/anivet.lt\\\/elparduotuve\\\/#website\"},\"primaryImageOfPage\":{\"@id\":\"https:\\\/\\\/anivet.lt\\\/elparduotuve\\\/produktas\\\/belocat-silikoninis-kraikas-katems-10l-39kg\\\/#primaryimage\"},\"image\":{\"@id\":\"https:\\\/\\\/anivet.lt\\\/elparduotuve\\\/produktas\\\/belocat-silikoninis-kraikas-katems-10l-39kg\\\/#primaryimage\"},\"thumbnailUrl\":\"https:\\\/\\\/anivet.lt\\\/elparduotuve\\\/wp-content\\\/uploads\\\/2024\\\/10\\\/BeloCat-silikoninis-kraikas-katems-10L39kg.jpg\",\"datePublished\":\"2024-10-14T12:02:31+00:00\",\"dateModified\":\"2025-06-27T13:28:12+00:00\",\"description\":\"Ekologi\u0161kas, nat\u016bralus ir 100 % biologi\u0161kai skaidomas produktas, sukurtas u\u017etikrinti j\u016bs\u0173 kat\u0117s higien\u0105 ir komfort\u0105. Tinka vis\u0173 am\u017eiaus grupi\u0173 kat\u0117ms ir yra itin patogus naudoti.\",\"breadcrumb\":{\"@id\":\"https:\\\/\\\/anivet.lt\\\/elparduotuve\\\/produktas\\\/belocat-silikoninis-kraikas-katems-10l-39kg\\\/#breadcrumb\"},\"inLanguage\":\"lt-LT\",\"potentialAction\":[{\"@type\":\"ReadAction\",\"target\":[\"https:\\\/\\\/anivet.lt\\\/elparduotuve\\\/produktas\\\/belocat-silikoninis-kraikas-katems-10l-39kg\\\/\"]}]},{\"@type\":\"ImageObject\",\"inLanguage\":\"lt-LT\",\"@id\":\"https:\\\/\\\/anivet.lt\\\/elparduotuve\\\/produktas\\\/belocat-silikoninis-kraikas-katems-10l-39kg\\\/#primaryimage\",\"url\":\"https:\\\/\\\/anivet.lt\\\/elparduotuve\\\/wp-content\\\/uploads\\\/2024\\\/10\\\/BeloCat-silikoninis-kraikas-katems-10L39kg.jpg\",\"contentUrl\":\"https:\\\/\\\/anivet.lt\\\/elparduotuve\\\/wp-content\\\/uploads\\\/2024\\\/10\\\/BeloCat-silikoninis-kraikas-katems-10L39kg.jpg\",\"width\":650,\"height\":876,\"caption\":\"BeloCat silikoninis kraikas kat\u0117ms 10L\\\/3,9kg\"},{\"@type\":\"BreadcrumbList\",\"@id\":\"https:\\\/\\\/anivet.lt\\\/elparduotuve\\\/produktas\\\/belocat-silikoninis-kraikas-katems-10l-39kg\\\/#breadcrumb\",\"itemListElement\":[{\"@type\":\"ListItem\",\"position\":1,\"name\":\"Home\",\"item\":\"https:\\\/\\\/anivet.lt\\\/elparduotuve\\\/\"},{\"@type\":\"ListItem\",\"position\":2,\"name\":\"Produktai\",\"item\":\"https:\\\/\\\/anivet.lt\\\/elparduotuve\\\/produktai\\\/\"},{\"@type\":\"ListItem\",\"position\":3,\"name\":\"BeloCat silikoninis kraikas kat\u0117ms 10L\\\/3,9kg\"}]},{\"@type\":\"WebSite\",\"@id\":\"https:\\\/\\\/anivet.lt\\\/elparduotuve\\\/#website\",\"url\":\"https:\\\/\\\/anivet.lt\\\/elparduotuve\\\/\",\"name\":\"anivet.lt\",\"description\":\"Viskas J\u016bs\u0173 \u0161uns, kat\u0117s prie\u017ei\u016brai\",\"publisher\":{\"@id\":\"https:\\\/\\\/anivet.lt\\\/elparduotuve\\\/#organization\"},\"alternateName\":\"Viskas J\u016bs\u0173 \u0161uns, kat\u0117s prie\u017ei\u016brai\",\"potentialAction\":[{\"@type\":\"SearchAction\",\"target\":{\"@type\":\"EntryPoint\",\"urlTemplate\":\"https:\\\/\\\/anivet.lt\\\/elparduotuve\\\/?s={search_term_string}\"},\"query-input\":{\"@type\":\"PropertyValueSpecification\",\"valueRequired\":true,\"valueName\":\"search_term_string\"}}],\"inLanguage\":\"lt-LT\"},{\"@type\":\"Organization\",\"@id\":\"https:\\\/\\\/anivet.lt\\\/elparduotuve\\\/#organization\",\"name\":\"Viskas J\u016bs\u0173 \u0161uns, kat\u0117s prie\u017ei\u016brai\",\"url\":\"https:\\\/\\\/anivet.lt\\\/elparduotuve\\\/\",\"logo\":{\"@type\":\"ImageObject\",\"inLanguage\":\"lt-LT\",\"@id\":\"https:\\\/\\\/anivet.lt\\\/elparduotuve\\\/#\\\/schema\\\/logo\\\/image\\\/\",\"url\":\"https:\\\/\\\/anivet.lt\\\/elparduotuve\\\/wp-content\\\/uploads\\\/2023\\\/06\\\/logo2.jpg\",\"contentUrl\":\"https:\\\/\\\/anivet.lt\\\/elparduotuve\\\/wp-content\\\/uploads\\\/2023\\\/06\\\/logo2.jpg\",\"width\":655,\"height\":194,\"caption\":\"Viskas J\u016bs\u0173 \u0161uns, kat\u0117s prie\u017ei\u016brai\"},\"image\":{\"@id\":\"https:\\\/\\\/anivet.lt\\\/elparduotuve\\\/#\\\/schema\\\/logo\\\/image\\\/\"}}]}<\/script>\n<!-- \/ Yoast SEO Premium plugin. -->","yoast_head_json":{"title":"BeloCat silikoninis kraikas kat\u0117ms 10L\/3,9kg - anivet.lt","description":"Ekologi\u0161kas, nat\u016bralus ir 100 % biologi\u0161kai skaidomas produktas, sukurtas u\u017etikrinti j\u016bs\u0173 kat\u0117s higien\u0105 ir komfort\u0105. Tinka vis\u0173 am\u017eiaus grupi\u0173 kat\u0117ms ir yra itin patogus naudoti.","robots":{"index":"index","follow":"follow","max-snippet":"max-snippet:-1","max-image-preview":"max-image-preview:large","max-video-preview":"max-video-preview:-1"},"canonical":"https:\/\/anivet.lt\/elparduotuve\/produktas\/belocat-silikoninis-kraikas-katems-10l-39kg\/","og_locale":"lt_LT","og_type":"article","og_title":"BeloCat silikoninis kraikas kat\u0117ms 10L\/3,9kg","og_description":"Ekologi\u0161kas, nat\u016bralus ir 100 % biologi\u0161kai skaidomas produktas, sukurtas u\u017etikrinti j\u016bs\u0173 kat\u0117s higien\u0105 ir komfort\u0105. Tinka vis\u0173 am\u017eiaus grupi\u0173 kat\u0117ms ir yra itin patogus naudoti.","og_url":"https:\/\/anivet.lt\/elparduotuve\/produktas\/belocat-silikoninis-kraikas-katems-10l-39kg\/","og_site_name":"anivet.lt","article_modified_time":"2025-06-27T13:28:12+00:00","og_image":[{"width":650,"height":876,"url":"https:\/\/anivet.lt\/elparduotuve\/wp-content\/uploads\/2024\/10\/BeloCat-silikoninis-kraikas-katems-10L39kg.jpg","type":"image\/jpeg"}],"twitter_card":"summary_large_image","twitter_misc":{"Est. reading time":"1 minut\u0117"},"schema":{"@context":"https:\/\/schema.org","@graph":[{"@type":"WebPage","@id":"https:\/\/anivet.lt\/elparduotuve\/produktas\/belocat-silikoninis-kraikas-katems-10l-39kg\/","url":"https:\/\/anivet.lt\/elparduotuve\/produktas\/belocat-silikoninis-kraikas-katems-10l-39kg\/","name":"BeloCat silikoninis kraikas kat\u0117ms 10L\/3,9kg - anivet.lt","isPartOf":{"@id":"https:\/\/anivet.lt\/elparduotuve\/#website"},"primaryImageOfPage":{"@id":"https:\/\/anivet.lt\/elparduotuve\/produktas\/belocat-silikoninis-kraikas-katems-10l-39kg\/#primaryimage"},"image":{"@id":"https:\/\/anivet.lt\/elparduotuve\/produktas\/belocat-silikoninis-kraikas-katems-10l-39kg\/#primaryimage"},"thumbnailUrl":"https:\/\/anivet.lt\/elparduotuve\/wp-content\/uploads\/2024\/10\/BeloCat-silikoninis-kraikas-katems-10L39kg.jpg","datePublished":"2024-10-14T12:02:31+00:00","dateModified":"2025-06-27T13:28:12+00:00","description":"Ekologi\u0161kas, nat\u016bralus ir 100 % biologi\u0161kai skaidomas produktas, sukurtas u\u017etikrinti j\u016bs\u0173 kat\u0117s higien\u0105 ir komfort\u0105. Tinka vis\u0173 am\u017eiaus grupi\u0173 kat\u0117ms ir yra itin patogus naudoti.","breadcrumb":{"@id":"https:\/\/anivet.lt\/elparduotuve\/produktas\/belocat-silikoninis-kraikas-katems-10l-39kg\/#breadcrumb"},"inLanguage":"lt-LT","potentialAction":[{"@type":"ReadAction","target":["https:\/\/anivet.lt\/elparduotuve\/produktas\/belocat-silikoninis-kraikas-katems-10l-39kg\/"]}]},{"@type":"ImageObject","inLanguage":"lt-LT","@id":"https:\/\/anivet.lt\/elparduotuve\/produktas\/belocat-silikoninis-kraikas-katems-10l-39kg\/#primaryimage","url":"https:\/\/anivet.lt\/elparduotuve\/wp-content\/uploads\/2024\/10\/BeloCat-silikoninis-kraikas-katems-10L39kg.jpg","contentUrl":"https:\/\/anivet.lt\/elparduotuve\/wp-content\/uploads\/2024\/10\/BeloCat-silikoninis-kraikas-katems-10L39kg.jpg","width":650,"height":876,"caption":"BeloCat silikoninis kraikas kat\u0117ms 10L\/3,9kg"},{"@type":"BreadcrumbList","@id":"https:\/\/anivet.lt\/elparduotuve\/produktas\/belocat-silikoninis-kraikas-katems-10l-39kg\/#breadcrumb","itemListElement":[{"@type":"ListItem","position":1,"name":"Home","item":"https:\/\/anivet.lt\/elparduotuve\/"},{"@type":"ListItem","position":2,"name":"Produktai","item":"https:\/\/anivet.lt\/elparduotuve\/produktai\/"},{"@type":"ListItem","position":3,"name":"BeloCat silikoninis kraikas kat\u0117ms 10L\/3,9kg"}]},{"@type":"WebSite","@id":"https:\/\/anivet.lt\/elparduotuve\/#website","url":"https:\/\/anivet.lt\/elparduotuve\/","name":"anivet.lt","description":"Viskas J\u016bs\u0173 \u0161uns, kat\u0117s prie\u017ei\u016brai","publisher":{"@id":"https:\/\/anivet.lt\/elparduotuve\/#organization"},"alternateName":"Viskas J\u016bs\u0173 \u0161uns, kat\u0117s prie\u017ei\u016brai","potentialAction":[{"@type":"SearchAction","target":{"@type":"EntryPoint","urlTemplate":"https:\/\/anivet.lt\/elparduotuve\/?s={search_term_string}"},"query-input":{"@type":"PropertyValueSpecification","valueRequired":true,"valueName":"search_term_string"}}],"inLanguage":"lt-LT"},{"@type":"Organization","@id":"https:\/\/anivet.lt\/elparduotuve\/#organization","name":"Viskas J\u016bs\u0173 \u0161uns, kat\u0117s prie\u017ei\u016brai","url":"https:\/\/anivet.lt\/elparduotuve\/","logo":{"@type":"ImageObject","inLanguage":"lt-LT","@id":"https:\/\/anivet.lt\/elparduotuve\/#\/schema\/logo\/image\/","url":"https:\/\/anivet.lt\/elparduotuve\/wp-content\/uploads\/2023\/06\/logo2.jpg","contentUrl":"https:\/\/anivet.lt\/elparduotuve\/wp-content\/uploads\/2023\/06\/logo2.jpg","width":655,"height":194,"caption":"Viskas J\u016bs\u0173 \u0161uns, kat\u0117s prie\u017ei\u016brai"},"image":{"@id":"https:\/\/anivet.lt\/elparduotuve\/#\/schema\/logo\/image\/"}}]}},"_links":{"self":[{"href":"https:\/\/anivet.lt\/elparduotuve\/wp-json\/wp\/v2\/product\/14658","targetHints":{"allow":["GET"]}}],"collection":[{"href":"https:\/\/anivet.lt\/elparduotuve\/wp-json\/wp\/v2\/product"}],"about":[{"href":"https:\/\/anivet.lt\/elparduotuve\/wp-json\/wp\/v2\/types\/product"}],"wp:featuredmedia":[{"embeddable":true,"href":"https:\/\/anivet.lt\/elparduotuve\/wp-json\/wp\/v2\/media\/18242"}],"wp:attachment":[{"href":"https:\/\/anivet.lt\/elparduotuve\/wp-json\/wp\/v2\/media?parent=14658"}],"wp:term":[{"taxonomy":"product_brand","embeddable":true,"href":"https:\/\/anivet.lt\/elparduotuve\/wp-json\/wp\/v2\/product_brand?post=14658"},{"taxonomy":"product_cat","embeddable":true,"href":"https:\/\/anivet.lt\/elparduotuve\/wp-json\/wp\/v2\/product_cat?post=14658"},{"taxonomy":"product_tag","embeddable":true,"href":"https:\/\/anivet.lt\/elparduotuve\/wp-json\/wp\/v2\/product_tag?post=14658"}],"curies":[{"name":"wp","href":"https:\/\/api.w.org\/{rel}","templated":true}]}}