{"id":14663,"date":"2024-10-14T12:23:43","date_gmt":"2024-10-14T12:23:43","guid":{"rendered":"https:\/\/anivet.lt\/elparduotuve\/?post_type=product&#038;p=14663"},"modified":"2025-05-27T13:29:07","modified_gmt":"2025-05-27T13:29:07","slug":"belaclean-levandu-kvapo-kaciu-kraikas10l-8kg","status":"publish","type":"product","link":"https:\/\/anivet.lt\/elparduotuve\/produktas\/belaclean-levandu-kvapo-kaciu-kraikas10l-8kg\/","title":{"rendered":"\u201eBelaCLEAN\u201d levand\u0173 kvapo ka\u010di\u0173 kraikas10L\/8kg"},"content":{"rendered":"<p><span style=\"font-weight: 400;\">Premium kokyb\u0117s, 100% baltojo bentonito ka\u010di\u0173 kraikas, puikiai sugeriantis dr\u0117gm\u0119 ir neutralizuojantis nemalonius kvapus. Skirtas \u012fvairaus am\u017eiaus ir veisli\u0173 kat\u0117ms, taip pat tinkamas jautrioms ir alergi\u0161koms kat\u0117ms bei \u0161eimininkams.<\/span><\/p>\n<ul>\n<li style=\"font-weight: 400;\" aria-level=\"1\"><span style=\"font-weight: 400;\">99,5% be dulki\u0173: Suma\u017eina netvark\u0105 ir ne\u0161varumus aplink ka\u010di\u0173 d\u0117\u017eut\u0119.<\/span><\/li>\n<li style=\"font-weight: 400;\" aria-level=\"1\"><span style=\"font-weight: 400;\">Puikus sugeriamumas: Greitai pa\u0161alina dr\u0117gm\u0119 ir kvapus.<\/span><\/li>\n<li style=\"font-weight: 400;\" aria-level=\"1\"><span style=\"font-weight: 400;\">Nesukelia alergijos: Tinka jautrioms kat\u0117ms ir alergi\u0161kiems \u0161eimos nariams.<\/span><\/li>\n<li style=\"font-weight: 400;\" aria-level=\"1\"><span style=\"font-weight: 400;\">Neprilimpa prie leten\u0117li\u0173: U\u017etikrina \u0161var\u0105 kat\u0117s aplinkoje.<\/span><\/li>\n<li style=\"font-weight: 400;\" aria-level=\"1\"><span style=\"font-weight: 400;\">Nat\u016bralus produktas: Be chemini\u0173 pried\u0173 ir da\u017eikli\u0173.<\/span><\/li>\n<\/ul>\n<p><span style=\"font-weight: 400;\">\u201eBelaCLEAN\u201c bentonitinis kraikas pasi\u017eymi auk\u0161ta kokybe, patikimumu ir saugumu. Tai idealus sprendimas tiek jautrioms kat\u0117ms, tiek alergi\u0161kiems \u0161eimininkams. Greitas dr\u0117gm\u0117s sug\u0117rimas ir dulki\u0173 nebuvimas u\u017etikrina \u0161var\u0105 bei komfort\u0105 kat\u0117s aplinkoje.<\/span><\/p>\n","protected":false},"excerpt":{"rendered":"<p>Premium kokyb\u0117s, 100% baltojo bentonito ka\u010di\u0173 kraikas, puikiai sugeriantis dr\u0117gm\u0119 ir neutralizuojantis nemalonius kvapus. Skirtas \u012fvairaus am\u017eiaus ir veisli\u0173 kat\u0117ms,<\/p>\n","protected":false},"featured_media":14664,"template":"","meta":[],"product_brand":[],"product_cat":[102,119,228],"product_tag":[],"class_list":{"0":"post-14663","1":"product","2":"type-product","3":"status-publish","4":"has-post-thumbnail","6":"product_cat-katems","7":"product_cat-prieziuros-priemones-katems","8":"product_cat-kraikas","9":"pa_prekinis-zenklas-belaclean","11":"first","12":"instock","13":"taxable","14":"shipping-taxable","15":"purchasable","16":"product-type-simple"},"yoast_head":"<!-- This site is optimized with the Yoast SEO Premium plugin v27.1 (Yoast SEO v27.3) - https:\/\/yoast.com\/product\/yoast-seo-premium-wordpress\/ -->\n<title>\u201eBelaCLEAN\u201d levand\u0173 kvapo ka\u010di\u0173 kraikas10L\/8kg - anivet.lt<\/title>\n<meta name=\"description\" content=\"Premium kokyb\u0117s, 100% baltojo bentonito ka\u010di\u0173 kraikas, puikiai sugeriantis dr\u0117gm\u0119 ir neutralizuojantis nemalonius kvapus. Skirtas \u012fvairaus am\u017eiaus ir\" \/>\n<meta name=\"robots\" content=\"index, follow, max-snippet:-1, max-image-preview:large, max-video-preview:-1\" \/>\n<link rel=\"canonical\" href=\"https:\/\/anivet.lt\/elparduotuve\/produktas\/belaclean-levandu-kvapo-kaciu-kraikas10l-8kg\/\" \/>\n<meta property=\"og:locale\" content=\"lt_LT\" \/>\n<meta property=\"og:type\" content=\"article\" \/>\n<meta property=\"og:title\" content=\"\u201eBelaCLEAN\u201d levand\u0173 kvapo ka\u010di\u0173 kraikas10L\/8kg\" \/>\n<meta property=\"og:description\" content=\"Premium kokyb\u0117s, 100% baltojo bentonito ka\u010di\u0173 kraikas, puikiai sugeriantis dr\u0117gm\u0119 ir neutralizuojantis nemalonius kvapus. Skirtas \u012fvairaus am\u017eiaus ir\" \/>\n<meta property=\"og:url\" content=\"https:\/\/anivet.lt\/elparduotuve\/produktas\/belaclean-levandu-kvapo-kaciu-kraikas10l-8kg\/\" \/>\n<meta property=\"og:site_name\" content=\"anivet.lt\" \/>\n<meta property=\"article:modified_time\" content=\"2025-05-27T13:29:07+00:00\" \/>\n<meta property=\"og:image\" content=\"https:\/\/anivet.lt\/elparduotuve\/wp-content\/uploads\/2024\/10\/naujas.jpg\" \/>\n\t<meta property=\"og:image:width\" content=\"400\" \/>\n\t<meta property=\"og:image:height\" content=\"576\" \/>\n\t<meta property=\"og:image:type\" content=\"image\/jpeg\" \/>\n<meta name=\"twitter:card\" content=\"summary_large_image\" \/>\n<meta name=\"twitter:label1\" content=\"Est. reading time\" \/>\n\t<meta name=\"twitter:data1\" content=\"1 minut\u0117\" \/>\n<script type=\"application\/ld+json\" class=\"yoast-schema-graph\">{\"@context\":\"https:\\\/\\\/schema.org\",\"@graph\":[{\"@type\":\"WebPage\",\"@id\":\"https:\\\/\\\/anivet.lt\\\/elparduotuve\\\/produktas\\\/belaclean-levandu-kvapo-kaciu-kraikas10l-8kg\\\/\",\"url\":\"https:\\\/\\\/anivet.lt\\\/elparduotuve\\\/produktas\\\/belaclean-levandu-kvapo-kaciu-kraikas10l-8kg\\\/\",\"name\":\"\u201eBelaCLEAN\u201d levand\u0173 kvapo ka\u010di\u0173 kraikas10L\\\/8kg - anivet.lt\",\"isPartOf\":{\"@id\":\"https:\\\/\\\/anivet.lt\\\/elparduotuve\\\/#website\"},\"primaryImageOfPage\":{\"@id\":\"https:\\\/\\\/anivet.lt\\\/elparduotuve\\\/produktas\\\/belaclean-levandu-kvapo-kaciu-kraikas10l-8kg\\\/#primaryimage\"},\"image\":{\"@id\":\"https:\\\/\\\/anivet.lt\\\/elparduotuve\\\/produktas\\\/belaclean-levandu-kvapo-kaciu-kraikas10l-8kg\\\/#primaryimage\"},\"thumbnailUrl\":\"https:\\\/\\\/anivet.lt\\\/elparduotuve\\\/wp-content\\\/uploads\\\/2024\\\/10\\\/naujas.jpg\",\"datePublished\":\"2024-10-14T12:23:43+00:00\",\"dateModified\":\"2025-05-27T13:29:07+00:00\",\"description\":\"Premium kokyb\u0117s, 100% baltojo bentonito ka\u010di\u0173 kraikas, puikiai sugeriantis dr\u0117gm\u0119 ir neutralizuojantis nemalonius kvapus. Skirtas \u012fvairaus am\u017eiaus ir\",\"breadcrumb\":{\"@id\":\"https:\\\/\\\/anivet.lt\\\/elparduotuve\\\/produktas\\\/belaclean-levandu-kvapo-kaciu-kraikas10l-8kg\\\/#breadcrumb\"},\"inLanguage\":\"lt-LT\",\"potentialAction\":[{\"@type\":\"ReadAction\",\"target\":[\"https:\\\/\\\/anivet.lt\\\/elparduotuve\\\/produktas\\\/belaclean-levandu-kvapo-kaciu-kraikas10l-8kg\\\/\"]}]},{\"@type\":\"ImageObject\",\"inLanguage\":\"lt-LT\",\"@id\":\"https:\\\/\\\/anivet.lt\\\/elparduotuve\\\/produktas\\\/belaclean-levandu-kvapo-kaciu-kraikas10l-8kg\\\/#primaryimage\",\"url\":\"https:\\\/\\\/anivet.lt\\\/elparduotuve\\\/wp-content\\\/uploads\\\/2024\\\/10\\\/naujas.jpg\",\"contentUrl\":\"https:\\\/\\\/anivet.lt\\\/elparduotuve\\\/wp-content\\\/uploads\\\/2024\\\/10\\\/naujas.jpg\",\"width\":400,\"height\":576,\"caption\":\"\u201eBelaCLEAN\u201d levand\u0173 kvapo ka\u010di\u0173 kraikas10L\\\/8kg\"},{\"@type\":\"BreadcrumbList\",\"@id\":\"https:\\\/\\\/anivet.lt\\\/elparduotuve\\\/produktas\\\/belaclean-levandu-kvapo-kaciu-kraikas10l-8kg\\\/#breadcrumb\",\"itemListElement\":[{\"@type\":\"ListItem\",\"position\":1,\"name\":\"Home\",\"item\":\"https:\\\/\\\/anivet.lt\\\/elparduotuve\\\/\"},{\"@type\":\"ListItem\",\"position\":2,\"name\":\"Produktai\",\"item\":\"https:\\\/\\\/anivet.lt\\\/elparduotuve\\\/produktai\\\/\"},{\"@type\":\"ListItem\",\"position\":3,\"name\":\"\u201eBelaCLEAN\u201d levand\u0173 kvapo ka\u010di\u0173 kraikas10L\\\/8kg\"}]},{\"@type\":\"WebSite\",\"@id\":\"https:\\\/\\\/anivet.lt\\\/elparduotuve\\\/#website\",\"url\":\"https:\\\/\\\/anivet.lt\\\/elparduotuve\\\/\",\"name\":\"anivet.lt\",\"description\":\"Viskas J\u016bs\u0173 \u0161uns, kat\u0117s prie\u017ei\u016brai\",\"publisher\":{\"@id\":\"https:\\\/\\\/anivet.lt\\\/elparduotuve\\\/#organization\"},\"alternateName\":\"Viskas J\u016bs\u0173 \u0161uns, kat\u0117s prie\u017ei\u016brai\",\"potentialAction\":[{\"@type\":\"SearchAction\",\"target\":{\"@type\":\"EntryPoint\",\"urlTemplate\":\"https:\\\/\\\/anivet.lt\\\/elparduotuve\\\/?s={search_term_string}\"},\"query-input\":{\"@type\":\"PropertyValueSpecification\",\"valueRequired\":true,\"valueName\":\"search_term_string\"}}],\"inLanguage\":\"lt-LT\"},{\"@type\":\"Organization\",\"@id\":\"https:\\\/\\\/anivet.lt\\\/elparduotuve\\\/#organization\",\"name\":\"Viskas J\u016bs\u0173 \u0161uns, kat\u0117s prie\u017ei\u016brai\",\"url\":\"https:\\\/\\\/anivet.lt\\\/elparduotuve\\\/\",\"logo\":{\"@type\":\"ImageObject\",\"inLanguage\":\"lt-LT\",\"@id\":\"https:\\\/\\\/anivet.lt\\\/elparduotuve\\\/#\\\/schema\\\/logo\\\/image\\\/\",\"url\":\"https:\\\/\\\/anivet.lt\\\/elparduotuve\\\/wp-content\\\/uploads\\\/2023\\\/06\\\/logo2.jpg\",\"contentUrl\":\"https:\\\/\\\/anivet.lt\\\/elparduotuve\\\/wp-content\\\/uploads\\\/2023\\\/06\\\/logo2.jpg\",\"width\":655,\"height\":194,\"caption\":\"Viskas J\u016bs\u0173 \u0161uns, kat\u0117s prie\u017ei\u016brai\"},\"image\":{\"@id\":\"https:\\\/\\\/anivet.lt\\\/elparduotuve\\\/#\\\/schema\\\/logo\\\/image\\\/\"}}]}<\/script>\n<!-- \/ Yoast SEO Premium plugin. -->","yoast_head_json":{"title":"\u201eBelaCLEAN\u201d levand\u0173 kvapo ka\u010di\u0173 kraikas10L\/8kg - anivet.lt","description":"Premium kokyb\u0117s, 100% baltojo bentonito ka\u010di\u0173 kraikas, puikiai sugeriantis dr\u0117gm\u0119 ir neutralizuojantis nemalonius kvapus. Skirtas \u012fvairaus am\u017eiaus ir","robots":{"index":"index","follow":"follow","max-snippet":"max-snippet:-1","max-image-preview":"max-image-preview:large","max-video-preview":"max-video-preview:-1"},"canonical":"https:\/\/anivet.lt\/elparduotuve\/produktas\/belaclean-levandu-kvapo-kaciu-kraikas10l-8kg\/","og_locale":"lt_LT","og_type":"article","og_title":"\u201eBelaCLEAN\u201d levand\u0173 kvapo ka\u010di\u0173 kraikas10L\/8kg","og_description":"Premium kokyb\u0117s, 100% baltojo bentonito ka\u010di\u0173 kraikas, puikiai sugeriantis dr\u0117gm\u0119 ir neutralizuojantis nemalonius kvapus. Skirtas \u012fvairaus am\u017eiaus ir","og_url":"https:\/\/anivet.lt\/elparduotuve\/produktas\/belaclean-levandu-kvapo-kaciu-kraikas10l-8kg\/","og_site_name":"anivet.lt","article_modified_time":"2025-05-27T13:29:07+00:00","og_image":[{"width":400,"height":576,"url":"https:\/\/anivet.lt\/elparduotuve\/wp-content\/uploads\/2024\/10\/naujas.jpg","type":"image\/jpeg"}],"twitter_card":"summary_large_image","twitter_misc":{"Est. reading time":"1 minut\u0117"},"schema":{"@context":"https:\/\/schema.org","@graph":[{"@type":"WebPage","@id":"https:\/\/anivet.lt\/elparduotuve\/produktas\/belaclean-levandu-kvapo-kaciu-kraikas10l-8kg\/","url":"https:\/\/anivet.lt\/elparduotuve\/produktas\/belaclean-levandu-kvapo-kaciu-kraikas10l-8kg\/","name":"\u201eBelaCLEAN\u201d levand\u0173 kvapo ka\u010di\u0173 kraikas10L\/8kg - anivet.lt","isPartOf":{"@id":"https:\/\/anivet.lt\/elparduotuve\/#website"},"primaryImageOfPage":{"@id":"https:\/\/anivet.lt\/elparduotuve\/produktas\/belaclean-levandu-kvapo-kaciu-kraikas10l-8kg\/#primaryimage"},"image":{"@id":"https:\/\/anivet.lt\/elparduotuve\/produktas\/belaclean-levandu-kvapo-kaciu-kraikas10l-8kg\/#primaryimage"},"thumbnailUrl":"https:\/\/anivet.lt\/elparduotuve\/wp-content\/uploads\/2024\/10\/naujas.jpg","datePublished":"2024-10-14T12:23:43+00:00","dateModified":"2025-05-27T13:29:07+00:00","description":"Premium kokyb\u0117s, 100% baltojo bentonito ka\u010di\u0173 kraikas, puikiai sugeriantis dr\u0117gm\u0119 ir neutralizuojantis nemalonius kvapus. Skirtas \u012fvairaus am\u017eiaus ir","breadcrumb":{"@id":"https:\/\/anivet.lt\/elparduotuve\/produktas\/belaclean-levandu-kvapo-kaciu-kraikas10l-8kg\/#breadcrumb"},"inLanguage":"lt-LT","potentialAction":[{"@type":"ReadAction","target":["https:\/\/anivet.lt\/elparduotuve\/produktas\/belaclean-levandu-kvapo-kaciu-kraikas10l-8kg\/"]}]},{"@type":"ImageObject","inLanguage":"lt-LT","@id":"https:\/\/anivet.lt\/elparduotuve\/produktas\/belaclean-levandu-kvapo-kaciu-kraikas10l-8kg\/#primaryimage","url":"https:\/\/anivet.lt\/elparduotuve\/wp-content\/uploads\/2024\/10\/naujas.jpg","contentUrl":"https:\/\/anivet.lt\/elparduotuve\/wp-content\/uploads\/2024\/10\/naujas.jpg","width":400,"height":576,"caption":"\u201eBelaCLEAN\u201d levand\u0173 kvapo ka\u010di\u0173 kraikas10L\/8kg"},{"@type":"BreadcrumbList","@id":"https:\/\/anivet.lt\/elparduotuve\/produktas\/belaclean-levandu-kvapo-kaciu-kraikas10l-8kg\/#breadcrumb","itemListElement":[{"@type":"ListItem","position":1,"name":"Home","item":"https:\/\/anivet.lt\/elparduotuve\/"},{"@type":"ListItem","position":2,"name":"Produktai","item":"https:\/\/anivet.lt\/elparduotuve\/produktai\/"},{"@type":"ListItem","position":3,"name":"\u201eBelaCLEAN\u201d levand\u0173 kvapo ka\u010di\u0173 kraikas10L\/8kg"}]},{"@type":"WebSite","@id":"https:\/\/anivet.lt\/elparduotuve\/#website","url":"https:\/\/anivet.lt\/elparduotuve\/","name":"anivet.lt","description":"Viskas J\u016bs\u0173 \u0161uns, kat\u0117s prie\u017ei\u016brai","publisher":{"@id":"https:\/\/anivet.lt\/elparduotuve\/#organization"},"alternateName":"Viskas J\u016bs\u0173 \u0161uns, kat\u0117s prie\u017ei\u016brai","potentialAction":[{"@type":"SearchAction","target":{"@type":"EntryPoint","urlTemplate":"https:\/\/anivet.lt\/elparduotuve\/?s={search_term_string}"},"query-input":{"@type":"PropertyValueSpecification","valueRequired":true,"valueName":"search_term_string"}}],"inLanguage":"lt-LT"},{"@type":"Organization","@id":"https:\/\/anivet.lt\/elparduotuve\/#organization","name":"Viskas J\u016bs\u0173 \u0161uns, kat\u0117s prie\u017ei\u016brai","url":"https:\/\/anivet.lt\/elparduotuve\/","logo":{"@type":"ImageObject","inLanguage":"lt-LT","@id":"https:\/\/anivet.lt\/elparduotuve\/#\/schema\/logo\/image\/","url":"https:\/\/anivet.lt\/elparduotuve\/wp-content\/uploads\/2023\/06\/logo2.jpg","contentUrl":"https:\/\/anivet.lt\/elparduotuve\/wp-content\/uploads\/2023\/06\/logo2.jpg","width":655,"height":194,"caption":"Viskas J\u016bs\u0173 \u0161uns, kat\u0117s prie\u017ei\u016brai"},"image":{"@id":"https:\/\/anivet.lt\/elparduotuve\/#\/schema\/logo\/image\/"}}]}},"_links":{"self":[{"href":"https:\/\/anivet.lt\/elparduotuve\/wp-json\/wp\/v2\/product\/14663","targetHints":{"allow":["GET"]}}],"collection":[{"href":"https:\/\/anivet.lt\/elparduotuve\/wp-json\/wp\/v2\/product"}],"about":[{"href":"https:\/\/anivet.lt\/elparduotuve\/wp-json\/wp\/v2\/types\/product"}],"wp:featuredmedia":[{"embeddable":true,"href":"https:\/\/anivet.lt\/elparduotuve\/wp-json\/wp\/v2\/media\/14664"}],"wp:attachment":[{"href":"https:\/\/anivet.lt\/elparduotuve\/wp-json\/wp\/v2\/media?parent=14663"}],"wp:term":[{"taxonomy":"product_brand","embeddable":true,"href":"https:\/\/anivet.lt\/elparduotuve\/wp-json\/wp\/v2\/product_brand?post=14663"},{"taxonomy":"product_cat","embeddable":true,"href":"https:\/\/anivet.lt\/elparduotuve\/wp-json\/wp\/v2\/product_cat?post=14663"},{"taxonomy":"product_tag","embeddable":true,"href":"https:\/\/anivet.lt\/elparduotuve\/wp-json\/wp\/v2\/product_tag?post=14663"}],"curies":[{"name":"wp","href":"https:\/\/api.w.org\/{rel}","templated":true}]}}