{"id":14669,"date":"2024-10-14T14:34:26","date_gmt":"2024-10-14T14:34:26","guid":{"rendered":"https:\/\/anivet.lt\/elparduotuve\/?post_type=product&#038;p=14669"},"modified":"2026-02-23T11:37:50","modified_gmt":"2026-02-23T11:37:50","slug":"original-adult-cat-suaugusioms-katems-vistiena","status":"publish","type":"product","link":"https:\/\/anivet.lt\/elparduotuve\/produktas\/original-adult-cat-suaugusioms-katems-vistiena\/","title":{"rendered":"Nature&#8217;s Variety Healthy Grain Adult Cat suaugusioms kat\u0117ms (vi\u0161tiena)"},"content":{"rendered":"<ul>\n<li style=\"font-weight: 400;\" aria-level=\"1\"><span style=\"font-weight: 400;\">Auk\u0161tos kokyb\u0117s baltymai: I\u0161kaulinta vi\u0161tienos m\u0117sa (21%) ir d\u017eiovinti vi\u0161tienos baltymai (20%) suteikia b\u016btinas aminor\u016bg\u0161tis raumen\u0173 sveikatai ir energijai.<\/span><\/li>\n<li style=\"font-weight: 400;\" aria-level=\"1\"><span style=\"font-weight: 400;\">Nat\u016bral\u016bs ingredientai: Sud\u0117tyje esantys rudieji ry\u017eiai, \u017eirniai, morkos ir obuoliai praturtina pa\u0161ar\u0105 nat\u016braliais vitaminais bei skaidulomis.<\/span><\/li>\n<li style=\"font-weight: 400;\" aria-level=\"1\"><span style=\"font-weight: 400;\">Sveikas vir\u0161kinimas: Avi\u017eos ir burok\u0117li\u0173 mink\u0161timas padeda palaikyti sveik\u0105 vir\u0161kinimo sistem\u0105.<\/span><\/li>\n<li style=\"font-weight: 400;\" aria-level=\"1\"><span style=\"font-weight: 400;\">Odos ir kailio prie\u017ei\u016bra: Omega-3 ir Omega-6 riebiosios r\u016bg\u0161tys prisideda prie sveikos odos ir blizgaus kailio.<\/span><\/li>\n<li style=\"font-weight: 400;\" aria-level=\"1\"><span style=\"font-weight: 400;\">Optimalus vitamin\u0173 ir mineral\u0173 balansas: Vitaminai A, D3, E ir taurinas palaiko bendr\u0105 sveikat\u0105 ir ger\u0105 savijaut\u0105.<\/span><\/li>\n<\/ul>\n<p><span style=\"font-weight: 400;\">\u0160is gardus ir maistingas pa\u0161aras yra puikus pasirinkimas j\u016bs\u0173 kat\u0117s kasdieniam maitinimui. Jis atitinka visus suaugusi\u0173 ka\u010di\u0173 mitybos poreikius ir u\u017etikrina puiki\u0105 sveikat\u0105 bei energij\u0105.<\/span><\/p>\n","protected":false},"excerpt":{"rendered":"<p><span style=\"font-weight: 400;\">Visavertis ir pilnai subalansuotas pa\u0161aras suaugusioms kat\u0117ms. Pa\u0161aras, kuriame pagrindinis ingredientas yra i\u0161kaulinta vi\u0161tiena, praturtintas vaisiais ir dar\u017eov\u0117mis, u\u017etikrina visavert\u0119 mityb\u0105 ir gard\u0173 skon\u012f.<\/span><\/p>\n","protected":false},"featured_media":16664,"template":"","meta":[],"product_brand":[],"product_cat":[114,115,102,344],"product_tag":[],"class_list":{"0":"post-14669","1":"product","2":"type-product","3":"status-publish","4":"has-post-thumbnail","6":"product_cat-kaciu-maistas","7":"product_cat-sausas-maistas-ir-skanestai-katems","8":"product_cat-katems","9":"product_cat-natures-variety-kaciu-maistas","10":"pa_prekinis-zenklas-natures-variety","12":"first","13":"instock","14":"taxable","15":"shipping-taxable","16":"purchasable","17":"product-type-variable"},"yoast_head":"<!-- This site is optimized with the Yoast SEO Premium plugin v27.1 (Yoast SEO v27.5) - https:\/\/yoast.com\/product\/yoast-seo-premium-wordpress\/ -->\n<title>Nature&#039;s Variety Healthy Grain Adult Cat suaugusioms kat\u0117ms (vi\u0161tiena) - anivet.lt<\/title>\n<meta name=\"description\" content=\"Visavertis ir pilnai subalansuotas pa\u0161aras suaugusioms kat\u0117ms. Pa\u0161aras, kuriame pagrindinis ingredientas yra i\u0161kaulinta vi\u0161tiena, praturtintas vaisiais ir dar\u017eov\u0117mis, u\u017etikrina visavert\u0119 mityb\u0105 ir gard\u0173 skon\u012f.\" \/>\n<meta name=\"robots\" content=\"index, follow, max-snippet:-1, max-image-preview:large, max-video-preview:-1\" \/>\n<link rel=\"canonical\" href=\"https:\/\/anivet.lt\/elparduotuve\/produktas\/original-adult-cat-suaugusioms-katems-vistiena\/\" \/>\n<meta property=\"og:locale\" content=\"lt_LT\" \/>\n<meta property=\"og:type\" content=\"article\" \/>\n<meta property=\"og:title\" content=\"Nature&#039;s Variety Healthy Grain Adult Cat suaugusioms kat\u0117ms (vi\u0161tiena)\" \/>\n<meta property=\"og:description\" content=\"Visavertis ir pilnai subalansuotas pa\u0161aras suaugusioms kat\u0117ms. Pa\u0161aras, kuriame pagrindinis ingredientas yra i\u0161kaulinta vi\u0161tiena, praturtintas vaisiais ir dar\u017eov\u0117mis, u\u017etikrina visavert\u0119 mityb\u0105 ir gard\u0173 skon\u012f.\" \/>\n<meta property=\"og:url\" content=\"https:\/\/anivet.lt\/elparduotuve\/produktas\/original-adult-cat-suaugusioms-katems-vistiena\/\" \/>\n<meta property=\"og:site_name\" content=\"anivet.lt\" \/>\n<meta property=\"article:modified_time\" content=\"2026-02-23T11:37:50+00:00\" \/>\n<meta property=\"og:image\" content=\"https:\/\/anivet.lt\/elparduotuve\/wp-content\/uploads\/2024\/10\/Healthy-Grain-Adult-cat-chicken.jpg\" \/>\n\t<meta property=\"og:image:width\" content=\"1024\" \/>\n\t<meta property=\"og:image:height\" content=\"1024\" \/>\n\t<meta property=\"og:image:type\" content=\"image\/jpeg\" \/>\n<meta name=\"twitter:card\" content=\"summary_large_image\" \/>\n<meta name=\"twitter:label1\" content=\"Est. reading time\" \/>\n\t<meta name=\"twitter:data1\" content=\"1 minut\u0117\" \/>\n<script type=\"application\/ld+json\" class=\"yoast-schema-graph\">{\"@context\":\"https:\\\/\\\/schema.org\",\"@graph\":[{\"@type\":\"WebPage\",\"@id\":\"https:\\\/\\\/anivet.lt\\\/elparduotuve\\\/produktas\\\/original-adult-cat-suaugusioms-katems-vistiena\\\/\",\"url\":\"https:\\\/\\\/anivet.lt\\\/elparduotuve\\\/produktas\\\/original-adult-cat-suaugusioms-katems-vistiena\\\/\",\"name\":\"Nature's Variety Healthy Grain Adult Cat suaugusioms kat\u0117ms (vi\u0161tiena) - anivet.lt\",\"isPartOf\":{\"@id\":\"https:\\\/\\\/anivet.lt\\\/elparduotuve\\\/#website\"},\"primaryImageOfPage\":{\"@id\":\"https:\\\/\\\/anivet.lt\\\/elparduotuve\\\/produktas\\\/original-adult-cat-suaugusioms-katems-vistiena\\\/#primaryimage\"},\"image\":{\"@id\":\"https:\\\/\\\/anivet.lt\\\/elparduotuve\\\/produktas\\\/original-adult-cat-suaugusioms-katems-vistiena\\\/#primaryimage\"},\"thumbnailUrl\":\"https:\\\/\\\/anivet.lt\\\/elparduotuve\\\/wp-content\\\/uploads\\\/2024\\\/10\\\/Healthy-Grain-Adult-cat-chicken.jpg\",\"datePublished\":\"2024-10-14T14:34:26+00:00\",\"dateModified\":\"2026-02-23T11:37:50+00:00\",\"description\":\"Visavertis ir pilnai subalansuotas pa\u0161aras suaugusioms kat\u0117ms. Pa\u0161aras, kuriame pagrindinis ingredientas yra i\u0161kaulinta vi\u0161tiena, praturtintas vaisiais ir dar\u017eov\u0117mis, u\u017etikrina visavert\u0119 mityb\u0105 ir gard\u0173 skon\u012f.\",\"breadcrumb\":{\"@id\":\"https:\\\/\\\/anivet.lt\\\/elparduotuve\\\/produktas\\\/original-adult-cat-suaugusioms-katems-vistiena\\\/#breadcrumb\"},\"inLanguage\":\"lt-LT\",\"potentialAction\":[{\"@type\":\"ReadAction\",\"target\":[\"https:\\\/\\\/anivet.lt\\\/elparduotuve\\\/produktas\\\/original-adult-cat-suaugusioms-katems-vistiena\\\/\"]}]},{\"@type\":\"ImageObject\",\"inLanguage\":\"lt-LT\",\"@id\":\"https:\\\/\\\/anivet.lt\\\/elparduotuve\\\/produktas\\\/original-adult-cat-suaugusioms-katems-vistiena\\\/#primaryimage\",\"url\":\"https:\\\/\\\/anivet.lt\\\/elparduotuve\\\/wp-content\\\/uploads\\\/2024\\\/10\\\/Healthy-Grain-Adult-cat-chicken.jpg\",\"contentUrl\":\"https:\\\/\\\/anivet.lt\\\/elparduotuve\\\/wp-content\\\/uploads\\\/2024\\\/10\\\/Healthy-Grain-Adult-cat-chicken.jpg\",\"width\":1024,\"height\":1024,\"caption\":\"Nature's Variety Healthy Grain Adult Cat suaugusioms kat\u0117ms (vi\u0161tiena)\"},{\"@type\":\"BreadcrumbList\",\"@id\":\"https:\\\/\\\/anivet.lt\\\/elparduotuve\\\/produktas\\\/original-adult-cat-suaugusioms-katems-vistiena\\\/#breadcrumb\",\"itemListElement\":[{\"@type\":\"ListItem\",\"position\":1,\"name\":\"Home\",\"item\":\"https:\\\/\\\/anivet.lt\\\/elparduotuve\\\/\"},{\"@type\":\"ListItem\",\"position\":2,\"name\":\"Produktai\",\"item\":\"https:\\\/\\\/anivet.lt\\\/elparduotuve\\\/produktai\\\/\"},{\"@type\":\"ListItem\",\"position\":3,\"name\":\"Nature&#8217;s Variety Healthy Grain Adult Cat suaugusioms kat\u0117ms (vi\u0161tiena)\"}]},{\"@type\":\"WebSite\",\"@id\":\"https:\\\/\\\/anivet.lt\\\/elparduotuve\\\/#website\",\"url\":\"https:\\\/\\\/anivet.lt\\\/elparduotuve\\\/\",\"name\":\"anivet.lt\",\"description\":\"Viskas J\u016bs\u0173 \u0161uns, kat\u0117s prie\u017ei\u016brai\",\"publisher\":{\"@id\":\"https:\\\/\\\/anivet.lt\\\/elparduotuve\\\/#organization\"},\"alternateName\":\"Viskas J\u016bs\u0173 \u0161uns, kat\u0117s prie\u017ei\u016brai\",\"potentialAction\":[{\"@type\":\"SearchAction\",\"target\":{\"@type\":\"EntryPoint\",\"urlTemplate\":\"https:\\\/\\\/anivet.lt\\\/elparduotuve\\\/?s={search_term_string}\"},\"query-input\":{\"@type\":\"PropertyValueSpecification\",\"valueRequired\":true,\"valueName\":\"search_term_string\"}}],\"inLanguage\":\"lt-LT\"},{\"@type\":\"Organization\",\"@id\":\"https:\\\/\\\/anivet.lt\\\/elparduotuve\\\/#organization\",\"name\":\"Viskas J\u016bs\u0173 \u0161uns, kat\u0117s prie\u017ei\u016brai\",\"url\":\"https:\\\/\\\/anivet.lt\\\/elparduotuve\\\/\",\"logo\":{\"@type\":\"ImageObject\",\"inLanguage\":\"lt-LT\",\"@id\":\"https:\\\/\\\/anivet.lt\\\/elparduotuve\\\/#\\\/schema\\\/logo\\\/image\\\/\",\"url\":\"https:\\\/\\\/anivet.lt\\\/elparduotuve\\\/wp-content\\\/uploads\\\/2023\\\/06\\\/logo2.jpg\",\"contentUrl\":\"https:\\\/\\\/anivet.lt\\\/elparduotuve\\\/wp-content\\\/uploads\\\/2023\\\/06\\\/logo2.jpg\",\"width\":655,\"height\":194,\"caption\":\"Viskas J\u016bs\u0173 \u0161uns, kat\u0117s prie\u017ei\u016brai\"},\"image\":{\"@id\":\"https:\\\/\\\/anivet.lt\\\/elparduotuve\\\/#\\\/schema\\\/logo\\\/image\\\/\"}}]}<\/script>\n<!-- \/ Yoast SEO Premium plugin. -->","yoast_head_json":{"title":"Nature's Variety Healthy Grain Adult Cat suaugusioms kat\u0117ms (vi\u0161tiena) - anivet.lt","description":"Visavertis ir pilnai subalansuotas pa\u0161aras suaugusioms kat\u0117ms. Pa\u0161aras, kuriame pagrindinis ingredientas yra i\u0161kaulinta vi\u0161tiena, praturtintas vaisiais ir dar\u017eov\u0117mis, u\u017etikrina visavert\u0119 mityb\u0105 ir gard\u0173 skon\u012f.","robots":{"index":"index","follow":"follow","max-snippet":"max-snippet:-1","max-image-preview":"max-image-preview:large","max-video-preview":"max-video-preview:-1"},"canonical":"https:\/\/anivet.lt\/elparduotuve\/produktas\/original-adult-cat-suaugusioms-katems-vistiena\/","og_locale":"lt_LT","og_type":"article","og_title":"Nature's Variety Healthy Grain Adult Cat suaugusioms kat\u0117ms (vi\u0161tiena)","og_description":"Visavertis ir pilnai subalansuotas pa\u0161aras suaugusioms kat\u0117ms. Pa\u0161aras, kuriame pagrindinis ingredientas yra i\u0161kaulinta vi\u0161tiena, praturtintas vaisiais ir dar\u017eov\u0117mis, u\u017etikrina visavert\u0119 mityb\u0105 ir gard\u0173 skon\u012f.","og_url":"https:\/\/anivet.lt\/elparduotuve\/produktas\/original-adult-cat-suaugusioms-katems-vistiena\/","og_site_name":"anivet.lt","article_modified_time":"2026-02-23T11:37:50+00:00","og_image":[{"width":1024,"height":1024,"url":"https:\/\/anivet.lt\/elparduotuve\/wp-content\/uploads\/2024\/10\/Healthy-Grain-Adult-cat-chicken.jpg","type":"image\/jpeg"}],"twitter_card":"summary_large_image","twitter_misc":{"Est. reading time":"1 minut\u0117"},"schema":{"@context":"https:\/\/schema.org","@graph":[{"@type":"WebPage","@id":"https:\/\/anivet.lt\/elparduotuve\/produktas\/original-adult-cat-suaugusioms-katems-vistiena\/","url":"https:\/\/anivet.lt\/elparduotuve\/produktas\/original-adult-cat-suaugusioms-katems-vistiena\/","name":"Nature's Variety Healthy Grain Adult Cat suaugusioms kat\u0117ms (vi\u0161tiena) - anivet.lt","isPartOf":{"@id":"https:\/\/anivet.lt\/elparduotuve\/#website"},"primaryImageOfPage":{"@id":"https:\/\/anivet.lt\/elparduotuve\/produktas\/original-adult-cat-suaugusioms-katems-vistiena\/#primaryimage"},"image":{"@id":"https:\/\/anivet.lt\/elparduotuve\/produktas\/original-adult-cat-suaugusioms-katems-vistiena\/#primaryimage"},"thumbnailUrl":"https:\/\/anivet.lt\/elparduotuve\/wp-content\/uploads\/2024\/10\/Healthy-Grain-Adult-cat-chicken.jpg","datePublished":"2024-10-14T14:34:26+00:00","dateModified":"2026-02-23T11:37:50+00:00","description":"Visavertis ir pilnai subalansuotas pa\u0161aras suaugusioms kat\u0117ms. Pa\u0161aras, kuriame pagrindinis ingredientas yra i\u0161kaulinta vi\u0161tiena, praturtintas vaisiais ir dar\u017eov\u0117mis, u\u017etikrina visavert\u0119 mityb\u0105 ir gard\u0173 skon\u012f.","breadcrumb":{"@id":"https:\/\/anivet.lt\/elparduotuve\/produktas\/original-adult-cat-suaugusioms-katems-vistiena\/#breadcrumb"},"inLanguage":"lt-LT","potentialAction":[{"@type":"ReadAction","target":["https:\/\/anivet.lt\/elparduotuve\/produktas\/original-adult-cat-suaugusioms-katems-vistiena\/"]}]},{"@type":"ImageObject","inLanguage":"lt-LT","@id":"https:\/\/anivet.lt\/elparduotuve\/produktas\/original-adult-cat-suaugusioms-katems-vistiena\/#primaryimage","url":"https:\/\/anivet.lt\/elparduotuve\/wp-content\/uploads\/2024\/10\/Healthy-Grain-Adult-cat-chicken.jpg","contentUrl":"https:\/\/anivet.lt\/elparduotuve\/wp-content\/uploads\/2024\/10\/Healthy-Grain-Adult-cat-chicken.jpg","width":1024,"height":1024,"caption":"Nature's Variety Healthy Grain Adult Cat suaugusioms kat\u0117ms (vi\u0161tiena)"},{"@type":"BreadcrumbList","@id":"https:\/\/anivet.lt\/elparduotuve\/produktas\/original-adult-cat-suaugusioms-katems-vistiena\/#breadcrumb","itemListElement":[{"@type":"ListItem","position":1,"name":"Home","item":"https:\/\/anivet.lt\/elparduotuve\/"},{"@type":"ListItem","position":2,"name":"Produktai","item":"https:\/\/anivet.lt\/elparduotuve\/produktai\/"},{"@type":"ListItem","position":3,"name":"Nature&#8217;s Variety Healthy Grain Adult Cat suaugusioms kat\u0117ms (vi\u0161tiena)"}]},{"@type":"WebSite","@id":"https:\/\/anivet.lt\/elparduotuve\/#website","url":"https:\/\/anivet.lt\/elparduotuve\/","name":"anivet.lt","description":"Viskas J\u016bs\u0173 \u0161uns, kat\u0117s prie\u017ei\u016brai","publisher":{"@id":"https:\/\/anivet.lt\/elparduotuve\/#organization"},"alternateName":"Viskas J\u016bs\u0173 \u0161uns, kat\u0117s prie\u017ei\u016brai","potentialAction":[{"@type":"SearchAction","target":{"@type":"EntryPoint","urlTemplate":"https:\/\/anivet.lt\/elparduotuve\/?s={search_term_string}"},"query-input":{"@type":"PropertyValueSpecification","valueRequired":true,"valueName":"search_term_string"}}],"inLanguage":"lt-LT"},{"@type":"Organization","@id":"https:\/\/anivet.lt\/elparduotuve\/#organization","name":"Viskas J\u016bs\u0173 \u0161uns, kat\u0117s prie\u017ei\u016brai","url":"https:\/\/anivet.lt\/elparduotuve\/","logo":{"@type":"ImageObject","inLanguage":"lt-LT","@id":"https:\/\/anivet.lt\/elparduotuve\/#\/schema\/logo\/image\/","url":"https:\/\/anivet.lt\/elparduotuve\/wp-content\/uploads\/2023\/06\/logo2.jpg","contentUrl":"https:\/\/anivet.lt\/elparduotuve\/wp-content\/uploads\/2023\/06\/logo2.jpg","width":655,"height":194,"caption":"Viskas J\u016bs\u0173 \u0161uns, kat\u0117s prie\u017ei\u016brai"},"image":{"@id":"https:\/\/anivet.lt\/elparduotuve\/#\/schema\/logo\/image\/"}}]}},"_links":{"self":[{"href":"https:\/\/anivet.lt\/elparduotuve\/wp-json\/wp\/v2\/product\/14669","targetHints":{"allow":["GET"]}}],"collection":[{"href":"https:\/\/anivet.lt\/elparduotuve\/wp-json\/wp\/v2\/product"}],"about":[{"href":"https:\/\/anivet.lt\/elparduotuve\/wp-json\/wp\/v2\/types\/product"}],"wp:featuredmedia":[{"embeddable":true,"href":"https:\/\/anivet.lt\/elparduotuve\/wp-json\/wp\/v2\/media\/16664"}],"wp:attachment":[{"href":"https:\/\/anivet.lt\/elparduotuve\/wp-json\/wp\/v2\/media?parent=14669"}],"wp:term":[{"taxonomy":"product_brand","embeddable":true,"href":"https:\/\/anivet.lt\/elparduotuve\/wp-json\/wp\/v2\/product_brand?post=14669"},{"taxonomy":"product_cat","embeddable":true,"href":"https:\/\/anivet.lt\/elparduotuve\/wp-json\/wp\/v2\/product_cat?post=14669"},{"taxonomy":"product_tag","embeddable":true,"href":"https:\/\/anivet.lt\/elparduotuve\/wp-json\/wp\/v2\/product_tag?post=14669"}],"curies":[{"name":"wp","href":"https:\/\/api.w.org\/{rel}","templated":true}]}}