{"id":14679,"date":"2024-10-14T18:11:47","date_gmt":"2024-10-14T18:11:47","guid":{"rendered":"https:\/\/anivet.lt\/elparduotuve\/?post_type=product&#038;p=14679"},"modified":"2025-07-08T21:04:19","modified_gmt":"2025-07-08T21:04:19","slug":"wet-original-cat-konservai-70g-jautiena-vistiena","status":"publish","type":"product","link":"https:\/\/anivet.lt\/elparduotuve\/produktas\/wet-original-cat-konservai-70g-jautiena-vistiena\/","title":{"rendered":"Nature&#8217;s Variety Wet Original Cat konservai 70g (jautiena, vi\u0161tiena)"},"content":{"rendered":"<ul>\n<li style=\"font-weight: 400;\" aria-level=\"1\"><span style=\"font-weight: 400;\">Be gr\u016bd\u0173: Sud\u0117tyje n\u0117ra gr\u016bd\u0173 ar glitimo, tod\u0117l konservai tinka jautrioms kat\u0117ms.<\/span><\/li>\n<li style=\"font-weight: 400;\" aria-level=\"1\"><span style=\"font-weight: 400;\">Virta garuose: \u0160velnus gamybos procesas i\u0161laiko nat\u016bral\u0173 skon\u012f ir maistin\u0119 vert\u0119.<\/span><\/li>\n<li style=\"font-weight: 400;\" aria-level=\"1\"><span style=\"font-weight: 400;\">Nat\u016brali sud\u0117tis: Pagaminta i\u0161 70% jautienos ir vi\u0161tienos, naudojant tik nat\u016bralius ingredientus.<\/span><\/li>\n<li style=\"font-weight: 400;\" aria-level=\"1\"><span style=\"font-weight: 400;\">Be dirbtini\u0173 pried\u0173: N\u0117ra dirbtini\u0173 da\u017eikli\u0173, kvapi\u0173j\u0173 med\u017eiag\u0173 ar konservant\u0173.<\/span><\/li>\n<li style=\"font-weight: 400;\" aria-level=\"1\"><span style=\"font-weight: 400;\">Praturtinti svarbiais priedais: Sud\u0117tyje yra taurino, vitamino D3 ir E, kurie u\u017etikrina \u0161irdies sveikat\u0105, stipr\u0173 imunitet\u0105 ir puiki\u0105 savijaut\u0105.<\/span><\/li>\n<\/ul>\n<p><span style=\"font-weight: 400;\">\u0160ie konservai puikiai tinka kasdienei j\u016bs\u0173 kat\u0117s mitybai, suteikiant visk\u0105, ko reikia jos sveikam ir aktyviam gyvenimui. Subalansuotas ir nat\u016bralus pasirinkimas, u\u017etikrinantis gard\u0173 skon\u012f ir visavert\u0119 mityb\u0105.<\/span><\/p>\n","protected":false},"excerpt":{"rendered":"<p><span style=\"font-weight: 400;\">Nat\u016bralaus skonio ir maistingumo derinys, skirtas suaugusioms kat\u0117ms. Auk\u0161tos kokyb\u0117s jautiena ir vi\u0161tiena u\u017etikrina gard\u0173 skon\u012f bei subalansuot\u0105 mityb\u0105, o nat\u016bral\u016bs ingredientai tinka net jautrioms kat\u0117ms.<\/span><\/p>\n","protected":false},"featured_media":14680,"template":"","meta":[],"product_brand":[],"product_cat":[114,102,116,344],"product_tag":[],"class_list":{"0":"post-14679","1":"product","2":"type-product","3":"status-publish","4":"has-post-thumbnail","6":"product_cat-kaciu-maistas","7":"product_cat-katems","8":"product_cat-konservai-katems","9":"product_cat-natures-variety-kaciu-maistas","10":"pa_prekinis-zenklas-natures-variety","12":"first","13":"instock","14":"taxable","15":"shipping-taxable","16":"purchasable","17":"product-type-simple"},"yoast_head":"<!-- This site is optimized with the Yoast SEO Premium plugin v27.1 (Yoast SEO v27.5) - https:\/\/yoast.com\/product\/yoast-seo-premium-wordpress\/ -->\n<title>Nature&#039;s Variety Wet Original Cat konservai 70g (jautiena, vi\u0161tiena) - anivet.lt<\/title>\n<meta name=\"description\" content=\"Nat\u016bralaus skonio ir maistingumo derinys, skirtas suaugusioms kat\u0117ms. Auk\u0161tos kokyb\u0117s jautiena ir vi\u0161tiena u\u017etikrina gard\u0173 skon\u012f bei subalansuot\u0105 mityb\u0105, o nat\u016bral\u016bs ingredientai tinka net jautrioms kat\u0117ms.\" \/>\n<meta name=\"robots\" content=\"index, follow, max-snippet:-1, max-image-preview:large, max-video-preview:-1\" \/>\n<link rel=\"canonical\" href=\"https:\/\/anivet.lt\/elparduotuve\/produktas\/wet-original-cat-konservai-70g-jautiena-vistiena\/\" \/>\n<meta property=\"og:locale\" content=\"lt_LT\" \/>\n<meta property=\"og:type\" content=\"article\" \/>\n<meta property=\"og:title\" content=\"Nature&#039;s Variety Wet Original Cat konservai 70g (jautiena, vi\u0161tiena)\" \/>\n<meta property=\"og:description\" content=\"Nat\u016bralaus skonio ir maistingumo derinys, skirtas suaugusioms kat\u0117ms. Auk\u0161tos kokyb\u0117s jautiena ir vi\u0161tiena u\u017etikrina gard\u0173 skon\u012f bei subalansuot\u0105 mityb\u0105, o nat\u016bral\u016bs ingredientai tinka net jautrioms kat\u0117ms.\" \/>\n<meta property=\"og:url\" content=\"https:\/\/anivet.lt\/elparduotuve\/produktas\/wet-original-cat-konservai-70g-jautiena-vistiena\/\" \/>\n<meta property=\"og:site_name\" content=\"anivet.lt\" \/>\n<meta property=\"article:modified_time\" content=\"2025-07-08T21:04:19+00:00\" \/>\n<meta property=\"og:image\" content=\"https:\/\/anivet.lt\/elparduotuve\/wp-content\/uploads\/2024\/10\/Wet-Original-Cat-konservai-70g-jautiena-vistiena-.png\" \/>\n\t<meta property=\"og:image:width\" content=\"350\" \/>\n\t<meta property=\"og:image:height\" content=\"440\" \/>\n\t<meta property=\"og:image:type\" content=\"image\/png\" \/>\n<meta name=\"twitter:card\" content=\"summary_large_image\" \/>\n<meta name=\"twitter:label1\" content=\"Est. reading time\" \/>\n\t<meta name=\"twitter:data1\" content=\"1 minut\u0117\" \/>\n<script type=\"application\/ld+json\" class=\"yoast-schema-graph\">{\"@context\":\"https:\\\/\\\/schema.org\",\"@graph\":[{\"@type\":\"WebPage\",\"@id\":\"https:\\\/\\\/anivet.lt\\\/elparduotuve\\\/produktas\\\/wet-original-cat-konservai-70g-jautiena-vistiena\\\/\",\"url\":\"https:\\\/\\\/anivet.lt\\\/elparduotuve\\\/produktas\\\/wet-original-cat-konservai-70g-jautiena-vistiena\\\/\",\"name\":\"Nature's Variety Wet Original Cat konservai 70g (jautiena, vi\u0161tiena) - anivet.lt\",\"isPartOf\":{\"@id\":\"https:\\\/\\\/anivet.lt\\\/elparduotuve\\\/#website\"},\"primaryImageOfPage\":{\"@id\":\"https:\\\/\\\/anivet.lt\\\/elparduotuve\\\/produktas\\\/wet-original-cat-konservai-70g-jautiena-vistiena\\\/#primaryimage\"},\"image\":{\"@id\":\"https:\\\/\\\/anivet.lt\\\/elparduotuve\\\/produktas\\\/wet-original-cat-konservai-70g-jautiena-vistiena\\\/#primaryimage\"},\"thumbnailUrl\":\"https:\\\/\\\/anivet.lt\\\/elparduotuve\\\/wp-content\\\/uploads\\\/2024\\\/10\\\/Wet-Original-Cat-konservai-70g-jautiena-vistiena-.png\",\"datePublished\":\"2024-10-14T18:11:47+00:00\",\"dateModified\":\"2025-07-08T21:04:19+00:00\",\"description\":\"Nat\u016bralaus skonio ir maistingumo derinys, skirtas suaugusioms kat\u0117ms. Auk\u0161tos kokyb\u0117s jautiena ir vi\u0161tiena u\u017etikrina gard\u0173 skon\u012f bei subalansuot\u0105 mityb\u0105, o nat\u016bral\u016bs ingredientai tinka net jautrioms kat\u0117ms.\",\"breadcrumb\":{\"@id\":\"https:\\\/\\\/anivet.lt\\\/elparduotuve\\\/produktas\\\/wet-original-cat-konservai-70g-jautiena-vistiena\\\/#breadcrumb\"},\"inLanguage\":\"lt-LT\",\"potentialAction\":[{\"@type\":\"ReadAction\",\"target\":[\"https:\\\/\\\/anivet.lt\\\/elparduotuve\\\/produktas\\\/wet-original-cat-konservai-70g-jautiena-vistiena\\\/\"]}]},{\"@type\":\"ImageObject\",\"inLanguage\":\"lt-LT\",\"@id\":\"https:\\\/\\\/anivet.lt\\\/elparduotuve\\\/produktas\\\/wet-original-cat-konservai-70g-jautiena-vistiena\\\/#primaryimage\",\"url\":\"https:\\\/\\\/anivet.lt\\\/elparduotuve\\\/wp-content\\\/uploads\\\/2024\\\/10\\\/Wet-Original-Cat-konservai-70g-jautiena-vistiena-.png\",\"contentUrl\":\"https:\\\/\\\/anivet.lt\\\/elparduotuve\\\/wp-content\\\/uploads\\\/2024\\\/10\\\/Wet-Original-Cat-konservai-70g-jautiena-vistiena-.png\",\"width\":350,\"height\":440,\"caption\":\"Nature's Variety Wet Original Cat konservai 70g (jautiena, vi\u0161tiena)\"},{\"@type\":\"BreadcrumbList\",\"@id\":\"https:\\\/\\\/anivet.lt\\\/elparduotuve\\\/produktas\\\/wet-original-cat-konservai-70g-jautiena-vistiena\\\/#breadcrumb\",\"itemListElement\":[{\"@type\":\"ListItem\",\"position\":1,\"name\":\"Home\",\"item\":\"https:\\\/\\\/anivet.lt\\\/elparduotuve\\\/\"},{\"@type\":\"ListItem\",\"position\":2,\"name\":\"Produktai\",\"item\":\"https:\\\/\\\/anivet.lt\\\/elparduotuve\\\/produktai\\\/\"},{\"@type\":\"ListItem\",\"position\":3,\"name\":\"Nature&#8217;s Variety Wet Original Cat konservai 70g (jautiena, vi\u0161tiena)\"}]},{\"@type\":\"WebSite\",\"@id\":\"https:\\\/\\\/anivet.lt\\\/elparduotuve\\\/#website\",\"url\":\"https:\\\/\\\/anivet.lt\\\/elparduotuve\\\/\",\"name\":\"anivet.lt\",\"description\":\"Viskas J\u016bs\u0173 \u0161uns, kat\u0117s prie\u017ei\u016brai\",\"publisher\":{\"@id\":\"https:\\\/\\\/anivet.lt\\\/elparduotuve\\\/#organization\"},\"alternateName\":\"Viskas J\u016bs\u0173 \u0161uns, kat\u0117s prie\u017ei\u016brai\",\"potentialAction\":[{\"@type\":\"SearchAction\",\"target\":{\"@type\":\"EntryPoint\",\"urlTemplate\":\"https:\\\/\\\/anivet.lt\\\/elparduotuve\\\/?s={search_term_string}\"},\"query-input\":{\"@type\":\"PropertyValueSpecification\",\"valueRequired\":true,\"valueName\":\"search_term_string\"}}],\"inLanguage\":\"lt-LT\"},{\"@type\":\"Organization\",\"@id\":\"https:\\\/\\\/anivet.lt\\\/elparduotuve\\\/#organization\",\"name\":\"Viskas J\u016bs\u0173 \u0161uns, kat\u0117s prie\u017ei\u016brai\",\"url\":\"https:\\\/\\\/anivet.lt\\\/elparduotuve\\\/\",\"logo\":{\"@type\":\"ImageObject\",\"inLanguage\":\"lt-LT\",\"@id\":\"https:\\\/\\\/anivet.lt\\\/elparduotuve\\\/#\\\/schema\\\/logo\\\/image\\\/\",\"url\":\"https:\\\/\\\/anivet.lt\\\/elparduotuve\\\/wp-content\\\/uploads\\\/2023\\\/06\\\/logo2.jpg\",\"contentUrl\":\"https:\\\/\\\/anivet.lt\\\/elparduotuve\\\/wp-content\\\/uploads\\\/2023\\\/06\\\/logo2.jpg\",\"width\":655,\"height\":194,\"caption\":\"Viskas J\u016bs\u0173 \u0161uns, kat\u0117s prie\u017ei\u016brai\"},\"image\":{\"@id\":\"https:\\\/\\\/anivet.lt\\\/elparduotuve\\\/#\\\/schema\\\/logo\\\/image\\\/\"}}]}<\/script>\n<!-- \/ Yoast SEO Premium plugin. -->","yoast_head_json":{"title":"Nature's Variety Wet Original Cat konservai 70g (jautiena, vi\u0161tiena) - anivet.lt","description":"Nat\u016bralaus skonio ir maistingumo derinys, skirtas suaugusioms kat\u0117ms. Auk\u0161tos kokyb\u0117s jautiena ir vi\u0161tiena u\u017etikrina gard\u0173 skon\u012f bei subalansuot\u0105 mityb\u0105, o nat\u016bral\u016bs ingredientai tinka net jautrioms kat\u0117ms.","robots":{"index":"index","follow":"follow","max-snippet":"max-snippet:-1","max-image-preview":"max-image-preview:large","max-video-preview":"max-video-preview:-1"},"canonical":"https:\/\/anivet.lt\/elparduotuve\/produktas\/wet-original-cat-konservai-70g-jautiena-vistiena\/","og_locale":"lt_LT","og_type":"article","og_title":"Nature's Variety Wet Original Cat konservai 70g (jautiena, vi\u0161tiena)","og_description":"Nat\u016bralaus skonio ir maistingumo derinys, skirtas suaugusioms kat\u0117ms. Auk\u0161tos kokyb\u0117s jautiena ir vi\u0161tiena u\u017etikrina gard\u0173 skon\u012f bei subalansuot\u0105 mityb\u0105, o nat\u016bral\u016bs ingredientai tinka net jautrioms kat\u0117ms.","og_url":"https:\/\/anivet.lt\/elparduotuve\/produktas\/wet-original-cat-konservai-70g-jautiena-vistiena\/","og_site_name":"anivet.lt","article_modified_time":"2025-07-08T21:04:19+00:00","og_image":[{"width":350,"height":440,"url":"https:\/\/anivet.lt\/elparduotuve\/wp-content\/uploads\/2024\/10\/Wet-Original-Cat-konservai-70g-jautiena-vistiena-.png","type":"image\/png"}],"twitter_card":"summary_large_image","twitter_misc":{"Est. reading time":"1 minut\u0117"},"schema":{"@context":"https:\/\/schema.org","@graph":[{"@type":"WebPage","@id":"https:\/\/anivet.lt\/elparduotuve\/produktas\/wet-original-cat-konservai-70g-jautiena-vistiena\/","url":"https:\/\/anivet.lt\/elparduotuve\/produktas\/wet-original-cat-konservai-70g-jautiena-vistiena\/","name":"Nature's Variety Wet Original Cat konservai 70g (jautiena, vi\u0161tiena) - anivet.lt","isPartOf":{"@id":"https:\/\/anivet.lt\/elparduotuve\/#website"},"primaryImageOfPage":{"@id":"https:\/\/anivet.lt\/elparduotuve\/produktas\/wet-original-cat-konservai-70g-jautiena-vistiena\/#primaryimage"},"image":{"@id":"https:\/\/anivet.lt\/elparduotuve\/produktas\/wet-original-cat-konservai-70g-jautiena-vistiena\/#primaryimage"},"thumbnailUrl":"https:\/\/anivet.lt\/elparduotuve\/wp-content\/uploads\/2024\/10\/Wet-Original-Cat-konservai-70g-jautiena-vistiena-.png","datePublished":"2024-10-14T18:11:47+00:00","dateModified":"2025-07-08T21:04:19+00:00","description":"Nat\u016bralaus skonio ir maistingumo derinys, skirtas suaugusioms kat\u0117ms. Auk\u0161tos kokyb\u0117s jautiena ir vi\u0161tiena u\u017etikrina gard\u0173 skon\u012f bei subalansuot\u0105 mityb\u0105, o nat\u016bral\u016bs ingredientai tinka net jautrioms kat\u0117ms.","breadcrumb":{"@id":"https:\/\/anivet.lt\/elparduotuve\/produktas\/wet-original-cat-konservai-70g-jautiena-vistiena\/#breadcrumb"},"inLanguage":"lt-LT","potentialAction":[{"@type":"ReadAction","target":["https:\/\/anivet.lt\/elparduotuve\/produktas\/wet-original-cat-konservai-70g-jautiena-vistiena\/"]}]},{"@type":"ImageObject","inLanguage":"lt-LT","@id":"https:\/\/anivet.lt\/elparduotuve\/produktas\/wet-original-cat-konservai-70g-jautiena-vistiena\/#primaryimage","url":"https:\/\/anivet.lt\/elparduotuve\/wp-content\/uploads\/2024\/10\/Wet-Original-Cat-konservai-70g-jautiena-vistiena-.png","contentUrl":"https:\/\/anivet.lt\/elparduotuve\/wp-content\/uploads\/2024\/10\/Wet-Original-Cat-konservai-70g-jautiena-vistiena-.png","width":350,"height":440,"caption":"Nature's Variety Wet Original Cat konservai 70g (jautiena, vi\u0161tiena)"},{"@type":"BreadcrumbList","@id":"https:\/\/anivet.lt\/elparduotuve\/produktas\/wet-original-cat-konservai-70g-jautiena-vistiena\/#breadcrumb","itemListElement":[{"@type":"ListItem","position":1,"name":"Home","item":"https:\/\/anivet.lt\/elparduotuve\/"},{"@type":"ListItem","position":2,"name":"Produktai","item":"https:\/\/anivet.lt\/elparduotuve\/produktai\/"},{"@type":"ListItem","position":3,"name":"Nature&#8217;s Variety Wet Original Cat konservai 70g (jautiena, vi\u0161tiena)"}]},{"@type":"WebSite","@id":"https:\/\/anivet.lt\/elparduotuve\/#website","url":"https:\/\/anivet.lt\/elparduotuve\/","name":"anivet.lt","description":"Viskas J\u016bs\u0173 \u0161uns, kat\u0117s prie\u017ei\u016brai","publisher":{"@id":"https:\/\/anivet.lt\/elparduotuve\/#organization"},"alternateName":"Viskas J\u016bs\u0173 \u0161uns, kat\u0117s prie\u017ei\u016brai","potentialAction":[{"@type":"SearchAction","target":{"@type":"EntryPoint","urlTemplate":"https:\/\/anivet.lt\/elparduotuve\/?s={search_term_string}"},"query-input":{"@type":"PropertyValueSpecification","valueRequired":true,"valueName":"search_term_string"}}],"inLanguage":"lt-LT"},{"@type":"Organization","@id":"https:\/\/anivet.lt\/elparduotuve\/#organization","name":"Viskas J\u016bs\u0173 \u0161uns, kat\u0117s prie\u017ei\u016brai","url":"https:\/\/anivet.lt\/elparduotuve\/","logo":{"@type":"ImageObject","inLanguage":"lt-LT","@id":"https:\/\/anivet.lt\/elparduotuve\/#\/schema\/logo\/image\/","url":"https:\/\/anivet.lt\/elparduotuve\/wp-content\/uploads\/2023\/06\/logo2.jpg","contentUrl":"https:\/\/anivet.lt\/elparduotuve\/wp-content\/uploads\/2023\/06\/logo2.jpg","width":655,"height":194,"caption":"Viskas J\u016bs\u0173 \u0161uns, kat\u0117s prie\u017ei\u016brai"},"image":{"@id":"https:\/\/anivet.lt\/elparduotuve\/#\/schema\/logo\/image\/"}}]}},"_links":{"self":[{"href":"https:\/\/anivet.lt\/elparduotuve\/wp-json\/wp\/v2\/product\/14679","targetHints":{"allow":["GET"]}}],"collection":[{"href":"https:\/\/anivet.lt\/elparduotuve\/wp-json\/wp\/v2\/product"}],"about":[{"href":"https:\/\/anivet.lt\/elparduotuve\/wp-json\/wp\/v2\/types\/product"}],"wp:featuredmedia":[{"embeddable":true,"href":"https:\/\/anivet.lt\/elparduotuve\/wp-json\/wp\/v2\/media\/14680"}],"wp:attachment":[{"href":"https:\/\/anivet.lt\/elparduotuve\/wp-json\/wp\/v2\/media?parent=14679"}],"wp:term":[{"taxonomy":"product_brand","embeddable":true,"href":"https:\/\/anivet.lt\/elparduotuve\/wp-json\/wp\/v2\/product_brand?post=14679"},{"taxonomy":"product_cat","embeddable":true,"href":"https:\/\/anivet.lt\/elparduotuve\/wp-json\/wp\/v2\/product_cat?post=14679"},{"taxonomy":"product_tag","embeddable":true,"href":"https:\/\/anivet.lt\/elparduotuve\/wp-json\/wp\/v2\/product_tag?post=14679"}],"curies":[{"name":"wp","href":"https:\/\/api.w.org\/{rel}","templated":true}]}}