{"id":14681,"date":"2024-10-14T18:40:44","date_gmt":"2024-10-14T18:40:44","guid":{"rendered":"https:\/\/anivet.lt\/elparduotuve\/?post_type=product&#038;p=14681"},"modified":"2026-04-25T08:18:03","modified_gmt":"2026-04-25T08:18:03","slug":"selected-sterilized-cat-sterilizuotoms-suaugusioms-katems-vistiena","status":"publish","type":"product","link":"https:\/\/anivet.lt\/elparduotuve\/produktas\/selected-sterilized-cat-sterilizuotoms-suaugusioms-katems-vistiena\/","title":{"rendered":"Nature&#8217;s Variety No Grain Sterilized Cat sterilizuotoms suaugusioms kat\u0117ms (vi\u0161tiena)"},"content":{"rendered":"<ul>\n<li style=\"font-weight: 400;\" aria-level=\"1\"><span style=\"font-weight: 400;\">Auk\u0161tos kokyb\u0117s baltymai: I\u0161kaulinta vi\u0161tiena (30%) ir d\u017eiovinti vi\u0161tienos baltymai (26%) u\u017etikrina reikaling\u0105 maistini\u0173 med\u017eiag\u0173 kiek\u012f.<\/span><\/li>\n<li style=\"font-weight: 400;\" aria-level=\"1\"><span style=\"font-weight: 400;\">Be gr\u016bd\u0173: Idealiai tinka jautrioms kat\u0117ms, kurios netoleruoja glitimo ar gr\u016bd\u0173.<\/span><\/li>\n<li style=\"font-weight: 400;\" aria-level=\"1\"><span style=\"font-weight: 400;\">Nat\u016bral\u016bs ingredientai: Praturtintas dar\u017eov\u0117mis, kaip morkos, brokoliai, ir vaisiais, kaip obuoliai, siekiant u\u017etikrinti vitamin\u0173 ir antioksidant\u0173 balans\u0105.<\/span><\/li>\n<li style=\"font-weight: 400;\" aria-level=\"1\"><span style=\"font-weight: 400;\">Sveikatai naudingos skaidulos: D\u017eiovinta cikorijos \u0161aknis ir \u017eirni\u0173 skaidulos padeda palaikyti sveik\u0105 vir\u0161kinim\u0105.<\/span><\/li>\n<li style=\"font-weight: 400;\" aria-level=\"1\"><span style=\"font-weight: 400;\">Palaiko sveik\u0105 od\u0105 ir kail\u012f: Omega-3 ir omega-6 riebal\u0173 r\u016bg\u0161tys u\u017etikrina blizgant\u012f kail\u012f ir sveik\u0105 od\u0105.<\/span><\/li>\n<li style=\"font-weight: 400;\" aria-level=\"1\"><span style=\"font-weight: 400;\">Skirta sterilizuotoms kat\u0117ms: Speciali formul\u0117 palaiko optimal\u0173 \u0161lapimo pH ir padeda i\u0161vengti antsvorio.<\/span><\/li>\n<\/ul>\n<p><span style=\"font-weight: 400;\">\u0160is pa\u0161aras puikiai tiks sterilizuotoms suaugusioms kat\u0117ms, u\u017etikrindamas nat\u016bral\u0173 ir subalansuot\u0105 maitinim\u0105. Be dirbtini\u0173 pried\u0173, jis praturtintas tik nat\u016braliais ingredientais, kurie prisideda prie bendros j\u016bs\u0173 kat\u0117s sveikatos.<\/span><\/p>\n","protected":false},"excerpt":{"rendered":"<p><span style=\"font-weight: 400;\">Pa\u0161aras sukurtas atsi\u017evelgiant \u012f sterilizuot\u0173 ka\u010di\u0173 poreikius, siekiant palaikyti sveik\u0105 svor\u012f, \u0161lapimo sistemos funkcij\u0105 ir bendr\u0105 savijaut\u0105. Pagrindinis ingredientas \u2013 i\u0161kaulinta laisvai laikom\u0173 vi\u0161t\u0173 m\u0117sa, u\u017etikrinanti auk\u0161tos kokyb\u0117s baltym\u0173 \u0161altin\u012f.<\/span><\/p>\n","protected":false},"featured_media":16666,"template":"","meta":[],"product_brand":[],"product_cat":[114,115,102,344],"product_tag":[],"class_list":{"0":"post-14681","1":"product","2":"type-product","3":"status-publish","4":"has-post-thumbnail","6":"product_cat-kaciu-maistas","7":"product_cat-sausas-maistas-ir-skanestai-katems","8":"product_cat-katems","9":"product_cat-natures-variety-kaciu-maistas","10":"pa_prekinis-zenklas-natures-variety","12":"first","13":"instock","14":"taxable","15":"shipping-taxable","16":"purchasable","17":"product-type-variable"},"yoast_head":"<!-- This site is optimized with the Yoast SEO Premium plugin v27.1 (Yoast SEO v27.5) - https:\/\/yoast.com\/product\/yoast-seo-premium-wordpress\/ -->\n<title>Nature&#039;s Variety No Grain Sterilized Cat sterilizuotoms suaugusioms kat\u0117ms (vi\u0161tiena) - anivet.lt<\/title>\n<meta name=\"description\" content=\"Pa\u0161aras sukurtas atsi\u017evelgiant \u012f sterilizuot\u0173 ka\u010di\u0173 poreikius, siekiant palaikyti sveik\u0105 svor\u012f, \u0161lapimo sistemos funkcij\u0105 ir bendr\u0105 savijaut\u0105. Pagrindinis ingredientas \u2013 i\u0161kaulinta laisvai laikom\u0173 vi\u0161t\u0173 m\u0117sa, u\u017etikrinanti auk\u0161tos kokyb\u0117s baltym\u0173 \u0161altin\u012f.\" \/>\n<meta name=\"robots\" content=\"index, follow, max-snippet:-1, max-image-preview:large, max-video-preview:-1\" \/>\n<link rel=\"canonical\" href=\"https:\/\/anivet.lt\/elparduotuve\/produktas\/selected-sterilized-cat-sterilizuotoms-suaugusioms-katems-vistiena\/\" \/>\n<meta property=\"og:locale\" content=\"lt_LT\" \/>\n<meta property=\"og:type\" content=\"article\" \/>\n<meta property=\"og:title\" content=\"Nature&#039;s Variety No Grain Sterilized Cat sterilizuotoms suaugusioms kat\u0117ms (vi\u0161tiena)\" \/>\n<meta property=\"og:description\" content=\"Pa\u0161aras sukurtas atsi\u017evelgiant \u012f sterilizuot\u0173 ka\u010di\u0173 poreikius, siekiant palaikyti sveik\u0105 svor\u012f, \u0161lapimo sistemos funkcij\u0105 ir bendr\u0105 savijaut\u0105. Pagrindinis ingredientas \u2013 i\u0161kaulinta laisvai laikom\u0173 vi\u0161t\u0173 m\u0117sa, u\u017etikrinanti auk\u0161tos kokyb\u0117s baltym\u0173 \u0161altin\u012f.\" \/>\n<meta property=\"og:url\" content=\"https:\/\/anivet.lt\/elparduotuve\/produktas\/selected-sterilized-cat-sterilizuotoms-suaugusioms-katems-vistiena\/\" \/>\n<meta property=\"og:site_name\" content=\"anivet.lt\" \/>\n<meta property=\"article:modified_time\" content=\"2026-04-25T08:18:03+00:00\" \/>\n<meta property=\"og:image\" content=\"https:\/\/anivet.lt\/elparduotuve\/wp-content\/uploads\/2024\/10\/No-Grain-Sterilized-Cat-vistiena.jpg\" \/>\n\t<meta property=\"og:image:width\" content=\"1000\" \/>\n\t<meta property=\"og:image:height\" content=\"1000\" \/>\n\t<meta property=\"og:image:type\" content=\"image\/jpeg\" \/>\n<meta name=\"twitter:card\" content=\"summary_large_image\" \/>\n<meta name=\"twitter:label1\" content=\"Est. reading time\" \/>\n\t<meta name=\"twitter:data1\" content=\"1 minut\u0117\" \/>\n<script type=\"application\/ld+json\" class=\"yoast-schema-graph\">{\"@context\":\"https:\\\/\\\/schema.org\",\"@graph\":[{\"@type\":\"WebPage\",\"@id\":\"https:\\\/\\\/anivet.lt\\\/elparduotuve\\\/produktas\\\/selected-sterilized-cat-sterilizuotoms-suaugusioms-katems-vistiena\\\/\",\"url\":\"https:\\\/\\\/anivet.lt\\\/elparduotuve\\\/produktas\\\/selected-sterilized-cat-sterilizuotoms-suaugusioms-katems-vistiena\\\/\",\"name\":\"Nature's Variety No Grain Sterilized Cat sterilizuotoms suaugusioms kat\u0117ms (vi\u0161tiena) - anivet.lt\",\"isPartOf\":{\"@id\":\"https:\\\/\\\/anivet.lt\\\/elparduotuve\\\/#website\"},\"primaryImageOfPage\":{\"@id\":\"https:\\\/\\\/anivet.lt\\\/elparduotuve\\\/produktas\\\/selected-sterilized-cat-sterilizuotoms-suaugusioms-katems-vistiena\\\/#primaryimage\"},\"image\":{\"@id\":\"https:\\\/\\\/anivet.lt\\\/elparduotuve\\\/produktas\\\/selected-sterilized-cat-sterilizuotoms-suaugusioms-katems-vistiena\\\/#primaryimage\"},\"thumbnailUrl\":\"https:\\\/\\\/anivet.lt\\\/elparduotuve\\\/wp-content\\\/uploads\\\/2024\\\/10\\\/No-Grain-Sterilized-Cat-vistiena.jpg\",\"datePublished\":\"2024-10-14T18:40:44+00:00\",\"dateModified\":\"2026-04-25T08:18:03+00:00\",\"description\":\"Pa\u0161aras sukurtas atsi\u017evelgiant \u012f sterilizuot\u0173 ka\u010di\u0173 poreikius, siekiant palaikyti sveik\u0105 svor\u012f, \u0161lapimo sistemos funkcij\u0105 ir bendr\u0105 savijaut\u0105. Pagrindinis ingredientas \u2013 i\u0161kaulinta laisvai laikom\u0173 vi\u0161t\u0173 m\u0117sa, u\u017etikrinanti auk\u0161tos kokyb\u0117s baltym\u0173 \u0161altin\u012f.\",\"breadcrumb\":{\"@id\":\"https:\\\/\\\/anivet.lt\\\/elparduotuve\\\/produktas\\\/selected-sterilized-cat-sterilizuotoms-suaugusioms-katems-vistiena\\\/#breadcrumb\"},\"inLanguage\":\"lt-LT\",\"potentialAction\":[{\"@type\":\"ReadAction\",\"target\":[\"https:\\\/\\\/anivet.lt\\\/elparduotuve\\\/produktas\\\/selected-sterilized-cat-sterilizuotoms-suaugusioms-katems-vistiena\\\/\"]}]},{\"@type\":\"ImageObject\",\"inLanguage\":\"lt-LT\",\"@id\":\"https:\\\/\\\/anivet.lt\\\/elparduotuve\\\/produktas\\\/selected-sterilized-cat-sterilizuotoms-suaugusioms-katems-vistiena\\\/#primaryimage\",\"url\":\"https:\\\/\\\/anivet.lt\\\/elparduotuve\\\/wp-content\\\/uploads\\\/2024\\\/10\\\/No-Grain-Sterilized-Cat-vistiena.jpg\",\"contentUrl\":\"https:\\\/\\\/anivet.lt\\\/elparduotuve\\\/wp-content\\\/uploads\\\/2024\\\/10\\\/No-Grain-Sterilized-Cat-vistiena.jpg\",\"width\":1000,\"height\":1000,\"caption\":\"Nature's Variety No Grain Sterilized Cat sterilizuotoms suaugusioms kat\u0117ms (vi\u0161tiena)\"},{\"@type\":\"BreadcrumbList\",\"@id\":\"https:\\\/\\\/anivet.lt\\\/elparduotuve\\\/produktas\\\/selected-sterilized-cat-sterilizuotoms-suaugusioms-katems-vistiena\\\/#breadcrumb\",\"itemListElement\":[{\"@type\":\"ListItem\",\"position\":1,\"name\":\"Home\",\"item\":\"https:\\\/\\\/anivet.lt\\\/elparduotuve\\\/\"},{\"@type\":\"ListItem\",\"position\":2,\"name\":\"Produktai\",\"item\":\"https:\\\/\\\/anivet.lt\\\/elparduotuve\\\/produktai\\\/\"},{\"@type\":\"ListItem\",\"position\":3,\"name\":\"Nature&#8217;s Variety No Grain Sterilized Cat sterilizuotoms suaugusioms kat\u0117ms (vi\u0161tiena)\"}]},{\"@type\":\"WebSite\",\"@id\":\"https:\\\/\\\/anivet.lt\\\/elparduotuve\\\/#website\",\"url\":\"https:\\\/\\\/anivet.lt\\\/elparduotuve\\\/\",\"name\":\"anivet.lt\",\"description\":\"Viskas J\u016bs\u0173 \u0161uns, kat\u0117s prie\u017ei\u016brai\",\"publisher\":{\"@id\":\"https:\\\/\\\/anivet.lt\\\/elparduotuve\\\/#organization\"},\"alternateName\":\"Viskas J\u016bs\u0173 \u0161uns, kat\u0117s prie\u017ei\u016brai\",\"potentialAction\":[{\"@type\":\"SearchAction\",\"target\":{\"@type\":\"EntryPoint\",\"urlTemplate\":\"https:\\\/\\\/anivet.lt\\\/elparduotuve\\\/?s={search_term_string}\"},\"query-input\":{\"@type\":\"PropertyValueSpecification\",\"valueRequired\":true,\"valueName\":\"search_term_string\"}}],\"inLanguage\":\"lt-LT\"},{\"@type\":\"Organization\",\"@id\":\"https:\\\/\\\/anivet.lt\\\/elparduotuve\\\/#organization\",\"name\":\"Viskas J\u016bs\u0173 \u0161uns, kat\u0117s prie\u017ei\u016brai\",\"url\":\"https:\\\/\\\/anivet.lt\\\/elparduotuve\\\/\",\"logo\":{\"@type\":\"ImageObject\",\"inLanguage\":\"lt-LT\",\"@id\":\"https:\\\/\\\/anivet.lt\\\/elparduotuve\\\/#\\\/schema\\\/logo\\\/image\\\/\",\"url\":\"https:\\\/\\\/anivet.lt\\\/elparduotuve\\\/wp-content\\\/uploads\\\/2023\\\/06\\\/logo2.jpg\",\"contentUrl\":\"https:\\\/\\\/anivet.lt\\\/elparduotuve\\\/wp-content\\\/uploads\\\/2023\\\/06\\\/logo2.jpg\",\"width\":655,\"height\":194,\"caption\":\"Viskas J\u016bs\u0173 \u0161uns, kat\u0117s prie\u017ei\u016brai\"},\"image\":{\"@id\":\"https:\\\/\\\/anivet.lt\\\/elparduotuve\\\/#\\\/schema\\\/logo\\\/image\\\/\"}}]}<\/script>\n<!-- \/ Yoast SEO Premium plugin. -->","yoast_head_json":{"title":"Nature's Variety No Grain Sterilized Cat sterilizuotoms suaugusioms kat\u0117ms (vi\u0161tiena) - anivet.lt","description":"Pa\u0161aras sukurtas atsi\u017evelgiant \u012f sterilizuot\u0173 ka\u010di\u0173 poreikius, siekiant palaikyti sveik\u0105 svor\u012f, \u0161lapimo sistemos funkcij\u0105 ir bendr\u0105 savijaut\u0105. Pagrindinis ingredientas \u2013 i\u0161kaulinta laisvai laikom\u0173 vi\u0161t\u0173 m\u0117sa, u\u017etikrinanti auk\u0161tos kokyb\u0117s baltym\u0173 \u0161altin\u012f.","robots":{"index":"index","follow":"follow","max-snippet":"max-snippet:-1","max-image-preview":"max-image-preview:large","max-video-preview":"max-video-preview:-1"},"canonical":"https:\/\/anivet.lt\/elparduotuve\/produktas\/selected-sterilized-cat-sterilizuotoms-suaugusioms-katems-vistiena\/","og_locale":"lt_LT","og_type":"article","og_title":"Nature's Variety No Grain Sterilized Cat sterilizuotoms suaugusioms kat\u0117ms (vi\u0161tiena)","og_description":"Pa\u0161aras sukurtas atsi\u017evelgiant \u012f sterilizuot\u0173 ka\u010di\u0173 poreikius, siekiant palaikyti sveik\u0105 svor\u012f, \u0161lapimo sistemos funkcij\u0105 ir bendr\u0105 savijaut\u0105. Pagrindinis ingredientas \u2013 i\u0161kaulinta laisvai laikom\u0173 vi\u0161t\u0173 m\u0117sa, u\u017etikrinanti auk\u0161tos kokyb\u0117s baltym\u0173 \u0161altin\u012f.","og_url":"https:\/\/anivet.lt\/elparduotuve\/produktas\/selected-sterilized-cat-sterilizuotoms-suaugusioms-katems-vistiena\/","og_site_name":"anivet.lt","article_modified_time":"2026-04-25T08:18:03+00:00","og_image":[{"width":1000,"height":1000,"url":"https:\/\/anivet.lt\/elparduotuve\/wp-content\/uploads\/2024\/10\/No-Grain-Sterilized-Cat-vistiena.jpg","type":"image\/jpeg"}],"twitter_card":"summary_large_image","twitter_misc":{"Est. reading time":"1 minut\u0117"},"schema":{"@context":"https:\/\/schema.org","@graph":[{"@type":"WebPage","@id":"https:\/\/anivet.lt\/elparduotuve\/produktas\/selected-sterilized-cat-sterilizuotoms-suaugusioms-katems-vistiena\/","url":"https:\/\/anivet.lt\/elparduotuve\/produktas\/selected-sterilized-cat-sterilizuotoms-suaugusioms-katems-vistiena\/","name":"Nature's Variety No Grain Sterilized Cat sterilizuotoms suaugusioms kat\u0117ms (vi\u0161tiena) - anivet.lt","isPartOf":{"@id":"https:\/\/anivet.lt\/elparduotuve\/#website"},"primaryImageOfPage":{"@id":"https:\/\/anivet.lt\/elparduotuve\/produktas\/selected-sterilized-cat-sterilizuotoms-suaugusioms-katems-vistiena\/#primaryimage"},"image":{"@id":"https:\/\/anivet.lt\/elparduotuve\/produktas\/selected-sterilized-cat-sterilizuotoms-suaugusioms-katems-vistiena\/#primaryimage"},"thumbnailUrl":"https:\/\/anivet.lt\/elparduotuve\/wp-content\/uploads\/2024\/10\/No-Grain-Sterilized-Cat-vistiena.jpg","datePublished":"2024-10-14T18:40:44+00:00","dateModified":"2026-04-25T08:18:03+00:00","description":"Pa\u0161aras sukurtas atsi\u017evelgiant \u012f sterilizuot\u0173 ka\u010di\u0173 poreikius, siekiant palaikyti sveik\u0105 svor\u012f, \u0161lapimo sistemos funkcij\u0105 ir bendr\u0105 savijaut\u0105. Pagrindinis ingredientas \u2013 i\u0161kaulinta laisvai laikom\u0173 vi\u0161t\u0173 m\u0117sa, u\u017etikrinanti auk\u0161tos kokyb\u0117s baltym\u0173 \u0161altin\u012f.","breadcrumb":{"@id":"https:\/\/anivet.lt\/elparduotuve\/produktas\/selected-sterilized-cat-sterilizuotoms-suaugusioms-katems-vistiena\/#breadcrumb"},"inLanguage":"lt-LT","potentialAction":[{"@type":"ReadAction","target":["https:\/\/anivet.lt\/elparduotuve\/produktas\/selected-sterilized-cat-sterilizuotoms-suaugusioms-katems-vistiena\/"]}]},{"@type":"ImageObject","inLanguage":"lt-LT","@id":"https:\/\/anivet.lt\/elparduotuve\/produktas\/selected-sterilized-cat-sterilizuotoms-suaugusioms-katems-vistiena\/#primaryimage","url":"https:\/\/anivet.lt\/elparduotuve\/wp-content\/uploads\/2024\/10\/No-Grain-Sterilized-Cat-vistiena.jpg","contentUrl":"https:\/\/anivet.lt\/elparduotuve\/wp-content\/uploads\/2024\/10\/No-Grain-Sterilized-Cat-vistiena.jpg","width":1000,"height":1000,"caption":"Nature's Variety No Grain Sterilized Cat sterilizuotoms suaugusioms kat\u0117ms (vi\u0161tiena)"},{"@type":"BreadcrumbList","@id":"https:\/\/anivet.lt\/elparduotuve\/produktas\/selected-sterilized-cat-sterilizuotoms-suaugusioms-katems-vistiena\/#breadcrumb","itemListElement":[{"@type":"ListItem","position":1,"name":"Home","item":"https:\/\/anivet.lt\/elparduotuve\/"},{"@type":"ListItem","position":2,"name":"Produktai","item":"https:\/\/anivet.lt\/elparduotuve\/produktai\/"},{"@type":"ListItem","position":3,"name":"Nature&#8217;s Variety No Grain Sterilized Cat sterilizuotoms suaugusioms kat\u0117ms (vi\u0161tiena)"}]},{"@type":"WebSite","@id":"https:\/\/anivet.lt\/elparduotuve\/#website","url":"https:\/\/anivet.lt\/elparduotuve\/","name":"anivet.lt","description":"Viskas J\u016bs\u0173 \u0161uns, kat\u0117s prie\u017ei\u016brai","publisher":{"@id":"https:\/\/anivet.lt\/elparduotuve\/#organization"},"alternateName":"Viskas J\u016bs\u0173 \u0161uns, kat\u0117s prie\u017ei\u016brai","potentialAction":[{"@type":"SearchAction","target":{"@type":"EntryPoint","urlTemplate":"https:\/\/anivet.lt\/elparduotuve\/?s={search_term_string}"},"query-input":{"@type":"PropertyValueSpecification","valueRequired":true,"valueName":"search_term_string"}}],"inLanguage":"lt-LT"},{"@type":"Organization","@id":"https:\/\/anivet.lt\/elparduotuve\/#organization","name":"Viskas J\u016bs\u0173 \u0161uns, kat\u0117s prie\u017ei\u016brai","url":"https:\/\/anivet.lt\/elparduotuve\/","logo":{"@type":"ImageObject","inLanguage":"lt-LT","@id":"https:\/\/anivet.lt\/elparduotuve\/#\/schema\/logo\/image\/","url":"https:\/\/anivet.lt\/elparduotuve\/wp-content\/uploads\/2023\/06\/logo2.jpg","contentUrl":"https:\/\/anivet.lt\/elparduotuve\/wp-content\/uploads\/2023\/06\/logo2.jpg","width":655,"height":194,"caption":"Viskas J\u016bs\u0173 \u0161uns, kat\u0117s prie\u017ei\u016brai"},"image":{"@id":"https:\/\/anivet.lt\/elparduotuve\/#\/schema\/logo\/image\/"}}]}},"_links":{"self":[{"href":"https:\/\/anivet.lt\/elparduotuve\/wp-json\/wp\/v2\/product\/14681","targetHints":{"allow":["GET"]}}],"collection":[{"href":"https:\/\/anivet.lt\/elparduotuve\/wp-json\/wp\/v2\/product"}],"about":[{"href":"https:\/\/anivet.lt\/elparduotuve\/wp-json\/wp\/v2\/types\/product"}],"wp:featuredmedia":[{"embeddable":true,"href":"https:\/\/anivet.lt\/elparduotuve\/wp-json\/wp\/v2\/media\/16666"}],"wp:attachment":[{"href":"https:\/\/anivet.lt\/elparduotuve\/wp-json\/wp\/v2\/media?parent=14681"}],"wp:term":[{"taxonomy":"product_brand","embeddable":true,"href":"https:\/\/anivet.lt\/elparduotuve\/wp-json\/wp\/v2\/product_brand?post=14681"},{"taxonomy":"product_cat","embeddable":true,"href":"https:\/\/anivet.lt\/elparduotuve\/wp-json\/wp\/v2\/product_cat?post=14681"},{"taxonomy":"product_tag","embeddable":true,"href":"https:\/\/anivet.lt\/elparduotuve\/wp-json\/wp\/v2\/product_tag?post=14681"}],"curies":[{"name":"wp","href":"https:\/\/api.w.org\/{rel}","templated":true}]}}