{"id":14695,"date":"2024-10-15T11:44:44","date_gmt":"2024-10-15T11:44:44","guid":{"rendered":"https:\/\/anivet.lt\/elparduotuve\/?post_type=product&#038;p=14695"},"modified":"2025-05-27T13:29:14","modified_gmt":"2025-05-27T13:29:14","slug":"pet-susokantis-augalinis-kraikas-naminiams-gyvunams-5l","status":"publish","type":"product","link":"https:\/\/anivet.lt\/elparduotuve\/produktas\/pet-susokantis-augalinis-kraikas-naminiams-gyvunams-5l\/","title":{"rendered":"PET su\u0161okantis augalinis kraikas naminiams gyv\u016bnams 5l"},"content":{"rendered":"<ul>\n<li style=\"font-weight: 400;\" aria-level=\"1\"><span style=\"font-weight: 400;\">Saugus ir nat\u016bralus: Pagamintas i\u0161 visi\u0161kai bioskaid\u017ei\u0173, atsinaujinan\u010di\u0173 \u017ealiav\u0173, tod\u0117l draugi\u0161kas gamtai ir tinkamas net smalsiems ka\u010diukams, kurie gali paragauti kraiko.<\/span><\/li>\n<li style=\"font-weight: 400;\" aria-level=\"1\"><span style=\"font-weight: 400;\">Be dulki\u0173: Per kelias gamybos stadijas pa\u0161alinamos dulk\u0117s, u\u017etikrinant \u0161var\u0105 ir \u0161velnum\u0105 ka\u010di\u0173 p\u0117dut\u0117ms.<\/span><\/li>\n<li style=\"font-weight: 400;\" aria-level=\"1\"><span style=\"font-weight: 400;\">Neutralizuoja kvapus: Efektyviai sulaiko \u0161lapimo kvap\u0105, tod\u0117l namuose i\u0161lieka gaiva.<\/span><\/li>\n<li style=\"font-weight: 400;\" aria-level=\"1\"><span style=\"font-weight: 400;\">Kompostuojamas: Kraikas lengvai ir greitai kompostuojamas, tod\u0117l galite atsakingai r\u016bpintis gamta.<\/span><\/li>\n<li style=\"font-weight: 400;\" aria-level=\"1\"><span style=\"font-weight: 400;\">Patogus naudojimas: Lygus, nelimpantis granuli\u0173 pavir\u0161ius apsaugo ka\u010di\u0173 kail\u012f ir u\u017etikrina patog\u0173 valym\u0105.<\/span><\/li>\n<\/ul>\n<p><span style=\"font-weight: 400;\">\u0160is kraikas \u2013 puikus pasirinkimas \u0161eimininkams, ie\u0161kantiems ekologi\u0161ko ir efektyvaus sprendimo augintini\u0173 higienai u\u017etikrinti. J\u016bs\u0173 augintinis jausis patogiai ir saugiai, o j\u016bs gal\u0117site m\u0117gautis \u0161variais ir jaukiais namais.<\/span><\/p>\n","protected":false},"excerpt":{"rendered":"<p><span style=\"font-weight: 400;\">Inovatyvus sprendimas j\u016bs\u0173 augintinio komfortui ir j\u016bs\u0173 nam\u0173 \u0161varai. \u0160is kukur\u016bz\u0173 pagrindo kraikas ne tik u\u017etikrina \u0161var\u0105, bet ir puosel\u0117ja j\u016bs\u0173 augintinio sveikat\u0105 bei prisideda prie aplinkos tausojimo.<\/span><\/p>\n","protected":false},"featured_media":14696,"template":"","meta":[],"product_brand":[],"product_cat":[102,119,228],"product_tag":[],"class_list":{"0":"post-14695","1":"product","2":"type-product","3":"status-publish","4":"has-post-thumbnail","6":"product_cat-katems","7":"product_cat-prieziuros-priemones-katems","8":"product_cat-kraikas","9":"pa_prekinis-zenklas-nordicpet","11":"first","12":"instock","13":"taxable","14":"shipping-taxable","15":"purchasable","16":"product-type-simple"},"yoast_head":"<!-- This site is optimized with the Yoast SEO Premium plugin v27.1 (Yoast SEO v27.5) - https:\/\/yoast.com\/product\/yoast-seo-premium-wordpress\/ -->\n<title>PET su\u0161okantis augalinis kraikas naminiams gyv\u016bnams 5l - anivet.lt<\/title>\n<meta name=\"description\" content=\"Inovatyvus sprendimas j\u016bs\u0173 augintinio komfortui ir j\u016bs\u0173 nam\u0173 \u0161varai. \u0160is kukur\u016bz\u0173 pagrindo kraikas ne tik u\u017etikrina \u0161var\u0105, bet ir puosel\u0117ja j\u016bs\u0173 augintinio sveikat\u0105 bei prisideda prie aplinkos tausojimo.\" \/>\n<meta name=\"robots\" content=\"index, follow, max-snippet:-1, max-image-preview:large, max-video-preview:-1\" \/>\n<link rel=\"canonical\" href=\"https:\/\/anivet.lt\/elparduotuve\/produktas\/pet-susokantis-augalinis-kraikas-naminiams-gyvunams-5l\/\" \/>\n<meta property=\"og:locale\" content=\"lt_LT\" \/>\n<meta property=\"og:type\" content=\"article\" \/>\n<meta property=\"og:title\" content=\"PET su\u0161okantis augalinis kraikas naminiams gyv\u016bnams 5l\" \/>\n<meta property=\"og:description\" content=\"Inovatyvus sprendimas j\u016bs\u0173 augintinio komfortui ir j\u016bs\u0173 nam\u0173 \u0161varai. \u0160is kukur\u016bz\u0173 pagrindo kraikas ne tik u\u017etikrina \u0161var\u0105, bet ir puosel\u0117ja j\u016bs\u0173 augintinio sveikat\u0105 bei prisideda prie aplinkos tausojimo.\" \/>\n<meta property=\"og:url\" content=\"https:\/\/anivet.lt\/elparduotuve\/produktas\/pet-susokantis-augalinis-kraikas-naminiams-gyvunams-5l\/\" \/>\n<meta property=\"og:site_name\" content=\"anivet.lt\" \/>\n<meta property=\"article:modified_time\" content=\"2025-05-27T13:29:14+00:00\" \/>\n<meta property=\"og:image\" content=\"https:\/\/anivet.lt\/elparduotuve\/wp-content\/uploads\/2024\/10\/Untitled-design-kraikas-naujas.jpg\" \/>\n\t<meta property=\"og:image:width\" content=\"400\" \/>\n\t<meta property=\"og:image:height\" content=\"400\" \/>\n\t<meta property=\"og:image:type\" content=\"image\/jpeg\" \/>\n<meta name=\"twitter:card\" content=\"summary_large_image\" \/>\n<meta name=\"twitter:label1\" content=\"Est. reading time\" \/>\n\t<meta name=\"twitter:data1\" content=\"1 minut\u0117\" \/>\n<script type=\"application\/ld+json\" class=\"yoast-schema-graph\">{\"@context\":\"https:\\\/\\\/schema.org\",\"@graph\":[{\"@type\":\"WebPage\",\"@id\":\"https:\\\/\\\/anivet.lt\\\/elparduotuve\\\/produktas\\\/pet-susokantis-augalinis-kraikas-naminiams-gyvunams-5l\\\/\",\"url\":\"https:\\\/\\\/anivet.lt\\\/elparduotuve\\\/produktas\\\/pet-susokantis-augalinis-kraikas-naminiams-gyvunams-5l\\\/\",\"name\":\"PET su\u0161okantis augalinis kraikas naminiams gyv\u016bnams 5l - anivet.lt\",\"isPartOf\":{\"@id\":\"https:\\\/\\\/anivet.lt\\\/elparduotuve\\\/#website\"},\"primaryImageOfPage\":{\"@id\":\"https:\\\/\\\/anivet.lt\\\/elparduotuve\\\/produktas\\\/pet-susokantis-augalinis-kraikas-naminiams-gyvunams-5l\\\/#primaryimage\"},\"image\":{\"@id\":\"https:\\\/\\\/anivet.lt\\\/elparduotuve\\\/produktas\\\/pet-susokantis-augalinis-kraikas-naminiams-gyvunams-5l\\\/#primaryimage\"},\"thumbnailUrl\":\"https:\\\/\\\/anivet.lt\\\/elparduotuve\\\/wp-content\\\/uploads\\\/2024\\\/10\\\/Untitled-design-kraikas-naujas.jpg\",\"datePublished\":\"2024-10-15T11:44:44+00:00\",\"dateModified\":\"2025-05-27T13:29:14+00:00\",\"description\":\"Inovatyvus sprendimas j\u016bs\u0173 augintinio komfortui ir j\u016bs\u0173 nam\u0173 \u0161varai. \u0160is kukur\u016bz\u0173 pagrindo kraikas ne tik u\u017etikrina \u0161var\u0105, bet ir puosel\u0117ja j\u016bs\u0173 augintinio sveikat\u0105 bei prisideda prie aplinkos tausojimo.\",\"breadcrumb\":{\"@id\":\"https:\\\/\\\/anivet.lt\\\/elparduotuve\\\/produktas\\\/pet-susokantis-augalinis-kraikas-naminiams-gyvunams-5l\\\/#breadcrumb\"},\"inLanguage\":\"lt-LT\",\"potentialAction\":[{\"@type\":\"ReadAction\",\"target\":[\"https:\\\/\\\/anivet.lt\\\/elparduotuve\\\/produktas\\\/pet-susokantis-augalinis-kraikas-naminiams-gyvunams-5l\\\/\"]}]},{\"@type\":\"ImageObject\",\"inLanguage\":\"lt-LT\",\"@id\":\"https:\\\/\\\/anivet.lt\\\/elparduotuve\\\/produktas\\\/pet-susokantis-augalinis-kraikas-naminiams-gyvunams-5l\\\/#primaryimage\",\"url\":\"https:\\\/\\\/anivet.lt\\\/elparduotuve\\\/wp-content\\\/uploads\\\/2024\\\/10\\\/Untitled-design-kraikas-naujas.jpg\",\"contentUrl\":\"https:\\\/\\\/anivet.lt\\\/elparduotuve\\\/wp-content\\\/uploads\\\/2024\\\/10\\\/Untitled-design-kraikas-naujas.jpg\",\"width\":400,\"height\":400,\"caption\":\"PET su\u0161okantis augalinis kraikas naminiams gyv\u016bnams 5l\"},{\"@type\":\"BreadcrumbList\",\"@id\":\"https:\\\/\\\/anivet.lt\\\/elparduotuve\\\/produktas\\\/pet-susokantis-augalinis-kraikas-naminiams-gyvunams-5l\\\/#breadcrumb\",\"itemListElement\":[{\"@type\":\"ListItem\",\"position\":1,\"name\":\"Home\",\"item\":\"https:\\\/\\\/anivet.lt\\\/elparduotuve\\\/\"},{\"@type\":\"ListItem\",\"position\":2,\"name\":\"Produktai\",\"item\":\"https:\\\/\\\/anivet.lt\\\/elparduotuve\\\/produktai\\\/\"},{\"@type\":\"ListItem\",\"position\":3,\"name\":\"PET su\u0161okantis augalinis kraikas naminiams gyv\u016bnams 5l\"}]},{\"@type\":\"WebSite\",\"@id\":\"https:\\\/\\\/anivet.lt\\\/elparduotuve\\\/#website\",\"url\":\"https:\\\/\\\/anivet.lt\\\/elparduotuve\\\/\",\"name\":\"anivet.lt\",\"description\":\"Viskas J\u016bs\u0173 \u0161uns, kat\u0117s prie\u017ei\u016brai\",\"publisher\":{\"@id\":\"https:\\\/\\\/anivet.lt\\\/elparduotuve\\\/#organization\"},\"alternateName\":\"Viskas J\u016bs\u0173 \u0161uns, kat\u0117s prie\u017ei\u016brai\",\"potentialAction\":[{\"@type\":\"SearchAction\",\"target\":{\"@type\":\"EntryPoint\",\"urlTemplate\":\"https:\\\/\\\/anivet.lt\\\/elparduotuve\\\/?s={search_term_string}\"},\"query-input\":{\"@type\":\"PropertyValueSpecification\",\"valueRequired\":true,\"valueName\":\"search_term_string\"}}],\"inLanguage\":\"lt-LT\"},{\"@type\":\"Organization\",\"@id\":\"https:\\\/\\\/anivet.lt\\\/elparduotuve\\\/#organization\",\"name\":\"Viskas J\u016bs\u0173 \u0161uns, kat\u0117s prie\u017ei\u016brai\",\"url\":\"https:\\\/\\\/anivet.lt\\\/elparduotuve\\\/\",\"logo\":{\"@type\":\"ImageObject\",\"inLanguage\":\"lt-LT\",\"@id\":\"https:\\\/\\\/anivet.lt\\\/elparduotuve\\\/#\\\/schema\\\/logo\\\/image\\\/\",\"url\":\"https:\\\/\\\/anivet.lt\\\/elparduotuve\\\/wp-content\\\/uploads\\\/2023\\\/06\\\/logo2.jpg\",\"contentUrl\":\"https:\\\/\\\/anivet.lt\\\/elparduotuve\\\/wp-content\\\/uploads\\\/2023\\\/06\\\/logo2.jpg\",\"width\":655,\"height\":194,\"caption\":\"Viskas J\u016bs\u0173 \u0161uns, kat\u0117s prie\u017ei\u016brai\"},\"image\":{\"@id\":\"https:\\\/\\\/anivet.lt\\\/elparduotuve\\\/#\\\/schema\\\/logo\\\/image\\\/\"}}]}<\/script>\n<!-- \/ Yoast SEO Premium plugin. -->","yoast_head_json":{"title":"PET su\u0161okantis augalinis kraikas naminiams gyv\u016bnams 5l - anivet.lt","description":"Inovatyvus sprendimas j\u016bs\u0173 augintinio komfortui ir j\u016bs\u0173 nam\u0173 \u0161varai. \u0160is kukur\u016bz\u0173 pagrindo kraikas ne tik u\u017etikrina \u0161var\u0105, bet ir puosel\u0117ja j\u016bs\u0173 augintinio sveikat\u0105 bei prisideda prie aplinkos tausojimo.","robots":{"index":"index","follow":"follow","max-snippet":"max-snippet:-1","max-image-preview":"max-image-preview:large","max-video-preview":"max-video-preview:-1"},"canonical":"https:\/\/anivet.lt\/elparduotuve\/produktas\/pet-susokantis-augalinis-kraikas-naminiams-gyvunams-5l\/","og_locale":"lt_LT","og_type":"article","og_title":"PET su\u0161okantis augalinis kraikas naminiams gyv\u016bnams 5l","og_description":"Inovatyvus sprendimas j\u016bs\u0173 augintinio komfortui ir j\u016bs\u0173 nam\u0173 \u0161varai. \u0160is kukur\u016bz\u0173 pagrindo kraikas ne tik u\u017etikrina \u0161var\u0105, bet ir puosel\u0117ja j\u016bs\u0173 augintinio sveikat\u0105 bei prisideda prie aplinkos tausojimo.","og_url":"https:\/\/anivet.lt\/elparduotuve\/produktas\/pet-susokantis-augalinis-kraikas-naminiams-gyvunams-5l\/","og_site_name":"anivet.lt","article_modified_time":"2025-05-27T13:29:14+00:00","og_image":[{"width":400,"height":400,"url":"https:\/\/anivet.lt\/elparduotuve\/wp-content\/uploads\/2024\/10\/Untitled-design-kraikas-naujas.jpg","type":"image\/jpeg"}],"twitter_card":"summary_large_image","twitter_misc":{"Est. reading time":"1 minut\u0117"},"schema":{"@context":"https:\/\/schema.org","@graph":[{"@type":"WebPage","@id":"https:\/\/anivet.lt\/elparduotuve\/produktas\/pet-susokantis-augalinis-kraikas-naminiams-gyvunams-5l\/","url":"https:\/\/anivet.lt\/elparduotuve\/produktas\/pet-susokantis-augalinis-kraikas-naminiams-gyvunams-5l\/","name":"PET su\u0161okantis augalinis kraikas naminiams gyv\u016bnams 5l - anivet.lt","isPartOf":{"@id":"https:\/\/anivet.lt\/elparduotuve\/#website"},"primaryImageOfPage":{"@id":"https:\/\/anivet.lt\/elparduotuve\/produktas\/pet-susokantis-augalinis-kraikas-naminiams-gyvunams-5l\/#primaryimage"},"image":{"@id":"https:\/\/anivet.lt\/elparduotuve\/produktas\/pet-susokantis-augalinis-kraikas-naminiams-gyvunams-5l\/#primaryimage"},"thumbnailUrl":"https:\/\/anivet.lt\/elparduotuve\/wp-content\/uploads\/2024\/10\/Untitled-design-kraikas-naujas.jpg","datePublished":"2024-10-15T11:44:44+00:00","dateModified":"2025-05-27T13:29:14+00:00","description":"Inovatyvus sprendimas j\u016bs\u0173 augintinio komfortui ir j\u016bs\u0173 nam\u0173 \u0161varai. \u0160is kukur\u016bz\u0173 pagrindo kraikas ne tik u\u017etikrina \u0161var\u0105, bet ir puosel\u0117ja j\u016bs\u0173 augintinio sveikat\u0105 bei prisideda prie aplinkos tausojimo.","breadcrumb":{"@id":"https:\/\/anivet.lt\/elparduotuve\/produktas\/pet-susokantis-augalinis-kraikas-naminiams-gyvunams-5l\/#breadcrumb"},"inLanguage":"lt-LT","potentialAction":[{"@type":"ReadAction","target":["https:\/\/anivet.lt\/elparduotuve\/produktas\/pet-susokantis-augalinis-kraikas-naminiams-gyvunams-5l\/"]}]},{"@type":"ImageObject","inLanguage":"lt-LT","@id":"https:\/\/anivet.lt\/elparduotuve\/produktas\/pet-susokantis-augalinis-kraikas-naminiams-gyvunams-5l\/#primaryimage","url":"https:\/\/anivet.lt\/elparduotuve\/wp-content\/uploads\/2024\/10\/Untitled-design-kraikas-naujas.jpg","contentUrl":"https:\/\/anivet.lt\/elparduotuve\/wp-content\/uploads\/2024\/10\/Untitled-design-kraikas-naujas.jpg","width":400,"height":400,"caption":"PET su\u0161okantis augalinis kraikas naminiams gyv\u016bnams 5l"},{"@type":"BreadcrumbList","@id":"https:\/\/anivet.lt\/elparduotuve\/produktas\/pet-susokantis-augalinis-kraikas-naminiams-gyvunams-5l\/#breadcrumb","itemListElement":[{"@type":"ListItem","position":1,"name":"Home","item":"https:\/\/anivet.lt\/elparduotuve\/"},{"@type":"ListItem","position":2,"name":"Produktai","item":"https:\/\/anivet.lt\/elparduotuve\/produktai\/"},{"@type":"ListItem","position":3,"name":"PET su\u0161okantis augalinis kraikas naminiams gyv\u016bnams 5l"}]},{"@type":"WebSite","@id":"https:\/\/anivet.lt\/elparduotuve\/#website","url":"https:\/\/anivet.lt\/elparduotuve\/","name":"anivet.lt","description":"Viskas J\u016bs\u0173 \u0161uns, kat\u0117s prie\u017ei\u016brai","publisher":{"@id":"https:\/\/anivet.lt\/elparduotuve\/#organization"},"alternateName":"Viskas J\u016bs\u0173 \u0161uns, kat\u0117s prie\u017ei\u016brai","potentialAction":[{"@type":"SearchAction","target":{"@type":"EntryPoint","urlTemplate":"https:\/\/anivet.lt\/elparduotuve\/?s={search_term_string}"},"query-input":{"@type":"PropertyValueSpecification","valueRequired":true,"valueName":"search_term_string"}}],"inLanguage":"lt-LT"},{"@type":"Organization","@id":"https:\/\/anivet.lt\/elparduotuve\/#organization","name":"Viskas J\u016bs\u0173 \u0161uns, kat\u0117s prie\u017ei\u016brai","url":"https:\/\/anivet.lt\/elparduotuve\/","logo":{"@type":"ImageObject","inLanguage":"lt-LT","@id":"https:\/\/anivet.lt\/elparduotuve\/#\/schema\/logo\/image\/","url":"https:\/\/anivet.lt\/elparduotuve\/wp-content\/uploads\/2023\/06\/logo2.jpg","contentUrl":"https:\/\/anivet.lt\/elparduotuve\/wp-content\/uploads\/2023\/06\/logo2.jpg","width":655,"height":194,"caption":"Viskas J\u016bs\u0173 \u0161uns, kat\u0117s prie\u017ei\u016brai"},"image":{"@id":"https:\/\/anivet.lt\/elparduotuve\/#\/schema\/logo\/image\/"}}]}},"_links":{"self":[{"href":"https:\/\/anivet.lt\/elparduotuve\/wp-json\/wp\/v2\/product\/14695","targetHints":{"allow":["GET"]}}],"collection":[{"href":"https:\/\/anivet.lt\/elparduotuve\/wp-json\/wp\/v2\/product"}],"about":[{"href":"https:\/\/anivet.lt\/elparduotuve\/wp-json\/wp\/v2\/types\/product"}],"wp:featuredmedia":[{"embeddable":true,"href":"https:\/\/anivet.lt\/elparduotuve\/wp-json\/wp\/v2\/media\/14696"}],"wp:attachment":[{"href":"https:\/\/anivet.lt\/elparduotuve\/wp-json\/wp\/v2\/media?parent=14695"}],"wp:term":[{"taxonomy":"product_brand","embeddable":true,"href":"https:\/\/anivet.lt\/elparduotuve\/wp-json\/wp\/v2\/product_brand?post=14695"},{"taxonomy":"product_cat","embeddable":true,"href":"https:\/\/anivet.lt\/elparduotuve\/wp-json\/wp\/v2\/product_cat?post=14695"},{"taxonomy":"product_tag","embeddable":true,"href":"https:\/\/anivet.lt\/elparduotuve\/wp-json\/wp\/v2\/product_tag?post=14695"}],"curies":[{"name":"wp","href":"https:\/\/api.w.org\/{rel}","templated":true}]}}