{"id":14713,"date":"2024-10-15T20:20:09","date_gmt":"2024-10-15T20:20:09","guid":{"rendered":"https:\/\/anivet.lt\/elparduotuve\/?post_type=product&#038;p=14713"},"modified":"2025-12-29T18:12:28","modified_gmt":"2025-12-29T18:12:28","slug":"selected-puppy-junior-suniukams-ir-jauniems-sunims-vistiena","status":"publish","type":"product","link":"https:\/\/anivet.lt\/elparduotuve\/produktas\/selected-puppy-junior-suniukams-ir-jauniems-sunims-vistiena\/","title":{"rendered":"Nature&#8217;s Variety Selected Puppy-Junior \u0161uniukams ir jauniems \u0161unims (vi\u0161tiena)"},"content":{"rendered":"<ul>\n<li style=\"font-weight: 400;\" aria-level=\"1\"><span style=\"font-weight: 400;\">I\u0161kaulinta vi\u0161tiena (30%): Auk\u0161tos kokyb\u0117s lengvai vir\u0161kinami baltymai raumen\u0173 vystymuisi.<\/span><\/li>\n<li style=\"font-weight: 400;\" aria-level=\"1\"><span style=\"font-weight: 400;\">Begr\u016bd\u0117 sud\u0117tis: Tinka jautresniems \u0161uniukams, vengiant alergen\u0173, esan\u010di\u0173 gr\u016bduose.<\/span><\/li>\n<li style=\"font-weight: 400;\" aria-level=\"1\"><span style=\"font-weight: 400;\">Supermaisto praturtinimas: Dar\u017eov\u0117s, vaisiai ir rudadumbliai palaiko bendr\u0105 \u0161uniuko sveikat\u0105.<\/span><\/li>\n<li style=\"font-weight: 400;\" aria-level=\"1\"><span style=\"font-weight: 400;\">Auk\u0161tas riebal\u0173 kiekis (20%): Suteikia reikaling\u0105 energij\u0105 aktyviam augimui.<\/span><\/li>\n<li style=\"font-weight: 400;\" aria-level=\"1\"><span style=\"font-weight: 400;\">Praturtintas DHR: Svarbus smegen\u0173 vystymuisi ir regos funkcijoms.<\/span><\/li>\n<\/ul>\n<p><span style=\"font-weight: 400;\">\u201eSelected Puppy-Junior\u201d su vi\u0161tiena pasi\u017eymi nat\u016bralia sud\u0117timi ir yra papildytas vaisiais bei dar\u017eov\u0117mis, kurie prisideda prie optimalaus augimo ir vystymosi. Formul\u0117je esantys omega riebal\u0173 r\u016bg\u0161\u010di\u0173 \u0161altiniai, tokie kaip \u017euv\u0173 taukai, padeda palaikyti sveik\u0105 od\u0105 ir blizgant\u012f kail\u012f. Puikus pasirinkimas norint u\u017etikrinti subalansuot\u0105 ir visavert\u0119 mityb\u0105 augan\u010diam \u0161uniukui.<\/span><\/p>\n","protected":false},"excerpt":{"rendered":"<p><span style=\"font-weight: 400;\">Visavertis ir subalansuotas maistas \u0161uniukams nuo 2 iki 12 m\u0117nesi\u0173. Begr\u016bd\u0117 formul\u0117, kurios pagrindinis ingredientas \u2013 i\u0161kaulinta laisvai laikom\u0173 vi\u0161t\u0173 m\u0117sa, puikiai tinka vis\u0173 veisli\u0173 \u0161uniukams.<\/span><\/p>\n","protected":false},"featured_media":14714,"template":"","meta":[],"product_brand":[],"product_cat":[101,103,104,335],"product_tag":[],"class_list":{"0":"post-14713","1":"product","2":"type-product","3":"status-publish","4":"has-post-thumbnail","6":"product_cat-sunims","7":"product_cat-sunu-maistas","8":"product_cat-sausas-maistas","9":"product_cat-natures-variety-sunu-maistas","10":"pa_prekinis-zenklas-natures-variety","12":"first","13":"outofstock","14":"taxable","15":"shipping-taxable","16":"purchasable","17":"product-type-variable"},"yoast_head":"<!-- This site is optimized with the Yoast SEO Premium plugin v27.1 (Yoast SEO v27.3) - https:\/\/yoast.com\/product\/yoast-seo-premium-wordpress\/ -->\n<title>Nature&#039;s Variety Selected Puppy-Junior \u0161uniukams ir jauniems \u0161unims (vi\u0161tiena) - anivet.lt<\/title>\n<meta name=\"description\" content=\"Visavertis ir subalansuotas maistas \u0161uniukams nuo 2 iki 12 m\u0117nesi\u0173. Begr\u016bd\u0117 formul\u0117, kurios pagrindinis ingredientas \u2013 i\u0161kaulinta laisvai laikom\u0173 vi\u0161t\u0173 m\u0117sa, puikiai tinka vis\u0173 veisli\u0173 \u0161uniukams.\" \/>\n<meta name=\"robots\" content=\"index, follow, max-snippet:-1, max-image-preview:large, max-video-preview:-1\" \/>\n<link rel=\"canonical\" href=\"https:\/\/anivet.lt\/elparduotuve\/produktas\/selected-puppy-junior-suniukams-ir-jauniems-sunims-vistiena\/\" \/>\n<meta property=\"og:locale\" content=\"lt_LT\" \/>\n<meta property=\"og:type\" content=\"article\" \/>\n<meta property=\"og:title\" content=\"Nature&#039;s Variety Selected Puppy-Junior \u0161uniukams ir jauniems \u0161unims (vi\u0161tiena)\" \/>\n<meta property=\"og:description\" content=\"Visavertis ir subalansuotas maistas \u0161uniukams nuo 2 iki 12 m\u0117nesi\u0173. Begr\u016bd\u0117 formul\u0117, kurios pagrindinis ingredientas \u2013 i\u0161kaulinta laisvai laikom\u0173 vi\u0161t\u0173 m\u0117sa, puikiai tinka vis\u0173 veisli\u0173 \u0161uniukams.\" \/>\n<meta property=\"og:url\" content=\"https:\/\/anivet.lt\/elparduotuve\/produktas\/selected-puppy-junior-suniukams-ir-jauniems-sunims-vistiena\/\" \/>\n<meta property=\"og:site_name\" content=\"anivet.lt\" \/>\n<meta property=\"article:modified_time\" content=\"2025-12-29T18:12:28+00:00\" \/>\n<meta property=\"og:image\" content=\"https:\/\/anivet.lt\/elparduotuve\/wp-content\/uploads\/2024\/10\/selected-puppy-junior-vistiena.png\" \/>\n\t<meta property=\"og:image:width\" content=\"650\" \/>\n\t<meta property=\"og:image:height\" content=\"650\" \/>\n\t<meta property=\"og:image:type\" content=\"image\/png\" \/>\n<meta name=\"twitter:card\" content=\"summary_large_image\" \/>\n<meta name=\"twitter:label1\" content=\"Est. reading time\" \/>\n\t<meta name=\"twitter:data1\" content=\"1 minut\u0117\" \/>\n<script type=\"application\/ld+json\" class=\"yoast-schema-graph\">{\"@context\":\"https:\\\/\\\/schema.org\",\"@graph\":[{\"@type\":\"WebPage\",\"@id\":\"https:\\\/\\\/anivet.lt\\\/elparduotuve\\\/produktas\\\/selected-puppy-junior-suniukams-ir-jauniems-sunims-vistiena\\\/\",\"url\":\"https:\\\/\\\/anivet.lt\\\/elparduotuve\\\/produktas\\\/selected-puppy-junior-suniukams-ir-jauniems-sunims-vistiena\\\/\",\"name\":\"Nature's Variety Selected Puppy-Junior \u0161uniukams ir jauniems \u0161unims (vi\u0161tiena) - anivet.lt\",\"isPartOf\":{\"@id\":\"https:\\\/\\\/anivet.lt\\\/elparduotuve\\\/#website\"},\"primaryImageOfPage\":{\"@id\":\"https:\\\/\\\/anivet.lt\\\/elparduotuve\\\/produktas\\\/selected-puppy-junior-suniukams-ir-jauniems-sunims-vistiena\\\/#primaryimage\"},\"image\":{\"@id\":\"https:\\\/\\\/anivet.lt\\\/elparduotuve\\\/produktas\\\/selected-puppy-junior-suniukams-ir-jauniems-sunims-vistiena\\\/#primaryimage\"},\"thumbnailUrl\":\"https:\\\/\\\/anivet.lt\\\/elparduotuve\\\/wp-content\\\/uploads\\\/2024\\\/10\\\/selected-puppy-junior-vistiena.png\",\"datePublished\":\"2024-10-15T20:20:09+00:00\",\"dateModified\":\"2025-12-29T18:12:28+00:00\",\"description\":\"Visavertis ir subalansuotas maistas \u0161uniukams nuo 2 iki 12 m\u0117nesi\u0173. Begr\u016bd\u0117 formul\u0117, kurios pagrindinis ingredientas \u2013 i\u0161kaulinta laisvai laikom\u0173 vi\u0161t\u0173 m\u0117sa, puikiai tinka vis\u0173 veisli\u0173 \u0161uniukams.\",\"breadcrumb\":{\"@id\":\"https:\\\/\\\/anivet.lt\\\/elparduotuve\\\/produktas\\\/selected-puppy-junior-suniukams-ir-jauniems-sunims-vistiena\\\/#breadcrumb\"},\"inLanguage\":\"lt-LT\",\"potentialAction\":[{\"@type\":\"ReadAction\",\"target\":[\"https:\\\/\\\/anivet.lt\\\/elparduotuve\\\/produktas\\\/selected-puppy-junior-suniukams-ir-jauniems-sunims-vistiena\\\/\"]}]},{\"@type\":\"ImageObject\",\"inLanguage\":\"lt-LT\",\"@id\":\"https:\\\/\\\/anivet.lt\\\/elparduotuve\\\/produktas\\\/selected-puppy-junior-suniukams-ir-jauniems-sunims-vistiena\\\/#primaryimage\",\"url\":\"https:\\\/\\\/anivet.lt\\\/elparduotuve\\\/wp-content\\\/uploads\\\/2024\\\/10\\\/selected-puppy-junior-vistiena.png\",\"contentUrl\":\"https:\\\/\\\/anivet.lt\\\/elparduotuve\\\/wp-content\\\/uploads\\\/2024\\\/10\\\/selected-puppy-junior-vistiena.png\",\"width\":650,\"height\":650,\"caption\":\"Nature's Variety Selected Puppy-Junior \u0161uniukams ir jauniems \u0161unims (vi\u0161tiena)\"},{\"@type\":\"BreadcrumbList\",\"@id\":\"https:\\\/\\\/anivet.lt\\\/elparduotuve\\\/produktas\\\/selected-puppy-junior-suniukams-ir-jauniems-sunims-vistiena\\\/#breadcrumb\",\"itemListElement\":[{\"@type\":\"ListItem\",\"position\":1,\"name\":\"Home\",\"item\":\"https:\\\/\\\/anivet.lt\\\/elparduotuve\\\/\"},{\"@type\":\"ListItem\",\"position\":2,\"name\":\"Produktai\",\"item\":\"https:\\\/\\\/anivet.lt\\\/elparduotuve\\\/produktai\\\/\"},{\"@type\":\"ListItem\",\"position\":3,\"name\":\"Nature&#8217;s Variety Selected Puppy-Junior \u0161uniukams ir jauniems \u0161unims (vi\u0161tiena)\"}]},{\"@type\":\"WebSite\",\"@id\":\"https:\\\/\\\/anivet.lt\\\/elparduotuve\\\/#website\",\"url\":\"https:\\\/\\\/anivet.lt\\\/elparduotuve\\\/\",\"name\":\"anivet.lt\",\"description\":\"Viskas J\u016bs\u0173 \u0161uns, kat\u0117s prie\u017ei\u016brai\",\"publisher\":{\"@id\":\"https:\\\/\\\/anivet.lt\\\/elparduotuve\\\/#organization\"},\"alternateName\":\"Viskas J\u016bs\u0173 \u0161uns, kat\u0117s prie\u017ei\u016brai\",\"potentialAction\":[{\"@type\":\"SearchAction\",\"target\":{\"@type\":\"EntryPoint\",\"urlTemplate\":\"https:\\\/\\\/anivet.lt\\\/elparduotuve\\\/?s={search_term_string}\"},\"query-input\":{\"@type\":\"PropertyValueSpecification\",\"valueRequired\":true,\"valueName\":\"search_term_string\"}}],\"inLanguage\":\"lt-LT\"},{\"@type\":\"Organization\",\"@id\":\"https:\\\/\\\/anivet.lt\\\/elparduotuve\\\/#organization\",\"name\":\"Viskas J\u016bs\u0173 \u0161uns, kat\u0117s prie\u017ei\u016brai\",\"url\":\"https:\\\/\\\/anivet.lt\\\/elparduotuve\\\/\",\"logo\":{\"@type\":\"ImageObject\",\"inLanguage\":\"lt-LT\",\"@id\":\"https:\\\/\\\/anivet.lt\\\/elparduotuve\\\/#\\\/schema\\\/logo\\\/image\\\/\",\"url\":\"https:\\\/\\\/anivet.lt\\\/elparduotuve\\\/wp-content\\\/uploads\\\/2023\\\/06\\\/logo2.jpg\",\"contentUrl\":\"https:\\\/\\\/anivet.lt\\\/elparduotuve\\\/wp-content\\\/uploads\\\/2023\\\/06\\\/logo2.jpg\",\"width\":655,\"height\":194,\"caption\":\"Viskas J\u016bs\u0173 \u0161uns, kat\u0117s prie\u017ei\u016brai\"},\"image\":{\"@id\":\"https:\\\/\\\/anivet.lt\\\/elparduotuve\\\/#\\\/schema\\\/logo\\\/image\\\/\"}}]}<\/script>\n<!-- \/ Yoast SEO Premium plugin. -->","yoast_head_json":{"title":"Nature's Variety Selected Puppy-Junior \u0161uniukams ir jauniems \u0161unims (vi\u0161tiena) - anivet.lt","description":"Visavertis ir subalansuotas maistas \u0161uniukams nuo 2 iki 12 m\u0117nesi\u0173. Begr\u016bd\u0117 formul\u0117, kurios pagrindinis ingredientas \u2013 i\u0161kaulinta laisvai laikom\u0173 vi\u0161t\u0173 m\u0117sa, puikiai tinka vis\u0173 veisli\u0173 \u0161uniukams.","robots":{"index":"index","follow":"follow","max-snippet":"max-snippet:-1","max-image-preview":"max-image-preview:large","max-video-preview":"max-video-preview:-1"},"canonical":"https:\/\/anivet.lt\/elparduotuve\/produktas\/selected-puppy-junior-suniukams-ir-jauniems-sunims-vistiena\/","og_locale":"lt_LT","og_type":"article","og_title":"Nature's Variety Selected Puppy-Junior \u0161uniukams ir jauniems \u0161unims (vi\u0161tiena)","og_description":"Visavertis ir subalansuotas maistas \u0161uniukams nuo 2 iki 12 m\u0117nesi\u0173. Begr\u016bd\u0117 formul\u0117, kurios pagrindinis ingredientas \u2013 i\u0161kaulinta laisvai laikom\u0173 vi\u0161t\u0173 m\u0117sa, puikiai tinka vis\u0173 veisli\u0173 \u0161uniukams.","og_url":"https:\/\/anivet.lt\/elparduotuve\/produktas\/selected-puppy-junior-suniukams-ir-jauniems-sunims-vistiena\/","og_site_name":"anivet.lt","article_modified_time":"2025-12-29T18:12:28+00:00","og_image":[{"width":650,"height":650,"url":"https:\/\/anivet.lt\/elparduotuve\/wp-content\/uploads\/2024\/10\/selected-puppy-junior-vistiena.png","type":"image\/png"}],"twitter_card":"summary_large_image","twitter_misc":{"Est. reading time":"1 minut\u0117"},"schema":{"@context":"https:\/\/schema.org","@graph":[{"@type":"WebPage","@id":"https:\/\/anivet.lt\/elparduotuve\/produktas\/selected-puppy-junior-suniukams-ir-jauniems-sunims-vistiena\/","url":"https:\/\/anivet.lt\/elparduotuve\/produktas\/selected-puppy-junior-suniukams-ir-jauniems-sunims-vistiena\/","name":"Nature's Variety Selected Puppy-Junior \u0161uniukams ir jauniems \u0161unims (vi\u0161tiena) - anivet.lt","isPartOf":{"@id":"https:\/\/anivet.lt\/elparduotuve\/#website"},"primaryImageOfPage":{"@id":"https:\/\/anivet.lt\/elparduotuve\/produktas\/selected-puppy-junior-suniukams-ir-jauniems-sunims-vistiena\/#primaryimage"},"image":{"@id":"https:\/\/anivet.lt\/elparduotuve\/produktas\/selected-puppy-junior-suniukams-ir-jauniems-sunims-vistiena\/#primaryimage"},"thumbnailUrl":"https:\/\/anivet.lt\/elparduotuve\/wp-content\/uploads\/2024\/10\/selected-puppy-junior-vistiena.png","datePublished":"2024-10-15T20:20:09+00:00","dateModified":"2025-12-29T18:12:28+00:00","description":"Visavertis ir subalansuotas maistas \u0161uniukams nuo 2 iki 12 m\u0117nesi\u0173. Begr\u016bd\u0117 formul\u0117, kurios pagrindinis ingredientas \u2013 i\u0161kaulinta laisvai laikom\u0173 vi\u0161t\u0173 m\u0117sa, puikiai tinka vis\u0173 veisli\u0173 \u0161uniukams.","breadcrumb":{"@id":"https:\/\/anivet.lt\/elparduotuve\/produktas\/selected-puppy-junior-suniukams-ir-jauniems-sunims-vistiena\/#breadcrumb"},"inLanguage":"lt-LT","potentialAction":[{"@type":"ReadAction","target":["https:\/\/anivet.lt\/elparduotuve\/produktas\/selected-puppy-junior-suniukams-ir-jauniems-sunims-vistiena\/"]}]},{"@type":"ImageObject","inLanguage":"lt-LT","@id":"https:\/\/anivet.lt\/elparduotuve\/produktas\/selected-puppy-junior-suniukams-ir-jauniems-sunims-vistiena\/#primaryimage","url":"https:\/\/anivet.lt\/elparduotuve\/wp-content\/uploads\/2024\/10\/selected-puppy-junior-vistiena.png","contentUrl":"https:\/\/anivet.lt\/elparduotuve\/wp-content\/uploads\/2024\/10\/selected-puppy-junior-vistiena.png","width":650,"height":650,"caption":"Nature's Variety Selected Puppy-Junior \u0161uniukams ir jauniems \u0161unims (vi\u0161tiena)"},{"@type":"BreadcrumbList","@id":"https:\/\/anivet.lt\/elparduotuve\/produktas\/selected-puppy-junior-suniukams-ir-jauniems-sunims-vistiena\/#breadcrumb","itemListElement":[{"@type":"ListItem","position":1,"name":"Home","item":"https:\/\/anivet.lt\/elparduotuve\/"},{"@type":"ListItem","position":2,"name":"Produktai","item":"https:\/\/anivet.lt\/elparduotuve\/produktai\/"},{"@type":"ListItem","position":3,"name":"Nature&#8217;s Variety Selected Puppy-Junior \u0161uniukams ir jauniems \u0161unims (vi\u0161tiena)"}]},{"@type":"WebSite","@id":"https:\/\/anivet.lt\/elparduotuve\/#website","url":"https:\/\/anivet.lt\/elparduotuve\/","name":"anivet.lt","description":"Viskas J\u016bs\u0173 \u0161uns, kat\u0117s prie\u017ei\u016brai","publisher":{"@id":"https:\/\/anivet.lt\/elparduotuve\/#organization"},"alternateName":"Viskas J\u016bs\u0173 \u0161uns, kat\u0117s prie\u017ei\u016brai","potentialAction":[{"@type":"SearchAction","target":{"@type":"EntryPoint","urlTemplate":"https:\/\/anivet.lt\/elparduotuve\/?s={search_term_string}"},"query-input":{"@type":"PropertyValueSpecification","valueRequired":true,"valueName":"search_term_string"}}],"inLanguage":"lt-LT"},{"@type":"Organization","@id":"https:\/\/anivet.lt\/elparduotuve\/#organization","name":"Viskas J\u016bs\u0173 \u0161uns, kat\u0117s prie\u017ei\u016brai","url":"https:\/\/anivet.lt\/elparduotuve\/","logo":{"@type":"ImageObject","inLanguage":"lt-LT","@id":"https:\/\/anivet.lt\/elparduotuve\/#\/schema\/logo\/image\/","url":"https:\/\/anivet.lt\/elparduotuve\/wp-content\/uploads\/2023\/06\/logo2.jpg","contentUrl":"https:\/\/anivet.lt\/elparduotuve\/wp-content\/uploads\/2023\/06\/logo2.jpg","width":655,"height":194,"caption":"Viskas J\u016bs\u0173 \u0161uns, kat\u0117s prie\u017ei\u016brai"},"image":{"@id":"https:\/\/anivet.lt\/elparduotuve\/#\/schema\/logo\/image\/"}}]}},"_links":{"self":[{"href":"https:\/\/anivet.lt\/elparduotuve\/wp-json\/wp\/v2\/product\/14713","targetHints":{"allow":["GET"]}}],"collection":[{"href":"https:\/\/anivet.lt\/elparduotuve\/wp-json\/wp\/v2\/product"}],"about":[{"href":"https:\/\/anivet.lt\/elparduotuve\/wp-json\/wp\/v2\/types\/product"}],"wp:featuredmedia":[{"embeddable":true,"href":"https:\/\/anivet.lt\/elparduotuve\/wp-json\/wp\/v2\/media\/14714"}],"wp:attachment":[{"href":"https:\/\/anivet.lt\/elparduotuve\/wp-json\/wp\/v2\/media?parent=14713"}],"wp:term":[{"taxonomy":"product_brand","embeddable":true,"href":"https:\/\/anivet.lt\/elparduotuve\/wp-json\/wp\/v2\/product_brand?post=14713"},{"taxonomy":"product_cat","embeddable":true,"href":"https:\/\/anivet.lt\/elparduotuve\/wp-json\/wp\/v2\/product_cat?post=14713"},{"taxonomy":"product_tag","embeddable":true,"href":"https:\/\/anivet.lt\/elparduotuve\/wp-json\/wp\/v2\/product_tag?post=14713"}],"curies":[{"name":"wp","href":"https:\/\/api.w.org\/{rel}","templated":true}]}}