{"id":14717,"date":"2024-10-15T20:27:18","date_gmt":"2024-10-15T20:27:18","guid":{"rendered":"https:\/\/anivet.lt\/elparduotuve\/?post_type=product&#038;p=14717"},"modified":"2026-03-02T15:03:08","modified_gmt":"2026-03-02T15:03:08","slug":"selected-medium-maxi-adult-suaugusiems-sunims-vistiena","status":"publish","type":"product","link":"https:\/\/anivet.lt\/elparduotuve\/produktas\/selected-medium-maxi-adult-suaugusiems-sunims-vistiena\/","title":{"rendered":"Nature&#8217;s Variety Selected Medium\/Maxi Adult suaugusiems \u0161unims (vi\u0161tiena)"},"content":{"rendered":"<ul>\n<li style=\"font-weight: 400;\" aria-level=\"1\"><span style=\"font-weight: 400;\">Auk\u0161tos kokyb\u0117s vi\u0161tiena: Sud\u0117tyje esanti laisvai laikom\u0173 vi\u0161t\u0173 m\u0117sa (30%) ir d\u017eiovinti vi\u0161tienos baltymai (22%) palaiko raumen\u0173 mas\u0119 ir energij\u0105.<\/span><\/li>\n<li style=\"font-weight: 400;\" aria-level=\"1\"><span style=\"font-weight: 400;\">Be gr\u016bd\u0173: Puikiai tinka \u0161unims, kurie netoleruoja gr\u016bd\u0173 ar glitimo, palaikant sveik\u0105 vir\u0161kinim\u0105.<\/span><\/li>\n<li style=\"font-weight: 400;\" aria-level=\"1\"><span style=\"font-weight: 400;\">Dar\u017eovi\u0173 ir vaisi\u0173 gausa: Morkos, brokoliai ir obuoliai suteikia papildom\u0173 vitamin\u0173 ir antioksidant\u0173, stiprinan\u010di\u0173 imunin\u0119 sistem\u0105.<\/span><\/li>\n<li style=\"font-weight: 400;\" aria-level=\"1\"><span style=\"font-weight: 400;\">Nat\u016bral\u016bs ingredientai: Sud\u0117tyje esanti cikorijos \u0161aknis gerina vir\u0161kinim\u0105, o rozmarinas palaiko nat\u016bral\u0173 organizmo apsaug\u0105.<\/span><\/li>\n<li style=\"font-weight: 400;\" aria-level=\"1\"><span style=\"font-weight: 400;\">Omega riebal\u0173 r\u016bg\u0161tys: Omega-3 ir Omega-6 riebalai u\u017etikrina sveik\u0105 od\u0105 ir blizgant\u012f kail\u012f.<\/span><\/li>\n<\/ul>\n<p><span style=\"font-weight: 400;\">\u0160is maistas puikiai subalansuoja nat\u016bralias sudedam\u0105sias dalis, u\u017etikrindamas j\u016bs\u0173 \u0161uns energij\u0105 ir ger\u0105 sveikat\u0105. Idealiai tinka kasdieniam \u0161\u0117rimui, u\u017etikrinant stipr\u0173 k\u016bn\u0105 ir ilg\u0105 gyvenim\u0105.<\/span><\/p>\n","protected":false},"excerpt":{"rendered":"<p><span style=\"font-weight: 400;\">Begr\u016bdis ir pilnai subalansuotas maistas, sukurtas suaugusiems \u0161unims. Pagrindinis ingredientas \u2013 i\u0161kaulinta laisvai laikom\u0173 vi\u0161t\u0173 m\u0117sa, suteikianti auk\u0161tos kokyb\u0117s baltymus. Sud\u0117tyje gausu dar\u017eovi\u0173, vaisi\u0173 ir nat\u016brali\u0173 angliavandeni\u0173 \u0161altini\u0173, u\u017etikrinan\u010di\u0173 visavert\u0119 mityb\u0105.<\/span><\/p>\n","protected":false},"featured_media":14718,"template":"","meta":[],"product_brand":[],"product_cat":[101,103,104,335],"product_tag":[],"class_list":{"0":"post-14717","1":"product","2":"type-product","3":"status-publish","4":"has-post-thumbnail","6":"product_cat-sunims","7":"product_cat-sunu-maistas","8":"product_cat-sausas-maistas","9":"product_cat-natures-variety-sunu-maistas","10":"pa_prekinis-zenklas-natures-variety","12":"first","13":"instock","14":"taxable","15":"shipping-taxable","16":"purchasable","17":"product-type-simple"},"yoast_head":"<!-- This site is optimized with the Yoast SEO Premium plugin v27.1 (Yoast SEO v27.5) - https:\/\/yoast.com\/product\/yoast-seo-premium-wordpress\/ -->\n<title>Nature&#039;s Variety Selected Medium\/Maxi Adult suaugusiems \u0161unims (vi\u0161tiena) - anivet.lt<\/title>\n<meta name=\"description\" content=\"Begr\u016bdis ir pilnai subalansuotas maistas, sukurtas suaugusiems \u0161unims. Pagrindinis ingredientas \u2013 i\u0161kaulinta laisvai laikom\u0173 vi\u0161t\u0173 m\u0117sa, suteikianti auk\u0161tos kokyb\u0117s baltymus. Sud\u0117tyje gausu dar\u017eovi\u0173, vaisi\u0173 ir nat\u016brali\u0173 angliavandeni\u0173 \u0161altini\u0173, u\u017etikrinan\u010di\u0173 visavert\u0119 mityb\u0105.\" \/>\n<meta name=\"robots\" content=\"index, follow, max-snippet:-1, max-image-preview:large, max-video-preview:-1\" \/>\n<link rel=\"canonical\" href=\"https:\/\/anivet.lt\/elparduotuve\/produktas\/selected-medium-maxi-adult-suaugusiems-sunims-vistiena\/\" \/>\n<meta property=\"og:locale\" content=\"lt_LT\" \/>\n<meta property=\"og:type\" content=\"article\" \/>\n<meta property=\"og:title\" content=\"Nature&#039;s Variety Selected Medium\/Maxi Adult suaugusiems \u0161unims (vi\u0161tiena)\" \/>\n<meta property=\"og:description\" content=\"Begr\u016bdis ir pilnai subalansuotas maistas, sukurtas suaugusiems \u0161unims. Pagrindinis ingredientas \u2013 i\u0161kaulinta laisvai laikom\u0173 vi\u0161t\u0173 m\u0117sa, suteikianti auk\u0161tos kokyb\u0117s baltymus. Sud\u0117tyje gausu dar\u017eovi\u0173, vaisi\u0173 ir nat\u016brali\u0173 angliavandeni\u0173 \u0161altini\u0173, u\u017etikrinan\u010di\u0173 visavert\u0119 mityb\u0105.\" \/>\n<meta property=\"og:url\" content=\"https:\/\/anivet.lt\/elparduotuve\/produktas\/selected-medium-maxi-adult-suaugusiems-sunims-vistiena\/\" \/>\n<meta property=\"og:site_name\" content=\"anivet.lt\" \/>\n<meta property=\"article:modified_time\" content=\"2026-03-02T15:03:08+00:00\" \/>\n<meta property=\"og:image\" content=\"https:\/\/anivet.lt\/elparduotuve\/wp-content\/uploads\/2024\/10\/selected-med-max-adult-vistiena-12-kg.png\" \/>\n\t<meta property=\"og:image:width\" content=\"650\" \/>\n\t<meta property=\"og:image:height\" content=\"650\" \/>\n\t<meta property=\"og:image:type\" content=\"image\/png\" \/>\n<meta name=\"twitter:card\" content=\"summary_large_image\" \/>\n<meta name=\"twitter:label1\" content=\"Est. reading time\" \/>\n\t<meta name=\"twitter:data1\" content=\"1 minut\u0117\" \/>\n<script type=\"application\/ld+json\" class=\"yoast-schema-graph\">{\"@context\":\"https:\\\/\\\/schema.org\",\"@graph\":[{\"@type\":\"WebPage\",\"@id\":\"https:\\\/\\\/anivet.lt\\\/elparduotuve\\\/produktas\\\/selected-medium-maxi-adult-suaugusiems-sunims-vistiena\\\/\",\"url\":\"https:\\\/\\\/anivet.lt\\\/elparduotuve\\\/produktas\\\/selected-medium-maxi-adult-suaugusiems-sunims-vistiena\\\/\",\"name\":\"Nature's Variety Selected Medium\\\/Maxi Adult suaugusiems \u0161unims (vi\u0161tiena) - anivet.lt\",\"isPartOf\":{\"@id\":\"https:\\\/\\\/anivet.lt\\\/elparduotuve\\\/#website\"},\"primaryImageOfPage\":{\"@id\":\"https:\\\/\\\/anivet.lt\\\/elparduotuve\\\/produktas\\\/selected-medium-maxi-adult-suaugusiems-sunims-vistiena\\\/#primaryimage\"},\"image\":{\"@id\":\"https:\\\/\\\/anivet.lt\\\/elparduotuve\\\/produktas\\\/selected-medium-maxi-adult-suaugusiems-sunims-vistiena\\\/#primaryimage\"},\"thumbnailUrl\":\"https:\\\/\\\/anivet.lt\\\/elparduotuve\\\/wp-content\\\/uploads\\\/2024\\\/10\\\/selected-med-max-adult-vistiena-12-kg.png\",\"datePublished\":\"2024-10-15T20:27:18+00:00\",\"dateModified\":\"2026-03-02T15:03:08+00:00\",\"description\":\"Begr\u016bdis ir pilnai subalansuotas maistas, sukurtas suaugusiems \u0161unims. Pagrindinis ingredientas \u2013 i\u0161kaulinta laisvai laikom\u0173 vi\u0161t\u0173 m\u0117sa, suteikianti auk\u0161tos kokyb\u0117s baltymus. Sud\u0117tyje gausu dar\u017eovi\u0173, vaisi\u0173 ir nat\u016brali\u0173 angliavandeni\u0173 \u0161altini\u0173, u\u017etikrinan\u010di\u0173 visavert\u0119 mityb\u0105.\",\"breadcrumb\":{\"@id\":\"https:\\\/\\\/anivet.lt\\\/elparduotuve\\\/produktas\\\/selected-medium-maxi-adult-suaugusiems-sunims-vistiena\\\/#breadcrumb\"},\"inLanguage\":\"lt-LT\",\"potentialAction\":[{\"@type\":\"ReadAction\",\"target\":[\"https:\\\/\\\/anivet.lt\\\/elparduotuve\\\/produktas\\\/selected-medium-maxi-adult-suaugusiems-sunims-vistiena\\\/\"]}]},{\"@type\":\"ImageObject\",\"inLanguage\":\"lt-LT\",\"@id\":\"https:\\\/\\\/anivet.lt\\\/elparduotuve\\\/produktas\\\/selected-medium-maxi-adult-suaugusiems-sunims-vistiena\\\/#primaryimage\",\"url\":\"https:\\\/\\\/anivet.lt\\\/elparduotuve\\\/wp-content\\\/uploads\\\/2024\\\/10\\\/selected-med-max-adult-vistiena-12-kg.png\",\"contentUrl\":\"https:\\\/\\\/anivet.lt\\\/elparduotuve\\\/wp-content\\\/uploads\\\/2024\\\/10\\\/selected-med-max-adult-vistiena-12-kg.png\",\"width\":650,\"height\":650,\"caption\":\"Nature's Variety Selected Medium\\\/Maxi Adult suaugusiems \u0161unims (vi\u0161tiena)\"},{\"@type\":\"BreadcrumbList\",\"@id\":\"https:\\\/\\\/anivet.lt\\\/elparduotuve\\\/produktas\\\/selected-medium-maxi-adult-suaugusiems-sunims-vistiena\\\/#breadcrumb\",\"itemListElement\":[{\"@type\":\"ListItem\",\"position\":1,\"name\":\"Home\",\"item\":\"https:\\\/\\\/anivet.lt\\\/elparduotuve\\\/\"},{\"@type\":\"ListItem\",\"position\":2,\"name\":\"Produktai\",\"item\":\"https:\\\/\\\/anivet.lt\\\/elparduotuve\\\/produktai\\\/\"},{\"@type\":\"ListItem\",\"position\":3,\"name\":\"Nature&#8217;s Variety Selected Medium\\\/Maxi Adult suaugusiems \u0161unims (vi\u0161tiena)\"}]},{\"@type\":\"WebSite\",\"@id\":\"https:\\\/\\\/anivet.lt\\\/elparduotuve\\\/#website\",\"url\":\"https:\\\/\\\/anivet.lt\\\/elparduotuve\\\/\",\"name\":\"anivet.lt\",\"description\":\"Viskas J\u016bs\u0173 \u0161uns, kat\u0117s prie\u017ei\u016brai\",\"publisher\":{\"@id\":\"https:\\\/\\\/anivet.lt\\\/elparduotuve\\\/#organization\"},\"alternateName\":\"Viskas J\u016bs\u0173 \u0161uns, kat\u0117s prie\u017ei\u016brai\",\"potentialAction\":[{\"@type\":\"SearchAction\",\"target\":{\"@type\":\"EntryPoint\",\"urlTemplate\":\"https:\\\/\\\/anivet.lt\\\/elparduotuve\\\/?s={search_term_string}\"},\"query-input\":{\"@type\":\"PropertyValueSpecification\",\"valueRequired\":true,\"valueName\":\"search_term_string\"}}],\"inLanguage\":\"lt-LT\"},{\"@type\":\"Organization\",\"@id\":\"https:\\\/\\\/anivet.lt\\\/elparduotuve\\\/#organization\",\"name\":\"Viskas J\u016bs\u0173 \u0161uns, kat\u0117s prie\u017ei\u016brai\",\"url\":\"https:\\\/\\\/anivet.lt\\\/elparduotuve\\\/\",\"logo\":{\"@type\":\"ImageObject\",\"inLanguage\":\"lt-LT\",\"@id\":\"https:\\\/\\\/anivet.lt\\\/elparduotuve\\\/#\\\/schema\\\/logo\\\/image\\\/\",\"url\":\"https:\\\/\\\/anivet.lt\\\/elparduotuve\\\/wp-content\\\/uploads\\\/2023\\\/06\\\/logo2.jpg\",\"contentUrl\":\"https:\\\/\\\/anivet.lt\\\/elparduotuve\\\/wp-content\\\/uploads\\\/2023\\\/06\\\/logo2.jpg\",\"width\":655,\"height\":194,\"caption\":\"Viskas J\u016bs\u0173 \u0161uns, kat\u0117s prie\u017ei\u016brai\"},\"image\":{\"@id\":\"https:\\\/\\\/anivet.lt\\\/elparduotuve\\\/#\\\/schema\\\/logo\\\/image\\\/\"}}]}<\/script>\n<!-- \/ Yoast SEO Premium plugin. -->","yoast_head_json":{"title":"Nature's Variety Selected Medium\/Maxi Adult suaugusiems \u0161unims (vi\u0161tiena) - anivet.lt","description":"Begr\u016bdis ir pilnai subalansuotas maistas, sukurtas suaugusiems \u0161unims. Pagrindinis ingredientas \u2013 i\u0161kaulinta laisvai laikom\u0173 vi\u0161t\u0173 m\u0117sa, suteikianti auk\u0161tos kokyb\u0117s baltymus. Sud\u0117tyje gausu dar\u017eovi\u0173, vaisi\u0173 ir nat\u016brali\u0173 angliavandeni\u0173 \u0161altini\u0173, u\u017etikrinan\u010di\u0173 visavert\u0119 mityb\u0105.","robots":{"index":"index","follow":"follow","max-snippet":"max-snippet:-1","max-image-preview":"max-image-preview:large","max-video-preview":"max-video-preview:-1"},"canonical":"https:\/\/anivet.lt\/elparduotuve\/produktas\/selected-medium-maxi-adult-suaugusiems-sunims-vistiena\/","og_locale":"lt_LT","og_type":"article","og_title":"Nature's Variety Selected Medium\/Maxi Adult suaugusiems \u0161unims (vi\u0161tiena)","og_description":"Begr\u016bdis ir pilnai subalansuotas maistas, sukurtas suaugusiems \u0161unims. Pagrindinis ingredientas \u2013 i\u0161kaulinta laisvai laikom\u0173 vi\u0161t\u0173 m\u0117sa, suteikianti auk\u0161tos kokyb\u0117s baltymus. Sud\u0117tyje gausu dar\u017eovi\u0173, vaisi\u0173 ir nat\u016brali\u0173 angliavandeni\u0173 \u0161altini\u0173, u\u017etikrinan\u010di\u0173 visavert\u0119 mityb\u0105.","og_url":"https:\/\/anivet.lt\/elparduotuve\/produktas\/selected-medium-maxi-adult-suaugusiems-sunims-vistiena\/","og_site_name":"anivet.lt","article_modified_time":"2026-03-02T15:03:08+00:00","og_image":[{"width":650,"height":650,"url":"https:\/\/anivet.lt\/elparduotuve\/wp-content\/uploads\/2024\/10\/selected-med-max-adult-vistiena-12-kg.png","type":"image\/png"}],"twitter_card":"summary_large_image","twitter_misc":{"Est. reading time":"1 minut\u0117"},"schema":{"@context":"https:\/\/schema.org","@graph":[{"@type":"WebPage","@id":"https:\/\/anivet.lt\/elparduotuve\/produktas\/selected-medium-maxi-adult-suaugusiems-sunims-vistiena\/","url":"https:\/\/anivet.lt\/elparduotuve\/produktas\/selected-medium-maxi-adult-suaugusiems-sunims-vistiena\/","name":"Nature's Variety Selected Medium\/Maxi Adult suaugusiems \u0161unims (vi\u0161tiena) - anivet.lt","isPartOf":{"@id":"https:\/\/anivet.lt\/elparduotuve\/#website"},"primaryImageOfPage":{"@id":"https:\/\/anivet.lt\/elparduotuve\/produktas\/selected-medium-maxi-adult-suaugusiems-sunims-vistiena\/#primaryimage"},"image":{"@id":"https:\/\/anivet.lt\/elparduotuve\/produktas\/selected-medium-maxi-adult-suaugusiems-sunims-vistiena\/#primaryimage"},"thumbnailUrl":"https:\/\/anivet.lt\/elparduotuve\/wp-content\/uploads\/2024\/10\/selected-med-max-adult-vistiena-12-kg.png","datePublished":"2024-10-15T20:27:18+00:00","dateModified":"2026-03-02T15:03:08+00:00","description":"Begr\u016bdis ir pilnai subalansuotas maistas, sukurtas suaugusiems \u0161unims. Pagrindinis ingredientas \u2013 i\u0161kaulinta laisvai laikom\u0173 vi\u0161t\u0173 m\u0117sa, suteikianti auk\u0161tos kokyb\u0117s baltymus. Sud\u0117tyje gausu dar\u017eovi\u0173, vaisi\u0173 ir nat\u016brali\u0173 angliavandeni\u0173 \u0161altini\u0173, u\u017etikrinan\u010di\u0173 visavert\u0119 mityb\u0105.","breadcrumb":{"@id":"https:\/\/anivet.lt\/elparduotuve\/produktas\/selected-medium-maxi-adult-suaugusiems-sunims-vistiena\/#breadcrumb"},"inLanguage":"lt-LT","potentialAction":[{"@type":"ReadAction","target":["https:\/\/anivet.lt\/elparduotuve\/produktas\/selected-medium-maxi-adult-suaugusiems-sunims-vistiena\/"]}]},{"@type":"ImageObject","inLanguage":"lt-LT","@id":"https:\/\/anivet.lt\/elparduotuve\/produktas\/selected-medium-maxi-adult-suaugusiems-sunims-vistiena\/#primaryimage","url":"https:\/\/anivet.lt\/elparduotuve\/wp-content\/uploads\/2024\/10\/selected-med-max-adult-vistiena-12-kg.png","contentUrl":"https:\/\/anivet.lt\/elparduotuve\/wp-content\/uploads\/2024\/10\/selected-med-max-adult-vistiena-12-kg.png","width":650,"height":650,"caption":"Nature's Variety Selected Medium\/Maxi Adult suaugusiems \u0161unims (vi\u0161tiena)"},{"@type":"BreadcrumbList","@id":"https:\/\/anivet.lt\/elparduotuve\/produktas\/selected-medium-maxi-adult-suaugusiems-sunims-vistiena\/#breadcrumb","itemListElement":[{"@type":"ListItem","position":1,"name":"Home","item":"https:\/\/anivet.lt\/elparduotuve\/"},{"@type":"ListItem","position":2,"name":"Produktai","item":"https:\/\/anivet.lt\/elparduotuve\/produktai\/"},{"@type":"ListItem","position":3,"name":"Nature&#8217;s Variety Selected Medium\/Maxi Adult suaugusiems \u0161unims (vi\u0161tiena)"}]},{"@type":"WebSite","@id":"https:\/\/anivet.lt\/elparduotuve\/#website","url":"https:\/\/anivet.lt\/elparduotuve\/","name":"anivet.lt","description":"Viskas J\u016bs\u0173 \u0161uns, kat\u0117s prie\u017ei\u016brai","publisher":{"@id":"https:\/\/anivet.lt\/elparduotuve\/#organization"},"alternateName":"Viskas J\u016bs\u0173 \u0161uns, kat\u0117s prie\u017ei\u016brai","potentialAction":[{"@type":"SearchAction","target":{"@type":"EntryPoint","urlTemplate":"https:\/\/anivet.lt\/elparduotuve\/?s={search_term_string}"},"query-input":{"@type":"PropertyValueSpecification","valueRequired":true,"valueName":"search_term_string"}}],"inLanguage":"lt-LT"},{"@type":"Organization","@id":"https:\/\/anivet.lt\/elparduotuve\/#organization","name":"Viskas J\u016bs\u0173 \u0161uns, kat\u0117s prie\u017ei\u016brai","url":"https:\/\/anivet.lt\/elparduotuve\/","logo":{"@type":"ImageObject","inLanguage":"lt-LT","@id":"https:\/\/anivet.lt\/elparduotuve\/#\/schema\/logo\/image\/","url":"https:\/\/anivet.lt\/elparduotuve\/wp-content\/uploads\/2023\/06\/logo2.jpg","contentUrl":"https:\/\/anivet.lt\/elparduotuve\/wp-content\/uploads\/2023\/06\/logo2.jpg","width":655,"height":194,"caption":"Viskas J\u016bs\u0173 \u0161uns, kat\u0117s prie\u017ei\u016brai"},"image":{"@id":"https:\/\/anivet.lt\/elparduotuve\/#\/schema\/logo\/image\/"}}]}},"_links":{"self":[{"href":"https:\/\/anivet.lt\/elparduotuve\/wp-json\/wp\/v2\/product\/14717","targetHints":{"allow":["GET"]}}],"collection":[{"href":"https:\/\/anivet.lt\/elparduotuve\/wp-json\/wp\/v2\/product"}],"about":[{"href":"https:\/\/anivet.lt\/elparduotuve\/wp-json\/wp\/v2\/types\/product"}],"wp:featuredmedia":[{"embeddable":true,"href":"https:\/\/anivet.lt\/elparduotuve\/wp-json\/wp\/v2\/media\/14718"}],"wp:attachment":[{"href":"https:\/\/anivet.lt\/elparduotuve\/wp-json\/wp\/v2\/media?parent=14717"}],"wp:term":[{"taxonomy":"product_brand","embeddable":true,"href":"https:\/\/anivet.lt\/elparduotuve\/wp-json\/wp\/v2\/product_brand?post=14717"},{"taxonomy":"product_cat","embeddable":true,"href":"https:\/\/anivet.lt\/elparduotuve\/wp-json\/wp\/v2\/product_cat?post=14717"},{"taxonomy":"product_tag","embeddable":true,"href":"https:\/\/anivet.lt\/elparduotuve\/wp-json\/wp\/v2\/product_tag?post=14717"}],"curies":[{"name":"wp","href":"https:\/\/api.w.org\/{rel}","templated":true}]}}