{"id":14719,"date":"2024-10-15T20:35:45","date_gmt":"2024-10-15T20:35:45","guid":{"rendered":"https:\/\/anivet.lt\/elparduotuve\/?post_type=product&#038;p=14719"},"modified":"2026-03-16T11:57:13","modified_gmt":"2026-03-16T11:57:13","slug":"selected-mini-adult-suaugusiems-mazu-veisliu-sunims-vistiena","status":"publish","type":"product","link":"https:\/\/anivet.lt\/elparduotuve\/produktas\/selected-mini-adult-suaugusiems-mazu-veisliu-sunims-vistiena\/","title":{"rendered":"Nature&#8217;s Variety Selected Mini Adult suaugusiems ma\u017e\u0173 veisli\u0173 \u0161unims (vi\u0161tiena)"},"content":{"rendered":"<ul>\n<li style=\"font-weight: 400;\" aria-level=\"1\"><span style=\"font-weight: 400;\">Auk\u0161tos kokyb\u0117s vi\u0161tiena: Laisvai laikom\u0173 vi\u0161t\u0173 m\u0117sa (30%) ir d\u017eiovinti vi\u0161tienos baltymai (23%) palaiko raumen\u0173 mas\u0119 ir energij\u0105.<\/span><\/li>\n<li style=\"font-weight: 400;\" aria-level=\"1\"><span style=\"font-weight: 400;\">Be gr\u016bd\u0173: Puikus pasirinkimas \u0161unims, netoleruojantiems gr\u016bd\u0173 ar glitimo, padedantis i\u0161vengti vir\u0161kinimo problem\u0173.<\/span><\/li>\n<li style=\"font-weight: 400;\" aria-level=\"1\"><span style=\"font-weight: 400;\">Praturtintas dar\u017eov\u0117mis ir vaisiais: Morkos, brokoliai ir obuoliai suteikia vitamin\u0173, antioksidant\u0173 ir maistini\u0173 med\u017eiag\u0173.<\/span><\/li>\n<li style=\"font-weight: 400;\" aria-level=\"1\"><span style=\"font-weight: 400;\">Nat\u016bral\u016bs ingredientai: Cikorijos \u0161aknis ir rozmarinas skatina geresn\u012f vir\u0161kinim\u0105 ir palaiko sveik\u0105 mikroflor\u0105.<\/span><\/li>\n<li style=\"font-weight: 400;\" aria-level=\"1\"><span style=\"font-weight: 400;\">Omega riebal\u0173 r\u016bg\u0161tys: Omega-3 ir Omega-6 r\u016bg\u0161tys padeda palaikyti blizgant\u012f kail\u012f ir sveik\u0105 od\u0105.<\/span><\/li>\n<\/ul>\n<p><span style=\"font-weight: 400;\">\u0160is pa\u0161aras yra optimalus ma\u017e\u0173 veisli\u0173 \u0161un\u0173 mitybai, suteikiantis energijos kasdien\u0117ms veikloms. Idealiai tinka augintiniams, kuriems reikia subalansuotos ir nat\u016bralios mitybos gerai sveikatai u\u017etikrinti.<\/span><\/p>\n","protected":false},"excerpt":{"rendered":"<p><span style=\"font-weight: 400;\">Begr\u016bdis ir pilnai subalansuotas maistas, skirtas ma\u017e\u0173 veisli\u0173 suaugusiems \u0161unims. Pagrindinis ingredientas \u2013 laisvai laikom\u0173 vi\u0161t\u0173 m\u0117sa, u\u017etikrinanti auk\u0161tos kokyb\u0117s baltymus. Pa\u0161aras praturtintas nat\u016braliais dar\u017eovi\u0173, vaisi\u0173 ir alternatyvi\u0173 angliavandeni\u0173 \u0161altiniais, suteikiant subalansuot\u0105 mityb\u0105.<\/span><\/p>\n","protected":false},"featured_media":14720,"template":"","meta":[],"product_brand":[],"product_cat":[101,103,104,335],"product_tag":[],"class_list":{"0":"post-14719","1":"product","2":"type-product","3":"status-publish","4":"has-post-thumbnail","6":"product_cat-sunims","7":"product_cat-sunu-maistas","8":"product_cat-sausas-maistas","9":"product_cat-natures-variety-sunu-maistas","10":"pa_prekinis-zenklas-natures-variety","12":"first","13":"outofstock","14":"taxable","15":"shipping-taxable","16":"purchasable","17":"product-type-variable"},"yoast_head":"<!-- This site is optimized with the Yoast SEO Premium plugin v27.1 (Yoast SEO v27.5) - https:\/\/yoast.com\/product\/yoast-seo-premium-wordpress\/ -->\n<title>Nature&#039;s Variety Selected Mini Adult suaugusiems ma\u017e\u0173 veisli\u0173 \u0161unims (vi\u0161tiena) - anivet.lt<\/title>\n<meta name=\"description\" content=\"Begr\u016bdis ir pilnai subalansuotas maistas, skirtas ma\u017e\u0173 veisli\u0173 suaugusiems \u0161unims. Pagrindinis ingredientas \u2013 laisvai laikom\u0173 vi\u0161t\u0173 m\u0117sa, u\u017etikrinanti auk\u0161tos kokyb\u0117s baltymus. Pa\u0161aras praturtintas nat\u016braliais dar\u017eovi\u0173, vaisi\u0173 ir alternatyvi\u0173 angliavandeni\u0173 \u0161altiniais, suteikiant subalansuot\u0105 mityb\u0105.\" \/>\n<meta name=\"robots\" content=\"index, follow, max-snippet:-1, max-image-preview:large, max-video-preview:-1\" \/>\n<link rel=\"canonical\" href=\"https:\/\/anivet.lt\/elparduotuve\/produktas\/selected-mini-adult-suaugusiems-mazu-veisliu-sunims-vistiena\/\" \/>\n<meta property=\"og:locale\" content=\"lt_LT\" \/>\n<meta property=\"og:type\" content=\"article\" \/>\n<meta property=\"og:title\" content=\"Nature&#039;s Variety Selected Mini Adult suaugusiems ma\u017e\u0173 veisli\u0173 \u0161unims (vi\u0161tiena)\" \/>\n<meta property=\"og:description\" content=\"Begr\u016bdis ir pilnai subalansuotas maistas, skirtas ma\u017e\u0173 veisli\u0173 suaugusiems \u0161unims. Pagrindinis ingredientas \u2013 laisvai laikom\u0173 vi\u0161t\u0173 m\u0117sa, u\u017etikrinanti auk\u0161tos kokyb\u0117s baltymus. Pa\u0161aras praturtintas nat\u016braliais dar\u017eovi\u0173, vaisi\u0173 ir alternatyvi\u0173 angliavandeni\u0173 \u0161altiniais, suteikiant subalansuot\u0105 mityb\u0105.\" \/>\n<meta property=\"og:url\" content=\"https:\/\/anivet.lt\/elparduotuve\/produktas\/selected-mini-adult-suaugusiems-mazu-veisliu-sunims-vistiena\/\" \/>\n<meta property=\"og:site_name\" content=\"anivet.lt\" \/>\n<meta property=\"article:modified_time\" content=\"2026-03-16T11:57:13+00:00\" \/>\n<meta property=\"og:image\" content=\"https:\/\/anivet.lt\/elparduotuve\/wp-content\/uploads\/2024\/10\/Selected-mini-adult-vistiena.png\" \/>\n\t<meta property=\"og:image:width\" content=\"650\" \/>\n\t<meta property=\"og:image:height\" content=\"650\" \/>\n\t<meta property=\"og:image:type\" content=\"image\/png\" \/>\n<meta name=\"twitter:card\" content=\"summary_large_image\" \/>\n<meta name=\"twitter:label1\" content=\"Est. reading time\" \/>\n\t<meta name=\"twitter:data1\" content=\"1 minut\u0117\" \/>\n<script type=\"application\/ld+json\" class=\"yoast-schema-graph\">{\"@context\":\"https:\\\/\\\/schema.org\",\"@graph\":[{\"@type\":\"WebPage\",\"@id\":\"https:\\\/\\\/anivet.lt\\\/elparduotuve\\\/produktas\\\/selected-mini-adult-suaugusiems-mazu-veisliu-sunims-vistiena\\\/\",\"url\":\"https:\\\/\\\/anivet.lt\\\/elparduotuve\\\/produktas\\\/selected-mini-adult-suaugusiems-mazu-veisliu-sunims-vistiena\\\/\",\"name\":\"Nature's Variety Selected Mini Adult suaugusiems ma\u017e\u0173 veisli\u0173 \u0161unims (vi\u0161tiena) - anivet.lt\",\"isPartOf\":{\"@id\":\"https:\\\/\\\/anivet.lt\\\/elparduotuve\\\/#website\"},\"primaryImageOfPage\":{\"@id\":\"https:\\\/\\\/anivet.lt\\\/elparduotuve\\\/produktas\\\/selected-mini-adult-suaugusiems-mazu-veisliu-sunims-vistiena\\\/#primaryimage\"},\"image\":{\"@id\":\"https:\\\/\\\/anivet.lt\\\/elparduotuve\\\/produktas\\\/selected-mini-adult-suaugusiems-mazu-veisliu-sunims-vistiena\\\/#primaryimage\"},\"thumbnailUrl\":\"https:\\\/\\\/anivet.lt\\\/elparduotuve\\\/wp-content\\\/uploads\\\/2024\\\/10\\\/Selected-mini-adult-vistiena.png\",\"datePublished\":\"2024-10-15T20:35:45+00:00\",\"dateModified\":\"2026-03-16T11:57:13+00:00\",\"description\":\"Begr\u016bdis ir pilnai subalansuotas maistas, skirtas ma\u017e\u0173 veisli\u0173 suaugusiems \u0161unims. Pagrindinis ingredientas \u2013 laisvai laikom\u0173 vi\u0161t\u0173 m\u0117sa, u\u017etikrinanti auk\u0161tos kokyb\u0117s baltymus. Pa\u0161aras praturtintas nat\u016braliais dar\u017eovi\u0173, vaisi\u0173 ir alternatyvi\u0173 angliavandeni\u0173 \u0161altiniais, suteikiant subalansuot\u0105 mityb\u0105.\",\"breadcrumb\":{\"@id\":\"https:\\\/\\\/anivet.lt\\\/elparduotuve\\\/produktas\\\/selected-mini-adult-suaugusiems-mazu-veisliu-sunims-vistiena\\\/#breadcrumb\"},\"inLanguage\":\"lt-LT\",\"potentialAction\":[{\"@type\":\"ReadAction\",\"target\":[\"https:\\\/\\\/anivet.lt\\\/elparduotuve\\\/produktas\\\/selected-mini-adult-suaugusiems-mazu-veisliu-sunims-vistiena\\\/\"]}]},{\"@type\":\"ImageObject\",\"inLanguage\":\"lt-LT\",\"@id\":\"https:\\\/\\\/anivet.lt\\\/elparduotuve\\\/produktas\\\/selected-mini-adult-suaugusiems-mazu-veisliu-sunims-vistiena\\\/#primaryimage\",\"url\":\"https:\\\/\\\/anivet.lt\\\/elparduotuve\\\/wp-content\\\/uploads\\\/2024\\\/10\\\/Selected-mini-adult-vistiena.png\",\"contentUrl\":\"https:\\\/\\\/anivet.lt\\\/elparduotuve\\\/wp-content\\\/uploads\\\/2024\\\/10\\\/Selected-mini-adult-vistiena.png\",\"width\":650,\"height\":650,\"caption\":\"Nature's Variety Selected Mini Adult suaugusiems ma\u017e\u0173 veisli\u0173 \u0161unims (vi\u0161tiena)\"},{\"@type\":\"BreadcrumbList\",\"@id\":\"https:\\\/\\\/anivet.lt\\\/elparduotuve\\\/produktas\\\/selected-mini-adult-suaugusiems-mazu-veisliu-sunims-vistiena\\\/#breadcrumb\",\"itemListElement\":[{\"@type\":\"ListItem\",\"position\":1,\"name\":\"Home\",\"item\":\"https:\\\/\\\/anivet.lt\\\/elparduotuve\\\/\"},{\"@type\":\"ListItem\",\"position\":2,\"name\":\"Produktai\",\"item\":\"https:\\\/\\\/anivet.lt\\\/elparduotuve\\\/produktai\\\/\"},{\"@type\":\"ListItem\",\"position\":3,\"name\":\"Nature&#8217;s Variety Selected Mini Adult suaugusiems ma\u017e\u0173 veisli\u0173 \u0161unims (vi\u0161tiena)\"}]},{\"@type\":\"WebSite\",\"@id\":\"https:\\\/\\\/anivet.lt\\\/elparduotuve\\\/#website\",\"url\":\"https:\\\/\\\/anivet.lt\\\/elparduotuve\\\/\",\"name\":\"anivet.lt\",\"description\":\"Viskas J\u016bs\u0173 \u0161uns, kat\u0117s prie\u017ei\u016brai\",\"publisher\":{\"@id\":\"https:\\\/\\\/anivet.lt\\\/elparduotuve\\\/#organization\"},\"alternateName\":\"Viskas J\u016bs\u0173 \u0161uns, kat\u0117s prie\u017ei\u016brai\",\"potentialAction\":[{\"@type\":\"SearchAction\",\"target\":{\"@type\":\"EntryPoint\",\"urlTemplate\":\"https:\\\/\\\/anivet.lt\\\/elparduotuve\\\/?s={search_term_string}\"},\"query-input\":{\"@type\":\"PropertyValueSpecification\",\"valueRequired\":true,\"valueName\":\"search_term_string\"}}],\"inLanguage\":\"lt-LT\"},{\"@type\":\"Organization\",\"@id\":\"https:\\\/\\\/anivet.lt\\\/elparduotuve\\\/#organization\",\"name\":\"Viskas J\u016bs\u0173 \u0161uns, kat\u0117s prie\u017ei\u016brai\",\"url\":\"https:\\\/\\\/anivet.lt\\\/elparduotuve\\\/\",\"logo\":{\"@type\":\"ImageObject\",\"inLanguage\":\"lt-LT\",\"@id\":\"https:\\\/\\\/anivet.lt\\\/elparduotuve\\\/#\\\/schema\\\/logo\\\/image\\\/\",\"url\":\"https:\\\/\\\/anivet.lt\\\/elparduotuve\\\/wp-content\\\/uploads\\\/2023\\\/06\\\/logo2.jpg\",\"contentUrl\":\"https:\\\/\\\/anivet.lt\\\/elparduotuve\\\/wp-content\\\/uploads\\\/2023\\\/06\\\/logo2.jpg\",\"width\":655,\"height\":194,\"caption\":\"Viskas J\u016bs\u0173 \u0161uns, kat\u0117s prie\u017ei\u016brai\"},\"image\":{\"@id\":\"https:\\\/\\\/anivet.lt\\\/elparduotuve\\\/#\\\/schema\\\/logo\\\/image\\\/\"}}]}<\/script>\n<!-- \/ Yoast SEO Premium plugin. -->","yoast_head_json":{"title":"Nature's Variety Selected Mini Adult suaugusiems ma\u017e\u0173 veisli\u0173 \u0161unims (vi\u0161tiena) - anivet.lt","description":"Begr\u016bdis ir pilnai subalansuotas maistas, skirtas ma\u017e\u0173 veisli\u0173 suaugusiems \u0161unims. Pagrindinis ingredientas \u2013 laisvai laikom\u0173 vi\u0161t\u0173 m\u0117sa, u\u017etikrinanti auk\u0161tos kokyb\u0117s baltymus. Pa\u0161aras praturtintas nat\u016braliais dar\u017eovi\u0173, vaisi\u0173 ir alternatyvi\u0173 angliavandeni\u0173 \u0161altiniais, suteikiant subalansuot\u0105 mityb\u0105.","robots":{"index":"index","follow":"follow","max-snippet":"max-snippet:-1","max-image-preview":"max-image-preview:large","max-video-preview":"max-video-preview:-1"},"canonical":"https:\/\/anivet.lt\/elparduotuve\/produktas\/selected-mini-adult-suaugusiems-mazu-veisliu-sunims-vistiena\/","og_locale":"lt_LT","og_type":"article","og_title":"Nature's Variety Selected Mini Adult suaugusiems ma\u017e\u0173 veisli\u0173 \u0161unims (vi\u0161tiena)","og_description":"Begr\u016bdis ir pilnai subalansuotas maistas, skirtas ma\u017e\u0173 veisli\u0173 suaugusiems \u0161unims. Pagrindinis ingredientas \u2013 laisvai laikom\u0173 vi\u0161t\u0173 m\u0117sa, u\u017etikrinanti auk\u0161tos kokyb\u0117s baltymus. Pa\u0161aras praturtintas nat\u016braliais dar\u017eovi\u0173, vaisi\u0173 ir alternatyvi\u0173 angliavandeni\u0173 \u0161altiniais, suteikiant subalansuot\u0105 mityb\u0105.","og_url":"https:\/\/anivet.lt\/elparduotuve\/produktas\/selected-mini-adult-suaugusiems-mazu-veisliu-sunims-vistiena\/","og_site_name":"anivet.lt","article_modified_time":"2026-03-16T11:57:13+00:00","og_image":[{"width":650,"height":650,"url":"https:\/\/anivet.lt\/elparduotuve\/wp-content\/uploads\/2024\/10\/Selected-mini-adult-vistiena.png","type":"image\/png"}],"twitter_card":"summary_large_image","twitter_misc":{"Est. reading time":"1 minut\u0117"},"schema":{"@context":"https:\/\/schema.org","@graph":[{"@type":"WebPage","@id":"https:\/\/anivet.lt\/elparduotuve\/produktas\/selected-mini-adult-suaugusiems-mazu-veisliu-sunims-vistiena\/","url":"https:\/\/anivet.lt\/elparduotuve\/produktas\/selected-mini-adult-suaugusiems-mazu-veisliu-sunims-vistiena\/","name":"Nature's Variety Selected Mini Adult suaugusiems ma\u017e\u0173 veisli\u0173 \u0161unims (vi\u0161tiena) - anivet.lt","isPartOf":{"@id":"https:\/\/anivet.lt\/elparduotuve\/#website"},"primaryImageOfPage":{"@id":"https:\/\/anivet.lt\/elparduotuve\/produktas\/selected-mini-adult-suaugusiems-mazu-veisliu-sunims-vistiena\/#primaryimage"},"image":{"@id":"https:\/\/anivet.lt\/elparduotuve\/produktas\/selected-mini-adult-suaugusiems-mazu-veisliu-sunims-vistiena\/#primaryimage"},"thumbnailUrl":"https:\/\/anivet.lt\/elparduotuve\/wp-content\/uploads\/2024\/10\/Selected-mini-adult-vistiena.png","datePublished":"2024-10-15T20:35:45+00:00","dateModified":"2026-03-16T11:57:13+00:00","description":"Begr\u016bdis ir pilnai subalansuotas maistas, skirtas ma\u017e\u0173 veisli\u0173 suaugusiems \u0161unims. Pagrindinis ingredientas \u2013 laisvai laikom\u0173 vi\u0161t\u0173 m\u0117sa, u\u017etikrinanti auk\u0161tos kokyb\u0117s baltymus. Pa\u0161aras praturtintas nat\u016braliais dar\u017eovi\u0173, vaisi\u0173 ir alternatyvi\u0173 angliavandeni\u0173 \u0161altiniais, suteikiant subalansuot\u0105 mityb\u0105.","breadcrumb":{"@id":"https:\/\/anivet.lt\/elparduotuve\/produktas\/selected-mini-adult-suaugusiems-mazu-veisliu-sunims-vistiena\/#breadcrumb"},"inLanguage":"lt-LT","potentialAction":[{"@type":"ReadAction","target":["https:\/\/anivet.lt\/elparduotuve\/produktas\/selected-mini-adult-suaugusiems-mazu-veisliu-sunims-vistiena\/"]}]},{"@type":"ImageObject","inLanguage":"lt-LT","@id":"https:\/\/anivet.lt\/elparduotuve\/produktas\/selected-mini-adult-suaugusiems-mazu-veisliu-sunims-vistiena\/#primaryimage","url":"https:\/\/anivet.lt\/elparduotuve\/wp-content\/uploads\/2024\/10\/Selected-mini-adult-vistiena.png","contentUrl":"https:\/\/anivet.lt\/elparduotuve\/wp-content\/uploads\/2024\/10\/Selected-mini-adult-vistiena.png","width":650,"height":650,"caption":"Nature's Variety Selected Mini Adult suaugusiems ma\u017e\u0173 veisli\u0173 \u0161unims (vi\u0161tiena)"},{"@type":"BreadcrumbList","@id":"https:\/\/anivet.lt\/elparduotuve\/produktas\/selected-mini-adult-suaugusiems-mazu-veisliu-sunims-vistiena\/#breadcrumb","itemListElement":[{"@type":"ListItem","position":1,"name":"Home","item":"https:\/\/anivet.lt\/elparduotuve\/"},{"@type":"ListItem","position":2,"name":"Produktai","item":"https:\/\/anivet.lt\/elparduotuve\/produktai\/"},{"@type":"ListItem","position":3,"name":"Nature&#8217;s Variety Selected Mini Adult suaugusiems ma\u017e\u0173 veisli\u0173 \u0161unims (vi\u0161tiena)"}]},{"@type":"WebSite","@id":"https:\/\/anivet.lt\/elparduotuve\/#website","url":"https:\/\/anivet.lt\/elparduotuve\/","name":"anivet.lt","description":"Viskas J\u016bs\u0173 \u0161uns, kat\u0117s prie\u017ei\u016brai","publisher":{"@id":"https:\/\/anivet.lt\/elparduotuve\/#organization"},"alternateName":"Viskas J\u016bs\u0173 \u0161uns, kat\u0117s prie\u017ei\u016brai","potentialAction":[{"@type":"SearchAction","target":{"@type":"EntryPoint","urlTemplate":"https:\/\/anivet.lt\/elparduotuve\/?s={search_term_string}"},"query-input":{"@type":"PropertyValueSpecification","valueRequired":true,"valueName":"search_term_string"}}],"inLanguage":"lt-LT"},{"@type":"Organization","@id":"https:\/\/anivet.lt\/elparduotuve\/#organization","name":"Viskas J\u016bs\u0173 \u0161uns, kat\u0117s prie\u017ei\u016brai","url":"https:\/\/anivet.lt\/elparduotuve\/","logo":{"@type":"ImageObject","inLanguage":"lt-LT","@id":"https:\/\/anivet.lt\/elparduotuve\/#\/schema\/logo\/image\/","url":"https:\/\/anivet.lt\/elparduotuve\/wp-content\/uploads\/2023\/06\/logo2.jpg","contentUrl":"https:\/\/anivet.lt\/elparduotuve\/wp-content\/uploads\/2023\/06\/logo2.jpg","width":655,"height":194,"caption":"Viskas J\u016bs\u0173 \u0161uns, kat\u0117s prie\u017ei\u016brai"},"image":{"@id":"https:\/\/anivet.lt\/elparduotuve\/#\/schema\/logo\/image\/"}}]}},"_links":{"self":[{"href":"https:\/\/anivet.lt\/elparduotuve\/wp-json\/wp\/v2\/product\/14719","targetHints":{"allow":["GET"]}}],"collection":[{"href":"https:\/\/anivet.lt\/elparduotuve\/wp-json\/wp\/v2\/product"}],"about":[{"href":"https:\/\/anivet.lt\/elparduotuve\/wp-json\/wp\/v2\/types\/product"}],"wp:featuredmedia":[{"embeddable":true,"href":"https:\/\/anivet.lt\/elparduotuve\/wp-json\/wp\/v2\/media\/14720"}],"wp:attachment":[{"href":"https:\/\/anivet.lt\/elparduotuve\/wp-json\/wp\/v2\/media?parent=14719"}],"wp:term":[{"taxonomy":"product_brand","embeddable":true,"href":"https:\/\/anivet.lt\/elparduotuve\/wp-json\/wp\/v2\/product_brand?post=14719"},{"taxonomy":"product_cat","embeddable":true,"href":"https:\/\/anivet.lt\/elparduotuve\/wp-json\/wp\/v2\/product_cat?post=14719"},{"taxonomy":"product_tag","embeddable":true,"href":"https:\/\/anivet.lt\/elparduotuve\/wp-json\/wp\/v2\/product_tag?post=14719"}],"curies":[{"name":"wp","href":"https:\/\/api.w.org\/{rel}","templated":true}]}}