{"id":14749,"date":"2024-10-16T19:41:42","date_gmt":"2024-10-16T19:41:42","guid":{"rendered":"https:\/\/anivet.lt\/elparduotuve\/?post_type=product&#038;p=14749"},"modified":"2026-03-02T15:19:01","modified_gmt":"2026-03-02T15:19:01","slug":"completed-mini-liofilizuotas-maistas-mazu-veisliu-sunims-120g-vistiena","status":"publish","type":"product","link":"https:\/\/anivet.lt\/elparduotuve\/produktas\/completed-mini-liofilizuotas-maistas-mazu-veisliu-sunims-120g-vistiena\/","title":{"rendered":"Nature&#8217;s Variety Completed Mini liofilizuotas maistas ma\u017e\u0173 veisli\u0173 \u0161unims 120g (vi\u0161tiena)"},"content":{"rendered":"<ul>\n<li style=\"font-weight: 400;\" aria-level=\"1\"><span style=\"font-weight: 400;\">Vienas baltym\u0173 \u0161altinis: Sud\u0117tyje tik vi\u0161tiena, tod\u0117l pa\u0161aras tinka jautriems ar alergi\u0161kiems \u0161unims.<\/span><\/li>\n<li style=\"font-weight: 400;\" aria-level=\"1\"><span style=\"font-weight: 400;\">Nat\u016bral\u016bs ingredientai: Pa\u0161aras gaminamas tik i\u0161 nat\u016brali\u0173 sudedam\u0173j\u0173 dali\u0173, be konservant\u0173, da\u017eikli\u0173 ir skonio stiprikli\u0173.<\/span><\/li>\n<li style=\"font-weight: 400;\" aria-level=\"1\"><span style=\"font-weight: 400;\">Liofilizavimo procesas: I\u0161saugomos visos \u017ealios m\u0117sos maistin\u0117s savyb\u0117s, u\u017etikrinamas puikus skonis ir tekst\u016bra.<\/span><\/li>\n<li style=\"font-weight: 400;\" aria-level=\"1\"><span style=\"font-weight: 400;\">Papildytas vaisiais ir dar\u017eov\u0117mis: Sud\u0117tyje yra mork\u0173, obuoli\u0173, spanguoli\u0173 ir kit\u0173 nat\u016brali\u0173 komponent\u0173, turting\u0173 antioksidantais ir skaidulomis.<\/span><\/li>\n<li style=\"font-weight: 400;\" aria-level=\"1\"><span style=\"font-weight: 400;\">Lengvas vir\u0161kinamumas: Subalansuota formul\u0117 su cikorijos \u0161aknimi ir lin\u0173 s\u0117menimis palaiko sveik\u0105 vir\u0161kinim\u0105.<\/span><\/li>\n<\/ul>\n<p><span style=\"font-weight: 400;\">\u0160is pa\u0161aras yra idealus pasirinkimas, jei ie\u0161kote nat\u016bralaus ir sveiko maisto ma\u017e\u0173 veisli\u0173 \u0161unims. Liofilizuotas pa\u0161aras ne tik i\u0161saugo visas maistines med\u017eiagas, bet ir yra puikus skoniu, tod\u0117l patiks net i\u0161rankiausiems \u0161unims. Pagamintas i\u0161 auk\u0161tos kokyb\u0117s ingredient\u0173, jis u\u017etikrina visapusi\u0161k\u0105 mityb\u0105 ir palaiko j\u016bs\u0173 augintinio sveikat\u0105.<\/span><\/p>\n","protected":false},"excerpt":{"rendered":"<p lang=\"lt-LT\"><span style=\"font-weight: 400;\">Subalansuotas, nat\u016brali\u0173 ingredient\u0173 pa\u0161aras, sukurtas ma\u017e\u0173 veisli\u0173 (1\u201310 kg) \u0161unims, u\u017etikrinantis visavert\u0119 mityb\u0105 ir puik\u0173 skon\u012f.<\/span><\/p>\n","protected":false},"featured_media":14750,"template":"","meta":[],"product_brand":[],"product_cat":[101,103,104,335],"product_tag":[],"class_list":{"0":"post-14749","1":"product","2":"type-product","3":"status-publish","4":"has-post-thumbnail","6":"product_cat-sunims","7":"product_cat-sunu-maistas","8":"product_cat-sausas-maistas","9":"product_cat-natures-variety-sunu-maistas","10":"pa_prekinis-zenklas-natures-variety","12":"first","13":"instock","14":"taxable","15":"shipping-taxable","16":"purchasable","17":"product-type-simple"},"yoast_head":"<!-- This site is optimized with the Yoast SEO Premium plugin v27.1 (Yoast SEO v27.5) - https:\/\/yoast.com\/product\/yoast-seo-premium-wordpress\/ -->\n<title>Nature&#039;s Variety Completed Mini liofilizuotas maistas ma\u017e\u0173 veisli\u0173 \u0161unims 120g (vi\u0161tiena) - anivet.lt<\/title>\n<meta name=\"description\" content=\"Subalansuotas, nat\u016brali\u0173 ingredient\u0173 pa\u0161aras, sukurtas ma\u017e\u0173 veisli\u0173 (1\u201310 kg) \u0161unims, u\u017etikrinantis visavert\u0119 mityb\u0105 ir puik\u0173 skon\u012f.\" \/>\n<meta name=\"robots\" content=\"index, follow, max-snippet:-1, max-image-preview:large, max-video-preview:-1\" \/>\n<link rel=\"canonical\" href=\"https:\/\/anivet.lt\/elparduotuve\/produktas\/completed-mini-liofilizuotas-maistas-mazu-veisliu-sunims-120g-vistiena\/\" \/>\n<meta property=\"og:locale\" content=\"lt_LT\" \/>\n<meta property=\"og:type\" content=\"article\" \/>\n<meta property=\"og:title\" content=\"Nature&#039;s Variety Completed Mini liofilizuotas maistas ma\u017e\u0173 veisli\u0173 \u0161unims 120g (vi\u0161tiena)\" \/>\n<meta property=\"og:description\" content=\"Subalansuotas, nat\u016brali\u0173 ingredient\u0173 pa\u0161aras, sukurtas ma\u017e\u0173 veisli\u0173 (1\u201310 kg) \u0161unims, u\u017etikrinantis visavert\u0119 mityb\u0105 ir puik\u0173 skon\u012f.\" \/>\n<meta property=\"og:url\" content=\"https:\/\/anivet.lt\/elparduotuve\/produktas\/completed-mini-liofilizuotas-maistas-mazu-veisliu-sunims-120g-vistiena\/\" \/>\n<meta property=\"og:site_name\" content=\"anivet.lt\" \/>\n<meta property=\"article:modified_time\" content=\"2026-03-02T15:19:01+00:00\" \/>\n<meta property=\"og:image\" content=\"https:\/\/anivet.lt\/elparduotuve\/wp-content\/uploads\/2024\/10\/Completed-Mini-vistiena-120-g.png\" \/>\n\t<meta property=\"og:image:width\" content=\"650\" \/>\n\t<meta property=\"og:image:height\" content=\"615\" \/>\n\t<meta property=\"og:image:type\" content=\"image\/png\" \/>\n<meta name=\"twitter:card\" content=\"summary_large_image\" \/>\n<meta name=\"twitter:label1\" content=\"Est. reading time\" \/>\n\t<meta name=\"twitter:data1\" content=\"1 minut\u0117\" \/>\n<script type=\"application\/ld+json\" class=\"yoast-schema-graph\">{\"@context\":\"https:\\\/\\\/schema.org\",\"@graph\":[{\"@type\":\"WebPage\",\"@id\":\"https:\\\/\\\/anivet.lt\\\/elparduotuve\\\/produktas\\\/completed-mini-liofilizuotas-maistas-mazu-veisliu-sunims-120g-vistiena\\\/\",\"url\":\"https:\\\/\\\/anivet.lt\\\/elparduotuve\\\/produktas\\\/completed-mini-liofilizuotas-maistas-mazu-veisliu-sunims-120g-vistiena\\\/\",\"name\":\"Nature's Variety Completed Mini liofilizuotas maistas ma\u017e\u0173 veisli\u0173 \u0161unims 120g (vi\u0161tiena) - anivet.lt\",\"isPartOf\":{\"@id\":\"https:\\\/\\\/anivet.lt\\\/elparduotuve\\\/#website\"},\"primaryImageOfPage\":{\"@id\":\"https:\\\/\\\/anivet.lt\\\/elparduotuve\\\/produktas\\\/completed-mini-liofilizuotas-maistas-mazu-veisliu-sunims-120g-vistiena\\\/#primaryimage\"},\"image\":{\"@id\":\"https:\\\/\\\/anivet.lt\\\/elparduotuve\\\/produktas\\\/completed-mini-liofilizuotas-maistas-mazu-veisliu-sunims-120g-vistiena\\\/#primaryimage\"},\"thumbnailUrl\":\"https:\\\/\\\/anivet.lt\\\/elparduotuve\\\/wp-content\\\/uploads\\\/2024\\\/10\\\/Completed-Mini-vistiena-120-g.png\",\"datePublished\":\"2024-10-16T19:41:42+00:00\",\"dateModified\":\"2026-03-02T15:19:01+00:00\",\"description\":\"Subalansuotas, nat\u016brali\u0173 ingredient\u0173 pa\u0161aras, sukurtas ma\u017e\u0173 veisli\u0173 (1\u201310 kg) \u0161unims, u\u017etikrinantis visavert\u0119 mityb\u0105 ir puik\u0173 skon\u012f.\",\"breadcrumb\":{\"@id\":\"https:\\\/\\\/anivet.lt\\\/elparduotuve\\\/produktas\\\/completed-mini-liofilizuotas-maistas-mazu-veisliu-sunims-120g-vistiena\\\/#breadcrumb\"},\"inLanguage\":\"lt-LT\",\"potentialAction\":[{\"@type\":\"ReadAction\",\"target\":[\"https:\\\/\\\/anivet.lt\\\/elparduotuve\\\/produktas\\\/completed-mini-liofilizuotas-maistas-mazu-veisliu-sunims-120g-vistiena\\\/\"]}]},{\"@type\":\"ImageObject\",\"inLanguage\":\"lt-LT\",\"@id\":\"https:\\\/\\\/anivet.lt\\\/elparduotuve\\\/produktas\\\/completed-mini-liofilizuotas-maistas-mazu-veisliu-sunims-120g-vistiena\\\/#primaryimage\",\"url\":\"https:\\\/\\\/anivet.lt\\\/elparduotuve\\\/wp-content\\\/uploads\\\/2024\\\/10\\\/Completed-Mini-vistiena-120-g.png\",\"contentUrl\":\"https:\\\/\\\/anivet.lt\\\/elparduotuve\\\/wp-content\\\/uploads\\\/2024\\\/10\\\/Completed-Mini-vistiena-120-g.png\",\"width\":650,\"height\":615,\"caption\":\"Nature's Variety Completed Mini liofilizuotas maistas ma\u017e\u0173 veisli\u0173 \u0161unims 120g (vi\u0161tiena)\"},{\"@type\":\"BreadcrumbList\",\"@id\":\"https:\\\/\\\/anivet.lt\\\/elparduotuve\\\/produktas\\\/completed-mini-liofilizuotas-maistas-mazu-veisliu-sunims-120g-vistiena\\\/#breadcrumb\",\"itemListElement\":[{\"@type\":\"ListItem\",\"position\":1,\"name\":\"Home\",\"item\":\"https:\\\/\\\/anivet.lt\\\/elparduotuve\\\/\"},{\"@type\":\"ListItem\",\"position\":2,\"name\":\"Produktai\",\"item\":\"https:\\\/\\\/anivet.lt\\\/elparduotuve\\\/produktai\\\/\"},{\"@type\":\"ListItem\",\"position\":3,\"name\":\"Nature&#8217;s Variety Completed Mini liofilizuotas maistas ma\u017e\u0173 veisli\u0173 \u0161unims 120g (vi\u0161tiena)\"}]},{\"@type\":\"WebSite\",\"@id\":\"https:\\\/\\\/anivet.lt\\\/elparduotuve\\\/#website\",\"url\":\"https:\\\/\\\/anivet.lt\\\/elparduotuve\\\/\",\"name\":\"anivet.lt\",\"description\":\"Viskas J\u016bs\u0173 \u0161uns, kat\u0117s prie\u017ei\u016brai\",\"publisher\":{\"@id\":\"https:\\\/\\\/anivet.lt\\\/elparduotuve\\\/#organization\"},\"alternateName\":\"Viskas J\u016bs\u0173 \u0161uns, kat\u0117s prie\u017ei\u016brai\",\"potentialAction\":[{\"@type\":\"SearchAction\",\"target\":{\"@type\":\"EntryPoint\",\"urlTemplate\":\"https:\\\/\\\/anivet.lt\\\/elparduotuve\\\/?s={search_term_string}\"},\"query-input\":{\"@type\":\"PropertyValueSpecification\",\"valueRequired\":true,\"valueName\":\"search_term_string\"}}],\"inLanguage\":\"lt-LT\"},{\"@type\":\"Organization\",\"@id\":\"https:\\\/\\\/anivet.lt\\\/elparduotuve\\\/#organization\",\"name\":\"Viskas J\u016bs\u0173 \u0161uns, kat\u0117s prie\u017ei\u016brai\",\"url\":\"https:\\\/\\\/anivet.lt\\\/elparduotuve\\\/\",\"logo\":{\"@type\":\"ImageObject\",\"inLanguage\":\"lt-LT\",\"@id\":\"https:\\\/\\\/anivet.lt\\\/elparduotuve\\\/#\\\/schema\\\/logo\\\/image\\\/\",\"url\":\"https:\\\/\\\/anivet.lt\\\/elparduotuve\\\/wp-content\\\/uploads\\\/2023\\\/06\\\/logo2.jpg\",\"contentUrl\":\"https:\\\/\\\/anivet.lt\\\/elparduotuve\\\/wp-content\\\/uploads\\\/2023\\\/06\\\/logo2.jpg\",\"width\":655,\"height\":194,\"caption\":\"Viskas J\u016bs\u0173 \u0161uns, kat\u0117s prie\u017ei\u016brai\"},\"image\":{\"@id\":\"https:\\\/\\\/anivet.lt\\\/elparduotuve\\\/#\\\/schema\\\/logo\\\/image\\\/\"}}]}<\/script>\n<!-- \/ Yoast SEO Premium plugin. -->","yoast_head_json":{"title":"Nature's Variety Completed Mini liofilizuotas maistas ma\u017e\u0173 veisli\u0173 \u0161unims 120g (vi\u0161tiena) - anivet.lt","description":"Subalansuotas, nat\u016brali\u0173 ingredient\u0173 pa\u0161aras, sukurtas ma\u017e\u0173 veisli\u0173 (1\u201310 kg) \u0161unims, u\u017etikrinantis visavert\u0119 mityb\u0105 ir puik\u0173 skon\u012f.","robots":{"index":"index","follow":"follow","max-snippet":"max-snippet:-1","max-image-preview":"max-image-preview:large","max-video-preview":"max-video-preview:-1"},"canonical":"https:\/\/anivet.lt\/elparduotuve\/produktas\/completed-mini-liofilizuotas-maistas-mazu-veisliu-sunims-120g-vistiena\/","og_locale":"lt_LT","og_type":"article","og_title":"Nature's Variety Completed Mini liofilizuotas maistas ma\u017e\u0173 veisli\u0173 \u0161unims 120g (vi\u0161tiena)","og_description":"Subalansuotas, nat\u016brali\u0173 ingredient\u0173 pa\u0161aras, sukurtas ma\u017e\u0173 veisli\u0173 (1\u201310 kg) \u0161unims, u\u017etikrinantis visavert\u0119 mityb\u0105 ir puik\u0173 skon\u012f.","og_url":"https:\/\/anivet.lt\/elparduotuve\/produktas\/completed-mini-liofilizuotas-maistas-mazu-veisliu-sunims-120g-vistiena\/","og_site_name":"anivet.lt","article_modified_time":"2026-03-02T15:19:01+00:00","og_image":[{"width":650,"height":615,"url":"https:\/\/anivet.lt\/elparduotuve\/wp-content\/uploads\/2024\/10\/Completed-Mini-vistiena-120-g.png","type":"image\/png"}],"twitter_card":"summary_large_image","twitter_misc":{"Est. reading time":"1 minut\u0117"},"schema":{"@context":"https:\/\/schema.org","@graph":[{"@type":"WebPage","@id":"https:\/\/anivet.lt\/elparduotuve\/produktas\/completed-mini-liofilizuotas-maistas-mazu-veisliu-sunims-120g-vistiena\/","url":"https:\/\/anivet.lt\/elparduotuve\/produktas\/completed-mini-liofilizuotas-maistas-mazu-veisliu-sunims-120g-vistiena\/","name":"Nature's Variety Completed Mini liofilizuotas maistas ma\u017e\u0173 veisli\u0173 \u0161unims 120g (vi\u0161tiena) - anivet.lt","isPartOf":{"@id":"https:\/\/anivet.lt\/elparduotuve\/#website"},"primaryImageOfPage":{"@id":"https:\/\/anivet.lt\/elparduotuve\/produktas\/completed-mini-liofilizuotas-maistas-mazu-veisliu-sunims-120g-vistiena\/#primaryimage"},"image":{"@id":"https:\/\/anivet.lt\/elparduotuve\/produktas\/completed-mini-liofilizuotas-maistas-mazu-veisliu-sunims-120g-vistiena\/#primaryimage"},"thumbnailUrl":"https:\/\/anivet.lt\/elparduotuve\/wp-content\/uploads\/2024\/10\/Completed-Mini-vistiena-120-g.png","datePublished":"2024-10-16T19:41:42+00:00","dateModified":"2026-03-02T15:19:01+00:00","description":"Subalansuotas, nat\u016brali\u0173 ingredient\u0173 pa\u0161aras, sukurtas ma\u017e\u0173 veisli\u0173 (1\u201310 kg) \u0161unims, u\u017etikrinantis visavert\u0119 mityb\u0105 ir puik\u0173 skon\u012f.","breadcrumb":{"@id":"https:\/\/anivet.lt\/elparduotuve\/produktas\/completed-mini-liofilizuotas-maistas-mazu-veisliu-sunims-120g-vistiena\/#breadcrumb"},"inLanguage":"lt-LT","potentialAction":[{"@type":"ReadAction","target":["https:\/\/anivet.lt\/elparduotuve\/produktas\/completed-mini-liofilizuotas-maistas-mazu-veisliu-sunims-120g-vistiena\/"]}]},{"@type":"ImageObject","inLanguage":"lt-LT","@id":"https:\/\/anivet.lt\/elparduotuve\/produktas\/completed-mini-liofilizuotas-maistas-mazu-veisliu-sunims-120g-vistiena\/#primaryimage","url":"https:\/\/anivet.lt\/elparduotuve\/wp-content\/uploads\/2024\/10\/Completed-Mini-vistiena-120-g.png","contentUrl":"https:\/\/anivet.lt\/elparduotuve\/wp-content\/uploads\/2024\/10\/Completed-Mini-vistiena-120-g.png","width":650,"height":615,"caption":"Nature's Variety Completed Mini liofilizuotas maistas ma\u017e\u0173 veisli\u0173 \u0161unims 120g (vi\u0161tiena)"},{"@type":"BreadcrumbList","@id":"https:\/\/anivet.lt\/elparduotuve\/produktas\/completed-mini-liofilizuotas-maistas-mazu-veisliu-sunims-120g-vistiena\/#breadcrumb","itemListElement":[{"@type":"ListItem","position":1,"name":"Home","item":"https:\/\/anivet.lt\/elparduotuve\/"},{"@type":"ListItem","position":2,"name":"Produktai","item":"https:\/\/anivet.lt\/elparduotuve\/produktai\/"},{"@type":"ListItem","position":3,"name":"Nature&#8217;s Variety Completed Mini liofilizuotas maistas ma\u017e\u0173 veisli\u0173 \u0161unims 120g (vi\u0161tiena)"}]},{"@type":"WebSite","@id":"https:\/\/anivet.lt\/elparduotuve\/#website","url":"https:\/\/anivet.lt\/elparduotuve\/","name":"anivet.lt","description":"Viskas J\u016bs\u0173 \u0161uns, kat\u0117s prie\u017ei\u016brai","publisher":{"@id":"https:\/\/anivet.lt\/elparduotuve\/#organization"},"alternateName":"Viskas J\u016bs\u0173 \u0161uns, kat\u0117s prie\u017ei\u016brai","potentialAction":[{"@type":"SearchAction","target":{"@type":"EntryPoint","urlTemplate":"https:\/\/anivet.lt\/elparduotuve\/?s={search_term_string}"},"query-input":{"@type":"PropertyValueSpecification","valueRequired":true,"valueName":"search_term_string"}}],"inLanguage":"lt-LT"},{"@type":"Organization","@id":"https:\/\/anivet.lt\/elparduotuve\/#organization","name":"Viskas J\u016bs\u0173 \u0161uns, kat\u0117s prie\u017ei\u016brai","url":"https:\/\/anivet.lt\/elparduotuve\/","logo":{"@type":"ImageObject","inLanguage":"lt-LT","@id":"https:\/\/anivet.lt\/elparduotuve\/#\/schema\/logo\/image\/","url":"https:\/\/anivet.lt\/elparduotuve\/wp-content\/uploads\/2023\/06\/logo2.jpg","contentUrl":"https:\/\/anivet.lt\/elparduotuve\/wp-content\/uploads\/2023\/06\/logo2.jpg","width":655,"height":194,"caption":"Viskas J\u016bs\u0173 \u0161uns, kat\u0117s prie\u017ei\u016brai"},"image":{"@id":"https:\/\/anivet.lt\/elparduotuve\/#\/schema\/logo\/image\/"}}]}},"_links":{"self":[{"href":"https:\/\/anivet.lt\/elparduotuve\/wp-json\/wp\/v2\/product\/14749","targetHints":{"allow":["GET"]}}],"collection":[{"href":"https:\/\/anivet.lt\/elparduotuve\/wp-json\/wp\/v2\/product"}],"about":[{"href":"https:\/\/anivet.lt\/elparduotuve\/wp-json\/wp\/v2\/types\/product"}],"wp:featuredmedia":[{"embeddable":true,"href":"https:\/\/anivet.lt\/elparduotuve\/wp-json\/wp\/v2\/media\/14750"}],"wp:attachment":[{"href":"https:\/\/anivet.lt\/elparduotuve\/wp-json\/wp\/v2\/media?parent=14749"}],"wp:term":[{"taxonomy":"product_brand","embeddable":true,"href":"https:\/\/anivet.lt\/elparduotuve\/wp-json\/wp\/v2\/product_brand?post=14749"},{"taxonomy":"product_cat","embeddable":true,"href":"https:\/\/anivet.lt\/elparduotuve\/wp-json\/wp\/v2\/product_cat?post=14749"},{"taxonomy":"product_tag","embeddable":true,"href":"https:\/\/anivet.lt\/elparduotuve\/wp-json\/wp\/v2\/product_tag?post=14749"}],"curies":[{"name":"wp","href":"https:\/\/api.w.org\/{rel}","templated":true}]}}