{"id":14753,"date":"2024-10-16T19:59:15","date_gmt":"2024-10-16T19:59:15","guid":{"rendered":"https:\/\/anivet.lt\/elparduotuve\/?post_type=product&#038;p=14753"},"modified":"2025-05-27T13:29:30","modified_gmt":"2025-05-27T13:29:30","slug":"meat-bites-liofilizuoti-skanestai-sunims-20g-kalakutiena","status":"publish","type":"product","link":"https:\/\/anivet.lt\/elparduotuve\/produktas\/meat-bites-liofilizuoti-skanestai-sunims-20g-kalakutiena\/","title":{"rendered":"Nature&#8217;s Variety Meat Bites liofilizuoti skan\u0117stai \u0161unims 20g (kalakutiena)"},"content":{"rendered":"<ul>\n<li style=\"font-weight: 400;\" aria-level=\"1\"><span style=\"font-weight: 400;\">100% nat\u016bral\u016bs: Gaminami tik i\u0161 auk\u0161tos kokyb\u0117s kalakutienos, be joki\u0173 dirbtini\u0173 pried\u0173, da\u017eikli\u0173 ar konservant\u0173.<\/span><\/li>\n<li style=\"font-weight: 400;\" aria-level=\"1\"><span style=\"font-weight: 400;\">Vieno baltymo \u0161altinis: Idealiai tinka jautriems augintiniams, kuriems reikia riboto ingredient\u0173 kiekio mityboje.<\/span><\/li>\n<li style=\"font-weight: 400;\" aria-level=\"1\"><span style=\"font-weight: 400;\">I\u0161saugotos maistin\u0117s savyb\u0117s: Liofilizacija i\u0161laiko baltym\u0173, riebal\u0173, spalvos ir tekst\u016bros kokyb\u0119.<\/span><\/li>\n<li style=\"font-weight: 400;\" aria-level=\"1\"><span style=\"font-weight: 400;\">Didelis baltym\u0173 kiekis: 46% \u017eali\u0173 baltym\u0173 palaiko augintinio raumen\u0173 vystym\u0105si ir bendr\u0105 energij\u0105.<\/span><\/li>\n<li style=\"font-weight: 400;\" aria-level=\"1\"><span style=\"font-weight: 400;\">\u017demas dr\u0117gm\u0117s kiekis: Tik 4%, tod\u0117l skan\u0117stai yra lengvi, tra\u0161k\u016bs ir ilgai i\u0161laiko kokyb\u0119.<\/span><\/li>\n<\/ul>\n<p><span style=\"font-weight: 400;\">\u0160ie skan\u0117stai yra puikus pasirinkimas j\u016bs\u0173 \u0161uns sveikam paskatinimui ar palepinimui. Idealiai tinka kasdieniam naudojimui arba kaip papildas subalansuotai mitybai. Leiskite savo augintiniui m\u0117gautis nat\u016braliu skoniu ir kokybe!<\/span><\/p>\n","protected":false},"excerpt":{"rendered":"<p><span style=\"font-weight: 400;\">Liofilizuoti kalakutienos k\u0105sneliai \u2013 sveikas ir nat\u016bralus skan\u0117stas j\u016bs\u0173 \u0161uniui. \u0160ie k\u0105sneliai yra minimalaus apdorojimo, kad i\u0161saugot\u0173 visas nat\u016bralias maistines savybes ir skon\u012f, tod\u0117l tai yra puikus pasirinkimas augintinio mitybai praturtinti.<\/span><\/p>\n","protected":false},"featured_media":14754,"template":"","meta":[],"product_brand":[],"product_cat":[101,103,106,335],"product_tag":[],"class_list":{"0":"post-14753","1":"product","2":"type-product","3":"status-publish","4":"has-post-thumbnail","6":"product_cat-sunims","7":"product_cat-sunu-maistas","8":"product_cat-skanestai","9":"product_cat-natures-variety-sunu-maistas","10":"pa_prekinis-zenklas-natures-variety","12":"first","13":"instock","14":"taxable","15":"shipping-taxable","16":"purchasable","17":"product-type-simple"},"yoast_head":"<!-- This site is optimized with the Yoast SEO Premium plugin v27.1 (Yoast SEO v27.5) - https:\/\/yoast.com\/product\/yoast-seo-premium-wordpress\/ -->\n<title>Nature&#039;s Variety Meat Bites liofilizuoti skan\u0117stai \u0161unims 20g (kalakutiena) - anivet.lt<\/title>\n<meta name=\"description\" content=\"Liofilizuoti kalakutienos k\u0105sneliai \u2013 sveikas ir nat\u016bralus skan\u0117stas j\u016bs\u0173 \u0161uniui. \u0160ie k\u0105sneliai yra minimalaus apdorojimo, kad i\u0161saugot\u0173 visas nat\u016bralias maistines savybes ir skon\u012f, tod\u0117l tai yra puikus pasirinkimas augintinio mitybai praturtinti.\" \/>\n<meta name=\"robots\" content=\"index, follow, max-snippet:-1, max-image-preview:large, max-video-preview:-1\" \/>\n<link rel=\"canonical\" href=\"https:\/\/anivet.lt\/elparduotuve\/produktas\/meat-bites-liofilizuoti-skanestai-sunims-20g-kalakutiena\/\" \/>\n<meta property=\"og:locale\" content=\"lt_LT\" \/>\n<meta property=\"og:type\" content=\"article\" \/>\n<meta property=\"og:title\" content=\"Nature&#039;s Variety Meat Bites liofilizuoti skan\u0117stai \u0161unims 20g (kalakutiena)\" \/>\n<meta property=\"og:description\" content=\"Liofilizuoti kalakutienos k\u0105sneliai \u2013 sveikas ir nat\u016bralus skan\u0117stas j\u016bs\u0173 \u0161uniui. \u0160ie k\u0105sneliai yra minimalaus apdorojimo, kad i\u0161saugot\u0173 visas nat\u016bralias maistines savybes ir skon\u012f, tod\u0117l tai yra puikus pasirinkimas augintinio mitybai praturtinti.\" \/>\n<meta property=\"og:url\" content=\"https:\/\/anivet.lt\/elparduotuve\/produktas\/meat-bites-liofilizuoti-skanestai-sunims-20g-kalakutiena\/\" \/>\n<meta property=\"og:site_name\" content=\"anivet.lt\" \/>\n<meta property=\"article:modified_time\" content=\"2025-05-27T13:29:30+00:00\" \/>\n<meta property=\"og:image\" content=\"https:\/\/anivet.lt\/elparduotuve\/wp-content\/uploads\/2024\/10\/Meat-Bites-kalakutiena-20-g.png\" \/>\n\t<meta property=\"og:image:width\" content=\"650\" \/>\n\t<meta property=\"og:image:height\" content=\"650\" \/>\n\t<meta property=\"og:image:type\" content=\"image\/png\" \/>\n<meta name=\"twitter:card\" content=\"summary_large_image\" \/>\n<meta name=\"twitter:label1\" content=\"Est. reading time\" \/>\n\t<meta name=\"twitter:data1\" content=\"1 minut\u0117\" \/>\n<script type=\"application\/ld+json\" class=\"yoast-schema-graph\">{\"@context\":\"https:\\\/\\\/schema.org\",\"@graph\":[{\"@type\":\"WebPage\",\"@id\":\"https:\\\/\\\/anivet.lt\\\/elparduotuve\\\/produktas\\\/meat-bites-liofilizuoti-skanestai-sunims-20g-kalakutiena\\\/\",\"url\":\"https:\\\/\\\/anivet.lt\\\/elparduotuve\\\/produktas\\\/meat-bites-liofilizuoti-skanestai-sunims-20g-kalakutiena\\\/\",\"name\":\"Nature's Variety Meat Bites liofilizuoti skan\u0117stai \u0161unims 20g (kalakutiena) - anivet.lt\",\"isPartOf\":{\"@id\":\"https:\\\/\\\/anivet.lt\\\/elparduotuve\\\/#website\"},\"primaryImageOfPage\":{\"@id\":\"https:\\\/\\\/anivet.lt\\\/elparduotuve\\\/produktas\\\/meat-bites-liofilizuoti-skanestai-sunims-20g-kalakutiena\\\/#primaryimage\"},\"image\":{\"@id\":\"https:\\\/\\\/anivet.lt\\\/elparduotuve\\\/produktas\\\/meat-bites-liofilizuoti-skanestai-sunims-20g-kalakutiena\\\/#primaryimage\"},\"thumbnailUrl\":\"https:\\\/\\\/anivet.lt\\\/elparduotuve\\\/wp-content\\\/uploads\\\/2024\\\/10\\\/Meat-Bites-kalakutiena-20-g.png\",\"datePublished\":\"2024-10-16T19:59:15+00:00\",\"dateModified\":\"2025-05-27T13:29:30+00:00\",\"description\":\"Liofilizuoti kalakutienos k\u0105sneliai \u2013 sveikas ir nat\u016bralus skan\u0117stas j\u016bs\u0173 \u0161uniui. \u0160ie k\u0105sneliai yra minimalaus apdorojimo, kad i\u0161saugot\u0173 visas nat\u016bralias maistines savybes ir skon\u012f, tod\u0117l tai yra puikus pasirinkimas augintinio mitybai praturtinti.\",\"breadcrumb\":{\"@id\":\"https:\\\/\\\/anivet.lt\\\/elparduotuve\\\/produktas\\\/meat-bites-liofilizuoti-skanestai-sunims-20g-kalakutiena\\\/#breadcrumb\"},\"inLanguage\":\"lt-LT\",\"potentialAction\":[{\"@type\":\"ReadAction\",\"target\":[\"https:\\\/\\\/anivet.lt\\\/elparduotuve\\\/produktas\\\/meat-bites-liofilizuoti-skanestai-sunims-20g-kalakutiena\\\/\"]}]},{\"@type\":\"ImageObject\",\"inLanguage\":\"lt-LT\",\"@id\":\"https:\\\/\\\/anivet.lt\\\/elparduotuve\\\/produktas\\\/meat-bites-liofilizuoti-skanestai-sunims-20g-kalakutiena\\\/#primaryimage\",\"url\":\"https:\\\/\\\/anivet.lt\\\/elparduotuve\\\/wp-content\\\/uploads\\\/2024\\\/10\\\/Meat-Bites-kalakutiena-20-g.png\",\"contentUrl\":\"https:\\\/\\\/anivet.lt\\\/elparduotuve\\\/wp-content\\\/uploads\\\/2024\\\/10\\\/Meat-Bites-kalakutiena-20-g.png\",\"width\":650,\"height\":650,\"caption\":\"Nature's Variety Meat Bites liofilizuoti skan\u0117stai \u0161unims 20g (kalakutiena)\"},{\"@type\":\"BreadcrumbList\",\"@id\":\"https:\\\/\\\/anivet.lt\\\/elparduotuve\\\/produktas\\\/meat-bites-liofilizuoti-skanestai-sunims-20g-kalakutiena\\\/#breadcrumb\",\"itemListElement\":[{\"@type\":\"ListItem\",\"position\":1,\"name\":\"Home\",\"item\":\"https:\\\/\\\/anivet.lt\\\/elparduotuve\\\/\"},{\"@type\":\"ListItem\",\"position\":2,\"name\":\"Produktai\",\"item\":\"https:\\\/\\\/anivet.lt\\\/elparduotuve\\\/produktai\\\/\"},{\"@type\":\"ListItem\",\"position\":3,\"name\":\"Nature&#8217;s Variety Meat Bites liofilizuoti skan\u0117stai \u0161unims 20g (kalakutiena)\"}]},{\"@type\":\"WebSite\",\"@id\":\"https:\\\/\\\/anivet.lt\\\/elparduotuve\\\/#website\",\"url\":\"https:\\\/\\\/anivet.lt\\\/elparduotuve\\\/\",\"name\":\"anivet.lt\",\"description\":\"Viskas J\u016bs\u0173 \u0161uns, kat\u0117s prie\u017ei\u016brai\",\"publisher\":{\"@id\":\"https:\\\/\\\/anivet.lt\\\/elparduotuve\\\/#organization\"},\"alternateName\":\"Viskas J\u016bs\u0173 \u0161uns, kat\u0117s prie\u017ei\u016brai\",\"potentialAction\":[{\"@type\":\"SearchAction\",\"target\":{\"@type\":\"EntryPoint\",\"urlTemplate\":\"https:\\\/\\\/anivet.lt\\\/elparduotuve\\\/?s={search_term_string}\"},\"query-input\":{\"@type\":\"PropertyValueSpecification\",\"valueRequired\":true,\"valueName\":\"search_term_string\"}}],\"inLanguage\":\"lt-LT\"},{\"@type\":\"Organization\",\"@id\":\"https:\\\/\\\/anivet.lt\\\/elparduotuve\\\/#organization\",\"name\":\"Viskas J\u016bs\u0173 \u0161uns, kat\u0117s prie\u017ei\u016brai\",\"url\":\"https:\\\/\\\/anivet.lt\\\/elparduotuve\\\/\",\"logo\":{\"@type\":\"ImageObject\",\"inLanguage\":\"lt-LT\",\"@id\":\"https:\\\/\\\/anivet.lt\\\/elparduotuve\\\/#\\\/schema\\\/logo\\\/image\\\/\",\"url\":\"https:\\\/\\\/anivet.lt\\\/elparduotuve\\\/wp-content\\\/uploads\\\/2023\\\/06\\\/logo2.jpg\",\"contentUrl\":\"https:\\\/\\\/anivet.lt\\\/elparduotuve\\\/wp-content\\\/uploads\\\/2023\\\/06\\\/logo2.jpg\",\"width\":655,\"height\":194,\"caption\":\"Viskas J\u016bs\u0173 \u0161uns, kat\u0117s prie\u017ei\u016brai\"},\"image\":{\"@id\":\"https:\\\/\\\/anivet.lt\\\/elparduotuve\\\/#\\\/schema\\\/logo\\\/image\\\/\"}}]}<\/script>\n<!-- \/ Yoast SEO Premium plugin. -->","yoast_head_json":{"title":"Nature's Variety Meat Bites liofilizuoti skan\u0117stai \u0161unims 20g (kalakutiena) - anivet.lt","description":"Liofilizuoti kalakutienos k\u0105sneliai \u2013 sveikas ir nat\u016bralus skan\u0117stas j\u016bs\u0173 \u0161uniui. \u0160ie k\u0105sneliai yra minimalaus apdorojimo, kad i\u0161saugot\u0173 visas nat\u016bralias maistines savybes ir skon\u012f, tod\u0117l tai yra puikus pasirinkimas augintinio mitybai praturtinti.","robots":{"index":"index","follow":"follow","max-snippet":"max-snippet:-1","max-image-preview":"max-image-preview:large","max-video-preview":"max-video-preview:-1"},"canonical":"https:\/\/anivet.lt\/elparduotuve\/produktas\/meat-bites-liofilizuoti-skanestai-sunims-20g-kalakutiena\/","og_locale":"lt_LT","og_type":"article","og_title":"Nature's Variety Meat Bites liofilizuoti skan\u0117stai \u0161unims 20g (kalakutiena)","og_description":"Liofilizuoti kalakutienos k\u0105sneliai \u2013 sveikas ir nat\u016bralus skan\u0117stas j\u016bs\u0173 \u0161uniui. \u0160ie k\u0105sneliai yra minimalaus apdorojimo, kad i\u0161saugot\u0173 visas nat\u016bralias maistines savybes ir skon\u012f, tod\u0117l tai yra puikus pasirinkimas augintinio mitybai praturtinti.","og_url":"https:\/\/anivet.lt\/elparduotuve\/produktas\/meat-bites-liofilizuoti-skanestai-sunims-20g-kalakutiena\/","og_site_name":"anivet.lt","article_modified_time":"2025-05-27T13:29:30+00:00","og_image":[{"width":650,"height":650,"url":"https:\/\/anivet.lt\/elparduotuve\/wp-content\/uploads\/2024\/10\/Meat-Bites-kalakutiena-20-g.png","type":"image\/png"}],"twitter_card":"summary_large_image","twitter_misc":{"Est. reading time":"1 minut\u0117"},"schema":{"@context":"https:\/\/schema.org","@graph":[{"@type":"WebPage","@id":"https:\/\/anivet.lt\/elparduotuve\/produktas\/meat-bites-liofilizuoti-skanestai-sunims-20g-kalakutiena\/","url":"https:\/\/anivet.lt\/elparduotuve\/produktas\/meat-bites-liofilizuoti-skanestai-sunims-20g-kalakutiena\/","name":"Nature's Variety Meat Bites liofilizuoti skan\u0117stai \u0161unims 20g (kalakutiena) - anivet.lt","isPartOf":{"@id":"https:\/\/anivet.lt\/elparduotuve\/#website"},"primaryImageOfPage":{"@id":"https:\/\/anivet.lt\/elparduotuve\/produktas\/meat-bites-liofilizuoti-skanestai-sunims-20g-kalakutiena\/#primaryimage"},"image":{"@id":"https:\/\/anivet.lt\/elparduotuve\/produktas\/meat-bites-liofilizuoti-skanestai-sunims-20g-kalakutiena\/#primaryimage"},"thumbnailUrl":"https:\/\/anivet.lt\/elparduotuve\/wp-content\/uploads\/2024\/10\/Meat-Bites-kalakutiena-20-g.png","datePublished":"2024-10-16T19:59:15+00:00","dateModified":"2025-05-27T13:29:30+00:00","description":"Liofilizuoti kalakutienos k\u0105sneliai \u2013 sveikas ir nat\u016bralus skan\u0117stas j\u016bs\u0173 \u0161uniui. \u0160ie k\u0105sneliai yra minimalaus apdorojimo, kad i\u0161saugot\u0173 visas nat\u016bralias maistines savybes ir skon\u012f, tod\u0117l tai yra puikus pasirinkimas augintinio mitybai praturtinti.","breadcrumb":{"@id":"https:\/\/anivet.lt\/elparduotuve\/produktas\/meat-bites-liofilizuoti-skanestai-sunims-20g-kalakutiena\/#breadcrumb"},"inLanguage":"lt-LT","potentialAction":[{"@type":"ReadAction","target":["https:\/\/anivet.lt\/elparduotuve\/produktas\/meat-bites-liofilizuoti-skanestai-sunims-20g-kalakutiena\/"]}]},{"@type":"ImageObject","inLanguage":"lt-LT","@id":"https:\/\/anivet.lt\/elparduotuve\/produktas\/meat-bites-liofilizuoti-skanestai-sunims-20g-kalakutiena\/#primaryimage","url":"https:\/\/anivet.lt\/elparduotuve\/wp-content\/uploads\/2024\/10\/Meat-Bites-kalakutiena-20-g.png","contentUrl":"https:\/\/anivet.lt\/elparduotuve\/wp-content\/uploads\/2024\/10\/Meat-Bites-kalakutiena-20-g.png","width":650,"height":650,"caption":"Nature's Variety Meat Bites liofilizuoti skan\u0117stai \u0161unims 20g (kalakutiena)"},{"@type":"BreadcrumbList","@id":"https:\/\/anivet.lt\/elparduotuve\/produktas\/meat-bites-liofilizuoti-skanestai-sunims-20g-kalakutiena\/#breadcrumb","itemListElement":[{"@type":"ListItem","position":1,"name":"Home","item":"https:\/\/anivet.lt\/elparduotuve\/"},{"@type":"ListItem","position":2,"name":"Produktai","item":"https:\/\/anivet.lt\/elparduotuve\/produktai\/"},{"@type":"ListItem","position":3,"name":"Nature&#8217;s Variety Meat Bites liofilizuoti skan\u0117stai \u0161unims 20g (kalakutiena)"}]},{"@type":"WebSite","@id":"https:\/\/anivet.lt\/elparduotuve\/#website","url":"https:\/\/anivet.lt\/elparduotuve\/","name":"anivet.lt","description":"Viskas J\u016bs\u0173 \u0161uns, kat\u0117s prie\u017ei\u016brai","publisher":{"@id":"https:\/\/anivet.lt\/elparduotuve\/#organization"},"alternateName":"Viskas J\u016bs\u0173 \u0161uns, kat\u0117s prie\u017ei\u016brai","potentialAction":[{"@type":"SearchAction","target":{"@type":"EntryPoint","urlTemplate":"https:\/\/anivet.lt\/elparduotuve\/?s={search_term_string}"},"query-input":{"@type":"PropertyValueSpecification","valueRequired":true,"valueName":"search_term_string"}}],"inLanguage":"lt-LT"},{"@type":"Organization","@id":"https:\/\/anivet.lt\/elparduotuve\/#organization","name":"Viskas J\u016bs\u0173 \u0161uns, kat\u0117s prie\u017ei\u016brai","url":"https:\/\/anivet.lt\/elparduotuve\/","logo":{"@type":"ImageObject","inLanguage":"lt-LT","@id":"https:\/\/anivet.lt\/elparduotuve\/#\/schema\/logo\/image\/","url":"https:\/\/anivet.lt\/elparduotuve\/wp-content\/uploads\/2023\/06\/logo2.jpg","contentUrl":"https:\/\/anivet.lt\/elparduotuve\/wp-content\/uploads\/2023\/06\/logo2.jpg","width":655,"height":194,"caption":"Viskas J\u016bs\u0173 \u0161uns, kat\u0117s prie\u017ei\u016brai"},"image":{"@id":"https:\/\/anivet.lt\/elparduotuve\/#\/schema\/logo\/image\/"}}]}},"_links":{"self":[{"href":"https:\/\/anivet.lt\/elparduotuve\/wp-json\/wp\/v2\/product\/14753","targetHints":{"allow":["GET"]}}],"collection":[{"href":"https:\/\/anivet.lt\/elparduotuve\/wp-json\/wp\/v2\/product"}],"about":[{"href":"https:\/\/anivet.lt\/elparduotuve\/wp-json\/wp\/v2\/types\/product"}],"wp:featuredmedia":[{"embeddable":true,"href":"https:\/\/anivet.lt\/elparduotuve\/wp-json\/wp\/v2\/media\/14754"}],"wp:attachment":[{"href":"https:\/\/anivet.lt\/elparduotuve\/wp-json\/wp\/v2\/media?parent=14753"}],"wp:term":[{"taxonomy":"product_brand","embeddable":true,"href":"https:\/\/anivet.lt\/elparduotuve\/wp-json\/wp\/v2\/product_brand?post=14753"},{"taxonomy":"product_cat","embeddable":true,"href":"https:\/\/anivet.lt\/elparduotuve\/wp-json\/wp\/v2\/product_cat?post=14753"},{"taxonomy":"product_tag","embeddable":true,"href":"https:\/\/anivet.lt\/elparduotuve\/wp-json\/wp\/v2\/product_tag?post=14753"}],"curies":[{"name":"wp","href":"https:\/\/api.w.org\/{rel}","templated":true}]}}