{"id":14755,"date":"2024-10-16T20:08:44","date_gmt":"2024-10-16T20:08:44","guid":{"rendered":"https:\/\/anivet.lt\/elparduotuve\/?post_type=product&#038;p=14755"},"modified":"2025-05-27T13:29:31","modified_gmt":"2025-05-27T13:29:31","slug":"meat-chunks-liofilizuoti-skanestai-sunims-50g-vistiena","status":"publish","type":"product","link":"https:\/\/anivet.lt\/elparduotuve\/produktas\/meat-chunks-liofilizuoti-skanestai-sunims-50g-vistiena\/","title":{"rendered":"Nature&#8217;s Variety Meat Chunks liofilizuoti skan\u0117stai \u0161unims 50g (vi\u0161tiena)"},"content":{"rendered":"<ul>\n<li style=\"font-weight: 400;\" aria-level=\"1\"><span style=\"font-weight: 400;\">100% nat\u016bral\u016bs: Gaminami tik i\u0161 auk\u0161tos kokyb\u0117s i\u0161kaulintos vi\u0161tienos m\u0117sos, be dirbtini\u0173 pried\u0173, da\u017eikli\u0173 ar konservant\u0173.<\/span><\/li>\n<li style=\"font-weight: 400;\" aria-level=\"1\"><span style=\"font-weight: 400;\">Vieno baltymo \u0161altinis: Puikiai tinka \u0161unims, kuriems reikia mitybos su vienu baltymu, pavyzd\u017eiui, jautriems ar alergi\u0161kiems augintiniams.<\/span><\/li>\n<li style=\"font-weight: 400;\" aria-level=\"1\"><span style=\"font-weight: 400;\">I\u0161saugotos maistin\u0117s savyb\u0117s: Liofilizacija leid\u017eia i\u0161laikyti m\u0117sos baltymus, riebalus ir maistines vertes nepakitusias.<\/span><\/li>\n<li style=\"font-weight: 400;\" aria-level=\"1\"><span style=\"font-weight: 400;\">Didelis baltym\u0173 kiekis: 72% \u017eali\u0173 baltym\u0173 padeda augintiniui i\u0161laikyti energij\u0105 ir palaikyti raumen\u0173 mas\u0119.<\/span><\/li>\n<li style=\"font-weight: 400;\" aria-level=\"1\"><span style=\"font-weight: 400;\">\u017demas dr\u0117gm\u0117s kiekis: Tik 4% dr\u0117gm\u0117s u\u017etikrina ilg\u0105 galiojimo laik\u0105 ir paprast\u0105 laikym\u0105 be praradim\u0173.<\/span><\/li>\n<\/ul>\n<p><span style=\"font-weight: 400;\">\u0160ie skan\u0117stai puikiai tinka j\u016bs\u0173 \u0161uniui kaip sveikas u\u017ekandis, papildantis jo mityb\u0105. Jie yra puikus pasirinkimas norint apdovanoti augintin\u012f nat\u016braliu skoniu ir u\u017etikrinti reikaling\u0105 baltym\u0173 kiek\u012f kasdien\u0117je dietoje.<\/span><\/p>\n","protected":false},"excerpt":{"rendered":"<p><span style=\"font-weight: 400;\">Liofilizuoti vi\u0161tienos kubeliai \u2013 nat\u016bralus ir sveikas skan\u0117stas j\u016bs\u0173 \u0161uniui. \u0160ie vi\u0161tienos kubeliai gaminami naudojant liofilizacijos metod\u0105, kuris i\u0161saugo visas maistines m\u0117sos savybes, skon\u012f ir tekst\u016br\u0105.<\/span><\/p>\n","protected":false},"featured_media":14756,"template":"","meta":[],"product_brand":[],"product_cat":[101,103,106,335],"product_tag":[],"class_list":{"0":"post-14755","1":"product","2":"type-product","3":"status-publish","4":"has-post-thumbnail","6":"product_cat-sunims","7":"product_cat-sunu-maistas","8":"product_cat-skanestai","9":"product_cat-natures-variety-sunu-maistas","10":"pa_prekinis-zenklas-natures-variety","12":"first","13":"instock","14":"taxable","15":"shipping-taxable","16":"purchasable","17":"product-type-simple"},"yoast_head":"<!-- This site is optimized with the Yoast SEO Premium plugin v27.1 (Yoast SEO v27.5) - https:\/\/yoast.com\/product\/yoast-seo-premium-wordpress\/ -->\n<title>Nature&#039;s Variety Meat Chunks liofilizuoti skan\u0117stai \u0161unims 50g (vi\u0161tiena) - anivet.lt<\/title>\n<meta name=\"description\" content=\"Liofilizuoti vi\u0161tienos kubeliai \u2013 nat\u016bralus ir sveikas skan\u0117stas j\u016bs\u0173 \u0161uniui. \u0160ie vi\u0161tienos kubeliai gaminami naudojant liofilizacijos metod\u0105, kuris i\u0161saugo visas maistines m\u0117sos savybes, skon\u012f ir tekst\u016br\u0105.\" \/>\n<meta name=\"robots\" content=\"index, follow, max-snippet:-1, max-image-preview:large, max-video-preview:-1\" \/>\n<link rel=\"canonical\" href=\"https:\/\/anivet.lt\/elparduotuve\/produktas\/meat-chunks-liofilizuoti-skanestai-sunims-50g-vistiena\/\" \/>\n<meta property=\"og:locale\" content=\"lt_LT\" \/>\n<meta property=\"og:type\" content=\"article\" \/>\n<meta property=\"og:title\" content=\"Nature&#039;s Variety Meat Chunks liofilizuoti skan\u0117stai \u0161unims 50g (vi\u0161tiena)\" \/>\n<meta property=\"og:description\" content=\"Liofilizuoti vi\u0161tienos kubeliai \u2013 nat\u016bralus ir sveikas skan\u0117stas j\u016bs\u0173 \u0161uniui. \u0160ie vi\u0161tienos kubeliai gaminami naudojant liofilizacijos metod\u0105, kuris i\u0161saugo visas maistines m\u0117sos savybes, skon\u012f ir tekst\u016br\u0105.\" \/>\n<meta property=\"og:url\" content=\"https:\/\/anivet.lt\/elparduotuve\/produktas\/meat-chunks-liofilizuoti-skanestai-sunims-50g-vistiena\/\" \/>\n<meta property=\"og:site_name\" content=\"anivet.lt\" \/>\n<meta property=\"article:modified_time\" content=\"2025-05-27T13:29:31+00:00\" \/>\n<meta property=\"og:image\" content=\"https:\/\/anivet.lt\/elparduotuve\/wp-content\/uploads\/2024\/10\/Meat-Chunks-vistiena-50-g.png\" \/>\n\t<meta property=\"og:image:width\" content=\"650\" \/>\n\t<meta property=\"og:image:height\" content=\"650\" \/>\n\t<meta property=\"og:image:type\" content=\"image\/png\" \/>\n<meta name=\"twitter:card\" content=\"summary_large_image\" \/>\n<meta name=\"twitter:label1\" content=\"Est. reading time\" \/>\n\t<meta name=\"twitter:data1\" content=\"1 minut\u0117\" \/>\n<script type=\"application\/ld+json\" class=\"yoast-schema-graph\">{\"@context\":\"https:\\\/\\\/schema.org\",\"@graph\":[{\"@type\":\"WebPage\",\"@id\":\"https:\\\/\\\/anivet.lt\\\/elparduotuve\\\/produktas\\\/meat-chunks-liofilizuoti-skanestai-sunims-50g-vistiena\\\/\",\"url\":\"https:\\\/\\\/anivet.lt\\\/elparduotuve\\\/produktas\\\/meat-chunks-liofilizuoti-skanestai-sunims-50g-vistiena\\\/\",\"name\":\"Nature's Variety Meat Chunks liofilizuoti skan\u0117stai \u0161unims 50g (vi\u0161tiena) - anivet.lt\",\"isPartOf\":{\"@id\":\"https:\\\/\\\/anivet.lt\\\/elparduotuve\\\/#website\"},\"primaryImageOfPage\":{\"@id\":\"https:\\\/\\\/anivet.lt\\\/elparduotuve\\\/produktas\\\/meat-chunks-liofilizuoti-skanestai-sunims-50g-vistiena\\\/#primaryimage\"},\"image\":{\"@id\":\"https:\\\/\\\/anivet.lt\\\/elparduotuve\\\/produktas\\\/meat-chunks-liofilizuoti-skanestai-sunims-50g-vistiena\\\/#primaryimage\"},\"thumbnailUrl\":\"https:\\\/\\\/anivet.lt\\\/elparduotuve\\\/wp-content\\\/uploads\\\/2024\\\/10\\\/Meat-Chunks-vistiena-50-g.png\",\"datePublished\":\"2024-10-16T20:08:44+00:00\",\"dateModified\":\"2025-05-27T13:29:31+00:00\",\"description\":\"Liofilizuoti vi\u0161tienos kubeliai \u2013 nat\u016bralus ir sveikas skan\u0117stas j\u016bs\u0173 \u0161uniui. \u0160ie vi\u0161tienos kubeliai gaminami naudojant liofilizacijos metod\u0105, kuris i\u0161saugo visas maistines m\u0117sos savybes, skon\u012f ir tekst\u016br\u0105.\",\"breadcrumb\":{\"@id\":\"https:\\\/\\\/anivet.lt\\\/elparduotuve\\\/produktas\\\/meat-chunks-liofilizuoti-skanestai-sunims-50g-vistiena\\\/#breadcrumb\"},\"inLanguage\":\"lt-LT\",\"potentialAction\":[{\"@type\":\"ReadAction\",\"target\":[\"https:\\\/\\\/anivet.lt\\\/elparduotuve\\\/produktas\\\/meat-chunks-liofilizuoti-skanestai-sunims-50g-vistiena\\\/\"]}]},{\"@type\":\"ImageObject\",\"inLanguage\":\"lt-LT\",\"@id\":\"https:\\\/\\\/anivet.lt\\\/elparduotuve\\\/produktas\\\/meat-chunks-liofilizuoti-skanestai-sunims-50g-vistiena\\\/#primaryimage\",\"url\":\"https:\\\/\\\/anivet.lt\\\/elparduotuve\\\/wp-content\\\/uploads\\\/2024\\\/10\\\/Meat-Chunks-vistiena-50-g.png\",\"contentUrl\":\"https:\\\/\\\/anivet.lt\\\/elparduotuve\\\/wp-content\\\/uploads\\\/2024\\\/10\\\/Meat-Chunks-vistiena-50-g.png\",\"width\":650,\"height\":650,\"caption\":\"Nature's Variety Meat Chunks liofilizuoti skan\u0117stai \u0161unims 50g (vi\u0161tiena)\"},{\"@type\":\"BreadcrumbList\",\"@id\":\"https:\\\/\\\/anivet.lt\\\/elparduotuve\\\/produktas\\\/meat-chunks-liofilizuoti-skanestai-sunims-50g-vistiena\\\/#breadcrumb\",\"itemListElement\":[{\"@type\":\"ListItem\",\"position\":1,\"name\":\"Home\",\"item\":\"https:\\\/\\\/anivet.lt\\\/elparduotuve\\\/\"},{\"@type\":\"ListItem\",\"position\":2,\"name\":\"Produktai\",\"item\":\"https:\\\/\\\/anivet.lt\\\/elparduotuve\\\/produktai\\\/\"},{\"@type\":\"ListItem\",\"position\":3,\"name\":\"Nature&#8217;s Variety Meat Chunks liofilizuoti skan\u0117stai \u0161unims 50g (vi\u0161tiena)\"}]},{\"@type\":\"WebSite\",\"@id\":\"https:\\\/\\\/anivet.lt\\\/elparduotuve\\\/#website\",\"url\":\"https:\\\/\\\/anivet.lt\\\/elparduotuve\\\/\",\"name\":\"anivet.lt\",\"description\":\"Viskas J\u016bs\u0173 \u0161uns, kat\u0117s prie\u017ei\u016brai\",\"publisher\":{\"@id\":\"https:\\\/\\\/anivet.lt\\\/elparduotuve\\\/#organization\"},\"alternateName\":\"Viskas J\u016bs\u0173 \u0161uns, kat\u0117s prie\u017ei\u016brai\",\"potentialAction\":[{\"@type\":\"SearchAction\",\"target\":{\"@type\":\"EntryPoint\",\"urlTemplate\":\"https:\\\/\\\/anivet.lt\\\/elparduotuve\\\/?s={search_term_string}\"},\"query-input\":{\"@type\":\"PropertyValueSpecification\",\"valueRequired\":true,\"valueName\":\"search_term_string\"}}],\"inLanguage\":\"lt-LT\"},{\"@type\":\"Organization\",\"@id\":\"https:\\\/\\\/anivet.lt\\\/elparduotuve\\\/#organization\",\"name\":\"Viskas J\u016bs\u0173 \u0161uns, kat\u0117s prie\u017ei\u016brai\",\"url\":\"https:\\\/\\\/anivet.lt\\\/elparduotuve\\\/\",\"logo\":{\"@type\":\"ImageObject\",\"inLanguage\":\"lt-LT\",\"@id\":\"https:\\\/\\\/anivet.lt\\\/elparduotuve\\\/#\\\/schema\\\/logo\\\/image\\\/\",\"url\":\"https:\\\/\\\/anivet.lt\\\/elparduotuve\\\/wp-content\\\/uploads\\\/2023\\\/06\\\/logo2.jpg\",\"contentUrl\":\"https:\\\/\\\/anivet.lt\\\/elparduotuve\\\/wp-content\\\/uploads\\\/2023\\\/06\\\/logo2.jpg\",\"width\":655,\"height\":194,\"caption\":\"Viskas J\u016bs\u0173 \u0161uns, kat\u0117s prie\u017ei\u016brai\"},\"image\":{\"@id\":\"https:\\\/\\\/anivet.lt\\\/elparduotuve\\\/#\\\/schema\\\/logo\\\/image\\\/\"}}]}<\/script>\n<!-- \/ Yoast SEO Premium plugin. -->","yoast_head_json":{"title":"Nature's Variety Meat Chunks liofilizuoti skan\u0117stai \u0161unims 50g (vi\u0161tiena) - anivet.lt","description":"Liofilizuoti vi\u0161tienos kubeliai \u2013 nat\u016bralus ir sveikas skan\u0117stas j\u016bs\u0173 \u0161uniui. \u0160ie vi\u0161tienos kubeliai gaminami naudojant liofilizacijos metod\u0105, kuris i\u0161saugo visas maistines m\u0117sos savybes, skon\u012f ir tekst\u016br\u0105.","robots":{"index":"index","follow":"follow","max-snippet":"max-snippet:-1","max-image-preview":"max-image-preview:large","max-video-preview":"max-video-preview:-1"},"canonical":"https:\/\/anivet.lt\/elparduotuve\/produktas\/meat-chunks-liofilizuoti-skanestai-sunims-50g-vistiena\/","og_locale":"lt_LT","og_type":"article","og_title":"Nature's Variety Meat Chunks liofilizuoti skan\u0117stai \u0161unims 50g (vi\u0161tiena)","og_description":"Liofilizuoti vi\u0161tienos kubeliai \u2013 nat\u016bralus ir sveikas skan\u0117stas j\u016bs\u0173 \u0161uniui. \u0160ie vi\u0161tienos kubeliai gaminami naudojant liofilizacijos metod\u0105, kuris i\u0161saugo visas maistines m\u0117sos savybes, skon\u012f ir tekst\u016br\u0105.","og_url":"https:\/\/anivet.lt\/elparduotuve\/produktas\/meat-chunks-liofilizuoti-skanestai-sunims-50g-vistiena\/","og_site_name":"anivet.lt","article_modified_time":"2025-05-27T13:29:31+00:00","og_image":[{"width":650,"height":650,"url":"https:\/\/anivet.lt\/elparduotuve\/wp-content\/uploads\/2024\/10\/Meat-Chunks-vistiena-50-g.png","type":"image\/png"}],"twitter_card":"summary_large_image","twitter_misc":{"Est. reading time":"1 minut\u0117"},"schema":{"@context":"https:\/\/schema.org","@graph":[{"@type":"WebPage","@id":"https:\/\/anivet.lt\/elparduotuve\/produktas\/meat-chunks-liofilizuoti-skanestai-sunims-50g-vistiena\/","url":"https:\/\/anivet.lt\/elparduotuve\/produktas\/meat-chunks-liofilizuoti-skanestai-sunims-50g-vistiena\/","name":"Nature's Variety Meat Chunks liofilizuoti skan\u0117stai \u0161unims 50g (vi\u0161tiena) - anivet.lt","isPartOf":{"@id":"https:\/\/anivet.lt\/elparduotuve\/#website"},"primaryImageOfPage":{"@id":"https:\/\/anivet.lt\/elparduotuve\/produktas\/meat-chunks-liofilizuoti-skanestai-sunims-50g-vistiena\/#primaryimage"},"image":{"@id":"https:\/\/anivet.lt\/elparduotuve\/produktas\/meat-chunks-liofilizuoti-skanestai-sunims-50g-vistiena\/#primaryimage"},"thumbnailUrl":"https:\/\/anivet.lt\/elparduotuve\/wp-content\/uploads\/2024\/10\/Meat-Chunks-vistiena-50-g.png","datePublished":"2024-10-16T20:08:44+00:00","dateModified":"2025-05-27T13:29:31+00:00","description":"Liofilizuoti vi\u0161tienos kubeliai \u2013 nat\u016bralus ir sveikas skan\u0117stas j\u016bs\u0173 \u0161uniui. \u0160ie vi\u0161tienos kubeliai gaminami naudojant liofilizacijos metod\u0105, kuris i\u0161saugo visas maistines m\u0117sos savybes, skon\u012f ir tekst\u016br\u0105.","breadcrumb":{"@id":"https:\/\/anivet.lt\/elparduotuve\/produktas\/meat-chunks-liofilizuoti-skanestai-sunims-50g-vistiena\/#breadcrumb"},"inLanguage":"lt-LT","potentialAction":[{"@type":"ReadAction","target":["https:\/\/anivet.lt\/elparduotuve\/produktas\/meat-chunks-liofilizuoti-skanestai-sunims-50g-vistiena\/"]}]},{"@type":"ImageObject","inLanguage":"lt-LT","@id":"https:\/\/anivet.lt\/elparduotuve\/produktas\/meat-chunks-liofilizuoti-skanestai-sunims-50g-vistiena\/#primaryimage","url":"https:\/\/anivet.lt\/elparduotuve\/wp-content\/uploads\/2024\/10\/Meat-Chunks-vistiena-50-g.png","contentUrl":"https:\/\/anivet.lt\/elparduotuve\/wp-content\/uploads\/2024\/10\/Meat-Chunks-vistiena-50-g.png","width":650,"height":650,"caption":"Nature's Variety Meat Chunks liofilizuoti skan\u0117stai \u0161unims 50g (vi\u0161tiena)"},{"@type":"BreadcrumbList","@id":"https:\/\/anivet.lt\/elparduotuve\/produktas\/meat-chunks-liofilizuoti-skanestai-sunims-50g-vistiena\/#breadcrumb","itemListElement":[{"@type":"ListItem","position":1,"name":"Home","item":"https:\/\/anivet.lt\/elparduotuve\/"},{"@type":"ListItem","position":2,"name":"Produktai","item":"https:\/\/anivet.lt\/elparduotuve\/produktai\/"},{"@type":"ListItem","position":3,"name":"Nature&#8217;s Variety Meat Chunks liofilizuoti skan\u0117stai \u0161unims 50g (vi\u0161tiena)"}]},{"@type":"WebSite","@id":"https:\/\/anivet.lt\/elparduotuve\/#website","url":"https:\/\/anivet.lt\/elparduotuve\/","name":"anivet.lt","description":"Viskas J\u016bs\u0173 \u0161uns, kat\u0117s prie\u017ei\u016brai","publisher":{"@id":"https:\/\/anivet.lt\/elparduotuve\/#organization"},"alternateName":"Viskas J\u016bs\u0173 \u0161uns, kat\u0117s prie\u017ei\u016brai","potentialAction":[{"@type":"SearchAction","target":{"@type":"EntryPoint","urlTemplate":"https:\/\/anivet.lt\/elparduotuve\/?s={search_term_string}"},"query-input":{"@type":"PropertyValueSpecification","valueRequired":true,"valueName":"search_term_string"}}],"inLanguage":"lt-LT"},{"@type":"Organization","@id":"https:\/\/anivet.lt\/elparduotuve\/#organization","name":"Viskas J\u016bs\u0173 \u0161uns, kat\u0117s prie\u017ei\u016brai","url":"https:\/\/anivet.lt\/elparduotuve\/","logo":{"@type":"ImageObject","inLanguage":"lt-LT","@id":"https:\/\/anivet.lt\/elparduotuve\/#\/schema\/logo\/image\/","url":"https:\/\/anivet.lt\/elparduotuve\/wp-content\/uploads\/2023\/06\/logo2.jpg","contentUrl":"https:\/\/anivet.lt\/elparduotuve\/wp-content\/uploads\/2023\/06\/logo2.jpg","width":655,"height":194,"caption":"Viskas J\u016bs\u0173 \u0161uns, kat\u0117s prie\u017ei\u016brai"},"image":{"@id":"https:\/\/anivet.lt\/elparduotuve\/#\/schema\/logo\/image\/"}}]}},"_links":{"self":[{"href":"https:\/\/anivet.lt\/elparduotuve\/wp-json\/wp\/v2\/product\/14755","targetHints":{"allow":["GET"]}}],"collection":[{"href":"https:\/\/anivet.lt\/elparduotuve\/wp-json\/wp\/v2\/product"}],"about":[{"href":"https:\/\/anivet.lt\/elparduotuve\/wp-json\/wp\/v2\/types\/product"}],"wp:featuredmedia":[{"embeddable":true,"href":"https:\/\/anivet.lt\/elparduotuve\/wp-json\/wp\/v2\/media\/14756"}],"wp:attachment":[{"href":"https:\/\/anivet.lt\/elparduotuve\/wp-json\/wp\/v2\/media?parent=14755"}],"wp:term":[{"taxonomy":"product_brand","embeddable":true,"href":"https:\/\/anivet.lt\/elparduotuve\/wp-json\/wp\/v2\/product_brand?post=14755"},{"taxonomy":"product_cat","embeddable":true,"href":"https:\/\/anivet.lt\/elparduotuve\/wp-json\/wp\/v2\/product_cat?post=14755"},{"taxonomy":"product_tag","embeddable":true,"href":"https:\/\/anivet.lt\/elparduotuve\/wp-json\/wp\/v2\/product_tag?post=14755"}],"curies":[{"name":"wp","href":"https:\/\/api.w.org\/{rel}","templated":true}]}}