{"id":14785,"date":"2024-10-20T20:31:39","date_gmt":"2024-10-20T20:31:39","guid":{"rendered":"https:\/\/anivet.lt\/elparduotuve\/?post_type=product&#038;p=14785"},"modified":"2026-05-14T09:07:22","modified_gmt":"2026-05-14T09:07:22","slug":"platinum-meatcrisp-sausas-maistas-suaugusioms-katems-su-zuvimi","status":"publish","type":"product","link":"https:\/\/anivet.lt\/elparduotuve\/produktas\/platinum-meatcrisp-sausas-maistas-suaugusioms-katems-su-zuvimi\/","title":{"rendered":"Platinum MeatCrisp sausas maistas suaugusioms kat\u0117ms su \u017euvimi"},"content":{"rendered":"<p><span style=\"font-weight: 400;\">Auk\u0161tos kokyb\u0117s pa\u0161aras, skirtas u\u017etikrinti subalansuot\u0105 mityb\u0105 ir sveikat\u0105. Naudojant inovatyvi\u0105 \u201eFreshmeatdryer\u201c (FSG) technologij\u0105, u\u017etikrinama nat\u016brali sud\u0117tis ir puikus skonis, i\u0161laikant visus svarbiausius mikroelementus. <\/span><span style=\"font-weight: 400;\">\u0160is pa\u0161aras ne tik patenkins j\u016bs\u0173 augintinio poreikius, bet ir suteiks maloni\u0105 valgymo patirt\u012f. Tra\u0161ki tekst\u016bra ir subalansuota sud\u0117tis pad\u0117s i\u0161laikyti optimali\u0105 sveikat\u0105 bei energij\u0105 kiekvien\u0105 dien\u0105.<\/span><\/p>\n","protected":false},"excerpt":{"rendered":"<ul>\n<li style=\"font-weight: 400;\" aria-level=\"1\"><span style=\"font-weight: 400;\">Auk\u0161tas \u017euvies kiekis: 82% \u017euvies (61% la\u0161i\u0161os, 39% menk\u0117s) u\u017etikrina baltym\u0173 ir omega r\u016bg\u0161\u010di\u0173 \u0161altin\u012f.<\/span><\/li>\n<li style=\"font-weight: 400;\" aria-level=\"1\"><span style=\"font-weight: 400;\">Nat\u016brali sud\u0117tis: Be skonio stiprikli\u0173, gr\u016bd\u0173 ir glitimo \u2013 tinka jautrioms kat\u0117ms.<\/span><\/li>\n<li style=\"font-weight: 400;\" aria-level=\"1\"><span style=\"font-weight: 400;\">Optimalus taurino kiekis: Palaiko \u0161irdies ir aki\u0173 sveikat\u0105.<\/span><\/li>\n<li style=\"font-weight: 400;\" aria-level=\"1\"><span style=\"font-weight: 400;\">Lengvas vir\u0161kinimas: Puikiai tinka kat\u0117ms su jautria vir\u0161kinimo sistema.<\/span><\/li>\n<li style=\"font-weight: 400;\" aria-level=\"1\"><span style=\"font-weight: 400;\">Speciali d\u017eiovinimo technologija: I\u0161saugomas nat\u016bralus skonis ir maistin\u0117s med\u017eiagos.<\/span><\/li>\n<\/ul>\n","protected":false},"featured_media":14786,"template":"","meta":[],"product_brand":[],"product_cat":[114,115,102,444],"product_tag":[],"class_list":{"0":"post-14785","1":"product","2":"type-product","3":"status-publish","4":"has-post-thumbnail","6":"product_cat-kaciu-maistas","7":"product_cat-sausas-maistas-ir-skanestai-katems","8":"product_cat-katems","9":"product_cat-platinum-kaciu-maistas","10":"pa_prekinis-zenklas-platinum","12":"first","13":"instock","14":"taxable","15":"shipping-taxable","16":"purchasable","17":"product-type-variable"},"yoast_head":"<!-- This site is optimized with the Yoast SEO Premium plugin v27.1 (Yoast SEO v27.5) - https:\/\/yoast.com\/product\/yoast-seo-premium-wordpress\/ -->\n<title>Platinum MeatCrisp sausas maistas suaugusioms kat\u0117ms su \u017euvimi - anivet.lt<\/title>\n<meta name=\"description\" content=\"Auk\u0161tas \u017euvies kiekis: 82% \u017euvies (61% la\u0161i\u0161os, 39% menk\u0117s) u\u017etikrina baltym\u0173 ir omega r\u016bg\u0161\u010di\u0173 \u0161altin\u012f.  Nat\u016brali sud\u0117tis: Be skonio stiprikli\u0173, gr\u016bd\u0173 ir glitimo \u2013 tinka jautrioms kat\u0117ms.  Optimalus taurino kiekis: Palaiko \u0161irdies ir aki\u0173 sveikat\u0105.  Lengvas vir\u0161kinimas: Puikiai tinka kat\u0117ms su jautria vir\u0161kinimo sistema.  Speciali d\u017eiovinimo technologija: I\u0161saugomas nat\u016bralus skonis ir maistin\u0117s med\u017eiagos.\" \/>\n<meta name=\"robots\" content=\"index, follow, max-snippet:-1, max-image-preview:large, max-video-preview:-1\" \/>\n<link rel=\"canonical\" href=\"https:\/\/anivet.lt\/elparduotuve\/produktas\/platinum-meatcrisp-sausas-maistas-suaugusioms-katems-su-zuvimi\/\" \/>\n<meta property=\"og:locale\" content=\"lt_LT\" \/>\n<meta property=\"og:type\" content=\"article\" \/>\n<meta property=\"og:title\" content=\"Platinum MeatCrisp sausas maistas suaugusioms kat\u0117ms su \u017euvimi\" \/>\n<meta property=\"og:description\" content=\"Auk\u0161tas \u017euvies kiekis: 82% \u017euvies (61% la\u0161i\u0161os, 39% menk\u0117s) u\u017etikrina baltym\u0173 ir omega r\u016bg\u0161\u010di\u0173 \u0161altin\u012f.  Nat\u016brali sud\u0117tis: Be skonio stiprikli\u0173, gr\u016bd\u0173 ir glitimo \u2013 tinka jautrioms kat\u0117ms.  Optimalus taurino kiekis: Palaiko \u0161irdies ir aki\u0173 sveikat\u0105.  Lengvas vir\u0161kinimas: Puikiai tinka kat\u0117ms su jautria vir\u0161kinimo sistema.  Speciali d\u017eiovinimo technologija: I\u0161saugomas nat\u016bralus skonis ir maistin\u0117s med\u017eiagos.\" \/>\n<meta property=\"og:url\" content=\"https:\/\/anivet.lt\/elparduotuve\/produktas\/platinum-meatcrisp-sausas-maistas-suaugusioms-katems-su-zuvimi\/\" \/>\n<meta property=\"og:site_name\" content=\"anivet.lt\" \/>\n<meta property=\"article:modified_time\" content=\"2026-05-14T09:07:22+00:00\" \/>\n<meta property=\"og:image\" content=\"https:\/\/anivet.lt\/elparduotuve\/wp-content\/uploads\/2024\/10\/Platinum-MeatCrisp-sausas-pasaras-suaugusioms-katems-su-zuvimi.png\" \/>\n\t<meta property=\"og:image:width\" content=\"650\" \/>\n\t<meta property=\"og:image:height\" content=\"782\" \/>\n\t<meta property=\"og:image:type\" content=\"image\/png\" \/>\n<meta name=\"twitter:card\" content=\"summary_large_image\" \/>\n<meta name=\"twitter:label1\" content=\"Est. reading time\" \/>\n\t<meta name=\"twitter:data1\" content=\"1 minut\u0117\" \/>\n<script type=\"application\/ld+json\" class=\"yoast-schema-graph\">{\"@context\":\"https:\\\/\\\/schema.org\",\"@graph\":[{\"@type\":\"WebPage\",\"@id\":\"https:\\\/\\\/anivet.lt\\\/elparduotuve\\\/produktas\\\/platinum-meatcrisp-sausas-maistas-suaugusioms-katems-su-zuvimi\\\/\",\"url\":\"https:\\\/\\\/anivet.lt\\\/elparduotuve\\\/produktas\\\/platinum-meatcrisp-sausas-maistas-suaugusioms-katems-su-zuvimi\\\/\",\"name\":\"Platinum MeatCrisp sausas maistas suaugusioms kat\u0117ms su \u017euvimi - anivet.lt\",\"isPartOf\":{\"@id\":\"https:\\\/\\\/anivet.lt\\\/elparduotuve\\\/#website\"},\"primaryImageOfPage\":{\"@id\":\"https:\\\/\\\/anivet.lt\\\/elparduotuve\\\/produktas\\\/platinum-meatcrisp-sausas-maistas-suaugusioms-katems-su-zuvimi\\\/#primaryimage\"},\"image\":{\"@id\":\"https:\\\/\\\/anivet.lt\\\/elparduotuve\\\/produktas\\\/platinum-meatcrisp-sausas-maistas-suaugusioms-katems-su-zuvimi\\\/#primaryimage\"},\"thumbnailUrl\":\"https:\\\/\\\/anivet.lt\\\/elparduotuve\\\/wp-content\\\/uploads\\\/2024\\\/10\\\/Platinum-MeatCrisp-sausas-pasaras-suaugusioms-katems-su-zuvimi.png\",\"datePublished\":\"2024-10-20T20:31:39+00:00\",\"dateModified\":\"2026-05-14T09:07:22+00:00\",\"description\":\"Auk\u0161tas \u017euvies kiekis: 82% \u017euvies (61% la\u0161i\u0161os, 39% menk\u0117s) u\u017etikrina baltym\u0173 ir omega r\u016bg\u0161\u010di\u0173 \u0161altin\u012f. Nat\u016brali sud\u0117tis: Be skonio stiprikli\u0173, gr\u016bd\u0173 ir glitimo \u2013 tinka jautrioms kat\u0117ms. Optimalus taurino kiekis: Palaiko \u0161irdies ir aki\u0173 sveikat\u0105. Lengvas vir\u0161kinimas: Puikiai tinka kat\u0117ms su jautria vir\u0161kinimo sistema. Speciali d\u017eiovinimo technologija: I\u0161saugomas nat\u016bralus skonis ir maistin\u0117s med\u017eiagos.\",\"breadcrumb\":{\"@id\":\"https:\\\/\\\/anivet.lt\\\/elparduotuve\\\/produktas\\\/platinum-meatcrisp-sausas-maistas-suaugusioms-katems-su-zuvimi\\\/#breadcrumb\"},\"inLanguage\":\"lt-LT\",\"potentialAction\":[{\"@type\":\"ReadAction\",\"target\":[\"https:\\\/\\\/anivet.lt\\\/elparduotuve\\\/produktas\\\/platinum-meatcrisp-sausas-maistas-suaugusioms-katems-su-zuvimi\\\/\"]}]},{\"@type\":\"ImageObject\",\"inLanguage\":\"lt-LT\",\"@id\":\"https:\\\/\\\/anivet.lt\\\/elparduotuve\\\/produktas\\\/platinum-meatcrisp-sausas-maistas-suaugusioms-katems-su-zuvimi\\\/#primaryimage\",\"url\":\"https:\\\/\\\/anivet.lt\\\/elparduotuve\\\/wp-content\\\/uploads\\\/2024\\\/10\\\/Platinum-MeatCrisp-sausas-pasaras-suaugusioms-katems-su-zuvimi.png\",\"contentUrl\":\"https:\\\/\\\/anivet.lt\\\/elparduotuve\\\/wp-content\\\/uploads\\\/2024\\\/10\\\/Platinum-MeatCrisp-sausas-pasaras-suaugusioms-katems-su-zuvimi.png\",\"width\":650,\"height\":782,\"caption\":\"Platinum MeatCrisp sausas maistas suaugusioms kat\u0117ms su \u017euvimi\"},{\"@type\":\"BreadcrumbList\",\"@id\":\"https:\\\/\\\/anivet.lt\\\/elparduotuve\\\/produktas\\\/platinum-meatcrisp-sausas-maistas-suaugusioms-katems-su-zuvimi\\\/#breadcrumb\",\"itemListElement\":[{\"@type\":\"ListItem\",\"position\":1,\"name\":\"Home\",\"item\":\"https:\\\/\\\/anivet.lt\\\/elparduotuve\\\/\"},{\"@type\":\"ListItem\",\"position\":2,\"name\":\"Produktai\",\"item\":\"https:\\\/\\\/anivet.lt\\\/elparduotuve\\\/produktai\\\/\"},{\"@type\":\"ListItem\",\"position\":3,\"name\":\"Platinum MeatCrisp sausas maistas suaugusioms kat\u0117ms su \u017euvimi\"}]},{\"@type\":\"WebSite\",\"@id\":\"https:\\\/\\\/anivet.lt\\\/elparduotuve\\\/#website\",\"url\":\"https:\\\/\\\/anivet.lt\\\/elparduotuve\\\/\",\"name\":\"anivet.lt\",\"description\":\"Viskas J\u016bs\u0173 \u0161uns, kat\u0117s prie\u017ei\u016brai\",\"publisher\":{\"@id\":\"https:\\\/\\\/anivet.lt\\\/elparduotuve\\\/#organization\"},\"alternateName\":\"Viskas J\u016bs\u0173 \u0161uns, kat\u0117s prie\u017ei\u016brai\",\"potentialAction\":[{\"@type\":\"SearchAction\",\"target\":{\"@type\":\"EntryPoint\",\"urlTemplate\":\"https:\\\/\\\/anivet.lt\\\/elparduotuve\\\/?s={search_term_string}\"},\"query-input\":{\"@type\":\"PropertyValueSpecification\",\"valueRequired\":true,\"valueName\":\"search_term_string\"}}],\"inLanguage\":\"lt-LT\"},{\"@type\":\"Organization\",\"@id\":\"https:\\\/\\\/anivet.lt\\\/elparduotuve\\\/#organization\",\"name\":\"Viskas J\u016bs\u0173 \u0161uns, kat\u0117s prie\u017ei\u016brai\",\"url\":\"https:\\\/\\\/anivet.lt\\\/elparduotuve\\\/\",\"logo\":{\"@type\":\"ImageObject\",\"inLanguage\":\"lt-LT\",\"@id\":\"https:\\\/\\\/anivet.lt\\\/elparduotuve\\\/#\\\/schema\\\/logo\\\/image\\\/\",\"url\":\"https:\\\/\\\/anivet.lt\\\/elparduotuve\\\/wp-content\\\/uploads\\\/2023\\\/06\\\/logo2.jpg\",\"contentUrl\":\"https:\\\/\\\/anivet.lt\\\/elparduotuve\\\/wp-content\\\/uploads\\\/2023\\\/06\\\/logo2.jpg\",\"width\":655,\"height\":194,\"caption\":\"Viskas J\u016bs\u0173 \u0161uns, kat\u0117s prie\u017ei\u016brai\"},\"image\":{\"@id\":\"https:\\\/\\\/anivet.lt\\\/elparduotuve\\\/#\\\/schema\\\/logo\\\/image\\\/\"}}]}<\/script>\n<!-- \/ Yoast SEO Premium plugin. -->","yoast_head_json":{"title":"Platinum MeatCrisp sausas maistas suaugusioms kat\u0117ms su \u017euvimi - anivet.lt","description":"Auk\u0161tas \u017euvies kiekis: 82% \u017euvies (61% la\u0161i\u0161os, 39% menk\u0117s) u\u017etikrina baltym\u0173 ir omega r\u016bg\u0161\u010di\u0173 \u0161altin\u012f.  Nat\u016brali sud\u0117tis: Be skonio stiprikli\u0173, gr\u016bd\u0173 ir glitimo \u2013 tinka jautrioms kat\u0117ms.  Optimalus taurino kiekis: Palaiko \u0161irdies ir aki\u0173 sveikat\u0105.  Lengvas vir\u0161kinimas: Puikiai tinka kat\u0117ms su jautria vir\u0161kinimo sistema.  Speciali d\u017eiovinimo technologija: I\u0161saugomas nat\u016bralus skonis ir maistin\u0117s med\u017eiagos.","robots":{"index":"index","follow":"follow","max-snippet":"max-snippet:-1","max-image-preview":"max-image-preview:large","max-video-preview":"max-video-preview:-1"},"canonical":"https:\/\/anivet.lt\/elparduotuve\/produktas\/platinum-meatcrisp-sausas-maistas-suaugusioms-katems-su-zuvimi\/","og_locale":"lt_LT","og_type":"article","og_title":"Platinum MeatCrisp sausas maistas suaugusioms kat\u0117ms su \u017euvimi","og_description":"Auk\u0161tas \u017euvies kiekis: 82% \u017euvies (61% la\u0161i\u0161os, 39% menk\u0117s) u\u017etikrina baltym\u0173 ir omega r\u016bg\u0161\u010di\u0173 \u0161altin\u012f.  Nat\u016brali sud\u0117tis: Be skonio stiprikli\u0173, gr\u016bd\u0173 ir glitimo \u2013 tinka jautrioms kat\u0117ms.  Optimalus taurino kiekis: Palaiko \u0161irdies ir aki\u0173 sveikat\u0105.  Lengvas vir\u0161kinimas: Puikiai tinka kat\u0117ms su jautria vir\u0161kinimo sistema.  Speciali d\u017eiovinimo technologija: I\u0161saugomas nat\u016bralus skonis ir maistin\u0117s med\u017eiagos.","og_url":"https:\/\/anivet.lt\/elparduotuve\/produktas\/platinum-meatcrisp-sausas-maistas-suaugusioms-katems-su-zuvimi\/","og_site_name":"anivet.lt","article_modified_time":"2026-05-14T09:07:22+00:00","og_image":[{"width":650,"height":782,"url":"https:\/\/anivet.lt\/elparduotuve\/wp-content\/uploads\/2024\/10\/Platinum-MeatCrisp-sausas-pasaras-suaugusioms-katems-su-zuvimi.png","type":"image\/png"}],"twitter_card":"summary_large_image","twitter_misc":{"Est. reading time":"1 minut\u0117"},"schema":{"@context":"https:\/\/schema.org","@graph":[{"@type":"WebPage","@id":"https:\/\/anivet.lt\/elparduotuve\/produktas\/platinum-meatcrisp-sausas-maistas-suaugusioms-katems-su-zuvimi\/","url":"https:\/\/anivet.lt\/elparduotuve\/produktas\/platinum-meatcrisp-sausas-maistas-suaugusioms-katems-su-zuvimi\/","name":"Platinum MeatCrisp sausas maistas suaugusioms kat\u0117ms su \u017euvimi - anivet.lt","isPartOf":{"@id":"https:\/\/anivet.lt\/elparduotuve\/#website"},"primaryImageOfPage":{"@id":"https:\/\/anivet.lt\/elparduotuve\/produktas\/platinum-meatcrisp-sausas-maistas-suaugusioms-katems-su-zuvimi\/#primaryimage"},"image":{"@id":"https:\/\/anivet.lt\/elparduotuve\/produktas\/platinum-meatcrisp-sausas-maistas-suaugusioms-katems-su-zuvimi\/#primaryimage"},"thumbnailUrl":"https:\/\/anivet.lt\/elparduotuve\/wp-content\/uploads\/2024\/10\/Platinum-MeatCrisp-sausas-pasaras-suaugusioms-katems-su-zuvimi.png","datePublished":"2024-10-20T20:31:39+00:00","dateModified":"2026-05-14T09:07:22+00:00","description":"Auk\u0161tas \u017euvies kiekis: 82% \u017euvies (61% la\u0161i\u0161os, 39% menk\u0117s) u\u017etikrina baltym\u0173 ir omega r\u016bg\u0161\u010di\u0173 \u0161altin\u012f. Nat\u016brali sud\u0117tis: Be skonio stiprikli\u0173, gr\u016bd\u0173 ir glitimo \u2013 tinka jautrioms kat\u0117ms. Optimalus taurino kiekis: Palaiko \u0161irdies ir aki\u0173 sveikat\u0105. Lengvas vir\u0161kinimas: Puikiai tinka kat\u0117ms su jautria vir\u0161kinimo sistema. Speciali d\u017eiovinimo technologija: I\u0161saugomas nat\u016bralus skonis ir maistin\u0117s med\u017eiagos.","breadcrumb":{"@id":"https:\/\/anivet.lt\/elparduotuve\/produktas\/platinum-meatcrisp-sausas-maistas-suaugusioms-katems-su-zuvimi\/#breadcrumb"},"inLanguage":"lt-LT","potentialAction":[{"@type":"ReadAction","target":["https:\/\/anivet.lt\/elparduotuve\/produktas\/platinum-meatcrisp-sausas-maistas-suaugusioms-katems-su-zuvimi\/"]}]},{"@type":"ImageObject","inLanguage":"lt-LT","@id":"https:\/\/anivet.lt\/elparduotuve\/produktas\/platinum-meatcrisp-sausas-maistas-suaugusioms-katems-su-zuvimi\/#primaryimage","url":"https:\/\/anivet.lt\/elparduotuve\/wp-content\/uploads\/2024\/10\/Platinum-MeatCrisp-sausas-pasaras-suaugusioms-katems-su-zuvimi.png","contentUrl":"https:\/\/anivet.lt\/elparduotuve\/wp-content\/uploads\/2024\/10\/Platinum-MeatCrisp-sausas-pasaras-suaugusioms-katems-su-zuvimi.png","width":650,"height":782,"caption":"Platinum MeatCrisp sausas maistas suaugusioms kat\u0117ms su \u017euvimi"},{"@type":"BreadcrumbList","@id":"https:\/\/anivet.lt\/elparduotuve\/produktas\/platinum-meatcrisp-sausas-maistas-suaugusioms-katems-su-zuvimi\/#breadcrumb","itemListElement":[{"@type":"ListItem","position":1,"name":"Home","item":"https:\/\/anivet.lt\/elparduotuve\/"},{"@type":"ListItem","position":2,"name":"Produktai","item":"https:\/\/anivet.lt\/elparduotuve\/produktai\/"},{"@type":"ListItem","position":3,"name":"Platinum MeatCrisp sausas maistas suaugusioms kat\u0117ms su \u017euvimi"}]},{"@type":"WebSite","@id":"https:\/\/anivet.lt\/elparduotuve\/#website","url":"https:\/\/anivet.lt\/elparduotuve\/","name":"anivet.lt","description":"Viskas J\u016bs\u0173 \u0161uns, kat\u0117s prie\u017ei\u016brai","publisher":{"@id":"https:\/\/anivet.lt\/elparduotuve\/#organization"},"alternateName":"Viskas J\u016bs\u0173 \u0161uns, kat\u0117s prie\u017ei\u016brai","potentialAction":[{"@type":"SearchAction","target":{"@type":"EntryPoint","urlTemplate":"https:\/\/anivet.lt\/elparduotuve\/?s={search_term_string}"},"query-input":{"@type":"PropertyValueSpecification","valueRequired":true,"valueName":"search_term_string"}}],"inLanguage":"lt-LT"},{"@type":"Organization","@id":"https:\/\/anivet.lt\/elparduotuve\/#organization","name":"Viskas J\u016bs\u0173 \u0161uns, kat\u0117s prie\u017ei\u016brai","url":"https:\/\/anivet.lt\/elparduotuve\/","logo":{"@type":"ImageObject","inLanguage":"lt-LT","@id":"https:\/\/anivet.lt\/elparduotuve\/#\/schema\/logo\/image\/","url":"https:\/\/anivet.lt\/elparduotuve\/wp-content\/uploads\/2023\/06\/logo2.jpg","contentUrl":"https:\/\/anivet.lt\/elparduotuve\/wp-content\/uploads\/2023\/06\/logo2.jpg","width":655,"height":194,"caption":"Viskas J\u016bs\u0173 \u0161uns, kat\u0117s prie\u017ei\u016brai"},"image":{"@id":"https:\/\/anivet.lt\/elparduotuve\/#\/schema\/logo\/image\/"}}]}},"_links":{"self":[{"href":"https:\/\/anivet.lt\/elparduotuve\/wp-json\/wp\/v2\/product\/14785","targetHints":{"allow":["GET"]}}],"collection":[{"href":"https:\/\/anivet.lt\/elparduotuve\/wp-json\/wp\/v2\/product"}],"about":[{"href":"https:\/\/anivet.lt\/elparduotuve\/wp-json\/wp\/v2\/types\/product"}],"wp:featuredmedia":[{"embeddable":true,"href":"https:\/\/anivet.lt\/elparduotuve\/wp-json\/wp\/v2\/media\/14786"}],"wp:attachment":[{"href":"https:\/\/anivet.lt\/elparduotuve\/wp-json\/wp\/v2\/media?parent=14785"}],"wp:term":[{"taxonomy":"product_brand","embeddable":true,"href":"https:\/\/anivet.lt\/elparduotuve\/wp-json\/wp\/v2\/product_brand?post=14785"},{"taxonomy":"product_cat","embeddable":true,"href":"https:\/\/anivet.lt\/elparduotuve\/wp-json\/wp\/v2\/product_cat?post=14785"},{"taxonomy":"product_tag","embeddable":true,"href":"https:\/\/anivet.lt\/elparduotuve\/wp-json\/wp\/v2\/product_tag?post=14785"}],"curies":[{"name":"wp","href":"https:\/\/api.w.org\/{rel}","templated":true}]}}