{"id":14790,"date":"2024-10-20T20:43:22","date_gmt":"2024-10-20T20:43:22","guid":{"rendered":"https:\/\/anivet.lt\/elparduotuve\/?post_type=product&#038;p=14790"},"modified":"2026-04-25T06:48:08","modified_gmt":"2026-04-25T06:48:08","slug":"platinum-meatcrisp-visavertis-sausas-maistas-suaugusioms-katems-su-vistiena","status":"publish","type":"product","link":"https:\/\/anivet.lt\/elparduotuve\/produktas\/platinum-meatcrisp-visavertis-sausas-maistas-suaugusioms-katems-su-vistiena\/","title":{"rendered":"Platinum MeatCrisp visavertis sausas maistas suaugusioms kat\u0117ms su vi\u0161tiena"},"content":{"rendered":"<ul>\n<li style=\"font-weight: 400;\" aria-level=\"1\"><span style=\"font-weight: 400;\">83 % \u0161vie\u017eios m\u0117sos: Puikus gyv\u016bnin\u0117s kilm\u0117s baltym\u0173 \u0161altinis.<\/span><\/li>\n<li style=\"font-weight: 400;\" aria-level=\"1\"><span style=\"font-weight: 400;\">Nat\u016brali sud\u0117tis: Be gr\u016bd\u0173, glitimo ir skonio stiprikli\u0173.<\/span><\/li>\n<li style=\"font-weight: 400;\" aria-level=\"1\"><span style=\"font-weight: 400;\">Lengvai vir\u0161kinamas: Prisitaiko prie kat\u0117s vir\u0161kinimo sistemos.<\/span><\/li>\n<li style=\"font-weight: 400;\" aria-level=\"1\"><span style=\"font-weight: 400;\">Optimalus taurino kiekis: Palaiko ger\u0105 reg\u0117jim\u0105 ir \u0161irdies funkcij\u0105.<\/span><\/li>\n<li style=\"font-weight: 400;\" aria-level=\"1\"><span style=\"font-weight: 400;\">Unikali gamybos technologija: Freshmeatdryer i\u0161saugo nat\u016bralius mikroelementus ir amino r\u016bg\u0161tis.<\/span><\/li>\n<\/ul>\n<p><span style=\"font-weight: 400;\">\u0160is pa\u0161aras u\u017etikrina, kad j\u016bs\u0173 kat\u0117 gaut\u0173 auk\u0161\u010diausios kokyb\u0117s baltymus i\u0161 \u0161vie\u017eios m\u0117sos, o ne perdirbt\u0173 milt\u0173 ar augalini\u0173 baltym\u0173. D\u0117l specialios d\u017eiovinimo technologijos pa\u0161aras i\u0161saugo nat\u016bral\u0173 m\u0117sos skon\u012f bei maistines med\u017eiagas, tod\u0117l puikiai patenkina kat\u0117s mitybos poreikius. Tai sveikas, skanus ir subalansuotas pasirinkimas, prisidedantis prie ilgo ir laimingo j\u016bs\u0173 augintinio gyvenimo.<\/span><\/p>\n","protected":false},"excerpt":{"rendered":"<p><span style=\"font-weight: 400;\">Unikalus sausas pa\u0161aras suaugusioms kat\u0117ms, pagamintas naudojant Freshmeatdryer technologij\u0105. \u0160is pa\u0161aras u\u017etikrina optimali\u0105 mityb\u0105, nat\u016bral\u0173 skon\u012f ir puiki\u0105 sveikat\u0105.<\/span><\/p>\n","protected":false},"featured_media":14791,"template":"","meta":[],"product_brand":[],"product_cat":[114,115,102,444],"product_tag":[],"class_list":{"0":"post-14790","1":"product","2":"type-product","3":"status-publish","4":"has-post-thumbnail","6":"product_cat-kaciu-maistas","7":"product_cat-sausas-maistas-ir-skanestai-katems","8":"product_cat-katems","9":"product_cat-platinum-kaciu-maistas","10":"pa_prekinis-zenklas-platinum","12":"first","13":"instock","14":"taxable","15":"shipping-taxable","16":"purchasable","17":"product-type-variable"},"yoast_head":"<!-- This site is optimized with the Yoast SEO Premium plugin v27.1 (Yoast SEO v27.5) - https:\/\/yoast.com\/product\/yoast-seo-premium-wordpress\/ -->\n<title>Platinum MeatCrisp visavertis sausas maistas suaugusioms kat\u0117ms su vi\u0161tiena - anivet.lt<\/title>\n<meta name=\"description\" content=\"Unikalus sausas pa\u0161aras suaugusioms kat\u0117ms, pagamintas naudojant Freshmeatdryer technologij\u0105. \u0160is pa\u0161aras u\u017etikrina optimali\u0105 mityb\u0105, nat\u016bral\u0173 skon\u012f ir puiki\u0105 sveikat\u0105.\" \/>\n<meta name=\"robots\" content=\"index, follow, max-snippet:-1, max-image-preview:large, max-video-preview:-1\" \/>\n<link rel=\"canonical\" href=\"https:\/\/anivet.lt\/elparduotuve\/produktas\/platinum-meatcrisp-visavertis-sausas-maistas-suaugusioms-katems-su-vistiena\/\" \/>\n<meta property=\"og:locale\" content=\"lt_LT\" \/>\n<meta property=\"og:type\" content=\"article\" \/>\n<meta property=\"og:title\" content=\"Platinum MeatCrisp visavertis sausas maistas suaugusioms kat\u0117ms su vi\u0161tiena\" \/>\n<meta property=\"og:description\" content=\"Unikalus sausas pa\u0161aras suaugusioms kat\u0117ms, pagamintas naudojant Freshmeatdryer technologij\u0105. \u0160is pa\u0161aras u\u017etikrina optimali\u0105 mityb\u0105, nat\u016bral\u0173 skon\u012f ir puiki\u0105 sveikat\u0105.\" \/>\n<meta property=\"og:url\" content=\"https:\/\/anivet.lt\/elparduotuve\/produktas\/platinum-meatcrisp-visavertis-sausas-maistas-suaugusioms-katems-su-vistiena\/\" \/>\n<meta property=\"og:site_name\" content=\"anivet.lt\" \/>\n<meta property=\"article:modified_time\" content=\"2026-04-25T06:48:08+00:00\" \/>\n<meta property=\"og:image\" content=\"https:\/\/anivet.lt\/elparduotuve\/wp-content\/uploads\/2024\/10\/Platinum-MeatCrisp-visavertis-sausas-pasaras-suaugusioms-katems-su-vistiena.jpg\" \/>\n\t<meta property=\"og:image:width\" content=\"1100\" \/>\n\t<meta property=\"og:image:height\" content=\"1100\" \/>\n\t<meta property=\"og:image:type\" content=\"image\/jpeg\" \/>\n<meta name=\"twitter:card\" content=\"summary_large_image\" \/>\n<meta name=\"twitter:label1\" content=\"Est. reading time\" \/>\n\t<meta name=\"twitter:data1\" content=\"1 minut\u0117\" \/>\n<script type=\"application\/ld+json\" class=\"yoast-schema-graph\">{\"@context\":\"https:\\\/\\\/schema.org\",\"@graph\":[{\"@type\":\"WebPage\",\"@id\":\"https:\\\/\\\/anivet.lt\\\/elparduotuve\\\/produktas\\\/platinum-meatcrisp-visavertis-sausas-maistas-suaugusioms-katems-su-vistiena\\\/\",\"url\":\"https:\\\/\\\/anivet.lt\\\/elparduotuve\\\/produktas\\\/platinum-meatcrisp-visavertis-sausas-maistas-suaugusioms-katems-su-vistiena\\\/\",\"name\":\"Platinum MeatCrisp visavertis sausas maistas suaugusioms kat\u0117ms su vi\u0161tiena - anivet.lt\",\"isPartOf\":{\"@id\":\"https:\\\/\\\/anivet.lt\\\/elparduotuve\\\/#website\"},\"primaryImageOfPage\":{\"@id\":\"https:\\\/\\\/anivet.lt\\\/elparduotuve\\\/produktas\\\/platinum-meatcrisp-visavertis-sausas-maistas-suaugusioms-katems-su-vistiena\\\/#primaryimage\"},\"image\":{\"@id\":\"https:\\\/\\\/anivet.lt\\\/elparduotuve\\\/produktas\\\/platinum-meatcrisp-visavertis-sausas-maistas-suaugusioms-katems-su-vistiena\\\/#primaryimage\"},\"thumbnailUrl\":\"https:\\\/\\\/anivet.lt\\\/elparduotuve\\\/wp-content\\\/uploads\\\/2024\\\/10\\\/Platinum-MeatCrisp-visavertis-sausas-pasaras-suaugusioms-katems-su-vistiena.jpg\",\"datePublished\":\"2024-10-20T20:43:22+00:00\",\"dateModified\":\"2026-04-25T06:48:08+00:00\",\"description\":\"Unikalus sausas pa\u0161aras suaugusioms kat\u0117ms, pagamintas naudojant Freshmeatdryer technologij\u0105. \u0160is pa\u0161aras u\u017etikrina optimali\u0105 mityb\u0105, nat\u016bral\u0173 skon\u012f ir puiki\u0105 sveikat\u0105.\",\"breadcrumb\":{\"@id\":\"https:\\\/\\\/anivet.lt\\\/elparduotuve\\\/produktas\\\/platinum-meatcrisp-visavertis-sausas-maistas-suaugusioms-katems-su-vistiena\\\/#breadcrumb\"},\"inLanguage\":\"lt-LT\",\"potentialAction\":[{\"@type\":\"ReadAction\",\"target\":[\"https:\\\/\\\/anivet.lt\\\/elparduotuve\\\/produktas\\\/platinum-meatcrisp-visavertis-sausas-maistas-suaugusioms-katems-su-vistiena\\\/\"]}]},{\"@type\":\"ImageObject\",\"inLanguage\":\"lt-LT\",\"@id\":\"https:\\\/\\\/anivet.lt\\\/elparduotuve\\\/produktas\\\/platinum-meatcrisp-visavertis-sausas-maistas-suaugusioms-katems-su-vistiena\\\/#primaryimage\",\"url\":\"https:\\\/\\\/anivet.lt\\\/elparduotuve\\\/wp-content\\\/uploads\\\/2024\\\/10\\\/Platinum-MeatCrisp-visavertis-sausas-pasaras-suaugusioms-katems-su-vistiena.jpg\",\"contentUrl\":\"https:\\\/\\\/anivet.lt\\\/elparduotuve\\\/wp-content\\\/uploads\\\/2024\\\/10\\\/Platinum-MeatCrisp-visavertis-sausas-pasaras-suaugusioms-katems-su-vistiena.jpg\",\"width\":1100,\"height\":1100,\"caption\":\"Platinum MeatCrisp visavertis sausas maistas suaugusioms kat\u0117ms su vi\u0161tiena\"},{\"@type\":\"BreadcrumbList\",\"@id\":\"https:\\\/\\\/anivet.lt\\\/elparduotuve\\\/produktas\\\/platinum-meatcrisp-visavertis-sausas-maistas-suaugusioms-katems-su-vistiena\\\/#breadcrumb\",\"itemListElement\":[{\"@type\":\"ListItem\",\"position\":1,\"name\":\"Home\",\"item\":\"https:\\\/\\\/anivet.lt\\\/elparduotuve\\\/\"},{\"@type\":\"ListItem\",\"position\":2,\"name\":\"Produktai\",\"item\":\"https:\\\/\\\/anivet.lt\\\/elparduotuve\\\/produktai\\\/\"},{\"@type\":\"ListItem\",\"position\":3,\"name\":\"Platinum MeatCrisp visavertis sausas maistas suaugusioms kat\u0117ms su vi\u0161tiena\"}]},{\"@type\":\"WebSite\",\"@id\":\"https:\\\/\\\/anivet.lt\\\/elparduotuve\\\/#website\",\"url\":\"https:\\\/\\\/anivet.lt\\\/elparduotuve\\\/\",\"name\":\"anivet.lt\",\"description\":\"Viskas J\u016bs\u0173 \u0161uns, kat\u0117s prie\u017ei\u016brai\",\"publisher\":{\"@id\":\"https:\\\/\\\/anivet.lt\\\/elparduotuve\\\/#organization\"},\"alternateName\":\"Viskas J\u016bs\u0173 \u0161uns, kat\u0117s prie\u017ei\u016brai\",\"potentialAction\":[{\"@type\":\"SearchAction\",\"target\":{\"@type\":\"EntryPoint\",\"urlTemplate\":\"https:\\\/\\\/anivet.lt\\\/elparduotuve\\\/?s={search_term_string}\"},\"query-input\":{\"@type\":\"PropertyValueSpecification\",\"valueRequired\":true,\"valueName\":\"search_term_string\"}}],\"inLanguage\":\"lt-LT\"},{\"@type\":\"Organization\",\"@id\":\"https:\\\/\\\/anivet.lt\\\/elparduotuve\\\/#organization\",\"name\":\"Viskas J\u016bs\u0173 \u0161uns, kat\u0117s prie\u017ei\u016brai\",\"url\":\"https:\\\/\\\/anivet.lt\\\/elparduotuve\\\/\",\"logo\":{\"@type\":\"ImageObject\",\"inLanguage\":\"lt-LT\",\"@id\":\"https:\\\/\\\/anivet.lt\\\/elparduotuve\\\/#\\\/schema\\\/logo\\\/image\\\/\",\"url\":\"https:\\\/\\\/anivet.lt\\\/elparduotuve\\\/wp-content\\\/uploads\\\/2023\\\/06\\\/logo2.jpg\",\"contentUrl\":\"https:\\\/\\\/anivet.lt\\\/elparduotuve\\\/wp-content\\\/uploads\\\/2023\\\/06\\\/logo2.jpg\",\"width\":655,\"height\":194,\"caption\":\"Viskas J\u016bs\u0173 \u0161uns, kat\u0117s prie\u017ei\u016brai\"},\"image\":{\"@id\":\"https:\\\/\\\/anivet.lt\\\/elparduotuve\\\/#\\\/schema\\\/logo\\\/image\\\/\"}}]}<\/script>\n<!-- \/ Yoast SEO Premium plugin. -->","yoast_head_json":{"title":"Platinum MeatCrisp visavertis sausas maistas suaugusioms kat\u0117ms su vi\u0161tiena - anivet.lt","description":"Unikalus sausas pa\u0161aras suaugusioms kat\u0117ms, pagamintas naudojant Freshmeatdryer technologij\u0105. \u0160is pa\u0161aras u\u017etikrina optimali\u0105 mityb\u0105, nat\u016bral\u0173 skon\u012f ir puiki\u0105 sveikat\u0105.","robots":{"index":"index","follow":"follow","max-snippet":"max-snippet:-1","max-image-preview":"max-image-preview:large","max-video-preview":"max-video-preview:-1"},"canonical":"https:\/\/anivet.lt\/elparduotuve\/produktas\/platinum-meatcrisp-visavertis-sausas-maistas-suaugusioms-katems-su-vistiena\/","og_locale":"lt_LT","og_type":"article","og_title":"Platinum MeatCrisp visavertis sausas maistas suaugusioms kat\u0117ms su vi\u0161tiena","og_description":"Unikalus sausas pa\u0161aras suaugusioms kat\u0117ms, pagamintas naudojant Freshmeatdryer technologij\u0105. \u0160is pa\u0161aras u\u017etikrina optimali\u0105 mityb\u0105, nat\u016bral\u0173 skon\u012f ir puiki\u0105 sveikat\u0105.","og_url":"https:\/\/anivet.lt\/elparduotuve\/produktas\/platinum-meatcrisp-visavertis-sausas-maistas-suaugusioms-katems-su-vistiena\/","og_site_name":"anivet.lt","article_modified_time":"2026-04-25T06:48:08+00:00","og_image":[{"width":1100,"height":1100,"url":"https:\/\/anivet.lt\/elparduotuve\/wp-content\/uploads\/2024\/10\/Platinum-MeatCrisp-visavertis-sausas-pasaras-suaugusioms-katems-su-vistiena.jpg","type":"image\/jpeg"}],"twitter_card":"summary_large_image","twitter_misc":{"Est. reading time":"1 minut\u0117"},"schema":{"@context":"https:\/\/schema.org","@graph":[{"@type":"WebPage","@id":"https:\/\/anivet.lt\/elparduotuve\/produktas\/platinum-meatcrisp-visavertis-sausas-maistas-suaugusioms-katems-su-vistiena\/","url":"https:\/\/anivet.lt\/elparduotuve\/produktas\/platinum-meatcrisp-visavertis-sausas-maistas-suaugusioms-katems-su-vistiena\/","name":"Platinum MeatCrisp visavertis sausas maistas suaugusioms kat\u0117ms su vi\u0161tiena - anivet.lt","isPartOf":{"@id":"https:\/\/anivet.lt\/elparduotuve\/#website"},"primaryImageOfPage":{"@id":"https:\/\/anivet.lt\/elparduotuve\/produktas\/platinum-meatcrisp-visavertis-sausas-maistas-suaugusioms-katems-su-vistiena\/#primaryimage"},"image":{"@id":"https:\/\/anivet.lt\/elparduotuve\/produktas\/platinum-meatcrisp-visavertis-sausas-maistas-suaugusioms-katems-su-vistiena\/#primaryimage"},"thumbnailUrl":"https:\/\/anivet.lt\/elparduotuve\/wp-content\/uploads\/2024\/10\/Platinum-MeatCrisp-visavertis-sausas-pasaras-suaugusioms-katems-su-vistiena.jpg","datePublished":"2024-10-20T20:43:22+00:00","dateModified":"2026-04-25T06:48:08+00:00","description":"Unikalus sausas pa\u0161aras suaugusioms kat\u0117ms, pagamintas naudojant Freshmeatdryer technologij\u0105. \u0160is pa\u0161aras u\u017etikrina optimali\u0105 mityb\u0105, nat\u016bral\u0173 skon\u012f ir puiki\u0105 sveikat\u0105.","breadcrumb":{"@id":"https:\/\/anivet.lt\/elparduotuve\/produktas\/platinum-meatcrisp-visavertis-sausas-maistas-suaugusioms-katems-su-vistiena\/#breadcrumb"},"inLanguage":"lt-LT","potentialAction":[{"@type":"ReadAction","target":["https:\/\/anivet.lt\/elparduotuve\/produktas\/platinum-meatcrisp-visavertis-sausas-maistas-suaugusioms-katems-su-vistiena\/"]}]},{"@type":"ImageObject","inLanguage":"lt-LT","@id":"https:\/\/anivet.lt\/elparduotuve\/produktas\/platinum-meatcrisp-visavertis-sausas-maistas-suaugusioms-katems-su-vistiena\/#primaryimage","url":"https:\/\/anivet.lt\/elparduotuve\/wp-content\/uploads\/2024\/10\/Platinum-MeatCrisp-visavertis-sausas-pasaras-suaugusioms-katems-su-vistiena.jpg","contentUrl":"https:\/\/anivet.lt\/elparduotuve\/wp-content\/uploads\/2024\/10\/Platinum-MeatCrisp-visavertis-sausas-pasaras-suaugusioms-katems-su-vistiena.jpg","width":1100,"height":1100,"caption":"Platinum MeatCrisp visavertis sausas maistas suaugusioms kat\u0117ms su vi\u0161tiena"},{"@type":"BreadcrumbList","@id":"https:\/\/anivet.lt\/elparduotuve\/produktas\/platinum-meatcrisp-visavertis-sausas-maistas-suaugusioms-katems-su-vistiena\/#breadcrumb","itemListElement":[{"@type":"ListItem","position":1,"name":"Home","item":"https:\/\/anivet.lt\/elparduotuve\/"},{"@type":"ListItem","position":2,"name":"Produktai","item":"https:\/\/anivet.lt\/elparduotuve\/produktai\/"},{"@type":"ListItem","position":3,"name":"Platinum MeatCrisp visavertis sausas maistas suaugusioms kat\u0117ms su vi\u0161tiena"}]},{"@type":"WebSite","@id":"https:\/\/anivet.lt\/elparduotuve\/#website","url":"https:\/\/anivet.lt\/elparduotuve\/","name":"anivet.lt","description":"Viskas J\u016bs\u0173 \u0161uns, kat\u0117s prie\u017ei\u016brai","publisher":{"@id":"https:\/\/anivet.lt\/elparduotuve\/#organization"},"alternateName":"Viskas J\u016bs\u0173 \u0161uns, kat\u0117s prie\u017ei\u016brai","potentialAction":[{"@type":"SearchAction","target":{"@type":"EntryPoint","urlTemplate":"https:\/\/anivet.lt\/elparduotuve\/?s={search_term_string}"},"query-input":{"@type":"PropertyValueSpecification","valueRequired":true,"valueName":"search_term_string"}}],"inLanguage":"lt-LT"},{"@type":"Organization","@id":"https:\/\/anivet.lt\/elparduotuve\/#organization","name":"Viskas J\u016bs\u0173 \u0161uns, kat\u0117s prie\u017ei\u016brai","url":"https:\/\/anivet.lt\/elparduotuve\/","logo":{"@type":"ImageObject","inLanguage":"lt-LT","@id":"https:\/\/anivet.lt\/elparduotuve\/#\/schema\/logo\/image\/","url":"https:\/\/anivet.lt\/elparduotuve\/wp-content\/uploads\/2023\/06\/logo2.jpg","contentUrl":"https:\/\/anivet.lt\/elparduotuve\/wp-content\/uploads\/2023\/06\/logo2.jpg","width":655,"height":194,"caption":"Viskas J\u016bs\u0173 \u0161uns, kat\u0117s prie\u017ei\u016brai"},"image":{"@id":"https:\/\/anivet.lt\/elparduotuve\/#\/schema\/logo\/image\/"}}]}},"_links":{"self":[{"href":"https:\/\/anivet.lt\/elparduotuve\/wp-json\/wp\/v2\/product\/14790","targetHints":{"allow":["GET"]}}],"collection":[{"href":"https:\/\/anivet.lt\/elparduotuve\/wp-json\/wp\/v2\/product"}],"about":[{"href":"https:\/\/anivet.lt\/elparduotuve\/wp-json\/wp\/v2\/types\/product"}],"wp:featuredmedia":[{"embeddable":true,"href":"https:\/\/anivet.lt\/elparduotuve\/wp-json\/wp\/v2\/media\/14791"}],"wp:attachment":[{"href":"https:\/\/anivet.lt\/elparduotuve\/wp-json\/wp\/v2\/media?parent=14790"}],"wp:term":[{"taxonomy":"product_brand","embeddable":true,"href":"https:\/\/anivet.lt\/elparduotuve\/wp-json\/wp\/v2\/product_brand?post=14790"},{"taxonomy":"product_cat","embeddable":true,"href":"https:\/\/anivet.lt\/elparduotuve\/wp-json\/wp\/v2\/product_cat?post=14790"},{"taxonomy":"product_tag","embeddable":true,"href":"https:\/\/anivet.lt\/elparduotuve\/wp-json\/wp\/v2\/product_tag?post=14790"}],"curies":[{"name":"wp","href":"https:\/\/api.w.org\/{rel}","templated":true}]}}