{"id":14795,"date":"2024-10-20T20:59:44","date_gmt":"2024-10-20T20:59:44","guid":{"rendered":"https:\/\/anivet.lt\/elparduotuve\/?post_type=product&#038;p=14795"},"modified":"2026-05-14T09:06:15","modified_gmt":"2026-05-14T09:06:15","slug":"platinum-meatcrisp-sausas-maistas-kaciukams-su-zuvimi","status":"publish","type":"product","link":"https:\/\/anivet.lt\/elparduotuve\/produktas\/platinum-meatcrisp-sausas-maistas-kaciukams-su-zuvimi\/","title":{"rendered":"Platinum MeatCrisp sausas maistas ka\u010diukams su \u017euvimi"},"content":{"rendered":"<ul>\n<li><span style=\"font-weight: 400;\">Auk\u0161tos kokyb\u0117s baltymai: Sud\u0117tyje net 86% \u017euvies (100% la\u0161i\u0161a) \u2013 lengvai vir\u0161kinamas baltym\u0173 \u0161altinis.<\/span><\/li>\n<li style=\"font-weight: 400;\" aria-level=\"1\"><span style=\"font-weight: 400;\">Be gr\u016bd\u0173 ir glitimo: Tinka jautriems ka\u010diukams ar turintiems specialius mitybos poreikius.<\/span><\/li>\n<li style=\"font-weight: 400;\" aria-level=\"1\"><span style=\"font-weight: 400;\">Nat\u016bralus ir sveikas: Be skonio stiprikli\u0173 ir gyv\u016bnin\u0117s kilm\u0117s \u0161alutini\u0173 produkt\u0173.<\/span><\/li>\n<li style=\"font-weight: 400;\" aria-level=\"1\"><span style=\"font-weight: 400;\">Optimalus taurino kiekis: Svarbus \u0161irdies ir aki\u0173 sveikatai.<\/span><\/li>\n<li style=\"font-weight: 400;\" aria-level=\"1\"><span style=\"font-weight: 400;\">Speciali gamybos technologija: Freshmeatdryer (FSG) technologija i\u0161saugo nat\u016bral\u0173 skon\u012f, aminor\u016bg\u0161tis ir mikroelementus.<\/span><\/li>\n<\/ul>\n","protected":false},"excerpt":{"rendered":"<p><span style=\"font-weight: 400;\">Auk\u0161tos kokyb\u0117s pa\u0161aras, specialiai sukurtas patenkinti ka\u010diuk\u0173 mitybos poreikius. Naudojant inovatyvi\u0105 d\u017eiovinimo technologij\u0105, i\u0161saugomos visos maistin\u0117s med\u017eiagos, tod\u0117l \u0161is pa\u0161aras yra maistingas, skanus ir lengvai vir\u0161kinamas. <\/span><span style=\"font-weight: 400;\">\u0160is pa\u0161aras puikiai tinka ka\u010diukams, siekiant u\u017etikrinti sveik\u0105 augim\u0105 ir energij\u0105. Tra\u0161ki tekst\u016bra ir nat\u016bralus skonis tikrai patiks net i\u0161rankiausiems augintiniams.\u00a0<\/span><\/p>\n","protected":false},"featured_media":14796,"template":"","meta":[],"product_brand":[],"product_cat":[114,115,102,444],"product_tag":[],"class_list":{"0":"post-14795","1":"product","2":"type-product","3":"status-publish","4":"has-post-thumbnail","6":"product_cat-kaciu-maistas","7":"product_cat-sausas-maistas-ir-skanestai-katems","8":"product_cat-katems","9":"product_cat-platinum-kaciu-maistas","10":"pa_prekinis-zenklas-platinum","12":"first","13":"instock","14":"taxable","15":"shipping-taxable","16":"purchasable","17":"product-type-variable"},"yoast_head":"<!-- This site is optimized with the Yoast SEO Premium plugin v27.1 (Yoast SEO v27.5) - https:\/\/yoast.com\/product\/yoast-seo-premium-wordpress\/ -->\n<title>Platinum MeatCrisp sausas maistas ka\u010diukams su \u017euvimi - anivet.lt<\/title>\n<meta name=\"description\" content=\"Auk\u0161tos kokyb\u0117s pa\u0161aras, specialiai sukurtas patenkinti ka\u010diuk\u0173 mitybos poreikius. Naudojant inovatyvi\u0105 d\u017eiovinimo technologij\u0105, i\u0161saugomos visos maistin\u0117s med\u017eiagos, tod\u0117l \u0161is pa\u0161aras yra maistingas, skanus ir lengvai vir\u0161kinamas. \u0160is pa\u0161aras puikiai tinka ka\u010diukams, siekiant u\u017etikrinti sveik\u0105 augim\u0105 ir energij\u0105. Tra\u0161ki tekst\u016bra ir nat\u016bralus skonis tikrai patiks net i\u0161rankiausiems augintiniams.\u00a0\" \/>\n<meta name=\"robots\" content=\"index, follow, max-snippet:-1, max-image-preview:large, max-video-preview:-1\" \/>\n<link rel=\"canonical\" href=\"https:\/\/anivet.lt\/elparduotuve\/produktas\/platinum-meatcrisp-sausas-maistas-kaciukams-su-zuvimi\/\" \/>\n<meta property=\"og:locale\" content=\"lt_LT\" \/>\n<meta property=\"og:type\" content=\"article\" \/>\n<meta property=\"og:title\" content=\"Platinum MeatCrisp sausas maistas ka\u010diukams su \u017euvimi\" \/>\n<meta property=\"og:description\" content=\"Auk\u0161tos kokyb\u0117s pa\u0161aras, specialiai sukurtas patenkinti ka\u010diuk\u0173 mitybos poreikius. Naudojant inovatyvi\u0105 d\u017eiovinimo technologij\u0105, i\u0161saugomos visos maistin\u0117s med\u017eiagos, tod\u0117l \u0161is pa\u0161aras yra maistingas, skanus ir lengvai vir\u0161kinamas. \u0160is pa\u0161aras puikiai tinka ka\u010diukams, siekiant u\u017etikrinti sveik\u0105 augim\u0105 ir energij\u0105. Tra\u0161ki tekst\u016bra ir nat\u016bralus skonis tikrai patiks net i\u0161rankiausiems augintiniams.\u00a0\" \/>\n<meta property=\"og:url\" content=\"https:\/\/anivet.lt\/elparduotuve\/produktas\/platinum-meatcrisp-sausas-maistas-kaciukams-su-zuvimi\/\" \/>\n<meta property=\"og:site_name\" content=\"anivet.lt\" \/>\n<meta property=\"article:modified_time\" content=\"2026-05-14T09:06:15+00:00\" \/>\n<meta property=\"og:image\" content=\"https:\/\/anivet.lt\/elparduotuve\/wp-content\/uploads\/2024\/10\/Platinum-MeatCrisp-sausas-maistas-kaciukams-su-zuvimi.png\" \/>\n\t<meta property=\"og:image:width\" content=\"650\" \/>\n\t<meta property=\"og:image:height\" content=\"782\" \/>\n\t<meta property=\"og:image:type\" content=\"image\/png\" \/>\n<meta name=\"twitter:card\" content=\"summary_large_image\" \/>\n<meta name=\"twitter:label1\" content=\"Est. reading time\" \/>\n\t<meta name=\"twitter:data1\" content=\"1 minut\u0117\" \/>\n<script type=\"application\/ld+json\" class=\"yoast-schema-graph\">{\"@context\":\"https:\\\/\\\/schema.org\",\"@graph\":[{\"@type\":\"WebPage\",\"@id\":\"https:\\\/\\\/anivet.lt\\\/elparduotuve\\\/produktas\\\/platinum-meatcrisp-sausas-maistas-kaciukams-su-zuvimi\\\/\",\"url\":\"https:\\\/\\\/anivet.lt\\\/elparduotuve\\\/produktas\\\/platinum-meatcrisp-sausas-maistas-kaciukams-su-zuvimi\\\/\",\"name\":\"Platinum MeatCrisp sausas maistas ka\u010diukams su \u017euvimi - anivet.lt\",\"isPartOf\":{\"@id\":\"https:\\\/\\\/anivet.lt\\\/elparduotuve\\\/#website\"},\"primaryImageOfPage\":{\"@id\":\"https:\\\/\\\/anivet.lt\\\/elparduotuve\\\/produktas\\\/platinum-meatcrisp-sausas-maistas-kaciukams-su-zuvimi\\\/#primaryimage\"},\"image\":{\"@id\":\"https:\\\/\\\/anivet.lt\\\/elparduotuve\\\/produktas\\\/platinum-meatcrisp-sausas-maistas-kaciukams-su-zuvimi\\\/#primaryimage\"},\"thumbnailUrl\":\"https:\\\/\\\/anivet.lt\\\/elparduotuve\\\/wp-content\\\/uploads\\\/2024\\\/10\\\/Platinum-MeatCrisp-sausas-maistas-kaciukams-su-zuvimi.png\",\"datePublished\":\"2024-10-20T20:59:44+00:00\",\"dateModified\":\"2026-05-14T09:06:15+00:00\",\"description\":\"Auk\u0161tos kokyb\u0117s pa\u0161aras, specialiai sukurtas patenkinti ka\u010diuk\u0173 mitybos poreikius. Naudojant inovatyvi\u0105 d\u017eiovinimo technologij\u0105, i\u0161saugomos visos maistin\u0117s med\u017eiagos, tod\u0117l \u0161is pa\u0161aras yra maistingas, skanus ir lengvai vir\u0161kinamas. \u0160is pa\u0161aras puikiai tinka ka\u010diukams, siekiant u\u017etikrinti sveik\u0105 augim\u0105 ir energij\u0105. Tra\u0161ki tekst\u016bra ir nat\u016bralus skonis tikrai patiks net i\u0161rankiausiems augintiniams.\u00a0\",\"breadcrumb\":{\"@id\":\"https:\\\/\\\/anivet.lt\\\/elparduotuve\\\/produktas\\\/platinum-meatcrisp-sausas-maistas-kaciukams-su-zuvimi\\\/#breadcrumb\"},\"inLanguage\":\"lt-LT\",\"potentialAction\":[{\"@type\":\"ReadAction\",\"target\":[\"https:\\\/\\\/anivet.lt\\\/elparduotuve\\\/produktas\\\/platinum-meatcrisp-sausas-maistas-kaciukams-su-zuvimi\\\/\"]}]},{\"@type\":\"ImageObject\",\"inLanguage\":\"lt-LT\",\"@id\":\"https:\\\/\\\/anivet.lt\\\/elparduotuve\\\/produktas\\\/platinum-meatcrisp-sausas-maistas-kaciukams-su-zuvimi\\\/#primaryimage\",\"url\":\"https:\\\/\\\/anivet.lt\\\/elparduotuve\\\/wp-content\\\/uploads\\\/2024\\\/10\\\/Platinum-MeatCrisp-sausas-maistas-kaciukams-su-zuvimi.png\",\"contentUrl\":\"https:\\\/\\\/anivet.lt\\\/elparduotuve\\\/wp-content\\\/uploads\\\/2024\\\/10\\\/Platinum-MeatCrisp-sausas-maistas-kaciukams-su-zuvimi.png\",\"width\":650,\"height\":782,\"caption\":\"Platinum MeatCrisp sausas maistas ka\u010diukams su \u017euvimi\"},{\"@type\":\"BreadcrumbList\",\"@id\":\"https:\\\/\\\/anivet.lt\\\/elparduotuve\\\/produktas\\\/platinum-meatcrisp-sausas-maistas-kaciukams-su-zuvimi\\\/#breadcrumb\",\"itemListElement\":[{\"@type\":\"ListItem\",\"position\":1,\"name\":\"Home\",\"item\":\"https:\\\/\\\/anivet.lt\\\/elparduotuve\\\/\"},{\"@type\":\"ListItem\",\"position\":2,\"name\":\"Produktai\",\"item\":\"https:\\\/\\\/anivet.lt\\\/elparduotuve\\\/produktai\\\/\"},{\"@type\":\"ListItem\",\"position\":3,\"name\":\"Platinum MeatCrisp sausas maistas ka\u010diukams su \u017euvimi\"}]},{\"@type\":\"WebSite\",\"@id\":\"https:\\\/\\\/anivet.lt\\\/elparduotuve\\\/#website\",\"url\":\"https:\\\/\\\/anivet.lt\\\/elparduotuve\\\/\",\"name\":\"anivet.lt\",\"description\":\"Viskas J\u016bs\u0173 \u0161uns, kat\u0117s prie\u017ei\u016brai\",\"publisher\":{\"@id\":\"https:\\\/\\\/anivet.lt\\\/elparduotuve\\\/#organization\"},\"alternateName\":\"Viskas J\u016bs\u0173 \u0161uns, kat\u0117s prie\u017ei\u016brai\",\"potentialAction\":[{\"@type\":\"SearchAction\",\"target\":{\"@type\":\"EntryPoint\",\"urlTemplate\":\"https:\\\/\\\/anivet.lt\\\/elparduotuve\\\/?s={search_term_string}\"},\"query-input\":{\"@type\":\"PropertyValueSpecification\",\"valueRequired\":true,\"valueName\":\"search_term_string\"}}],\"inLanguage\":\"lt-LT\"},{\"@type\":\"Organization\",\"@id\":\"https:\\\/\\\/anivet.lt\\\/elparduotuve\\\/#organization\",\"name\":\"Viskas J\u016bs\u0173 \u0161uns, kat\u0117s prie\u017ei\u016brai\",\"url\":\"https:\\\/\\\/anivet.lt\\\/elparduotuve\\\/\",\"logo\":{\"@type\":\"ImageObject\",\"inLanguage\":\"lt-LT\",\"@id\":\"https:\\\/\\\/anivet.lt\\\/elparduotuve\\\/#\\\/schema\\\/logo\\\/image\\\/\",\"url\":\"https:\\\/\\\/anivet.lt\\\/elparduotuve\\\/wp-content\\\/uploads\\\/2023\\\/06\\\/logo2.jpg\",\"contentUrl\":\"https:\\\/\\\/anivet.lt\\\/elparduotuve\\\/wp-content\\\/uploads\\\/2023\\\/06\\\/logo2.jpg\",\"width\":655,\"height\":194,\"caption\":\"Viskas J\u016bs\u0173 \u0161uns, kat\u0117s prie\u017ei\u016brai\"},\"image\":{\"@id\":\"https:\\\/\\\/anivet.lt\\\/elparduotuve\\\/#\\\/schema\\\/logo\\\/image\\\/\"}}]}<\/script>\n<!-- \/ Yoast SEO Premium plugin. -->","yoast_head_json":{"title":"Platinum MeatCrisp sausas maistas ka\u010diukams su \u017euvimi - anivet.lt","description":"Auk\u0161tos kokyb\u0117s pa\u0161aras, specialiai sukurtas patenkinti ka\u010diuk\u0173 mitybos poreikius. Naudojant inovatyvi\u0105 d\u017eiovinimo technologij\u0105, i\u0161saugomos visos maistin\u0117s med\u017eiagos, tod\u0117l \u0161is pa\u0161aras yra maistingas, skanus ir lengvai vir\u0161kinamas. \u0160is pa\u0161aras puikiai tinka ka\u010diukams, siekiant u\u017etikrinti sveik\u0105 augim\u0105 ir energij\u0105. Tra\u0161ki tekst\u016bra ir nat\u016bralus skonis tikrai patiks net i\u0161rankiausiems augintiniams.\u00a0","robots":{"index":"index","follow":"follow","max-snippet":"max-snippet:-1","max-image-preview":"max-image-preview:large","max-video-preview":"max-video-preview:-1"},"canonical":"https:\/\/anivet.lt\/elparduotuve\/produktas\/platinum-meatcrisp-sausas-maistas-kaciukams-su-zuvimi\/","og_locale":"lt_LT","og_type":"article","og_title":"Platinum MeatCrisp sausas maistas ka\u010diukams su \u017euvimi","og_description":"Auk\u0161tos kokyb\u0117s pa\u0161aras, specialiai sukurtas patenkinti ka\u010diuk\u0173 mitybos poreikius. Naudojant inovatyvi\u0105 d\u017eiovinimo technologij\u0105, i\u0161saugomos visos maistin\u0117s med\u017eiagos, tod\u0117l \u0161is pa\u0161aras yra maistingas, skanus ir lengvai vir\u0161kinamas. \u0160is pa\u0161aras puikiai tinka ka\u010diukams, siekiant u\u017etikrinti sveik\u0105 augim\u0105 ir energij\u0105. Tra\u0161ki tekst\u016bra ir nat\u016bralus skonis tikrai patiks net i\u0161rankiausiems augintiniams.\u00a0","og_url":"https:\/\/anivet.lt\/elparduotuve\/produktas\/platinum-meatcrisp-sausas-maistas-kaciukams-su-zuvimi\/","og_site_name":"anivet.lt","article_modified_time":"2026-05-14T09:06:15+00:00","og_image":[{"width":650,"height":782,"url":"https:\/\/anivet.lt\/elparduotuve\/wp-content\/uploads\/2024\/10\/Platinum-MeatCrisp-sausas-maistas-kaciukams-su-zuvimi.png","type":"image\/png"}],"twitter_card":"summary_large_image","twitter_misc":{"Est. reading time":"1 minut\u0117"},"schema":{"@context":"https:\/\/schema.org","@graph":[{"@type":"WebPage","@id":"https:\/\/anivet.lt\/elparduotuve\/produktas\/platinum-meatcrisp-sausas-maistas-kaciukams-su-zuvimi\/","url":"https:\/\/anivet.lt\/elparduotuve\/produktas\/platinum-meatcrisp-sausas-maistas-kaciukams-su-zuvimi\/","name":"Platinum MeatCrisp sausas maistas ka\u010diukams su \u017euvimi - anivet.lt","isPartOf":{"@id":"https:\/\/anivet.lt\/elparduotuve\/#website"},"primaryImageOfPage":{"@id":"https:\/\/anivet.lt\/elparduotuve\/produktas\/platinum-meatcrisp-sausas-maistas-kaciukams-su-zuvimi\/#primaryimage"},"image":{"@id":"https:\/\/anivet.lt\/elparduotuve\/produktas\/platinum-meatcrisp-sausas-maistas-kaciukams-su-zuvimi\/#primaryimage"},"thumbnailUrl":"https:\/\/anivet.lt\/elparduotuve\/wp-content\/uploads\/2024\/10\/Platinum-MeatCrisp-sausas-maistas-kaciukams-su-zuvimi.png","datePublished":"2024-10-20T20:59:44+00:00","dateModified":"2026-05-14T09:06:15+00:00","description":"Auk\u0161tos kokyb\u0117s pa\u0161aras, specialiai sukurtas patenkinti ka\u010diuk\u0173 mitybos poreikius. Naudojant inovatyvi\u0105 d\u017eiovinimo technologij\u0105, i\u0161saugomos visos maistin\u0117s med\u017eiagos, tod\u0117l \u0161is pa\u0161aras yra maistingas, skanus ir lengvai vir\u0161kinamas. \u0160is pa\u0161aras puikiai tinka ka\u010diukams, siekiant u\u017etikrinti sveik\u0105 augim\u0105 ir energij\u0105. Tra\u0161ki tekst\u016bra ir nat\u016bralus skonis tikrai patiks net i\u0161rankiausiems augintiniams.\u00a0","breadcrumb":{"@id":"https:\/\/anivet.lt\/elparduotuve\/produktas\/platinum-meatcrisp-sausas-maistas-kaciukams-su-zuvimi\/#breadcrumb"},"inLanguage":"lt-LT","potentialAction":[{"@type":"ReadAction","target":["https:\/\/anivet.lt\/elparduotuve\/produktas\/platinum-meatcrisp-sausas-maistas-kaciukams-su-zuvimi\/"]}]},{"@type":"ImageObject","inLanguage":"lt-LT","@id":"https:\/\/anivet.lt\/elparduotuve\/produktas\/platinum-meatcrisp-sausas-maistas-kaciukams-su-zuvimi\/#primaryimage","url":"https:\/\/anivet.lt\/elparduotuve\/wp-content\/uploads\/2024\/10\/Platinum-MeatCrisp-sausas-maistas-kaciukams-su-zuvimi.png","contentUrl":"https:\/\/anivet.lt\/elparduotuve\/wp-content\/uploads\/2024\/10\/Platinum-MeatCrisp-sausas-maistas-kaciukams-su-zuvimi.png","width":650,"height":782,"caption":"Platinum MeatCrisp sausas maistas ka\u010diukams su \u017euvimi"},{"@type":"BreadcrumbList","@id":"https:\/\/anivet.lt\/elparduotuve\/produktas\/platinum-meatcrisp-sausas-maistas-kaciukams-su-zuvimi\/#breadcrumb","itemListElement":[{"@type":"ListItem","position":1,"name":"Home","item":"https:\/\/anivet.lt\/elparduotuve\/"},{"@type":"ListItem","position":2,"name":"Produktai","item":"https:\/\/anivet.lt\/elparduotuve\/produktai\/"},{"@type":"ListItem","position":3,"name":"Platinum MeatCrisp sausas maistas ka\u010diukams su \u017euvimi"}]},{"@type":"WebSite","@id":"https:\/\/anivet.lt\/elparduotuve\/#website","url":"https:\/\/anivet.lt\/elparduotuve\/","name":"anivet.lt","description":"Viskas J\u016bs\u0173 \u0161uns, kat\u0117s prie\u017ei\u016brai","publisher":{"@id":"https:\/\/anivet.lt\/elparduotuve\/#organization"},"alternateName":"Viskas J\u016bs\u0173 \u0161uns, kat\u0117s prie\u017ei\u016brai","potentialAction":[{"@type":"SearchAction","target":{"@type":"EntryPoint","urlTemplate":"https:\/\/anivet.lt\/elparduotuve\/?s={search_term_string}"},"query-input":{"@type":"PropertyValueSpecification","valueRequired":true,"valueName":"search_term_string"}}],"inLanguage":"lt-LT"},{"@type":"Organization","@id":"https:\/\/anivet.lt\/elparduotuve\/#organization","name":"Viskas J\u016bs\u0173 \u0161uns, kat\u0117s prie\u017ei\u016brai","url":"https:\/\/anivet.lt\/elparduotuve\/","logo":{"@type":"ImageObject","inLanguage":"lt-LT","@id":"https:\/\/anivet.lt\/elparduotuve\/#\/schema\/logo\/image\/","url":"https:\/\/anivet.lt\/elparduotuve\/wp-content\/uploads\/2023\/06\/logo2.jpg","contentUrl":"https:\/\/anivet.lt\/elparduotuve\/wp-content\/uploads\/2023\/06\/logo2.jpg","width":655,"height":194,"caption":"Viskas J\u016bs\u0173 \u0161uns, kat\u0117s prie\u017ei\u016brai"},"image":{"@id":"https:\/\/anivet.lt\/elparduotuve\/#\/schema\/logo\/image\/"}}]}},"_links":{"self":[{"href":"https:\/\/anivet.lt\/elparduotuve\/wp-json\/wp\/v2\/product\/14795","targetHints":{"allow":["GET"]}}],"collection":[{"href":"https:\/\/anivet.lt\/elparduotuve\/wp-json\/wp\/v2\/product"}],"about":[{"href":"https:\/\/anivet.lt\/elparduotuve\/wp-json\/wp\/v2\/types\/product"}],"wp:featuredmedia":[{"embeddable":true,"href":"https:\/\/anivet.lt\/elparduotuve\/wp-json\/wp\/v2\/media\/14796"}],"wp:attachment":[{"href":"https:\/\/anivet.lt\/elparduotuve\/wp-json\/wp\/v2\/media?parent=14795"}],"wp:term":[{"taxonomy":"product_brand","embeddable":true,"href":"https:\/\/anivet.lt\/elparduotuve\/wp-json\/wp\/v2\/product_brand?post=14795"},{"taxonomy":"product_cat","embeddable":true,"href":"https:\/\/anivet.lt\/elparduotuve\/wp-json\/wp\/v2\/product_cat?post=14795"},{"taxonomy":"product_tag","embeddable":true,"href":"https:\/\/anivet.lt\/elparduotuve\/wp-json\/wp\/v2\/product_tag?post=14795"}],"curies":[{"name":"wp","href":"https:\/\/api.w.org\/{rel}","templated":true}]}}