{"id":14800,"date":"2024-10-20T21:12:57","date_gmt":"2024-10-20T21:12:57","guid":{"rendered":"https:\/\/anivet.lt\/elparduotuve\/?post_type=product&#038;p=14800"},"modified":"2026-05-14T09:06:21","modified_gmt":"2026-05-14T09:06:21","slug":"platinum-meatcrisp-chicken-subalansuotas-visavertis-sausas-maistas-kaciukams-su-vistiena","status":"publish","type":"product","link":"https:\/\/anivet.lt\/elparduotuve\/produktas\/platinum-meatcrisp-chicken-subalansuotas-visavertis-sausas-maistas-kaciukams-su-vistiena\/","title":{"rendered":"Platinum MeatCrisp Chicken subalansuotas visavertis sausas maistas ka\u010diukams su vi\u0161tiena"},"content":{"rendered":"<ul>\n<li style=\"font-weight: 400;\" aria-level=\"1\"><span style=\"font-weight: 400;\">83% \u0161vie\u017eios vi\u0161tienos: Auk\u0161tos kokyb\u0117s baltym\u0173 \u0161altinis, padedantis u\u017etikrinti sveik\u0105 augim\u0105 ir raumen\u0173 vystym\u0105si.<\/span><\/li>\n<li style=\"font-weight: 400;\" aria-level=\"1\"><span style=\"font-weight: 400;\">Be gr\u016bd\u0173 ir glitimo: Idealiai tinka jautriems ka\u010diukams ar tiems, kuriems reikia specialios mitybos.<\/span><\/li>\n<li style=\"font-weight: 400;\" aria-level=\"1\"><span style=\"font-weight: 400;\">Optimalus taurino kiekis: Taurinas b\u016btinas reg\u0117jimo, \u0161irdies ir visos organizmo sveikatai.<\/span><\/li>\n<li style=\"font-weight: 400;\" aria-level=\"1\"><span style=\"font-weight: 400;\">\u201eFreshmeatdryer\u201c technologija: I\u0161saugoma nat\u016brali m\u0117sos maistin\u0117 vert\u0117 ir mikroelementai.<\/span><\/li>\n<li style=\"font-weight: 400;\" aria-level=\"1\"><span style=\"font-weight: 400;\">Be skonio stiprikli\u0173: Nat\u016braliai gardus, atitinkantis ka\u010di\u0173 med\u017eiokl\u0117s instinkt\u0105.<\/span><\/li>\n<\/ul>\n<p><span style=\"font-weight: 400;\">\u201ePlatinum MeatCrisp Chicken\u201c gamybos procesas u\u017etikrina, kad pa\u0161aras b\u016bt\u0173 ne tik maistingas, bet ir labai skanus, net ir be papildom\u0173 dirbtini\u0173 pried\u0173. Tai puikus pasirinkimas j\u016bs\u0173 ka\u010diuko sveikai ir subalansuotai mitybai, suteikiantis reikaling\u0105 energij\u0105 ir palaikantis nat\u016bralius poreikius.<\/span><\/p>\n","protected":false},"excerpt":{"rendered":"<p><span style=\"font-weight: 400;\">Visavertis subalansuotas sausas pa\u0161aras ka\u010diukams, pagamintas i\u0161 83% \u0161vie\u017eios vi\u0161tienos. \u0160i nat\u016bralios sud\u0117ties mityba yra lengvai vir\u0161kinama, be gr\u016bd\u0173, glitimo ar skonio stiprikli\u0173, u\u017etikrinanti puiki\u0105 j\u016bs\u0173 ka\u010diuko sveikat\u0105 ir augim\u0105.<\/span><\/p>\n","protected":false},"featured_media":14801,"template":"","meta":[],"product_brand":[],"product_cat":[114,115,102,444],"product_tag":[],"class_list":{"0":"post-14800","1":"product","2":"type-product","3":"status-publish","4":"has-post-thumbnail","6":"product_cat-kaciu-maistas","7":"product_cat-sausas-maistas-ir-skanestai-katems","8":"product_cat-katems","9":"product_cat-platinum-kaciu-maistas","10":"pa_prekinis-zenklas-platinum","12":"first","13":"instock","14":"taxable","15":"shipping-taxable","16":"purchasable","17":"product-type-variable"},"yoast_head":"<!-- This site is optimized with the Yoast SEO Premium plugin v27.1 (Yoast SEO v27.5) - https:\/\/yoast.com\/product\/yoast-seo-premium-wordpress\/ -->\n<title>Platinum MeatCrisp Chicken subalansuotas visavertis sausas maistas ka\u010diukams su vi\u0161tiena - anivet.lt<\/title>\n<meta name=\"description\" content=\"Visavertis subalansuotas sausas pa\u0161aras ka\u010diukams, pagamintas i\u0161 83% \u0161vie\u017eios vi\u0161tienos. \u0160i nat\u016bralios sud\u0117ties mityba yra lengvai vir\u0161kinama, be gr\u016bd\u0173, glitimo ar skonio stiprikli\u0173, u\u017etikrinanti puiki\u0105 j\u016bs\u0173 ka\u010diuko sveikat\u0105 ir augim\u0105.\" \/>\n<meta name=\"robots\" content=\"index, follow, max-snippet:-1, max-image-preview:large, max-video-preview:-1\" \/>\n<link rel=\"canonical\" href=\"https:\/\/anivet.lt\/elparduotuve\/produktas\/platinum-meatcrisp-chicken-subalansuotas-visavertis-sausas-maistas-kaciukams-su-vistiena\/\" \/>\n<meta property=\"og:locale\" content=\"lt_LT\" \/>\n<meta property=\"og:type\" content=\"article\" \/>\n<meta property=\"og:title\" content=\"Platinum MeatCrisp Chicken subalansuotas visavertis sausas maistas ka\u010diukams su vi\u0161tiena\" \/>\n<meta property=\"og:description\" content=\"Visavertis subalansuotas sausas pa\u0161aras ka\u010diukams, pagamintas i\u0161 83% \u0161vie\u017eios vi\u0161tienos. \u0160i nat\u016bralios sud\u0117ties mityba yra lengvai vir\u0161kinama, be gr\u016bd\u0173, glitimo ar skonio stiprikli\u0173, u\u017etikrinanti puiki\u0105 j\u016bs\u0173 ka\u010diuko sveikat\u0105 ir augim\u0105.\" \/>\n<meta property=\"og:url\" content=\"https:\/\/anivet.lt\/elparduotuve\/produktas\/platinum-meatcrisp-chicken-subalansuotas-visavertis-sausas-maistas-kaciukams-su-vistiena\/\" \/>\n<meta property=\"og:site_name\" content=\"anivet.lt\" \/>\n<meta property=\"article:modified_time\" content=\"2026-05-14T09:06:21+00:00\" \/>\n<meta property=\"og:image\" content=\"https:\/\/anivet.lt\/elparduotuve\/wp-content\/uploads\/2024\/10\/Platinum-MeatCrisp-Chicken-subalansuotas-visavertis-sausas-maistas-kaciukams-su-vistiena.jpg\" \/>\n\t<meta property=\"og:image:width\" content=\"1100\" \/>\n\t<meta property=\"og:image:height\" content=\"1100\" \/>\n\t<meta property=\"og:image:type\" content=\"image\/jpeg\" \/>\n<meta name=\"twitter:card\" content=\"summary_large_image\" \/>\n<meta name=\"twitter:label1\" content=\"Est. reading time\" \/>\n\t<meta name=\"twitter:data1\" content=\"1 minut\u0117\" \/>\n<script type=\"application\/ld+json\" class=\"yoast-schema-graph\">{\"@context\":\"https:\\\/\\\/schema.org\",\"@graph\":[{\"@type\":\"WebPage\",\"@id\":\"https:\\\/\\\/anivet.lt\\\/elparduotuve\\\/produktas\\\/platinum-meatcrisp-chicken-subalansuotas-visavertis-sausas-maistas-kaciukams-su-vistiena\\\/\",\"url\":\"https:\\\/\\\/anivet.lt\\\/elparduotuve\\\/produktas\\\/platinum-meatcrisp-chicken-subalansuotas-visavertis-sausas-maistas-kaciukams-su-vistiena\\\/\",\"name\":\"Platinum MeatCrisp Chicken subalansuotas visavertis sausas maistas ka\u010diukams su vi\u0161tiena - anivet.lt\",\"isPartOf\":{\"@id\":\"https:\\\/\\\/anivet.lt\\\/elparduotuve\\\/#website\"},\"primaryImageOfPage\":{\"@id\":\"https:\\\/\\\/anivet.lt\\\/elparduotuve\\\/produktas\\\/platinum-meatcrisp-chicken-subalansuotas-visavertis-sausas-maistas-kaciukams-su-vistiena\\\/#primaryimage\"},\"image\":{\"@id\":\"https:\\\/\\\/anivet.lt\\\/elparduotuve\\\/produktas\\\/platinum-meatcrisp-chicken-subalansuotas-visavertis-sausas-maistas-kaciukams-su-vistiena\\\/#primaryimage\"},\"thumbnailUrl\":\"https:\\\/\\\/anivet.lt\\\/elparduotuve\\\/wp-content\\\/uploads\\\/2024\\\/10\\\/Platinum-MeatCrisp-Chicken-subalansuotas-visavertis-sausas-maistas-kaciukams-su-vistiena.jpg\",\"datePublished\":\"2024-10-20T21:12:57+00:00\",\"dateModified\":\"2026-05-14T09:06:21+00:00\",\"description\":\"Visavertis subalansuotas sausas pa\u0161aras ka\u010diukams, pagamintas i\u0161 83% \u0161vie\u017eios vi\u0161tienos. \u0160i nat\u016bralios sud\u0117ties mityba yra lengvai vir\u0161kinama, be gr\u016bd\u0173, glitimo ar skonio stiprikli\u0173, u\u017etikrinanti puiki\u0105 j\u016bs\u0173 ka\u010diuko sveikat\u0105 ir augim\u0105.\",\"breadcrumb\":{\"@id\":\"https:\\\/\\\/anivet.lt\\\/elparduotuve\\\/produktas\\\/platinum-meatcrisp-chicken-subalansuotas-visavertis-sausas-maistas-kaciukams-su-vistiena\\\/#breadcrumb\"},\"inLanguage\":\"lt-LT\",\"potentialAction\":[{\"@type\":\"ReadAction\",\"target\":[\"https:\\\/\\\/anivet.lt\\\/elparduotuve\\\/produktas\\\/platinum-meatcrisp-chicken-subalansuotas-visavertis-sausas-maistas-kaciukams-su-vistiena\\\/\"]}]},{\"@type\":\"ImageObject\",\"inLanguage\":\"lt-LT\",\"@id\":\"https:\\\/\\\/anivet.lt\\\/elparduotuve\\\/produktas\\\/platinum-meatcrisp-chicken-subalansuotas-visavertis-sausas-maistas-kaciukams-su-vistiena\\\/#primaryimage\",\"url\":\"https:\\\/\\\/anivet.lt\\\/elparduotuve\\\/wp-content\\\/uploads\\\/2024\\\/10\\\/Platinum-MeatCrisp-Chicken-subalansuotas-visavertis-sausas-maistas-kaciukams-su-vistiena.jpg\",\"contentUrl\":\"https:\\\/\\\/anivet.lt\\\/elparduotuve\\\/wp-content\\\/uploads\\\/2024\\\/10\\\/Platinum-MeatCrisp-Chicken-subalansuotas-visavertis-sausas-maistas-kaciukams-su-vistiena.jpg\",\"width\":1100,\"height\":1100,\"caption\":\"Platinum MeatCrisp Chicken subalansuotas visavertis sausas maistas ka\u010diukams su vi\u0161tiena\"},{\"@type\":\"BreadcrumbList\",\"@id\":\"https:\\\/\\\/anivet.lt\\\/elparduotuve\\\/produktas\\\/platinum-meatcrisp-chicken-subalansuotas-visavertis-sausas-maistas-kaciukams-su-vistiena\\\/#breadcrumb\",\"itemListElement\":[{\"@type\":\"ListItem\",\"position\":1,\"name\":\"Home\",\"item\":\"https:\\\/\\\/anivet.lt\\\/elparduotuve\\\/\"},{\"@type\":\"ListItem\",\"position\":2,\"name\":\"Produktai\",\"item\":\"https:\\\/\\\/anivet.lt\\\/elparduotuve\\\/produktai\\\/\"},{\"@type\":\"ListItem\",\"position\":3,\"name\":\"Platinum MeatCrisp Chicken subalansuotas visavertis sausas maistas ka\u010diukams su vi\u0161tiena\"}]},{\"@type\":\"WebSite\",\"@id\":\"https:\\\/\\\/anivet.lt\\\/elparduotuve\\\/#website\",\"url\":\"https:\\\/\\\/anivet.lt\\\/elparduotuve\\\/\",\"name\":\"anivet.lt\",\"description\":\"Viskas J\u016bs\u0173 \u0161uns, kat\u0117s prie\u017ei\u016brai\",\"publisher\":{\"@id\":\"https:\\\/\\\/anivet.lt\\\/elparduotuve\\\/#organization\"},\"alternateName\":\"Viskas J\u016bs\u0173 \u0161uns, kat\u0117s prie\u017ei\u016brai\",\"potentialAction\":[{\"@type\":\"SearchAction\",\"target\":{\"@type\":\"EntryPoint\",\"urlTemplate\":\"https:\\\/\\\/anivet.lt\\\/elparduotuve\\\/?s={search_term_string}\"},\"query-input\":{\"@type\":\"PropertyValueSpecification\",\"valueRequired\":true,\"valueName\":\"search_term_string\"}}],\"inLanguage\":\"lt-LT\"},{\"@type\":\"Organization\",\"@id\":\"https:\\\/\\\/anivet.lt\\\/elparduotuve\\\/#organization\",\"name\":\"Viskas J\u016bs\u0173 \u0161uns, kat\u0117s prie\u017ei\u016brai\",\"url\":\"https:\\\/\\\/anivet.lt\\\/elparduotuve\\\/\",\"logo\":{\"@type\":\"ImageObject\",\"inLanguage\":\"lt-LT\",\"@id\":\"https:\\\/\\\/anivet.lt\\\/elparduotuve\\\/#\\\/schema\\\/logo\\\/image\\\/\",\"url\":\"https:\\\/\\\/anivet.lt\\\/elparduotuve\\\/wp-content\\\/uploads\\\/2023\\\/06\\\/logo2.jpg\",\"contentUrl\":\"https:\\\/\\\/anivet.lt\\\/elparduotuve\\\/wp-content\\\/uploads\\\/2023\\\/06\\\/logo2.jpg\",\"width\":655,\"height\":194,\"caption\":\"Viskas J\u016bs\u0173 \u0161uns, kat\u0117s prie\u017ei\u016brai\"},\"image\":{\"@id\":\"https:\\\/\\\/anivet.lt\\\/elparduotuve\\\/#\\\/schema\\\/logo\\\/image\\\/\"}}]}<\/script>\n<!-- \/ Yoast SEO Premium plugin. -->","yoast_head_json":{"title":"Platinum MeatCrisp Chicken subalansuotas visavertis sausas maistas ka\u010diukams su vi\u0161tiena - anivet.lt","description":"Visavertis subalansuotas sausas pa\u0161aras ka\u010diukams, pagamintas i\u0161 83% \u0161vie\u017eios vi\u0161tienos. \u0160i nat\u016bralios sud\u0117ties mityba yra lengvai vir\u0161kinama, be gr\u016bd\u0173, glitimo ar skonio stiprikli\u0173, u\u017etikrinanti puiki\u0105 j\u016bs\u0173 ka\u010diuko sveikat\u0105 ir augim\u0105.","robots":{"index":"index","follow":"follow","max-snippet":"max-snippet:-1","max-image-preview":"max-image-preview:large","max-video-preview":"max-video-preview:-1"},"canonical":"https:\/\/anivet.lt\/elparduotuve\/produktas\/platinum-meatcrisp-chicken-subalansuotas-visavertis-sausas-maistas-kaciukams-su-vistiena\/","og_locale":"lt_LT","og_type":"article","og_title":"Platinum MeatCrisp Chicken subalansuotas visavertis sausas maistas ka\u010diukams su vi\u0161tiena","og_description":"Visavertis subalansuotas sausas pa\u0161aras ka\u010diukams, pagamintas i\u0161 83% \u0161vie\u017eios vi\u0161tienos. \u0160i nat\u016bralios sud\u0117ties mityba yra lengvai vir\u0161kinama, be gr\u016bd\u0173, glitimo ar skonio stiprikli\u0173, u\u017etikrinanti puiki\u0105 j\u016bs\u0173 ka\u010diuko sveikat\u0105 ir augim\u0105.","og_url":"https:\/\/anivet.lt\/elparduotuve\/produktas\/platinum-meatcrisp-chicken-subalansuotas-visavertis-sausas-maistas-kaciukams-su-vistiena\/","og_site_name":"anivet.lt","article_modified_time":"2026-05-14T09:06:21+00:00","og_image":[{"width":1100,"height":1100,"url":"https:\/\/anivet.lt\/elparduotuve\/wp-content\/uploads\/2024\/10\/Platinum-MeatCrisp-Chicken-subalansuotas-visavertis-sausas-maistas-kaciukams-su-vistiena.jpg","type":"image\/jpeg"}],"twitter_card":"summary_large_image","twitter_misc":{"Est. reading time":"1 minut\u0117"},"schema":{"@context":"https:\/\/schema.org","@graph":[{"@type":"WebPage","@id":"https:\/\/anivet.lt\/elparduotuve\/produktas\/platinum-meatcrisp-chicken-subalansuotas-visavertis-sausas-maistas-kaciukams-su-vistiena\/","url":"https:\/\/anivet.lt\/elparduotuve\/produktas\/platinum-meatcrisp-chicken-subalansuotas-visavertis-sausas-maistas-kaciukams-su-vistiena\/","name":"Platinum MeatCrisp Chicken subalansuotas visavertis sausas maistas ka\u010diukams su vi\u0161tiena - anivet.lt","isPartOf":{"@id":"https:\/\/anivet.lt\/elparduotuve\/#website"},"primaryImageOfPage":{"@id":"https:\/\/anivet.lt\/elparduotuve\/produktas\/platinum-meatcrisp-chicken-subalansuotas-visavertis-sausas-maistas-kaciukams-su-vistiena\/#primaryimage"},"image":{"@id":"https:\/\/anivet.lt\/elparduotuve\/produktas\/platinum-meatcrisp-chicken-subalansuotas-visavertis-sausas-maistas-kaciukams-su-vistiena\/#primaryimage"},"thumbnailUrl":"https:\/\/anivet.lt\/elparduotuve\/wp-content\/uploads\/2024\/10\/Platinum-MeatCrisp-Chicken-subalansuotas-visavertis-sausas-maistas-kaciukams-su-vistiena.jpg","datePublished":"2024-10-20T21:12:57+00:00","dateModified":"2026-05-14T09:06:21+00:00","description":"Visavertis subalansuotas sausas pa\u0161aras ka\u010diukams, pagamintas i\u0161 83% \u0161vie\u017eios vi\u0161tienos. \u0160i nat\u016bralios sud\u0117ties mityba yra lengvai vir\u0161kinama, be gr\u016bd\u0173, glitimo ar skonio stiprikli\u0173, u\u017etikrinanti puiki\u0105 j\u016bs\u0173 ka\u010diuko sveikat\u0105 ir augim\u0105.","breadcrumb":{"@id":"https:\/\/anivet.lt\/elparduotuve\/produktas\/platinum-meatcrisp-chicken-subalansuotas-visavertis-sausas-maistas-kaciukams-su-vistiena\/#breadcrumb"},"inLanguage":"lt-LT","potentialAction":[{"@type":"ReadAction","target":["https:\/\/anivet.lt\/elparduotuve\/produktas\/platinum-meatcrisp-chicken-subalansuotas-visavertis-sausas-maistas-kaciukams-su-vistiena\/"]}]},{"@type":"ImageObject","inLanguage":"lt-LT","@id":"https:\/\/anivet.lt\/elparduotuve\/produktas\/platinum-meatcrisp-chicken-subalansuotas-visavertis-sausas-maistas-kaciukams-su-vistiena\/#primaryimage","url":"https:\/\/anivet.lt\/elparduotuve\/wp-content\/uploads\/2024\/10\/Platinum-MeatCrisp-Chicken-subalansuotas-visavertis-sausas-maistas-kaciukams-su-vistiena.jpg","contentUrl":"https:\/\/anivet.lt\/elparduotuve\/wp-content\/uploads\/2024\/10\/Platinum-MeatCrisp-Chicken-subalansuotas-visavertis-sausas-maistas-kaciukams-su-vistiena.jpg","width":1100,"height":1100,"caption":"Platinum MeatCrisp Chicken subalansuotas visavertis sausas maistas ka\u010diukams su vi\u0161tiena"},{"@type":"BreadcrumbList","@id":"https:\/\/anivet.lt\/elparduotuve\/produktas\/platinum-meatcrisp-chicken-subalansuotas-visavertis-sausas-maistas-kaciukams-su-vistiena\/#breadcrumb","itemListElement":[{"@type":"ListItem","position":1,"name":"Home","item":"https:\/\/anivet.lt\/elparduotuve\/"},{"@type":"ListItem","position":2,"name":"Produktai","item":"https:\/\/anivet.lt\/elparduotuve\/produktai\/"},{"@type":"ListItem","position":3,"name":"Platinum MeatCrisp Chicken subalansuotas visavertis sausas maistas ka\u010diukams su vi\u0161tiena"}]},{"@type":"WebSite","@id":"https:\/\/anivet.lt\/elparduotuve\/#website","url":"https:\/\/anivet.lt\/elparduotuve\/","name":"anivet.lt","description":"Viskas J\u016bs\u0173 \u0161uns, kat\u0117s prie\u017ei\u016brai","publisher":{"@id":"https:\/\/anivet.lt\/elparduotuve\/#organization"},"alternateName":"Viskas J\u016bs\u0173 \u0161uns, kat\u0117s prie\u017ei\u016brai","potentialAction":[{"@type":"SearchAction","target":{"@type":"EntryPoint","urlTemplate":"https:\/\/anivet.lt\/elparduotuve\/?s={search_term_string}"},"query-input":{"@type":"PropertyValueSpecification","valueRequired":true,"valueName":"search_term_string"}}],"inLanguage":"lt-LT"},{"@type":"Organization","@id":"https:\/\/anivet.lt\/elparduotuve\/#organization","name":"Viskas J\u016bs\u0173 \u0161uns, kat\u0117s prie\u017ei\u016brai","url":"https:\/\/anivet.lt\/elparduotuve\/","logo":{"@type":"ImageObject","inLanguage":"lt-LT","@id":"https:\/\/anivet.lt\/elparduotuve\/#\/schema\/logo\/image\/","url":"https:\/\/anivet.lt\/elparduotuve\/wp-content\/uploads\/2023\/06\/logo2.jpg","contentUrl":"https:\/\/anivet.lt\/elparduotuve\/wp-content\/uploads\/2023\/06\/logo2.jpg","width":655,"height":194,"caption":"Viskas J\u016bs\u0173 \u0161uns, kat\u0117s prie\u017ei\u016brai"},"image":{"@id":"https:\/\/anivet.lt\/elparduotuve\/#\/schema\/logo\/image\/"}}]}},"_links":{"self":[{"href":"https:\/\/anivet.lt\/elparduotuve\/wp-json\/wp\/v2\/product\/14800","targetHints":{"allow":["GET"]}}],"collection":[{"href":"https:\/\/anivet.lt\/elparduotuve\/wp-json\/wp\/v2\/product"}],"about":[{"href":"https:\/\/anivet.lt\/elparduotuve\/wp-json\/wp\/v2\/types\/product"}],"wp:featuredmedia":[{"embeddable":true,"href":"https:\/\/anivet.lt\/elparduotuve\/wp-json\/wp\/v2\/media\/14801"}],"wp:attachment":[{"href":"https:\/\/anivet.lt\/elparduotuve\/wp-json\/wp\/v2\/media?parent=14800"}],"wp:term":[{"taxonomy":"product_brand","embeddable":true,"href":"https:\/\/anivet.lt\/elparduotuve\/wp-json\/wp\/v2\/product_brand?post=14800"},{"taxonomy":"product_cat","embeddable":true,"href":"https:\/\/anivet.lt\/elparduotuve\/wp-json\/wp\/v2\/product_cat?post=14800"},{"taxonomy":"product_tag","embeddable":true,"href":"https:\/\/anivet.lt\/elparduotuve\/wp-json\/wp\/v2\/product_tag?post=14800"}],"curies":[{"name":"wp","href":"https:\/\/api.w.org\/{rel}","templated":true}]}}