{"id":14805,"date":"2024-10-20T21:25:17","date_gmt":"2024-10-20T21:25:17","guid":{"rendered":"https:\/\/anivet.lt\/elparduotuve\/?post_type=product&#038;p=14805"},"modified":"2026-05-14T09:06:28","modified_gmt":"2026-05-14T09:06:28","slug":"platinum-meatcrisp-sausas-pasaras-sterilizuotoms-katems-su-zuvimi","status":"publish","type":"product","link":"https:\/\/anivet.lt\/elparduotuve\/produktas\/platinum-meatcrisp-sausas-pasaras-sterilizuotoms-katems-su-zuvimi\/","title":{"rendered":"Platinum MeatCrisp sausas maistas sterilizuotoms kat\u0117ms su \u017euvimi"},"content":{"rendered":"<ul>\n<li style=\"font-weight: 400;\" aria-level=\"1\"><span style=\"font-weight: 400;\">Nat\u016brali sud\u0117tis: Pagamintas i\u0161 \u0161vie\u017eios \u017euvies, be prid\u0117tini\u0173 m\u0117sos milt\u0173 ar gyv\u016bnin\u0117s kilm\u0117s produkt\u0173.<\/span><\/li>\n<li style=\"font-weight: 400;\" aria-level=\"1\"><span style=\"font-weight: 400;\">Be gr\u016bd\u0173 ir glitimo: Tinka kat\u0117ms, turin\u010dioms jautrum\u0105 gr\u016bdams ar glitimui.<\/span><\/li>\n<li style=\"font-weight: 400;\" aria-level=\"1\"><span style=\"font-weight: 400;\">Optimalus taurino kiekis: Palaiko aki\u0173 ir \u0161irdies sveikat\u0105, itin svarbus sterilizuotoms kat\u0117ms.<\/span><\/li>\n<li style=\"font-weight: 400;\" aria-level=\"1\"><span style=\"font-weight: 400;\">I\u0161saugoti maistingi elementai: D\u017eiovinant \u017eemoje temperat\u016broje, i\u0161saugomi nat\u016bral\u016bs vitaminai ir aminor\u016bg\u0161tys.<\/span><\/li>\n<li style=\"font-weight: 400;\" aria-level=\"1\"><span style=\"font-weight: 400;\">Tra\u0161kus ir nat\u016bralus skonis: Speciali d\u017eiovinimo technologija suteikia puik\u0173 skon\u012f be dirbtini\u0173 pried\u0173.<\/span><\/li>\n<\/ul>\n<p><span style=\"font-weight: 400;\">\u201ePlatinum MeatCrisp\u201c yra sukurtas remiantis naujovi\u0161komis gamybos technologijomis, kurios u\u017etikrina, kad j\u016bs\u0173 kat\u0117 gaus tik auk\u0161\u010diausios kokyb\u0117s maisting\u0105 pa\u0161ar\u0105. Be dirbtini\u0173 pried\u0173, skonis ir sud\u0117tis pritaikyti sterilizuot\u0173 ka\u010di\u0173 poreikiams, padedant palaikyti optimali\u0105 sveikat\u0105 ir gyvybingum\u0105.<\/span><\/p>\n","protected":false},"excerpt":{"rendered":"<p><span style=\"font-weight: 400;\">Visavertis ir lengvai vir\u0161kinamas sausas pa\u0161aras sterilizuotoms kat\u0117ms. Pagamintas i\u0161 82% \u0161vie\u017eios \u017euvies (la\u0161isos ir menk\u0117s) ir papildytas kruop\u0161\u010diai atrinktais ingredientais, \u0161is pa\u0161aras u\u017etikrina optimal\u0173 maistini\u0173 med\u017eiag\u0173 kiek\u012f j\u016bs\u0173 kat\u0117s sveikatai.<\/span><\/p>\n","protected":false},"featured_media":14806,"template":"","meta":[],"product_brand":[],"product_cat":[114,115,102,444],"product_tag":[],"class_list":{"0":"post-14805","1":"product","2":"type-product","3":"status-publish","4":"has-post-thumbnail","6":"product_cat-kaciu-maistas","7":"product_cat-sausas-maistas-ir-skanestai-katems","8":"product_cat-katems","9":"product_cat-platinum-kaciu-maistas","10":"pa_prekinis-zenklas-platinum","12":"first","13":"instock","14":"taxable","15":"shipping-taxable","16":"purchasable","17":"product-type-variable"},"yoast_head":"<!-- This site is optimized with the Yoast SEO Premium plugin v27.1 (Yoast SEO v27.5) - https:\/\/yoast.com\/product\/yoast-seo-premium-wordpress\/ -->\n<title>Platinum MeatCrisp sausas maistas sterilizuotoms kat\u0117ms su \u017euvimi - anivet.lt<\/title>\n<meta name=\"description\" content=\"Visavertis ir lengvai vir\u0161kinamas sausas pa\u0161aras sterilizuotoms kat\u0117ms. Pagamintas i\u0161 82% \u0161vie\u017eios \u017euvies (la\u0161isos ir menk\u0117s) ir papildytas kruop\u0161\u010diai atrinktais ingredientais, \u0161is pa\u0161aras u\u017etikrina optimal\u0173 maistini\u0173 med\u017eiag\u0173 kiek\u012f j\u016bs\u0173 kat\u0117s sveikatai.\" \/>\n<meta name=\"robots\" content=\"index, follow, max-snippet:-1, max-image-preview:large, max-video-preview:-1\" \/>\n<link rel=\"canonical\" href=\"https:\/\/anivet.lt\/elparduotuve\/produktas\/platinum-meatcrisp-sausas-pasaras-sterilizuotoms-katems-su-zuvimi\/\" \/>\n<meta property=\"og:locale\" content=\"lt_LT\" \/>\n<meta property=\"og:type\" content=\"article\" \/>\n<meta property=\"og:title\" content=\"Platinum MeatCrisp sausas maistas sterilizuotoms kat\u0117ms su \u017euvimi\" \/>\n<meta property=\"og:description\" content=\"Visavertis ir lengvai vir\u0161kinamas sausas pa\u0161aras sterilizuotoms kat\u0117ms. Pagamintas i\u0161 82% \u0161vie\u017eios \u017euvies (la\u0161isos ir menk\u0117s) ir papildytas kruop\u0161\u010diai atrinktais ingredientais, \u0161is pa\u0161aras u\u017etikrina optimal\u0173 maistini\u0173 med\u017eiag\u0173 kiek\u012f j\u016bs\u0173 kat\u0117s sveikatai.\" \/>\n<meta property=\"og:url\" content=\"https:\/\/anivet.lt\/elparduotuve\/produktas\/platinum-meatcrisp-sausas-pasaras-sterilizuotoms-katems-su-zuvimi\/\" \/>\n<meta property=\"og:site_name\" content=\"anivet.lt\" \/>\n<meta property=\"article:modified_time\" content=\"2026-05-14T09:06:28+00:00\" \/>\n<meta property=\"og:image\" content=\"https:\/\/anivet.lt\/elparduotuve\/wp-content\/uploads\/2024\/10\/Platinum-MeatCrisp-sausas-pasaras-sterilizuotoms-katems-su-zuvimi.png\" \/>\n\t<meta property=\"og:image:width\" content=\"650\" \/>\n\t<meta property=\"og:image:height\" content=\"782\" \/>\n\t<meta property=\"og:image:type\" content=\"image\/png\" \/>\n<meta name=\"twitter:card\" content=\"summary_large_image\" \/>\n<meta name=\"twitter:label1\" content=\"Est. reading time\" \/>\n\t<meta name=\"twitter:data1\" content=\"1 minut\u0117\" \/>\n<script type=\"application\/ld+json\" class=\"yoast-schema-graph\">{\"@context\":\"https:\\\/\\\/schema.org\",\"@graph\":[{\"@type\":\"WebPage\",\"@id\":\"https:\\\/\\\/anivet.lt\\\/elparduotuve\\\/produktas\\\/platinum-meatcrisp-sausas-pasaras-sterilizuotoms-katems-su-zuvimi\\\/\",\"url\":\"https:\\\/\\\/anivet.lt\\\/elparduotuve\\\/produktas\\\/platinum-meatcrisp-sausas-pasaras-sterilizuotoms-katems-su-zuvimi\\\/\",\"name\":\"Platinum MeatCrisp sausas maistas sterilizuotoms kat\u0117ms su \u017euvimi - anivet.lt\",\"isPartOf\":{\"@id\":\"https:\\\/\\\/anivet.lt\\\/elparduotuve\\\/#website\"},\"primaryImageOfPage\":{\"@id\":\"https:\\\/\\\/anivet.lt\\\/elparduotuve\\\/produktas\\\/platinum-meatcrisp-sausas-pasaras-sterilizuotoms-katems-su-zuvimi\\\/#primaryimage\"},\"image\":{\"@id\":\"https:\\\/\\\/anivet.lt\\\/elparduotuve\\\/produktas\\\/platinum-meatcrisp-sausas-pasaras-sterilizuotoms-katems-su-zuvimi\\\/#primaryimage\"},\"thumbnailUrl\":\"https:\\\/\\\/anivet.lt\\\/elparduotuve\\\/wp-content\\\/uploads\\\/2024\\\/10\\\/Platinum-MeatCrisp-sausas-pasaras-sterilizuotoms-katems-su-zuvimi.png\",\"datePublished\":\"2024-10-20T21:25:17+00:00\",\"dateModified\":\"2026-05-14T09:06:28+00:00\",\"description\":\"Visavertis ir lengvai vir\u0161kinamas sausas pa\u0161aras sterilizuotoms kat\u0117ms. Pagamintas i\u0161 82% \u0161vie\u017eios \u017euvies (la\u0161isos ir menk\u0117s) ir papildytas kruop\u0161\u010diai atrinktais ingredientais, \u0161is pa\u0161aras u\u017etikrina optimal\u0173 maistini\u0173 med\u017eiag\u0173 kiek\u012f j\u016bs\u0173 kat\u0117s sveikatai.\",\"breadcrumb\":{\"@id\":\"https:\\\/\\\/anivet.lt\\\/elparduotuve\\\/produktas\\\/platinum-meatcrisp-sausas-pasaras-sterilizuotoms-katems-su-zuvimi\\\/#breadcrumb\"},\"inLanguage\":\"lt-LT\",\"potentialAction\":[{\"@type\":\"ReadAction\",\"target\":[\"https:\\\/\\\/anivet.lt\\\/elparduotuve\\\/produktas\\\/platinum-meatcrisp-sausas-pasaras-sterilizuotoms-katems-su-zuvimi\\\/\"]}]},{\"@type\":\"ImageObject\",\"inLanguage\":\"lt-LT\",\"@id\":\"https:\\\/\\\/anivet.lt\\\/elparduotuve\\\/produktas\\\/platinum-meatcrisp-sausas-pasaras-sterilizuotoms-katems-su-zuvimi\\\/#primaryimage\",\"url\":\"https:\\\/\\\/anivet.lt\\\/elparduotuve\\\/wp-content\\\/uploads\\\/2024\\\/10\\\/Platinum-MeatCrisp-sausas-pasaras-sterilizuotoms-katems-su-zuvimi.png\",\"contentUrl\":\"https:\\\/\\\/anivet.lt\\\/elparduotuve\\\/wp-content\\\/uploads\\\/2024\\\/10\\\/Platinum-MeatCrisp-sausas-pasaras-sterilizuotoms-katems-su-zuvimi.png\",\"width\":650,\"height\":782,\"caption\":\"Platinum MeatCrisp sausas maistas sterilizuotoms kat\u0117ms su \u017euvimi\"},{\"@type\":\"BreadcrumbList\",\"@id\":\"https:\\\/\\\/anivet.lt\\\/elparduotuve\\\/produktas\\\/platinum-meatcrisp-sausas-pasaras-sterilizuotoms-katems-su-zuvimi\\\/#breadcrumb\",\"itemListElement\":[{\"@type\":\"ListItem\",\"position\":1,\"name\":\"Home\",\"item\":\"https:\\\/\\\/anivet.lt\\\/elparduotuve\\\/\"},{\"@type\":\"ListItem\",\"position\":2,\"name\":\"Produktai\",\"item\":\"https:\\\/\\\/anivet.lt\\\/elparduotuve\\\/produktai\\\/\"},{\"@type\":\"ListItem\",\"position\":3,\"name\":\"Platinum MeatCrisp sausas maistas sterilizuotoms kat\u0117ms su \u017euvimi\"}]},{\"@type\":\"WebSite\",\"@id\":\"https:\\\/\\\/anivet.lt\\\/elparduotuve\\\/#website\",\"url\":\"https:\\\/\\\/anivet.lt\\\/elparduotuve\\\/\",\"name\":\"anivet.lt\",\"description\":\"Viskas J\u016bs\u0173 \u0161uns, kat\u0117s prie\u017ei\u016brai\",\"publisher\":{\"@id\":\"https:\\\/\\\/anivet.lt\\\/elparduotuve\\\/#organization\"},\"alternateName\":\"Viskas J\u016bs\u0173 \u0161uns, kat\u0117s prie\u017ei\u016brai\",\"potentialAction\":[{\"@type\":\"SearchAction\",\"target\":{\"@type\":\"EntryPoint\",\"urlTemplate\":\"https:\\\/\\\/anivet.lt\\\/elparduotuve\\\/?s={search_term_string}\"},\"query-input\":{\"@type\":\"PropertyValueSpecification\",\"valueRequired\":true,\"valueName\":\"search_term_string\"}}],\"inLanguage\":\"lt-LT\"},{\"@type\":\"Organization\",\"@id\":\"https:\\\/\\\/anivet.lt\\\/elparduotuve\\\/#organization\",\"name\":\"Viskas J\u016bs\u0173 \u0161uns, kat\u0117s prie\u017ei\u016brai\",\"url\":\"https:\\\/\\\/anivet.lt\\\/elparduotuve\\\/\",\"logo\":{\"@type\":\"ImageObject\",\"inLanguage\":\"lt-LT\",\"@id\":\"https:\\\/\\\/anivet.lt\\\/elparduotuve\\\/#\\\/schema\\\/logo\\\/image\\\/\",\"url\":\"https:\\\/\\\/anivet.lt\\\/elparduotuve\\\/wp-content\\\/uploads\\\/2023\\\/06\\\/logo2.jpg\",\"contentUrl\":\"https:\\\/\\\/anivet.lt\\\/elparduotuve\\\/wp-content\\\/uploads\\\/2023\\\/06\\\/logo2.jpg\",\"width\":655,\"height\":194,\"caption\":\"Viskas J\u016bs\u0173 \u0161uns, kat\u0117s prie\u017ei\u016brai\"},\"image\":{\"@id\":\"https:\\\/\\\/anivet.lt\\\/elparduotuve\\\/#\\\/schema\\\/logo\\\/image\\\/\"}}]}<\/script>\n<!-- \/ Yoast SEO Premium plugin. -->","yoast_head_json":{"title":"Platinum MeatCrisp sausas maistas sterilizuotoms kat\u0117ms su \u017euvimi - anivet.lt","description":"Visavertis ir lengvai vir\u0161kinamas sausas pa\u0161aras sterilizuotoms kat\u0117ms. Pagamintas i\u0161 82% \u0161vie\u017eios \u017euvies (la\u0161isos ir menk\u0117s) ir papildytas kruop\u0161\u010diai atrinktais ingredientais, \u0161is pa\u0161aras u\u017etikrina optimal\u0173 maistini\u0173 med\u017eiag\u0173 kiek\u012f j\u016bs\u0173 kat\u0117s sveikatai.","robots":{"index":"index","follow":"follow","max-snippet":"max-snippet:-1","max-image-preview":"max-image-preview:large","max-video-preview":"max-video-preview:-1"},"canonical":"https:\/\/anivet.lt\/elparduotuve\/produktas\/platinum-meatcrisp-sausas-pasaras-sterilizuotoms-katems-su-zuvimi\/","og_locale":"lt_LT","og_type":"article","og_title":"Platinum MeatCrisp sausas maistas sterilizuotoms kat\u0117ms su \u017euvimi","og_description":"Visavertis ir lengvai vir\u0161kinamas sausas pa\u0161aras sterilizuotoms kat\u0117ms. Pagamintas i\u0161 82% \u0161vie\u017eios \u017euvies (la\u0161isos ir menk\u0117s) ir papildytas kruop\u0161\u010diai atrinktais ingredientais, \u0161is pa\u0161aras u\u017etikrina optimal\u0173 maistini\u0173 med\u017eiag\u0173 kiek\u012f j\u016bs\u0173 kat\u0117s sveikatai.","og_url":"https:\/\/anivet.lt\/elparduotuve\/produktas\/platinum-meatcrisp-sausas-pasaras-sterilizuotoms-katems-su-zuvimi\/","og_site_name":"anivet.lt","article_modified_time":"2026-05-14T09:06:28+00:00","og_image":[{"width":650,"height":782,"url":"https:\/\/anivet.lt\/elparduotuve\/wp-content\/uploads\/2024\/10\/Platinum-MeatCrisp-sausas-pasaras-sterilizuotoms-katems-su-zuvimi.png","type":"image\/png"}],"twitter_card":"summary_large_image","twitter_misc":{"Est. reading time":"1 minut\u0117"},"schema":{"@context":"https:\/\/schema.org","@graph":[{"@type":"WebPage","@id":"https:\/\/anivet.lt\/elparduotuve\/produktas\/platinum-meatcrisp-sausas-pasaras-sterilizuotoms-katems-su-zuvimi\/","url":"https:\/\/anivet.lt\/elparduotuve\/produktas\/platinum-meatcrisp-sausas-pasaras-sterilizuotoms-katems-su-zuvimi\/","name":"Platinum MeatCrisp sausas maistas sterilizuotoms kat\u0117ms su \u017euvimi - anivet.lt","isPartOf":{"@id":"https:\/\/anivet.lt\/elparduotuve\/#website"},"primaryImageOfPage":{"@id":"https:\/\/anivet.lt\/elparduotuve\/produktas\/platinum-meatcrisp-sausas-pasaras-sterilizuotoms-katems-su-zuvimi\/#primaryimage"},"image":{"@id":"https:\/\/anivet.lt\/elparduotuve\/produktas\/platinum-meatcrisp-sausas-pasaras-sterilizuotoms-katems-su-zuvimi\/#primaryimage"},"thumbnailUrl":"https:\/\/anivet.lt\/elparduotuve\/wp-content\/uploads\/2024\/10\/Platinum-MeatCrisp-sausas-pasaras-sterilizuotoms-katems-su-zuvimi.png","datePublished":"2024-10-20T21:25:17+00:00","dateModified":"2026-05-14T09:06:28+00:00","description":"Visavertis ir lengvai vir\u0161kinamas sausas pa\u0161aras sterilizuotoms kat\u0117ms. Pagamintas i\u0161 82% \u0161vie\u017eios \u017euvies (la\u0161isos ir menk\u0117s) ir papildytas kruop\u0161\u010diai atrinktais ingredientais, \u0161is pa\u0161aras u\u017etikrina optimal\u0173 maistini\u0173 med\u017eiag\u0173 kiek\u012f j\u016bs\u0173 kat\u0117s sveikatai.","breadcrumb":{"@id":"https:\/\/anivet.lt\/elparduotuve\/produktas\/platinum-meatcrisp-sausas-pasaras-sterilizuotoms-katems-su-zuvimi\/#breadcrumb"},"inLanguage":"lt-LT","potentialAction":[{"@type":"ReadAction","target":["https:\/\/anivet.lt\/elparduotuve\/produktas\/platinum-meatcrisp-sausas-pasaras-sterilizuotoms-katems-su-zuvimi\/"]}]},{"@type":"ImageObject","inLanguage":"lt-LT","@id":"https:\/\/anivet.lt\/elparduotuve\/produktas\/platinum-meatcrisp-sausas-pasaras-sterilizuotoms-katems-su-zuvimi\/#primaryimage","url":"https:\/\/anivet.lt\/elparduotuve\/wp-content\/uploads\/2024\/10\/Platinum-MeatCrisp-sausas-pasaras-sterilizuotoms-katems-su-zuvimi.png","contentUrl":"https:\/\/anivet.lt\/elparduotuve\/wp-content\/uploads\/2024\/10\/Platinum-MeatCrisp-sausas-pasaras-sterilizuotoms-katems-su-zuvimi.png","width":650,"height":782,"caption":"Platinum MeatCrisp sausas maistas sterilizuotoms kat\u0117ms su \u017euvimi"},{"@type":"BreadcrumbList","@id":"https:\/\/anivet.lt\/elparduotuve\/produktas\/platinum-meatcrisp-sausas-pasaras-sterilizuotoms-katems-su-zuvimi\/#breadcrumb","itemListElement":[{"@type":"ListItem","position":1,"name":"Home","item":"https:\/\/anivet.lt\/elparduotuve\/"},{"@type":"ListItem","position":2,"name":"Produktai","item":"https:\/\/anivet.lt\/elparduotuve\/produktai\/"},{"@type":"ListItem","position":3,"name":"Platinum MeatCrisp sausas maistas sterilizuotoms kat\u0117ms su \u017euvimi"}]},{"@type":"WebSite","@id":"https:\/\/anivet.lt\/elparduotuve\/#website","url":"https:\/\/anivet.lt\/elparduotuve\/","name":"anivet.lt","description":"Viskas J\u016bs\u0173 \u0161uns, kat\u0117s prie\u017ei\u016brai","publisher":{"@id":"https:\/\/anivet.lt\/elparduotuve\/#organization"},"alternateName":"Viskas J\u016bs\u0173 \u0161uns, kat\u0117s prie\u017ei\u016brai","potentialAction":[{"@type":"SearchAction","target":{"@type":"EntryPoint","urlTemplate":"https:\/\/anivet.lt\/elparduotuve\/?s={search_term_string}"},"query-input":{"@type":"PropertyValueSpecification","valueRequired":true,"valueName":"search_term_string"}}],"inLanguage":"lt-LT"},{"@type":"Organization","@id":"https:\/\/anivet.lt\/elparduotuve\/#organization","name":"Viskas J\u016bs\u0173 \u0161uns, kat\u0117s prie\u017ei\u016brai","url":"https:\/\/anivet.lt\/elparduotuve\/","logo":{"@type":"ImageObject","inLanguage":"lt-LT","@id":"https:\/\/anivet.lt\/elparduotuve\/#\/schema\/logo\/image\/","url":"https:\/\/anivet.lt\/elparduotuve\/wp-content\/uploads\/2023\/06\/logo2.jpg","contentUrl":"https:\/\/anivet.lt\/elparduotuve\/wp-content\/uploads\/2023\/06\/logo2.jpg","width":655,"height":194,"caption":"Viskas J\u016bs\u0173 \u0161uns, kat\u0117s prie\u017ei\u016brai"},"image":{"@id":"https:\/\/anivet.lt\/elparduotuve\/#\/schema\/logo\/image\/"}}]}},"_links":{"self":[{"href":"https:\/\/anivet.lt\/elparduotuve\/wp-json\/wp\/v2\/product\/14805","targetHints":{"allow":["GET"]}}],"collection":[{"href":"https:\/\/anivet.lt\/elparduotuve\/wp-json\/wp\/v2\/product"}],"about":[{"href":"https:\/\/anivet.lt\/elparduotuve\/wp-json\/wp\/v2\/types\/product"}],"wp:featuredmedia":[{"embeddable":true,"href":"https:\/\/anivet.lt\/elparduotuve\/wp-json\/wp\/v2\/media\/14806"}],"wp:attachment":[{"href":"https:\/\/anivet.lt\/elparduotuve\/wp-json\/wp\/v2\/media?parent=14805"}],"wp:term":[{"taxonomy":"product_brand","embeddable":true,"href":"https:\/\/anivet.lt\/elparduotuve\/wp-json\/wp\/v2\/product_brand?post=14805"},{"taxonomy":"product_cat","embeddable":true,"href":"https:\/\/anivet.lt\/elparduotuve\/wp-json\/wp\/v2\/product_cat?post=14805"},{"taxonomy":"product_tag","embeddable":true,"href":"https:\/\/anivet.lt\/elparduotuve\/wp-json\/wp\/v2\/product_tag?post=14805"}],"curies":[{"name":"wp","href":"https:\/\/api.w.org\/{rel}","templated":true}]}}